{"id":11669,"date":"2025-01-23T10:39:56","date_gmt":"2025-01-23T10:39:56","guid":{"rendered":"https:\/\/ayaneo.co\/product\/ayaneo-pocket-micro-displayschutzfolie\/"},"modified":"2025-12-04T11:30:41","modified_gmt":"2025-12-04T11:30:41","slug":"ayaneo-pocket-micro-displayschutzfolie","status":"publish","type":"product","link":"https:\/\/ayaneo.co\/de\/product\/ayaneo-pocket-micro-displayschutzfolie\/","title":{"rendered":"AYANEO Pocket Micro Displayschutzfolie"},"content":{"rendered":"\n<h2 class=\"wp-block-heading\">Produkt\u00fcbersicht:<\/h2>\n\n<p>Die <strong>AYANEO Pocket Micro Displayschutzfolie<\/strong> wurde entwickelt, um den Bildschirm Ihrer Konsole zu sch\u00fctzen und gleichzeitig seine kristallklare Anzeigequalit\u00e4t zu bewahren. Mit seinen kratz- und wischfesten Eigenschaften sorgt er f\u00fcr ein ungest\u00f6rtes Spielvergn\u00fcgen und sch\u00fctzt Ihren Bildschirm vor t\u00e4glicher Abnutzung. <\/p>\n\n<ol class=\"wp-block-list\">\n<li><strong>Ma\u00dfgeschneiderte Passform<\/strong> f\u00fcr AYANEO Pocket Micro.<\/li>\n\n\n\n<li>Strapazierf\u00e4hige und <strong>kratzfeste Oberfl\u00e4che<\/strong>.<\/li>\n\n\n\n<li>Ultraklares Material f\u00fcr eine <strong>lebendige Darstellung beim Spielen<\/strong>.<\/li>\n\n\n\n<li>Wischfeste Beschichtung f\u00fcr ein <strong>sauberes und klares Display<\/strong>.<\/li>\n\n\n\n<li>Einfache, blasenfreie Installation f\u00fcr <strong>m\u00fchelose Anwendung<\/strong>.<\/li>\n<\/ol>\n\n<h2 class=\"wp-block-heading\">Warum sollten Sie sich f\u00fcr die AYANEO Pocket Micro Displayschutzfolie entscheiden?<\/h2>\n\n<p>Sch\u00fctzen Sie den Bildschirm Ihrer Spielkonsole mit einer Schutzfolie, die f\u00fcr Klarheit und Haltbarkeit sorgt. Die AYANEO Pocket Micro Displayschutzfolie ist perfekt f\u00fcr Spieler, die lebendige Bilder genie\u00dfen und ihre Konsole vor Kratzern, Flecken und Fingerabdr\u00fccken sch\u00fctzen m\u00f6chten. <\/p>\n\n<hr class=\"wp-block-separator has-alpha-channel-opacity\"\/>\n\n<h4 class=\"wp-block-heading\">Spezifikationen:<\/h4>\n\n<ul class=\"wp-block-list\">\n<li><strong>Material:<\/strong> Geh\u00e4rtetes Glas oder hochwertige Folie<\/li>\n\n\n\n<li><strong>Kompatibilit\u00e4t:<\/strong> AYANEO Pocket Micro Konsole<\/li>\n\n\n\n<li><strong>Eigenschaften:<\/strong> Kratzfest, wischfest, blasenfreie Anwendung<\/li>\n<\/ul>\n\n<p>Verbessern Sie Ihr Spielerlebnis mit dem AYANEO Pocket Micro Screen Protector - denn Ihre Konsole verdient nur das Beste!<\/p>\n","protected":false},"excerpt":{"rendered":"<ul>\n<li><strong>Ma\u00dfgeschneiderte Passform<\/strong> f\u00fcr AYANEO Pocket Micro.<\/li>\n<li>Strapazierf\u00e4hige und <strong>kratzfeste Oberfl\u00e4che<\/strong>.<\/li>\n<li>Ultraklares Material f\u00fcr eine <strong>lebendige Darstellung beim Spielen<\/strong>.<\/li>\n<li>Wischfeste Beschichtung f\u00fcr ein <strong>sauberes und klares Display<\/strong>.<\/li>\n<li>Einfache, blasenfreie Installation f\u00fcr <strong>m\u00fchelose Anwendung<\/strong>.<\/li>\n<\/ul>\n[cg_accordion title=\"INFO ZUR BEZAHLUNG\"]<\/p>\n<p>Wir verwenden die neueste Technologie in der Zahlungsabwicklung, die es Ihnen erm\u00f6glicht, \u00fcber Apple Pay, Google Pay, Ihre Debit-\/Kreditkarte, PayPal oder BNPL-Methoden wie Klarna, Affirm oder AfterPay schnell und sicher zu bezahlen.[\/cg_accordion]\n[cg_accordion title=\"GARANTIE\"]<\/p>\n<p>1 Jahr Garantie von <a href=\"https:\/\/droix.net\/\" target=\"_blank\" rel=\"nofollow noopener\">DROIX Global<\/a> f\u00fcr Ihren Seelenfrieden[\/cg_accordion]\n[cg_accordion title=\"QUALIT\u00c4TSSICHERUNG &amp; TESTS VOR DER AUSLIEFERUNG\"]<\/p>\n<p>Sicherstellung der Kundenzufriedenheit auf h\u00f6chstem Niveau: Jedes Ger\u00e4t wird vor der Auslieferung strengen Tests und einer mehrstufigen Qualit\u00e4tskontrolle unterzogen. Unser engagiertes Team pr\u00fcft die Leistung, Funktionalit\u00e4t und Integrit\u00e4t der Komponenten, um zu gew\u00e4hrleisten, dass Ihr AYANEO Ger\u00e4t bei der Ankunft in einwandfreiem Zustand ist und Sie sich darauf verlassen k\u00f6nnen. [\/cg_accordion]\n[cg_accordion title=\"PREISE, STEUERN UND VERSAND\"]<\/p>\n<p><strong><u>Anmerkung:<\/u><\/strong><\/p>\n<ul>\n<li>Kunden aus den Vereinigten Staaten: Der angezeigte Preis enth\u00e4lt KEINE STEUERN oder Z\u00f6lle. Die Verantwortung f\u00fcr die Zollabfertigung und die Zahlung aller damit verbundenen Steuern und Abgaben liegt beim Kunden. <\/li>\n<li>EU-Kunden: Der angezeigte Preis enth\u00e4lt die anwendbare STEUER, die je nach Land bis zu 25% betragen kann.<\/li>\n<li>Kunden aus Kanada: Der angezeigte Preis enth\u00e4lt die anfallenden Steuern, die je nach Provinz 5% GST und zus\u00e4tzliche Provincial Sales Taxes (PST), Harmonized Sales Tax (HST) oder Quebec Sales Tax (QST) umfassen k\u00f6nnen.<\/li>\n<\/ul>\n<p><strong>NUR f\u00fcr EU-Kunden:<\/strong> Express DDP (Delivered Duty Paid). Dies bedeutet: <\/p>\n<ul>\n<li>Alle Z\u00f6lle und Steuern sind in dem auf der Produktseite angegebenen Preis enthalten.<\/li>\n<li>Sie m\u00fcssen bei der Lieferung keine zus\u00e4tzlichen Geb\u00fchren zahlen.<\/li>\n<li>Im seltenen Fall von Zollproblemen \u00fcbernimmt unser Team die Zollabfertigung in Ihrem Namen, um eine reibungslose Lieferung zu gew\u00e4hrleisten.<\/li>\n<p>Wichtige Informationen \u00fcber R\u00fccksendungen:<\/p>\n<li>Wenn Sie sich entscheiden, Ihre Bestellung zur\u00fcckzusenden oder eine R\u00fcckerstattung zu beantragen, beachten Sie bitte, dass Steuern und Abgaben, die im Rahmen von DDP in Ihrem Namen gezahlt wurden, nicht erstattet werden k\u00f6nnen.<\/li>\n<p>Detaillierte Informationen finden Sie in unseren <a href=\"https:\/\/ayaneo.co\/de\/allgemeine-geschaeftsbedingungen\/\" target=\"_blank\" rel=\"nofollow noopener\">Allgemeinen Gesch\u00e4ftsbedingungen<\/a>.\n<\/ul>\n<p>[\/cg_accordion]\n[cg_accordion title=\"KUNDENBETREUUNG\"]<\/p>\n<p>Haben Sie eine Frage? Wir sind nur eine kurze SMS davon entfernt, Ihr Problem zu l\u00f6sen! [\/cg_accordion]\n[cg_accordion title=\"PAKET ENTH\u00c4LT\"]<\/p>\n<ul>\n<li>1x AYANEO Pocket Micro Displayschutzfolie<\/li>\n<\/ul>\n<p>[\/cg_accordion]\n","protected":false},"featured_media":7795,"template":"","meta":{"_acf_changed":false},"product_brand":[],"product_cat":[444],"product_tag":[],"class_list":{"0":"post-11669","1":"product","2":"type-product","3":"status-publish","4":"has-post-thumbnail","6":"product_cat-nicht-kategorisiert","7":"product_shipping_class-low-end","8":"pa_accessory-type-displayschutzfolie","9":"pa_brand-ayaneo","11":"first","12":"outofstock","13":"sale","14":"taxable","15":"shipping-taxable","16":"purchasable","17":"product-type-variable","18":"has-default-attributes"},"acf":[],"_links":{"self":[{"href":"https:\/\/ayaneo.co\/de\/wp-json\/wp\/v2\/product\/11669","targetHints":{"allow":["GET"]}}],"collection":[{"href":"https:\/\/ayaneo.co\/de\/wp-json\/wp\/v2\/product"}],"about":[{"href":"https:\/\/ayaneo.co\/de\/wp-json\/wp\/v2\/types\/product"}],"wp:featuredmedia":[{"embeddable":true,"href":"https:\/\/ayaneo.co\/de\/wp-json\/wp\/v2\/media\/7795"}],"wp:attachment":[{"href":"https:\/\/ayaneo.co\/de\/wp-json\/wp\/v2\/media?parent=11669"}],"wp:term":[{"taxonomy":"product_brand","embeddable":true,"href":"https:\/\/ayaneo.co\/de\/wp-json\/wp\/v2\/product_brand?post=11669"},{"taxonomy":"product_cat","embeddable":true,"href":"https:\/\/ayaneo.co\/de\/wp-json\/wp\/v2\/product_cat?post=11669"},{"taxonomy":"product_tag","embeddable":true,"href":"https:\/\/ayaneo.co\/de\/wp-json\/wp\/v2\/product_tag?post=11669"}],"curies":[{"name":"wp","href":"https:\/\/api.w.org\/{rel}","templated":true}]}}