{"id":11681,"date":"2025-01-23T13:59:52","date_gmt":"2025-01-23T13:59:52","guid":{"rendered":"https:\/\/ayaneo.co\/product\/ayaneo-pocket-evo-displayschutzfolie\/"},"modified":"2025-12-09T00:38:28","modified_gmt":"2025-12-09T00:38:28","slug":"ayaneo-pocket-evo-displayschutzfolie","status":"publish","type":"product","link":"https:\/\/ayaneo.co\/de\/product\/ayaneo-pocket-evo-displayschutzfolie\/","title":{"rendered":"AYANEO Pocket EVO Displayschutzfolie"},"content":{"rendered":"\n<h2 class=\"wp-block-heading\">Produkt\u00fcbersicht:<\/h2>\n\n<p>Der <strong>AYANEO Pocket EVO Bildschirmschutz<\/strong> wurde entwickelt, um den Bildschirm Ihrer Konsole zu sch\u00fctzen und gleichzeitig eine hervorragende Klarheit zu gew\u00e4hrleisten. Dieser Bildschirmschutz aus hochwertigem geh\u00e4rtetem Glas bietet hervorragenden Schutz vor Kratzern und Flecken und sorgt daf\u00fcr, dass der Bildschirm Ihres Ger\u00e4ts makellos bleibt und Ihre Bilder einwandfrei aussehen.<\/p>\n\n<ol class=\"wp-block-list\">\n<li><strong>Ma\u00dfgeschneiderte Passform<\/strong> f\u00fcr AYANEO Pocket EVO.<\/li>\n\n\n\n<li>Strapazierf\u00e4hige und <strong>kratzfeste Oberfl\u00e4che<\/strong>.<\/li>\n\n\n\n<li>Ultraklares Material f\u00fcr eine <strong>lebendige Darstellung beim Spielen<\/strong>.<\/li>\n\n\n\n<li>Wischfeste Beschichtung f\u00fcr ein <strong>sauberes und klares Display<\/strong>.<\/li>\n\n\n\n<li>Einfache, blasenfreie Installation f\u00fcr <strong>m\u00fchelose Anwendung<\/strong>.<\/li>\n<\/ol>\n\n<h2 class=\"wp-block-heading\">Warum sollten Sie sich f\u00fcr die AYANEO Pocket EVO Displayschutzfolie entscheiden?<\/h2>\n\n<p>Die AYANEO Pocket EVO Displayschutzfolie kombiniert hochwertige Materialien und pr\u00e4zises Design, um herausragenden Schutz und visuelle Klarheit zu bieten. Egal, ob Sie zu Hause oder unterwegs spielen, dieser Bildschirmschutz sorgt daf\u00fcr, dass Ihr Ger\u00e4t kratzfrei bleibt und gleichzeitig eine lebendige, kristallklare Darstellung gew\u00e4hrleistet ist.<\/p>\n\n<hr class=\"wp-block-separator has-alpha-channel-opacity\"\/>\n\n<h4 class=\"wp-block-heading\">Spezifikationen:<\/h4>\n\n<ul class=\"wp-block-list\">\n<li><strong>Material:<\/strong> Geh\u00e4rtetes Glas<\/li>\n\n\n\n<li><strong>Kompatibilit\u00e4t:<\/strong> AYANEO Pocket EVO Konsole<\/li>\n\n\n\n<li><strong>Eigenschaften:<\/strong> Kratzfeste, wischfeste, ultraklare und blasenfreie Anwendung<\/li>\n<\/ul>\n\n<p>Verbessern Sie Ihr Spielerlebnis mit dem AYANEO Pocket EVO Screen Protector - dem ultimativen Schutz f\u00fcr den Bildschirm Ihrer Konsole!  <\/p>\n","protected":false},"excerpt":{"rendered":"<ul>\n<li><strong>Ma\u00dfgeschneiderte Passform<\/strong> f\u00fcr AYANEO Pocket EVO.<\/li>\n<li>Strapazierf\u00e4hige und <strong>kratzfeste Oberfl\u00e4che<\/strong>.<\/li>\n<li>Ultraklares Material f\u00fcr eine <strong>lebendige Darstellung beim Spielen<\/strong>.<\/li>\n<li>Wischfeste Beschichtung f\u00fcr ein <strong>sauberes und klares Display<\/strong>.<\/li>\n<li>Einfache, blasenfreie Installation f\u00fcr <strong>m\u00fchelose Anwendung<\/strong>.<\/li>\n<\/ul>\n[cg_accordion title=\"INFO ZUR BEZAHLUNG\"]<\/p>\n<p>Wir verwenden die neueste Technologie in der Zahlungsabwicklung, die es Ihnen erm\u00f6glicht, \u00fcber Apple Pay, Google Pay, Ihre Debit-\/Kreditkarte, PayPal oder BNPL-Methoden wie Klarna, Affirm oder AfterPay schnell und sicher zu bezahlen.[\/cg_accordion]\n[cg_accordion title=\"GARANTIE\"]<\/p>\n<p>1 Jahr Garantie von <a href=\"https:\/\/droix.net\/\" target=\"_blank\" rel=\"nofollow noopener\">DROIX Global<\/a> f\u00fcr Ihren Seelenfrieden[\/cg_accordion]\n[cg_accordion title=\"QUALIT\u00c4TSSICHERUNG &amp; TESTS VOR DER AUSLIEFERUNG\"]<\/p>\n<p>Sicherstellung der Kundenzufriedenheit auf h\u00f6chstem Niveau: Jedes Ger\u00e4t wird vor der Auslieferung strengen Tests und einer mehrstufigen Qualit\u00e4tskontrolle unterzogen. Unser engagiertes Team pr\u00fcft die Leistung, Funktionalit\u00e4t und Integrit\u00e4t der Komponenten, um zu gew\u00e4hrleisten, dass Ihr AYANEO Ger\u00e4t bei der Ankunft in einwandfreiem Zustand ist und Sie sich darauf verlassen k\u00f6nnen. [\/cg_accordion]\n[cg_accordion title=\"PREISE, STEUERN UND VERSAND\"]<\/p>\n<p><strong><u>Anmerkung:<\/u><\/strong><\/p>\n<ul>\n<li>Kunden aus den Vereinigten Staaten: Der angezeigte Preis enth\u00e4lt KEINE STEUERN oder Z\u00f6lle. Die Verantwortung f\u00fcr die Zollabfertigung und die Zahlung aller damit verbundenen Steuern und Abgaben liegt beim Kunden. <\/li>\n<li>EU-Kunden: Der angezeigte Preis enth\u00e4lt die anwendbare STEUER, die je nach Land bis zu 25% betragen kann.<\/li>\n<li>Kunden aus Kanada: Der angezeigte Preis enth\u00e4lt die anfallenden Steuern, die je nach Provinz 5% GST und zus\u00e4tzliche Provincial Sales Taxes (PST), Harmonized Sales Tax (HST) oder Quebec Sales Tax (QST) umfassen k\u00f6nnen.<\/li>\n<\/ul>\n<p><strong>NUR f\u00fcr EU-Kunden:<\/strong> Express DDP (Delivered Duty Paid). Dies bedeutet: <\/p>\n<ul>\n<li>Alle Z\u00f6lle und Steuern sind in dem auf der Produktseite angegebenen Preis enthalten.<\/li>\n<li>Sie m\u00fcssen bei der Lieferung keine zus\u00e4tzlichen Geb\u00fchren zahlen.<\/li>\n<li>Im seltenen Fall von Zollproblemen \u00fcbernimmt unser Team die Zollabfertigung in Ihrem Namen, um eine reibungslose Lieferung zu gew\u00e4hrleisten.<\/li>\n<p>Wichtige Informationen \u00fcber R\u00fccksendungen:<\/p>\n<li>Wenn Sie sich entscheiden, Ihre Bestellung zur\u00fcckzusenden oder eine R\u00fcckerstattung zu beantragen, beachten Sie bitte, dass Steuern und Abgaben, die im Rahmen von DDP in Ihrem Namen gezahlt wurden, nicht erstattet werden k\u00f6nnen.<\/li>\n<p>Detaillierte Informationen finden Sie in unseren <a href=\"https:\/\/ayaneo.co\/de\/allgemeine-geschaeftsbedingungen\/\" target=\"_blank\" rel=\"nofollow noopener\">Allgemeinen Gesch\u00e4ftsbedingungen<\/a>.\n<\/ul>\n<p>[\/cg_accordion]\n[cg_accordion title=\"KUNDENBETREUUNG\"]<\/p>\n<p>Haben Sie eine Frage? Wir sind nur eine kurze SMS davon entfernt, Ihr Problem zu l\u00f6sen! [\/cg_accordion]\n[cg_accordion title=\"PAKET ENTH\u00c4LT\"]<\/p>\n<ul>\n<li>1x AYANEO Pocket EVO Displayschutzfolie<\/li>\n<\/ul>\n<p>[\/cg_accordion]\n","protected":false},"featured_media":7905,"template":"","meta":{"_acf_changed":false},"product_brand":[],"product_cat":[385],"product_tag":[],"class_list":{"0":"post-11681","1":"product","2":"type-product","3":"status-publish","4":"has-post-thumbnail","6":"product_cat-zubehor","7":"product_shipping_class-low-end","8":"pa_accessory-type-displayschutzfolie","9":"pa_brand-ayaneo","11":"first","12":"instock","13":"sale","14":"taxable","15":"shipping-taxable","16":"purchasable","17":"product-type-simple"},"acf":[],"_links":{"self":[{"href":"https:\/\/ayaneo.co\/de\/wp-json\/wp\/v2\/product\/11681","targetHints":{"allow":["GET"]}}],"collection":[{"href":"https:\/\/ayaneo.co\/de\/wp-json\/wp\/v2\/product"}],"about":[{"href":"https:\/\/ayaneo.co\/de\/wp-json\/wp\/v2\/types\/product"}],"wp:featuredmedia":[{"embeddable":true,"href":"https:\/\/ayaneo.co\/de\/wp-json\/wp\/v2\/media\/7905"}],"wp:attachment":[{"href":"https:\/\/ayaneo.co\/de\/wp-json\/wp\/v2\/media?parent=11681"}],"wp:term":[{"taxonomy":"product_brand","embeddable":true,"href":"https:\/\/ayaneo.co\/de\/wp-json\/wp\/v2\/product_brand?post=11681"},{"taxonomy":"product_cat","embeddable":true,"href":"https:\/\/ayaneo.co\/de\/wp-json\/wp\/v2\/product_cat?post=11681"},{"taxonomy":"product_tag","embeddable":true,"href":"https:\/\/ayaneo.co\/de\/wp-json\/wp\/v2\/product_tag?post=11681"}],"curies":[{"name":"wp","href":"https:\/\/api.w.org\/{rel}","templated":true}]}}