{"id":12389,"date":"2025-03-24T16:59:03","date_gmt":"2025-03-24T16:59:03","guid":{"rendered":"https:\/\/ayaneo.co\/?post_type=product&#038;p=12389"},"modified":"2025-12-09T00:33:51","modified_gmt":"2025-12-09T00:33:51","slug":"ayaneo-pocket-evo-displayschutzfolie-copy","status":"publish","type":"product","link":"https:\/\/ayaneo.co\/de\/product\/ayaneo-pocket-evo-displayschutzfolie-copy\/","title":{"rendered":"AYANEO 3 Screen Protector - Kristallklarer Schutz f\u00fcr Ihr Display!"},"content":{"rendered":"\n<p>Halten Sie Ihren <strong>AYANEO 3<\/strong> Bildschirm mit dieser <strong>hochwertigen Schutzfolie<\/strong> makellos! Diese Schutzfolie wurde f\u00fcr <strong>maximale Klarheit, Kratzfestigkeit und einfache Anbringung<\/strong> entwickelt und sorgt daf\u00fcr, dass Ihr Spielerlebnis reibungslos und ungest\u00f6rt bleibt.<\/p>\n\n<h2 class=\"wp-block-heading\"><strong>Wichtige Merkmale:<\/strong><\/h2>\n\n<p><strong>Ultraklares HD-Display<\/strong> - Sorgt f\u00fcr <strong>echte Farbgenauigkeit<\/strong> und scharfe Bilder f\u00fcr ein beeindruckendes Erlebnis.<\/p>\n\n<p><strong>Kratz- und sto\u00dffest<\/strong> - Sch\u00fctzt Ihren Bildschirm vor Kratzern, St\u00fcrzen und allt\u00e4glicher Abnutzung.  <\/p>\n\n<p><strong>Pr\u00e4zise Passform und einfache Installation<\/strong> - Speziell f\u00fcr <strong>AYANEO 3<\/strong> entwickelt, um eine nahtlose, blasenfreie Anwendung zu gew\u00e4hrleisten.<\/p>\n\n<p><strong>Fingerabdruck- und wischfest<\/strong> - Die oleophobe Beschichtung weist Fingerabdr\u00fccke und Flecken ab und sorgt f\u00fcr ein sauberes Aussehen.<\/p>\n\n<p><strong>Blasenfreie Haftung<\/strong> - Einfaches Auftragen ohne Luftblasen, was jedes Mal eine <strong>glatte Oberfl\u00e4che<\/strong> gew\u00e4hrleistet.<\/p>\n\n<p>Sch\u00fctzen Sie Ihr <strong>AYANEO 3<\/strong> mit dieser <strong>hochwertigen Displayschutzfolie<\/strong> und <strong>spielen Sie mit Zuversicht!<\/strong><\/p>\n\n<p><\/p>\n","protected":false},"excerpt":{"rendered":"<ul>\n<li><strong>Offizielle<\/strong> AYANEO 3 Bildschirmschutzfolie<\/li>\n<li><strong>Ultra-Clear HD<\/strong> - Bewahrt die Bildschirmqualit\u00e4t und Farbgenauigkeit.<\/li>\n<li><strong>Kratz- und sto\u00dffest<\/strong> - Sch\u00fctzt vor Besch\u00e4digungen.<\/li>\n<li><strong>Widerstandsf\u00e4hig gegen Flecken und Fingerabdr\u00fccke<\/strong> - H\u00e4lt den Bildschirm sauber.<\/li>\n<li><strong>Perfekte Passform<\/strong> - Exklusiv f\u00fcr AYANEO entwickelt 3.<\/li>\n<\/ul>\n[cg_accordion title=\"INFO ZUR BEZAHLUNG\"]<\/p>\n<p>Wir verwenden die neueste Technologie in der Zahlungsabwicklung, die es Ihnen erm\u00f6glicht, \u00fcber Apple Pay, Google Pay, Ihre Debit-\/Kreditkarte, PayPal oder BNPL-Methoden wie Klarna, Affirm oder AfterPay schnell und sicher zu bezahlen.[\/cg_accordion]\n[cg_accordion title=\"GARANTIE\"]<\/p>\n<p>1 Jahr Garantie von <a href=\"https:\/\/droix.net\/\" target=\"_blank\" rel=\"nofollow noopener\">DROIX Global<\/a> f\u00fcr Ihren Seelenfrieden[\/cg_accordion]\n[cg_accordion title=\"QUALIT\u00c4TSSICHERUNG &amp; TESTS VOR DER AUSLIEFERUNG\"]<\/p>\n<p>Sicherstellung der Kundenzufriedenheit auf h\u00f6chstem Niveau: Jedes Ger\u00e4t wird vor der Auslieferung strengen Tests und einer mehrstufigen Qualit\u00e4tskontrolle unterzogen. Unser engagiertes Team pr\u00fcft die Leistung, Funktionalit\u00e4t und Integrit\u00e4t der Komponenten, um zu gew\u00e4hrleisten, dass Ihr AYANEO Ger\u00e4t bei der Ankunft in einwandfreiem Zustand ist und Sie sich darauf verlassen k\u00f6nnen. [\/cg_accordion]\n[cg_accordion title=\"PREISE, STEUERN UND VERSAND\"]<\/p>\n<p><strong><u>Anmerkung:<\/u><\/strong><\/p>\n<ul>\n<li>Kunden aus den Vereinigten Staaten: Der angezeigte Preis enth\u00e4lt KEINE STEUERN oder Z\u00f6lle. Die Verantwortung f\u00fcr die Zollabfertigung und die Zahlung aller damit verbundenen Steuern und Abgaben liegt beim Kunden. <\/li>\n<li>EU-Kunden: Der angezeigte Preis enth\u00e4lt die anwendbare STEUER, die je nach Land bis zu 25% betragen kann.<\/li>\n<li>Kunden aus Kanada: Der angezeigte Preis enth\u00e4lt die anfallenden Steuern, die je nach Provinz 5% GST und zus\u00e4tzliche Provincial Sales Taxes (PST), Harmonized Sales Tax (HST) oder Quebec Sales Tax (QST) umfassen k\u00f6nnen.<\/li>\n<\/ul>\n<p><strong>NUR f\u00fcr EU-Kunden:<\/strong> Express DDP (Delivered Duty Paid). Dies bedeutet: <\/p>\n<ul>\n<li>Alle Z\u00f6lle und Steuern sind in dem auf der Produktseite angegebenen Preis enthalten.<\/li>\n<li>Sie m\u00fcssen bei der Lieferung keine zus\u00e4tzlichen Geb\u00fchren zahlen.<\/li>\n<li>Im seltenen Fall von Zollproblemen \u00fcbernimmt unser Team die Zollabfertigung in Ihrem Namen, um eine reibungslose Lieferung zu gew\u00e4hrleisten.<\/li>\n<p>Wichtige Informationen \u00fcber R\u00fccksendungen:<\/p>\n<li>Wenn Sie sich entscheiden, Ihre Bestellung zur\u00fcckzusenden oder eine R\u00fcckerstattung zu beantragen, beachten Sie bitte, dass Steuern und Abgaben, die im Rahmen von DDP in Ihrem Namen gezahlt wurden, nicht erstattet werden k\u00f6nnen.<\/li>\n<p>Detaillierte Informationen finden Sie in unseren <a href=\"https:\/\/ayaneo.co\/de\/allgemeine-geschaeftsbedingungen\/\" target=\"_blank\" rel=\"nofollow noopener\">Allgemeinen Gesch\u00e4ftsbedingungen<\/a>.\n<\/ul>\n<p>[\/cg_accordion]\n[cg_accordion title=\"KUNDENBETREUUNG\"]<\/p>\n<p>Haben Sie eine Frage? Wir sind nur eine kurze SMS davon entfernt, Ihr Problem zu l\u00f6sen! [\/cg_accordion]\n[cg_accordion title=\"PAKET ENTH\u00c4LT\"]<\/p>\n<ul>\n<li>1x AYANEO 3 Displayschutzfolie<\/li>\n<\/ul>\n<p>[\/cg_accordion]\n","protected":false},"featured_media":45859,"template":"","meta":{"_acf_changed":false},"product_brand":[],"product_cat":[385],"product_tag":[],"class_list":{"0":"post-12389","1":"product","2":"type-product","3":"status-publish","4":"has-post-thumbnail","6":"product_cat-zubehor","7":"product_shipping_class-low-end","8":"pa_accessory-type-displayschutzfolie","9":"pa_brand-ayaneo","11":"first","12":"instock","13":"sale","14":"taxable","15":"shipping-taxable","16":"purchasable","17":"product-type-simple"},"acf":[],"_links":{"self":[{"href":"https:\/\/ayaneo.co\/de\/wp-json\/wp\/v2\/product\/12389","targetHints":{"allow":["GET"]}}],"collection":[{"href":"https:\/\/ayaneo.co\/de\/wp-json\/wp\/v2\/product"}],"about":[{"href":"https:\/\/ayaneo.co\/de\/wp-json\/wp\/v2\/types\/product"}],"wp:featuredmedia":[{"embeddable":true,"href":"https:\/\/ayaneo.co\/de\/wp-json\/wp\/v2\/media\/45859"}],"wp:attachment":[{"href":"https:\/\/ayaneo.co\/de\/wp-json\/wp\/v2\/media?parent=12389"}],"wp:term":[{"taxonomy":"product_brand","embeddable":true,"href":"https:\/\/ayaneo.co\/de\/wp-json\/wp\/v2\/product_brand?post=12389"},{"taxonomy":"product_cat","embeddable":true,"href":"https:\/\/ayaneo.co\/de\/wp-json\/wp\/v2\/product_cat?post=12389"},{"taxonomy":"product_tag","embeddable":true,"href":"https:\/\/ayaneo.co\/de\/wp-json\/wp\/v2\/product_tag?post=12389"}],"curies":[{"name":"wp","href":"https:\/\/api.w.org\/{rel}","templated":true}]}}