{"id":12940,"date":"2025-03-27T09:55:33","date_gmt":"2025-03-27T09:55:33","guid":{"rendered":"https:\/\/ayaneo.co\/product\/ayaneo-air-pro\/"},"modified":"2025-04-11T12:00:39","modified_gmt":"2025-04-11T12:00:39","slug":"ayaneo-air-pro","status":"publish","type":"product","link":"https:\/\/ayaneo.co\/de\/product\/ayaneo-air-pro\/","title":{"rendered":"AYANEO AIR PRO"},"content":{"rendered":"\n<h2 class=\"wp-block-heading\">AYANEO Luft<\/h2>\n\n<figure class=\"wp-block-image\"><img decoding=\"async\" src=\"https:\/\/droix.net\/wp-content\/uploads\/2022\/10\/TEXT.png\" alt=\"\" title=\"AYA NEO AIR PRO 1\"\/><\/figure>\n\n<figure class=\"wp-block-image\"><img decoding=\"async\" src=\"https:\/\/droix.net\/wp-content\/uploads\/2022\/10\/cpu-perf.png\" alt=\"\" title=\"AYA NEO AIR PRO 2\"\/><\/figure>\n\n<h2 class=\"wp-block-heading\">Leistungsstarke CPU<\/h2>\n\n<figure class=\"wp-block-image\"><img decoding=\"async\" src=\"https:\/\/droix.net\/wp-content\/uploads\/2022\/10\/oled.png\" alt=\"\" title=\"AYA NEO AIR PRO 3\"\/><\/figure>\n\n<h2 class=\"wp-block-heading\">Scharfer OLED Bildschirm<\/h2>\n\n<figure class=\"wp-block-image\"><img decoding=\"async\" src=\"https:\/\/droix.net\/wp-content\/uploads\/2022\/10\/controller.png\" alt=\"\" title=\"AYA NEO AIR PRO 4\"\/><\/figure>\n\n<h2 class=\"wp-block-heading\">Spiel-Controller<\/h2>\n\n<figure class=\"wp-block-image\"><img decoding=\"async\" src=\"https:\/\/droix.net\/wp-content\/uploads\/2022\/10\/hall-joystick.png\" alt=\"\" title=\"AYA NEO AIR PRO 5\"\/><\/figure>\n\n<h2 class=\"wp-block-heading\">HALL Joysticks<\/h2>\n\n<figure class=\"wp-block-image\"><img decoding=\"async\" src=\"https:\/\/droix.net\/wp-content\/uploads\/2022\/10\/light.png\" alt=\"\" title=\"AYA NEO AIR PRO 6\"\/><\/figure>\n\n<h2 class=\"wp-block-heading\">Leichtgewicht<\/h2>\n\n<figure class=\"wp-block-image\"><img decoding=\"async\" src=\"https:\/\/droix.net\/wp-content\/uploads\/2022\/10\/lightweight.png\" alt=\"\" title=\"AYA NEO AIR PRO 7\"\/><\/figure>\n\n<h2 class=\"wp-block-heading\">Tragbar<\/h2>\n\n<figure class=\"wp-block-image\"><img decoding=\"async\" src=\"https:\/\/droix.net\/wp-content\/uploads\/2022\/10\/ayaspace.png\" alt=\"\" title=\"AYA NEO AIR PRO 8\"\/><\/figure>\n\n<h2 class=\"wp-block-heading\">AYASpace<\/h2>\n\n<figure class=\"wp-block-image\"><img decoding=\"async\" src=\"https:\/\/droix.net\/wp-content\/uploads\/2022\/10\/storage-expansion.png\" alt=\"\" title=\"AYA NEO AIR PRO 9\"\/><\/figure>\n\n<h2 class=\"wp-block-heading\">Erweiterbarer Speicher<\/h2>\n\n<h2 class=\"wp-block-heading\">AYANEO Luft<\/h2>\n\n<h2 class=\"wp-block-heading\">18mm<\/h2>\n\n<h2 class=\"wp-block-heading\">AYANEO Air Pro<\/h2>\n\n<h2 class=\"wp-block-heading\">21,6 mm<\/h2>\n\n<figure class=\"wp-block-image\"><img decoding=\"async\" src=\"https:\/\/droix.net\/wp-content\/uploads\/2022\/10\/1.png\" alt=\"\" title=\"AYA NEO AIR PRO 10\"\/><\/figure>\n\n<figure class=\"wp-block-image\"><img decoding=\"async\" src=\"https:\/\/droix.net\/wp-content\/uploads\/2022\/10\/2.png\" alt=\"\" title=\"AYA NEO AIR PRO 11\"\/><\/figure>\n\n<figure class=\"wp-block-image\"><img decoding=\"async\" src=\"https:\/\/droix.net\/wp-content\/uploads\/2022\/10\/6.png\" alt=\"\" title=\"AYA NEO AIR PRO 12\"\/><\/figure>\n\n<figure class=\"wp-block-image\"><img decoding=\"async\" src=\"https:\/\/droix.net\/wp-content\/uploads\/2022\/10\/3.png\" alt=\"\" title=\"AYA NEO AIR PRO 13\"\/><\/figure>\n\n<figure class=\"wp-block-image\"><img decoding=\"async\" src=\"https:\/\/droix.net\/wp-content\/uploads\/2022\/10\/8.png\" alt=\"\" title=\"AYA NEO AIR PRO 14\"\/><\/figure>\n\n<figure class=\"wp-block-image\"><img decoding=\"async\" src=\"https:\/\/droix.net\/wp-content\/uploads\/2022\/10\/4.png\" alt=\"\" title=\"AYA NEO AIR PRO 15\"\/><\/figure>\n\n<figure class=\"wp-block-image\"><img decoding=\"async\" src=\"https:\/\/droix.net\/wp-content\/uploads\/2022\/10\/5.png\" alt=\"\" title=\"AYA NEO AIR PRO 16\"\/><\/figure>\n\n<figure class=\"wp-block-image\"><img decoding=\"async\" src=\"https:\/\/droix.net\/wp-content\/uploads\/elementor\/thumbs\/7-q8z5dcnq498hbirw1mfy0omf1l06qm1syszlslccn4.png\" alt=\"7.png\" title=\"7.png\"\/><\/figure>\n\n<figure class=\"wp-block-image\"><img decoding=\"async\" src=\"https:\/\/droix.net\/wp-content\/uploads\/elementor\/thumbs\/9-q8z5dcnq498hbirw1mfy0omf1l06qm1syszlslccn4.png\" alt=\"9.png\" title=\"9.png\"\/><\/figure>\n\n<h2 class=\"wp-block-heading\">Erleben Sie Spiele auf dem gestochen scharfen Display OLED <\/h2>\n\n<h2 class=\"wp-block-heading\">Mit einem 5,5\u2033 AMOLED Bildschirm mit hoher Farbskala.<\/h2>\n\n<h2 class=\"wp-block-heading\">Der Wide Color Gamut Effekt, NTSC 109%, macht das Display realistischer.<br\/>Mit einem Kontrastverh\u00e4ltnis von bis zu 100000:1 sind die Farben satter und lebendiger.<br\/>Erleben Sie reine Schwarzt\u00f6ne und kontrastreiche Bilder von Ihren Lieblingstiteln. Das AYANEO Air hat mit 404 Pixeln pro Zoll den h\u00f6chsten PPI-Wert, der in einem Windows Gaming Handheld zu finden ist. <\/h2>\n\n<figure class=\"wp-block-image\"><img decoding=\"async\" src=\"https:\/\/droix.net\/wp-content\/uploads\/2022\/10\/oled-info-1024x309.png\" alt=\"\" title=\"AYA NEO AIR PRO 17\"\/><\/figure>\n\n<h2 class=\"wp-block-heading\">Ultrad\u00fcnn &amp; leicht<\/h2>\n\n<h2 class=\"wp-block-heading\">Bei der Entwicklung des AYANEO Air stand die Portabilit\u00e4t im Vordergrund, und um das zu erreichen, mussten wir etwa 3500 Komponenten in diesem Windows Gaming Handheld kombinieren und komprimieren.<br\/>In diesem ultraportablen Gaming Handheld befindet sich Hardware, die einem Laptop w\u00fcrdig ist.<br\/>Und um dieses sch\u00f6ne Paket zu vervollst\u00e4ndigen, sind f\u00fcr den Endbenutzer nur 2 Schrauben sichtbar.<\/h2>\n\n<h2 class=\"wp-block-heading\">Eine neue Sichtweise auf tragbare Handhelds<\/h2>\n\n<h2 class=\"wp-block-heading\">Mit einem Gewicht von nur 398g*.<\/h2>\n\n<figure class=\"wp-block-image\"><img decoding=\"async\" src=\"https:\/\/droix.net\/wp-content\/uploads\/2022\/10\/ayaneo_air-vs-switch.png\" alt=\"\" title=\"AYA NEO AIR PRO 18\"\/><\/figure>\n\n<h2 class=\"wp-block-heading\">AYANEO Air Lite* - 398g<br\/>AYANEO Air Standard - 398g<br\/>AYANEO Air Pro - 440g<\/h2>\n\n<h2 class=\"wp-block-heading\">Deutlich kleiner als die Steam Deck<br\/> Und noch kleiner als die Switch<\/h2>\n\n<figure class=\"wp-block-image\"><img decoding=\"async\" src=\"https:\/\/droix.net\/wp-content\/uploads\/2022\/10\/ayaneo-sd-switch.png\" alt=\"\" title=\"AYA NEO AIR PRO 19\"\/><\/figure>\n\n<h2 class=\"wp-block-heading\">398g AYANEO Luft<\/h2>\n\n<h2 class=\"wp-block-heading\">223.9\u00d789.4x18mm<\/h2>\n\n<h2 class=\"wp-block-heading\">420g Nintendo Switch<\/h2>\n\n<h2 class=\"wp-block-heading\">242x102x13.9mm<\/h2>\n\n<h2 class=\"wp-block-heading\">669g Steam Deck<\/h2>\n\n<h2 class=\"wp-block-heading\">298x117x20mm<\/h2>\n\n<h2 class=\"wp-block-heading\">AAA-Spiele f\u00fcr unterwegs?<\/h2>\n\n<h2 class=\"wp-block-heading\">AYANEO Air ist mit der Leistung von RED ausgestattet, entweder mit dem AMD Ryzen 5 5560U oder dem 5825U (nur erh\u00e4ltlich in AYANEO Air Pro).<br\/>Diese APUs eignen sich nicht nur hervorragend f\u00fcr Spiele, sondern bieten auch eine geringere Leistungsaufnahme - so k\u00f6nnen Sie Ihre Lieblingsspiele l\u00e4nger spielen.<\/h2>\n\n<figure class=\"wp-block-image\"><img decoding=\"async\" src=\"https:\/\/droix.net\/wp-content\/uploads\/2022\/10\/cpu-1-1-300x300.png\" alt=\"\" title=\"AYA NEO AIR PRO 20\"\/><\/figure>\n\n<h2 class=\"wp-block-heading\">Dank des 7nn-Prozesses von TSMC ist das AYANEO Air sparsam im Stromverbrauch und bietet gleichzeitig eine hohe Leistung bei Ihren Lieblingstiteln.<\/h2>\n\n<figure class=\"wp-block-image\"><img decoding=\"async\" src=\"https:\/\/droix.net\/wp-content\/uploads\/2022\/10\/cpu-2-1-300x300.png\" alt=\"\" title=\"AYA NEO AIR PRO 21\"\/><\/figure>\n\n<h2 class=\"wp-block-heading\">Die AMD Ryzen 7 5825U APU, die nur auf dem AYANEO Air Pro verf\u00fcgbar ist, l\u00e4uft mit 100 MHz mehr als die 5800U und ist perfekt f\u00fcr Spiele unterwegs.<\/h2>\n\n<h2 class=\"wp-block-heading\">Erfahren Sie mehr \u00fcber Ihre Lieblingsspiele<\/h2>\n\n<figure class=\"wp-block-image\"><img decoding=\"async\" src=\"https:\/\/droix.net\/wp-content\/uploads\/2022\/08\/games-1.png\" alt=\"Spiele-1\" title=\"AYA NEO AIR PRO 22\"\/><\/figure>\n\n<figure class=\"wp-block-image\"><img decoding=\"async\" src=\"https:\/\/droix.net\/wp-content\/uploads\/2022\/08\/games-2.png\" alt=\"Spiele-2\" title=\"AYA NEO AIR PRO 23\"\/><\/figure>\n\n<figure class=\"wp-block-image\"><img decoding=\"async\" src=\"https:\/\/droix.net\/wp-content\/uploads\/elementor\/thumbs\/ayaneo-master-q8z5dcnq497mmmrgjif980vegtbvts312kqur5jx8g.png\" alt=\"ayaneo-master.png\" title=\"ayaneo-master.png\"\/><\/figure>\n\n<h2 class=\"wp-block-heading\">Seien Sie ein Meister auf dem Schlachtfeld, mit GuliKit.<\/h2>\n\n<h2 class=\"wp-block-heading\">AYANEOIn Zusammenarbeit mit GuliKit haben wir es uns zur Aufgabe gemacht, Ihnen das beste Spielerlebnis zu bieten. Dieser PC Gaming Handheld ist das erste Modell, das mit den hochwertigen GuliKit Joysticks ausgestattet ist. <\/h2>\n\n<figure class=\"wp-block-image\"><img decoding=\"async\" src=\"https:\/\/droix.net\/wp-content\/uploads\/elementor\/thumbs\/gulikit-logo-q8z5dcnq497ijbaloaorilpee1n1klosjvnack8xkw.png\" alt=\"gulikit-logo.png\" title=\"gulikit-logo.png\"\/><\/figure>\n\n<figure class=\"wp-block-image\"><img decoding=\"async\" src=\"https:\/\/droix.net\/wp-content\/uploads\/2022\/10\/ayaneo-joystick-device.png\" alt=\"\" title=\"AYA NEO AIR PRO 24\"\/><\/figure>\n\n<h2 class=\"wp-block-heading\">Keine tote Zone Joysticks<\/h2>\n\n<h2 class=\"wp-block-heading\">Innere und \u00e4u\u00dfere Kreise sind 100% frei von &#8222;toten Zonen&#8220;<br\/>Dies ist perfekt f\u00fcr FPS-Spiele.<\/h2>\n\n<h2 class=\"wp-block-heading\">Einstellung der Ausl\u00f6serempfindlichkeit<\/h2>\n\n<h2 class=\"wp-block-heading\">Mit AYA Space k\u00f6nnen Sie den Druckweg des Ausl\u00f6sers ganz einfach steuern. So k\u00f6nnen Sie den Ausl\u00f6ser zu 50% dr\u00fccken, um die volle Wirkung zu erzielen. <\/h2>\n\n<h2 class=\"wp-block-heading\">Null-Strom-Standby<\/h2>\n\n<h2 class=\"wp-block-heading\">Sie k\u00f6nnen die Controller in AYA Space ausschalten, um Strom zu sparen.<\/h2>\n\n<h2 class=\"wp-block-heading\">A-B X-Y Schl\u00fcssel tauschen<\/h2>\n\n<h2 class=\"wp-block-heading\">Sind Sie an das japanische Layout gew\u00f6hnt? Kein Problem! Mit AYA Space k\u00f6nnen Sie das Layout austauschen.  <\/h2>\n\n<figure class=\"wp-block-image\"><img decoding=\"async\" src=\"https:\/\/droix.net\/wp-content\/uploads\/2022\/10\/11.png\" alt=\"\" title=\"AYA NEO AIR PRO 25\"\/><\/figure>\n\n<h2 class=\"wp-block-heading\">Keine Abdrift<\/h2>\n\n<h2 class=\"wp-block-heading\">AYANEO Die Joysticks von Air verwenden elektromagnetische Wippen, um sicherzustellen, dass der Joystick nicht abdriftet.<\/h2>\n\n<figure class=\"wp-block-image\"><img decoding=\"async\" src=\"https:\/\/droix.net\/wp-content\/uploads\/2022\/10\/22.png\" alt=\"\" title=\"AYA NEO AIR PRO 26\"\/><\/figure>\n\n<h2 class=\"wp-block-heading\">Keine tote Zone<\/h2>\n\n<h2 class=\"wp-block-heading\">Die Joysticks des AYANEO Air haben keine Totzone in den mittleren und \u00e4u\u00dferen Ringen der Joysticks.<\/h2>\n\n<figure class=\"wp-block-image\"><img decoding=\"async\" src=\"https:\/\/droix.net\/wp-content\/uploads\/2022\/10\/33.png\" alt=\"\" title=\"AYA NEO AIR PRO 27\"\/><\/figure>\n\n<h2 class=\"wp-block-heading\">Hohe Pr\u00e4zision<\/h2>\n\n<h2 class=\"wp-block-heading\">Erm\u00f6glicht es Ihnen, diese schwer zu erreichenden Sch\u00fcsse in FPS zu erzielen und Ihr Fahrzeug in Fahrspielen reibungslos zu steuern.<\/h2>\n\n<figure class=\"wp-block-image\"><img decoding=\"async\" src=\"https:\/\/droix.net\/wp-content\/uploads\/2022\/10\/44.png\" alt=\"\" title=\"AYA NEO AIR PRO 28\"\/><\/figure>\n\n<h2 class=\"wp-block-heading\">Lange Lebenserwartung<\/h2>\n\n<h2 class=\"wp-block-heading\">Die Hall Joysticks haben eine Lebensdauer von 5 Millionen Benutzungen. So wird sichergestellt, dass Ihr AYANEO Air sich <\/h2>\n\n<h2 class=\"wp-block-heading\">EXKLUSIV f\u00fcr AYANEO Ger\u00e4te<\/h2>\n\n<h2 class=\"wp-block-heading\">AYA Raum<\/h2>\n\n<h2 class=\"wp-block-heading\">Mit AYA Space k\u00f6nnen Sie Ihre Lieblingsspiele in Sekundenschnelle verwalten und starten.<br\/>Mit AYA Space k\u00f6nnen Sie Leistungsprofile f\u00fcr jedes Spiel festlegen und die wichtigsten Funktionen Ihres Ger\u00e4ts steuern.<br\/>Das AYANEO Air ist mit einer speziellen AYA Space-Taste ausgestattet, mit der Sie ganz einfach das Overlay aufrufen und Helligkeit, Lautst\u00e4rke und TDP einstellen k\u00f6nnen - alles mit einem Tastendruck.<\/h2>\n\n<figure class=\"wp-block-image\"><img decoding=\"async\" src=\"https:\/\/droix.net\/wp-content\/uploads\/2022\/10\/ayaspace-ui-768x625.png\" alt=\"\" title=\"AYA NEO AIR PRO 29\"\/><\/figure>\n\n<h2 class=\"wp-block-heading\">Hochgeschwindigkeits-Speicher, ob intern oder extern<\/h2>\n\n<h2 class=\"wp-block-heading\">Intern SSD<\/h2>\n\n<h2 class=\"wp-block-heading\">Integrierte Hochgeschwindigkeits-NVMe SSD mit bis zu 2TB Kapazit\u00e4t<\/h2>\n\n<figure class=\"wp-block-image\"><img decoding=\"async\" src=\"https:\/\/droix.net\/wp-content\/uploads\/2022\/10\/storage-1.png\" alt=\"\" title=\"AYA NEO AIR PRO 30\"\/><\/figure>\n\n<h2 class=\"wp-block-heading\">TF\/Micro SD-Kartensteckplatz<\/h2>\n\n<h2 class=\"wp-block-heading\">Erm\u00f6glicht es Ihnen, Ihren internen Speicher einfach aufzur\u00fcsten.<\/h2>\n\n<figure class=\"wp-block-image\"><img decoding=\"async\" src=\"https:\/\/droix.net\/wp-content\/uploads\/2022\/10\/storage-2.png\" alt=\"\" title=\"AYA NEO AIR PRO 31\"\/><\/figure>\n\n<figure class=\"wp-block-image\"><img decoding=\"async\" src=\"https:\/\/droix.net\/wp-content\/uploads\/2022\/10\/multi-use.jpg\" alt=\"\" title=\"AYA NEO AIR PRO 32\"\/><\/figure>\n","protected":false},"excerpt":{"rendered":"<ul>\n<li>AMD <strong>Ryzen 5 5560U<\/strong> \/ AMD <strong>Ryzen 7 5825U<\/strong><\/li>\n<li><strong>16GB<\/strong> LPDDR4x @ 4266Mhz<\/li>\n<li><strong>bis zu 1TB<\/strong> Hochgeschwindigkeits-PCI-E <strong>M.2<\/strong> 2280 SSD<\/li>\n<li><strong>5,5<\/strong> &#8220; <strong> OLED Touchscreen-Display<\/strong> <\/li>\n<li><strong>WiFi 6<\/strong> &amp; <strong>Bluetooth 5.2<\/strong> Unterst\u00fctzung<\/li>\n<\/ul>\n[cg_accordion title=\"Garantie\"]<\/p>\n<p>Der AYANEO AIR PRO wird von <a href=\"https:\/\/droix.net\/\">DROIX Global<\/a> mit einer 1-Jahres-Garantie unterst\u00fctzt. [\/cg_accordion]\n[cg_accordion title=\"Preise, Steuern und Versand\"]<\/p>\n<p><strong><u>Anmerkung:<\/u><\/strong><\/p>\n<ul>\n<li>Kunden aus den Vereinigten Staaten: Der angezeigte Preis enth\u00e4lt die in Ihrem Bundesstaat geltende TAX.<\/li>\n<li>EU-Kunden: Der angezeigte Preis enth\u00e4lt die anwendbare STEUER, die je nach Land bis zu 25% betragen kann.<\/li>\n<li>Kunden aus Kanada: Der angezeigte Preis enth\u00e4lt die anfallenden Steuern, die je nach Provinz 5% GST und zus\u00e4tzliche Provincial Sales Taxes (PST), Harmonized Sales Tax (HST) oder Quebec Sales Tax (QST) umfassen k\u00f6nnen.<\/li>\n<\/ul>\n<p>[\/cg_accordion]\n[cg_accordion title=\"Versand und R\u00fcckgabe\"]<\/p>\n<p>Organisiert von <a href=\"https:\/\/droix.net\/\" target=\"_blank\" rel=\"nofollow noopener\">DROIX<\/a>, einem offiziellen AYANEO Vertriebspartner, versenden wir mit DHL Express DDP (Delivered Duty Paid). Dies bedeutet: <\/p>\n<p>Express DDP (Delivered Duty Paid). Dies bedeutet: <\/p>\n<ul>\n<li>Alle Z\u00f6lle und Steuern sind in dem auf der Produktseite angegebenen Preis enthalten.<\/li>\n<li>Sie m\u00fcssen bei der Lieferung keine zus\u00e4tzlichen Geb\u00fchren zahlen.<\/li>\n<li>Im seltenen Fall von Zollproblemen \u00fcbernimmt unser Team die Zollabfertigung in Ihrem Namen, um eine reibungslose Lieferung zu gew\u00e4hrleisten.<\/li>\n<p>Wichtige Informationen \u00fcber R\u00fccksendungen:<\/p>\n<li>Wenn Sie sich entscheiden, Ihre Bestellung zur\u00fcckzusenden oder eine R\u00fcckerstattung zu beantragen, beachten Sie bitte, dass Steuern und Abgaben, die im Rahmen von DDP in Ihrem Namen gezahlt wurden, nicht erstattet werden k\u00f6nnen.<\/li>\n<p>Detaillierte Informationen finden Sie in unseren <a href=\"https:\/\/ayaneo.co\/terms-of-service-2\/\" target=\"_blank\" rel=\"nofollow noopener\">Allgemeinen Gesch\u00e4ftsbedingungen<\/a>.\n<\/ul>\n<p>[\/cg_accordion]\n[cg_accordion title=\"Kundenbetreuung\"]<\/p>\n<p>Haben Sie eine Frage? Wir sind nur eine kurze SMS davon entfernt, Ihr Problem zu l\u00f6sen! [\/cg_accordion]\n[cg_accordion title=\"Das Paket enth\u00e4lt\"]<\/p>\n<ul>\n<li>1x AYANEO AIR PRO Spiele-Handheld<\/li>\n<li>1x USB Typ-C Kabel<\/li>\n<li>1x Netzadapter<\/li>\n<li>1x Benutzerhandbuch<\/li>\n<\/ul>\n<p>[\/cg_accordion]\n","protected":false},"featured_media":12517,"template":"","meta":{"_acf_changed":false},"product_brand":[],"product_cat":[368],"product_tag":[],"class_list":{"0":"post-12940","1":"product","2":"type-product","3":"status-publish","4":"has-post-thumbnail","6":"product_cat-handheld-gaming-pcs-de","7":"product_shipping_class-premium","8":"pa_brand-ayaneo","9":"pa_graphics-gpu-model-radeon-graphics","10":"pa_operating-system-windows-11-home","11":"pa_processor-cpu-brand-amd","13":"first","14":"outofstock","15":"taxable","16":"shipping-taxable","17":"purchasable","18":"product-type-variable","19":"has-default-attributes"},"acf":[],"_links":{"self":[{"href":"https:\/\/ayaneo.co\/de\/wp-json\/wp\/v2\/product\/12940","targetHints":{"allow":["GET"]}}],"collection":[{"href":"https:\/\/ayaneo.co\/de\/wp-json\/wp\/v2\/product"}],"about":[{"href":"https:\/\/ayaneo.co\/de\/wp-json\/wp\/v2\/types\/product"}],"wp:featuredmedia":[{"embeddable":true,"href":"https:\/\/ayaneo.co\/de\/wp-json\/wp\/v2\/media\/12517"}],"wp:attachment":[{"href":"https:\/\/ayaneo.co\/de\/wp-json\/wp\/v2\/media?parent=12940"}],"wp:term":[{"taxonomy":"product_brand","embeddable":true,"href":"https:\/\/ayaneo.co\/de\/wp-json\/wp\/v2\/product_brand?post=12940"},{"taxonomy":"product_cat","embeddable":true,"href":"https:\/\/ayaneo.co\/de\/wp-json\/wp\/v2\/product_cat?post=12940"},{"taxonomy":"product_tag","embeddable":true,"href":"https:\/\/ayaneo.co\/de\/wp-json\/wp\/v2\/product_tag?post=12940"}],"curies":[{"name":"wp","href":"https:\/\/api.w.org\/{rel}","templated":true}]}}