{"id":13031,"date":"2025-01-28T11:05:14","date_gmt":"2025-01-28T11:05:14","guid":{"rendered":"https:\/\/ayaneo.co\/product\/droix-pm14-4k-tragbarer-monitor\/"},"modified":"2025-06-06T10:40:32","modified_gmt":"2025-06-06T10:40:32","slug":"droix-pm14-4k-tragbarer-monitor","status":"publish","type":"product","link":"https:\/\/ayaneo.co\/de\/product\/droix-pm14-4k-tragbarer-monitor\/","title":{"rendered":"DroiX PM14 4K Tragbarer Monitor"},"content":{"rendered":"\n<div class=\"wp-block-columns is-layout-flex wp-container-core-columns-is-layout-28f84493 wp-block-columns-is-layout-flex\">\n<div class=\"wp-block-column is-layout-flow wp-block-column-is-layout-flow\" style=\"flex-basis:33.33%\">\n<figure class=\"wp-block-image size-large\"><a href=\"https:\/\/droix.net\/wp-content\/uploads\/2024\/05\/DROIX-PM14-LISTING-V2-DONE-01-NON-TOUCH.png\" target=\"_blank\" rel=\"noopener\"><img decoding=\"async\" src=\"https:\/\/droix.net\/wp-content\/uploads\/2024\/05\/DROIX-PM14-LISTING-V2-DONE-01-NON-TOUCH-1024x1024.png\" alt=\"Image of DroiX Tragbarer Monitor, 14-Zoll, 4K, Ultra Thin&quot;\" class=\"wp-image-179745\"\/><\/a><\/figure>\n<\/div>\n\n\n\n<div class=\"wp-block-column is-layout-flow wp-block-column-is-layout-flow\" style=\"flex-basis:66.66%\">\n<h3 class=\"wp-block-heading\"><strong>DroiX PM14 - 14.0 Zoll 4K Ultrad\u00fcnner tragbarer Monitor<\/strong><\/h3>\n\n\n\n<p>Entdecken Sie die neuesten Entwicklungen in der Displaytechnologie mit dem DroiX PM14, einem ultraflachen 14,0-Zoll-Monitor f\u00fcr unterwegs, der sowohl mit als auch ohne Touchscreen erh\u00e4ltlich ist. Dieses innovative Ger\u00e4t setzt neue Ma\u00dfst\u00e4be im Bereich des mobilen Computings, indem es robuste Leistung mit au\u00dfergew\u00f6hnlicher Portabilit\u00e4t und modernem Design kombiniert. Ganz gleich, ob Sie ein Profi oder ein Unterhaltungsliebhaber sind, der DroiX PM14 4K-Monitor ist so konzipiert, dass er sich nahtlos in Ihren dynamischen Lebensstil einf\u00fcgt und die notwendige Vielseitigkeit bietet, egal ob Sie zu Hause, im B\u00fcro oder unterwegs sind.  <\/p>\n<\/div>\n<\/div>\n\n<h3 class=\"wp-block-heading\"><strong>Produkt\u00fcbersicht<\/strong><\/h3>\n\n<figure class=\"wp-block-image aligncenter size-large\"><a href=\"https:\/\/droix.net\/wp-content\/uploads\/2024\/04\/1080P-FHD.jpg\" target=\"_blank\" rel=\"noopener\"><img decoding=\"async\" src=\"https:\/\/droix.net\/wp-content\/uploads\/2024\/04\/1080P-FHD-1024x420.jpg\" alt=\"Image of DroiX Tragbarer Monitor, 14 Zoll, 4K, Ultra Thin, mit einer gestochen scharfen 3840x2160 UHD-Aufl&#xF6;sung mit lebendigen Farben und unglaublichen Details, DCI-P3 100% Farbumfang und HDR400 Unterst&#xFC;tzung\" class=\"wp-image-178360\"\/><\/a><\/figure>\n\n<p>Der tragbare Monitor DroiX PM14 zeigt moderne Technik vom Feinsten. Mit einer lebendigen UHD-Aufl\u00f6sung von 3840&#215;2160 erweckt er Inhalte mit leuchtenden Farben und au\u00dfergew\u00f6hnlichen Details zum Leben. Mit einer DCI-P3-Farbskala von 100% und HDR400-Unterst\u00fctzung liefert er atemberaubende Bilder mit tiefen Schwarzt\u00f6nen und hellem Wei\u00df. Sein schlankes Profil und sein geringes Gewicht sorgen f\u00fcr ultimative Mobilit\u00e4t, ohne dass Sie Kompromisse bei Qualit\u00e4t oder Leistung eingehen m\u00fcssen.  <\/p>\n\n<figure class=\"wp-block-image aligncenter size-large\"><a href=\"https:\/\/droix.net\/wp-content\/uploads\/2024\/04\/Color.jpg\" target=\"_blank\" rel=\"noopener\"><img decoding=\"async\" src=\"https:\/\/droix.net\/wp-content\/uploads\/2024\/04\/Color-1024x406.jpg\" alt=\"Image of DroiX Tragbarer Monitor, 14 Zoll, 4K, Ultra Thin, mit DCI-P3 100% Farbraum und HDR400 Unterst&#xFC;tzung f&#xFC;r atemberaubende Bilder mit tiefen Schwarzt&#xF6;nen und hellem Wei&#xDF;. Schlankes Profil und leichtes Design f&#xFC;r ultimative Mobilit&#xE4;t ohne Abstriche bei der Qualit&#xE4;t oder Leistung. \" class=\"wp-image-178361\"\/><\/a><\/figure>\n\n<p>Der DroiX PM14 ist ergonomisch hervorragend gestaltet und verf\u00fcgt \u00fcber ein benutzerfreundliches Steuerrad und vielseitige Anschlussm\u00f6glichkeiten wie Mini HDMI und mehrere USB-C-Anschl\u00fcsse. Das macht ihn anpassungsf\u00e4hig f\u00fcr alle Ihre Ger\u00e4te, egal ob Sie auf der PlayStation spielen, auf dem Mac Videos schneiden oder von Ihrem Laptop aus pr\u00e4sentieren. Der PM14 f\u00fcgt sich nahtlos in jedes Setup ein und bietet einen niedrigen Stromverbrauch und eine hohe Effizienz, so dass Sie l\u00e4nger arbeiten k\u00f6nnen, ohne sich Sorgen um die Batterien Ihrer Ger\u00e4te machen zu m\u00fcssen.  <\/p>\n\n<figure class=\"wp-block-image aligncenter size-large\"><a href=\"https:\/\/droix.net\/wp-content\/uploads\/2024\/04\/Modes.jpg\" target=\"_blank\" rel=\"noopener\"><img decoding=\"async\" src=\"https:\/\/droix.net\/wp-content\/uploads\/2024\/04\/Modes-1024x419.jpg\" alt=\"Image of DroiX Tragbarer Monitor, 14-Zoll, 4K, Ultra Thin, kompatibel mit Laptops, Mac, Smartphones, Tablets, PCs, PS3\/4\/5, Xbox und Switc\" class=\"wp-image-178357\"\/><\/a><\/figure>\n\n<h3 class=\"wp-block-heading\"><strong>Detaillierte Merkmale<\/strong><\/h3>\n\n<ul class=\"wp-block-list\">\n<li>Leistung: Der tragbare DroiX PM14 4K-Monitor bietet mit einer Bildwiederholfrequenz von 60 Hz und einer Reaktionszeit von 2,5 ms ein reaktionsschnelles und beeindruckendes Seherlebnis, das selbst bei schnellen Szenen fl\u00fcssige Bewegungen und scharfe Bilder gew\u00e4hrleistet. Er bietet eine Leuchtdichte von 500 cd\/m\u00b2 und ein Kontrastverh\u00e4ltnis von 1500:1, was eine hervorragende Sichtbarkeit bei unterschiedlichen Lichtverh\u00e4ltnissen gew\u00e4hrleistet. <\/li>\n\n\n\n<li>Konnektivit\u00e4t: Der DroiX PM14 bietet vielseitige Anschlussm\u00f6glichkeiten. Er verf\u00fcgt \u00fcber zwei USB-C-Anschl\u00fcsse f\u00fcr die Strom- und Videodaten\u00fcbertragung, einen zus\u00e4tzlichen USB-C-Anschluss f\u00fcr Peripherieger\u00e4te wie Tastaturen und M\u00e4use, einen Mini-HDMI-Anschluss f\u00fcr herk\u00f6mmliche Videoverbindungen und eine Audiobuchse f\u00fcr den privaten H\u00f6rgenuss.<\/li>\n<\/ul>\n\n<figure class=\"wp-block-image aligncenter size-large\"><a href=\"https:\/\/droix.net\/wp-content\/uploads\/2024\/04\/interface.jpg\" target=\"_blank\" rel=\"noopener\"><img decoding=\"async\" src=\"https:\/\/droix.net\/wp-content\/uploads\/2024\/04\/interface-1024x1024.jpg\" alt=\"Bild des DroiX PM14 Portable Monitor, der eine breite Palette von HDMI- und Type-C-Ger&#xE4;ten unterst&#xFC;tzt und so die Kompatibilit&#xE4;t in allen digitalen &#xD6;kosystemen verbessert. Ideal f&#xFC;r Gamer, Kreativprofis am Mac und Gesch&#xE4;ftsleute, die einen zus&#xE4;tzlichen Bildschirm ben&#xF6;tigen. Benutzerfreundlich f&#xFC;r Windows mit Plug-and-Play-Einrichtung f&#xFC;r problemlose Nutzung  \" class=\"wp-image-178362\"\/><\/a><\/figure>\n\n<h3 class=\"wp-block-heading\"><strong>Benutzererfahrung<\/strong><\/h3>\n\n<p>Der DroiX PM14 unterst\u00fctzt eine breite Palette von HDMI- und Typ-C-Ger\u00e4ten und gew\u00e4hrleistet so Kompatibilit\u00e4t in verschiedenen digitalen \u00d6kosystemen. Ganz gleich, ob Sie als Gamer einen tragbaren Monitor suchen, als Kreativprofi einen Mac verwenden oder als Gesch\u00e4ftsmann einen zus\u00e4tzlichen Bildschirm f\u00fcr Pr\u00e4sentationen ben\u00f6tigen, der PM14 passt sich m\u00fchelos an Ihre Bed\u00fcrfnisse an. Mit seiner benutzerfreundlichen Plug-and-Play-Einrichtung eignet er sich hervorragend f\u00fcr Windows-Umgebungen und erm\u00f6glicht Ihnen einen nahtlosen \u00dcbergang zur Arbeit oder zum Spiel ohne Probleme.  <\/p>\n\n<figure class=\"wp-block-image aligncenter size-large\"><a href=\"https:\/\/droix.net\/wp-content\/uploads\/2024\/04\/portable1.jpg\" target=\"_blank\" rel=\"noopener\"><img decoding=\"async\" src=\"https:\/\/droix.net\/wp-content\/uploads\/2024\/04\/portable1-1024x483.jpg\" alt=\"Image of DroiX Tragbarer Monitor, 14-Zoll, 4K, ultrad&#xFC;nn, leicht und tragbar\" class=\"wp-image-178358\"\/><\/a><\/figure>\n\n<h3 class=\"wp-block-heading\"><strong>Fazit<\/strong><\/h3>\n\n<p>Der DroiX PM14 ist eine hochmoderne L\u00f6sung, die hervorragende Funktionalit\u00e4t, au\u00dfergew\u00f6hnliches Design und die Freiheit der Mobilit\u00e4t miteinander verbindet. Er ist mehr als nur ein Monitor, er ist ein Tor zur Steigerung Ihrer Produktivit\u00e4t und Unterhaltung, wo immer Sie sind. <\/p>\n\n<p>Entdecken Sie die Zukunft der tragbaren Monitore f\u00fcr Laptops mit dem DroiX PM14. Lassen Sie sich das nicht entgehen. Sichern Sie sich jetzt Ihr Ger\u00e4t und geh\u00f6ren Sie zu den Ersten, die Ihr Seherlebnis unterwegs verbessern! <\/p>\n","protected":false},"excerpt":{"rendered":"<ul>\n<li>4K 14&#8243;<strong> HDR400<\/strong> Bildschirm<\/li>\n<li>100%<strong> DCI-P3-Abdeckung<\/strong> <\/li>\n<li>500 <strong>Nits<\/strong> Helligkeit<\/li>\n<li><strong> Eingebauter<\/strong> Kickstand<\/li>\n<li> <strong> Eingebaute<\/strong> Lautsprecher<\/li>\n<\/ul>\n[cg_accordion title=\"INFO ZUR BEZAHLUNG\"]<\/p>\n<p>Wir verwenden die neueste Technologie in der Zahlungsabwicklung, die es Ihnen erm\u00f6glicht, \u00fcber Apple Pay, Google Pay, Ihre Debit-\/Kreditkarte, PayPal oder BNPL-Methoden wie Klarna, Affirm oder AfterPay schnell und sicher zu bezahlen.[\/cg_accordion]\n[cg_accordion title=\"GARANTIE\"]<\/p>\n<p>1 Jahr Garantie von <a href=\"https:\/\/droix.net\/\" target=\"_blank\" rel=\"nofollow noopener\">DROIX Global<\/a> f\u00fcr Ihren Seelenfrieden[\/cg_accordion]\n[cg_accordion title=\"PREISE, STEUERN UND VERSAND\"]<\/p>\n<p><strong><u>Anmerkung:<\/u><\/strong><\/p>\n<ul>\n<li>Kunden aus den Vereinigten Staaten: Der angezeigte Preis enth\u00e4lt KEINE STEUERN oder Z\u00f6lle. Die Verantwortung f\u00fcr die Zollabfertigung und die Zahlung aller damit verbundenen Steuern und Abgaben liegt beim Kunden. <\/li>\n<li>EU-Kunden: Der angezeigte Preis enth\u00e4lt die anwendbare STEUER, die je nach Land bis zu 25% betragen kann.<\/li>\n<li>Kunden aus Kanada: Der angezeigte Preis enth\u00e4lt die anfallenden Steuern, die je nach Provinz 5% GST und zus\u00e4tzliche Provincial Sales Taxes (PST), Harmonized Sales Tax (HST) oder Quebec Sales Tax (QST) umfassen k\u00f6nnen.<\/li>\n<\/ul>\n<p><strong>NUR f\u00fcr EU-Kunden:<\/strong> Express DDP (Delivered Duty Paid). Dies bedeutet: <\/p>\n<ul>\n<li>Alle Z\u00f6lle und Steuern sind in dem auf der Produktseite angegebenen Preis enthalten.<\/li>\n<li>Sie m\u00fcssen bei der Lieferung keine zus\u00e4tzlichen Geb\u00fchren zahlen.<\/li>\n<li>Im seltenen Fall von Zollproblemen \u00fcbernimmt unser Team die Zollabfertigung in Ihrem Namen, um eine reibungslose Lieferung zu gew\u00e4hrleisten.<\/li>\n<p>Wichtige Informationen \u00fcber R\u00fccksendungen:<\/p>\n<li>Wenn Sie sich entscheiden, Ihre Bestellung zur\u00fcckzusenden oder eine R\u00fcckerstattung zu beantragen, beachten Sie bitte, dass Steuern und Abgaben, die im Rahmen von DDP in Ihrem Namen gezahlt wurden, nicht erstattet werden k\u00f6nnen.<\/li>\n<p>Detaillierte Informationen finden Sie in unseren <a href=\"https:\/\/ayaneo.co\/de\/allgemeine-geschaeftsbedingungen\/\" target=\"_blank\" rel=\"nofollow noopener\">Allgemeinen Gesch\u00e4ftsbedingungen<\/a>.\n<\/ul>\n<p>[\/cg_accordion]\n[cg_accordion title=\"KUNDENBETREUUNG\"]<\/p>\n<p>Haben Sie eine Frage? Wir sind nur eine kurze SMS davon entfernt, Ihr Problem zu l\u00f6sen!<br \/>\n[\/cg_accordion]\n","protected":false},"featured_media":8057,"template":"","meta":{"_acf_changed":false},"product_brand":[],"product_cat":[1020],"product_tag":[],"class_list":{"0":"post-13031","1":"product","2":"type-product","3":"status-publish","4":"has-post-thumbnail","6":"product_cat-tragbare-monitore","7":"product_shipping_class-standard","8":"pa_brand-droix","10":"first","11":"outofstock","12":"sale","13":"taxable","14":"shipping-taxable","15":"purchasable","16":"product-type-variable","17":"has-default-attributes"},"acf":[],"_links":{"self":[{"href":"https:\/\/ayaneo.co\/de\/wp-json\/wp\/v2\/product\/13031","targetHints":{"allow":["GET"]}}],"collection":[{"href":"https:\/\/ayaneo.co\/de\/wp-json\/wp\/v2\/product"}],"about":[{"href":"https:\/\/ayaneo.co\/de\/wp-json\/wp\/v2\/types\/product"}],"wp:featuredmedia":[{"embeddable":true,"href":"https:\/\/ayaneo.co\/de\/wp-json\/wp\/v2\/media\/8057"}],"wp:attachment":[{"href":"https:\/\/ayaneo.co\/de\/wp-json\/wp\/v2\/media?parent=13031"}],"wp:term":[{"taxonomy":"product_brand","embeddable":true,"href":"https:\/\/ayaneo.co\/de\/wp-json\/wp\/v2\/product_brand?post=13031"},{"taxonomy":"product_cat","embeddable":true,"href":"https:\/\/ayaneo.co\/de\/wp-json\/wp\/v2\/product_cat?post=13031"},{"taxonomy":"product_tag","embeddable":true,"href":"https:\/\/ayaneo.co\/de\/wp-json\/wp\/v2\/product_tag?post=13031"}],"curies":[{"name":"wp","href":"https:\/\/api.w.org\/{rel}","templated":true}]}}