{"id":13847,"date":"2025-05-02T12:08:14","date_gmt":"2025-05-02T12:08:14","guid":{"rendered":"https:\/\/ayaneo.co\/?post_type=product&#038;p=13847"},"modified":"2025-12-11T00:13:27","modified_gmt":"2025-12-11T00:13:27","slug":"ayaneo-pocket-ace","status":"publish","type":"product","link":"https:\/\/ayaneo.co\/de\/product\/ayaneo-pocket-ace\/","title":{"rendered":"AYANEO Pocket ACE"},"content":{"rendered":"\n<figure class=\"wp-block-video\"><video height=\"720\" style=\"aspect-ratio: 1280 \/ 720;\" width=\"1280\" controls=\"\" poster=\"https:\/\/ayaneo.co\/wp-content\/uploads\/2025\/05\/maxresdefault-5.jpg\" src=\"https:\/\/ayaneo.co\/wp-content\/uploads\/2025\/05\/ace.mp4\"><\/video><\/figure>\n\n<div class=\"wp-block-columns is-layout-flex wp-container-core-columns-is-layout-28f84493 wp-block-columns-is-layout-flex\">\n<div class=\"wp-block-column is-layout-flow wp-block-column-is-layout-flow\" style=\"flex-basis:33.33%\">\n<figure class=\"wp-block-image size-full\"><a href=\"https:\/\/ayaneo.co\/wp-content\/uploads\/2025\/05\/AYANEO-POCKET-ACE-MARKETING-DONE-01-1024x837-1.jpg\"><img fetchpriority=\"high\" decoding=\"async\" width=\"1024\" height=\"837\" src=\"https:\/\/ayaneo.co\/wp-content\/uploads\/2025\/05\/AYANEO-POCKET-ACE-MARKETING-DONE-01-1024x837-1.jpg\" alt=\"Eine tragbare Spielkonsole, die AYANEO Pocket ACE, steht auf einem Tisch mit einem bunten Farbverlaufslogo auf dem Bildschirm. Das Ger&#xE4;t verf&#xFC;gt &#xFC;ber ein D-Pad, Analogsticks und Aktionstasten, die alle in einer warmen Umgebung mit einem unscharfen orangefarbenen Hintergrund beleuchtet sind. \" class=\"wp-image-37460\" srcset=\"https:\/\/ayaneo.co\/wp-content\/uploads\/2025\/05\/AYANEO-POCKET-ACE-MARKETING-DONE-01-1024x837-1.jpg 1024w, https:\/\/ayaneo.co\/wp-content\/uploads\/2025\/05\/AYANEO-POCKET-ACE-MARKETING-DONE-01-1024x837-1-300x245.jpg 300w, https:\/\/ayaneo.co\/wp-content\/uploads\/2025\/05\/AYANEO-POCKET-ACE-MARKETING-DONE-01-1024x837-1-768x628.jpg 768w, https:\/\/ayaneo.co\/wp-content\/uploads\/2025\/05\/AYANEO-POCKET-ACE-MARKETING-DONE-01-1024x837-1-990x809.jpg 990w, https:\/\/ayaneo.co\/wp-content\/uploads\/2025\/05\/AYANEO-POCKET-ACE-MARKETING-DONE-01-1024x837-1-441x360.jpg 441w, https:\/\/ayaneo.co\/wp-content\/uploads\/2025\/05\/AYANEO-POCKET-ACE-MARKETING-DONE-01-1024x837-1-600x490.jpg 600w, https:\/\/ayaneo.co\/wp-content\/uploads\/2025\/05\/AYANEO-POCKET-ACE-MARKETING-DONE-01-1024x837-1-150x123.jpg 150w\" sizes=\"(max-width: 1024px) 100vw, 1024px\" \/><\/a><\/figure>\n<\/div>\n\n\n\n<div class=\"wp-block-column is-layout-flow wp-block-column-is-layout-flow\" style=\"flex-basis:66.66%\">\n<h3 class=\"wp-block-heading\">Erleben Sie Retro-Gaming wie nie zuvor mit dem AYANEO Pocket ACE<\/h3>\n\n\n\n<p>Der AYANEO Pocket ACE ist ein revolution\u00e4res Handheld-Gaming-Ger\u00e4t, das den Charme des Retro-Gaming nahtlos mit moderner Spitzentechnologie verbindet. Inspiriert von klassischen horizontalen Handheld-Konsolen bietet dieses Ger\u00e4t eine nostalgische \u00c4sthetik gepaart mit leistungsstarker Performance und ist damit eine ausgezeichnete Wahl sowohl f\u00fcr Retro-Gaming-Fans als auch f\u00fcr moderne Gamer. <\/p>\n<\/div>\n<\/div>\n\n<hr class=\"wp-block-separator has-alpha-channel-opacity\"\/>\n\n<div class=\"wp-block-columns is-layout-flex wp-container-core-columns-is-layout-28f84493 wp-block-columns-is-layout-flex\">\n<div class=\"wp-block-column is-layout-flow wp-block-column-is-layout-flow\">\n<figure class=\"wp-block-image size-full\"><a href=\"https:\/\/ayaneo.co\/wp-content\/uploads\/2025\/05\/snapdragon_g3x_gen2_rounded-1024x837-1.png\"><img decoding=\"async\" width=\"1024\" height=\"837\" src=\"https:\/\/ayaneo.co\/wp-content\/uploads\/2025\/05\/snapdragon_g3x_gen2_rounded-1024x837-1.png\" alt=\"Snapdragon G3x Gen 2 Prozessorabzeichen in einem abgerundeten goldenen Quadrat mit rotem Flammenemblem auf der rechten Seite und fettgedrucktem rotem Text mit der Aufschrift 'Snapdragon G3x Gen 2' auf der linken Seite.\" class=\"wp-image-37462\" srcset=\"https:\/\/ayaneo.co\/wp-content\/uploads\/2025\/05\/snapdragon_g3x_gen2_rounded-1024x837-1.png 1024w, https:\/\/ayaneo.co\/wp-content\/uploads\/2025\/05\/snapdragon_g3x_gen2_rounded-1024x837-1-300x245.png 300w, https:\/\/ayaneo.co\/wp-content\/uploads\/2025\/05\/snapdragon_g3x_gen2_rounded-1024x837-1-768x628.png 768w, https:\/\/ayaneo.co\/wp-content\/uploads\/2025\/05\/snapdragon_g3x_gen2_rounded-1024x837-1-990x809.png 990w, https:\/\/ayaneo.co\/wp-content\/uploads\/2025\/05\/snapdragon_g3x_gen2_rounded-1024x837-1-441x360.png 441w, https:\/\/ayaneo.co\/wp-content\/uploads\/2025\/05\/snapdragon_g3x_gen2_rounded-1024x837-1-600x490.png 600w, https:\/\/ayaneo.co\/wp-content\/uploads\/2025\/05\/snapdragon_g3x_gen2_rounded-1024x837-1-150x123.png 150w\" sizes=\"(max-width: 1024px) 100vw, 1024px\" \/><\/a><\/figure>\n\n\n\n<h3 class=\"wp-block-heading\">Leistung<\/h3>\n\n\n\n<p>Das Herzst\u00fcck des Pocket ACE ist die Snapdragon G3x Gen 2 Spieleplattform, die eine Dauerleistung von bis zu 15 Watt liefert. Dieser leistungsstarke Prozessor sorgt f\u00fcr eine reibungslose Emulation von Retro-Titeln und eine effiziente Handhabung von modernen Android-Spielen. Das Ger\u00e4t bietet mehrere Leistungsmodi - Sparen, Balance, Spiel und Max -, mit denen der Benutzer die Leistung je nach seinen Spielanforderungen optimieren kann.  <\/p>\n<\/div>\n\n\n\n<div class=\"wp-block-column is-layout-flow wp-block-column-is-layout-flow\">\n<figure class=\"wp-block-image size-full\"><a href=\"https:\/\/ayaneo.co\/wp-content\/uploads\/2025\/05\/AYANEO-POCKET-ACE-MARKETING-DONE-02-1024x837-1.jpg\"><img decoding=\"async\" width=\"1024\" height=\"837\" src=\"https:\/\/ayaneo.co\/wp-content\/uploads\/2025\/05\/AYANEO-POCKET-ACE-MARKETING-DONE-02-1024x837-1.jpg\" alt=\"Zwei AYANEO Pocket ACE Handheld-Spielkonsolen nebeneinander - eine wei&#xDF;e mit roten Tasten mit der Aufschrift 'Retro Power' und eine schwarze mit dunklen Bedienelementen. Beide zeigen farbenfrohe, gestreifte Bildschirmgrafiken, die unterschiedliche Farbschemata pr&#xE4;sentieren. Beleuchtet mit warmen und k&#xFC;hlen T&#xF6;nen, um das Hardware-Design und die Schultertasten hervorzuheben.  \" class=\"wp-image-37463\" srcset=\"https:\/\/ayaneo.co\/wp-content\/uploads\/2025\/05\/AYANEO-POCKET-ACE-MARKETING-DONE-02-1024x837-1.jpg 1024w, https:\/\/ayaneo.co\/wp-content\/uploads\/2025\/05\/AYANEO-POCKET-ACE-MARKETING-DONE-02-1024x837-1-300x245.jpg 300w, https:\/\/ayaneo.co\/wp-content\/uploads\/2025\/05\/AYANEO-POCKET-ACE-MARKETING-DONE-02-1024x837-1-768x628.jpg 768w, https:\/\/ayaneo.co\/wp-content\/uploads\/2025\/05\/AYANEO-POCKET-ACE-MARKETING-DONE-02-1024x837-1-990x809.jpg 990w, https:\/\/ayaneo.co\/wp-content\/uploads\/2025\/05\/AYANEO-POCKET-ACE-MARKETING-DONE-02-1024x837-1-441x360.jpg 441w, https:\/\/ayaneo.co\/wp-content\/uploads\/2025\/05\/AYANEO-POCKET-ACE-MARKETING-DONE-02-1024x837-1-600x490.jpg 600w, https:\/\/ayaneo.co\/wp-content\/uploads\/2025\/05\/AYANEO-POCKET-ACE-MARKETING-DONE-02-1024x837-1-150x123.jpg 150w\" sizes=\"(max-width: 1024px) 100vw, 1024px\" \/><\/a><\/figure>\n\n\n\n<h3 class=\"wp-block-heading\">Steuerelemente und Eingaben<\/h3>\n\n\n\n<p>Der Pocket ACE ist mit einem vielseitigen Steuerungslayout ausgestattet, das f\u00fcr verschiedene Spielgenres geeignet ist. Die wichtigsten Merkmale sind. <\/p>\n\n\n\n<ul class=\"wp-block-list\">\n<li>Mittlere Hall-Effekt-Dual-Analog-Joysticks f\u00fcr pr\u00e4zise Eingaben<\/li>\n\n\n\n<li>Lineare Hall-Effekt-Trigger f\u00fcr reaktionsschnelle Steuerung<\/li>\n\n\n\n<li>Ein D-Pad im Retro-Stil an der Oberseite f\u00fcr klassisches Spielgef\u00fchl<\/li>\n\n\n\n<li>ABXY Gesichtstasten mit anpassbaren Layouts<\/li>\n\n\n\n<li>Zus\u00e4tzliche Tasten wie Home, Turbo und Emulator-Shortcuts<\/li>\n<\/ul>\n<\/div>\n\n\n\n<div class=\"wp-block-column is-layout-flow wp-block-column-is-layout-flow\">\n<figure class=\"wp-block-image size-full\"><a href=\"https:\/\/ayaneo.co\/wp-content\/uploads\/2025\/05\/seamless_power_combination_rounded-1024x837-1.png\"><img loading=\"lazy\" decoding=\"async\" width=\"1024\" height=\"837\" src=\"https:\/\/ayaneo.co\/wp-content\/uploads\/2025\/05\/seamless_power_combination_rounded-1024x837-1.png\" alt=\"Infografik zu den Leistungsmerkmalen einer tragbaren Spielkonsole. Zu den Highlights geh&#xF6;ren LPDDR5X-Speicher mit 8533 Mbps, UFS 4.0-Speicher mit 4000+ MB\/s Lesegeschwindigkeit und Unterst&#xFC;tzung f&#xFC;r gro&#xDF;e Speicherkapazit&#xE4;ten f&#xFC;r zahlreiche Spiele. Drei Panels veranschaulichen den Arbeitsspeicher, den Speicher und die Spielebibliothek mit pixeligen Grafiken und Miniaturansichten der Spielecover.  \" class=\"wp-image-37464\" srcset=\"https:\/\/ayaneo.co\/wp-content\/uploads\/2025\/05\/seamless_power_combination_rounded-1024x837-1.png 1024w, https:\/\/ayaneo.co\/wp-content\/uploads\/2025\/05\/seamless_power_combination_rounded-1024x837-1-300x245.png 300w, https:\/\/ayaneo.co\/wp-content\/uploads\/2025\/05\/seamless_power_combination_rounded-1024x837-1-768x628.png 768w, https:\/\/ayaneo.co\/wp-content\/uploads\/2025\/05\/seamless_power_combination_rounded-1024x837-1-990x809.png 990w, https:\/\/ayaneo.co\/wp-content\/uploads\/2025\/05\/seamless_power_combination_rounded-1024x837-1-441x360.png 441w, https:\/\/ayaneo.co\/wp-content\/uploads\/2025\/05\/seamless_power_combination_rounded-1024x837-1-600x490.png 600w, https:\/\/ayaneo.co\/wp-content\/uploads\/2025\/05\/seamless_power_combination_rounded-1024x837-1-150x123.png 150w\" sizes=\"(max-width: 1024px) 100vw, 1024px\" \/><\/a><\/figure>\n\n\n\n<h3 class=\"wp-block-heading\">Speicherung und Konnektivit\u00e4t<\/h3>\n\n\n\n<p>Der AYANEO Pocket ACE bietet flexible Aufbewahrungsm\u00f6glichkeiten, um den unterschiedlichen Bed\u00fcrfnissen der Benutzer gerecht zu werden.<\/p>\n\n\n\n<ul class=\"wp-block-list\">\n<li>8GB RAM + 128GB Speicher<\/li>\n\n\n\n<li>12GB RAM + 256GB Speicher<\/li>\n\n\n\n<li>16GB RAM + 512GB Speicher<\/li>\n\n\n\n<li>16GB RAM + 1TB Speicher<\/li>\n<\/ul>\n\n\n\n<p>Ein microSD-Kartensteckplatz ist ebenfalls vorhanden, um die Speicherkapazit\u00e4t einfach zu erweitern. Was die Konnektivit\u00e4t betrifft, so verf\u00fcgt das Ger\u00e4t \u00fcber High-Speed-Wi-Fi, Bluetooth 5.3 und einen USB 3.2 Gen 2 Typ-C-Anschluss, der 10 Gbps Daten\u00fcbertragung und DP 1.4 Videoausgang unterst\u00fctzt. <\/p>\n<\/div>\n<\/div>\n\n<hr class=\"wp-block-separator has-alpha-channel-opacity\"\/>\n\n<div class=\"wp-block-columns is-layout-flex wp-container-core-columns-is-layout-28f84493 wp-block-columns-is-layout-flex\">\n<div class=\"wp-block-column is-layout-flow wp-block-column-is-layout-flow\">\n<figure class=\"wp-block-image size-full\"><a href=\"https:\/\/ayaneo.co\/wp-content\/uploads\/2025\/05\/ips_screen_rounded-1-1024x837-1.png\"><img loading=\"lazy\" decoding=\"async\" width=\"1024\" height=\"837\" src=\"https:\/\/ayaneo.co\/wp-content\/uploads\/2025\/05\/ips_screen_rounded-1-1024x837-1.png\" alt=\"Eine Werbegrafik f&#xFC;r eine wei&#xDF;e Handheld-Spielkonsole (AYNNO Pocket ACE). Das Bild zeigt zwei Konsolen, die vor einem hellen Hintergrund mit einem blau-gelben Farbverlauf schweben. Der Bildschirm der Konsole zeigt ein farbenfrohes Retro-Regenbogenstreifendesign mit dem Text &quot;AYNNO Pocket ACE&quot;. Oben auf dem Bildschirm steht in wei&#xDF;er Schrift: &quot;4,5&quot; IPS Original-Farbbildschirm, mit exquisiten Bildern, die zum Leben erwachen&quot;.   \" class=\"wp-image-37465\" style=\"object-fit:cover\" srcset=\"https:\/\/ayaneo.co\/wp-content\/uploads\/2025\/05\/ips_screen_rounded-1-1024x837-1.png 1024w, https:\/\/ayaneo.co\/wp-content\/uploads\/2025\/05\/ips_screen_rounded-1-1024x837-1-300x245.png 300w, https:\/\/ayaneo.co\/wp-content\/uploads\/2025\/05\/ips_screen_rounded-1-1024x837-1-768x628.png 768w, https:\/\/ayaneo.co\/wp-content\/uploads\/2025\/05\/ips_screen_rounded-1-1024x837-1-990x809.png 990w, https:\/\/ayaneo.co\/wp-content\/uploads\/2025\/05\/ips_screen_rounded-1-1024x837-1-441x360.png 441w, https:\/\/ayaneo.co\/wp-content\/uploads\/2025\/05\/ips_screen_rounded-1-1024x837-1-600x490.png 600w, https:\/\/ayaneo.co\/wp-content\/uploads\/2025\/05\/ips_screen_rounded-1-1024x837-1-150x123.png 150w\" sizes=\"(max-width: 1024px) 100vw, 1024px\" \/><\/a><\/figure>\n\n\n\n<h3 class=\"wp-block-heading\">Design und Anzeige<\/h3>\n\n\n\n<p>Der AYANEO Pocket ACE zeichnet sich durch ein schlankes und kompaktes Design aus, das an traditionelle horizontale Handheld-Konsolen erinnert. Das 4,5 Zoll gro\u00dfe IPS-Display mit einer Aufl\u00f6sung von 1620\u00d71080 Pixeln und einem Seitenverh\u00e4ltnis von 3:2 sorgt f\u00fcr lebendige Farben und eine scharfe Darstellung, die sowohl Retro- als auch moderne Spiele zum Leben erweckt. Das Ger\u00e4t ist in drei verschiedenen Farboptionen erh\u00e4ltlich.  <\/p>\n\n\n\n<ul class=\"wp-block-list\">\n<li>Schattentanz Schwarz<\/li>\n\n\n\n<li>Leichte Klinge Wei\u00df<\/li>\n\n\n\n<li>Retro Power (limitierte Auflage)<\/li>\n<\/ul>\n\n\n\n<p>Die vierfach gekr\u00fcmmten Kanten und die fortschrittliche UV-Beschichtung sorgen f\u00fcr einen angenehmen Griff und ein erstklassiges Gef\u00fchl, so dass auch l\u00e4ngere Gaming-Sessions angenehm bleiben.<\/p>\n<\/div>\n\n\n\n<div class=\"wp-block-column is-layout-flow wp-block-column-is-layout-flow\">\n<figure class=\"wp-block-image size-full\"><a href=\"https:\/\/ayaneo.co\/wp-content\/uploads\/2025\/05\/battery_6000mah_rounded-1024x837-1.png\"><img loading=\"lazy\" decoding=\"async\" width=\"1024\" height=\"837\" src=\"https:\/\/ayaneo.co\/wp-content\/uploads\/2025\/05\/battery_6000mah_rounded-1024x837-1.png\" alt=\"Eine Werbegrafik zur Hervorhebung der Batteriekapazit&#xE4;t. Vor einem dunklen, schwarz-gr&#xFC;nen Hintergrund mit Farbverlauf wird ein gro&#xDF;es, stilisiertes Batteriesymbol mit einem blau-gr&#xFC;nen Farbverlauf gezeigt. Die Zahl &quot;6000mAh&quot; wird deutlich unter dem Symbol angezeigt. Der wei&#xDF;e Text oben lautet: &quot;6000mAh gro&#xDF;er Akku, f&#xFC;r ausdauerndes Spielen jederzeit und &#xFC;berall&quot;.   \" class=\"wp-image-37466\" srcset=\"https:\/\/ayaneo.co\/wp-content\/uploads\/2025\/05\/battery_6000mah_rounded-1024x837-1.png 1024w, https:\/\/ayaneo.co\/wp-content\/uploads\/2025\/05\/battery_6000mah_rounded-1024x837-1-300x245.png 300w, https:\/\/ayaneo.co\/wp-content\/uploads\/2025\/05\/battery_6000mah_rounded-1024x837-1-768x628.png 768w, https:\/\/ayaneo.co\/wp-content\/uploads\/2025\/05\/battery_6000mah_rounded-1024x837-1-990x809.png 990w, https:\/\/ayaneo.co\/wp-content\/uploads\/2025\/05\/battery_6000mah_rounded-1024x837-1-441x360.png 441w, https:\/\/ayaneo.co\/wp-content\/uploads\/2025\/05\/battery_6000mah_rounded-1024x837-1-600x490.png 600w, https:\/\/ayaneo.co\/wp-content\/uploads\/2025\/05\/battery_6000mah_rounded-1024x837-1-150x123.png 150w\" sizes=\"(max-width: 1024px) 100vw, 1024px\" \/><\/a><\/figure>\n\n\n\n<h3 class=\"wp-block-heading\">Akku und zus\u00e4tzliche Funktionen<\/h3>\n\n\n\n<p>Der Pocket ACE wird von einem 6.000 mAh Akku angetrieben, der 40W PD-Schnellladung unterst\u00fctzt, damit Sie l\u00e4nger spielen k\u00f6nnen. Weitere bemerkenswerte Merkmale sind. <\/p>\n\n\n\n<ul class=\"wp-block-list\">\n<li>0916B Surge Linearmotor f\u00fcr immersives haptisches Feedback<\/li>\n\n\n\n<li>Sechs-Achsen-Gyroskop f\u00fcr Bewegungssteuerung<\/li>\n\n\n\n<li>Fortschrittliches K\u00fchlsystem mit ultrad\u00fcnnem L\u00fcfter, W\u00e4rmeableitungsrippen und Kupferplatte<\/li>\n\n\n\n<li>In die Einschalttaste integrierte Fingerabdruckerkennung<\/li>\n<\/ul>\n\n\n\n<p>Diese Funktionen sorgen f\u00fcr optimale Leistung und ein verbessertes Spielerlebnis<\/p>\n<\/div>\n<\/div>\n\n<hr class=\"wp-block-separator has-alpha-channel-opacity\"\/>\n\n<h3 class=\"wp-block-heading\">Benutzererfahrung und Fazit<\/h3>\n\n<p>Der AYANEO Pocket ACE ist ein erstklassiges Handheld-Gaming-Ger\u00e4t, das die Essenz des klassischen Retro-Gaming einf\u00e4ngt und gleichzeitig die Leistung und Vielseitigkeit moderner Technologie bietet. Sein kompaktes Design, seine starke Leistung und die anpassbaren Bedienelemente machen ihn zu einer au\u00dfergew\u00f6hnlichen Wahl f\u00fcr Spieler, die ein tragbares und fesselndes Spielerlebnis suchen. <\/p>\n\n<p>Lesen Sie unsere Rezension <a href=\"https:\/\/droix.net\/blogs\/ayaneo-pocket-ace-review\/\" target=\"_blank\" rel=\"noreferrer noopener nofollow\">hier<\/a>.<\/p>\n\n<p><\/p>\n","protected":false},"excerpt":{"rendered":"<ul>\n<li>Prozessor: Qualcomm<strong> G3x Gen 2<\/strong><\/li>\n<li>Display: 4,5&#8243;<strong> IPS randloser<\/strong> Touchscreen<\/li>\n<li>RAM: Bis zu<strong> 16GB<\/strong> LPDDR5X @ <strong>8533 MT\/s<\/strong><\/li>\n<li>Speicherplatz: Bis zu<strong> 1TB<\/strong> UFS 4.0<\/li>\n<li>Konnektivit\u00e4t: Wi-Fi<strong> 7<\/strong> &amp; Bluetooth <strong> 5.3<\/strong><\/li>\n<\/ul>\n<p><img loading=\"lazy\" decoding=\"async\" src=\"https:\/\/ayaneo.co\/wp-content\/uploads\/2025\/05\/acegifts2.jpg\" alt=\"Ein Werbebanner f\u00fcr  \" free=\"\" gifts=\"\" that=\"\" are=\"\" added=\"\" to=\"\" cart=\"\" for=\"\" a=\"\" handheld=\"\" gaming=\"\" console.=\"\" the=\"\" text=\"\" is=\"\" in=\"\" large=\"\" dark=\"\" grey=\"\" font=\"\" on=\"\" light=\"\" background.=\"\" image=\"\" displays=\"\" grid=\"\" of=\"\" product=\"\" accessories=\"\" with=\"\" case=\"\" protector=\"\" and=\"\" caps=\"\" width=\"1000\" height=\"140\" class=\"alignnone size-full wp-image-30151\" labels:=\"\" srcset=\"https:\/\/ayaneo.co\/wp-content\/uploads\/2025\/05\/acegifts2.jpg 1000w, https:\/\/ayaneo.co\/wp-content\/uploads\/2025\/05\/acegifts2-300x42.jpg 300w, https:\/\/ayaneo.co\/wp-content\/uploads\/2025\/05\/acegifts2-768x108.jpg 768w, https:\/\/ayaneo.co\/wp-content\/uploads\/2025\/05\/acegifts2-990x139.jpg 990w, https:\/\/ayaneo.co\/wp-content\/uploads\/2025\/05\/acegifts2-441x62.jpg 441w, https:\/\/ayaneo.co\/wp-content\/uploads\/2025\/05\/acegifts2-600x84.jpg 600w, https:\/\/ayaneo.co\/wp-content\/uploads\/2025\/05\/acegifts2-150x21.jpg 150w\" sizes=\"(max-width: 1000px) 100vw, 1000px\" \/><\/p>\n[cg_accordion title=\"INFO ZUR BEZAHLUNG\"]<\/p>\n<p>Wir verwenden die neueste Technologie in der Zahlungsabwicklung, die es Ihnen erm\u00f6glicht, \u00fcber Apple Pay, Google Pay, Ihre Debit-\/Kreditkarte, PayPal oder BNPL-Methoden wie Klarna, Affirm oder AfterPay schnell und sicher zu bezahlen.[\/cg_accordion]\n[cg_accordion title=\"GARANTIE\"]<\/p>\n<p>1 Jahr Garantie von <a href=\"https:\/\/droix.net\/\" target=\"_blank\" rel=\"nofollow noopener\">DROIX Global<\/a> f\u00fcr Ihren Seelenfrieden[\/cg_accordion]\n[cg_accordion title=\"QUALIT\u00c4TSSICHERUNG &amp; TESTS VOR DER AUSLIEFERUNG\"]<\/p>\n<p>Sicherstellung der Kundenzufriedenheit auf h\u00f6chstem Niveau: Jedes Ger\u00e4t wird vor der Auslieferung strengen Tests und einer mehrstufigen Qualit\u00e4tskontrolle unterzogen. Unser engagiertes Team pr\u00fcft die Leistung, Funktionalit\u00e4t und Integrit\u00e4t der Komponenten, um zu gew\u00e4hrleisten, dass Ihr AYANEO Ger\u00e4t bei der Ankunft in einwandfreiem Zustand ist und Sie sich darauf verlassen k\u00f6nnen. [\/cg_accordion]\n[cg_accordion title=\"PREISE, STEUERN UND VERSAND\"]<\/p>\n<p><strong><u>Anmerkung:<\/u><\/strong><\/p>\n<ul>\n<li>Kunden aus den Vereinigten Staaten: Der angezeigte Preis enth\u00e4lt KEINE STEUERN oder Z\u00f6lle. Die Verantwortung f\u00fcr die Zollabfertigung und die Zahlung aller damit verbundenen Steuern und Abgaben liegt beim Kunden. <\/li>\n<li>EU-Kunden: Der angezeigte Preis enth\u00e4lt die anwendbare STEUER, die je nach Land bis zu 25% betragen kann.<\/li>\n<li>Kunden aus Kanada: Der angezeigte Preis enth\u00e4lt die anfallenden Steuern, die je nach Provinz 5% GST und zus\u00e4tzliche Provincial Sales Taxes (PST), Harmonized Sales Tax (HST) oder Quebec Sales Tax (QST) umfassen k\u00f6nnen.<\/li>\n<\/ul>\n<p><strong>NUR f\u00fcr EU-Kunden:<\/strong> Express DDP (Delivered Duty Paid). Dies bedeutet: <\/p>\n<ul>\n<li>Alle Z\u00f6lle und Steuern sind in dem auf der Produktseite angegebenen Preis enthalten.<\/li>\n<li>Sie m\u00fcssen bei der Lieferung keine zus\u00e4tzlichen Geb\u00fchren zahlen.<\/li>\n<li>Im seltenen Fall von Zollproblemen \u00fcbernimmt unser Team die Zollabfertigung in Ihrem Namen, um eine reibungslose Lieferung zu gew\u00e4hrleisten.<\/li>\n<p>Wichtige Informationen \u00fcber R\u00fccksendungen:<\/p>\n<li>Wenn Sie sich entscheiden, Ihre Bestellung zur\u00fcckzusenden oder eine R\u00fcckerstattung zu beantragen, beachten Sie bitte, dass Steuern und Abgaben, die im Rahmen von DDP in Ihrem Namen gezahlt wurden, nicht erstattet werden k\u00f6nnen.<\/li>\n<p>Detaillierte Informationen finden Sie in unseren <a href=\"https:\/\/ayaneo.co\/de\/allgemeine-geschaeftsbedingungen\/\" target=\"_blank\" rel=\"nofollow noopener\">Allgemeinen Gesch\u00e4ftsbedingungen<\/a>.\n<\/ul>\n<p>[\/cg_accordion]\n[cg_accordion title=\"KUNDENBETREUUNG\"]<\/p>\n<p>Haben Sie eine Frage? Wir sind nur eine kurze SMS davon entfernt, Ihr Problem zu l\u00f6sen! [\/cg_accordion]\n[cg_accordion title=\"PAKET ENTH\u00c4LT\"]<\/p>\n<ul>\n<li>1x AYANEO Pocket ACE<\/li>\n<li>1x USB Typ-C Kabel<\/li>\n<li>1x Benutzerhandbuch<\/li>\n<\/ul>\n<p>[\/cg_accordion]\n","protected":false},"featured_media":14100,"template":"","meta":{"_acf_changed":false},"product_brand":[],"product_cat":[355],"product_tag":[],"class_list":{"0":"post-13847","1":"product","2":"type-product","3":"status-publish","4":"has-post-thumbnail","6":"product_cat-android-gaming-handheld-de","7":"product_shipping_class-premium","8":"pa_brand-ayaneo","9":"pa_graphics-gpu-model-adreno-a32","10":"pa_operating-system-android-13","11":"pa_processor-cpu-brand-qualcomm","13":"first","14":"outofstock","15":"taxable","16":"shipping-taxable","17":"purchasable","18":"product-type-variable","19":"has-default-attributes"},"acf":[],"_links":{"self":[{"href":"https:\/\/ayaneo.co\/de\/wp-json\/wp\/v2\/product\/13847","targetHints":{"allow":["GET"]}}],"collection":[{"href":"https:\/\/ayaneo.co\/de\/wp-json\/wp\/v2\/product"}],"about":[{"href":"https:\/\/ayaneo.co\/de\/wp-json\/wp\/v2\/types\/product"}],"wp:featuredmedia":[{"embeddable":true,"href":"https:\/\/ayaneo.co\/de\/wp-json\/wp\/v2\/media\/14100"}],"wp:attachment":[{"href":"https:\/\/ayaneo.co\/de\/wp-json\/wp\/v2\/media?parent=13847"}],"wp:term":[{"taxonomy":"product_brand","embeddable":true,"href":"https:\/\/ayaneo.co\/de\/wp-json\/wp\/v2\/product_brand?post=13847"},{"taxonomy":"product_cat","embeddable":true,"href":"https:\/\/ayaneo.co\/de\/wp-json\/wp\/v2\/product_cat?post=13847"},{"taxonomy":"product_tag","embeddable":true,"href":"https:\/\/ayaneo.co\/de\/wp-json\/wp\/v2\/product_tag?post=13847"}],"curies":[{"name":"wp","href":"https:\/\/api.w.org\/{rel}","templated":true}]}}