{"id":14692,"date":"2025-05-08T13:01:34","date_gmt":"2025-05-08T13:01:34","guid":{"rendered":"https:\/\/ayaneo.co\/product\/ayaneo-ag01-starship-grafik-dock\/"},"modified":"2026-01-06T00:31:13","modified_gmt":"2026-01-06T00:31:13","slug":"ayaneo-ag01","status":"publish","type":"product","link":"https:\/\/ayaneo.co\/de\/product\/ayaneo-ag01\/","title":{"rendered":"AYANEO AG01 Starship Grafik-Dock"},"content":{"rendered":"\n<figure class=\"wp-block-video\"><video height=\"1080\" style=\"aspect-ratio: 1920 \/ 1080;\" width=\"1920\" controls=\"\" poster=\"https:\/\/ayaneo.co\/wp-content\/uploads\/2025\/05\/maxresdefault-4.jpg\" src=\"https:\/\/ayaneo.co\/wp-content\/uploads\/2025\/05\/AYANEO-AG01-Starship-Graphic-Dock_-Salute-to-The-Era-of-Space-Science-Explore-The-Gaming-World.mp4\"><\/video><\/figure>\n\n<h2 class=\"wp-block-heading\" id=\"h-introducing-the-ayaneo-ag01-starship-graphics-dock-power-precision-and-portability-redefined\">Wir stellen vor: AYANEO AG01 Starship Graphics Dock: Leistung, Pr\u00e4zision und Portabilit\u00e4t neu definiert<\/h2>\n\n<p>Das <strong>AYANEO AG01 Starship Graphics Dock<\/strong> l\u00e4utet eine neue \u00c4ra f\u00fcr externe GPU-L\u00f6sungen ein. Es ist auf Gamer, Kreative und Profis zugeschnitten, die nichts Geringeres als eine herausragende Leistung erwarten. Mit seinem futuristischen Industriedesign, dem High-End-Grafikprozessor AMD Radeon RX 7600M XT und der robusten Kompatibilit\u00e4t mit Windows- und Linux -Systemen ist das AG01 nicht nur ein Zubeh\u00f6rteil, sondern ein Startpunkt f\u00fcr kompromisslose Leistung der Desktop-Klasse f\u00fcr unterwegs.   <\/p>\n\n<figure class=\"wp-block-image size-full\"><a href=\"https:\/\/ayaneo.co\/wp-content\/uploads\/2025\/05\/AYANEO-AG01-GRAPHICS_DOCK-MARKETING-IMAGE-DONE-1-1024x576-1.jpg\"><img fetchpriority=\"high\" decoding=\"async\" width=\"1024\" height=\"576\" src=\"https:\/\/ayaneo.co\/wp-content\/uploads\/2025\/05\/AYANEO-AG01-GRAPHICS_DOCK-MARKETING-IMAGE-DONE-1-1024x576-1.jpg\" alt=\"Ein d&#xFC;steres Sci-Fi-Werbebild des AYANEO AG01, auf dem der obere L&#xFC;fterring orange leuchtet und die Silhouette des Ger&#xE4;ts teilweise beleuchtet ist, was auf eine Weltraumumgebung hindeutet.\" class=\"wp-image-37414\" srcset=\"https:\/\/ayaneo.co\/wp-content\/uploads\/2025\/05\/AYANEO-AG01-GRAPHICS_DOCK-MARKETING-IMAGE-DONE-1-1024x576-1.jpg 1024w, https:\/\/ayaneo.co\/wp-content\/uploads\/2025\/05\/AYANEO-AG01-GRAPHICS_DOCK-MARKETING-IMAGE-DONE-1-1024x576-1-300x169.jpg 300w, https:\/\/ayaneo.co\/wp-content\/uploads\/2025\/05\/AYANEO-AG01-GRAPHICS_DOCK-MARKETING-IMAGE-DONE-1-1024x576-1-768x432.jpg 768w, https:\/\/ayaneo.co\/wp-content\/uploads\/2025\/05\/AYANEO-AG01-GRAPHICS_DOCK-MARKETING-IMAGE-DONE-1-1024x576-1-990x557.jpg 990w, https:\/\/ayaneo.co\/wp-content\/uploads\/2025\/05\/AYANEO-AG01-GRAPHICS_DOCK-MARKETING-IMAGE-DONE-1-1024x576-1-441x248.jpg 441w, https:\/\/ayaneo.co\/wp-content\/uploads\/2025\/05\/AYANEO-AG01-GRAPHICS_DOCK-MARKETING-IMAGE-DONE-1-1024x576-1-600x338.jpg 600w, https:\/\/ayaneo.co\/wp-content\/uploads\/2025\/05\/AYANEO-AG01-GRAPHICS_DOCK-MARKETING-IMAGE-DONE-1-1024x576-1-150x84.jpg 150w\" sizes=\"(max-width: 1024px) 100vw, 1024px\" \/><\/a><\/figure>\n\n<p>Seine innovative Integration von OCuLink- und USB4-Schnittstellen macht es zu einem der vielseitigsten eGPU-Docks auf dem Markt. Ganz gleich, ob Sie h\u00f6here Bildraten auf Ihrer Handheld-Konsole erzielen oder die Produktivit\u00e4t auf einem kompakten Laptop steigern wollen, die kompakte Bauweise des AG01 sorgt f\u00fcr erstklassige Grafikleistung, ohne die Mobilit\u00e4t zu beeintr\u00e4chtigen. Willkommen bei der n\u00e4chsten Generation externer GPUs - fett, sch\u00f6n und kampftauglich.  <\/p>\n\n<hr class=\"wp-block-separator has-alpha-channel-opacity\"\/>\n\n<h2 class=\"wp-block-heading\" id=\"h-ayaneo-ag01-starship-grade-external-gpu-dock\">AYANEO AG01 - Externes GPU-Dock in Raumschiffqualit\u00e4t<\/h2>\n\n<p>Das <strong>AG01 Starship Graphics Dock<\/strong> ist ein Meisterwerk der modernen Technik und des k\u00fcnstlerischen Designs. Inspiriert von der \u00c4sthetik futuristischer Raumschiffe, kombiniert es Portabilit\u00e4t und Leistung in einem Geh\u00e4use, das nur 18 cm breit ist und weniger als 900 g wiegt. Sein hocheffizientes thermisches Design, das durch ein turbinenartiges K\u00fchlsystem und Luftkan\u00e4le verst\u00e4rkt wird, sorgt f\u00fcr lang anhaltende Leistung ohne Drosselung, selbst bei intensiven Spielen oder Rendering-Sessions.  <\/p>\n\n<figure class=\"wp-block-image size-full\"><a href=\"https:\/\/ayaneo.co\/wp-content\/uploads\/2025\/05\/AYANEO-AG01-GRAPHICS_DOCK-MARKETING-IMAGE-DONE-2-1024x855-1.jpg\"><img decoding=\"async\" width=\"1024\" height=\"855\" src=\"https:\/\/ayaneo.co\/wp-content\/uploads\/2025\/05\/AYANEO-AG01-GRAPHICS_DOCK-MARKETING-IMAGE-DONE-2-1024x855-1.jpg\" alt=\"Die Highlights der AYANEO AG01 werden in einem futuristischen Raster-Layout gezeigt, darunter der RX 7600M XT-Chip, die RGB-Beleuchtung, das anpassbare Namensschild, das K&#xFC;hlsystem und die I\/O-Erweiterungsm&#xF6;glichkeiten.\" class=\"wp-image-37415\" srcset=\"https:\/\/ayaneo.co\/wp-content\/uploads\/2025\/05\/AYANEO-AG01-GRAPHICS_DOCK-MARKETING-IMAGE-DONE-2-1024x855-1.jpg 1024w, https:\/\/ayaneo.co\/wp-content\/uploads\/2025\/05\/AYANEO-AG01-GRAPHICS_DOCK-MARKETING-IMAGE-DONE-2-1024x855-1-300x250.jpg 300w, https:\/\/ayaneo.co\/wp-content\/uploads\/2025\/05\/AYANEO-AG01-GRAPHICS_DOCK-MARKETING-IMAGE-DONE-2-1024x855-1-768x641.jpg 768w, https:\/\/ayaneo.co\/wp-content\/uploads\/2025\/05\/AYANEO-AG01-GRAPHICS_DOCK-MARKETING-IMAGE-DONE-2-1024x855-1-990x827.jpg 990w, https:\/\/ayaneo.co\/wp-content\/uploads\/2025\/05\/AYANEO-AG01-GRAPHICS_DOCK-MARKETING-IMAGE-DONE-2-1024x855-1-441x368.jpg 441w, https:\/\/ayaneo.co\/wp-content\/uploads\/2025\/05\/AYANEO-AG01-GRAPHICS_DOCK-MARKETING-IMAGE-DONE-2-1024x855-1-600x501.jpg 600w, https:\/\/ayaneo.co\/wp-content\/uploads\/2025\/05\/AYANEO-AG01-GRAPHICS_DOCK-MARKETING-IMAGE-DONE-2-1024x855-1-150x125.jpg 150w\" sizes=\"(max-width: 1024px) 100vw, 1024px\" \/><\/a><\/figure>\n\n<p>Ausgestattet mit der <strong>AMD Radeon RX 7600M XT<\/strong> GPU, die auf der RDNA3 Architektur basiert, unterst\u00fctzt das AG01 High-End AAA-Spiele, Videobearbeitung und 3D-Rendering mit au\u00dfergew\u00f6hnlicher Effizienz. Er ist der ideale Begleiter f\u00fcr tragbare Gaming-Ger\u00e4te wie das AYANEO 2S, KUN und sogar f\u00fcr Ger\u00e4te, die nichtAYANEO sind, \u00fcber OCuLink und USB4, einschlie\u00dflich Steam Deck, ROG Ally, und mehr. <\/p>\n\n<hr class=\"wp-block-separator has-alpha-channel-opacity\"\/>\n\n<h2 class=\"wp-block-heading\" id=\"h-performance-that-launches-beyond-limits\">Leistung, die Grenzen sprengt<\/h2>\n\n<p><strong>Grafik-Kraftpaket:<\/strong> Das Herzst\u00fcck des AG01 ist die <strong>AMD Radeon RX 7600M XT<\/strong> GPU mit 32 Recheneinheiten, 8 GB GDDR6 Speicher und einem maximalen Boost-Takt von 2300 MHz. Dieses Kraftpaket liefert fl\u00fcssige 1080p- und sogar 1440p-Spiele und ist hervorragend f\u00fcr Hochleistungsanwendungen geeignet, von AAA-Titeln bis hin zu GPU-beschleunigten kreativen Workflows. <\/p>\n\n<p><strong>Fortschrittliches K\u00fchlsystem:<\/strong> Im Gegensatz zu herk\u00f6mmlichen eGPUs verf\u00fcgt das AG01 \u00fcber ein einzigartiges K\u00fchlsystem mit zwei Lufteinl\u00e4ssen und einem hocheffizienten Gebl\u00e4sel\u00fcfter. Dieses Design maximiert den Luftstrom bei gleichzeitig geringer Ger\u00e4uschentwicklung und erm\u00f6glicht so eine anhaltende Leistung auch bei l\u00e4ngeren Sessions. <\/p>\n\n<hr class=\"wp-block-separator has-alpha-channel-opacity\"\/>\n\n<h2 class=\"wp-block-heading\" id=\"h-seamless-connectivity\">Nahtlose Konnektivit\u00e4t<\/h2>\n\n<figure class=\"wp-block-image size-full\"><a href=\"https:\/\/ayaneo.co\/wp-content\/uploads\/2025\/05\/AYANEO-AG01-GRAPHICS_DOCK-MARKETING-IMAGE-DONE-3-1024x576-1.jpg\"><img decoding=\"async\" width=\"1024\" height=\"576\" src=\"https:\/\/ayaneo.co\/wp-content\/uploads\/2025\/05\/AYANEO-AG01-GRAPHICS_DOCK-MARKETING-IMAGE-DONE-3-1024x576-1.jpg\" alt=\"Das Diagramm zeigt das r&#xFC;ckseitige E\/A-Layout der AYANEO AG01 Grafik-Dockingstation mit der Kennzeichnung von Anschl&#xFC;ssen wie DP 2.0, HDMI 2.1, OCuLink, USB4, DC, RJ45 und USB 3.2 Gen 2.\" class=\"wp-image-37416\" srcset=\"https:\/\/ayaneo.co\/wp-content\/uploads\/2025\/05\/AYANEO-AG01-GRAPHICS_DOCK-MARKETING-IMAGE-DONE-3-1024x576-1.jpg 1024w, https:\/\/ayaneo.co\/wp-content\/uploads\/2025\/05\/AYANEO-AG01-GRAPHICS_DOCK-MARKETING-IMAGE-DONE-3-1024x576-1-300x169.jpg 300w, https:\/\/ayaneo.co\/wp-content\/uploads\/2025\/05\/AYANEO-AG01-GRAPHICS_DOCK-MARKETING-IMAGE-DONE-3-1024x576-1-768x432.jpg 768w, https:\/\/ayaneo.co\/wp-content\/uploads\/2025\/05\/AYANEO-AG01-GRAPHICS_DOCK-MARKETING-IMAGE-DONE-3-1024x576-1-990x557.jpg 990w, https:\/\/ayaneo.co\/wp-content\/uploads\/2025\/05\/AYANEO-AG01-GRAPHICS_DOCK-MARKETING-IMAGE-DONE-3-1024x576-1-441x248.jpg 441w, https:\/\/ayaneo.co\/wp-content\/uploads\/2025\/05\/AYANEO-AG01-GRAPHICS_DOCK-MARKETING-IMAGE-DONE-3-1024x576-1-600x338.jpg 600w, https:\/\/ayaneo.co\/wp-content\/uploads\/2025\/05\/AYANEO-AG01-GRAPHICS_DOCK-MARKETING-IMAGE-DONE-3-1024x576-1-150x84.jpg 150w\" sizes=\"(max-width: 1024px) 100vw, 1024px\" \/><\/a><\/figure>\n\n<p><strong>OCuLink- und USB4-f\u00e4hig:<\/strong> F\u00fcr Verbindungen mit niedriger Latenz und hoher Bandbreite unterst\u00fctzt das AG01 <strong>OCuLink SFF-8612<\/strong> und <strong>USB4<\/strong> und bietet damit eine breite Kompatibilit\u00e4t f\u00fcr Handheld-PCs und Laptops. OCuLink bietet eine \u00fcberragende GPU-Leistung, indem es die Engp\u00e4sse herk\u00f6mmlicher Thunderbolt-Verbindungen umgeht, und ist damit die erste Wahl f\u00fcr ernsthafte Gamer und Kreative. <\/p>\n\n<p><strong>Vielseitige Ger\u00e4teunterst\u00fctzung:<\/strong> Ganz gleich, ob Sie eine Verbindung zu einem AYANEO Handheld, Steam Deck oder einem kompakten Windows\/Linux Rechner herstellen m\u00f6chten, der AG01 passt sich problemlos an. Er unterst\u00fctzt Plug-and-Play-Funktionalit\u00e4t, ohne dass f\u00fcr die meisten Systeme BIOS-Anpassungen erforderlich sind. <\/p>\n\n<hr class=\"wp-block-separator has-alpha-channel-opacity\"\/>\n\n<h2 class=\"wp-block-heading\" id=\"h-built-to-travel-designed-to-impress\">Gebaut um zu reisen, entworfen um zu beeindrucken<\/h2>\n\n<p><strong>Kompakt und leicht:<\/strong> Mit einer Gr\u00f6\u00dfe von nur 18 cm x 6,3 cm x 3 cm und einem Gewicht von 869 g ist das AG01 eines der kleinsten Hochleistungs-EGPU-Docks der Welt. Sein spaciges Design macht es zu einem echten Schmuckst\u00fcck auf Ihrem Schreibtisch oder in Ihrer Techniktasche. <\/p>\n\n<p><strong>Hochwertige Materialien:<\/strong> Das Geh\u00e4use ist aus einer f\u00fcr die Luft- und Raumfahrt geeigneten Aluminiumlegierung gefertigt, die Langlebigkeit mit thermischer Effizienz und eleganter \u00c4sthetik verbindet.<\/p>\n\n<figure class=\"wp-block-image size-full\"><a href=\"https:\/\/ayaneo.co\/wp-content\/uploads\/2025\/05\/AYANEO-AG01-GRAPHICS_DOCK-MARKETING-IMAGE-DONE-8-1024x576-1.jpg\"><img loading=\"lazy\" decoding=\"async\" width=\"1024\" height=\"576\" src=\"https:\/\/ayaneo.co\/wp-content\/uploads\/2025\/05\/AYANEO-AG01-GRAPHICS_DOCK-MARKETING-IMAGE-DONE-8-1024x576-1.jpg\" alt=\"Dramatische Darstellung der beiden metallischen Geh&#xE4;useteile des AYANEO AG01 in der Mitte des Geh&#xE4;uses, die das fein gearbeitete Metallgeh&#xE4;use vor einem Sternenhintergrund hervorheben.\" class=\"wp-image-37417\" srcset=\"https:\/\/ayaneo.co\/wp-content\/uploads\/2025\/05\/AYANEO-AG01-GRAPHICS_DOCK-MARKETING-IMAGE-DONE-8-1024x576-1.jpg 1024w, https:\/\/ayaneo.co\/wp-content\/uploads\/2025\/05\/AYANEO-AG01-GRAPHICS_DOCK-MARKETING-IMAGE-DONE-8-1024x576-1-300x169.jpg 300w, https:\/\/ayaneo.co\/wp-content\/uploads\/2025\/05\/AYANEO-AG01-GRAPHICS_DOCK-MARKETING-IMAGE-DONE-8-1024x576-1-768x432.jpg 768w, https:\/\/ayaneo.co\/wp-content\/uploads\/2025\/05\/AYANEO-AG01-GRAPHICS_DOCK-MARKETING-IMAGE-DONE-8-1024x576-1-990x557.jpg 990w, https:\/\/ayaneo.co\/wp-content\/uploads\/2025\/05\/AYANEO-AG01-GRAPHICS_DOCK-MARKETING-IMAGE-DONE-8-1024x576-1-441x248.jpg 441w, https:\/\/ayaneo.co\/wp-content\/uploads\/2025\/05\/AYANEO-AG01-GRAPHICS_DOCK-MARKETING-IMAGE-DONE-8-1024x576-1-600x338.jpg 600w, https:\/\/ayaneo.co\/wp-content\/uploads\/2025\/05\/AYANEO-AG01-GRAPHICS_DOCK-MARKETING-IMAGE-DONE-8-1024x576-1-150x84.jpg 150w\" sizes=\"(max-width: 1024px) 100vw, 1024px\" \/><\/a><\/figure>\n\n<hr class=\"wp-block-separator has-alpha-channel-opacity\"\/>\n\n<h2 class=\"wp-block-heading\" id=\"h-user-experience\">Benutzererfahrung<\/h2>\n\n<p>Das AG01 setzt neue Ma\u00dfst\u00e4be f\u00fcr benutzerfreundliche Leistung. Die treiberlose Unterst\u00fctzung von Windows und Linux, die nahtlose Ger\u00e4tekompatibilit\u00e4t und die Plug-and-Play-Einrichtung machen ihn zum idealen Ger\u00e4t f\u00fcr Neueinsteiger und technisch versierte Enthusiasten. Ob Sie nun streamen, entwerfen, spielen oder Multitasking \u00fcber mehrere Bildschirme hinweg betreiben, das AG01 liefert ein reibungsloses und beeindruckendes Erlebnis.  <\/p>\n\n<hr class=\"wp-block-separator has-alpha-channel-opacity\"\/>\n\n<h2 class=\"wp-block-heading\" id=\"h-conclusion\">Fazit<\/h2>\n\n<p>Das <strong>AYANEO AG01 Starship Graphics Dock<\/strong> ist mehr als nur ein externer Grafikprozessor - es ist ein Sprung in eine Zukunft, in der Portabilit\u00e4t auf echte Desktop-Performance trifft. Mit seiner Radeon RX 7600M XT-Engine, seiner Dual-Interface-Konnektivit\u00e4t und seinem raffinierten Design definiert das AG01 neu, was im Bereich des tragbaren Computers m\u00f6glich ist. <\/p>\n\n<p>Bestellen Sie Ihr AG01 jetzt vor und werden Sie Teil einer neuen Generation von Spielern und Kreativen, die kompromisslose Leistung nutzen, wo immer sie sind.  <strong>Bei AYANEO sind die Sterne erst der Anfang.<\/strong><\/p>\n","protected":false},"excerpt":{"rendered":"<ul>\n<li><strong>Radeon\u2122 RX 7600M XT<\/strong> GPU mit RDNA 3 Architektur<\/li>\n<li><strong>Duale Schnittstelle:<\/strong> OCuLink &amp; USB 4.0 (Typ-C, 65W PD)<\/li>\n<li><strong>Kompakt und leicht:<\/strong> Tragbares, von Raumschiffen inspiriertes Design<\/li>\n<li><strong>Optimierte K\u00fchlung:<\/strong> Hocheffizientes Turbinenl\u00fcftersystem<\/li>\n<li><strong>Kompatibel mit:<\/strong> AYANEO 2S, KUN, FLIP DS, ROG Ally, Steam Deck<\/li>\n<\/ul>\n[cg_accordion title=\"INFO ZUR BEZAHLUNG\"]<\/p>\n<p>Wir verwenden die neueste Technologie in der Zahlungsabwicklung, die es Ihnen erm\u00f6glicht, \u00fcber Apple Pay, Google Pay, Ihre Debit-\/Kreditkarte, PayPal oder BNPL-Methoden wie Klarna, Affirm oder AfterPay schnell und sicher zu bezahlen.[\/cg_accordion]\n[cg_accordion title=\"GARANTIE\"]<\/p>\n<p>1 Jahr Garantie von <a href=\"https:\/\/droix.net\/\" target=\"_blank\" rel=\"nofollow noopener\">DROIX Global<\/a> f\u00fcr Ihren Seelenfrieden[\/cg_accordion]\n[cg_accordion title=\"QUALIT\u00c4TSSICHERUNG &amp; TESTS VOR DER AUSLIEFERUNG\"]<\/p>\n<p>Sicherstellung der Kundenzufriedenheit auf h\u00f6chstem Niveau: Jedes Ger\u00e4t wird vor der Auslieferung strengen Tests und einer mehrstufigen Qualit\u00e4tskontrolle unterzogen. Unser engagiertes Team pr\u00fcft die Leistung, Funktionalit\u00e4t und Integrit\u00e4t der Komponenten, um zu gew\u00e4hrleisten, dass Ihr AYANEO Ger\u00e4t bei der Ankunft in einwandfreiem Zustand ist und Sie sich darauf verlassen k\u00f6nnen. [\/cg_accordion]\n[cg_accordion title=\"PREISE, STEUERN UND VERSAND\"]<\/p>\n<p><strong><u>Anmerkung:<\/u><\/strong><\/p>\n<ul>\n<li>Kunden aus den Vereinigten Staaten: Der angezeigte Preis enth\u00e4lt KEINE STEUERN oder Z\u00f6lle. Die Verantwortung f\u00fcr die Zollabfertigung und die Zahlung aller damit verbundenen Steuern und Abgaben liegt beim Kunden. <\/li>\n<li>EU-Kunden: Der angezeigte Preis enth\u00e4lt die anwendbare STEUER, die je nach Land bis zu 25% betragen kann.<\/li>\n<li>Kunden aus Kanada: Der angezeigte Preis enth\u00e4lt die anfallenden Steuern, die je nach Provinz 5% GST und zus\u00e4tzliche Provincial Sales Taxes (PST), Harmonized Sales Tax (HST) oder Quebec Sales Tax (QST) umfassen k\u00f6nnen.<\/li>\n<\/ul>\n<p><strong>NUR f\u00fcr EU-Kunden:<\/strong> Express DDP (Delivered Duty Paid). Dies bedeutet: <\/p>\n<ul>\n<li>Alle Z\u00f6lle und Steuern sind in dem auf der Produktseite angegebenen Preis enthalten.<\/li>\n<li>Sie m\u00fcssen bei der Lieferung keine zus\u00e4tzlichen Geb\u00fchren zahlen.<\/li>\n<li>Im seltenen Fall von Zollproblemen \u00fcbernimmt unser Team die Zollabfertigung in Ihrem Namen, um eine reibungslose Lieferung zu gew\u00e4hrleisten.<\/li>\n<p>Wichtige Informationen \u00fcber R\u00fccksendungen:<\/p>\n<li>Wenn Sie sich entscheiden, Ihre Bestellung zur\u00fcckzusenden oder eine R\u00fcckerstattung zu beantragen, beachten Sie bitte, dass Steuern und Abgaben, die im Rahmen von DDP in Ihrem Namen gezahlt wurden, nicht erstattet werden k\u00f6nnen.<\/li>\n<p>Detaillierte Informationen finden Sie in unseren <a href=\"https:\/\/ayaneo.co\/de\/allgemeine-geschaeftsbedingungen\/\" target=\"_blank\" rel=\"nofollow noopener\">Allgemeinen Gesch\u00e4ftsbedingungen<\/a>.\n<\/ul>\n<p>[\/cg_accordion]\n[cg_accordion title=\"KUNDENBETREUUNG\"]<\/p>\n<p>Haben Sie eine Frage? Wir sind nur eine kurze SMS davon entfernt, Ihr Problem zu l\u00f6sen! [\/cg_accordion]\n[cg_accordion title=\"PAKET ENTH\u00c4LT\"]<\/p>\n<ul>\n<li>1x AYANEO AG01 Starship Grafik-Dock<\/li>\n<li>1x USB Typ-C Kabel<\/li>\n<li>1x Benutzerhandbuch<\/li>\n<\/ul>\n<p>[\/cg_accordion]\n","protected":false},"featured_media":14447,"template":"","meta":{"_acf_changed":false},"product_brand":[],"product_cat":[385],"product_tag":[],"class_list":{"0":"post-14692","1":"product","2":"type-product","3":"status-publish","4":"has-post-thumbnail","6":"product_cat-zubehor","7":"product_shipping_class-premium","8":"pa_brand-ayaneo","9":"pa_graphics-gpu-model-radeon-rx-7600m-xt","11":"first","12":"outofstock","13":"sale","14":"taxable","15":"shipping-taxable","16":"purchasable","17":"product-type-variable","18":"has-default-attributes"},"acf":[],"_links":{"self":[{"href":"https:\/\/ayaneo.co\/de\/wp-json\/wp\/v2\/product\/14692","targetHints":{"allow":["GET"]}}],"collection":[{"href":"https:\/\/ayaneo.co\/de\/wp-json\/wp\/v2\/product"}],"about":[{"href":"https:\/\/ayaneo.co\/de\/wp-json\/wp\/v2\/types\/product"}],"wp:featuredmedia":[{"embeddable":true,"href":"https:\/\/ayaneo.co\/de\/wp-json\/wp\/v2\/media\/14447"}],"wp:attachment":[{"href":"https:\/\/ayaneo.co\/de\/wp-json\/wp\/v2\/media?parent=14692"}],"wp:term":[{"taxonomy":"product_brand","embeddable":true,"href":"https:\/\/ayaneo.co\/de\/wp-json\/wp\/v2\/product_brand?post=14692"},{"taxonomy":"product_cat","embeddable":true,"href":"https:\/\/ayaneo.co\/de\/wp-json\/wp\/v2\/product_cat?post=14692"},{"taxonomy":"product_tag","embeddable":true,"href":"https:\/\/ayaneo.co\/de\/wp-json\/wp\/v2\/product_tag?post=14692"}],"curies":[{"name":"wp","href":"https:\/\/api.w.org\/{rel}","templated":true}]}}