{"id":2503,"date":"2024-03-21T15:52:03","date_gmt":"2024-03-21T15:52:03","guid":{"rendered":"https:\/\/ayaneo.co\/product\/ayaneo-am02\/"},"modified":"2025-04-11T12:14:59","modified_gmt":"2025-04-11T12:14:59","slug":"ayaneo-am02","status":"publish","type":"product","link":"https:\/\/ayaneo.co\/de\/product\/ayaneo-am02\/","title":{"rendered":"AYANEO AM02"},"content":{"rendered":"\n<figure class=\"wp-block-image size-full\"><img fetchpriority=\"high\" decoding=\"async\" width=\"1500\" height=\"844\" src=\"https:\/\/ayaneo.co\/wp-content\/uploads\/2024\/03\/AYANEO-AM02-MARKETING-DONE-01.jpg\" alt=\"AYANEO AM02 Marketing\" class=\"wp-image-600\" srcset=\"https:\/\/ayaneo.co\/wp-content\/uploads\/2024\/03\/AYANEO-AM02-MARKETING-DONE-01.jpg 1500w, https:\/\/ayaneo.co\/wp-content\/uploads\/2024\/03\/AYANEO-AM02-MARKETING-DONE-01-150x84.jpg 150w, https:\/\/ayaneo.co\/wp-content\/uploads\/2024\/03\/AYANEO-AM02-MARKETING-DONE-01-600x338.jpg 600w, https:\/\/ayaneo.co\/wp-content\/uploads\/2024\/03\/AYANEO-AM02-MARKETING-DONE-01-300x169.jpg 300w, https:\/\/ayaneo.co\/wp-content\/uploads\/2024\/03\/AYANEO-AM02-MARKETING-DONE-01-1024x576.jpg 1024w, https:\/\/ayaneo.co\/wp-content\/uploads\/2024\/03\/AYANEO-AM02-MARKETING-DONE-01-768x432.jpg 768w, https:\/\/ayaneo.co\/wp-content\/uploads\/2024\/03\/AYANEO-AM02-MARKETING-DONE-01-990x557.jpg 990w, https:\/\/ayaneo.co\/wp-content\/uploads\/2024\/03\/AYANEO-AM02-MARKETING-DONE-01-441x248.jpg 441w\" sizes=\"(max-width: 1500px) 100vw, 1500px\" \/><\/figure>\n\n<figure class=\"wp-block-image size-full\"><img decoding=\"async\" width=\"1500\" height=\"752\" src=\"https:\/\/ayaneo.co\/wp-content\/uploads\/2024\/03\/AYANEO-AM02-MARKETING-DONE-02.jpg\" alt=\"AYANEO AM02 Marketing\" class=\"wp-image-601\" srcset=\"https:\/\/ayaneo.co\/wp-content\/uploads\/2024\/03\/AYANEO-AM02-MARKETING-DONE-02.jpg 1500w, https:\/\/ayaneo.co\/wp-content\/uploads\/2024\/03\/AYANEO-AM02-MARKETING-DONE-02-150x75.jpg 150w, https:\/\/ayaneo.co\/wp-content\/uploads\/2024\/03\/AYANEO-AM02-MARKETING-DONE-02-600x301.jpg 600w, https:\/\/ayaneo.co\/wp-content\/uploads\/2024\/03\/AYANEO-AM02-MARKETING-DONE-02-300x150.jpg 300w, https:\/\/ayaneo.co\/wp-content\/uploads\/2024\/03\/AYANEO-AM02-MARKETING-DONE-02-1024x513.jpg 1024w, https:\/\/ayaneo.co\/wp-content\/uploads\/2024\/03\/AYANEO-AM02-MARKETING-DONE-02-768x385.jpg 768w, https:\/\/ayaneo.co\/wp-content\/uploads\/2024\/03\/AYANEO-AM02-MARKETING-DONE-02-990x496.jpg 990w, https:\/\/ayaneo.co\/wp-content\/uploads\/2024\/03\/AYANEO-AM02-MARKETING-DONE-02-441x221.jpg 441w\" sizes=\"(max-width: 1500px) 100vw, 1500px\" \/><\/figure>\n\n<figure class=\"wp-block-image size-full\"><img decoding=\"async\" width=\"1500\" height=\"1794\" src=\"https:\/\/ayaneo.co\/wp-content\/uploads\/2024\/03\/AYANEO-AM02-MARKETING-DONE-03.jpg\" alt=\"AYANEO AM02 Marketing\" class=\"wp-image-602\" srcset=\"https:\/\/ayaneo.co\/wp-content\/uploads\/2024\/03\/AYANEO-AM02-MARKETING-DONE-03.jpg 1500w, https:\/\/ayaneo.co\/wp-content\/uploads\/2024\/03\/AYANEO-AM02-MARKETING-DONE-03-150x179.jpg 150w, https:\/\/ayaneo.co\/wp-content\/uploads\/2024\/03\/AYANEO-AM02-MARKETING-DONE-03-600x718.jpg 600w, https:\/\/ayaneo.co\/wp-content\/uploads\/2024\/03\/AYANEO-AM02-MARKETING-DONE-03-251x300.jpg 251w, https:\/\/ayaneo.co\/wp-content\/uploads\/2024\/03\/AYANEO-AM02-MARKETING-DONE-03-856x1024.jpg 856w, https:\/\/ayaneo.co\/wp-content\/uploads\/2024\/03\/AYANEO-AM02-MARKETING-DONE-03-768x919.jpg 768w, https:\/\/ayaneo.co\/wp-content\/uploads\/2024\/03\/AYANEO-AM02-MARKETING-DONE-03-1284x1536.jpg 1284w, https:\/\/ayaneo.co\/wp-content\/uploads\/2024\/03\/AYANEO-AM02-MARKETING-DONE-03-990x1184.jpg 990w, https:\/\/ayaneo.co\/wp-content\/uploads\/2024\/03\/AYANEO-AM02-MARKETING-DONE-03-441x527.jpg 441w\" sizes=\"(max-width: 1500px) 100vw, 1500px\" \/><\/figure>\n\n<figure class=\"wp-block-image size-full\"><img loading=\"lazy\" decoding=\"async\" width=\"1500\" height=\"842\" src=\"https:\/\/ayaneo.co\/wp-content\/uploads\/2024\/03\/AYANEO-AM02-MARKETING-DONE-04.jpg\" alt=\"AYANEO AM02 Marketing\" class=\"wp-image-603\" srcset=\"https:\/\/ayaneo.co\/wp-content\/uploads\/2024\/03\/AYANEO-AM02-MARKETING-DONE-04.jpg 1500w, https:\/\/ayaneo.co\/wp-content\/uploads\/2024\/03\/AYANEO-AM02-MARKETING-DONE-04-150x84.jpg 150w, https:\/\/ayaneo.co\/wp-content\/uploads\/2024\/03\/AYANEO-AM02-MARKETING-DONE-04-600x337.jpg 600w, https:\/\/ayaneo.co\/wp-content\/uploads\/2024\/03\/AYANEO-AM02-MARKETING-DONE-04-300x168.jpg 300w, https:\/\/ayaneo.co\/wp-content\/uploads\/2024\/03\/AYANEO-AM02-MARKETING-DONE-04-1024x575.jpg 1024w, https:\/\/ayaneo.co\/wp-content\/uploads\/2024\/03\/AYANEO-AM02-MARKETING-DONE-04-768x431.jpg 768w, https:\/\/ayaneo.co\/wp-content\/uploads\/2024\/03\/AYANEO-AM02-MARKETING-DONE-04-990x556.jpg 990w, https:\/\/ayaneo.co\/wp-content\/uploads\/2024\/03\/AYANEO-AM02-MARKETING-DONE-04-441x248.jpg 441w\" sizes=\"(max-width: 1500px) 100vw, 1500px\" \/><\/figure>\n\n<figure class=\"wp-block-image size-full\"><img loading=\"lazy\" decoding=\"async\" width=\"1500\" height=\"1640\" src=\"https:\/\/ayaneo.co\/wp-content\/uploads\/2024\/03\/AYANEO-AM02-MARKETING-DONE-05.jpg\" alt=\"AYANEO AM02 Marketing\" class=\"wp-image-604\" srcset=\"https:\/\/ayaneo.co\/wp-content\/uploads\/2024\/03\/AYANEO-AM02-MARKETING-DONE-05.jpg 1500w, https:\/\/ayaneo.co\/wp-content\/uploads\/2024\/03\/AYANEO-AM02-MARKETING-DONE-05-150x164.jpg 150w, https:\/\/ayaneo.co\/wp-content\/uploads\/2024\/03\/AYANEO-AM02-MARKETING-DONE-05-600x656.jpg 600w, https:\/\/ayaneo.co\/wp-content\/uploads\/2024\/03\/AYANEO-AM02-MARKETING-DONE-05-274x300.jpg 274w, https:\/\/ayaneo.co\/wp-content\/uploads\/2024\/03\/AYANEO-AM02-MARKETING-DONE-05-937x1024.jpg 937w, https:\/\/ayaneo.co\/wp-content\/uploads\/2024\/03\/AYANEO-AM02-MARKETING-DONE-05-768x840.jpg 768w, https:\/\/ayaneo.co\/wp-content\/uploads\/2024\/03\/AYANEO-AM02-MARKETING-DONE-05-1405x1536.jpg 1405w, https:\/\/ayaneo.co\/wp-content\/uploads\/2024\/03\/AYANEO-AM02-MARKETING-DONE-05-990x1082.jpg 990w, https:\/\/ayaneo.co\/wp-content\/uploads\/2024\/03\/AYANEO-AM02-MARKETING-DONE-05-441x482.jpg 441w\" sizes=\"(max-width: 1500px) 100vw, 1500px\" \/><\/figure>\n\n<figure class=\"wp-block-image size-full\"><img loading=\"lazy\" decoding=\"async\" width=\"1500\" height=\"894\" src=\"https:\/\/ayaneo.co\/wp-content\/uploads\/2024\/03\/AYANEO-AM02-MARKETING-DONE-06.jpg\" alt=\"AYANEO AM02 Marketing\" class=\"wp-image-605\" srcset=\"https:\/\/ayaneo.co\/wp-content\/uploads\/2024\/03\/AYANEO-AM02-MARKETING-DONE-06.jpg 1500w, https:\/\/ayaneo.co\/wp-content\/uploads\/2024\/03\/AYANEO-AM02-MARKETING-DONE-06-150x89.jpg 150w, https:\/\/ayaneo.co\/wp-content\/uploads\/2024\/03\/AYANEO-AM02-MARKETING-DONE-06-600x358.jpg 600w, https:\/\/ayaneo.co\/wp-content\/uploads\/2024\/03\/AYANEO-AM02-MARKETING-DONE-06-300x179.jpg 300w, https:\/\/ayaneo.co\/wp-content\/uploads\/2024\/03\/AYANEO-AM02-MARKETING-DONE-06-1024x610.jpg 1024w, https:\/\/ayaneo.co\/wp-content\/uploads\/2024\/03\/AYANEO-AM02-MARKETING-DONE-06-768x458.jpg 768w, https:\/\/ayaneo.co\/wp-content\/uploads\/2024\/03\/AYANEO-AM02-MARKETING-DONE-06-990x590.jpg 990w, https:\/\/ayaneo.co\/wp-content\/uploads\/2024\/03\/AYANEO-AM02-MARKETING-DONE-06-441x263.jpg 441w\" sizes=\"(max-width: 1500px) 100vw, 1500px\" \/><\/figure>\n\n<figure class=\"wp-block-image size-full\"><img loading=\"lazy\" decoding=\"async\" width=\"1500\" height=\"1761\" src=\"https:\/\/ayaneo.co\/wp-content\/uploads\/2024\/03\/AYANEO-AM02-MARKETING-DONE-07.jpg\" alt=\"AYANEO AM02 Marketing\" class=\"wp-image-606\" srcset=\"https:\/\/ayaneo.co\/wp-content\/uploads\/2024\/03\/AYANEO-AM02-MARKETING-DONE-07.jpg 1500w, https:\/\/ayaneo.co\/wp-content\/uploads\/2024\/03\/AYANEO-AM02-MARKETING-DONE-07-150x176.jpg 150w, https:\/\/ayaneo.co\/wp-content\/uploads\/2024\/03\/AYANEO-AM02-MARKETING-DONE-07-600x704.jpg 600w, https:\/\/ayaneo.co\/wp-content\/uploads\/2024\/03\/AYANEO-AM02-MARKETING-DONE-07-256x300.jpg 256w, https:\/\/ayaneo.co\/wp-content\/uploads\/2024\/03\/AYANEO-AM02-MARKETING-DONE-07-872x1024.jpg 872w, https:\/\/ayaneo.co\/wp-content\/uploads\/2024\/03\/AYANEO-AM02-MARKETING-DONE-07-768x902.jpg 768w, https:\/\/ayaneo.co\/wp-content\/uploads\/2024\/03\/AYANEO-AM02-MARKETING-DONE-07-1308x1536.jpg 1308w, https:\/\/ayaneo.co\/wp-content\/uploads\/2024\/03\/AYANEO-AM02-MARKETING-DONE-07-990x1162.jpg 990w, https:\/\/ayaneo.co\/wp-content\/uploads\/2024\/03\/AYANEO-AM02-MARKETING-DONE-07-441x518.jpg 441w\" sizes=\"(max-width: 1500px) 100vw, 1500px\" \/><\/figure>\n\n<figure class=\"wp-block-image size-full\"><img loading=\"lazy\" decoding=\"async\" width=\"1500\" height=\"750\" src=\"https:\/\/ayaneo.co\/wp-content\/uploads\/2024\/03\/AYANEO-AM02-MARKETING-DONE-08.jpg\" alt=\"AYANEO AM02 Marketing\" class=\"wp-image-607\" srcset=\"https:\/\/ayaneo.co\/wp-content\/uploads\/2024\/03\/AYANEO-AM02-MARKETING-DONE-08.jpg 1500w, https:\/\/ayaneo.co\/wp-content\/uploads\/2024\/03\/AYANEO-AM02-MARKETING-DONE-08-150x75.jpg 150w, https:\/\/ayaneo.co\/wp-content\/uploads\/2024\/03\/AYANEO-AM02-MARKETING-DONE-08-600x300.jpg 600w, https:\/\/ayaneo.co\/wp-content\/uploads\/2024\/03\/AYANEO-AM02-MARKETING-DONE-08-300x150.jpg 300w, https:\/\/ayaneo.co\/wp-content\/uploads\/2024\/03\/AYANEO-AM02-MARKETING-DONE-08-1024x512.jpg 1024w, https:\/\/ayaneo.co\/wp-content\/uploads\/2024\/03\/AYANEO-AM02-MARKETING-DONE-08-768x384.jpg 768w, https:\/\/ayaneo.co\/wp-content\/uploads\/2024\/03\/AYANEO-AM02-MARKETING-DONE-08-990x495.jpg 990w, https:\/\/ayaneo.co\/wp-content\/uploads\/2024\/03\/AYANEO-AM02-MARKETING-DONE-08-441x221.jpg 441w\" sizes=\"(max-width: 1500px) 100vw, 1500px\" \/><\/figure>\n\n<figure class=\"wp-block-image size-full\"><img loading=\"lazy\" decoding=\"async\" width=\"1500\" height=\"2189\" src=\"https:\/\/ayaneo.co\/wp-content\/uploads\/2024\/03\/AYANEO-AM02-MARKETING-DONE-09.jpg\" alt=\"AYANEO AM02 Marketing\" class=\"wp-image-608\" srcset=\"https:\/\/ayaneo.co\/wp-content\/uploads\/2024\/03\/AYANEO-AM02-MARKETING-DONE-09.jpg 1500w, https:\/\/ayaneo.co\/wp-content\/uploads\/2024\/03\/AYANEO-AM02-MARKETING-DONE-09-150x219.jpg 150w, https:\/\/ayaneo.co\/wp-content\/uploads\/2024\/03\/AYANEO-AM02-MARKETING-DONE-09-600x876.jpg 600w, https:\/\/ayaneo.co\/wp-content\/uploads\/2024\/03\/AYANEO-AM02-MARKETING-DONE-09-206x300.jpg 206w, https:\/\/ayaneo.co\/wp-content\/uploads\/2024\/03\/AYANEO-AM02-MARKETING-DONE-09-702x1024.jpg 702w, https:\/\/ayaneo.co\/wp-content\/uploads\/2024\/03\/AYANEO-AM02-MARKETING-DONE-09-768x1121.jpg 768w, https:\/\/ayaneo.co\/wp-content\/uploads\/2024\/03\/AYANEO-AM02-MARKETING-DONE-09-1053x1536.jpg 1053w, https:\/\/ayaneo.co\/wp-content\/uploads\/2024\/03\/AYANEO-AM02-MARKETING-DONE-09-1403x2048.jpg 1403w, https:\/\/ayaneo.co\/wp-content\/uploads\/2024\/03\/AYANEO-AM02-MARKETING-DONE-09-990x1445.jpg 990w, https:\/\/ayaneo.co\/wp-content\/uploads\/2024\/03\/AYANEO-AM02-MARKETING-DONE-09-441x644.jpg 441w\" sizes=\"(max-width: 1500px) 100vw, 1500px\" \/><\/figure>\n\n<figure class=\"wp-block-image size-full\"><img loading=\"lazy\" decoding=\"async\" width=\"1500\" height=\"1684\" src=\"https:\/\/ayaneo.co\/wp-content\/uploads\/2024\/03\/AYANEO-AM02-MARKETING-DONE-10.jpg\" alt=\"AYANEO AM02 Marketing\" class=\"wp-image-609\" srcset=\"https:\/\/ayaneo.co\/wp-content\/uploads\/2024\/03\/AYANEO-AM02-MARKETING-DONE-10.jpg 1500w, https:\/\/ayaneo.co\/wp-content\/uploads\/2024\/03\/AYANEO-AM02-MARKETING-DONE-10-150x168.jpg 150w, https:\/\/ayaneo.co\/wp-content\/uploads\/2024\/03\/AYANEO-AM02-MARKETING-DONE-10-600x674.jpg 600w, https:\/\/ayaneo.co\/wp-content\/uploads\/2024\/03\/AYANEO-AM02-MARKETING-DONE-10-267x300.jpg 267w, https:\/\/ayaneo.co\/wp-content\/uploads\/2024\/03\/AYANEO-AM02-MARKETING-DONE-10-912x1024.jpg 912w, https:\/\/ayaneo.co\/wp-content\/uploads\/2024\/03\/AYANEO-AM02-MARKETING-DONE-10-768x862.jpg 768w, https:\/\/ayaneo.co\/wp-content\/uploads\/2024\/03\/AYANEO-AM02-MARKETING-DONE-10-1368x1536.jpg 1368w, https:\/\/ayaneo.co\/wp-content\/uploads\/2024\/03\/AYANEO-AM02-MARKETING-DONE-10-990x1111.jpg 990w, https:\/\/ayaneo.co\/wp-content\/uploads\/2024\/03\/AYANEO-AM02-MARKETING-DONE-10-441x495.jpg 441w\" sizes=\"(max-width: 1500px) 100vw, 1500px\" \/><\/figure>\n\n<figure class=\"wp-block-image size-full\"><img loading=\"lazy\" decoding=\"async\" width=\"1500\" height=\"2210\" src=\"https:\/\/ayaneo.co\/wp-content\/uploads\/2024\/03\/AYANEO-AM02-MARKETING-DONE-11.jpg\" alt=\"AYANEO AM02 Marketing\" class=\"wp-image-610\" srcset=\"https:\/\/ayaneo.co\/wp-content\/uploads\/2024\/03\/AYANEO-AM02-MARKETING-DONE-11.jpg 1500w, https:\/\/ayaneo.co\/wp-content\/uploads\/2024\/03\/AYANEO-AM02-MARKETING-DONE-11-150x221.jpg 150w, https:\/\/ayaneo.co\/wp-content\/uploads\/2024\/03\/AYANEO-AM02-MARKETING-DONE-11-600x884.jpg 600w, https:\/\/ayaneo.co\/wp-content\/uploads\/2024\/03\/AYANEO-AM02-MARKETING-DONE-11-204x300.jpg 204w, https:\/\/ayaneo.co\/wp-content\/uploads\/2024\/03\/AYANEO-AM02-MARKETING-DONE-11-695x1024.jpg 695w, https:\/\/ayaneo.co\/wp-content\/uploads\/2024\/03\/AYANEO-AM02-MARKETING-DONE-11-768x1132.jpg 768w, https:\/\/ayaneo.co\/wp-content\/uploads\/2024\/03\/AYANEO-AM02-MARKETING-DONE-11-1043x1536.jpg 1043w, https:\/\/ayaneo.co\/wp-content\/uploads\/2024\/03\/AYANEO-AM02-MARKETING-DONE-11-1390x2048.jpg 1390w, https:\/\/ayaneo.co\/wp-content\/uploads\/2024\/03\/AYANEO-AM02-MARKETING-DONE-11-990x1459.jpg 990w, https:\/\/ayaneo.co\/wp-content\/uploads\/2024\/03\/AYANEO-AM02-MARKETING-DONE-11-441x650.jpg 441w\" sizes=\"(max-width: 1500px) 100vw, 1500px\" \/><\/figure>\n\n<figure class=\"wp-block-image size-full\"><img loading=\"lazy\" decoding=\"async\" width=\"1500\" height=\"2202\" src=\"https:\/\/ayaneo.co\/wp-content\/uploads\/2024\/03\/AYANEO-AM02-MARKETING-DONE-12.jpg\" alt=\"AYANEO AM02 Marketing\" class=\"wp-image-611\" srcset=\"https:\/\/ayaneo.co\/wp-content\/uploads\/2024\/03\/AYANEO-AM02-MARKETING-DONE-12.jpg 1500w, https:\/\/ayaneo.co\/wp-content\/uploads\/2024\/03\/AYANEO-AM02-MARKETING-DONE-12-150x220.jpg 150w, https:\/\/ayaneo.co\/wp-content\/uploads\/2024\/03\/AYANEO-AM02-MARKETING-DONE-12-600x881.jpg 600w, https:\/\/ayaneo.co\/wp-content\/uploads\/2024\/03\/AYANEO-AM02-MARKETING-DONE-12-204x300.jpg 204w, https:\/\/ayaneo.co\/wp-content\/uploads\/2024\/03\/AYANEO-AM02-MARKETING-DONE-12-698x1024.jpg 698w, https:\/\/ayaneo.co\/wp-content\/uploads\/2024\/03\/AYANEO-AM02-MARKETING-DONE-12-768x1127.jpg 768w, https:\/\/ayaneo.co\/wp-content\/uploads\/2024\/03\/AYANEO-AM02-MARKETING-DONE-12-1046x1536.jpg 1046w, https:\/\/ayaneo.co\/wp-content\/uploads\/2024\/03\/AYANEO-AM02-MARKETING-DONE-12-1395x2048.jpg 1395w, https:\/\/ayaneo.co\/wp-content\/uploads\/2024\/03\/AYANEO-AM02-MARKETING-DONE-12-990x1453.jpg 990w, https:\/\/ayaneo.co\/wp-content\/uploads\/2024\/03\/AYANEO-AM02-MARKETING-DONE-12-441x647.jpg 441w\" sizes=\"(max-width: 1500px) 100vw, 1500px\" \/><\/figure>\n\n<h3 class=\"wp-block-heading\"><br\/>Wir stellen den AYANEO AM02 Gaming Mini PC vor: Ein revolution\u00e4rer Sprung bei den tragbaren Gaming-Kraftpaketen<\/h3>\n\n<p>Betreten Sie die n\u00e4chste \u00c4ra der Gaming-Technologie mit dem AYANEO AM02 Gaming-Mini-PC, einem bahnbrechenden Ger\u00e4t, das die Erwartungen an kompakte, tragbare Gaming-Systeme neu definiert. Dieser Mini-PC ist mehr als nur ein Gaming-Zubeh\u00f6r, er setzt neue Ma\u00dfst\u00e4be im Bereich des Gaming mit kleinem Formfaktor, indem er leistungsstarke Komponenten nahtlos in ein innovatives Design integriert, das perfekt in Ihre H\u00e4nde passt. <\/p>\n\n<p>Mit seinem eingebauten 4-Zoll-Multifunktionsbildschirm, der von der AYA Space-Software gesteuert wird, seinen erstklassigen Komponenten und seinem schlanken, ergonomischen Design ist der AYANEO AM02 die ultimative Wahl f\u00fcr Gaming-Enthusiasten und Profis gleicherma\u00dfen. Egal, ob Sie zu Hause oder unterwegs sind, dieser Mini-PC garantiert ein unvergleichliches Spielerlebnis und stellt einen wichtigen Meilenstein in der Entwicklung von Gaming-Mini-PCs dar. <\/p>\n\n<h3 class=\"wp-block-heading\">Produkt\u00fcbersicht: Die Neudefinition von Tragbarkeit und Leistung<\/h3>\n\n<p>Der AYANEO AM02 Gaming-Mini-PC ist nicht einfach nur ein weiterer Neuzugang auf dem Markt f\u00fcr Gaming-Hardware; er ver\u00e4ndert die Art und Weise, wie Gamer die Balance zwischen Portabilit\u00e4t und Leistung wahrnehmen. Dank der Kombination aus niedrigem Stromverbrauch und hoher Leistung erm\u00f6glicht dieses Ger\u00e4t ausgedehnte Gaming-Sessions ohne Kompromisse. Der eingebaute 4-Zoll-Multifunktionsbildschirm, der durch Echtzeitdaten der AYA Space-Software erg\u00e4nzt wird, bereichert das Spielerlebnis mit wichtigen Systemstatistiken und lokalen Wetterdaten.  <\/p>\n\n<p>Der AYANEO AM02 ist ergonomisch geformt und passt sich nahtlos an jede Umgebung an. Seine kompakte Gr\u00f6\u00dfe t\u00e4uscht \u00fcber seine gewaltigen F\u00e4higkeiten hinweg. Ob in einem ruhigen Heimb\u00fcro oder inmitten des Trubels eines Wohnzimmers, dieser Gaming-Mini-PC \u00fcberzeugt mit Spitzenleistung, ohne auf Komfort zu verzichten. <\/p>\n\n<h3 class=\"wp-block-heading\">Detaillierte Merkmale: Leistung und mehr<\/h3>\n\n<p>Leistung: Das Herzst\u00fcck des AYANEO AM02 ist der AMD Ryzen 7 7840HS Prozessor, gepaart mit dem AMD Radeon 780M Grafikprozessor, der f\u00fcr ein fl\u00fcssiges, verz\u00f6gerungsfreies Spielerlebnis bei einer Vielzahl von Titeln und Anwendungen sorgt. Ganz gleich, ob Sie die neuesten AAA-Ver\u00f6ffentlichungen oder Multitasking mit anspruchsvoller Software in Angriff nehmen, dieser Gaming-Mini-PC liefert kompromisslose Leistung. Arbeitsspeicher und Speicher: Mit bis zu 64GB DDR5 5600MHz Dual Channel SO-DIMM RAM und erweiterbarem Speicher von bis zu 8TB \u00fcber eine 1TB M.2 2280 PCIe 4.0 SSD garantiert der AYANEO AM02 blitzschnelles Laden von Spielen und umfangreichen Speicherplatz f\u00fcr eine umfangreiche Spielebibliothek und sorgt so f\u00fcr ununterbrochenes Spielen und Produktivit\u00e4t. Benutzererlebnis: Erh\u00f6htes Gaming und mehr    <\/p>\n\n<p>Der AYANEO AM02 Gaming-Mini-PC verbessert das Benutzererlebnis mit einer vielseitigen Plattform, die eine breite Palette von AAA-Windows-Spielen, Anwendungen und Emulatoren unterst\u00fctzt. Er l\u00e4uft auf Windows 11 Home und bietet eine intuitive Benutzeroberfl\u00e4che, die Spielern und Profis gleicherma\u00dfen vertraut ist. Konnektivit\u00e4tsfunktionen wie Wi-Fi 6E, 2.5G Ethernet und Bluetooth 5.2 sorgen f\u00fcr eine nahtlose Verbindung mit dem Internet, Peripherieger\u00e4ten und anderen Ger\u00e4ten und machen das Spielerlebnis noch intensiver und zug\u00e4nglicher.  <\/p>\n\n<h3 class=\"wp-block-heading\">Fazit: Das Tor zu neuen Spielhorizonten<\/h3>\n\n<p>Der AYANEO AM02 Gaming-Mini-PC l\u00e4utet die Zukunft des Gamings ein, denn er vereint unvergleichliche Leistung, Design und Funktionalit\u00e4t in einem kompakten, tragbaren Ger\u00e4t. Mit seinem innovativen integrierten Multifunktionsdisplay und seinen robusten technischen Spezifikationen ist dieser Gaming-Mini-PC bereit, das Spielen unterwegs zu revolutionieren. Er ist nicht einfach nur ein Ger\u00e4t, sondern ein Tor zu neuen Spielhorizonten, das den Benutzer einl\u00e4dt, sowohl die Zukunft des Spielens als auch die Nostalgie klassischer Spiele zu genie\u00dfen.  <\/p>\n\n<p>Verpassen Sie nicht die Gelegenheit, an der Spitze der Gaming-Innovation zu stehen. Bestellen Sie Ihren AYANEO AM02 Gaming-Mini-PC noch heute vor und sichern Sie sich einen Platz unter den ersten, die das ultimative tragbare Gaming-Kraftpaket erleben. Da die Verf\u00fcgbarkeit begrenzt ist, ist dies Ihre Chance, mit einem ebenso einzigartigen wie leistungsstarken Ger\u00e4t in die Zukunft des Gaming einzutreten.  <\/p>\n","protected":false},"excerpt":{"rendered":"<ul>\n<li> <strong> Ryzen\u2122 7 7840HS<\/strong> \/ Radeon 780M<\/li>\n<li><strong>bis zu 64GB<\/strong> DDR5 @ <strong>5600 MT\/s<\/strong><\/li>\n<li><strong>bis zu 4TB<\/strong> Hochgeschwindigkeits-PCIe <strong>4.0<\/strong> M.2 2280 SSD <\/li>\n<li>4&#8243; <strong>Touchscreen<\/strong> mit Multifunktion<\/li>\n<li>WiFi <strong>6E<\/strong> &amp; Bluetooth <strong>5.2<\/strong> Unterst\u00fctzung<\/li>\n<\/ul>\n[cg_accordion title=\"INFO ZUR BEZAHLUNG\"]<\/p>\n<p>Wir verwenden die neueste Technologie in der Zahlungsabwicklung, die es Ihnen erm\u00f6glicht, \u00fcber Apple Pay, Google Pay, Ihre Debit-\/Kreditkarte, PayPal oder BNPL-Methoden wie Klarna, Affirm oder AfterPay schnell und sicher zu bezahlen.[\/cg_accordion]\n[cg_accordion title=\"GARANTIE\"]<\/p>\n<p>1 Jahr Garantie von <a href=\"https:\/\/droix.net\/\" target=\"_blank\" rel=\"nofollow noopener\">DROIX Global<\/a> f\u00fcr Ihren Seelenfrieden[\/cg_accordion]\n[cg_accordion title=\"PREISE, STEUERN UND VERSAND\"]<\/p>\n<p><strong><u>Anmerkung:<\/u><\/strong><\/p>\n<ul>\n<li>Kunden aus den Vereinigten Staaten: Der angezeigte Preis enth\u00e4lt KEINE STEUERN oder Z\u00f6lle. Die Verantwortung f\u00fcr die Zollabfertigung und die Zahlung aller damit verbundenen Steuern und Abgaben liegt beim Kunden. <\/li>\n<li>EU-Kunden: Der angezeigte Preis enth\u00e4lt die anwendbare STEUER, die je nach Land bis zu 25% betragen kann.<\/li>\n<li>Kunden aus Kanada: Der angezeigte Preis enth\u00e4lt die anfallenden Steuern, die je nach Provinz 5% GST und zus\u00e4tzliche Provincial Sales Taxes (PST), Harmonized Sales Tax (HST) oder Quebec Sales Tax (QST) umfassen k\u00f6nnen.<\/li>\n<\/ul>\n<p><strong>NUR f\u00fcr EU-Kunden:<\/strong> Express DDP (Delivered Duty Paid). Dies bedeutet: <\/p>\n<ul>\n<li>Alle Z\u00f6lle und Steuern sind in dem auf der Produktseite angegebenen Preis enthalten.<\/li>\n<li>Sie m\u00fcssen bei der Lieferung keine zus\u00e4tzlichen Geb\u00fchren zahlen.<\/li>\n<li>Im seltenen Fall von Zollproblemen \u00fcbernimmt unser Team die Zollabfertigung in Ihrem Namen, um eine reibungslose Lieferung zu gew\u00e4hrleisten.<\/li>\n<p>Wichtige Informationen \u00fcber R\u00fccksendungen:<\/p>\n<li>Wenn Sie sich entscheiden, Ihre Bestellung zur\u00fcckzusenden oder eine R\u00fcckerstattung zu beantragen, beachten Sie bitte, dass Steuern und Abgaben, die im Rahmen von DDP in Ihrem Namen gezahlt wurden, nicht erstattet werden k\u00f6nnen.<\/li>\n<p>Detaillierte Informationen finden Sie in unseren <a href=\"https:\/\/ayaneo.co\/terms-of-service-2\/\" target=\"_blank\" rel=\"nofollow noopener\">Allgemeinen Gesch\u00e4ftsbedingungen<\/a>.\n<\/ul>\n<p>[\/cg_accordion]\n[cg_accordion title=\"KUNDENBETREUUNG\"]<\/p>\n<p>Haben Sie eine Frage? Wir sind nur eine kurze SMS davon entfernt, Ihr Problem zu l\u00f6sen!<br \/>\n[\/cg_accordion]\n[cg_accordion title=\"Das Paket enth\u00e4lt\"]<\/p>\n<ul>\n<li>1x AYANEO AM02<\/li>\n<li>1x Netzstecker (EU\/US)<\/li>\n<li>1x USB Typ-C Kabel<\/li>\n<li>1x HDMI-Kabel<\/li>\n<li>2x Schraubendreher<\/li>\n<li>5x Schrauben (M2*3)<\/li>\n<li>1x Benutzerhandbuch<\/li>\n<\/ul>\n<p>[\/cg_accordion]\n","protected":false},"featured_media":1555,"template":"","meta":{"_acf_changed":false},"product_brand":[],"product_cat":[366],"product_tag":[],"class_list":{"0":"post-2503","1":"product","2":"type-product","3":"status-publish","4":"has-post-thumbnail","6":"product_cat-mini-pcs-de","7":"product_shipping_class-premium","8":"pa_brand-ayaneo","9":"pa_graphics-gpu-model-radeon-780m","10":"pa_processor-cpu-brand-amd","12":"first","13":"outofstock","14":"taxable","15":"shipping-taxable","16":"purchasable","17":"product-type-variable"},"acf":[],"_links":{"self":[{"href":"https:\/\/ayaneo.co\/de\/wp-json\/wp\/v2\/product\/2503","targetHints":{"allow":["GET"]}}],"collection":[{"href":"https:\/\/ayaneo.co\/de\/wp-json\/wp\/v2\/product"}],"about":[{"href":"https:\/\/ayaneo.co\/de\/wp-json\/wp\/v2\/types\/product"}],"wp:featuredmedia":[{"embeddable":true,"href":"https:\/\/ayaneo.co\/de\/wp-json\/wp\/v2\/media\/1555"}],"wp:attachment":[{"href":"https:\/\/ayaneo.co\/de\/wp-json\/wp\/v2\/media?parent=2503"}],"wp:term":[{"taxonomy":"product_brand","embeddable":true,"href":"https:\/\/ayaneo.co\/de\/wp-json\/wp\/v2\/product_brand?post=2503"},{"taxonomy":"product_cat","embeddable":true,"href":"https:\/\/ayaneo.co\/de\/wp-json\/wp\/v2\/product_cat?post=2503"},{"taxonomy":"product_tag","embeddable":true,"href":"https:\/\/ayaneo.co\/de\/wp-json\/wp\/v2\/product_tag?post=2503"}],"curies":[{"name":"wp","href":"https:\/\/api.w.org\/{rel}","templated":true}]}}