{"id":2531,"date":"2024-03-20T16:50:22","date_gmt":"2024-03-20T16:50:22","guid":{"rendered":"https:\/\/ayaneo.co\/product\/ayaneo-flip-kb-ds\/"},"modified":"2025-04-11T12:14:52","modified_gmt":"2025-04-11T12:14:52","slug":"ayaneo-flip-kb-ds","status":"publish","type":"product","link":"https:\/\/ayaneo.co\/de\/product\/ayaneo-flip-kb-ds\/","title":{"rendered":"AYANEO FLIP KB \/ DS"},"content":{"rendered":"\n<figure class=\"wp-block-image size-full\"><img fetchpriority=\"high\" decoding=\"async\" width=\"1500\" height=\"846\" src=\"https:\/\/ayaneo.co\/wp-content\/uploads\/2024\/03\/AYANEO-FLIP-KB-MARKETING-DONE-02.jpg\" alt=\"AYANEO FLIP Marketing\" class=\"wp-image-557\" srcset=\"https:\/\/ayaneo.co\/wp-content\/uploads\/2024\/03\/AYANEO-FLIP-KB-MARKETING-DONE-02.jpg 1500w, https:\/\/ayaneo.co\/wp-content\/uploads\/2024\/03\/AYANEO-FLIP-KB-MARKETING-DONE-02-150x85.jpg 150w, https:\/\/ayaneo.co\/wp-content\/uploads\/2024\/03\/AYANEO-FLIP-KB-MARKETING-DONE-02-600x338.jpg 600w, https:\/\/ayaneo.co\/wp-content\/uploads\/2024\/03\/AYANEO-FLIP-KB-MARKETING-DONE-02-300x169.jpg 300w, https:\/\/ayaneo.co\/wp-content\/uploads\/2024\/03\/AYANEO-FLIP-KB-MARKETING-DONE-02-1024x578.jpg 1024w, https:\/\/ayaneo.co\/wp-content\/uploads\/2024\/03\/AYANEO-FLIP-KB-MARKETING-DONE-02-768x433.jpg 768w, https:\/\/ayaneo.co\/wp-content\/uploads\/2024\/03\/AYANEO-FLIP-KB-MARKETING-DONE-02-990x558.jpg 990w, https:\/\/ayaneo.co\/wp-content\/uploads\/2024\/03\/AYANEO-FLIP-KB-MARKETING-DONE-02-441x249.jpg 441w\" sizes=\"(max-width: 1500px) 100vw, 1500px\" \/><\/figure>\n\n<figure class=\"wp-block-image size-full\"><img decoding=\"async\" width=\"1500\" height=\"1346\" src=\"https:\/\/ayaneo.co\/wp-content\/uploads\/2024\/03\/AYANEO-FLIP-DS-MARKETING-DONE-03.png\" alt=\"AYANEO FLIP Marketing\" class=\"wp-image-558\" srcset=\"https:\/\/ayaneo.co\/wp-content\/uploads\/2024\/03\/AYANEO-FLIP-DS-MARKETING-DONE-03.png 1500w, https:\/\/ayaneo.co\/wp-content\/uploads\/2024\/03\/AYANEO-FLIP-DS-MARKETING-DONE-03-150x135.png 150w, https:\/\/ayaneo.co\/wp-content\/uploads\/2024\/03\/AYANEO-FLIP-DS-MARKETING-DONE-03-600x538.png 600w, https:\/\/ayaneo.co\/wp-content\/uploads\/2024\/03\/AYANEO-FLIP-DS-MARKETING-DONE-03-300x269.png 300w, https:\/\/ayaneo.co\/wp-content\/uploads\/2024\/03\/AYANEO-FLIP-DS-MARKETING-DONE-03-1024x919.png 1024w, https:\/\/ayaneo.co\/wp-content\/uploads\/2024\/03\/AYANEO-FLIP-DS-MARKETING-DONE-03-768x689.png 768w, https:\/\/ayaneo.co\/wp-content\/uploads\/2024\/03\/AYANEO-FLIP-DS-MARKETING-DONE-03-990x888.png 990w, https:\/\/ayaneo.co\/wp-content\/uploads\/2024\/03\/AYANEO-FLIP-DS-MARKETING-DONE-03-441x396.png 441w\" sizes=\"(max-width: 1500px) 100vw, 1500px\" \/><\/figure>\n\n<figure class=\"wp-block-image size-full\"><img decoding=\"async\" width=\"1500\" height=\"1004\" src=\"https:\/\/ayaneo.co\/wp-content\/uploads\/2024\/03\/AYANEO-FLIP-DS-MARKETING-DONE-02.png\" alt=\"AYANEO FLIP Marketing\" class=\"wp-image-559\" srcset=\"https:\/\/ayaneo.co\/wp-content\/uploads\/2024\/03\/AYANEO-FLIP-DS-MARKETING-DONE-02.png 1500w, https:\/\/ayaneo.co\/wp-content\/uploads\/2024\/03\/AYANEO-FLIP-DS-MARKETING-DONE-02-150x100.png 150w, https:\/\/ayaneo.co\/wp-content\/uploads\/2024\/03\/AYANEO-FLIP-DS-MARKETING-DONE-02-600x402.png 600w, https:\/\/ayaneo.co\/wp-content\/uploads\/2024\/03\/AYANEO-FLIP-DS-MARKETING-DONE-02-300x201.png 300w, https:\/\/ayaneo.co\/wp-content\/uploads\/2024\/03\/AYANEO-FLIP-DS-MARKETING-DONE-02-1024x685.png 1024w, https:\/\/ayaneo.co\/wp-content\/uploads\/2024\/03\/AYANEO-FLIP-DS-MARKETING-DONE-02-768x514.png 768w, https:\/\/ayaneo.co\/wp-content\/uploads\/2024\/03\/AYANEO-FLIP-DS-MARKETING-DONE-02-990x663.png 990w, https:\/\/ayaneo.co\/wp-content\/uploads\/2024\/03\/AYANEO-FLIP-DS-MARKETING-DONE-02-441x295.png 441w\" sizes=\"(max-width: 1500px) 100vw, 1500px\" \/><\/figure>\n\n<figure class=\"wp-block-image size-full\"><img loading=\"lazy\" decoding=\"async\" width=\"1500\" height=\"992\" src=\"https:\/\/ayaneo.co\/wp-content\/uploads\/2024\/03\/AYANEO-FLIP-KB-MARKETING-DONE-05.jpg\" alt=\"AYANEO FLIP Marketing\" class=\"wp-image-560\" srcset=\"https:\/\/ayaneo.co\/wp-content\/uploads\/2024\/03\/AYANEO-FLIP-KB-MARKETING-DONE-05.jpg 1500w, https:\/\/ayaneo.co\/wp-content\/uploads\/2024\/03\/AYANEO-FLIP-KB-MARKETING-DONE-05-150x99.jpg 150w, https:\/\/ayaneo.co\/wp-content\/uploads\/2024\/03\/AYANEO-FLIP-KB-MARKETING-DONE-05-600x397.jpg 600w, https:\/\/ayaneo.co\/wp-content\/uploads\/2024\/03\/AYANEO-FLIP-KB-MARKETING-DONE-05-300x198.jpg 300w, https:\/\/ayaneo.co\/wp-content\/uploads\/2024\/03\/AYANEO-FLIP-KB-MARKETING-DONE-05-1024x677.jpg 1024w, https:\/\/ayaneo.co\/wp-content\/uploads\/2024\/03\/AYANEO-FLIP-KB-MARKETING-DONE-05-768x508.jpg 768w, https:\/\/ayaneo.co\/wp-content\/uploads\/2024\/03\/AYANEO-FLIP-KB-MARKETING-DONE-05-990x655.jpg 990w, https:\/\/ayaneo.co\/wp-content\/uploads\/2024\/03\/AYANEO-FLIP-KB-MARKETING-DONE-05-441x292.jpg 441w\" sizes=\"(max-width: 1500px) 100vw, 1500px\" \/><\/figure>\n\n<figure class=\"wp-block-image size-full\"><img loading=\"lazy\" decoding=\"async\" width=\"1500\" height=\"1587\" src=\"https:\/\/ayaneo.co\/wp-content\/uploads\/2024\/03\/AYANEO-FLIP-KB-MARKETING-DONE-06.jpg\" alt=\"AYANEO FLIP Marketing\" class=\"wp-image-561\" srcset=\"https:\/\/ayaneo.co\/wp-content\/uploads\/2024\/03\/AYANEO-FLIP-KB-MARKETING-DONE-06.jpg 1500w, https:\/\/ayaneo.co\/wp-content\/uploads\/2024\/03\/AYANEO-FLIP-KB-MARKETING-DONE-06-150x159.jpg 150w, https:\/\/ayaneo.co\/wp-content\/uploads\/2024\/03\/AYANEO-FLIP-KB-MARKETING-DONE-06-600x635.jpg 600w, https:\/\/ayaneo.co\/wp-content\/uploads\/2024\/03\/AYANEO-FLIP-KB-MARKETING-DONE-06-284x300.jpg 284w, https:\/\/ayaneo.co\/wp-content\/uploads\/2024\/03\/AYANEO-FLIP-KB-MARKETING-DONE-06-968x1024.jpg 968w, https:\/\/ayaneo.co\/wp-content\/uploads\/2024\/03\/AYANEO-FLIP-KB-MARKETING-DONE-06-768x813.jpg 768w, https:\/\/ayaneo.co\/wp-content\/uploads\/2024\/03\/AYANEO-FLIP-KB-MARKETING-DONE-06-1452x1536.jpg 1452w, https:\/\/ayaneo.co\/wp-content\/uploads\/2024\/03\/AYANEO-FLIP-KB-MARKETING-DONE-06-990x1047.jpg 990w, https:\/\/ayaneo.co\/wp-content\/uploads\/2024\/03\/AYANEO-FLIP-KB-MARKETING-DONE-06-441x467.jpg 441w\" sizes=\"(max-width: 1500px) 100vw, 1500px\" \/><\/figure>\n\n<figure class=\"wp-block-image size-large\"><img loading=\"lazy\" decoding=\"async\" width=\"1024\" height=\"591\" src=\"https:\/\/ayaneo.co\/wp-content\/uploads\/2024\/03\/AYANEO-FLIP-DS-MARKETING-DONE-06-1024x591.png\" alt=\"AYANEO FLIP Marketing\" class=\"wp-image-562\" srcset=\"https:\/\/ayaneo.co\/wp-content\/uploads\/2024\/03\/AYANEO-FLIP-DS-MARKETING-DONE-06-1024x591.png 1024w, https:\/\/ayaneo.co\/wp-content\/uploads\/2024\/03\/AYANEO-FLIP-DS-MARKETING-DONE-06-150x87.png 150w, https:\/\/ayaneo.co\/wp-content\/uploads\/2024\/03\/AYANEO-FLIP-DS-MARKETING-DONE-06-600x346.png 600w, https:\/\/ayaneo.co\/wp-content\/uploads\/2024\/03\/AYANEO-FLIP-DS-MARKETING-DONE-06-300x173.png 300w, https:\/\/ayaneo.co\/wp-content\/uploads\/2024\/03\/AYANEO-FLIP-DS-MARKETING-DONE-06-768x443.png 768w, https:\/\/ayaneo.co\/wp-content\/uploads\/2024\/03\/AYANEO-FLIP-DS-MARKETING-DONE-06-990x572.png 990w, https:\/\/ayaneo.co\/wp-content\/uploads\/2024\/03\/AYANEO-FLIP-DS-MARKETING-DONE-06-441x255.png 441w, https:\/\/ayaneo.co\/wp-content\/uploads\/2024\/03\/AYANEO-FLIP-DS-MARKETING-DONE-06.png 1500w\" sizes=\"(max-width: 1024px) 100vw, 1024px\" \/><\/figure>\n\n<figure class=\"wp-block-image size-large\"><img loading=\"lazy\" decoding=\"async\" width=\"855\" height=\"1024\" src=\"https:\/\/ayaneo.co\/wp-content\/uploads\/2024\/03\/AYANEO-FLIP-KB-MARKETING-DONE-09-855x1024.jpg\" alt=\"AYANEO FLIP Marketing\" class=\"wp-image-563\" srcset=\"https:\/\/ayaneo.co\/wp-content\/uploads\/2024\/03\/AYANEO-FLIP-KB-MARKETING-DONE-09-855x1024.jpg 855w, https:\/\/ayaneo.co\/wp-content\/uploads\/2024\/03\/AYANEO-FLIP-KB-MARKETING-DONE-09-150x180.jpg 150w, https:\/\/ayaneo.co\/wp-content\/uploads\/2024\/03\/AYANEO-FLIP-KB-MARKETING-DONE-09-600x719.jpg 600w, https:\/\/ayaneo.co\/wp-content\/uploads\/2024\/03\/AYANEO-FLIP-KB-MARKETING-DONE-09-250x300.jpg 250w, https:\/\/ayaneo.co\/wp-content\/uploads\/2024\/03\/AYANEO-FLIP-KB-MARKETING-DONE-09-768x920.jpg 768w, https:\/\/ayaneo.co\/wp-content\/uploads\/2024\/03\/AYANEO-FLIP-KB-MARKETING-DONE-09-1282x1536.jpg 1282w, https:\/\/ayaneo.co\/wp-content\/uploads\/2024\/03\/AYANEO-FLIP-KB-MARKETING-DONE-09-990x1186.jpg 990w, https:\/\/ayaneo.co\/wp-content\/uploads\/2024\/03\/AYANEO-FLIP-KB-MARKETING-DONE-09-441x528.jpg 441w, https:\/\/ayaneo.co\/wp-content\/uploads\/2024\/03\/AYANEO-FLIP-KB-MARKETING-DONE-09.jpg 1500w\" sizes=\"(max-width: 855px) 100vw, 855px\" \/><\/figure>\n\n<figure class=\"wp-block-image size-full\"><img loading=\"lazy\" decoding=\"async\" width=\"1500\" height=\"2091\" src=\"https:\/\/ayaneo.co\/wp-content\/uploads\/2024\/03\/AYANEO-FLIP-KB-MARKETING-DONE-11.jpg\" alt=\"AYANEO FLIP Marketing\" class=\"wp-image-564\" srcset=\"https:\/\/ayaneo.co\/wp-content\/uploads\/2024\/03\/AYANEO-FLIP-KB-MARKETING-DONE-11.jpg 1500w, https:\/\/ayaneo.co\/wp-content\/uploads\/2024\/03\/AYANEO-FLIP-KB-MARKETING-DONE-11-150x209.jpg 150w, https:\/\/ayaneo.co\/wp-content\/uploads\/2024\/03\/AYANEO-FLIP-KB-MARKETING-DONE-11-600x836.jpg 600w, https:\/\/ayaneo.co\/wp-content\/uploads\/2024\/03\/AYANEO-FLIP-KB-MARKETING-DONE-11-215x300.jpg 215w, https:\/\/ayaneo.co\/wp-content\/uploads\/2024\/03\/AYANEO-FLIP-KB-MARKETING-DONE-11-735x1024.jpg 735w, https:\/\/ayaneo.co\/wp-content\/uploads\/2024\/03\/AYANEO-FLIP-KB-MARKETING-DONE-11-768x1071.jpg 768w, https:\/\/ayaneo.co\/wp-content\/uploads\/2024\/03\/AYANEO-FLIP-KB-MARKETING-DONE-11-1102x1536.jpg 1102w, https:\/\/ayaneo.co\/wp-content\/uploads\/2024\/03\/AYANEO-FLIP-KB-MARKETING-DONE-11-1469x2048.jpg 1469w, https:\/\/ayaneo.co\/wp-content\/uploads\/2024\/03\/AYANEO-FLIP-KB-MARKETING-DONE-11-990x1380.jpg 990w, https:\/\/ayaneo.co\/wp-content\/uploads\/2024\/03\/AYANEO-FLIP-KB-MARKETING-DONE-11-441x615.jpg 441w\" sizes=\"(max-width: 1500px) 100vw, 1500px\" \/><\/figure>\n\n<figure class=\"wp-block-image size-full\"><img loading=\"lazy\" decoding=\"async\" width=\"1500\" height=\"2353\" src=\"https:\/\/ayaneo.co\/wp-content\/uploads\/2024\/03\/AYANEO-FLIP-KB-MARKETING-DONE-12.jpg\" alt=\"AYANEO FLIP Marketing\" class=\"wp-image-565\" srcset=\"https:\/\/ayaneo.co\/wp-content\/uploads\/2024\/03\/AYANEO-FLIP-KB-MARKETING-DONE-12.jpg 1500w, https:\/\/ayaneo.co\/wp-content\/uploads\/2024\/03\/AYANEO-FLIP-KB-MARKETING-DONE-12-150x235.jpg 150w, https:\/\/ayaneo.co\/wp-content\/uploads\/2024\/03\/AYANEO-FLIP-KB-MARKETING-DONE-12-600x941.jpg 600w, https:\/\/ayaneo.co\/wp-content\/uploads\/2024\/03\/AYANEO-FLIP-KB-MARKETING-DONE-12-191x300.jpg 191w, https:\/\/ayaneo.co\/wp-content\/uploads\/2024\/03\/AYANEO-FLIP-KB-MARKETING-DONE-12-653x1024.jpg 653w, https:\/\/ayaneo.co\/wp-content\/uploads\/2024\/03\/AYANEO-FLIP-KB-MARKETING-DONE-12-768x1205.jpg 768w, https:\/\/ayaneo.co\/wp-content\/uploads\/2024\/03\/AYANEO-FLIP-KB-MARKETING-DONE-12-979x1536.jpg 979w, https:\/\/ayaneo.co\/wp-content\/uploads\/2024\/03\/AYANEO-FLIP-KB-MARKETING-DONE-12-1306x2048.jpg 1306w, https:\/\/ayaneo.co\/wp-content\/uploads\/2024\/03\/AYANEO-FLIP-KB-MARKETING-DONE-12-990x1553.jpg 990w, https:\/\/ayaneo.co\/wp-content\/uploads\/2024\/03\/AYANEO-FLIP-KB-MARKETING-DONE-12-441x692.jpg 441w\" sizes=\"(max-width: 1500px) 100vw, 1500px\" \/><\/figure>\n\n<figure class=\"wp-block-image size-full\"><img loading=\"lazy\" decoding=\"async\" width=\"1500\" height=\"830\" src=\"https:\/\/ayaneo.co\/wp-content\/uploads\/2024\/03\/AYANEO-FLIP-KB-MARKETING-DONE-15.jpg\" alt=\"AYANEO FLIP Marketing\" class=\"wp-image-566\" srcset=\"https:\/\/ayaneo.co\/wp-content\/uploads\/2024\/03\/AYANEO-FLIP-KB-MARKETING-DONE-15.jpg 1500w, https:\/\/ayaneo.co\/wp-content\/uploads\/2024\/03\/AYANEO-FLIP-KB-MARKETING-DONE-15-150x83.jpg 150w, https:\/\/ayaneo.co\/wp-content\/uploads\/2024\/03\/AYANEO-FLIP-KB-MARKETING-DONE-15-600x332.jpg 600w, https:\/\/ayaneo.co\/wp-content\/uploads\/2024\/03\/AYANEO-FLIP-KB-MARKETING-DONE-15-300x166.jpg 300w, https:\/\/ayaneo.co\/wp-content\/uploads\/2024\/03\/AYANEO-FLIP-KB-MARKETING-DONE-15-1024x567.jpg 1024w, https:\/\/ayaneo.co\/wp-content\/uploads\/2024\/03\/AYANEO-FLIP-KB-MARKETING-DONE-15-768x425.jpg 768w, https:\/\/ayaneo.co\/wp-content\/uploads\/2024\/03\/AYANEO-FLIP-KB-MARKETING-DONE-15-990x548.jpg 990w, https:\/\/ayaneo.co\/wp-content\/uploads\/2024\/03\/AYANEO-FLIP-KB-MARKETING-DONE-15-441x244.jpg 441w\" sizes=\"(max-width: 1500px) 100vw, 1500px\" \/><\/figure>\n\n<figure class=\"wp-block-image size-full\"><img loading=\"lazy\" decoding=\"async\" width=\"1500\" height=\"1364\" src=\"https:\/\/ayaneo.co\/wp-content\/uploads\/2024\/03\/AYANEO-FLIP-KB-MARKETING-DONE-19.jpg\" alt=\"AYANEO FLIP Marketing\" class=\"wp-image-567\" srcset=\"https:\/\/ayaneo.co\/wp-content\/uploads\/2024\/03\/AYANEO-FLIP-KB-MARKETING-DONE-19.jpg 1500w, https:\/\/ayaneo.co\/wp-content\/uploads\/2024\/03\/AYANEO-FLIP-KB-MARKETING-DONE-19-150x136.jpg 150w, https:\/\/ayaneo.co\/wp-content\/uploads\/2024\/03\/AYANEO-FLIP-KB-MARKETING-DONE-19-600x546.jpg 600w, https:\/\/ayaneo.co\/wp-content\/uploads\/2024\/03\/AYANEO-FLIP-KB-MARKETING-DONE-19-300x273.jpg 300w, https:\/\/ayaneo.co\/wp-content\/uploads\/2024\/03\/AYANEO-FLIP-KB-MARKETING-DONE-19-1024x931.jpg 1024w, https:\/\/ayaneo.co\/wp-content\/uploads\/2024\/03\/AYANEO-FLIP-KB-MARKETING-DONE-19-768x698.jpg 768w, https:\/\/ayaneo.co\/wp-content\/uploads\/2024\/03\/AYANEO-FLIP-KB-MARKETING-DONE-19-990x900.jpg 990w, https:\/\/ayaneo.co\/wp-content\/uploads\/2024\/03\/AYANEO-FLIP-KB-MARKETING-DONE-19-441x401.jpg 441w\" sizes=\"(max-width: 1500px) 100vw, 1500px\" \/><\/figure>\n\n<figure class=\"wp-block-image size-full\"><img loading=\"lazy\" decoding=\"async\" width=\"1500\" height=\"1080\" src=\"https:\/\/ayaneo.co\/wp-content\/uploads\/2024\/03\/AYANEO-FLIP-DS-MARKETING-DONE-09.png\" alt=\"AYANEO FLIP Marketing\" class=\"wp-image-568\" srcset=\"https:\/\/ayaneo.co\/wp-content\/uploads\/2024\/03\/AYANEO-FLIP-DS-MARKETING-DONE-09.png 1500w, https:\/\/ayaneo.co\/wp-content\/uploads\/2024\/03\/AYANEO-FLIP-DS-MARKETING-DONE-09-150x108.png 150w, https:\/\/ayaneo.co\/wp-content\/uploads\/2024\/03\/AYANEO-FLIP-DS-MARKETING-DONE-09-600x432.png 600w, https:\/\/ayaneo.co\/wp-content\/uploads\/2024\/03\/AYANEO-FLIP-DS-MARKETING-DONE-09-300x216.png 300w, https:\/\/ayaneo.co\/wp-content\/uploads\/2024\/03\/AYANEO-FLIP-DS-MARKETING-DONE-09-1024x737.png 1024w, https:\/\/ayaneo.co\/wp-content\/uploads\/2024\/03\/AYANEO-FLIP-DS-MARKETING-DONE-09-768x553.png 768w, https:\/\/ayaneo.co\/wp-content\/uploads\/2024\/03\/AYANEO-FLIP-DS-MARKETING-DONE-09-990x713.png 990w, https:\/\/ayaneo.co\/wp-content\/uploads\/2024\/03\/AYANEO-FLIP-DS-MARKETING-DONE-09-441x318.png 441w\" sizes=\"(max-width: 1500px) 100vw, 1500px\" \/><\/figure>\n\n<figure class=\"wp-block-image size-full\"><img loading=\"lazy\" decoding=\"async\" width=\"1500\" height=\"898\" src=\"https:\/\/ayaneo.co\/wp-content\/uploads\/2024\/03\/AYANEO-FLIP-DS-MARKETING-DONE-10.png\" alt=\"AYANEO FLIP Marketing\" class=\"wp-image-569\" srcset=\"https:\/\/ayaneo.co\/wp-content\/uploads\/2024\/03\/AYANEO-FLIP-DS-MARKETING-DONE-10.png 1500w, https:\/\/ayaneo.co\/wp-content\/uploads\/2024\/03\/AYANEO-FLIP-DS-MARKETING-DONE-10-150x90.png 150w, https:\/\/ayaneo.co\/wp-content\/uploads\/2024\/03\/AYANEO-FLIP-DS-MARKETING-DONE-10-600x359.png 600w, https:\/\/ayaneo.co\/wp-content\/uploads\/2024\/03\/AYANEO-FLIP-DS-MARKETING-DONE-10-300x180.png 300w, https:\/\/ayaneo.co\/wp-content\/uploads\/2024\/03\/AYANEO-FLIP-DS-MARKETING-DONE-10-1024x613.png 1024w, https:\/\/ayaneo.co\/wp-content\/uploads\/2024\/03\/AYANEO-FLIP-DS-MARKETING-DONE-10-768x460.png 768w, https:\/\/ayaneo.co\/wp-content\/uploads\/2024\/03\/AYANEO-FLIP-DS-MARKETING-DONE-10-990x593.png 990w, https:\/\/ayaneo.co\/wp-content\/uploads\/2024\/03\/AYANEO-FLIP-DS-MARKETING-DONE-10-441x264.png 441w\" sizes=\"(max-width: 1500px) 100vw, 1500px\" \/><\/figure>\n\n<h3 class=\"wp-block-heading\" id=\"h-introducing-the-ayaneo-flip-revolutionizing-handheld-gaming-pcs\">Wir stellen vor: AYANEO Flip: Revolutionierung von Handheld Gaming PCs<\/h3>\n\n<p>In der dynamischen Welt des Gamings ist der AYANEO Flip ein bahnbrechender Schritt nach vorn, der Gamern eine nie dagewesene Kombination aus Mobilit\u00e4t und Hochleistungs-Gaming bietet. Dieser innovative Clamshell-Handheld-Gaming-PC sticht mit seinem DS-Modell mit zwei Bildschirmen und dem KB-Modell mit Tastatur hervor und richtet sich an Gamer, die sowohl auf Mobilit\u00e4t als auch auf Leistung Wert legen. Der AYANEO Flip definiert die Standards f\u00fcr Handheld-Gaming neu und bietet hochmoderne Funktionen, die sich sowohl an Liebhaber klassischer Spiele als auch an moderne Gamer richten, die unterwegs ein unvergleichliches Spielerlebnis suchen.  <\/p>\n\n<h3 class=\"wp-block-heading\">Produkt\u00fcbersicht: Das ultimative Handheld-Spiel<\/h3>\n\n<p>Der AYANEO Flip ver\u00e4ndert die Landschaft der tragbaren Gaming-PCs, indem er robuste Leistung und minimalen Stromverbrauch nahtlos miteinander verbindet. Angetrieben von einem AMD Ryzen 7 7840U Prozessor bietet dieses Ger\u00e4t ein Spielerlebnis auf Desktop-Niveau in einem kompakten Paket. Sie haben die Wahl zwischen dem DS-Modell mit zwei 3,5-Zoll-Bildschirmen ( IPS ) f\u00fcr mehr Spielspa\u00df und Produktivit\u00e4t oder dem KB-Modell mit integrierter Tastatur f\u00fcr nahtlose Navigation und Kommunikation.  <\/p>\n\n<p>Dieser tragbare Gaming-PC zeichnet sich nicht nur durch seine Leistung, sondern auch durch seine Ergonomie und Portabilit\u00e4t aus und ist damit perfekt f\u00fcr Spiele in jeder Umgebung geeignet. Ausgestattet mit einem dynamischen 7&#8243; 1080P IPS Hauptbildschirm, bis zu 64GB LPDDR5X RAM und bis zu 2TB PCIe 4.0 SSD Speicher sorgt der AYANEO Flip f\u00fcr reibungsloses Gameplay und Vielseitigkeit bei gleichzeitig schlankem, leichtem Design. <\/p>\n\n<h3 class=\"wp-block-heading\">Detaillierte Merkmale: Entwickelt f\u00fcr Exzellenz<\/h3>\n\n<p>Leistung: Das AYANEO Flip liefert mit seiner AMD Ryzen 7 7840U CPU oder AMD Ryzen 7 8840U und 780M GPU eine au\u00dfergew\u00f6hnliche Leistung, die mit 28W TDP f\u00fcr fesselnde Spielerlebnisse bei verschiedenen Titeln sorgt. Mit einer Bildwiederholfrequenz von 120 Hz und einer 100% sRGB-Farbskala ist die Darstellung lebendig und fl\u00fcssig, w\u00e4hrend der optionale zweite Bildschirm des DS-Modells Multitasking und Spielsteuerung verbessert. <\/p>\n\n<p>Arbeitsspeicher und Speicher: Das AYANEO Flip setzt neue Ma\u00dfst\u00e4be f\u00fcr Handheld-Spiele und bietet Konfigurationen mit bis zu 64 GB RAM f\u00fcr blitzschnelle Ladezeiten und nahtloses Gameplay. Die gro\u00dfz\u00fcgigen 2TB SSD bieten reichlich Platz zum Speichern einer umfangreichen Spielebibliothek. <\/p>\n\n<h3 class=\"wp-block-heading\">Benutzererfahrung: Auf die Bed\u00fcrfnisse von Spielern zugeschnitten<\/h3>\n\n<p>Mit dem AYANEO Flip haben Sie das Gef\u00fchl, die Zukunft des Spielens in der Hand zu haben. Es l\u00e4uft mit Windows OS und unterst\u00fctzt eine Vielzahl von Spielen, Anwendungen und Emulatoren, was es zu einem vielseitigen Werkzeug f\u00fcr Unterhaltung und Produktivit\u00e4t macht. Mit USB 4 Typ-C-Anschl\u00fcssen, einem UHS-II MicroSD-Kartenleser, Wi-Fi 6E, Bluetooth 5.2 und OcuLink-Unterst\u00fctzung ist die Konnektivit\u00e4t nahtlos und robust und erm\u00f6glicht eine Desktop-\u00e4hnliche Spieleleistung mit der GPD G1 2024 eGPU-Dockingstation.  <\/p>\n\n<p>F\u00fcr Benutzer des DS-Modells verbessert die Dual-Screen-Einrichtung sowohl das Spielen als auch die Produktivit\u00e4t, w\u00e4hrend das KB-Modell mit seiner integrierten Tastatur Effizienz bietet.<\/p>\n\n<h3 class=\"wp-block-heading\">Fazit: Eine neue \u00c4ra der Handheld-Spiele<\/h3>\n\n<p>Der AYANEO Flip stellt einen bedeutenden Fortschritt bei kompakten Gaming-PCs dar und kombiniert un\u00fcbertroffene Leistung, innovatives Design und Funktionalit\u00e4t. Er setzt einen neuen Standard f\u00fcr tragbare Spiele, bei dem Mobilit\u00e4t, Leistung und Design zusammenkommen, um ein unvergleichliches Spielerlebnis zu bieten. <\/p>\n\n<p>Verpassen Sie nicht Ihre Chance, an der Spitze der Handheld-Gaming-Innovation zu stehen. Ob Sie ein Liebhaber klassischer Spiele sind oder ein moderner Gamer, der die ultimative tragbare Spielkonsole sucht, die AYANEO Flip bietet f\u00fcr jeden etwas Au\u00dfergew\u00f6hnliches. Bestellen Sie jetzt vor und sichern Sie sich Ihren Platz in der Gaming-Revolution mit AYANEO Flip. Die Verf\u00fcgbarkeit ist begrenzt, also handeln Sie schnell und sichern Sie sich die Zukunft des Spielens.   <\/p>\n","protected":false},"excerpt":{"rendered":"<ul>\n<li>AMD Ryzen\u2122 7<strong> 8840U<\/strong> &amp; Radeon 780M<\/li>\n<li><strong>bis zu 64GB<\/strong> LPDDR5X @ <strong>6400 MT\/s<\/strong><\/li>\n<li><strong>bis zu 2TB<\/strong> Hochgeschwindigkeits-PCIe <strong>4.0<\/strong> M.2 2230 SSD <\/li>\n<li>7&#8243;<strong> 120Hz<\/strong> IPS 1080P<strong> 400 nits<\/strong> Touchscreen<\/li>\n<li>WiFi <strong>6E<\/strong> &amp; Bluetooth <strong>5.2<\/strong> Unterst\u00fctzung<\/li>\n<\/ul>\n[cg_accordion title=\"INFO ZUR BEZAHLUNG\"]<\/p>\n<p>Wir verwenden die neueste Technologie in der Zahlungsabwicklung, die es Ihnen erm\u00f6glicht, \u00fcber Apple Pay, Google Pay, Ihre Debit-\/Kreditkarte, PayPal oder BNPL-Methoden wie Klarna, Affirm oder AfterPay schnell und sicher zu bezahlen.[\/cg_accordion]\n[cg_accordion title=\"GARANTIE\"]<\/p>\n<p>1 Jahr Garantie von <a href=\"https:\/\/droix.net\/\" target=\"_blank\" rel=\"nofollow noopener\">DROIX Global<\/a> f\u00fcr Ihren Seelenfrieden[\/cg_accordion]\n[cg_accordion title=\"PREISE, STEUERN UND VERSAND\"]<\/p>\n<p><strong><u>Anmerkung:<\/u><\/strong><\/p>\n<ul>\n<li>Kunden aus den Vereinigten Staaten: Der angezeigte Preis enth\u00e4lt KEINE STEUERN oder Z\u00f6lle. Die Verantwortung f\u00fcr die Zollabfertigung und die Zahlung aller damit verbundenen Steuern und Abgaben liegt beim Kunden. <\/li>\n<li>EU-Kunden: Der angezeigte Preis enth\u00e4lt die anwendbare STEUER, die je nach Land bis zu 25% betragen kann.<\/li>\n<li>Kunden aus Kanada: Der angezeigte Preis enth\u00e4lt die anfallenden Steuern, die je nach Provinz 5% GST und zus\u00e4tzliche Provincial Sales Taxes (PST), Harmonized Sales Tax (HST) oder Quebec Sales Tax (QST) umfassen k\u00f6nnen.<\/li>\n<\/ul>\n<p><strong>NUR f\u00fcr EU-Kunden:<\/strong> Express DDP (Delivered Duty Paid). Dies bedeutet: <\/p>\n<ul>\n<li>Alle Z\u00f6lle und Steuern sind in dem auf der Produktseite angegebenen Preis enthalten.<\/li>\n<li>Sie m\u00fcssen bei der Lieferung keine zus\u00e4tzlichen Geb\u00fchren zahlen.<\/li>\n<li>Im seltenen Fall von Zollproblemen \u00fcbernimmt unser Team die Zollabfertigung in Ihrem Namen, um eine reibungslose Lieferung zu gew\u00e4hrleisten.<\/li>\n<p>Wichtige Informationen \u00fcber R\u00fccksendungen:<\/p>\n<li>Wenn Sie sich entscheiden, Ihre Bestellung zur\u00fcckzusenden oder eine R\u00fcckerstattung zu beantragen, beachten Sie bitte, dass Steuern und Abgaben, die im Rahmen von DDP in Ihrem Namen gezahlt wurden, nicht erstattet werden k\u00f6nnen.<\/li>\n<p>Detaillierte Informationen finden Sie in unseren <a href=\"https:\/\/ayaneo.co\/terms-of-service-2\/\" target=\"_blank\" rel=\"nofollow noopener\">Allgemeinen Gesch\u00e4ftsbedingungen<\/a>.\n<\/ul>\n<p>[\/cg_accordion]\n[cg_accordion title=\"KUNDENBETREUUNG\"]<\/p>\n<p>Haben Sie eine Frage? Wir sind nur eine kurze SMS davon entfernt, Ihr Problem zu l\u00f6sen!<br \/>\n[\/cg_accordion]\n[cg_accordion title=\"Das Paket enth\u00e4lt\"]<\/p>\n<ul>\n<li>1x AYANEO FLIP KB \/ DS<\/li>\n<li>1x Netzstecker (EU\/US)<\/li>\n<li>1x USB Typ-C Kabel<\/li>\n<li>1x Benutzerhandbuch<\/li>\n<\/ul>\n<p>[\/cg_accordion]\n","protected":false},"featured_media":1465,"template":"","meta":{"_acf_changed":false},"product_brand":[],"product_cat":[368],"product_tag":[],"class_list":{"0":"post-2531","1":"product","2":"type-product","3":"status-publish","4":"has-post-thumbnail","6":"product_cat-handheld-gaming-pcs-de","7":"product_shipping_class-premium","8":"pa_brand-ayaneo","9":"pa_graphics-gpu-model-radeon-780m","10":"pa_operating-system-windows-11-home","11":"pa_processor-cpu-brand-amd","13":"first","14":"outofstock","15":"sale","16":"taxable","17":"shipping-taxable","18":"purchasable","19":"product-type-variable","20":"has-default-attributes"},"acf":[],"_links":{"self":[{"href":"https:\/\/ayaneo.co\/de\/wp-json\/wp\/v2\/product\/2531","targetHints":{"allow":["GET"]}}],"collection":[{"href":"https:\/\/ayaneo.co\/de\/wp-json\/wp\/v2\/product"}],"about":[{"href":"https:\/\/ayaneo.co\/de\/wp-json\/wp\/v2\/types\/product"}],"wp:featuredmedia":[{"embeddable":true,"href":"https:\/\/ayaneo.co\/de\/wp-json\/wp\/v2\/media\/1465"}],"wp:attachment":[{"href":"https:\/\/ayaneo.co\/de\/wp-json\/wp\/v2\/media?parent=2531"}],"wp:term":[{"taxonomy":"product_brand","embeddable":true,"href":"https:\/\/ayaneo.co\/de\/wp-json\/wp\/v2\/product_brand?post=2531"},{"taxonomy":"product_cat","embeddable":true,"href":"https:\/\/ayaneo.co\/de\/wp-json\/wp\/v2\/product_cat?post=2531"},{"taxonomy":"product_tag","embeddable":true,"href":"https:\/\/ayaneo.co\/de\/wp-json\/wp\/v2\/product_tag?post=2531"}],"curies":[{"name":"wp","href":"https:\/\/api.w.org\/{rel}","templated":true}]}}