{"id":2598,"date":"2024-09-20T09:49:52","date_gmt":"2024-09-20T09:49:52","guid":{"rendered":"https:\/\/ayaneo.co\/product\/ayaneo-pocket-s-zubehoer\/"},"modified":"2025-12-09T00:25:48","modified_gmt":"2025-12-09T00:25:48","slug":"ayaneo-pocket-s-zubehoer","status":"publish","type":"product","link":"https:\/\/ayaneo.co\/de\/product\/ayaneo-pocket-s-zubehoer\/","title":{"rendered":"AYANEO Pocket S Zubeh\u00f6r"},"content":{"rendered":"\n<p>Verbessern Sie Ihr AYANEO Pocket S Spielerlebnis mit diesem unverzichtbaren Zubeh\u00f6rpaket, das f\u00fcr Schutz, Komfort und verbessertes Gameplay entwickelt wurde.<\/p>\n\n<ul class=\"wp-block-list\">\n<li><strong>2-in-1 Magnetische Flip-Schutzh\u00fclle<\/strong>: Diese Tasche mit innovativem, ergonomischem Design vereint Stil und Funktionalit\u00e4t. Die Schutzh\u00fclle verf\u00fcgt \u00fcber ein magnetisches Flip-Cover, das Ihr Ger\u00e4t sichert und gleichzeitig einen einfachen Zugriff erm\u00f6glicht. Die rutschfeste Textur sorgt f\u00fcr einen sicheren Halt, und der gro\u00dfe Griff bietet einen bequemen Halt f\u00fcr lange Spielesessions. Egal, ob Sie zu Hause oder unterwegs sind, diese Schutzh\u00fclle ist der perfekte Begleiter, um Ihr AYANEO Pocket S vor den t\u00e4glichen Abnutzungserscheinungen zu sch\u00fctzen.   <\/li>\n\n\n\n<li><strong>Displayschutzfolie<\/strong>: Sch\u00fctzen Sie Ihr Display mit einer hochwertigen, ultraklaren Displayschutzfolie. Er wurde entwickelt, um Kratzern, Flecken und Fingerabdr\u00fccken zu widerstehen und stellt sicher, dass Ihr Bildschirm so lebendig und reaktionsschnell wie immer bleibt. Das einfach anzubringende Design garantiert eine blasenfreie Installation und sorgt daf\u00fcr, dass Ihr Bildschirm makellos bleibt, w\u00e4hrend die Ber\u00fchrungsempfindlichkeit f\u00fcr ein reibungsloses, ununterbrochenes Spiel erhalten bleibt.  <\/li>\n\n\n\n<li><strong>Daumen-Griffe<\/strong>: Verbessern Sie Ihre Kontrolle mit hochwertigen Daumengriffen. Diese Silikon\u00fcberz\u00fcge f\u00fcr die Analogsticks bieten \u00fcberragenden Halt und Pr\u00e4zision und helfen Ihnen, selbst in den intensivsten Spielmomenten die Kontrolle zu behalten. Diese Daumengriffe wurden entwickelt, um Erm\u00fcdungserscheinungen vorzubeugen und den Komfort zu verbessern. Sie erm\u00f6glichen pr\u00e4zisere Bewegungen und verschaffen Ihnen den n\u00f6tigen Wettbewerbsvorteil.  <\/li>\n<\/ul>\n\n<p>Dieses Zubeh\u00f6rset sorgt daf\u00fcr, dass Ihr AYANEO Pocket S gesch\u00fctzt und einsatzbereit bleibt, und verbessert gleichzeitig das Spielerlebnis durch ergonomische Verbesserungen.<\/p>\n","protected":false},"excerpt":{"rendered":"[cg_accordion title=\"INFO ZUR BEZAHLUNG\"]<\/p>\n<p>Wir verwenden die neueste Technologie in der Zahlungsabwicklung, die es Ihnen erm\u00f6glicht, \u00fcber Apple Pay, Google Pay, Ihre Debit-\/Kreditkarte, PayPal oder BNPL-Methoden wie Klarna, Affirm oder AfterPay schnell und sicher zu bezahlen.[\/cg_accordion]\n[cg_accordion title=\"GARANTIE\"]<\/p>\n<p>1 Jahr Garantie von <a href=\"https:\/\/droix.net\/\" target=\"_blank\" rel=\"nofollow noopener\">DROIX Global<\/a> f\u00fcr Ihren Seelenfrieden[\/cg_accordion]\n[cg_accordion title=\"PREISE, STEUERN UND VERSAND\"]<\/p>\n<p><strong><u>Anmerkung:<\/u><\/strong><\/p>\n<ul>\n<li>Kunden aus den Vereinigten Staaten: Der angezeigte Preis enth\u00e4lt KEINE STEUERN oder Z\u00f6lle. Die Verantwortung f\u00fcr die Zollabfertigung und die Zahlung aller damit verbundenen Steuern und Abgaben liegt beim Kunden. <\/li>\n<li>EU-Kunden: Der angezeigte Preis enth\u00e4lt die anwendbare STEUER, die je nach Land bis zu 25% betragen kann.<\/li>\n<li>Kunden aus Kanada: Der angezeigte Preis enth\u00e4lt die anfallenden Steuern, die je nach Provinz 5% GST und zus\u00e4tzliche Provincial Sales Taxes (PST), Harmonized Sales Tax (HST) oder Quebec Sales Tax (QST) umfassen k\u00f6nnen.<\/li>\n<\/ul>\n<p><strong>NUR f\u00fcr EU-Kunden:<\/strong> Express DDP (Delivered Duty Paid). Dies bedeutet: <\/p>\n<ul>\n<li>Alle Z\u00f6lle und Steuern sind in dem auf der Produktseite angegebenen Preis enthalten.<\/li>\n<li>Sie m\u00fcssen bei der Lieferung keine zus\u00e4tzlichen Geb\u00fchren zahlen.<\/li>\n<li>Im seltenen Fall von Zollproblemen \u00fcbernimmt unser Team die Zollabfertigung in Ihrem Namen, um eine reibungslose Lieferung zu gew\u00e4hrleisten.<\/li>\n<p>Wichtige Informationen \u00fcber R\u00fccksendungen:<\/p>\n<li>Wenn Sie sich entscheiden, Ihre Bestellung zur\u00fcckzusenden oder eine R\u00fcckerstattung zu beantragen, beachten Sie bitte, dass Steuern und Abgaben, die im Rahmen von DDP in Ihrem Namen gezahlt wurden, nicht erstattet werden k\u00f6nnen.<\/li>\n<p>Detaillierte Informationen finden Sie in unseren <a href=\"https:\/\/ayaneo.co\/terms-of-service-2\/\" target=\"_blank\" rel=\"nofollow noopener\">Allgemeinen Gesch\u00e4ftsbedingungen<\/a>.\n<\/ul>\n<p>[\/cg_accordion]\n[cg_accordion title=\"KUNDENBETREUUNG\"]<\/p>\n<p>Haben Sie eine Frage? Wir sind nur eine kurze SMS davon entfernt, Ihr Problem zu l\u00f6sen!<br \/>\n[\/cg_accordion]\n","protected":false},"featured_media":2090,"template":"","meta":{"_acf_changed":false},"product_brand":[],"product_cat":[385],"product_tag":[],"class_list":{"0":"post-2598","1":"product","2":"type-product","3":"status-publish","4":"has-post-thumbnail","6":"product_cat-zubehor","7":"product_shipping_class-low-end","8":"pa_accessory-type-displayschutzfolie","9":"pa_accessory-type-grip-de","10":"pa_accessory-type-schutzhulle","11":"pa_brand-ayaneo","13":"first","14":"instock","15":"sale","16":"taxable","17":"shipping-taxable","18":"purchasable","19":"product-type-simple"},"acf":[],"_links":{"self":[{"href":"https:\/\/ayaneo.co\/de\/wp-json\/wp\/v2\/product\/2598","targetHints":{"allow":["GET"]}}],"collection":[{"href":"https:\/\/ayaneo.co\/de\/wp-json\/wp\/v2\/product"}],"about":[{"href":"https:\/\/ayaneo.co\/de\/wp-json\/wp\/v2\/types\/product"}],"wp:featuredmedia":[{"embeddable":true,"href":"https:\/\/ayaneo.co\/de\/wp-json\/wp\/v2\/media\/2090"}],"wp:attachment":[{"href":"https:\/\/ayaneo.co\/de\/wp-json\/wp\/v2\/media?parent=2598"}],"wp:term":[{"taxonomy":"product_brand","embeddable":true,"href":"https:\/\/ayaneo.co\/de\/wp-json\/wp\/v2\/product_brand?post=2598"},{"taxonomy":"product_cat","embeddable":true,"href":"https:\/\/ayaneo.co\/de\/wp-json\/wp\/v2\/product_cat?post=2598"},{"taxonomy":"product_tag","embeddable":true,"href":"https:\/\/ayaneo.co\/de\/wp-json\/wp\/v2\/product_tag?post=2598"}],"curies":[{"name":"wp","href":"https:\/\/api.w.org\/{rel}","templated":true}]}}