{"id":2733,"date":"2023-03-11T10:02:36","date_gmt":"2023-03-11T10:02:36","guid":{"rendered":"https:\/\/ayaneo.co\/product\/ayaneo-2-pc-spiel-handheld\/"},"modified":"2025-04-11T12:25:20","modified_gmt":"2025-04-11T12:25:20","slug":"ayaneo-2-pc-spiel-handheld","status":"publish","type":"product","link":"https:\/\/ayaneo.co\/de\/product\/ayaneo-2-pc-spiel-handheld\/","title":{"rendered":"AYANEO 2 PC-Spiele Handheld"},"content":{"rendered":"\n<p>Sie suchen einen leistungsstarken und tragbaren Handheld f\u00fcr PC-Spiele? Dann ist das AYANEO 2 genau das Richtige f\u00fcr Sie! Mit seiner rasend schnellen AMD Ryzen 7 Technologie bringt dieser Handheld Desktop-Gaming auf ein ganz neues Niveau.  <\/p>\n\n<p>Das AYANEO 2 ist mit dem neuesten AMD Ryzen 7 6800U mit 8 Kernen und 16 Threads ausgestattet, der mit bis zu 4,7 GHz l\u00e4uft und maximal 28 W verbraucht TDP. Au\u00dferdem verf\u00fcgt es \u00fcber die leistungsstarke AMD Radeon 680M GPU mit 12 Kernen, die mit 2200Mhz laufen. Mit bis zu 32GB LPDDR5-6400 MT\/S RAM und bis zu 2TB PCIe 4.0 m.2 2280 SSD bietet das AYANEO 2 eine exzellente Spieleleistung, selbst bei den neuesten Spielen!   <\/p>\n\n<p>Das 7-Zoll-Touchscreen-Display des AYANEO 2 ist einfach atemberaubend, mit klaren und lebendigen Farben, die Sie wirklich ins Spiel ziehen. Und mit seinem schlanken Design, bei dem die Vorderseite aus einer einzigen Glasscheibe besteht, sieht dieses PC-Gaming-Handheld hochwertig aus und f\u00fchlt sich auch so an. <\/p>\n\n<p>Aber es geht nicht nur ums Aussehen - die AYANEO 2 verf\u00fcgt auch \u00fcber moderne Bedienelemente mit Hall-Effekt-Sensoren an den beiden Analogsticks und den Ausl\u00f6setasten. Die beiden Analogsticks sind sogar mit einer dezenten RGB-Beleuchtung ausgestattet, die Sie mit der mitgelieferten AYA SPACE-Software anpassen k\u00f6nnen. <\/p>\n\n<p>Auch die Konnektivit\u00e4t des AYANEO 2 ist erstklassig: WiFi 6 f\u00fcr schnelle und zuverl\u00e4ssige drahtlose Daten\u00fcbertragung und Bluetooth 5.2 f\u00fcr die Verbindung mit den neuesten drahtlosen Peripherieger\u00e4ten wie Kopfh\u00f6rern. Und mit einem 50,25-Wh-Akku k\u00f6nnen Sie stundenlang auf diesem Handheld-PC spielen. <\/p>\n\n<p>Aber was das AYANEO 2 wirklich auszeichnet, ist seine Spieleleistung. Er kann die neuesten AAA-Windows-Spiele bei komfortablen Aufl\u00f6sungen von bis zu 1200P ausf\u00fchren, und je nach Spiel sogar bis zu den h\u00f6chsten Grafikeinstellungen. Und das gilt nicht nur f\u00fcr moderne Spiele - der AYANEO 2 eignet sich auch hervorragend f\u00fcr Retro-Gaming, denn er kann Konsolen der sechsten Generation mit niedrigeren TDP wiedergeben, um den Akku zu schonen. Au\u00dferdem kann er kompatible Systeme und Spiele der siebten und achten Generation mit voller Geschwindigkeit abspielen!   <\/p>\n\n<p>Wenn Sie auf der Suche nach einem PC-Gaming-Handheld mit Leistung und Stil sind, ist das AYANEO 2 definitiv eine \u00dcberlegung wert.<\/p>\n","protected":false},"excerpt":{"rendered":"<ul>\n<li>AMD<strong> Ryzen 7 6800U<\/strong> \/ Radeon 680M<\/li>\n<li><strong>bis zu 32GB<\/strong> LPDDR5 @ <strong>6400 MT\/s<\/strong><\/li>\n<li><strong>bis zu 2TB<\/strong> Hochgeschwindigkeits-PCIe 4.0 m.2 2280 SSD <\/li>\n<li><strong>7<\/strong> &#8220; <strong> LCD Touchscreen-Display<\/strong> <\/li>\n<li><strong>WiFi 6<\/strong> &amp; <strong>Bluetooth 5.2<\/strong> Unterst\u00fctzung<\/li>\n<\/ul>\n[cg_accordion title=\"INFO ZUR BEZAHLUNG\"]<\/p>\n<p>Wir verwenden die neueste Technologie in der Zahlungsabwicklung, die es Ihnen erm\u00f6glicht, \u00fcber Apple Pay, Google Pay, Ihre Debit-\/Kreditkarte, PayPal oder BNPL-Methoden wie Klarna, Affirm oder AfterPay schnell und sicher zu bezahlen.[\/cg_accordion]\n[cg_accordion title=\"GARANTIE\"]<\/p>\n<p>1 Jahr Garantie von <a href=\"https:\/\/droix.net\/\" target=\"_blank\" rel=\"nofollow noopener\">DROIX Global<\/a> f\u00fcr Ihren Seelenfrieden[\/cg_accordion]\n[cg_accordion title=\"PREISE, STEUERN UND VERSAND\"]<\/p>\n<p><strong><u>Anmerkung:<\/u><\/strong><\/p>\n<ul>\n<li>Kunden aus den Vereinigten Staaten: Der angezeigte Preis enth\u00e4lt KEINE STEUERN oder Z\u00f6lle. Die Verantwortung f\u00fcr die Zollabfertigung und die Zahlung aller damit verbundenen Steuern und Abgaben liegt beim Kunden. <\/li>\n<li>EU-Kunden: Der angezeigte Preis enth\u00e4lt die anwendbare STEUER, die je nach Land bis zu 25% betragen kann.<\/li>\n<li>Kunden aus Kanada: Der angezeigte Preis enth\u00e4lt die anfallenden Steuern, die je nach Provinz 5% GST und zus\u00e4tzliche Provincial Sales Taxes (PST), Harmonized Sales Tax (HST) oder Quebec Sales Tax (QST) umfassen k\u00f6nnen.<\/li>\n<\/ul>\n<p><strong>NUR f\u00fcr EU-Kunden:<\/strong> Express DDP (Delivered Duty Paid). Dies bedeutet: <\/p>\n<ul>\n<li>Alle Z\u00f6lle und Steuern sind in dem auf der Produktseite angegebenen Preis enthalten.<\/li>\n<li>Sie m\u00fcssen bei der Lieferung keine zus\u00e4tzlichen Geb\u00fchren zahlen.<\/li>\n<li>Im seltenen Fall von Zollproblemen \u00fcbernimmt unser Team die Zollabfertigung in Ihrem Namen, um eine reibungslose Lieferung zu gew\u00e4hrleisten.<\/li>\n<p>Wichtige Informationen \u00fcber R\u00fccksendungen:<\/p>\n<li>Wenn Sie sich entscheiden, Ihre Bestellung zur\u00fcckzusenden oder eine R\u00fcckerstattung zu beantragen, beachten Sie bitte, dass Steuern und Abgaben, die im Rahmen von DDP in Ihrem Namen gezahlt wurden, nicht erstattet werden k\u00f6nnen.<\/li>\n<p>Detaillierte Informationen finden Sie in unseren <a href=\"https:\/\/ayaneo.co\/terms-of-service-2\/\" target=\"_blank\" rel=\"nofollow noopener\">Allgemeinen Gesch\u00e4ftsbedingungen<\/a>.\n<\/ul>\n<p>[\/cg_accordion]\n[cg_accordion title=\"KUNDENBETREUUNG\"]<\/p>\n<p>Haben Sie eine Frage? Wir sind nur eine kurze SMS davon entfernt, Ihr Problem zu l\u00f6sen!<br \/>\n[\/cg_accordion]\n","protected":false},"featured_media":940,"template":"","meta":{"_acf_changed":false},"product_brand":[],"product_cat":[368],"product_tag":[399],"class_list":{"0":"post-2733","1":"product","2":"type-product","3":"status-publish","4":"has-post-thumbnail","6":"product_cat-handheld-gaming-pcs-de","7":"product_tag-pc-spiele-handheld","8":"product_shipping_class-premium","9":"pa_brand-ayaneo","10":"pa_graphics-gpu-model-radeon-680m","11":"pa_operating-system-windows-11","12":"pa_processor-cpu-brand-amd","14":"first","15":"outofstock","16":"taxable","17":"shipping-taxable","18":"purchasable","19":"product-type-variable"},"acf":[],"_links":{"self":[{"href":"https:\/\/ayaneo.co\/de\/wp-json\/wp\/v2\/product\/2733","targetHints":{"allow":["GET"]}}],"collection":[{"href":"https:\/\/ayaneo.co\/de\/wp-json\/wp\/v2\/product"}],"about":[{"href":"https:\/\/ayaneo.co\/de\/wp-json\/wp\/v2\/types\/product"}],"wp:featuredmedia":[{"embeddable":true,"href":"https:\/\/ayaneo.co\/de\/wp-json\/wp\/v2\/media\/940"}],"wp:attachment":[{"href":"https:\/\/ayaneo.co\/de\/wp-json\/wp\/v2\/media?parent=2733"}],"wp:term":[{"taxonomy":"product_brand","embeddable":true,"href":"https:\/\/ayaneo.co\/de\/wp-json\/wp\/v2\/product_brand?post=2733"},{"taxonomy":"product_cat","embeddable":true,"href":"https:\/\/ayaneo.co\/de\/wp-json\/wp\/v2\/product_cat?post=2733"},{"taxonomy":"product_tag","embeddable":true,"href":"https:\/\/ayaneo.co\/de\/wp-json\/wp\/v2\/product_tag?post=2733"}],"curies":[{"name":"wp","href":"https:\/\/api.w.org\/{rel}","templated":true}]}}