{"id":2751,"date":"2023-03-11T15:05:16","date_gmt":"2023-03-11T15:05:16","guid":{"rendered":"https:\/\/ayaneo.co\/product\/ayaneo-pro-pc-spiel-handheld\/"},"modified":"2025-04-11T12:25:33","modified_gmt":"2025-04-11T12:25:33","slug":"ayaneo-pro-pc-spiel-handheld","status":"publish","type":"product","link":"https:\/\/ayaneo.co\/de\/product\/ayaneo-pro-pc-spiel-handheld\/","title":{"rendered":"AYANEO Pro PC Gaming Handheld"},"content":{"rendered":"\n<figure class=\"wp-block-image\"><img decoding=\"async\" src=\"https:\/\/droix.net\/wp-content\/uploads\/elementor\/thumbs\/aya-neo-features-pk9lkumxlstccbb5vzfe137167irzcikhw6vrsl4l4.jpg\" alt=\"aya-neo-features.jpg\" title=\"aya-neo-features.jpg\"\/><\/figure>\n\n<p>Wenn Sie Lust auf noch mehr Leistung haben, ist der AYA NEO PRO genau das Richtige f\u00fcr Sie. Der AYA NEO PRO ist eine Erweiterung des AYA NEO aus dem Jahr 2021 und mit einem AMD Ryzen 7-Prozessor ausgestattet. Er ist ein wirklich tragbarer Windows-Gaming-Handheld. <\/p>\n\n<figure class=\"wp-block-image\"><img decoding=\"async\" src=\"https:\/\/droix.net\/wp-content\/uploads\/elementor\/thumbs\/hero-pk9lkwint94k0m61dmx072ej9g5nuzgr31m11t2idk.jpg\" alt=\"held.jpg\" title=\"held.jpg\"\/><\/figure>\n\n<p>Mit der PRO-Reihe gibt es jetzt auch ein atemberaubendes &#8222;Retro Power&#8220;-Modell f\u00fcr alle Retro-Gaming-Liebhaber da drau\u00dfen.<\/p>\n\n<figure class=\"wp-block-image\"><img decoding=\"async\" src=\"https:\/\/droix.net\/wp-content\/uploads\/2022\/02\/story-1-1024x710.png\" alt=\"\" title=\"AYA NEO 2021 PRO 1\"\/><\/figure>\n\n<p>Die Technologie mag sich weiterentwickelt haben, aber wenn Sie den AYA NEO PRO in die Hand nehmen, wird Ihnen klar, wie sehr sie sich weiterentwickelt hat. Und zwar zum Besseren. <\/p>\n\n<p>Bei der Entwicklung des &#8222;Retro Power&#8220;-Modells wurde besonders darauf geachtet, dass es fr\u00fcheren Konsolen \u00e4hnelt, um ein authentisches Retro-Gef\u00fchl zu erzeugen. Aber da h\u00f6rt es auch schon auf. Wenn Sie die Konsole in die Hand nehmen und darauf spielen, wird Ihnen klar, dass es sich nicht um eine alte Konsole handelt. <\/p>\n\n<figure class=\"wp-block-image\"><img decoding=\"async\" src=\"https:\/\/droix.net\/wp-content\/uploads\/2022\/02\/story-2-1024x710.png\" alt=\"\" title=\"AYA NEO 2021 PRO 2\"\/><\/figure>\n\n<p>Das Design ist nicht das einzige Upgrade des AYA NEO PRO - der Prozessor ist jetzt ein AMD Ryzen 7 - 4800U. Dieser sorgt daf\u00fcr, dass Ihre Spiele fl\u00fcssig laufen und gleichzeitig energieeffizient sind. <\/p>\n\n<figure class=\"wp-block-image\"><img decoding=\"async\" src=\"https:\/\/droix.net\/wp-content\/uploads\/elementor\/thumbs\/aya-neo-2021-processor-pk9lvtf44d1wn4k9rvvzjcka0jpiectapv3h7kdiv8.png\" alt=\"aya-neo-2021-prozessor.png\" title=\"aya-neo-2021-prozessor.png\"\/><\/figure>\n\n<h2 class=\"wp-block-heading\">AMD, ja!<\/h2>\n\n<p>Der AMD Ryzen 7 basiert auf der 7nm FinFET-Architektur von TSMC, die eine hohe Leistung bei gleichzeitiger Energieeffizienz bietet. Der Ryzen 7 4800U verf\u00fcgt \u00fcber 8 Kerne, die bei hoher Belastung auf bis zu 4,2 GHz beschleunigen k\u00f6nnen. <\/p>\n\n<figure class=\"wp-block-image\"><img decoding=\"async\" src=\"https:\/\/droix.net\/wp-content\/uploads\/2022\/02\/aya-neo-pro-processor-image.jpg\" alt=\"aya-neo-pro-prozessor-bild.jpg\"\/><\/figure>\n\n<h2 class=\"wp-block-heading\">Ah, so cool!<\/h2>\n\n<p>Der AYA NEO Pro wird mit einem L\u00fcfter geliefert, der daf\u00fcr sorgt, dass Ihr leistungsstarker AMD Ryzen 7-Prozessor nicht zu sehr ins Schwitzen kommt.<\/p>\n\n<figure class=\"wp-block-image\"><img decoding=\"async\" src=\"https:\/\/droix.net\/wp-content\/uploads\/elementor\/thumbs\/aya-neo-pro-heat-pk9lxuqk5am4y4f7ylrlit2l03fkgm4wa92orlb32g.png\" alt=\"aya-neo-pro-heat.png\" title=\"aya-neo-pro-heat.png\"\/><\/figure>\n\n<h2 class=\"wp-block-heading\">Schneller Arbeitsspeicher und reichlich Speicherplatz<\/h2>\n\n<p>Mit 16 GB schnellem LPDDR4x-Arbeitsspeicher und bis zu 2 TB*2 NVMe Solid State Storage. Damit ist sichergestellt, dass Sie gen\u00fcgend Platz f\u00fcr alle Ihre Lieblingsspiele und Retro-Games haben und mehr als 1 Chrome-Tab gleichzeitig \u00f6ffnen k\u00f6nnen. <\/p>\n\n<figure class=\"wp-block-image\"><img decoding=\"async\" src=\"https:\/\/droix.net\/wp-content\/uploads\/elementor\/thumbs\/aya-neo-pro-ram-ssd-pk9llfbds5lnfqh4j8d6jxz68oouoosnwqjkbvqg9m.jpg\" alt=\"aya-neo-pro-ram-ssd.jpg\" title=\"aya-neo-pro-ram-ssd.jpg\"\/><\/figure>\n\n<h2 class=\"wp-block-heading\">Spielen<\/h2>\n\n<p>Spielen Sie Ihre Lieblingsspiele unterwegs mit dem AYA NEO PRO *1<\/p>\n\n<figure class=\"wp-block-image\"><img decoding=\"async\" src=\"https:\/\/droix.net\/wp-content\/uploads\/2022\/02\/aya-neo-pro-games.jpg\" alt=\"aya-neo-pro-games.jpg\"\/><\/figure>\n\n<p>1* - Die gezeigten Spiele laufen, aber - Der Benutzer sollte die Einstellungen anpassen, um die gew\u00fcnschte Leistung zu erzielen.<\/p>\n\n<p>2* - Die 2TB-Version von AYA NEO PRO ist derzeit nicht verf\u00fcgbar.<\/p>\n","protected":false},"excerpt":{"rendered":"<ul>\n<li>AMD\u00ae<b> Ryzen\u2122 7 4800U<\/b> mit <b>AMD Radeon\u2122 Grafik<\/b><\/li>\n<li><strong>16GB Zweikanal-LPDDR4x<\/strong> @ 4266Mhz<\/li>\n<li><strong>1TB<\/strong> Hochgeschwindigkeits-PCI-E <strong>NVMe<\/strong> <strong> SSD<\/strong><\/li>\n<li><strong>7&#8243; H-IPS<\/strong> Touchscreen-Display<\/li>\n<li><strong>WiFi 6E<\/strong> &amp; <strong>Bluetooth 5.1<\/strong> Unterst\u00fctzung<\/li>\n<\/ul>\n[cg_accordion title=\"INFO ZUR BEZAHLUNG\"]<\/p>\n<p>Wir verwenden die neueste Technologie in der Zahlungsabwicklung, die es Ihnen erm\u00f6glicht, \u00fcber Apple Pay, Google Pay, Ihre Debit-\/Kreditkarte, PayPal oder BNPL-Methoden wie Klarna, Affirm oder AfterPay schnell und sicher zu bezahlen.[\/cg_accordion]\n[cg_accordion title=\"GARANTIE\"]<\/p>\n<p>1 Jahr Garantie von <a href=\"https:\/\/droix.net\/\" target=\"_blank\" rel=\"nofollow noopener\">DROIX Global<\/a> f\u00fcr Ihren Seelenfrieden[\/cg_accordion]\n[cg_accordion title=\"PREISE, STEUERN UND VERSAND\"]<\/p>\n<p><strong><u>Anmerkung:<\/u><\/strong><\/p>\n<ul>\n<li>Kunden aus den Vereinigten Staaten: Der angezeigte Preis enth\u00e4lt KEINE STEUERN oder Z\u00f6lle. Die Verantwortung f\u00fcr die Zollabfertigung und die Zahlung aller damit verbundenen Steuern und Abgaben liegt beim Kunden. <\/li>\n<li>EU-Kunden: Der angezeigte Preis enth\u00e4lt die anwendbare STEUER, die je nach Land bis zu 25% betragen kann.<\/li>\n<li>Kunden aus Kanada: Der angezeigte Preis enth\u00e4lt die anfallenden Steuern, die je nach Provinz 5% GST und zus\u00e4tzliche Provincial Sales Taxes (PST), Harmonized Sales Tax (HST) oder Quebec Sales Tax (QST) umfassen k\u00f6nnen.<\/li>\n<\/ul>\n<p><strong>NUR f\u00fcr EU-Kunden:<\/strong> Express DDP (Delivered Duty Paid). Dies bedeutet: <\/p>\n<ul>\n<li>Alle Z\u00f6lle und Steuern sind in dem auf der Produktseite angegebenen Preis enthalten.<\/li>\n<li>Sie m\u00fcssen bei der Lieferung keine zus\u00e4tzlichen Geb\u00fchren zahlen.<\/li>\n<li>Im seltenen Fall von Zollproblemen \u00fcbernimmt unser Team die Zollabfertigung in Ihrem Namen, um eine reibungslose Lieferung zu gew\u00e4hrleisten.<\/li>\n<p>Wichtige Informationen \u00fcber R\u00fccksendungen:<\/p>\n<li>Wenn Sie sich entscheiden, Ihre Bestellung zur\u00fcckzusenden oder eine R\u00fcckerstattung zu beantragen, beachten Sie bitte, dass Steuern und Abgaben, die im Rahmen von DDP in Ihrem Namen gezahlt wurden, nicht erstattet werden k\u00f6nnen.<\/li>\n<p>Detaillierte Informationen finden Sie in unseren <a href=\"https:\/\/ayaneo.co\/terms-of-service-2\/\" target=\"_blank\" rel=\"nofollow noopener\">Allgemeinen Gesch\u00e4ftsbedingungen<\/a>.\n<\/ul>\n<p>[\/cg_accordion]\n[cg_accordion title=\"KUNDENBETREUUNG\"]<\/p>\n<p>Haben Sie eine Frage? Wir sind nur eine kurze SMS davon entfernt, Ihr Problem zu l\u00f6sen!<br \/>\n[\/cg_accordion]\n","protected":false},"featured_media":1015,"template":"","meta":{"_acf_changed":false},"product_brand":[],"product_cat":[368],"product_tag":[],"class_list":{"0":"post-2751","1":"product","2":"type-product","3":"status-publish","4":"has-post-thumbnail","6":"product_cat-handheld-gaming-pcs-de","7":"pa_brand-ayaneo","8":"pa_graphics-gpu-model-radeon-graphics","9":"pa_operating-system-windows-10","10":"pa_processor-cpu-brand-amd","12":"first","13":"outofstock","14":"taxable","15":"shipping-taxable","16":"purchasable","17":"product-type-variable","18":"has-default-attributes"},"acf":[],"_links":{"self":[{"href":"https:\/\/ayaneo.co\/de\/wp-json\/wp\/v2\/product\/2751","targetHints":{"allow":["GET"]}}],"collection":[{"href":"https:\/\/ayaneo.co\/de\/wp-json\/wp\/v2\/product"}],"about":[{"href":"https:\/\/ayaneo.co\/de\/wp-json\/wp\/v2\/types\/product"}],"wp:featuredmedia":[{"embeddable":true,"href":"https:\/\/ayaneo.co\/de\/wp-json\/wp\/v2\/media\/1015"}],"wp:attachment":[{"href":"https:\/\/ayaneo.co\/de\/wp-json\/wp\/v2\/media?parent=2751"}],"wp:term":[{"taxonomy":"product_brand","embeddable":true,"href":"https:\/\/ayaneo.co\/de\/wp-json\/wp\/v2\/product_brand?post=2751"},{"taxonomy":"product_cat","embeddable":true,"href":"https:\/\/ayaneo.co\/de\/wp-json\/wp\/v2\/product_cat?post=2751"},{"taxonomy":"product_tag","embeddable":true,"href":"https:\/\/ayaneo.co\/de\/wp-json\/wp\/v2\/product_tag?post=2751"}],"curies":[{"name":"wp","href":"https:\/\/api.w.org\/{rel}","templated":true}]}}