{"id":2752,"date":"2023-03-11T15:19:07","date_gmt":"2023-03-11T15:19:07","guid":{"rendered":"https:\/\/ayaneo.co\/product\/ayaneo-handheld-gaming-pc\/"},"modified":"2025-04-11T12:25:39","modified_gmt":"2025-04-11T12:25:39","slug":"ayaneo-handheld-gaming-pc","status":"publish","type":"product","link":"https:\/\/ayaneo.co\/de\/product\/ayaneo-handheld-gaming-pc\/","title":{"rendered":"AYANEO Handheld Gaming PC"},"content":{"rendered":"\n<div style=\"background-color: black; color: white;\"><p style=\"text-align: center;\"><img decoding=\"async\" class=\"\" style=\"margin-left: 3%;\" src=\"https:\/\/static.wixstatic.com\/media\/aac863_6656635baa574ee3bb8d41cedbc857a8~mv2.gif\" data-src=\"https:\/\/static.wixstatic.com\/media\/aac863_6656635baa574ee3bb8d41cedbc857a8~mv2.gif\"\/> <img decoding=\"async\" class=\"\" src=\"https:\/\/c1.iggcdn.com\/indiegogo-media-prod-cld\/image\/upload\/c_limit,w_695\/v1615019935\/njqfwmc4qkhhqzgiq1ni.png\" data-src=\"https:\/\/c1.iggcdn.com\/indiegogo-media-prod-cld\/image\/upload\/c_limit,w_695\/v1615019935\/njqfwmc4qkhhqzgiq1ni.png\"\/><\/p><div style=\"text-align: center;\"><\/div><p style=\"text-align: center;\">Der AYANEO ist ein revolution\u00e4rer Handheld-Gaming-PC, der mit der 7nm AMD Ryzen APU ausgestattet ist und eine noch nie dagewesene Gaming-Leistung in einem kompakten Formfaktor bietet. Er bietet nicht nur Gaming-F\u00e4higkeiten auf AAA-Niveau, sondern l\u00e4sst sich dank der unten aufgef\u00fchrten beeindruckenden Funktionen auch als \u00e4u\u00dferst anpassungsf\u00e4higer und flexibler Windows-PC nutzen. <\/p><p style=\"text-align: center;\"><img decoding=\"async\" class=\"\" src=\"https:\/\/c1.iggcdn.com\/indiegogo-media-prod-cld\/image\/upload\/c_limit,w_695\/v1615019962\/rn6jcqjs1po8f5gmtyqf.png\" data-src=\"https:\/\/c1.iggcdn.com\/indiegogo-media-prod-cld\/image\/upload\/c_limit,w_695\/v1615019962\/rn6jcqjs1po8f5gmtyqf.png\"\/>  Angetrieben von dem fortschrittlichen Ryzen 5 4500U Prozessor mit sechs Kernen und einer maximalen Turbofrequenz von 4,0 GHz ist das AYANEO ein wahres Kraftpaket, das m\u00fchelos anspruchsvolle Spiele bew\u00e4ltigt. Mit 50% mehr Kernen als bei fr\u00fcheren Generationen und der Konkurrenz liefert das Hexa-Core-Design eine au\u00dfergew\u00f6hnliche Multitasking-Leistung. <\/p><p style=\"text-align: center;\"><img decoding=\"async\" class=\"\" src=\"https:\/\/c1.iggcdn.com\/indiegogo-media-prod-cld\/image\/upload\/c_limit,w_695\/v1615019979\/r9mmjkop1uvc6rhi6e0s.png\" data-src=\"https:\/\/c1.iggcdn.com\/indiegogo-media-prod-cld\/image\/upload\/c_limit,w_695\/v1615019979\/r9mmjkop1uvc6rhi6e0s.png\"\/><\/p><p style=\"text-align: center;\">Der Ryzen Laptop ist mit einer leistungsstarken AMD Radeon Grafik ausgestattet, die das Spielen von AAA-Titeln zu einem Kinderspiel macht. Die verbesserten Bilddetails und das fl\u00fcssigere Gameplay sorgen f\u00fcr ein fesselndes und \u00fcberragendes Spielerlebnis. Dar\u00fcber hinaus bieten die Radeon Grafiktreiber eine hervorragende Kompatibilit\u00e4t mit den neuesten Spielen, so dass Sie anspruchsvolle Titel wie Cyberpunk 2077 mit 30+ FPS bei niedrigeren Einstellungen spielen k\u00f6nnen. Au\u00dferdem bieten die Radeon Grafiktreiber fantastische Funktionen wie Radeon Boost, Radeon Image Sharpening und Radeon Anti-Lag. Vor allem Radeon Image Sharpening allein kann die FPS in AAA-Titeln um 5-10 erh\u00f6hen, ohne dass die Bildqualit\u00e4t darunter leidet.    <img decoding=\"async\" class=\"\" src=\"https:\/\/c1.iggcdn.com\/indiegogo-media-prod-cld\/image\/upload\/c_limit,w_695\/v1614936310\/sx0rqht7zj0sxihvxhub.png\" data-src=\"https:\/\/c1.iggcdn.com\/indiegogo-media-prod-cld\/image\/upload\/c_limit,w_695\/v1614936310\/sx0rqht7zj0sxihvxhub.png\"\/>  Das AYANEO ist mit 16 GB LPDDR4x 4266 RAM ausgestattet und kann bis zu 1 TB NVME SSD unterst\u00fctzen. Das sorgt nicht nur f\u00fcr ein nahtloses und reibungsloses Spielerlebnis, sondern verk\u00fcrzt auch die Ladezeiten erheblich. W\u00e4hrend andere darauf warten m\u00fcssen, dass Spiele geladen werden, k\u00f6nnen Sie sich direkt in die Action st\u00fcrzen.  <\/p><p style=\"text-align: center;\"><img decoding=\"async\" class=\"\" src=\"https:\/\/c1.iggcdn.com\/indiegogo-media-prod-cld\/image\/upload\/c_limit,w_695\/v1614936351\/fiymw14evbgdyzf9sqgs.png\" data-src=\"https:\/\/c1.iggcdn.com\/indiegogo-media-prod-cld\/image\/upload\/c_limit,w_695\/v1614936351\/fiymw14evbgdyzf9sqgs.png\"\/><\/p><p style=\"text-align: center;\">Der Gamecontroller des AYANEO verf\u00fcgt \u00fcber mehrere ergonomische Funktionen, die das Gameplay verbessern, darunter klickbare Joysticks mit optimierten Totzonen f\u00fcr eine reibungslosere Bedienung. Die Positionierung der Joysticks und des D-Pads wurde optimiert, um die Lernkurve f\u00fcr die Benutzer zu minimieren. Au\u00dferdem wurde das Geh\u00e4use des Ger\u00e4ts mit breiteren Seiten versehen, um einen festeren Griff und eine bessere Spielleistung zu gew\u00e4hrleisten.  <\/p><p style=\"text-align: center;\"><img decoding=\"async\" class=\"\" src=\"https:\/\/static.wixstatic.com\/media\/aac863_43ed0b20a12b4752aef923e0e2adfe9e~mv2.gif\" data-src=\"https:\/\/static.wixstatic.com\/media\/aac863_43ed0b20a12b4752aef923e0e2adfe9e~mv2.gif\"\/><\/p><p style=\"text-align: center;\">Die Schultertasten auf AYANEO sind mit APLPS-Mikroschaltern ausgestattet, die einen k\u00fcrzeren Weg und ein deutlicheres Feedback bieten. Au\u00dferdem verf\u00fcgen die Joysticks des AYA NEO \u00fcber dedizierte Tasten f\u00fcr den Windows Task Manager und die Bildschirmtastatur, die ein nahtloses Windows-Erlebnis erm\u00f6glichen. Diese Tasten sind so konzipiert, dass sie b\u00fcndig mit der Joystick-Oberfl\u00e4che abschlie\u00dfen, um unbeabsichtigte Aktivierungen zu vermeiden.  <\/p><p style=\"text-align: center;\"><img decoding=\"async\" class=\"\" src=\"https:\/\/c1.iggcdn.com\/indiegogo-media-prod-cld\/image\/upload\/c_limit,w_695\/v1615001195\/nzloks9padhf7p2zhwav.png\" data-src=\"https:\/\/c1.iggcdn.com\/indiegogo-media-prod-cld\/image\/upload\/c_limit,w_695\/v1615001195\/nzloks9padhf7p2zhwav.png\"\/><\/p><p style=\"text-align: center;\">Der im AYANEO eingebaute Lithium-Akku besteht aus 3 Zellen mit einer Kapazit\u00e4t von je 4100mAh, die von BYD Auto geliefert werden und alle internationalen Industriestandards erf\u00fcllen. Mit einer Akkukapazit\u00e4t von 47 Wattstunden und einem geringen Stromverbrauch bietet das AYANEO eine hervorragende Akkulaufzeit, die bei niedrigeren Einstellungen TDP bis zu 5-6 Stunden und bei anspruchsvollen AAA-Spielen bis zu 140 Minuten betr\u00e4gt. Au\u00dferdem unterst\u00fctzt das AYANEO die Schnellladefunktion, die eine vollst\u00e4ndige Aufladung in nur 90 Minuten erm\u00f6glicht.  <\/p><p style=\"text-align: center;\"><img decoding=\"async\" class=\"\" src=\"https:\/\/c1.iggcdn.com\/indiegogo-media-prod-cld\/image\/upload\/c_limit,w_695\/v1615020381\/lhrkmd6a0fwvkzcqdrhr.png\" data-src=\"https:\/\/c1.iggcdn.com\/indiegogo-media-prod-cld\/image\/upload\/c_limit,w_695\/v1615020381\/lhrkmd6a0fwvkzcqdrhr.png\"\/>  Das AYANEO verf\u00fcgt \u00fcber einen 7-Zoll-Multitouch-Bildschirm mit einem 800p 215 PPI H-IPS -Panel, das 76% des NTSC-Farbraums abdeckt und eine Spitzenhelligkeit von 500 nit bietet. Au\u00dferdem ist der Bildschirm flimmerfrei und sorgt f\u00fcr gro\u00dfartige Spielbilder bei jedem einzelnen Bild. <\/p><p style=\"text-align: center;\"><img decoding=\"async\" class=\"\" src=\"https:\/\/c1.iggcdn.com\/indiegogo-media-prod-cld\/image\/upload\/c_limit,w_695\/v1615020027\/knbtdy0fr89jdpecpbfa.png\" data-src=\"https:\/\/c1.iggcdn.com\/indiegogo-media-prod-cld\/image\/upload\/c_limit,w_695\/v1615020027\/knbtdy0fr89jdpecpbfa.png\"\/><\/p><p style=\"text-align: center;\">Die AYANEO ist mit einem eingebauten 6-Achsen-Gyroskop\/Beschleunigungsmesser ausgestattet, der eine hochpr\u00e4zise Zielhilfe und andere gro\u00dfartige Funktionen bietet. Dar\u00fcber hinaus verf\u00fcgt das Ger\u00e4t \u00fcber eingebaute Rumble-Motoren, die ein Feedback f\u00fcr Kollisionen, Vibrationen, K\u00e4mpfe und andere Szenen liefern und so f\u00fcr ein noch intensiveres Spielerlebnis sorgen. <\/p><p style=\"text-align: center;\"><img decoding=\"async\" class=\"\" src=\"https:\/\/c1.iggcdn.com\/indiegogo-media-prod-cld\/image\/upload\/c_limit,w_695\/v1615020046\/ghondj0xjfgyldiartzt.png\" data-src=\"https:\/\/c1.iggcdn.com\/indiegogo-media-prod-cld\/image\/upload\/c_limit,w_695\/v1615020046\/ghondj0xjfgyldiartzt.png\"\/><\/p><p style=\"text-align: center;\">Die rohe Leistung des AYANEOerlaubt es, AAA-Titel wie Cyberpunk 2077, Watch Dogs: Legion, Death Stranding, Assassin&#8217;s Creed Valhalla, Destiny 2, Horizon Zero Dawn und mehr mit guten Bildraten auszuf\u00fchren. Au\u00dferdem k\u00f6nnen Sie mit dem Ger\u00e4t die PC-Version von Spielen ausf\u00fchren, die viel billiger sein kann als die Konsolenversion. <\/p><p style=\"text-align: center;\"><img decoding=\"async\" class=\"\" src=\"https:\/\/c1.iggcdn.com\/indiegogo-media-prod-cld\/image\/upload\/c_limit,w_695\/v1614936733\/obwoov4gy7o7n23zq8wl.png\" data-src=\"https:\/\/c1.iggcdn.com\/indiegogo-media-prod-cld\/image\/upload\/c_limit,w_695\/v1614936733\/obwoov4gy7o7n23zq8wl.png\"\/><\/p><p style=\"text-align: center;\"><img decoding=\"async\" class=\"\" src=\"https:\/\/c1.iggcdn.com\/indiegogo-media-prod-cld\/image\/upload\/c_limit,w_695\/v1615020358\/d8cym34zq3rhnbia3b9i.png\" data-src=\"https:\/\/c1.iggcdn.com\/indiegogo-media-prod-cld\/image\/upload\/c_limit,w_695\/v1615020358\/d8cym34zq3rhnbia3b9i.png\"\/><\/p><p style=\"text-align: center;\">Dank seiner enormen Leistung und gro\u00dfartigen Konnektivit\u00e4t ist das AYANEO in der Lage, sowohl Einzelspieler-AAA-Titel als auch Online-Multiplayer-Spiele nahtlos auszuf\u00fchren.<\/p><p style=\"text-align: center;\"><img decoding=\"async\" class=\"\" src=\"https:\/\/c1.iggcdn.com\/indiegogo-media-prod-cld\/image\/upload\/c_limit,w_695\/v1614936771\/nz1hzj2hgoyghq1adk1h.png\" data-src=\"https:\/\/c1.iggcdn.com\/indiegogo-media-prod-cld\/image\/upload\/c_limit,w_695\/v1614936771\/nz1hzj2hgoyghq1adk1h.png\"\/>  Das AYANEO ist mit dem Intel AX200 Wireless-Modul ausgestattet, das Wi-Fi 6 und Bluetooth 5.0 unterst\u00fctzt. Wi-Fi 6 bietet eine bis zu 2,7-mal h\u00f6here Geschwindigkeit und eine um 25 % geringere Latenzzeit im Vergleich zur vorherigen Generation. Ob Spiele, Streaming von Online-Videos, Live-Streaming oder Fernzugriff, das AYANEO&#8217;s Wi-Fi 6 bew\u00e4ltigt das alles perfekt.  <\/p><p style=\"text-align: center;\"><img decoding=\"async\" class=\"\" src=\"https:\/\/c1.iggcdn.com\/indiegogo-media-prod-cld\/image\/upload\/c_limit,w_695\/v1614936793\/znofdbppssvahjptax4d.png\" data-src=\"https:\/\/c1.iggcdn.com\/indiegogo-media-prod-cld\/image\/upload\/c_limit,w_695\/v1614936793\/znofdbppssvahjptax4d.png\"\/>  AYANEO verf\u00fcgt \u00fcber 3 USB 3.2 Gen 2 Typ-C 10Gbps-Anschl\u00fcsse, davon 2 mit Videoausgang und Ladefunktion, sowie \u00fcber einen 3,5-mm-Kopfh\u00f6reranschluss. Dar\u00fcber hinaus bietet die tragbare Dockingstation weitere Anschlussm\u00f6glichkeiten, darunter 2 USB 3.2 Gen 1 Typ-A-Anschl\u00fcsse, 1 HDMI-Anschluss, 1 SD-Kartensteckplatz, 1 TF-Kartensteckplatz und 1 RJ45-Anschluss. Diese ultra-portable Dockingstation kann zusammen mit dem Ger\u00e4t in die Tragetasche gesteckt werden und dient auch als Ladestation. Mit der M\u00f6glichkeit, bis zu 2 externe Monitore und eine externe Tastatur\/Maus anzuschlie\u00dfen, bietet AYANEO ein desktop\u00e4hnliches Erlebnis f\u00fcr Unterhaltung und Produktivit\u00e4t.   <\/p><p style=\"text-align: center;\"><img decoding=\"async\" class=\"\" src=\"https:\/\/c1.iggcdn.com\/indiegogo-media-prod-cld\/image\/upload\/c_limit,w_695\/v1614936808\/rfczhcxftjpotxtukccj.png\" data-src=\"https:\/\/c1.iggcdn.com\/indiegogo-media-prod-cld\/image\/upload\/c_limit,w_695\/v1614936808\/rfczhcxftjpotxtukccj.png\"\/><\/p><\/div>\n","protected":false},"excerpt":{"rendered":"[cg_accordion title=\"At a Glance\" open=\"open\"]<\/p>\n<ul>\n<li>AMD\u00ae<b> Ryzen\u2122 5 4500U<\/b> mit <b>AMD Radeon\u2122 Grafik<\/b><\/li>\n<li><strong>16GB Zweikanal-LPDDR4x<\/strong> @ 4266Mhz<\/li>\n<li><strong>1TB<\/strong> Hochgeschwindigkeits-PCI-E <strong>NVMe<\/strong> <strong> SSD<\/strong><\/li>\n<li><strong>7&#8243; H-IPS<\/strong> Touchscreen-Display<\/li>\n<li><strong>WiFi 6E<\/strong> &amp; <strong>Bluetooth 5.1<\/strong> Unterst\u00fctzung<\/li>\n<\/ul>\n<p>[\/cg_accordion]\n[cg_accordion title=\"INFO ZUR BEZAHLUNG\"]<\/p>\n<p>Wir verwenden die neueste Technologie in der Zahlungsabwicklung, die es Ihnen erm\u00f6glicht, \u00fcber Apple Pay, Google Pay, Ihre Debit-\/Kreditkarte, PayPal oder BNPL-Methoden wie Klarna, Affirm oder AfterPay schnell und sicher zu bezahlen.[\/cg_accordion]\n[cg_accordion title=\"GARANTIE\"]<\/p>\n<p>1 Jahr Garantie von <a href=\"https:\/\/droix.net\/\" target=\"_blank\" rel=\"nofollow noopener\">DROIX Global<\/a> f\u00fcr Ihren Seelenfrieden[\/cg_accordion]\n[cg_accordion title=\"PREISE, STEUERN UND VERSAND\"]<\/p>\n<p><strong><u>Anmerkung:<\/u><\/strong><\/p>\n<ul>\n<li>Kunden aus den Vereinigten Staaten: Der angezeigte Preis enth\u00e4lt KEINE STEUERN oder Z\u00f6lle. Die Verantwortung f\u00fcr die Zollabfertigung und die Zahlung aller damit verbundenen Steuern und Abgaben liegt beim Kunden. <\/li>\n<li>EU-Kunden: Der angezeigte Preis enth\u00e4lt die anwendbare STEUER, die je nach Land bis zu 25% betragen kann.<\/li>\n<li>Kunden aus Kanada: Der angezeigte Preis enth\u00e4lt die anfallenden Steuern, die je nach Provinz 5% GST und zus\u00e4tzliche Provincial Sales Taxes (PST), Harmonized Sales Tax (HST) oder Quebec Sales Tax (QST) umfassen k\u00f6nnen.<\/li>\n<\/ul>\n<p><strong>NUR f\u00fcr EU-Kunden:<\/strong> Express DDP (Delivered Duty Paid). Dies bedeutet: <\/p>\n<ul>\n<li>Alle Z\u00f6lle und Steuern sind in dem auf der Produktseite angegebenen Preis enthalten.<\/li>\n<li>Sie m\u00fcssen bei der Lieferung keine zus\u00e4tzlichen Geb\u00fchren zahlen.<\/li>\n<li>Im seltenen Fall von Zollproblemen \u00fcbernimmt unser Team die Zollabfertigung in Ihrem Namen, um eine reibungslose Lieferung zu gew\u00e4hrleisten.<\/li>\n<p>Wichtige Informationen \u00fcber R\u00fccksendungen:<\/p>\n<li>Wenn Sie sich entscheiden, Ihre Bestellung zur\u00fcckzusenden oder eine R\u00fcckerstattung zu beantragen, beachten Sie bitte, dass Steuern und Abgaben, die im Rahmen von DDP in Ihrem Namen gezahlt wurden, nicht erstattet werden k\u00f6nnen.<\/li>\n<p>Detaillierte Informationen finden Sie in unseren <a href=\"https:\/\/ayaneo.co\/terms-of-service-2\/\" target=\"_blank\" rel=\"nofollow noopener\">Allgemeinen Gesch\u00e4ftsbedingungen<\/a>.\n<\/ul>\n<p>[\/cg_accordion]\n[cg_accordion title=\"KUNDENBETREUUNG\"]<\/p>\n<p>Haben Sie eine Frage? Wir sind nur eine kurze SMS davon entfernt, Ihr Problem zu l\u00f6sen!<br \/>\n[\/cg_accordion]\n","protected":false},"featured_media":1025,"template":"","meta":{"_acf_changed":false},"product_brand":[],"product_cat":[368],"product_tag":[399],"class_list":{"0":"post-2752","1":"product","2":"type-product","3":"status-publish","4":"has-post-thumbnail","6":"product_cat-handheld-gaming-pcs-de","7":"product_tag-pc-spiele-handheld","8":"pa_brand-ayaneo","9":"pa_graphics-gpu-model-radeon-graphics","10":"pa_operating-system-windows-10","11":"pa_processor-cpu-brand-amd","13":"first","14":"outofstock","15":"taxable","16":"shipping-taxable","17":"purchasable","18":"product-type-simple"},"acf":[],"_links":{"self":[{"href":"https:\/\/ayaneo.co\/de\/wp-json\/wp\/v2\/product\/2752","targetHints":{"allow":["GET"]}}],"collection":[{"href":"https:\/\/ayaneo.co\/de\/wp-json\/wp\/v2\/product"}],"about":[{"href":"https:\/\/ayaneo.co\/de\/wp-json\/wp\/v2\/types\/product"}],"wp:featuredmedia":[{"embeddable":true,"href":"https:\/\/ayaneo.co\/de\/wp-json\/wp\/v2\/media\/1025"}],"wp:attachment":[{"href":"https:\/\/ayaneo.co\/de\/wp-json\/wp\/v2\/media?parent=2752"}],"wp:term":[{"taxonomy":"product_brand","embeddable":true,"href":"https:\/\/ayaneo.co\/de\/wp-json\/wp\/v2\/product_brand?post=2752"},{"taxonomy":"product_cat","embeddable":true,"href":"https:\/\/ayaneo.co\/de\/wp-json\/wp\/v2\/product_cat?post=2752"},{"taxonomy":"product_tag","embeddable":true,"href":"https:\/\/ayaneo.co\/de\/wp-json\/wp\/v2\/product_tag?post=2752"}],"curies":[{"name":"wp","href":"https:\/\/api.w.org\/{rel}","templated":true}]}}