{"id":2785,"date":"2023-03-11T17:22:19","date_gmt":"2023-03-11T17:22:19","guid":{"rendered":"https:\/\/ayaneo.co\/product\/ayaneo-geek-pc-spiel-handheld\/"},"modified":"2025-04-11T12:25:46","modified_gmt":"2025-04-11T12:25:46","slug":"ayaneo-geek-pc-spiel-handheld","status":"publish","type":"product","link":"https:\/\/ayaneo.co\/de\/product\/ayaneo-geek-pc-spiel-handheld\/","title":{"rendered":"AYANEO Geek PC Gaming Handheld"},"content":{"rendered":"\n<p>Wir stellen den AYANEO Geek Handheld-Gaming-PC vor, ein leistungsstarkes und budgetfreundliches Ger\u00e4t, das au\u00dfergew\u00f6hnliche Leistung bietet. Ausgestattet mit dem AMD Ryzen 7 6800U Prozessor mit acht Kernen und sechzehn Threads, l\u00e4uft der AYANEO Geek mit bis zu 4,7 GHz f\u00fcr einen schnellen und effizienten Betrieb. Die GPU ist die AMD Radeon 680M, die mit bis zu 2,2 GHz l\u00e4uft und eine unglaubliche AAA-Spieleleistung liefert, wie das AYANEO 2 Handheld beweist.  <\/p>\n\n<p>Das AYANEO Geek bietet mehrere Optionen zur individuellen Anpassung, darunter bis zu 32 GB LPDDR5 RAM mit 6400 MT\/s und bis zu 2 TB schnelle PCIE 3.0 m.2 2280 doppelseitig SSD. Au\u00dferdem gibt es einen Micro-SD-Kartensteckplatz f\u00fcr weitere Speichererweiterungen. <\/p>\n\n<p>Genie\u00dfen Sie atemberaubende Bilder auf dem 7-Zoll-Touchscreen des AYANEO Geek mit einer Aufl\u00f6sung von 1920\u00d71200, umgeben von einem schmalen Rahmen. Das Display zeichnet sich durch helle, lebendige Farben aus, die richtig knallen. Die Spielsteuerung ist mit Hall-Sensoren ausgestattet, die eine genaue und zuverl\u00e4ssige Eingabe erm\u00f6glichen. Diese Sensoren verwenden Magnete anstelle von herk\u00f6mmlichen beweglichen Teilen, die schneller verschlei\u00dfen.   <\/p>\n\n<p>Verbinden Sie sich kabellos mit Peripherieger\u00e4ten \u00fcber das schnelle WiFi 6 und Bluetooth 5.2 des AYANEO Geek. Au\u00dferdem verf\u00fcgt das Ger\u00e4t \u00fcber drei USB Typ-C-Anschl\u00fcsse, von denen zwei mit USB 4 und Thunderbolt kompatibel sind. So k\u00f6nnen Sie Hochgeschwindigkeits-Peripherieger\u00e4te anschlie\u00dfen, einschlie\u00dflich eGPU f\u00fcr noch schnellere Leistung. <\/p>\n\n<p>Erleben Sie die neuesten AAA-Windows-Spiele mit spielbaren Frameraten und hochwertiger Grafik, oder f\u00fchren Sie Konsolenemulatoren der siebten Generation, wie z.B. die PlayStation 3, mit erstaunlichen Frameraten aus. Der AYANEO Geek ist tragbar und leicht, misst 10,5 x 4,13 x 1,4 Zoll (26,5 x 10,5 x 3,7 cm) und wiegt nur 680 g. Er ist perfekt f\u00fcr den t\u00e4glichen Gebrauch auf dem Weg zur Arbeit, auf Reisen oder zu Hause, wo Sie ihn an eine Dockingstation anschlie\u00dfen und als Desktop-PC auf einem Fernseher oder Monitor verwenden k\u00f6nnen.  <\/p>\n","protected":false},"excerpt":{"rendered":"<ul>\n<li>AMD<strong> Ryzen 7 6800U<\/strong> \/ Radeon 680M<\/li>\n<li><strong>bis zu 32GB<\/strong> LPDDR5 @ <strong>6400 MT\/s<\/strong><\/li>\n<li><strong>bis zu 2TB<\/strong> Hochgeschwindigkeits-PCIe 4.0 m.2 2280 SSD <\/li>\n<li><strong>7<\/strong> &#8220; <strong> LCD Touchscreen-Display<\/strong> <\/li>\n<li><strong>WiFi 6<\/strong> &amp; <strong>Bluetooth 5.2<\/strong> Unterst\u00fctzung<\/li>\n<\/ul>\n[cg_accordion title=\"INFO ZUR BEZAHLUNG\"]<\/p>\n<p>Wir verwenden die neueste Technologie in der Zahlungsabwicklung, die es Ihnen erm\u00f6glicht, \u00fcber Apple Pay, Google Pay, Ihre Debit-\/Kreditkarte, PayPal oder BNPL-Methoden wie Klarna, Affirm oder AfterPay schnell und sicher zu bezahlen.[\/cg_accordion]\n[cg_accordion title=\"GARANTIE\"]<\/p>\n<p>1 Jahr Garantie von <a href=\"https:\/\/droix.net\/\" target=\"_blank\" rel=\"nofollow noopener\">DROIX Global<\/a> f\u00fcr Ihren Seelenfrieden[\/cg_accordion]\n[cg_accordion title=\"PREISE, STEUERN UND VERSAND\"]<\/p>\n<p><strong><u>Anmerkung:<\/u><\/strong><\/p>\n<ul>\n<li>Kunden aus den Vereinigten Staaten: Der angezeigte Preis enth\u00e4lt KEINE STEUERN oder Z\u00f6lle. Die Verantwortung f\u00fcr die Zollabfertigung und die Zahlung aller damit verbundenen Steuern und Abgaben liegt beim Kunden. <\/li>\n<li>EU-Kunden: Der angezeigte Preis enth\u00e4lt die anwendbare STEUER, die je nach Land bis zu 25% betragen kann.<\/li>\n<li>Kunden aus Kanada: Der angezeigte Preis enth\u00e4lt die anfallenden Steuern, die je nach Provinz 5% GST und zus\u00e4tzliche Provincial Sales Taxes (PST), Harmonized Sales Tax (HST) oder Quebec Sales Tax (QST) umfassen k\u00f6nnen.<\/li>\n<\/ul>\n<p><strong>NUR f\u00fcr EU-Kunden:<\/strong> Express DDP (Delivered Duty Paid). Dies bedeutet: <\/p>\n<ul>\n<li>Alle Z\u00f6lle und Steuern sind in dem auf der Produktseite angegebenen Preis enthalten.<\/li>\n<li>Sie m\u00fcssen bei der Lieferung keine zus\u00e4tzlichen Geb\u00fchren zahlen.<\/li>\n<li>Im seltenen Fall von Zollproblemen \u00fcbernimmt unser Team die Zollabfertigung in Ihrem Namen, um eine reibungslose Lieferung zu gew\u00e4hrleisten.<\/li>\n<p>Wichtige Informationen \u00fcber R\u00fccksendungen:<\/p>\n<li>Wenn Sie sich entscheiden, Ihre Bestellung zur\u00fcckzusenden oder eine R\u00fcckerstattung zu beantragen, beachten Sie bitte, dass Steuern und Abgaben, die im Rahmen von DDP in Ihrem Namen gezahlt wurden, nicht erstattet werden k\u00f6nnen.<\/li>\n<p>Detaillierte Informationen finden Sie in unseren <a href=\"https:\/\/ayaneo.co\/terms-of-service-2\/\" target=\"_blank\" rel=\"nofollow noopener\">Allgemeinen Gesch\u00e4ftsbedingungen<\/a>.\n<\/ul>\n<p>[\/cg_accordion]\n[cg_accordion title=\"KUNDENBETREUUNG\"]<\/p>\n<p>Haben Sie eine Frage? Wir sind nur eine kurze SMS davon entfernt, Ihr Problem zu l\u00f6sen!<br \/>\n[\/cg_accordion]\n","protected":false},"featured_media":1055,"template":"","meta":{"_acf_changed":false},"product_brand":[],"product_cat":[368],"product_tag":[],"class_list":{"0":"post-2785","1":"product","2":"type-product","3":"status-publish","4":"has-post-thumbnail","6":"product_cat-handheld-gaming-pcs-de","7":"pa_brand-ayaneo","8":"pa_graphics-gpu-model-radeon-680m","9":"pa_operating-system-windows-11","10":"pa_processor-cpu-brand-amd","12":"first","13":"outofstock","14":"taxable","15":"shipping-taxable","16":"purchasable","17":"product-type-variable","18":"has-default-attributes"},"acf":[],"_links":{"self":[{"href":"https:\/\/ayaneo.co\/de\/wp-json\/wp\/v2\/product\/2785","targetHints":{"allow":["GET"]}}],"collection":[{"href":"https:\/\/ayaneo.co\/de\/wp-json\/wp\/v2\/product"}],"about":[{"href":"https:\/\/ayaneo.co\/de\/wp-json\/wp\/v2\/types\/product"}],"wp:featuredmedia":[{"embeddable":true,"href":"https:\/\/ayaneo.co\/de\/wp-json\/wp\/v2\/media\/1055"}],"wp:attachment":[{"href":"https:\/\/ayaneo.co\/de\/wp-json\/wp\/v2\/media?parent=2785"}],"wp:term":[{"taxonomy":"product_brand","embeddable":true,"href":"https:\/\/ayaneo.co\/de\/wp-json\/wp\/v2\/product_brand?post=2785"},{"taxonomy":"product_cat","embeddable":true,"href":"https:\/\/ayaneo.co\/de\/wp-json\/wp\/v2\/product_cat?post=2785"},{"taxonomy":"product_tag","embeddable":true,"href":"https:\/\/ayaneo.co\/de\/wp-json\/wp\/v2\/product_tag?post=2785"}],"curies":[{"name":"wp","href":"https:\/\/api.w.org\/{rel}","templated":true}]}}