{"id":28466,"date":"2025-07-15T11:52:07","date_gmt":"2025-07-15T11:52:07","guid":{"rendered":"https:\/\/ayaneo.co\/?post_type=product&#038;p=28466"},"modified":"2025-12-09T00:24:10","modified_gmt":"2025-12-09T00:24:10","slug":"ayaneo-pocket-micro-dmg-thumb-stick-grip-caps-verbesserter-komfort-und-kontrolle-copy","status":"publish","type":"product","link":"https:\/\/ayaneo.co\/de\/product\/ayaneo-pocket-micro-dmg-thumb-stick-grip-caps-verbesserter-komfort-und-kontrolle-copy\/","title":{"rendered":"AYANEO Pocket S, AIR &amp; SLIDE Thumb Stick Grip Caps - Verbesserter Komfort und Kontrolle!"},"content":{"rendered":"\n<p><strong>Verbessern Sie Ihr Spielerlebnis mit den AYANEO Pocket S, AIR &amp; SLIDE Thumb Stick Grip Caps!<\/strong>  Diese f\u00fcr Pr\u00e4zision, Komfort und Langlebigkeit konzipierten Griffkappen bieten eine verbesserte Kontrolle und einen besseren Halt und sorgen so f\u00fcr ein reibungsloseres Gameplay f\u00fcr Ihre AYANEO Pocket S, AIR und SLIDE Ger\u00e4te.<\/p>\n\n<h2 class=\"wp-block-heading\"><strong>Wichtige Merkmale:<\/strong><\/h2>\n\n<p><strong>Verbesserte Griffigkeit und Kontrolle<\/strong> - Verabschieden Sie sich von rutschigen Daumensticks! Genie\u00dfen Sie verbesserte Pr\u00e4zision bei jeder Bewegung auf Ihrem AYANEO Pocket S, AIR oder SLIDE. <\/p>\n\n<p><strong>Komfortables &amp; ergonomisches Design<\/strong> - Das weiche Material reduziert die Belastung bei langen Spielsessions.  <\/p>\n\n<p><strong>Hochwertiges Material<\/strong> - Strapazierf\u00e4higes, hochwertiges Silikon gew\u00e4hrleistet eine lang anhaltende Leistung.  <\/p>\n\n<p><strong>Einfach zu installieren &amp; sicherer Sitz<\/strong> - Speziell f\u00fcr AYANEO Pocket S, AIR &amp; SLIDE entwickelt, um einen festen, rutschfesten Sitz zu gew\u00e4hrleisten.  <\/p>\n\n<p><strong>Stilvoll und funktionell<\/strong> - verleiht eine elegante \u00c4sthetik und sch\u00fctzt Ihre Daumenst\u00f6cke vor Abnutzung und Verschlei\u00df.  <\/p>\n\n<p>Bringen Sie Ihr AYANEO Spielerlebnis auf die n\u00e4chste Stufe mit diesen unverzichtbaren Griffkappen!  <\/p>\n\n<p><\/p>\n","protected":false},"excerpt":{"rendered":"<ul>\n<li><strong>Offizielle<\/strong> AYANEO Pocket S, AIR &amp; SLIDE Daumenstiel-Griffkappen<\/li>\n<li><strong>Verbesserter Grip und Kontrolle<\/strong> - Verbessert Pr\u00e4zision und Handling.<\/li>\n<li><strong>Weich und bequem<\/strong> - Reduziert die Erm\u00fcdung bei l\u00e4ngerem Spielen.<\/li>\n<li><strong>Langlebiges Silikonmaterial<\/strong> - Langlebig und verschlei\u00dffest.<\/li>\n<li><strong>Perfekte Passform<\/strong> - Exklusiv f\u00fcr AYANEO Pocket S, AIR &amp; SLIDE entwickelt.<\/li>\n<\/ul>\n[cg_accordion title=\"INFO ZUR BEZAHLUNG\"]<\/p>\n<p>Wir verwenden die neueste Technologie in der Zahlungsabwicklung, die es Ihnen erm\u00f6glicht, \u00fcber Apple Pay, Google Pay, Ihre Debit-\/Kreditkarte, PayPal oder BNPL-Methoden wie Klarna, Affirm oder AfterPay schnell und sicher zu bezahlen.[\/cg_accordion]\n[cg_accordion title=\"GARANTIE\"]<\/p>\n<p>1 Jahr Garantie von <a href=\"https:\/\/droix.net\/\" target=\"_blank\" rel=\"nofollow noopener\">DROIX Global<\/a> f\u00fcr Ihren Seelenfrieden[\/cg_accordion]\n[cg_accordion title=\"QUALIT\u00c4TSSICHERUNG &amp; TESTS VOR DER AUSLIEFERUNG\"]<\/p>\n<p>Sicherstellung der Kundenzufriedenheit auf h\u00f6chstem Niveau: Jedes Ger\u00e4t wird vor der Auslieferung strengen Tests und einer mehrstufigen Qualit\u00e4tskontrolle unterzogen. Unser engagiertes Team pr\u00fcft die Leistung, Funktionalit\u00e4t und Integrit\u00e4t der Komponenten, um zu gew\u00e4hrleisten, dass Ihr AYANEO Ger\u00e4t bei der Ankunft in einwandfreiem Zustand ist und Sie sich darauf verlassen k\u00f6nnen. [\/cg_accordion]\n[cg_accordion title=\"PREISE, STEUERN UND VERSAND\"]<\/p>\n<p><strong><u>Anmerkung:<\/u><\/strong><\/p>\n<ul>\n<li>Kunden aus den Vereinigten Staaten: Der angezeigte Preis enth\u00e4lt KEINE STEUERN oder Z\u00f6lle. Die Verantwortung f\u00fcr die Zollabfertigung und die Zahlung aller damit verbundenen Steuern und Abgaben liegt beim Kunden. <\/li>\n<li>EU-Kunden: Der angezeigte Preis enth\u00e4lt die anwendbare STEUER, die je nach Land bis zu 25% betragen kann.<\/li>\n<li>Kunden aus Kanada: Der angezeigte Preis enth\u00e4lt die anfallenden Steuern, die je nach Provinz 5% GST und zus\u00e4tzliche Provincial Sales Taxes (PST), Harmonized Sales Tax (HST) oder Quebec Sales Tax (QST) umfassen k\u00f6nnen.<\/li>\n<\/ul>\n<p><strong>NUR f\u00fcr EU-Kunden:<\/strong> Express DDP (Delivered Duty Paid). Dies bedeutet: <\/p>\n<ul>\n<li>Alle Z\u00f6lle und Steuern sind in dem auf der Produktseite angegebenen Preis enthalten.<\/li>\n<li>Sie m\u00fcssen bei der Lieferung keine zus\u00e4tzlichen Geb\u00fchren zahlen.<\/li>\n<li>Im seltenen Fall von Zollproblemen \u00fcbernimmt unser Team die Zollabfertigung in Ihrem Namen, um eine reibungslose Lieferung zu gew\u00e4hrleisten.<\/li>\n<p>Wichtige Informationen \u00fcber R\u00fccksendungen:<\/p>\n<li>Wenn Sie sich entscheiden, Ihre Bestellung zur\u00fcckzusenden oder eine R\u00fcckerstattung zu beantragen, beachten Sie bitte, dass Steuern und Abgaben, die im Rahmen von DDP in Ihrem Namen gezahlt wurden, nicht erstattet werden k\u00f6nnen.<\/li>\n<p>Detaillierte Informationen finden Sie in unseren <a href=\"https:\/\/ayaneo.co\/de\/allgemeine-geschaeftsbedingungen\/\" target=\"_blank\" rel=\"nofollow noopener\">Allgemeinen Gesch\u00e4ftsbedingungen<\/a>.\n<\/ul>\n<p>[\/cg_accordion]\n[cg_accordion title=\"KUNDENBETREUUNG\"]<\/p>\n<p>Haben Sie eine Frage? Wir sind nur eine kurze SMS davon entfernt, Ihr Problem zu l\u00f6sen! [\/cg_accordion]\n[cg_accordion title=\"PAKET ENTH\u00c4LT\"]<\/p>\n<ul>\n<li>1x AYANEO Pocket S, AIR &amp; SLIDE Daumenstiel-Griffkappen<\/li>\n<\/ul>\n<p>[\/cg_accordion]\n","protected":false},"featured_media":28497,"template":"","meta":{"_acf_changed":false},"product_brand":[],"product_cat":[385],"product_tag":[],"class_list":{"0":"post-28466","1":"product","2":"type-product","3":"status-publish","4":"has-post-thumbnail","6":"product_cat-zubehor","7":"product_shipping_class-low-end","9":"first","10":"instock","11":"sale","12":"taxable","13":"shipping-taxable","14":"purchasable","15":"product-type-simple"},"acf":[],"_links":{"self":[{"href":"https:\/\/ayaneo.co\/de\/wp-json\/wp\/v2\/product\/28466","targetHints":{"allow":["GET"]}}],"collection":[{"href":"https:\/\/ayaneo.co\/de\/wp-json\/wp\/v2\/product"}],"about":[{"href":"https:\/\/ayaneo.co\/de\/wp-json\/wp\/v2\/types\/product"}],"wp:featuredmedia":[{"embeddable":true,"href":"https:\/\/ayaneo.co\/de\/wp-json\/wp\/v2\/media\/28497"}],"wp:attachment":[{"href":"https:\/\/ayaneo.co\/de\/wp-json\/wp\/v2\/media?parent=28466"}],"wp:term":[{"taxonomy":"product_brand","embeddable":true,"href":"https:\/\/ayaneo.co\/de\/wp-json\/wp\/v2\/product_brand?post=28466"},{"taxonomy":"product_cat","embeddable":true,"href":"https:\/\/ayaneo.co\/de\/wp-json\/wp\/v2\/product_cat?post=28466"},{"taxonomy":"product_tag","embeddable":true,"href":"https:\/\/ayaneo.co\/de\/wp-json\/wp\/v2\/product_tag?post=28466"}],"curies":[{"name":"wp","href":"https:\/\/api.w.org\/{rel}","templated":true}]}}