{"id":29945,"date":"2025-08-06T09:22:02","date_gmt":"2025-08-06T09:22:02","guid":{"rendered":"https:\/\/ayaneo.co\/?post_type=product&#038;p=29945"},"modified":"2026-01-06T00:26:56","modified_gmt":"2026-01-06T00:26:56","slug":"ayaneo-pocket-dmg-displayschutzfolie-copy","status":"publish","type":"product","link":"https:\/\/ayaneo.co\/de\/product\/ayaneo-pocket-dmg-displayschutzfolie-copy\/","title":{"rendered":"AYANEO Pocket ACE Displayschutzfolie"},"content":{"rendered":"\n<h2 class=\"wp-block-heading\">Produkt\u00fcbersicht:<\/h2>\n\n<p>Der <strong>AYANEO Pocket ACE Bildschirmschutz<\/strong> ist ein unverzichtbares Zubeh\u00f6r, um den Bildschirm Ihrer Pocket ACE Konsole in makellosem Zustand zu halten. Dieser Bildschirmschutz wurde f\u00fcr perfekte Klarheit und Pr\u00e4zision entwickelt und sorgt f\u00fcr ein ununterbrochenes Spielerlebnis, w\u00e4hrend er Ihr Ger\u00e4t vor allt\u00e4glichen Abnutzungserscheinungen sch\u00fctzt. <\/p>\n\n<h2 class=\"wp-block-heading\">Warum sollten Sie sich f\u00fcr die AYANEO Pocket ACE Displayschutzfolie entscheiden?<\/h2>\n\n<p>Egal, ob Sie ein Gelegenheitsspieler oder ein Hardcore-Enthusiast sind, die AYANEO ACE Displayschutzfolie bietet un\u00fcbertroffene Klarheit und Schutz f\u00fcr den Bildschirm Ihrer Konsole. Dank der pr\u00e4zisen Passform, der kratzfesten Oberfl\u00e4che und der wischfesten Beschichtung bleibt Ihr Spielbild kristallklar, w\u00e4hrend Ihr Ger\u00e4t gesch\u00fctzt bleibt. <\/p>\n\n<hr class=\"wp-block-separator has-alpha-channel-opacity\"\/>\n\n<h2 class=\"wp-block-heading\">Spezifikationen:<\/h2>\n\n<ul class=\"wp-block-list\">\n<li><strong>Material:<\/strong> Geh\u00e4rtetes Glas oder hochwertige Folie<\/li>\n\n\n\n<li><strong>Kompatibilit\u00e4t:<\/strong> AYANEO Pocket ACE Konsole<\/li>\n\n\n\n<li><strong>Eigenschaften:<\/strong> Kratzfeste, wischfeste und blasenfreie Installation<\/li>\n<\/ul>\n\n<p>R\u00fcsten Sie Ihre AYANEO Pocket ACE mit einem Bildschirmschutz auf, der daf\u00fcr sorgt, dass Ihre Konsole optimal aussieht und funktioniert!<\/p>\n\n<p><\/p>\n","protected":false},"excerpt":{"rendered":"<ul>\n<li><strong>Perfekte Passform<\/strong> f\u00fcr AYANEO Pocket ACE Bildschirmabmessungen.<\/li>\n<li><strong>Kratzfeste<\/strong> Oberfl\u00e4che f\u00fcr lang anhaltenden Schutz.<\/li>\n<li>Ultraklares Material f\u00fcr eine <strong>unverf\u00e4lschte Darstellung beim Spielen<\/strong>.<\/li>\n<li>Einfache Installation mit <strong>blasenfreier Anwendung<\/strong>.<\/li>\n<li><strong>Wischfeste Beschichtung<\/strong>, damit Ihr Bildschirm sauber und klar bleibt.<\/li>\n<\/ul>\n[cg_accordion title=\"INFO ZUR BEZAHLUNG\"]<\/p>\n<p>Wir verwenden die neueste Technologie in der Zahlungsabwicklung, die es Ihnen erm\u00f6glicht, \u00fcber Apple Pay, Google Pay, Ihre Debit-\/Kreditkarte, PayPal oder BNPL-Methoden wie Klarna, Affirm oder AfterPay schnell und sicher zu bezahlen.[\/cg_accordion]\n[cg_accordion title=\"GARANTIE\"]<\/p>\n<p>1 Jahr Garantie von <a href=\"https:\/\/droix.net\/\" target=\"_blank\" rel=\"nofollow noopener\">DROIX Global<\/a> f\u00fcr Ihren Seelenfrieden[\/cg_accordion]\n[cg_accordion title=\"QUALIT\u00c4TSSICHERUNG &amp; TESTS VOR DER AUSLIEFERUNG\"]<\/p>\n<p>Sicherstellung der Kundenzufriedenheit auf h\u00f6chstem Niveau: Jedes Ger\u00e4t wird vor der Auslieferung strengen Tests und einer mehrstufigen Qualit\u00e4tskontrolle unterzogen. Unser engagiertes Team pr\u00fcft die Leistung, Funktionalit\u00e4t und Integrit\u00e4t der Komponenten, um zu gew\u00e4hrleisten, dass Ihr AYANEO Ger\u00e4t bei der Ankunft in einwandfreiem Zustand ist und Sie sich darauf verlassen k\u00f6nnen. [\/cg_accordion]\n[cg_accordion title=\"PREISE, STEUERN UND VERSAND\"]<\/p>\n<p><strong><u>Anmerkung:<\/u><\/strong><\/p>\n<ul>\n<li>Kunden aus den Vereinigten Staaten: Der angezeigte Preis enth\u00e4lt KEINE STEUERN oder Z\u00f6lle. Die Verantwortung f\u00fcr die Zollabfertigung und die Zahlung aller damit verbundenen Steuern und Abgaben liegt beim Kunden. <\/li>\n<li>EU-Kunden: Der angezeigte Preis enth\u00e4lt die anwendbare STEUER, die je nach Land bis zu 25% betragen kann.<\/li>\n<li>Kunden aus Kanada: Der angezeigte Preis enth\u00e4lt die anfallenden Steuern, die je nach Provinz 5% GST und zus\u00e4tzliche Provincial Sales Taxes (PST), Harmonized Sales Tax (HST) oder Quebec Sales Tax (QST) umfassen k\u00f6nnen.<\/li>\n<\/ul>\n<p><strong>NUR f\u00fcr EU-Kunden:<\/strong> Express DDP (Delivered Duty Paid). Dies bedeutet: <\/p>\n<ul>\n<li>Alle Z\u00f6lle und Steuern sind in dem auf der Produktseite angegebenen Preis enthalten.<\/li>\n<li>Sie m\u00fcssen bei der Lieferung keine zus\u00e4tzlichen Geb\u00fchren zahlen.<\/li>\n<li>Im seltenen Fall von Zollproblemen \u00fcbernimmt unser Team die Zollabfertigung in Ihrem Namen, um eine reibungslose Lieferung zu gew\u00e4hrleisten.<\/li>\n<p>Wichtige Informationen \u00fcber R\u00fccksendungen:<\/p>\n<li>Wenn Sie sich entscheiden, Ihre Bestellung zur\u00fcckzusenden oder eine R\u00fcckerstattung zu beantragen, beachten Sie bitte, dass Steuern und Abgaben, die im Rahmen von DDP in Ihrem Namen gezahlt wurden, nicht erstattet werden k\u00f6nnen.<\/li>\n<p>Detaillierte Informationen finden Sie in unseren <a href=\"https:\/\/ayaneo.co\/de\/allgemeine-geschaeftsbedingungen\/\" target=\"_blank\" rel=\"nofollow noopener\">Allgemeinen Gesch\u00e4ftsbedingungen<\/a>.\n<\/ul>\n<p>[\/cg_accordion]\n[cg_accordion title=\"KUNDENBETREUUNG\"]<\/p>\n<p>Haben Sie eine Frage? Wir sind nur eine kurze SMS davon entfernt, Ihr Problem zu l\u00f6sen! [\/cg_accordion]\n[cg_accordion title=\"PAKET ENTH\u00c4LT\"]<\/p>\n<ul>\n<li>1x AYANEO Pocket ACE Displayschutzfolie<\/li>\n<\/ul>\n<p>[\/cg_accordion]\n","protected":false},"featured_media":29976,"template":"","meta":{"_acf_changed":false},"product_brand":[],"product_cat":[385],"product_tag":[],"class_list":{"0":"post-29945","1":"product","2":"type-product","3":"status-publish","4":"has-post-thumbnail","6":"product_cat-zubehor","7":"product_shipping_class-low-end","8":"pa_accessory-type-displayschutzfolie","9":"pa_brand-ayaneo","11":"first","12":"outofstock","13":"sale","14":"taxable","15":"shipping-taxable","16":"purchasable","17":"product-type-simple"},"acf":[],"_links":{"self":[{"href":"https:\/\/ayaneo.co\/de\/wp-json\/wp\/v2\/product\/29945","targetHints":{"allow":["GET"]}}],"collection":[{"href":"https:\/\/ayaneo.co\/de\/wp-json\/wp\/v2\/product"}],"about":[{"href":"https:\/\/ayaneo.co\/de\/wp-json\/wp\/v2\/types\/product"}],"wp:featuredmedia":[{"embeddable":true,"href":"https:\/\/ayaneo.co\/de\/wp-json\/wp\/v2\/media\/29976"}],"wp:attachment":[{"href":"https:\/\/ayaneo.co\/de\/wp-json\/wp\/v2\/media?parent=29945"}],"wp:term":[{"taxonomy":"product_brand","embeddable":true,"href":"https:\/\/ayaneo.co\/de\/wp-json\/wp\/v2\/product_brand?post=29945"},{"taxonomy":"product_cat","embeddable":true,"href":"https:\/\/ayaneo.co\/de\/wp-json\/wp\/v2\/product_cat?post=29945"},{"taxonomy":"product_tag","embeddable":true,"href":"https:\/\/ayaneo.co\/de\/wp-json\/wp\/v2\/product_tag?post=29945"}],"curies":[{"name":"wp","href":"https:\/\/api.w.org\/{rel}","templated":true}]}}