{"id":29997,"date":"2025-08-06T10:02:20","date_gmt":"2025-08-06T10:02:20","guid":{"rendered":"https:\/\/ayaneo.co\/?post_type=product&#038;p=29997"},"modified":"2025-12-09T00:27:55","modified_gmt":"2025-12-09T00:27:55","slug":"ayaneo-dmg-taschenetui-copy","status":"publish","type":"product","link":"https:\/\/ayaneo.co\/de\/product\/ayaneo-dmg-taschenetui-copy\/","title":{"rendered":"AYANEO Pocket ACE Koffer"},"content":{"rendered":"\n<h2 class=\"wp-block-heading\" id=\"h-product-overview\">Produkt\u00fcbersicht:<\/h2>\n\n<p>Das <strong>AYANEO Pocket ACE Case<\/strong> ist das perfekte Zubeh\u00f6r f\u00fcr Gamer, die Wert auf Stil und Schutz legen. Diese Tasche wurde speziell f\u00fcr die AYANEO Pocket ACE Konsole entwickelt und kombiniert hochwertige Materialien mit einem kompakten Formfaktor, so dass Ihr Spielger\u00e4t immer und \u00fcberall sicher ist. <\/p>\n\n<hr class=\"wp-block-separator has-alpha-channel-opacity\"\/>\n\n<h2 class=\"wp-block-heading\" id=\"h-key-features\">Wichtige Merkmale:<\/h2>\n\n<p><strong>Kompaktes Design<\/strong> speziell f\u00fcr AYANEO Pocket ACE.<\/p>\n\n<p>Langlebige Materialien f\u00fcr <strong>verbesserten Schutz<\/strong>.<\/p>\n\n<p>Leicht und tragbar f\u00fcr den <strong>Komfort unterwegs<\/strong>.<\/p>\n\n<p>Weiches Innenfutter, um <strong>Kratzer zu vermeiden<\/strong>.<\/p>\n\n<p>Schlankes und stilvolles \u00c4u\u00dferes f\u00fcr <strong>moderne \u00c4sthetik<\/strong>.<\/p>\n\n<hr class=\"wp-block-separator has-alpha-channel-opacity\"\/>\n\n<h2 class=\"wp-block-heading\" id=\"h-why-choose-the-ayaneo-pocket-micro-case\">Warum sollten Sie sich f\u00fcr das AYANEO Pocket ACE Etui entscheiden?<\/h2>\n\n<p>Sch\u00fctzen Sie Ihre Investition mit dem AYANEO Pocket ACE Case, das Ihre Konsole vor Kratzern, Staub und kleinen St\u00f6\u00dfen bewahrt. Ihr leichtes und kompaktes Design macht sie zum idealen Reisebegleiter, egal ob Sie auf dem Weg zu einer Spielesession mit Freunden sind oder Ihre Konsole mit auf Reisen nehmen. <\/p>\n\n<hr class=\"wp-block-separator has-alpha-channel-opacity\"\/>\n\n<h3 class=\"wp-block-heading\" id=\"h-specifications\">Spezifikationen:<\/h3>\n\n<ul class=\"wp-block-list\">\n<li><strong>Material:<\/strong> Strapazierf\u00e4higer Stoff oder Kunstleder<\/li>\n\n\n\n<li><strong>Kompatibilit\u00e4t:<\/strong> AYANEO Pocket ACE Konsole<\/li>\n\n\n\n<li><strong>Eigenschaften:<\/strong> Kratzfest, leicht und tragbar<\/li>\n<\/ul>\n\n<p>Erh\u00f6hen Sie Ihr Spielerlebnis mit dem AYANEO Pocket ACE Case - die perfekte Mischung aus Schutz und Tragbarkeit!<\/p>\n\n<p><\/p>\n","protected":false},"excerpt":{"rendered":"<ul>\n<li><strong>Kompaktes Design<\/strong> speziell f\u00fcr AYANEO Pocket ACE.<\/li>\n<li>Langlebige Materialien f\u00fcr <strong>verbesserten Schutz<\/strong>.<\/li>\n<li>Leicht und tragbar f\u00fcr den <strong>Komfort unterwegs<\/strong>.<\/li>\n<li>Weiches Innenfutter, um <strong>Kratzer zu vermeiden<\/strong>.<\/li>\n<li>Schlankes und stilvolles \u00c4u\u00dferes f\u00fcr <strong>moderne \u00c4sthetik<\/strong>.<\/li>\n<\/ul>\n[cg_accordion title=\"INFO ZUR BEZAHLUNG\"]<\/p>\n<p>Wir verwenden die neueste Technologie in der Zahlungsabwicklung, die es Ihnen erm\u00f6glicht, \u00fcber Apple Pay, Google Pay, Ihre Debit-\/Kreditkarte, PayPal oder BNPL-Methoden wie Klarna, Affirm oder AfterPay schnell und sicher zu bezahlen.[\/cg_accordion]\n[cg_accordion title=\"GARANTIE\"]<\/p>\n<p>1 Jahr Garantie von <a href=\"https:\/\/droix.net\/\" target=\"_blank\" rel=\"nofollow noopener\">DROIX Global<\/a> f\u00fcr Ihren Seelenfrieden[\/cg_accordion]\n[cg_accordion title=\"QUALIT\u00c4TSSICHERUNG &amp; TESTS VOR DER AUSLIEFERUNG\"]<\/p>\n<p>Sicherstellung der Kundenzufriedenheit auf h\u00f6chstem Niveau: Jedes Ger\u00e4t wird vor der Auslieferung strengen Tests und einer mehrstufigen Qualit\u00e4tskontrolle unterzogen. Unser engagiertes Team pr\u00fcft die Leistung, Funktionalit\u00e4t und Integrit\u00e4t der Komponenten, um zu gew\u00e4hrleisten, dass Ihr AYANEO Ger\u00e4t bei der Ankunft in einwandfreiem Zustand ist und Sie sich darauf verlassen k\u00f6nnen. [\/cg_accordion]\n[cg_accordion title=\"PREISE, STEUERN UND VERSAND\"]<\/p>\n<p><strong><u>Anmerkung:<\/u><\/strong><\/p>\n<ul>\n<li>Kunden aus den Vereinigten Staaten: Der angezeigte Preis enth\u00e4lt KEINE STEUERN oder Z\u00f6lle. Die Verantwortung f\u00fcr die Zollabfertigung und die Zahlung aller damit verbundenen Steuern und Abgaben liegt beim Kunden. <\/li>\n<li>EU-Kunden: Der angezeigte Preis enth\u00e4lt die anwendbare STEUER, die je nach Land bis zu 25% betragen kann.<\/li>\n<li>Kunden aus Kanada: Der angezeigte Preis enth\u00e4lt die anfallenden Steuern, die je nach Provinz 5% GST und zus\u00e4tzliche Provincial Sales Taxes (PST), Harmonized Sales Tax (HST) oder Quebec Sales Tax (QST) umfassen k\u00f6nnen.<\/li>\n<\/ul>\n<p><strong>NUR f\u00fcr EU-Kunden:<\/strong> Express DDP (Delivered Duty Paid). Dies bedeutet: <\/p>\n<ul>\n<li>Alle Z\u00f6lle und Steuern sind in dem auf der Produktseite angegebenen Preis enthalten.<\/li>\n<li>Sie m\u00fcssen bei der Lieferung keine zus\u00e4tzlichen Geb\u00fchren zahlen.<\/li>\n<li>Im seltenen Fall von Zollproblemen \u00fcbernimmt unser Team die Zollabfertigung in Ihrem Namen, um eine reibungslose Lieferung zu gew\u00e4hrleisten.<\/li>\n<p>Wichtige Informationen \u00fcber R\u00fccksendungen:<\/p>\n<li>Wenn Sie sich entscheiden, Ihre Bestellung zur\u00fcckzusenden oder eine R\u00fcckerstattung zu beantragen, beachten Sie bitte, dass Steuern und Abgaben, die im Rahmen von DDP in Ihrem Namen gezahlt wurden, nicht erstattet werden k\u00f6nnen.<\/li>\n<p>Detaillierte Informationen finden Sie in unseren <a href=\"https:\/\/ayaneo.co\/de\/allgemeine-geschaeftsbedingungen\/\" target=\"_blank\" rel=\"nofollow noopener\">Allgemeinen Gesch\u00e4ftsbedingungen<\/a>.\n<\/ul>\n<p>[\/cg_accordion]\n[cg_accordion title=\"KUNDENBETREUUNG\"]<\/p>\n<p>Haben Sie eine Frage? Wir sind nur eine kurze SMS davon entfernt, Ihr Problem zu l\u00f6sen! [\/cg_accordion]\n[cg_accordion title=\"PAKET ENTH\u00c4LT\"]<\/p>\n<ul>\n<li>1x AYANEO Pocket ACE Etui<\/li>\n<\/ul>\n<p>[\/cg_accordion]\n","protected":false},"featured_media":30028,"template":"","meta":{"_acf_changed":false},"product_brand":[],"product_cat":[385],"product_tag":[],"class_list":{"0":"post-29997","1":"product","2":"type-product","3":"status-publish","4":"has-post-thumbnail","6":"product_cat-zubehor","7":"product_shipping_class-low-end","8":"pa_accessory-type-schutzhulle","9":"pa_brand-ayaneo","11":"first","12":"outofstock","13":"sale","14":"taxable","15":"shipping-taxable","16":"purchasable","17":"product-type-simple"},"acf":[],"_links":{"self":[{"href":"https:\/\/ayaneo.co\/de\/wp-json\/wp\/v2\/product\/29997","targetHints":{"allow":["GET"]}}],"collection":[{"href":"https:\/\/ayaneo.co\/de\/wp-json\/wp\/v2\/product"}],"about":[{"href":"https:\/\/ayaneo.co\/de\/wp-json\/wp\/v2\/types\/product"}],"wp:featuredmedia":[{"embeddable":true,"href":"https:\/\/ayaneo.co\/de\/wp-json\/wp\/v2\/media\/30028"}],"wp:attachment":[{"href":"https:\/\/ayaneo.co\/de\/wp-json\/wp\/v2\/media?parent=29997"}],"wp:term":[{"taxonomy":"product_brand","embeddable":true,"href":"https:\/\/ayaneo.co\/de\/wp-json\/wp\/v2\/product_brand?post=29997"},{"taxonomy":"product_cat","embeddable":true,"href":"https:\/\/ayaneo.co\/de\/wp-json\/wp\/v2\/product_cat?post=29997"},{"taxonomy":"product_tag","embeddable":true,"href":"https:\/\/ayaneo.co\/de\/wp-json\/wp\/v2\/product_tag?post=29997"}],"curies":[{"name":"wp","href":"https:\/\/api.w.org\/{rel}","templated":true}]}}