{"id":30050,"date":"2025-08-06T10:57:49","date_gmt":"2025-08-06T10:57:49","guid":{"rendered":"https:\/\/ayaneo.co\/?post_type=product&#038;p=30050"},"modified":"2026-01-06T00:25:41","modified_gmt":"2026-01-06T00:25:41","slug":"ayaneo-3-pocket-evo-thumb-stick-grip-caps-prazision-und-komfort-fur-jede-bewegung-copy","status":"publish","type":"product","link":"https:\/\/ayaneo.co\/de\/product\/ayaneo-3-pocket-evo-thumb-stick-grip-caps-prazision-und-komfort-fur-jede-bewegung-copy\/","title":{"rendered":"AYANEO Pocket ACE Griffe"},"content":{"rendered":"\n<h2 class=\"wp-block-heading\">Produkt\u00fcbersicht:<\/h2>\n\n<p>Die <strong>AYANEO Pocket ACE Griffe<\/strong> wurden entwickelt, um Ihren Spielern mehr Komfort und Kontrolle zu bieten. Diese ergonomischen Griffe lassen sich nahtlos an Ihrem <strong>AYANEO Pocket ACE<\/strong> anbringen. Sie bieten einen sicheren und bequemen Halt, verringern die Erm\u00fcdung und gew\u00e4hrleisten eine pr\u00e4zise Kontrolle w\u00e4hrend l\u00e4ngerer Spielphasen. <\/p>\n\n<ol class=\"wp-block-list\">\n<li><strong>Ergonomisches Design<\/strong> f\u00fcr maximalen Komfort w\u00e4hrend des Spielens.<\/li>\n\n\n\n<li><strong>Perfekte Passform<\/strong> f\u00fcr die <strong>AYANEO Pocket ACE<\/strong>.<\/li>\n\n\n\n<li>Strapazierf\u00e4higes Material f\u00fcr eine <strong>lange Nutzungsdauer<\/strong>.<\/li>\n\n\n\n<li>Einfaches Anbringen und Abnehmen f\u00fcr eine <strong>schnelle Einrichtung<\/strong>.<\/li>\n\n\n\n<li>Verbesserter Griff f\u00fcr <strong>bessere Kontrolle und Pr\u00e4zision<\/strong>.<\/li>\n<\/ol>\n\n<hr class=\"wp-block-separator has-alpha-channel-opacity\"\/>\n\n<h2 class=\"wp-block-heading\">Warum sollten Sie sich f\u00fcr <strong>AYANEO Pocket ACE<\/strong> entscheiden?<\/h2>\n\n<p>Ob Sie nun in intensiven Multiplayer-Matches k\u00e4mpfen oder lange Einzelspieler-Kampagnen genie\u00dfen, die <strong>AYANEO Pocket ACE<\/strong> bieten ein intensives und komfortables Spielerlebnis. Ihr ergonomisches Design und ihr sicherer Sitz sorgen daf\u00fcr, dass Sie stundenlang spielen k\u00f6nnen, ohne dass Sie sich unwohl f\u00fchlen oder verrutschen. <\/p>\n\n<hr class=\"wp-block-separator has-alpha-channel-opacity\"\/>\n\n<h2 class=\"wp-block-heading\">Spezifikationen:<\/h2>\n\n<ul class=\"wp-block-list\">\n<li><strong>Material:<\/strong> Strapazierf\u00e4higer Kunststoff mit ergonomischer, strukturierter Oberfl\u00e4che<\/li>\n\n\n\n<li><strong>Kompatibilit\u00e4t:<\/strong> <strong>AYANEO Pocket ACE<\/strong><\/li>\n\n\n\n<li><strong>Eigenschaften:<\/strong> Leicht, langlebig und einfach zu befestigen<\/li>\n<\/ul>\n\n<p>R\u00fcsten Sie Ihren <strong>AYANEO Pocket ACE<\/strong> mit diesen Griffen f\u00fcr ein komfortables und pr\u00e4zises Spielerlebnis auf - denn jeder Zug z\u00e4hlt!<\/p>\n\n<p><\/p>\n","protected":false},"excerpt":{"rendered":"<ul>\n<li><strong>Ergonomisches Design<\/strong> f\u00fcr maximalen Komfort w\u00e4hrend des Spielens.<\/li>\n<li><strong>Perfekte Passform<\/strong> f\u00fcr die AYANEO Pocket ACE.<\/li>\n<li>Strapazierf\u00e4higes Material f\u00fcr eine <strong>lange Nutzungsdauer<\/strong>.<\/li>\n<li>Einfaches Anbringen und Abnehmen f\u00fcr eine <strong>schnelle Einrichtung<\/strong>.<\/li>\n<li>Verbesserter Griff f\u00fcr <strong>bessere Kontrolle und Pr\u00e4zision<\/strong>.<\/li>\n<\/ul>\n[cg_accordion title=\"INFO ZUR BEZAHLUNG\"]<\/p>\n<p>Wir verwenden die neueste Technologie in der Zahlungsabwicklung, die es Ihnen erm\u00f6glicht, \u00fcber Apple Pay, Google Pay, Ihre Debit-\/Kreditkarte, PayPal oder BNPL-Methoden wie Klarna, Affirm oder AfterPay schnell und sicher zu bezahlen.[\/cg_accordion]\n[cg_accordion title=\"GARANTIE\"]<\/p>\n<p>1 Jahr Garantie von <a href=\"https:\/\/droix.net\/\" target=\"_blank\" rel=\"nofollow noopener\">DROIX Global<\/a> f\u00fcr Ihren Seelenfrieden[\/cg_accordion]\n[cg_accordion title=\"QUALIT\u00c4TSSICHERUNG &amp; TESTS VOR DER AUSLIEFERUNG\"]<\/p>\n<p>Sicherstellung der Kundenzufriedenheit auf h\u00f6chstem Niveau: Jedes Ger\u00e4t wird vor der Auslieferung strengen Tests und einer mehrstufigen Qualit\u00e4tskontrolle unterzogen. Unser engagiertes Team pr\u00fcft die Leistung, Funktionalit\u00e4t und Integrit\u00e4t der Komponenten, um zu gew\u00e4hrleisten, dass Ihr AYANEO Ger\u00e4t bei der Ankunft in einwandfreiem Zustand ist und Sie sich darauf verlassen k\u00f6nnen. [\/cg_accordion]\n[cg_accordion title=\"PREISE, STEUERN UND VERSAND\"]<\/p>\n<p><strong><u>Anmerkung:<\/u><\/strong><\/p>\n<ul>\n<li>Kunden aus den Vereinigten Staaten: Der angezeigte Preis enth\u00e4lt KEINE STEUERN oder Z\u00f6lle. Die Verantwortung f\u00fcr die Zollabfertigung und die Zahlung aller damit verbundenen Steuern und Abgaben liegt beim Kunden. <\/li>\n<li>EU-Kunden: Der angezeigte Preis enth\u00e4lt die anwendbare STEUER, die je nach Land bis zu 25% betragen kann.<\/li>\n<li>Kunden aus Kanada: Der angezeigte Preis enth\u00e4lt die anfallenden Steuern, die je nach Provinz 5% GST und zus\u00e4tzliche Provincial Sales Taxes (PST), Harmonized Sales Tax (HST) oder Quebec Sales Tax (QST) umfassen k\u00f6nnen.<\/li>\n<\/ul>\n<p><strong>NUR f\u00fcr EU-Kunden:<\/strong> Express DDP (Delivered Duty Paid). Dies bedeutet: <\/p>\n<ul>\n<li>Alle Z\u00f6lle und Steuern sind in dem auf der Produktseite angegebenen Preis enthalten.<\/li>\n<li>Sie m\u00fcssen bei der Lieferung keine zus\u00e4tzlichen Geb\u00fchren zahlen.<\/li>\n<li>Im seltenen Fall von Zollproblemen \u00fcbernimmt unser Team die Zollabfertigung in Ihrem Namen, um eine reibungslose Lieferung zu gew\u00e4hrleisten.<\/li>\n<p>Wichtige Informationen \u00fcber R\u00fccksendungen:<\/p>\n<li>Wenn Sie sich entscheiden, Ihre Bestellung zur\u00fcckzusenden oder eine R\u00fcckerstattung zu beantragen, beachten Sie bitte, dass Steuern und Abgaben, die im Rahmen von DDP in Ihrem Namen gezahlt wurden, nicht erstattet werden k\u00f6nnen.<\/li>\n<p>Detaillierte Informationen finden Sie in unseren <a href=\"https:\/\/ayaneo.co\/de\/allgemeine-geschaeftsbedingungen\/\" target=\"_blank\" rel=\"nofollow noopener\">Allgemeinen Gesch\u00e4ftsbedingungen<\/a>.\n<\/ul>\n<p>[\/cg_accordion]\n[cg_accordion title=\"KUNDENBETREUUNG\"]<\/p>\n<p>Haben Sie eine Frage? Wir sind nur eine kurze SMS davon entfernt, Ihr Problem zu l\u00f6sen! [\/cg_accordion]\n[cg_accordion title=\"PAKET ENTH\u00c4LT\"]<\/p>\n<ul>\n<li>1x AYANEO Pocket ACE Griffe<\/li>\n<\/ul>\n<p>[\/cg_accordion]\n","protected":false},"featured_media":30081,"template":"","meta":{"_acf_changed":false},"product_brand":[],"product_cat":[385],"product_tag":[],"class_list":{"0":"post-30050","1":"product","2":"type-product","3":"status-publish","4":"has-post-thumbnail","6":"product_cat-zubehor","7":"product_shipping_class-low-end","9":"first","10":"outofstock","11":"sale","12":"taxable","13":"shipping-taxable","14":"purchasable","15":"product-type-simple"},"acf":[],"_links":{"self":[{"href":"https:\/\/ayaneo.co\/de\/wp-json\/wp\/v2\/product\/30050","targetHints":{"allow":["GET"]}}],"collection":[{"href":"https:\/\/ayaneo.co\/de\/wp-json\/wp\/v2\/product"}],"about":[{"href":"https:\/\/ayaneo.co\/de\/wp-json\/wp\/v2\/types\/product"}],"wp:featuredmedia":[{"embeddable":true,"href":"https:\/\/ayaneo.co\/de\/wp-json\/wp\/v2\/media\/30081"}],"wp:attachment":[{"href":"https:\/\/ayaneo.co\/de\/wp-json\/wp\/v2\/media?parent=30050"}],"wp:term":[{"taxonomy":"product_brand","embeddable":true,"href":"https:\/\/ayaneo.co\/de\/wp-json\/wp\/v2\/product_brand?post=30050"},{"taxonomy":"product_cat","embeddable":true,"href":"https:\/\/ayaneo.co\/de\/wp-json\/wp\/v2\/product_cat?post=30050"},{"taxonomy":"product_tag","embeddable":true,"href":"https:\/\/ayaneo.co\/de\/wp-json\/wp\/v2\/product_tag?post=30050"}],"curies":[{"name":"wp","href":"https:\/\/api.w.org\/{rel}","templated":true}]}}