{"id":3567,"date":"2024-10-28T15:49:43","date_gmt":"2024-10-28T15:49:43","guid":{"rendered":"https:\/\/ayaneo.co\/?post_type=product&#038;p=3567"},"modified":"2025-04-11T12:11:45","modified_gmt":"2025-04-11T12:11:45","slug":"ayaneo-2-pc-spiel-handheld-copy-copy","status":"publish","type":"product","link":"https:\/\/ayaneo.co\/de\/product\/ayaneo-2-pc-spiel-handheld-copy-copy\/","title":{"rendered":"AYANEO AIR PLUS"},"content":{"rendered":"\n<h3 class=\"wp-block-heading\">Produkt\u00fcbersicht<\/h3>\n\n<p>Das <strong>AYANEO AIR Plus<\/strong> setzt neue Ma\u00dfst\u00e4be f\u00fcr Handheld-Spiele und bietet erstklassige Leistung in einem schlanken, leichten Geh\u00e4use, das sich perfekt f\u00fcr den mobilen Einsatz eignet. Mit einem Gewicht von nur 525 g ist diese Konsole mehr als nur ein Spielger\u00e4t - sie ist ein vielseitiges Werkzeug f\u00fcr Unterhaltung und Produktivit\u00e4t. <\/p>\n\n<p>Das Herzst\u00fcck ist der <strong>AMD Ryzen\u2122 7 6800U Prozessor<\/strong>, der von der <strong>Zen 3+ Architektur<\/strong> und der <strong>RDNA 2 Grafik<\/strong> angetrieben wird. Er sorgt daf\u00fcr, dass Sie AAA-Spiele mit hohen Bildwiederholraten ausf\u00fchren k\u00f6nnen und gleichzeitig ein fl\u00fcssiges Erlebnis in Konsolenqualit\u00e4t auf einer kompakten Plattform erhalten. Mit <strong>16 GB LPDDR5 RAM<\/strong>, der mit <strong>6400MT\/s<\/strong> arbeitet, erleben Sie eine schnellere Datenverarbeitung und nahtloses Multitasking. Gekoppelt mit    <strong>512GB Hochgeschwindigkeits-PCI-E 3.0 M.2 2280 SSD<\/strong>  Speicherplatz sorgt das <strong>AYANEO AIR Plus<\/strong> f\u00fcr blitzschnelle Ladezeiten und reichlich Platz f\u00fcr all Ihre Lieblingsspiele und -anwendungen.<\/p>\n\n<p>Das <strong>AYANEO AIR Plus<\/strong> verf\u00fcgt \u00fcber einen atemberaubenden <strong>6-Zoll-Bildschirm ( IPS )<\/strong> mit einer Aufl\u00f6sung von <strong>1920&#215;1080<\/strong>, einer <strong>Helligkeit von 400 Nits<\/strong> und einem <strong>sRGB-Farbraum von 120%<\/strong>. Ob beim Spielen oder beim Genie\u00dfen von Multimedia-Inhalten, das Display sorgt f\u00fcr ein gestochen scharfes und beeindruckendes visuelles Erlebnis und macht es zu einem der besten Handheld-Bildschirme seiner Klasse. <\/p>\n\n<p>Erh\u00e4ltlich in drei eleganten Farben - Glacier<strong>Blue, Starlight Black und Classic Gray -<\/strong>ist<strong>dieser<\/strong>Handheld-Gaming-PC ebenso atemberaubend wie leistungsstark.<\/p>\n\n<h3 class=\"wp-block-heading\">Detaillierte Eigenschaften von AYANEO AIR Plus<\/h3>\n\n<h4 class=\"wp-block-heading\">Display und Design Fusion:<\/h4>\n\n<p><strong> IPS Das<\/strong> <strong>AYANEO AIR Plus<\/strong> verf\u00fcgt \u00fcber ein <strong>6-Zoll-1080P-160P-Display<\/strong> mit einer <strong>Helligkeit von 400 nits<\/strong> und einem <strong>120% sRGB-Farbraum<\/strong>. Dies sorgt f\u00fcr lebendige Farben und eine au\u00dfergew\u00f6hnliche Bildsch\u00e4rfe, perfekt f\u00fcr Spiele und Medienkonsum. Sein kompaktes Geh\u00e4use ist mit den Ma\u00dfen <strong>237 x 91,4 x 23,1 mm<\/strong> kleiner als das Steam Deck und AYANEO 2 und macht es zu einer leichten, tragbaren Option f\u00fcr Spiele unterwegs.  <\/p>\n\n<h4 class=\"wp-block-heading\">Ergonomisches Design:<\/h4>\n\n<p>Bei der Entwicklung des <strong>AYANEO AIR Plus<\/strong> stand der Komfort im Vordergrund. Sein schlankes Design sorgt daf\u00fcr, dass Sie auch \u00fcber l\u00e4ngere Zeitr\u00e4ume erm\u00fcdungsfrei spielen k\u00f6nnen, und der anpassbare <strong>Master Controller<\/strong> und der <strong>Hall Sensing Joystick<\/strong> sorgen f\u00fcr \u00fcberragende Pr\u00e4zision und Kontrolle. Die Joysticks verf\u00fcgen \u00fcber eine <strong>anpassbare RGB-Beleuchtung<\/strong>, die Ihrem Gaming-Setup eine pers\u00f6nliche Note verleiht.  <\/p>\n\n<h4 class=\"wp-block-heading\">Unerreichte Leistung:<\/h4>\n\n<p>Unter der Haube sorgt der <strong>AMD Ryzen\u2122 7 6800U Prozessor<\/strong> f\u00fcr ein unvergleichliches Spielerlebnis in einem Handheld-Formfaktor. Gepaart mit einer <strong>RDNA 2-Grafikkarte<\/strong>, <strong>16 GB LPDDR5 RAM<\/strong> mit <strong>6400MT\/s<\/strong> und einem   <strong>512GB Hochgeschwindigkeits-PCI-E 3.0 M.2 2280 SSD<\/strong>Die <strong>AYANEO AIR Plus<\/strong> bietet eine hohe Bildrate und ultraschnelle Ladezeiten, was sie zu einem wahren Kraftpaket in Ihren H\u00e4nden macht. Ganz gleich, ob Sie grafikintensive AAA-Titel spielen oder klassische Retro-Spiele genie\u00dfen, das <strong>AYANEO AIR Plus<\/strong> bietet eine kompromisslose Leistung. <\/p>\n\n<h4 class=\"wp-block-heading\">Fortschrittliches K\u00fchlsystem:<\/h4>\n\n<p>Das <strong>AYANEO AIR Plus<\/strong> ist mit einem <strong>28W-W\u00e4rmeableitungssystem<\/strong> ausgestattet, das reibungslose, leistungsstarke Gaming-Sessions ohne \u00dcberhitzung gew\u00e4hrleistet. Die leistungsstarke K\u00fchlung sorgt daf\u00fcr, dass das Ger\u00e4t auch bei l\u00e4ngerem Spielen effizient l\u00e4uft. <\/p>\n\n<h4 class=\"wp-block-heading\">Immersives Audio:<\/h4>\n\n<p>Zwei <strong>Panorama-Stereo-Lautsprecher<\/strong> und ein <strong>X-Achsen-Motor<\/strong> sorgen f\u00fcr ein beeindruckendes Audioerlebnis, w\u00e4hrend das <strong>4D-Vibrationsfeedback<\/strong> das Gef\u00fchl des Engagements w\u00e4hrend des Spielens verst\u00e4rkt. Ganz gleich, ob Sie sich durch intensive K\u00e4mpfe k\u00e4mpfen oder eine ruhige Spielumgebung genie\u00dfen, die Audioqualit\u00e4t steigert das Gesamterlebnis. <\/p>\n\n<h4 class=\"wp-block-heading\">Konnektivit\u00e4t und Vielseitigkeit:<\/h4>\n\n<p>Ausgestattet mit dem neuesten <strong>Wi-Fi 6<\/strong> und <strong>Bluetooth 5.2<\/strong>, sorgt das <strong>AYANEO AIR Plus<\/strong> f\u00fcr schnelle, stabile Verbindungen f\u00fcr Online-Gaming, Streaming oder Cloud-Gaming. Mit mehreren <strong>USB4 Typ-C-Anschl\u00fcssen<\/strong> unterst\u00fctzt er auch umfangreiche Peripherieger\u00e4te und ist damit ein vielseitiger Hub f\u00fcr alle Ihre Unterhaltungs- und Produktivit\u00e4tsbed\u00fcrfnisse. <\/p>\n\n<h3 class=\"wp-block-heading\">Benutzerfreundlichkeit mit AYANEO AIR Plus<\/h3>\n\n<p>Das <strong>AYANEO AIR Plus<\/strong> bietet ein allumfassendes Spielerlebnis, das ebenso tragbar wie leistungsstark ist. Sein <strong>46,2-Wh-Akku mit hoher Kapazit\u00e4t<\/strong> unterst\u00fctzt lange Gaming-Sessions, und mit der <strong>PD3.0 65-W-Schnellladefunktion<\/strong> sind Sie nie weit von der Action entfernt. Ob Sie nun spielen, streamen oder arbeiten, die Mischung aus Leistung, Displayqualit\u00e4t und benutzerfreundlichem Design macht das Ger\u00e4t zur ultimativen Wahl f\u00fcr Gamer, die unterwegs sind.  <\/p>\n\n<h3 class=\"wp-block-heading\">Fazit<\/h3>\n\n<p>Zusammenfassend l\u00e4sst sich sagen, dass das <strong>AYANEO AIR Plus<\/strong> eine neue Grenze f\u00fcr tragbare Spielkonsolen darstellt. Sie vereint nahtlos High-End-Gaming-Performance mit einem leichten, tragbaren Design, das genau in Ihre Tasche passt. Von der pr\u00e4zisen Steuerung des <strong>Master Controllers<\/strong> und der <strong>Hall Sensing Joysticks<\/strong> bis hin zur atemberaubenden visuellen Leistung des <strong>6-Zoll-Bildschirms (1080P IPS )<\/strong> bietet die <strong>AYANEO AIR Plus<\/strong> eine komplette Gaming-L\u00f6sung f\u00fcr alle, die das Beste in Sachen tragbares Gaming wollen.  <\/p>\n\n<p>Mit <strong>16GB LPDDR5 RAM @ 6400MT\/s<\/strong> und einem  <strong>512GB PCI-E 3.0 M.2 2280 SSD<\/strong>Das <strong>AYANEO AIR Plus<\/strong> gew\u00e4hrleistet reibungsloses Multitasking und schnelle Ladezeiten f\u00fcr Spiele und ist damit das ideale Ger\u00e4t f\u00fcr Gelegenheitsspieler und Hardcore-Gamer. Die leistungsstarken Spezifikationen, das ergonomische Design und das beeindruckende audiovisuelle Erlebnis machen es zu einem Muss f\u00fcr Gaming-Enthusiasten, die Wert auf Leistung und Portabilit\u00e4t legen. <\/p>\n","protected":false},"excerpt":{"rendered":"<ul>\n<li>AMD <strong>Ryzen 7 6800U<\/strong> \/ AMD Radeon\u2122 680M<\/li>\n<li><strong>16GB<\/strong> LPDDR5 @ 6400MT\/s<\/li>\n<li><strong>512GB<\/strong> Hochgeschwindigkeits-PCI-E 3.0 <strong>M.2<\/strong> 2280 SSD<\/li>\n<li><strong>Verf\u00fcgbar mit 6&#8243; LCD 1920\u00d71080<\/strong> Touchscreen Display<\/li>\n<li><strong>WiFi 6<\/strong> &amp; <strong>Bluetooth 5.2<\/strong> Unterst\u00fctzung<\/li>\n<\/ul>\n[cg_accordion title=\"INFO ZUR BEZAHLUNG\"]<\/p>\n<p>Wir verwenden die neueste Technologie in der Zahlungsabwicklung, die es Ihnen erm\u00f6glicht, \u00fcber Apple Pay, Google Pay, Ihre Debit-\/Kreditkarte, PayPal oder BNPL-Methoden wie Klarna, Affirm oder AfterPay schnell und sicher zu bezahlen.[\/cg_accordion]\n[cg_accordion title=\"GARANTIE\"]<\/p>\n<p>1 Jahr Garantie von <a href=\"https:\/\/droix.net\/\" target=\"_blank\" rel=\"nofollow noopener\">DROIX Global<\/a> f\u00fcr Ihren Seelenfrieden[\/cg_accordion]\n[cg_accordion title=\"PREISE, STEUERN UND VERSAND\"]<\/p>\n<p><strong><u>Anmerkung:<\/u><\/strong><\/p>\n<ul>\n<li>Kunden aus den Vereinigten Staaten: Der angezeigte Preis enth\u00e4lt KEINE STEUERN oder Z\u00f6lle. Die Verantwortung f\u00fcr die Zollabfertigung und die Zahlung aller damit verbundenen Steuern und Abgaben liegt beim Kunden. <\/li>\n<li>EU-Kunden: Der angezeigte Preis enth\u00e4lt die anwendbare STEUER, die je nach Land bis zu 25% betragen kann.<\/li>\n<li>Kunden aus Kanada: Der angezeigte Preis enth\u00e4lt die anfallenden Steuern, die je nach Provinz 5% GST und zus\u00e4tzliche Provincial Sales Taxes (PST), Harmonized Sales Tax (HST) oder Quebec Sales Tax (QST) umfassen k\u00f6nnen.<\/li>\n<\/ul>\n<p><strong>NUR f\u00fcr EU-Kunden:<\/strong> Express DDP (Delivered Duty Paid). Dies bedeutet: <\/p>\n<ul>\n<li>Alle Z\u00f6lle und Steuern sind in dem auf der Produktseite angegebenen Preis enthalten.<\/li>\n<li>Sie m\u00fcssen bei der Lieferung keine zus\u00e4tzlichen Geb\u00fchren zahlen.<\/li>\n<li>Im seltenen Fall von Zollproblemen \u00fcbernimmt unser Team die Zollabfertigung in Ihrem Namen, um eine reibungslose Lieferung zu gew\u00e4hrleisten.<\/li>\n<p>Wichtige Informationen \u00fcber R\u00fccksendungen:<\/p>\n<li>Wenn Sie sich entscheiden, Ihre Bestellung zur\u00fcckzusenden oder eine R\u00fcckerstattung zu beantragen, beachten Sie bitte, dass Steuern und Abgaben, die im Rahmen von DDP in Ihrem Namen gezahlt wurden, nicht erstattet werden k\u00f6nnen.<\/li>\n<p>Detaillierte Informationen finden Sie in unseren <a href=\"https:\/\/ayaneo.co\/terms-of-service-2\/\" target=\"_blank\" rel=\"nofollow noopener\">Allgemeinen Gesch\u00e4ftsbedingungen<\/a>.\n<\/ul>\n<p>[\/cg_accordion]\n[cg_accordion title=\"KUNDENBETREUUNG\"]<\/p>\n<p>Haben Sie eine Frage? Wir sind nur eine kurze SMS davon entfernt, Ihr Problem zu l\u00f6sen!<br \/>\n[\/cg_accordion]\n[cg_accordion title=\"Das Paket enth\u00e4lt\"]<\/p>\n<ul>\n<li>1x AYANEO AIR PLUS<\/li>\n<li>1x USB Typ-C Kabel<\/li>\n<li>1x Netzadapter<\/li>\n<li>1x Benutzerhandbuch<\/li>\n<\/ul>\n<p>[\/cg_accordion]\n","protected":false},"featured_media":3580,"template":"","meta":{"_acf_changed":false},"product_brand":[],"product_cat":[368],"product_tag":[399],"class_list":{"0":"post-3567","1":"product","2":"type-product","3":"status-publish","4":"has-post-thumbnail","6":"product_cat-handheld-gaming-pcs-de","7":"product_tag-pc-spiele-handheld","8":"product_shipping_class-premium","9":"pa_brand-ayaneo","10":"pa_graphics-gpu-model-radeon-680m","11":"pa_operating-system-windows-11","12":"pa_processor-cpu-brand-amd","14":"first","15":"outofstock","16":"taxable","17":"shipping-taxable","18":"purchasable","19":"product-type-variable","20":"has-default-attributes"},"acf":[],"_links":{"self":[{"href":"https:\/\/ayaneo.co\/de\/wp-json\/wp\/v2\/product\/3567","targetHints":{"allow":["GET"]}}],"collection":[{"href":"https:\/\/ayaneo.co\/de\/wp-json\/wp\/v2\/product"}],"about":[{"href":"https:\/\/ayaneo.co\/de\/wp-json\/wp\/v2\/types\/product"}],"wp:featuredmedia":[{"embeddable":true,"href":"https:\/\/ayaneo.co\/de\/wp-json\/wp\/v2\/media\/3580"}],"wp:attachment":[{"href":"https:\/\/ayaneo.co\/de\/wp-json\/wp\/v2\/media?parent=3567"}],"wp:term":[{"taxonomy":"product_brand","embeddable":true,"href":"https:\/\/ayaneo.co\/de\/wp-json\/wp\/v2\/product_brand?post=3567"},{"taxonomy":"product_cat","embeddable":true,"href":"https:\/\/ayaneo.co\/de\/wp-json\/wp\/v2\/product_cat?post=3567"},{"taxonomy":"product_tag","embeddable":true,"href":"https:\/\/ayaneo.co\/de\/wp-json\/wp\/v2\/product_tag?post=3567"}],"curies":[{"name":"wp","href":"https:\/\/api.w.org\/{rel}","templated":true}]}}