{"id":44736,"date":"2026-02-03T13:07:54","date_gmt":"2026-02-03T13:07:54","guid":{"rendered":"https:\/\/ayaneo.co\/product\/biwin-mini-ssd\/"},"modified":"2026-02-12T09:55:43","modified_gmt":"2026-02-12T09:55:43","slug":"biwin-mini-ssd","status":"publish","type":"product","link":"https:\/\/ayaneo.co\/de\/product\/biwin-mini-ssd\/","title":{"rendered":"BIWIN Mini SSD"},"content":{"rendered":"\n<h2 class=\"wp-block-heading\">BIWIN Mini SSD: Eine neue \u00c4ra der Speicherleistung<\/h2>\n\n<p>In der hart umk\u00e4mpften Welt der tragbaren Speichermedien entpuppt sich die <strong>BIWIN Mini SSD<\/strong> als wahres Kraftpaket, das mit seiner Spitzenleistung und robusten Haltbarkeit jeden anspruchsvollen Benutzer zufriedenstellt. Dieses Ger\u00e4t steht f\u00fcr kompromisslose Geschwindigkeit und stellt einen Sprung nach vorne in der ultrakompakten Speichertechnologie dar. Die BIWIN Mini SSD ist ein Wunderwerk an Design und Leistung. Sie bietet ein Datenerlebnis auf Flaggschiff-Niveau, unvergleichliche Portabilit\u00e4t und eine Reihe innovativer Funktionen, die sie an die Spitze des Marktes stellen. Dieses Laufwerk wurde f\u00fcr Profis und Enthusiasten entwickelt, die eine erstklassige Geschwindigkeit und eine erstklassige, funktionsreiche L\u00f6sung verlangen. Es sprengt die Grenzen der mobilen Datenverarbeitung.   <\/p>\n\n<p>Die BIWIN Mini SSD ist ein Titan der Innovation im Bereich der kompakten High-End-Speicherger\u00e4te. Angetrieben von modernster <strong>PCIe Gen4x2<\/strong> und <strong>NVMe 1.4<\/strong> Technologie, liefert die Mini SSD eine atemberaubende Leistung mit sequentiellen Lesegeschwindigkeiten von bis zu <strong>3.700 MB\/s<\/strong> und Schreibgeschwindigkeiten von bis zu <strong>3.400 MB\/s<\/strong>. Diese Geschwindigkeit sprengt die Leistungsgrenze herk\u00f6mmlicher microSD-Karten und macht die Mini SSD zu einem \u00fcberlegenen Hochgeschwindigkeitsersatz. Diese Leistung ist in einem ultrakompakten Geh\u00e4use untergebracht, das nur <strong>15,0 mm \u00d7 17,0 mm \u00d7 1,4 mm<\/strong>misst <strong>und<\/strong>durch ein fortschrittliches <a href=\"https:\/\/en.wikipedia.org\/wiki\/Land_grid_array\" target=\"_blank\" rel=\"noopener nofollow\" title=\"\">LGA-Geh\u00e4use (Land Grid Array)<\/a> erm\u00f6glicht wird.   <\/p>\n\n<p>Die Mini SSD ist in Optionen mit hoher Kapazit\u00e4t erh\u00e4ltlich, darunter <strong>512 GB, 1 TB und 2 TB<\/strong>, und bietet au\u00dfergew\u00f6hnlichen Speicherplatz f\u00fcr anspruchsvolle Workloads wie Cloud-Zusammenarbeit und Echtzeit-Datenverarbeitung.<\/p>\n\n<h2 class=\"wp-block-heading\"><strong>Hinweis zur Leistung von Handhelds<\/strong><\/h2>\n\n<p>F\u00fcr Benutzer bestimmter Host-Ger\u00e4te ist es wichtig zu wissen, dass die Mini SSD zwar theoretische Spitzengeschwindigkeiten von 3.700 MB\/s bietet, die tats\u00e4chliche Leistung jedoch durch die Steckplatzspezifikationen des Host-Ger\u00e4ts begrenzt wird. Wenn das Laufwerk beispielsweise in kompatible Gaming-Handhelds eingebaut wird, ist die Geschwindigkeit in der Regel begrenzt, da das Ger\u00e4t eine <strong>Mini-PCIe 4&#215;1-Konfiguration<\/strong> verwendet (anstelle der vollen 4&#215;2-Spezifikation). Auf der Grundlage von CrystalDiskMark-Tests k\u00f6nnen Benutzer durchschnittliche Lese- und Schreibgeschwindigkeiten von etwa <strong>1.700 MB\/s<\/strong> erwarten. Dies gew\u00e4hrleistet immer noch eine zuverl\u00e4ssige Hochgeschwindigkeitsleistung, die weit \u00fcber der von microSD-Alternativen liegt, auch wenn dies nicht unbedingt das absolute theoretische H\u00f6chstpotenzial des Laufwerks widerspiegelt.   <\/p>\n\n<p>Das f\u00fcr kompromisslose Zuverl\u00e4ssigkeit konzipierte Ger\u00e4t verf\u00fcgt \u00fcber eine robuste Struktur mit einer <strong>IP68-Einstufung<\/strong> f\u00fcr umfassenden Staub- und Wasserschutz, so dass es auch den h\u00e4rtesten Bedingungen standh\u00e4lt. Eine fortschrittliche Firmware, einschlie\u00dflich dynamischem SLC-Caching und Verschlei\u00dfausgleich, sorgt f\u00fcr eine hohe Datensicherheit. Die Haltbarkeit wird durch das LGA-Geh\u00e4use verst\u00e4rkt, das St\u00fcrze aus bis zu <strong>3 Metern H\u00f6he<\/strong> \u00fcberstehen kann. Mit seinem vielseitigen modularen Steckplatzdesign ist dies ein langlebiger und zukunftssicherer Begleiter f\u00fcr Anwendungen in mobilen Ger\u00e4ten, Gaming-Handhelds (wie dem GPD Win 5 und OneXPlayer Super X) und Edge Computing.  <\/p>\n","protected":false},"excerpt":{"rendered":"\n<ul>\n<li>Schnittstelle: <strong>PCIe Gen4x2<\/strong> mit **NVMe 1.4** Protokoll<\/li>\n<li>Formfaktor: <strong>Ultrakompaktes LGA-Geh\u00e4use<\/strong> (15,0 mm \u00d7 17,0 mm \u00d7 1,4 mm)<\/li>\n<li>Leistung: Bis zu **3.700 MB\/s Lesen** \/ Bis zu **3.400 MB\/s Schreiben**<\/li>\n<li>Kapazit\u00e4t: 512GB, 1TB oder 2TB 3D TLC NAND<\/li>\n<li>Widerstandsf\u00e4higkeit: <strong>IP68<\/strong> Staub- und Wasserdichtigkeit \/ **3-Meter-Fall** \u00dcberlebensf\u00e4higkeit<\/li>\n<li>Technologie: Dynamisches **SLC Caching** und **Wear Leveling**<\/li>\n<\/ul>\n[cg_accordion title=\"INFO ZUR BEZAHLUNG\"]<\/p>\n<p>Wir verwenden die neueste Technologie in der Zahlungsabwicklung, die es Ihnen erm\u00f6glicht, \u00fcber Apple Pay, Google Pay, Ihre Debit-\/Kreditkarte, PayPal oder BNPL-Methoden wie Klarna, Affirm oder AfterPay schnell und sicher zu bezahlen.[\/cg_accordion]\n[cg_accordion title=\"GARANTIE\"]<\/p>\n<p>1 Jahr Garantie von <a href=\"https:\/\/droix.net\/\" target=\"_blank\" rel=\"nofollow noopener\">DROIX Global<\/a> f\u00fcr Ihren Seelenfrieden[\/cg_accordion]\n[cg_accordion title=\"QUALIT\u00c4TSSICHERUNG &amp; TESTS VOR DER AUSLIEFERUNG\"]<\/p>\n<p>Sicherstellung der Kundenzufriedenheit auf h\u00f6chstem Niveau: Jedes Ger\u00e4t wird vor der Auslieferung strengen Tests und einer mehrstufigen Qualit\u00e4tskontrolle unterzogen. Unser engagiertes Team pr\u00fcft die Leistung, Funktionalit\u00e4t und Integrit\u00e4t der Komponenten, um zu gew\u00e4hrleisten, dass Ihr AYANEO Ger\u00e4t bei der Ankunft in einwandfreiem Zustand ist und Sie sich darauf verlassen k\u00f6nnen. [\/cg_accordion]\n[cg_accordion title=\"PREISE, STEUERN UND VERSAND\"]<\/p>\n<p><strong><u>Anmerkung:<\/u><\/strong><\/p>\n<ul>\n<li>Kunden aus den Vereinigten Staaten: Der angezeigte Preis enth\u00e4lt KEINE STEUERN oder Z\u00f6lle. Die Verantwortung f\u00fcr die Zollabfertigung und die Zahlung aller damit verbundenen Steuern und Abgaben liegt beim Kunden. <\/li>\n<li>EU-Kunden: Der angezeigte Preis enth\u00e4lt die anwendbare STEUER, die je nach Land bis zu 25% betragen kann.<\/li>\n<li>Kunden aus Kanada: Der angezeigte Preis enth\u00e4lt die anfallenden Steuern, die je nach Provinz 5% GST und zus\u00e4tzliche Provincial Sales Taxes (PST), Harmonized Sales Tax (HST) oder Quebec Sales Tax (QST) umfassen k\u00f6nnen.<\/li>\n<\/ul>\n<p>F\u00fcr unsere Kunden in den USA: Die Bestellungen werden DAP (Delivered At Place) versandt. Obwohl die Kunden f\u00fcr die Zahlung aller anfallenden Geb\u00fchren verantwortlich sind, nutzen wir unsere umfangreiche Erfahrung im Versand aus Gro\u00dfbritannien, um sicherzustellen, dass Sie so wenig wie m\u00f6glich bezahlen. Nach unseren Aufzeichnungen betragen diese Geb\u00fchren in der Regel nicht mehr als 10% des Artikelwerts.  <\/p>\n<p><strong>NUR f\u00fcr EU-Kunden:<\/strong> Express DDP (Delivered Duty Paid). Dies bedeutet: <\/p>\n<ul>\n<li>Alle Z\u00f6lle und Steuern sind in dem auf der Produktseite angegebenen Preis enthalten.<\/li>\n<li>Sie m\u00fcssen bei der Lieferung keine zus\u00e4tzlichen Geb\u00fchren zahlen.<\/li>\n<li>Im seltenen Fall von Zollproblemen \u00fcbernimmt unser Team die Zollabfertigung in Ihrem Namen, um eine reibungslose Lieferung zu gew\u00e4hrleisten.<\/li>\n<p>Wichtige Informationen \u00fcber R\u00fccksendungen:<\/p>\n<li>Wenn Sie sich entscheiden, Ihre Bestellung zur\u00fcckzusenden oder eine R\u00fcckerstattung zu beantragen, beachten Sie bitte, dass Steuern und Abgaben, die im Rahmen von DDP in Ihrem Namen gezahlt wurden, nicht erstattet werden k\u00f6nnen.<\/li>\n<p>Detaillierte Informationen finden Sie in unseren <a href=\"https:\/\/ayaneo.co\/de\/allgemeine-geschaeftsbedingungen\/\" target=\"_blank\" rel=\"nofollow noopener\">Allgemeinen Gesch\u00e4ftsbedingungen<\/a>.\n<\/ul>\n<p>[\/cg_accordion]\n[cg_accordion title=\"KUNDENBETREUUNG\"]<\/p>\n<p>Haben Sie eine Frage? Wir sind nur eine kurze SMS davon entfernt, Ihr Problem zu l\u00f6sen! [\/cg_accordion]\n[cg_accordion title=\"PAKET ENTH\u00c4LT\"]<\/p>\n<ul>\n<li>1x BIWIN Mini SSD<\/li>\n<\/ul>\n<p>[\/cg_accordion]\n","protected":false},"featured_media":44136,"template":"","meta":{"_acf_changed":false},"product_brand":[],"product_cat":[385],"product_tag":[],"class_list":{"0":"post-44736","1":"product","2":"type-product","3":"status-publish","4":"has-post-thumbnail","6":"product_cat-zubehor","7":"product_shipping_class-low-end","8":"pa_brand-biwin","10":"first","11":"instock","12":"taxable","13":"shipping-taxable","14":"purchasable","15":"product-type-variable","16":"has-default-attributes"},"acf":[],"_links":{"self":[{"href":"https:\/\/ayaneo.co\/de\/wp-json\/wp\/v2\/product\/44736","targetHints":{"allow":["GET"]}}],"collection":[{"href":"https:\/\/ayaneo.co\/de\/wp-json\/wp\/v2\/product"}],"about":[{"href":"https:\/\/ayaneo.co\/de\/wp-json\/wp\/v2\/types\/product"}],"wp:featuredmedia":[{"embeddable":true,"href":"https:\/\/ayaneo.co\/de\/wp-json\/wp\/v2\/media\/44136"}],"wp:attachment":[{"href":"https:\/\/ayaneo.co\/de\/wp-json\/wp\/v2\/media?parent=44736"}],"wp:term":[{"taxonomy":"product_brand","embeddable":true,"href":"https:\/\/ayaneo.co\/de\/wp-json\/wp\/v2\/product_brand?post=44736"},{"taxonomy":"product_cat","embeddable":true,"href":"https:\/\/ayaneo.co\/de\/wp-json\/wp\/v2\/product_cat?post=44736"},{"taxonomy":"product_tag","embeddable":true,"href":"https:\/\/ayaneo.co\/de\/wp-json\/wp\/v2\/product_tag?post=44736"}],"curies":[{"name":"wp","href":"https:\/\/api.w.org\/{rel}","templated":true}]}}