{"id":44800,"date":"2026-01-08T12:04:55","date_gmt":"2026-01-08T12:04:55","guid":{"rendered":"https:\/\/ayaneo.co\/product\/ayaneo-pocket-ds-displayschutzfolie-nur-unterer-bildschirm\/"},"modified":"2026-04-08T09:14:50","modified_gmt":"2026-04-08T09:14:50","slug":"ayaneo-pocket-ds-displayschutzfolie-nur-unterer-bildschirm","status":"publish","type":"product","link":"https:\/\/ayaneo.co\/de\/product\/ayaneo-pocket-ds-displayschutzfolie-nur-unterer-bildschirm\/","title":{"rendered":"AYANEO Pocket DS Displayschutzfolie (nur unterer Bildschirm)"},"content":{"rendered":"\n<p>Die <strong>AYANEO Pocket DS Displayschutzfolie<\/strong> ist ein unverzichtbares Zubeh\u00f6r, um das sekund\u00e4re Display Ihrer Konsole in einem tadellosen Zustand zu halten. Diese Schutzfolie wurde f\u00fcr hochaufl\u00f6sende Klarheit und Pr\u00e4zision entwickelt und sch\u00fctzt Ihr Ger\u00e4t vor t\u00e4glicher Abnutzung, ohne die Ber\u00fchrungsempfindlichkeit zu beeintr\u00e4chtigen. <\/p>\n\n<h2 class=\"wp-block-heading\"><strong>&#x26a0;&#xfe0f; Wichtiger Hinweis zur Kompatibilit\u00e4t<\/strong><\/h2>\n\n<p>Dieser Bildschirmschutz ist <strong>NUR f\u00fcr den 2. (unteren) Bildschirm<\/strong> bestimmt <strong>.<\/strong> &gt; <strong>F\u00fcr den ersten (oberen) Bildschirm:<\/strong> Es ist kein Schutz erh\u00e4ltlich und wird auch nicht empfohlen, da die zus\u00e4tzliche Dicke verhindern w\u00fcrde, dass sich das Ger\u00e4t richtig schlie\u00dft.<\/p>\n\n<h2 class=\"wp-block-heading\">Warum sollten Sie sich f\u00fcr die AYANEO Pocket DS Displayschutzfolie entscheiden?<\/h2>\n\n<p>Ganz gleich, ob Sie durch Men\u00fcs navigieren oder ber\u00fchrungsintensive Steuerelemente auf dem sekund\u00e4ren Display verwenden, diese Schutzfolie bietet un\u00fcbertroffene Haltbarkeit. Dank der pr\u00e4zisen Passform und der speziellen Beschichtung bleiben Ihre Spiele kristallklar, w\u00e4hrend die Hardware vor Kratzern und \u00d6l gesch\u00fctzt bleibt. <\/p>\n\n<h2 class=\"wp-block-heading\">Spezifikationen<\/h2>\n\n<ul class=\"wp-block-list\">\n<li><strong>Kompatibilit\u00e4t:<\/strong> AYANEO Pocket DS-Konsole (unterer Bildschirm)<\/li>\n\n\n\n<li><strong>Material:<\/strong> Erstklassiges geh\u00e4rtetes Glas oder hochwertige Folie<\/li>\n\n\n\n<li><strong>Oberfl\u00e4che:<\/strong> Kratzfest, wischfest und ultraklar<\/li>\n\n\n\n<li><strong>Montage:<\/strong> Blasenfreier Klebstoff f\u00fcr eine nahtlose Anwendung<\/li>\n<\/ul>\n","protected":false},"excerpt":{"rendered":"<ul>\n<li><strong>Nur 2. Bildschirm:<\/strong> Speziell f\u00fcr das untere Display angepasst, damit das Ger\u00e4t richtig geschlossen werden kann.<\/li>\n<li><strong>Schutz vor Kratzern:<\/strong> Die strapazierf\u00e4hige Oberfl\u00e4che sch\u00fctzt vor der Verwendung von Stiften und der t\u00e4glichen Abnutzung.<\/li>\n<li><strong>Kristallklar:<\/strong> Ultra-transparentes Material sorgt f\u00fcr eine lebendige, ununterbrochene Darstellung von Spielen.<\/li>\n<li><strong>Fleckenabweisend:<\/strong> Die oleophobe Beschichtung h\u00e4lt den Touchscreen frei von Fingerabdr\u00fccken und \u00d6l.<\/li>\n<li><strong>Einfache Anwendung:<\/strong> Schnelle, blasenfreie Installation f\u00fcr einen nahtlosen, professionellen Sitz.<\/li>\n<\/ul>\n[cg_accordion title=\"INFO ZUR BEZAHLUNG\"]<\/p>\n<p>Wir verwenden die neueste Technologie in der Zahlungsabwicklung, die es Ihnen erm\u00f6glicht, \u00fcber Apple Pay, Google Pay, Ihre Debit-\/Kreditkarte, PayPal oder BNPL-Methoden wie Klarna, Affirm oder AfterPay schnell und sicher zu bezahlen.[\/cg_accordion]\n[cg_accordion title=\"GARANTIE\"]<\/p>\n<p>1 Jahr Garantie von <a href=\"https:\/\/droix.net\/\" target=\"_blank\" rel=\"nofollow noopener\">DROIX Global<\/a> f\u00fcr Ihren Seelenfrieden[\/cg_accordion]\n[cg_accordion title=\"QUALIT\u00c4TSSICHERUNG &amp; TESTS VOR DER AUSLIEFERUNG\"]<\/p>\n<p>Sicherstellung der Kundenzufriedenheit auf h\u00f6chstem Niveau: Jedes Ger\u00e4t wird vor der Auslieferung strengen Tests und einer mehrstufigen Qualit\u00e4tskontrolle unterzogen. Unser engagiertes Team pr\u00fcft die Leistung, Funktionalit\u00e4t und Integrit\u00e4t der Komponenten, um zu gew\u00e4hrleisten, dass Ihr AYANEO Ger\u00e4t bei der Ankunft in einwandfreiem Zustand ist und Sie sich darauf verlassen k\u00f6nnen. [\/cg_accordion]\n[cg_accordion title=\"PREISE, STEUERN UND VERSAND\"]<\/p>\n<p><strong><u>Anmerkung:<\/u><\/strong><\/p>\n<ul>\n<li>Kunden aus den Vereinigten Staaten: Der angezeigte Preis enth\u00e4lt KEINE STEUERN oder Z\u00f6lle. Die Verantwortung f\u00fcr die Zollabfertigung und die Zahlung aller damit verbundenen Steuern und Abgaben liegt beim Kunden. <\/li>\n<li>EU-Kunden: Der angezeigte Preis enth\u00e4lt die anwendbare STEUER, die je nach Land bis zu 25% betragen kann.<\/li>\n<li>Kunden aus Kanada: Der angezeigte Preis enth\u00e4lt die anfallenden Steuern, die je nach Provinz 5% GST und zus\u00e4tzliche Provincial Sales Taxes (PST), Harmonized Sales Tax (HST) oder Quebec Sales Tax (QST) umfassen k\u00f6nnen.<\/li>\n<\/ul>\n<p>F\u00fcr unsere Kunden in den USA: Die Bestellungen werden DAP (Delivered At Place) versandt. Obwohl die Kunden f\u00fcr die Zahlung aller anfallenden Geb\u00fchren verantwortlich sind, nutzen wir unsere umfangreiche Erfahrung im Versand aus Gro\u00dfbritannien, um sicherzustellen, dass Sie so wenig wie m\u00f6glich bezahlen. Nach unseren Aufzeichnungen betragen diese Geb\u00fchren in der Regel nicht mehr als 10% des Artikelwerts.  <\/p>\n<p><strong>NUR f\u00fcr EU-Kunden:<\/strong> Express DDP (Delivered Duty Paid). Dies bedeutet: <\/p>\n<ul>\n<li>Alle Z\u00f6lle und Steuern sind in dem auf der Produktseite angegebenen Preis enthalten.<\/li>\n<li>Sie m\u00fcssen bei der Lieferung keine zus\u00e4tzlichen Geb\u00fchren zahlen.<\/li>\n<li>Im seltenen Fall von Zollproblemen \u00fcbernimmt unser Team die Zollabfertigung in Ihrem Namen, um eine reibungslose Lieferung zu gew\u00e4hrleisten.<\/li>\n<p>Wichtige Informationen \u00fcber R\u00fccksendungen:<\/p>\n<li>Wenn Sie sich entscheiden, Ihre Bestellung zur\u00fcckzusenden oder eine R\u00fcckerstattung zu beantragen, beachten Sie bitte, dass Steuern und Abgaben, die im Rahmen von DDP in Ihrem Namen gezahlt wurden, nicht erstattet werden k\u00f6nnen.<\/li>\n<p>Detaillierte Informationen finden Sie in unseren <a href=\"https:\/\/ayaneo.co\/de\/allgemeine-geschaeftsbedingungen\/\" target=\"_blank\" rel=\"nofollow noopener\">Allgemeinen Gesch\u00e4ftsbedingungen<\/a>.\n<\/ul>\n<p>[\/cg_accordion]\n[cg_accordion title=\"KUNDENBETREUUNG\"]<\/p>\n<p>Haben Sie eine Frage? Wir sind nur eine kurze SMS davon entfernt, Ihr Problem zu l\u00f6sen! [\/cg_accordion]\n[cg_accordion title=\"PAKET ENTH\u00c4LT\"]<\/p>\n<ul>\n<li>1x AYANEO Pocket DS Displayschutzfolie<\/li>\n<\/ul>\n<p>[\/cg_accordion]\n","protected":false},"featured_media":43472,"template":"","meta":{"_acf_changed":false},"product_brand":[],"product_cat":[385],"product_tag":[],"class_list":{"0":"post-44800","1":"product","2":"type-product","3":"status-publish","4":"has-post-thumbnail","6":"product_cat-zubehor","7":"product_shipping_class-low-end","8":"pa_accessory-type-displayschutzfolie","9":"pa_brand-ayaneo","11":"first","12":"instock","13":"sale","14":"taxable","15":"shipping-taxable","16":"purchasable","17":"product-type-simple"},"acf":[],"_links":{"self":[{"href":"https:\/\/ayaneo.co\/de\/wp-json\/wp\/v2\/product\/44800","targetHints":{"allow":["GET"]}}],"collection":[{"href":"https:\/\/ayaneo.co\/de\/wp-json\/wp\/v2\/product"}],"about":[{"href":"https:\/\/ayaneo.co\/de\/wp-json\/wp\/v2\/types\/product"}],"wp:featuredmedia":[{"embeddable":true,"href":"https:\/\/ayaneo.co\/de\/wp-json\/wp\/v2\/media\/43472"}],"wp:attachment":[{"href":"https:\/\/ayaneo.co\/de\/wp-json\/wp\/v2\/media?parent=44800"}],"wp:term":[{"taxonomy":"product_brand","embeddable":true,"href":"https:\/\/ayaneo.co\/de\/wp-json\/wp\/v2\/product_brand?post=44800"},{"taxonomy":"product_cat","embeddable":true,"href":"https:\/\/ayaneo.co\/de\/wp-json\/wp\/v2\/product_cat?post=44800"},{"taxonomy":"product_tag","embeddable":true,"href":"https:\/\/ayaneo.co\/de\/wp-json\/wp\/v2\/product_tag?post=44800"}],"curies":[{"name":"wp","href":"https:\/\/api.w.org\/{rel}","templated":true}]}}