{"id":47678,"date":"2026-03-23T10:44:43","date_gmt":"2026-03-23T10:44:43","guid":{"rendered":"https:\/\/ayaneo.co\/product\/usb5-kabel-80gbps-240w-8k-60hz-thunderbolt-5-kompatibel\/"},"modified":"2026-04-28T06:11:16","modified_gmt":"2026-04-28T06:11:16","slug":"usb5-kabel-80gbps-240w-8k-60hz-thunderbolt-5-kompatibel","status":"publish","type":"product","link":"https:\/\/ayaneo.co\/de\/product\/usb5-kabel-80gbps-240w-8k-60hz-thunderbolt-5-kompatibel\/","title":{"rendered":"USB5 Kabel 80Gbps 240W | 8K 60Hz Thunderbolt 5 Kompatibel"},"content":{"rendered":"\n<h2 class=\"wp-block-heading\">USB5-Kabel 80Gbps 240W: Die ultimative Thunderbolt 5-L\u00f6sung f\u00fcr professionelle Arbeitsabl\u00e4ufe<\/h2>\n\n<p id=\"p-rc_98f34dcd8f33ef71-24\">Das <strong>USB5-Kabel 80Gbps 240W<\/strong> stellt einen gewaltigen Sprung in der Konnektivit\u00e4tstechnologie f\u00fcr Power-User dar. Da moderne Hardware noch nie dagewesene Geschwindigkeiten erfordert, wurde dieses Kabel so entwickelt, dass es die neuesten Thunderbolt 5 und USB4 2.0 Standards erf\u00fcllt. Es bietet eine enorme bidirektionale Bandbreite von 80 Gbit\/s, was effektiv die Leistung der vorherigen Generationen verdoppelt.  <sup><\/sup>  So k\u00f6nnen Sie jetzt umfangreiche 8K-Videodateien oder Projektbibliotheken in einem Bruchteil der bisher ben\u00f6tigten Zeit \u00fcbertragen.<\/p>\n\n<h2 class=\"wp-block-heading\">Wie optimiert das USB5-Kabel 80Gbps 240W Ihr Display-Setup?<\/h2>\n\n<p id=\"p-rc_98f34dcd8f33ef71-25\">F\u00fcr professionelle Anwender ist das <strong>USB5-Kabel 80Gbps 240W<\/strong> ein unverzichtbares Werkzeug f\u00fcr hochaufl\u00f6sendes Multitasking. Dieses Kabel unterst\u00fctzt das fortschrittliche DisplayPort 2.1-Protokoll und erm\u00f6glicht einen einzelnen 8K 60Hz-Ausgang oder sogar zwei 8K-Konfigurationen. <sup><\/sup>  Au\u00dferdem kann die innovative &#8222;Bandwidth Boost&#8220;-Technologie die Datenspuren neu konfigurieren.<sup><\/sup>  Dadurch kann das Kabel bis zu 120 Gbps f\u00fcr displaylastige Aufgaben bereitstellen und gleichzeitig robuste 40 Gbps f\u00fcr den Datenr\u00fcckfluss beibehalten.<sup><\/sup><\/p>\n\n<p>Professionelle Arbeitsabl\u00e4ufe werden durch diese Flexibilit\u00e4t erheblich verbessert. W\u00e4hrend ein Monitor mit hoher Aktualisierungsrate angesteuert wird, sorgt das <strong>USB5 Cable 80Gbps 240W<\/strong> daf\u00fcr, dass der externe Speicher reaktionsf\u00e4hig bleibt. Dank der PAM3-Signalkodierung bleibt die Datenintegrit\u00e4t auch bei diesen schwindelerregenden Geschwindigkeiten erhalten. Flackernde Bildschirme und Datenkorruption geh\u00f6ren damit der Vergangenheit an.   <\/p>\n\n<h2 class=\"wp-block-heading\">Unerreichte 240W Leistungsabgabe und Verarbeitungsqualit\u00e4t<\/h2>\n\n<p id=\"p-rc_98f34dcd8f33ef71-26\">Die Ladem\u00f6glichkeiten wurden mit diesem neuen Standard radikal verbessert. Das <strong>USB5-Kabel 80Gbps 240W<\/strong> unterst\u00fctzt die neuesten PD 3.1 Extended Power Range (EPR) Spezifikationen.<sup><\/sup> Das bedeutet, dass bis zu 240 W Leistung sicher durch das Kabel zu Ihrem Ger\u00e4t geleitet werden. So k\u00f6nnen selbst die stromhungrigsten Gaming-Laptops mit voller Geschwindigkeit geladen werden, ohne dass ein propriet\u00e4rer &#8222;Brick&#8220;-Anschluss erforderlich ist.  <\/p>\n\n<p id=\"p-rc_98f34dcd8f33ef71-27\">Bei der Entwicklung des <strong>USB5-Kabels 80Gbps 240W<\/strong> wurde eindeutig auf Langlebigkeit geachtet. Die interne Verkabelung ist durch eine hochdichte geflochtene Legierungsabschirmung gesch\u00fctzt, um elektromagnetische St\u00f6rungen zu minimieren. <sup><\/sup>  Au\u00dferdem besteht der Au\u00dfenmantel aus flexiblem TPE, das getestet wurde, um \u00fcber 2.000 Biegezyklen standzuhalten.<sup><\/sup>  Da die Stecker vernickelt sind, sind sie f\u00fcr mehr als 10.000 Einsteckvorg\u00e4nge ausgelegt und gew\u00e4hrleisten eine zuverl\u00e4ssige Verbindung \u00fcber Jahre hinweg.<\/p>\n\n<h2 class=\"wp-block-heading\">Zukunftssicheres Rig mit dem USB5-Kabel 80Gbps 240W<\/h2>\n\n<p id=\"p-rc_98f34dcd8f33ef71-28\">Kompatibilit\u00e4t ist mit diesem vielseitigen Zubeh\u00f6r nie ein Problem. Obwohl es f\u00fcr die Zukunft entwickelt wurde, ist das <strong>USB5-Kabel 80Gbps 240W<\/strong> vollst\u00e4ndig r\u00fcckw\u00e4rtskompatibel mit <a href=\"https:\/\/www.intel.com\/content\/www\/us\/en\/gaming\/resources\/upgrade-gaming-accessories-thunderbolt-4.html\" target=\"_blank\" rel=\"noopener nofollow\" title=\"\">Thunderbolt 4<\/a> und<a href=\"https:\/\/www.thunderbolttechnology.net\/blog\/thunderbolt-3-usb-c-does-it-all\" target=\"_blank\" rel=\"noopener nofollow\" title=\"\"> Thunderbolt 3<\/a> Ger\u00e4ten. Es funktioniert auch perfekt mit USB4, USB 3.2 und Standard-USB-C-Anschl\u00fcssen. Egal, ob Sie eine hochmoderne eGPU \u00fcber PCIe 4.0 anschlie\u00dfen oder einfach nur ein Mobiltelefon synchronisieren, die Leistung ist immer optimal.   <\/p>\n\n<p>Lassen Sie nicht zu, dass minderwertige Kabel Ihre High-End-Hardware ausbremsen und Ihren kreativen Prozess verlangsamen. Sichern Sie sich noch heute Ihr <strong>USB5-Kabel 80Gbps 240W<\/strong>, um sicherzustellen, dass Sie der Zeit immer einen Schritt voraus sind. Die Lagerbest\u00e4nde f\u00fcr diese Technologie der n\u00e4chsten Generation bewegen sich schnell, also handeln Sie jetzt, um sicherzustellen, dass Ihre Workstation f\u00fcr die 80Gbps-Revolution bereit ist. Erleben Sie den Gipfel der Geschwindigkeit und Leistung und bestellen Sie noch heute in unserem Shop!   <\/p>\n\n<p><\/p>\n","protected":false},"excerpt":{"rendered":"<ul>\n<li><strong>80Gbps Pro Data<\/strong> - Rasend schnelle bidirektionale \u00dcbertragungen f\u00fcr gro\u00dfe Dateien.<\/li>\n<li><strong>240 W EPR-Ladeleistung<\/strong> - Volle PD 3.1-Unterst\u00fctzung f\u00fcr leistungsstarke Laptops.<\/li>\n<li><strong>8K@60Hz Visuals<\/strong> - Beeindruckende 8K- oder duale 4K-Anzeige \u00fcber DisplayPort 2.1.<\/li>\n<li><strong>E-Mark Safety IC<\/strong> - Intelligenter Chipsatz sorgt f\u00fcr stabile, hitzeregulierte Leistung.<\/li>\n<li><strong>Zinklegierung &amp; geflochtene Konstruktion<\/strong> - Hochwertiges, verst\u00e4rktes Design f\u00fcr maximale Haltbarkeit.<\/li>\n<\/ul>\n[cg_accordion title=\"INFO ZUR BEZAHLUNG\"]<\/p>\n<p>Wir verwenden die neueste Technologie in der Zahlungsabwicklung, die es Ihnen erm\u00f6glicht, \u00fcber Apple Pay, Google Pay, Ihre Debit-\/Kreditkarte, PayPal oder BNPL-Methoden wie Klarna, Affirm oder AfterPay schnell und sicher zu bezahlen.[\/cg_accordion]\n[cg_accordion title=\"GARANTIE\"]<\/p>\n<p>1 Jahr Garantie von <a href=\"https:\/\/droix.net\/\" target=\"_blank\" rel=\"nofollow noopener\">DROIX Global<\/a> f\u00fcr Ihren Seelenfrieden[\/cg_accordion]\n[cg_accordion title=\"QUALIT\u00c4TSSICHERUNG &amp; TESTS VOR DER AUSLIEFERUNG\"]<\/p>\n<p>Sicherstellung der Kundenzufriedenheit auf h\u00f6chstem Niveau: Jedes Ger\u00e4t wird vor der Auslieferung strengen Tests und einer mehrstufigen Qualit\u00e4tskontrolle unterzogen. Unser engagiertes Team pr\u00fcft die Leistung, Funktionalit\u00e4t und Integrit\u00e4t der Komponenten, um zu gew\u00e4hrleisten, dass Ihr AYANEO Ger\u00e4t bei der Ankunft in einwandfreiem Zustand ist und Sie sich darauf verlassen k\u00f6nnen. [\/cg_accordion]\n[cg_accordion title=\"PREISE, STEUERN UND VERSAND\"]<\/p>\n<p><strong><u>Anmerkung:<\/u><\/strong><\/p>\n<ul>\n<li>Kunden aus den Vereinigten Staaten: Der angezeigte Preis enth\u00e4lt KEINE STEUERN oder Z\u00f6lle. Die Verantwortung f\u00fcr die Zollabfertigung und die Zahlung aller damit verbundenen Steuern und Abgaben liegt beim Kunden. <\/li>\n<li>EU-Kunden: Der angezeigte Preis enth\u00e4lt die anwendbare STEUER, die je nach Land bis zu 25% betragen kann.<\/li>\n<li>Kunden aus Kanada: Der angezeigte Preis enth\u00e4lt die anfallenden Steuern, die je nach Provinz 5% GST und zus\u00e4tzliche Provincial Sales Taxes (PST), Harmonized Sales Tax (HST) oder Quebec Sales Tax (QST) umfassen k\u00f6nnen.<\/li>\n<\/ul>\n<p>F\u00fcr unsere Kunden in den USA: Die Bestellungen werden DAP (Delivered At Place) versandt. Obwohl die Kunden f\u00fcr die Zahlung aller anfallenden Geb\u00fchren verantwortlich sind, nutzen wir unsere umfangreiche Erfahrung im Versand aus Gro\u00dfbritannien, um sicherzustellen, dass Sie so wenig wie m\u00f6glich bezahlen. Nach unseren Aufzeichnungen betragen diese Geb\u00fchren in der Regel nicht mehr als 10% des Artikelwerts.  <\/p>\n<p><strong>NUR f\u00fcr EU-Kunden:<\/strong> Express DDP (Delivered Duty Paid). Dies bedeutet: <\/p>\n<ul>\n<li>Alle Z\u00f6lle und Steuern sind in dem auf der Produktseite angegebenen Preis enthalten.<\/li>\n<li>Sie m\u00fcssen bei der Lieferung keine zus\u00e4tzlichen Geb\u00fchren zahlen.<\/li>\n<li>Im seltenen Fall von Zollproblemen \u00fcbernimmt unser Team die Zollabfertigung in Ihrem Namen, um eine reibungslose Lieferung zu gew\u00e4hrleisten.<\/li>\n<p>Wichtige Informationen \u00fcber R\u00fccksendungen:<\/p>\n<li>Wenn Sie sich entscheiden, Ihre Bestellung zur\u00fcckzusenden oder eine R\u00fcckerstattung zu beantragen, beachten Sie bitte, dass Steuern und Abgaben, die im Rahmen von DDP in Ihrem Namen gezahlt wurden, nicht erstattet werden k\u00f6nnen.<\/li>\n<p>Detaillierte Informationen finden Sie in unseren <a href=\"https:\/\/ayaneo.co\/de\/allgemeine-geschaeftsbedingungen\/\" target=\"_blank\" rel=\"nofollow noopener\">Allgemeinen Gesch\u00e4ftsbedingungen<\/a>.\n<\/ul>\n<p>[\/cg_accordion]\n[cg_accordion title=\"KUNDENBETREUUNG\"]<\/p>\n<p>Haben Sie eine Frage? Wir sind nur eine kurze SMS davon entfernt, Ihr Problem zu l\u00f6sen! [\/cg_accordion]\n[cg_accordion title=\"PAKET ENTH\u00c4LT\"]<\/p>\n<ul>\n<li>1x USB5 Typ-C Kabel | 80Gbps 240W (1m)<\/li>\n<\/ul>\n<p>[\/cg_accordion]\n","protected":false},"featured_media":45899,"template":"","meta":{"_acf_changed":false},"product_brand":[],"product_cat":[385],"product_tag":[],"class_list":{"0":"post-47678","1":"product","2":"type-product","3":"status-publish","4":"has-post-thumbnail","6":"product_cat-zubehor","7":"product_shipping_class-low-end","9":"first","10":"instock","11":"sale","12":"taxable","13":"shipping-taxable","14":"purchasable","15":"product-type-simple"},"acf":[],"_links":{"self":[{"href":"https:\/\/ayaneo.co\/de\/wp-json\/wp\/v2\/product\/47678","targetHints":{"allow":["GET"]}}],"collection":[{"href":"https:\/\/ayaneo.co\/de\/wp-json\/wp\/v2\/product"}],"about":[{"href":"https:\/\/ayaneo.co\/de\/wp-json\/wp\/v2\/types\/product"}],"wp:featuredmedia":[{"embeddable":true,"href":"https:\/\/ayaneo.co\/de\/wp-json\/wp\/v2\/media\/45899"}],"wp:attachment":[{"href":"https:\/\/ayaneo.co\/de\/wp-json\/wp\/v2\/media?parent=47678"}],"wp:term":[{"taxonomy":"product_brand","embeddable":true,"href":"https:\/\/ayaneo.co\/de\/wp-json\/wp\/v2\/product_brand?post=47678"},{"taxonomy":"product_cat","embeddable":true,"href":"https:\/\/ayaneo.co\/de\/wp-json\/wp\/v2\/product_cat?post=47678"},{"taxonomy":"product_tag","embeddable":true,"href":"https:\/\/ayaneo.co\/de\/wp-json\/wp\/v2\/product_tag?post=47678"}],"curies":[{"name":"wp","href":"https:\/\/api.w.org\/{rel}","templated":true}]}}