{"id":6869,"date":"2025-01-17T11:00:37","date_gmt":"2025-01-17T11:00:37","guid":{"rendered":"https:\/\/ayaneo.co\/?post_type=product&#038;p=6869"},"modified":"2026-02-12T10:15:24","modified_gmt":"2026-02-12T10:15:24","slug":"ayaneo-pocket-evo","status":"publish","type":"product","link":"https:\/\/ayaneo.co\/de\/product\/ayaneo-pocket-evo\/","title":{"rendered":"AYANEO Pocket EVO"},"content":{"rendered":"\n<div class=\"wp-block-columns is-layout-flex wp-container-core-columns-is-layout-28f84493 wp-block-columns-is-layout-flex\">\n<div class=\"wp-block-column is-layout-flow wp-block-column-is-layout-flow\" style=\"flex-basis:33.33%\">\n<figure class=\"wp-block-image size-full\"><a href=\"https:\/\/ayaneo.co\/wp-content\/uploads\/2025\/01\/AYANEO-POCKET-EVO-MARKETING-DONE-28-1024x1024-1.jpg\"><img fetchpriority=\"high\" decoding=\"async\" width=\"1024\" height=\"1024\" src=\"https:\/\/ayaneo.co\/wp-content\/uploads\/2025\/01\/AYANEO-POCKET-EVO-MARKETING-DONE-28-1024x1024-1.jpg\" alt=\"AYANEO Pocket EVO in Wei&#xDF;, mit einem 7-Zoll OLED HDR 120Hz Bildschirm und einer Snapdragon G3x Gen 2 Gaming-Plattform, vor einem Hintergrund mit Farbverlauf von Blau zu Orange.\" class=\"wp-image-37442\" srcset=\"https:\/\/ayaneo.co\/wp-content\/uploads\/2025\/01\/AYANEO-POCKET-EVO-MARKETING-DONE-28-1024x1024-1.jpg 1024w, https:\/\/ayaneo.co\/wp-content\/uploads\/2025\/01\/AYANEO-POCKET-EVO-MARKETING-DONE-28-1024x1024-1-300x300.jpg 300w, https:\/\/ayaneo.co\/wp-content\/uploads\/2025\/01\/AYANEO-POCKET-EVO-MARKETING-DONE-28-1024x1024-1-150x150.jpg 150w, https:\/\/ayaneo.co\/wp-content\/uploads\/2025\/01\/AYANEO-POCKET-EVO-MARKETING-DONE-28-1024x1024-1-768x768.jpg 768w, https:\/\/ayaneo.co\/wp-content\/uploads\/2025\/01\/AYANEO-POCKET-EVO-MARKETING-DONE-28-1024x1024-1-65x65.jpg 65w, https:\/\/ayaneo.co\/wp-content\/uploads\/2025\/01\/AYANEO-POCKET-EVO-MARKETING-DONE-28-1024x1024-1-990x990.jpg 990w, https:\/\/ayaneo.co\/wp-content\/uploads\/2025\/01\/AYANEO-POCKET-EVO-MARKETING-DONE-28-1024x1024-1-441x441.jpg 441w, https:\/\/ayaneo.co\/wp-content\/uploads\/2025\/01\/AYANEO-POCKET-EVO-MARKETING-DONE-28-1024x1024-1-100x100.jpg 100w, https:\/\/ayaneo.co\/wp-content\/uploads\/2025\/01\/AYANEO-POCKET-EVO-MARKETING-DONE-28-1024x1024-1-600x600.jpg 600w\" sizes=\"(max-width: 1024px) 100vw, 1024px\" \/><\/a><\/figure>\n<\/div>\n\n\n\n<div class=\"wp-block-column is-layout-flow wp-block-column-is-layout-flow\" style=\"flex-basis:66.66%\">\n<h2 class=\"wp-block-heading\"><strong><strong>Definieren Sie Handheld-Gaming neu mit dem AYANEO Pocket EVO<\/strong><\/strong><\/h2>\n\n\n\n<p>Die <strong>AYANEO Pocket EVO<\/strong> ist eine bahnbrechende Handheld-Konsole, die die Grenzen des tragbaren Spielens neu definiert. Sie kombiniert modernste Technologie mit einem ergonomischen, schlanken Design und wurde f\u00fcr Spieler entwickelt, die sich nach Leistung, Pr\u00e4zision und Tragbarkeit sehnen. Egal, ob Sie AAA-Blockbuster spielen oder Indie-Sch\u00e4tze entdecken, mit dem Pocket EVO sind Sie bestens ger\u00fcstet.  <\/p>\n<\/div>\n<\/div>\n\n<hr class=\"wp-block-separator has-alpha-channel-opacity\"\/>\n\n<h2 class=\"wp-block-heading has-text-align-center\"><strong>AYANEO Pocket EVO: Die drei S\u00e4ulen der Pr\u00e4zisionskontrolle, Leistung und Ergonomie<\/strong><\/h2>\n\n<div class=\"wp-block-columns is-layout-flex wp-container-core-columns-is-layout-28f84493 wp-block-columns-is-layout-flex\">\n<div class=\"wp-block-column is-layout-flow wp-block-column-is-layout-flow\">\n<figure class=\"wp-block-image size-full\"><a href=\"https:\/\/ayaneo.co\/wp-content\/uploads\/2025\/01\/AYANEO-POCKET-EVO-MARKETING-DONE-34-1024x1024-1.jpg\"><img decoding=\"async\" width=\"1024\" height=\"1024\" src=\"https:\/\/ayaneo.co\/wp-content\/uploads\/2025\/01\/AYANEO-POCKET-EVO-MARKETING-DONE-34-1024x1024-1.jpg\" alt=\"Die wei&#xDF;e und die schwarze Variante des AYANEO Pocket EVO im direkten Vergleich, wobei das moderne und schlanke Design mit dem leuchtenden Display besonders hervorgehoben wird.\" class=\"wp-image-37443\" srcset=\"https:\/\/ayaneo.co\/wp-content\/uploads\/2025\/01\/AYANEO-POCKET-EVO-MARKETING-DONE-34-1024x1024-1.jpg 1024w, https:\/\/ayaneo.co\/wp-content\/uploads\/2025\/01\/AYANEO-POCKET-EVO-MARKETING-DONE-34-1024x1024-1-300x300.jpg 300w, https:\/\/ayaneo.co\/wp-content\/uploads\/2025\/01\/AYANEO-POCKET-EVO-MARKETING-DONE-34-1024x1024-1-150x150.jpg 150w, https:\/\/ayaneo.co\/wp-content\/uploads\/2025\/01\/AYANEO-POCKET-EVO-MARKETING-DONE-34-1024x1024-1-768x768.jpg 768w, https:\/\/ayaneo.co\/wp-content\/uploads\/2025\/01\/AYANEO-POCKET-EVO-MARKETING-DONE-34-1024x1024-1-65x65.jpg 65w, https:\/\/ayaneo.co\/wp-content\/uploads\/2025\/01\/AYANEO-POCKET-EVO-MARKETING-DONE-34-1024x1024-1-990x990.jpg 990w, https:\/\/ayaneo.co\/wp-content\/uploads\/2025\/01\/AYANEO-POCKET-EVO-MARKETING-DONE-34-1024x1024-1-441x441.jpg 441w, https:\/\/ayaneo.co\/wp-content\/uploads\/2025\/01\/AYANEO-POCKET-EVO-MARKETING-DONE-34-1024x1024-1-100x100.jpg 100w, https:\/\/ayaneo.co\/wp-content\/uploads\/2025\/01\/AYANEO-POCKET-EVO-MARKETING-DONE-34-1024x1024-1-600x600.jpg 600w\" sizes=\"(max-width: 1024px) 100vw, 1024px\" \/><\/a><\/figure>\n\n\n\n<h3 class=\"wp-block-heading\"><strong>Ergonomie und \u00c4sthetik: Durchdachtes Design f\u00fcr lange Spielsitzungen<\/strong><\/h3>\n\n\n\n<p>Der AYANEO Pocket EVO verbindet anspruchsvolle \u00c4sthetik mit funktionellem Design. Sie ist in zwei auff\u00e4lligen Farbvarianten erh\u00e4ltlich: <\/p>\n\n\n\n<ul class=\"wp-block-list\">\n<li><strong>Starry Black<\/strong><\/li>\n\n\n\n<li><strong>Himmelsspiegel Wei\u00df<\/strong><\/li>\n<\/ul>\n\n\n\n<p>Seine kompakte und ergonomische Bauweise sorgt f\u00fcr Komfort bei ausgedehnten Gaming-Sessions. Das Ger\u00e4t ist mit durchdachten W\u00e4rmeableitungslamellen (20193 mm\u00b2) ausgestattet, die auch bei intensivem Spielen f\u00fcr optimale Leistung sorgen. <\/p>\n<\/div>\n\n\n\n<div class=\"wp-block-column is-layout-flow wp-block-column-is-layout-flow\">\n<figure class=\"wp-block-image size-full\"><a href=\"https:\/\/ayaneo.co\/wp-content\/uploads\/2025\/01\/AYANEO-POCKET-EVO-MARKETING-DONE-17-1024x1024-1.jpg\"><img decoding=\"async\" width=\"1024\" height=\"1024\" src=\"https:\/\/ayaneo.co\/wp-content\/uploads\/2025\/01\/AYANEO-POCKET-EVO-MARKETING-DONE-17-1024x1024-1.jpg\" alt=\"Ein geteiltes Bild, das links die Snapdragon G3x Gen 2 Gaming-Plattform und rechts den AYANEO Pocket EVO im Einsatz zeigt, wobei die starke Leistung und das vielseitige Gameplay hervorgehoben werden.\" class=\"wp-image-37444\" srcset=\"https:\/\/ayaneo.co\/wp-content\/uploads\/2025\/01\/AYANEO-POCKET-EVO-MARKETING-DONE-17-1024x1024-1.jpg 1024w, https:\/\/ayaneo.co\/wp-content\/uploads\/2025\/01\/AYANEO-POCKET-EVO-MARKETING-DONE-17-1024x1024-1-300x300.jpg 300w, https:\/\/ayaneo.co\/wp-content\/uploads\/2025\/01\/AYANEO-POCKET-EVO-MARKETING-DONE-17-1024x1024-1-150x150.jpg 150w, https:\/\/ayaneo.co\/wp-content\/uploads\/2025\/01\/AYANEO-POCKET-EVO-MARKETING-DONE-17-1024x1024-1-768x768.jpg 768w, https:\/\/ayaneo.co\/wp-content\/uploads\/2025\/01\/AYANEO-POCKET-EVO-MARKETING-DONE-17-1024x1024-1-65x65.jpg 65w, https:\/\/ayaneo.co\/wp-content\/uploads\/2025\/01\/AYANEO-POCKET-EVO-MARKETING-DONE-17-1024x1024-1-990x990.jpg 990w, https:\/\/ayaneo.co\/wp-content\/uploads\/2025\/01\/AYANEO-POCKET-EVO-MARKETING-DONE-17-1024x1024-1-441x441.jpg 441w, https:\/\/ayaneo.co\/wp-content\/uploads\/2025\/01\/AYANEO-POCKET-EVO-MARKETING-DONE-17-1024x1024-1-100x100.jpg 100w, https:\/\/ayaneo.co\/wp-content\/uploads\/2025\/01\/AYANEO-POCKET-EVO-MARKETING-DONE-17-1024x1024-1-600x600.jpg 600w\" sizes=\"(max-width: 1024px) 100vw, 1024px\" \/><\/a><\/figure>\n\n\n\n<h3 class=\"wp-block-heading\"><strong>Das Core Gaming OS: Leistung und Pr\u00e4zision mit Master Controller und Android 13<\/strong><\/h3>\n\n\n\n<p>Mit dem <strong>Master Controller<\/strong> und dem Betriebssystem Android 13 liefert der AYANEO Pocket EVO eine unvergleichliche Leistung. Der <strong>RGB-Hall-Big-Joystick<\/strong> und der <strong>lineare Hall-Trigger<\/strong> bieten eine R\u00fccklaufrate von 250 Hz und damit eine un\u00fcbertroffene Pr\u00e4zision und Reaktionsf\u00e4higkeit. Das System bietet au\u00dferdem fortschrittliche Anpassungsoptionen, darunter:  <\/p>\n\n\n\n<ul class=\"wp-block-list\">\n<li><strong>SoundTAP Magic Klangvibration<\/strong><\/li>\n\n\n\n<li><strong>XInput Vibration<\/strong> und Tastenvibration<\/li>\n\n\n\n<li><strong>Benutzerdefinierte Leistungsmodi<\/strong><\/li>\n<\/ul>\n\n\n\n<p>Diese Funktionen sorgen f\u00fcr ein vielseitiges, auf Ihre Vorlieben zugeschnittenes Spielerlebnis.<\/p>\n<\/div>\n\n\n\n<div class=\"wp-block-column is-layout-flow wp-block-column-is-layout-flow\">\n<figure class=\"wp-block-image size-full\"><a href=\"https:\/\/ayaneo.co\/wp-content\/uploads\/2025\/01\/AYANEO-POCKET-EVO-MARKETING-DONE-20-1-1024x1024-1.jpg\"><img loading=\"lazy\" decoding=\"async\" width=\"1024\" height=\"1024\" src=\"https:\/\/ayaneo.co\/wp-content\/uploads\/2025\/01\/AYANEO-POCKET-EVO-MARKETING-DONE-20-1-1024x1024-1.jpg\" alt=\"Nahaufnahme des AYANEO Pocket EVO Master Controllers in Schwarz, der mit hochpr&#xE4;zisen Joysticks, Trigger-Tasten und acht anpassbaren Funktionen f&#xFC;r ein professionelles Spielerlebnis ausgestattet ist.\" class=\"wp-image-37445\" srcset=\"https:\/\/ayaneo.co\/wp-content\/uploads\/2025\/01\/AYANEO-POCKET-EVO-MARKETING-DONE-20-1-1024x1024-1.jpg 1024w, https:\/\/ayaneo.co\/wp-content\/uploads\/2025\/01\/AYANEO-POCKET-EVO-MARKETING-DONE-20-1-1024x1024-1-300x300.jpg 300w, https:\/\/ayaneo.co\/wp-content\/uploads\/2025\/01\/AYANEO-POCKET-EVO-MARKETING-DONE-20-1-1024x1024-1-150x150.jpg 150w, https:\/\/ayaneo.co\/wp-content\/uploads\/2025\/01\/AYANEO-POCKET-EVO-MARKETING-DONE-20-1-1024x1024-1-768x768.jpg 768w, https:\/\/ayaneo.co\/wp-content\/uploads\/2025\/01\/AYANEO-POCKET-EVO-MARKETING-DONE-20-1-1024x1024-1-65x65.jpg 65w, https:\/\/ayaneo.co\/wp-content\/uploads\/2025\/01\/AYANEO-POCKET-EVO-MARKETING-DONE-20-1-1024x1024-1-990x990.jpg 990w, https:\/\/ayaneo.co\/wp-content\/uploads\/2025\/01\/AYANEO-POCKET-EVO-MARKETING-DONE-20-1-1024x1024-1-441x441.jpg 441w, https:\/\/ayaneo.co\/wp-content\/uploads\/2025\/01\/AYANEO-POCKET-EVO-MARKETING-DONE-20-1-1024x1024-1-100x100.jpg 100w, https:\/\/ayaneo.co\/wp-content\/uploads\/2025\/01\/AYANEO-POCKET-EVO-MARKETING-DONE-20-1-1024x1024-1-600x600.jpg 600w\" sizes=\"(max-width: 1024px) 100vw, 1024px\" \/><\/a><\/figure>\n\n\n\n<h3 class=\"wp-block-heading\"><strong>Pro-Grade Pr\u00e4zision: RGB-Halleffekt-Joysticks f\u00fcr zuverl\u00e4ssige und pr\u00e4zise Eingaben<\/strong><\/h3>\n\n\n\n<p>Das Pocket EVO verf\u00fcgt \u00fcber ein intuitives und innovatives Bedienkonzept:<\/p>\n\n\n\n<ul class=\"wp-block-list\">\n<li><strong>RGB-Halleffekt-Joystick<\/strong> f\u00fcr pr\u00e4zise und zuverl\u00e4ssige Eingaben<\/li>\n\n\n\n<li><strong>Lineare Hall-Trigger<\/strong> mit einer R\u00fccklaufrate von 250Hz<\/li>\n\n\n\n<li><strong>HD-Linearmotor<\/strong> f\u00fcr verbesserte taktile R\u00fcckmeldung<\/li>\n\n\n\n<li><strong>Sechs-Achsen-Gyroskop<\/strong> f\u00fcr bewegungsempfindliche Spiele<\/li>\n\n\n\n<li><strong>Home Button<\/strong> mit Emulator-Shortcut-Funktionen und Xbox Streaming-Aufrufmen\u00fc<\/li>\n<\/ul>\n\n\n\n<p>Dar\u00fcber hinaus erm\u00f6glicht die <strong>Turbotaste<\/strong> ein schnelles Umschalten zwischen den Leistungsmodi, und die Einschalttaste verf\u00fcgt \u00fcber eine Fingerabdruckerkennung f\u00fcr einen sicheren Zugriff.<\/p>\n<\/div>\n<\/div>\n\n<hr class=\"wp-block-separator has-alpha-channel-opacity\"\/>\n\n<div class=\"wp-block-columns is-layout-flex wp-container-core-columns-is-layout-28f84493 wp-block-columns-is-layout-flex\">\n<div class=\"wp-block-column is-layout-flow wp-block-column-is-layout-flow\" style=\"flex-basis:33.33%\">\n<figure class=\"wp-block-image size-full\"><a href=\"https:\/\/ayaneo.co\/wp-content\/uploads\/2025\/01\/AYANEO-POCKET-EVO-MARKETING-DONE-26-1024x1024-1.jpg\"><img loading=\"lazy\" decoding=\"async\" width=\"1024\" height=\"1024\" src=\"https:\/\/ayaneo.co\/wp-content\/uploads\/2025\/01\/AYANEO-POCKET-EVO-MARKETING-DONE-26-1024x1024-1.jpg\" alt=\"Die ultraschnellen Daten&#xFC;bertragungsm&#xF6;glichkeiten des AYANEO Pocket EVO mit Funktionen wie USB 3.2 Gen 2 Typ-C, LPDDR5X-Hochgeschwindigkeitsspeicher und einem microSD-Steckplatz f&#xFC;r erweiterten Speicherplatz\" class=\"wp-image-37446\" srcset=\"https:\/\/ayaneo.co\/wp-content\/uploads\/2025\/01\/AYANEO-POCKET-EVO-MARKETING-DONE-26-1024x1024-1.jpg 1024w, https:\/\/ayaneo.co\/wp-content\/uploads\/2025\/01\/AYANEO-POCKET-EVO-MARKETING-DONE-26-1024x1024-1-300x300.jpg 300w, https:\/\/ayaneo.co\/wp-content\/uploads\/2025\/01\/AYANEO-POCKET-EVO-MARKETING-DONE-26-1024x1024-1-150x150.jpg 150w, https:\/\/ayaneo.co\/wp-content\/uploads\/2025\/01\/AYANEO-POCKET-EVO-MARKETING-DONE-26-1024x1024-1-768x768.jpg 768w, https:\/\/ayaneo.co\/wp-content\/uploads\/2025\/01\/AYANEO-POCKET-EVO-MARKETING-DONE-26-1024x1024-1-65x65.jpg 65w, https:\/\/ayaneo.co\/wp-content\/uploads\/2025\/01\/AYANEO-POCKET-EVO-MARKETING-DONE-26-1024x1024-1-990x990.jpg 990w, https:\/\/ayaneo.co\/wp-content\/uploads\/2025\/01\/AYANEO-POCKET-EVO-MARKETING-DONE-26-1024x1024-1-441x441.jpg 441w, https:\/\/ayaneo.co\/wp-content\/uploads\/2025\/01\/AYANEO-POCKET-EVO-MARKETING-DONE-26-1024x1024-1-100x100.jpg 100w, https:\/\/ayaneo.co\/wp-content\/uploads\/2025\/01\/AYANEO-POCKET-EVO-MARKETING-DONE-26-1024x1024-1-600x600.jpg 600w\" sizes=\"(max-width: 1024px) 100vw, 1024px\" \/><\/a><\/figure>\n<\/div>\n\n\n\n<div class=\"wp-block-column is-layout-flow wp-block-column-is-layout-flow\" style=\"flex-basis:66.66%\">\n<h2 class=\"wp-block-heading\"><strong>Speicherung und Konnektivit\u00e4t<\/strong><\/h2>\n\n\n\n<p>Das AYANEO Pocket EVO bietet robuste Konnektivit\u00e4t und Speicheroptionen:<\/p>\n\n\n\n<ul class=\"wp-block-list\">\n<li><strong>1x Full Function USB 3.2 Gen 2 Typ-C<\/strong> mit 10Gbps \u00dcbertragungsgeschwindigkeit<\/li>\n\n\n\n<li><strong>1x Micro SD-Kartensteckplatz<\/strong> mit bis zu 100MB\/s \u00dcbertragungsgeschwindigkeit<\/li>\n\n\n\n<li><strong>Hochgeschwindigkeits-WiFi und Bluetooth 5.3<\/strong><\/li>\n<\/ul>\n<\/div>\n<\/div>\n\n<hr class=\"wp-block-separator has-alpha-channel-opacity\"\/>\n\n<div class=\"wp-block-columns is-layout-flex wp-container-core-columns-is-layout-28f84493 wp-block-columns-is-layout-flex\">\n<div class=\"wp-block-column is-layout-flow wp-block-column-is-layout-flow\">\n<figure class=\"wp-block-image size-full\"><a href=\"https:\/\/ayaneo.co\/wp-content\/uploads\/2025\/01\/AYANEO-POCKET-EVO-MARKETING-DONE-12-1024x1024-1.jpg\"><img loading=\"lazy\" decoding=\"async\" width=\"1024\" height=\"1024\" src=\"https:\/\/ayaneo.co\/wp-content\/uploads\/2025\/01\/AYANEO-POCKET-EVO-MARKETING-DONE-12-1024x1024-1.jpg\" alt=\"Vergleich der wei&#xDF;en und schwarzen AYANEO Pocket EVO Modelle in der Seitenansicht. Hervorzuheben sind die ultraschlanke Dicke von 17 mm und das geringe Gewicht von 478 g im Vergleich zu anderen Handheld-Ger&#xE4;ten.\" class=\"wp-image-37447\" srcset=\"https:\/\/ayaneo.co\/wp-content\/uploads\/2025\/01\/AYANEO-POCKET-EVO-MARKETING-DONE-12-1024x1024-1.jpg 1024w, https:\/\/ayaneo.co\/wp-content\/uploads\/2025\/01\/AYANEO-POCKET-EVO-MARKETING-DONE-12-1024x1024-1-300x300.jpg 300w, https:\/\/ayaneo.co\/wp-content\/uploads\/2025\/01\/AYANEO-POCKET-EVO-MARKETING-DONE-12-1024x1024-1-150x150.jpg 150w, https:\/\/ayaneo.co\/wp-content\/uploads\/2025\/01\/AYANEO-POCKET-EVO-MARKETING-DONE-12-1024x1024-1-768x768.jpg 768w, https:\/\/ayaneo.co\/wp-content\/uploads\/2025\/01\/AYANEO-POCKET-EVO-MARKETING-DONE-12-1024x1024-1-65x65.jpg 65w, https:\/\/ayaneo.co\/wp-content\/uploads\/2025\/01\/AYANEO-POCKET-EVO-MARKETING-DONE-12-1024x1024-1-990x990.jpg 990w, https:\/\/ayaneo.co\/wp-content\/uploads\/2025\/01\/AYANEO-POCKET-EVO-MARKETING-DONE-12-1024x1024-1-441x441.jpg 441w, https:\/\/ayaneo.co\/wp-content\/uploads\/2025\/01\/AYANEO-POCKET-EVO-MARKETING-DONE-12-1024x1024-1-100x100.jpg 100w, https:\/\/ayaneo.co\/wp-content\/uploads\/2025\/01\/AYANEO-POCKET-EVO-MARKETING-DONE-12-1024x1024-1-600x600.jpg 600w\" sizes=\"(max-width: 1024px) 100vw, 1024px\" \/><\/a><\/figure>\n<\/div>\n\n\n\n<div class=\"wp-block-column is-layout-flow wp-block-column-is-layout-flow\">\n<figure class=\"wp-block-image size-full\"><a href=\"https:\/\/ayaneo.co\/wp-content\/uploads\/2025\/01\/AYANEO-POCKET-EVO-MARKETING-DONE-27-1024x1024-1.jpg\"><img loading=\"lazy\" decoding=\"async\" width=\"1024\" height=\"1024\" src=\"https:\/\/ayaneo.co\/wp-content\/uploads\/2025\/01\/AYANEO-POCKET-EVO-MARKETING-DONE-27-1024x1024-1.jpg\" alt=\"AYASpace und AYAHome Launcher-Oberfl&#xE4;che, die anpassbare Leistungsmodi, eine optimierte Verwaltung der Spielebibliothek und ein nahtloses Benutzererlebnis auf dem AYANEO Pocket EVO bietet.\" class=\"wp-image-37448\" srcset=\"https:\/\/ayaneo.co\/wp-content\/uploads\/2025\/01\/AYANEO-POCKET-EVO-MARKETING-DONE-27-1024x1024-1.jpg 1024w, https:\/\/ayaneo.co\/wp-content\/uploads\/2025\/01\/AYANEO-POCKET-EVO-MARKETING-DONE-27-1024x1024-1-300x300.jpg 300w, https:\/\/ayaneo.co\/wp-content\/uploads\/2025\/01\/AYANEO-POCKET-EVO-MARKETING-DONE-27-1024x1024-1-150x150.jpg 150w, https:\/\/ayaneo.co\/wp-content\/uploads\/2025\/01\/AYANEO-POCKET-EVO-MARKETING-DONE-27-1024x1024-1-768x768.jpg 768w, https:\/\/ayaneo.co\/wp-content\/uploads\/2025\/01\/AYANEO-POCKET-EVO-MARKETING-DONE-27-1024x1024-1-65x65.jpg 65w, https:\/\/ayaneo.co\/wp-content\/uploads\/2025\/01\/AYANEO-POCKET-EVO-MARKETING-DONE-27-1024x1024-1-990x990.jpg 990w, https:\/\/ayaneo.co\/wp-content\/uploads\/2025\/01\/AYANEO-POCKET-EVO-MARKETING-DONE-27-1024x1024-1-441x441.jpg 441w, https:\/\/ayaneo.co\/wp-content\/uploads\/2025\/01\/AYANEO-POCKET-EVO-MARKETING-DONE-27-1024x1024-1-100x100.jpg 100w, https:\/\/ayaneo.co\/wp-content\/uploads\/2025\/01\/AYANEO-POCKET-EVO-MARKETING-DONE-27-1024x1024-1-600x600.jpg 600w\" sizes=\"(max-width: 1024px) 100vw, 1024px\" \/><\/a><\/figure>\n<\/div>\n<\/div>\n\n<h2 class=\"wp-block-heading\"><strong>Akku und zus\u00e4tzliche Funktionen<\/strong><\/h2>\n\n<p>Das Pocket EVO wird von einem <strong>8600mAh-Akku<\/strong> mit <strong>PD-Schnellladeunterst\u00fctzung<\/strong> betrieben (Ladeger\u00e4t nicht im Lieferumfang enthalten). Seine kompakten Abmessungen von <strong>260,5 x 100 x 17 mm<\/strong> (33,9 mm Griffst\u00e4rke) und sein geringes Gewicht von <strong>478 g<\/strong> machen es \u00e4u\u00dferst tragbar. <\/p>\n\n<p>Weitere Merkmale sind:<\/p>\n\n<ul class=\"wp-block-list\">\n<li><strong>AYASpace System<\/strong> und <strong>AYAHome Launcher<\/strong> f\u00fcr nahtlose Navigation<\/li>\n\n\n\n<li>Fortschrittliches K\u00fchlsystem zur Aufrechterhaltung der Leistung<\/li>\n<\/ul>\n\n<hr class=\"wp-block-separator has-alpha-channel-opacity\"\/>\n\n<p>Der AYANEO Pocket EVO ist ein Meisterwerk der Technik und des Designs und bietet Gamern ein erstklassiges Handheld-Erlebnis. Egal, ob Sie zu Hause oder unterwegs sind, das Pocket EVO bietet Leistung und Tragbarkeit ohne Kompromisse. <\/p>\n\n<figure class=\"wp-block-image size-full\"><a href=\"https:\/\/ayaneo.co\/wp-content\/uploads\/2025\/01\/AYANEO-POCKET-EVO-MARKETING-DONE-30-1024x1024-1.jpg\"><img loading=\"lazy\" decoding=\"async\" width=\"1024\" height=\"1024\" src=\"https:\/\/ayaneo.co\/wp-content\/uploads\/2025\/01\/AYANEO-POCKET-EVO-MARKETING-DONE-30-1024x1024-1.jpg\" alt=\"Die technischen Daten des AYANEO Pocket EVO mit Details wie der Snapdragon G3x Gen 2 Plattform, dem 7-Zoll 1080p OLED HDR 120Hz Bildschirm, dem ergonomischen Design und der 8600mAh Akkukapazit&#xE4;t.\" class=\"wp-image-37449\" srcset=\"https:\/\/ayaneo.co\/wp-content\/uploads\/2025\/01\/AYANEO-POCKET-EVO-MARKETING-DONE-30-1024x1024-1.jpg 1024w, https:\/\/ayaneo.co\/wp-content\/uploads\/2025\/01\/AYANEO-POCKET-EVO-MARKETING-DONE-30-1024x1024-1-300x300.jpg 300w, https:\/\/ayaneo.co\/wp-content\/uploads\/2025\/01\/AYANEO-POCKET-EVO-MARKETING-DONE-30-1024x1024-1-150x150.jpg 150w, https:\/\/ayaneo.co\/wp-content\/uploads\/2025\/01\/AYANEO-POCKET-EVO-MARKETING-DONE-30-1024x1024-1-768x768.jpg 768w, https:\/\/ayaneo.co\/wp-content\/uploads\/2025\/01\/AYANEO-POCKET-EVO-MARKETING-DONE-30-1024x1024-1-65x65.jpg 65w, https:\/\/ayaneo.co\/wp-content\/uploads\/2025\/01\/AYANEO-POCKET-EVO-MARKETING-DONE-30-1024x1024-1-990x990.jpg 990w, https:\/\/ayaneo.co\/wp-content\/uploads\/2025\/01\/AYANEO-POCKET-EVO-MARKETING-DONE-30-1024x1024-1-441x441.jpg 441w, https:\/\/ayaneo.co\/wp-content\/uploads\/2025\/01\/AYANEO-POCKET-EVO-MARKETING-DONE-30-1024x1024-1-100x100.jpg 100w, https:\/\/ayaneo.co\/wp-content\/uploads\/2025\/01\/AYANEO-POCKET-EVO-MARKETING-DONE-30-1024x1024-1-600x600.jpg 600w\" sizes=\"(max-width: 1024px) 100vw, 1024px\" \/><\/a><\/figure>\n","protected":false},"excerpt":{"rendered":"<ul>\n<li>Prozessor: Qualcomm <strong>Snapdragon G3x Gen 2<\/strong><\/li>\n<li>Display: <strong>7-Zoll OLED<\/strong>, 1920&#215;1080 Aufl\u00f6sung<\/li>\n<li>RAM: Bis zu <strong>12GB<\/strong> LPDDR5X @ <strong>8533 MT\/s<\/strong><\/li>\n<li>Speicherplatz: Bis zu <strong>256GB<\/strong> UFS<\/li>\n<li>Konnektivit\u00e4t: Wi-Fi <strong>6E<\/strong> &amp; Bluetooth <strong>5.3<\/strong><\/li>\n<\/ul>\n<p><img loading=\"lazy\" decoding=\"async\" src=\"https:\/\/ayaneo.co\/wp-content\/uploads\/2025\/01\/EVO-FREE-GIFTS-NEW.png\" alt=\"Werbebanner mit Gratiszugaben beim Kauf des AYANEO Pocket EVO, einschlie\u00dflich einer Schutzh\u00fclle und einer Displayschutzfolie. Die Farbe der H\u00fclle ist auf das Ger\u00e4t abgestimmt und die Artikel werden automatisch dem Warenkorb hinzugef\u00fcgt. Das Banner zeigt Bilder des Ger\u00e4ts, schwarze und wei\u00dfe Schutzh\u00fcllen und eine Bildschirmschutzfolie.\" width=\"550\" height=\"140\" class=\"alignnone size-full wp-image-11050\" srcset=\"https:\/\/ayaneo.co\/wp-content\/uploads\/2025\/01\/EVO-FREE-GIFTS-NEW.png 550w, https:\/\/ayaneo.co\/wp-content\/uploads\/2025\/01\/EVO-FREE-GIFTS-NEW-300x76.png 300w, https:\/\/ayaneo.co\/wp-content\/uploads\/2025\/01\/EVO-FREE-GIFTS-NEW-441x112.png 441w, https:\/\/ayaneo.co\/wp-content\/uploads\/2025\/01\/EVO-FREE-GIFTS-NEW-150x38.png 150w\" sizes=\"(max-width: 550px) 100vw, 550px\" \/><\/p>\n[cg_accordion title=\"INFO ZUR BEZAHLUNG\"]<\/p>\n<p>Wir verwenden die neueste Technologie in der Zahlungsabwicklung, die es Ihnen erm\u00f6glicht, \u00fcber Apple Pay, Google Pay, Ihre Debit-\/Kreditkarte, PayPal oder BNPL-Methoden wie Klarna, Affirm oder AfterPay schnell und sicher zu bezahlen.[\/cg_accordion]\n[cg_accordion title=\"GARANTIE\"]<\/p>\n<p>1 Jahr Garantie von <a href=\"https:\/\/droix.net\/\" target=\"_blank\" rel=\"nofollow noopener\">DROIX Global<\/a> f\u00fcr Ihren Seelenfrieden[\/cg_accordion]\n[cg_accordion title=\"QUALIT\u00c4TSSICHERUNG &amp; TESTS VOR DER AUSLIEFERUNG\"]<\/p>\n<p>Sicherstellung der Kundenzufriedenheit auf h\u00f6chstem Niveau: Jedes Ger\u00e4t wird vor der Auslieferung strengen Tests und einer mehrstufigen Qualit\u00e4tskontrolle unterzogen. Unser engagiertes Team pr\u00fcft die Leistung, Funktionalit\u00e4t und Integrit\u00e4t der Komponenten, um zu gew\u00e4hrleisten, dass Ihr AYANEO Ger\u00e4t bei der Ankunft in einwandfreiem Zustand ist und Sie sich darauf verlassen k\u00f6nnen. [\/cg_accordion]\n[cg_accordion title=\"PREISE, STEUERN UND VERSAND\"]<\/p>\n<p><strong><u>Anmerkung:<\/u><\/strong><\/p>\n<ul>\n<li>Kunden aus den Vereinigten Staaten: Der angezeigte Preis enth\u00e4lt KEINE STEUERN oder Z\u00f6lle. Die Verantwortung f\u00fcr die Zollabfertigung und die Zahlung aller damit verbundenen Steuern und Abgaben liegt beim Kunden. <\/li>\n<li>EU-Kunden: Der angezeigte Preis enth\u00e4lt die anwendbare STEUER, die je nach Land bis zu 25% betragen kann.<\/li>\n<li>Kunden aus Kanada: Der angezeigte Preis enth\u00e4lt die anfallenden Steuern, die je nach Provinz 5% GST und zus\u00e4tzliche Provincial Sales Taxes (PST), Harmonized Sales Tax (HST) oder Quebec Sales Tax (QST) umfassen k\u00f6nnen.<\/li>\n<\/ul>\n<p>F\u00fcr unsere Kunden in den USA: Die Bestellungen werden DAP (Delivered At Place) versandt. Obwohl die Kunden f\u00fcr die Zahlung aller anfallenden Geb\u00fchren verantwortlich sind, nutzen wir unsere umfangreiche Erfahrung im Versand aus Gro\u00dfbritannien, um sicherzustellen, dass Sie so wenig wie m\u00f6glich bezahlen. Nach unseren Aufzeichnungen betragen diese Geb\u00fchren in der Regel nicht mehr als 10% des Artikelwerts.  <\/p>\n<p><strong>NUR f\u00fcr EU-Kunden:<\/strong> Express DDP (Delivered Duty Paid). Dies bedeutet: <\/p>\n<ul>\n<li>Alle Z\u00f6lle und Steuern sind in dem auf der Produktseite angegebenen Preis enthalten.<\/li>\n<li>Sie m\u00fcssen bei der Lieferung keine zus\u00e4tzlichen Geb\u00fchren zahlen.<\/li>\n<li>Im seltenen Fall von Zollproblemen \u00fcbernimmt unser Team die Zollabfertigung in Ihrem Namen, um eine reibungslose Lieferung zu gew\u00e4hrleisten.<\/li>\n<p>Wichtige Informationen \u00fcber R\u00fccksendungen:<\/p>\n<li>Wenn Sie sich entscheiden, Ihre Bestellung zur\u00fcckzusenden oder eine R\u00fcckerstattung zu beantragen, beachten Sie bitte, dass Steuern und Abgaben, die im Rahmen von DDP in Ihrem Namen gezahlt wurden, nicht erstattet werden k\u00f6nnen.<\/li>\n<p>Detaillierte Informationen finden Sie in unseren <a href=\"https:\/\/ayaneo.co\/de\/allgemeine-geschaeftsbedingungen\/\" target=\"_blank\" rel=\"nofollow noopener\">Allgemeinen Gesch\u00e4ftsbedingungen<\/a>.\n<\/ul>\n<p>[\/cg_accordion]\n[cg_accordion title=\"KUNDENBETREUUNG\"]<\/p>\n<p>Haben Sie eine Frage? Wir sind nur eine kurze SMS davon entfernt, Ihr Problem zu l\u00f6sen! [\/cg_accordion]\n[cg_accordion title=\"PAKET ENTH\u00c4LT\"]<\/p>\n<ul>\n<li>1x AYANEO Pocket EVO<\/li>\n<li>1x USB Typ-C Kabel<\/li>\n<li>1x Benutzerhandbuch<\/li>\n<\/ul>\n<p>[\/cg_accordion]\n","protected":false},"featured_media":7061,"template":"","meta":{"_acf_changed":false},"product_brand":[],"product_cat":[355],"product_tag":[],"class_list":{"0":"post-6869","1":"product","2":"type-product","3":"status-publish","4":"has-post-thumbnail","6":"product_cat-android-gaming-handheld-de","7":"product_shipping_class-premium","8":"pa_brand-ayaneo","9":"pa_graphics-gpu-model-adreno-a32","10":"pa_operating-system-android-13","11":"pa_processor-cpu-brand-qualcomm","13":"first","14":"instock","15":"taxable","16":"shipping-taxable","17":"purchasable","18":"product-type-variable","19":"has-default-attributes"},"acf":[],"_links":{"self":[{"href":"https:\/\/ayaneo.co\/de\/wp-json\/wp\/v2\/product\/6869","targetHints":{"allow":["GET"]}}],"collection":[{"href":"https:\/\/ayaneo.co\/de\/wp-json\/wp\/v2\/product"}],"about":[{"href":"https:\/\/ayaneo.co\/de\/wp-json\/wp\/v2\/types\/product"}],"wp:featuredmedia":[{"embeddable":true,"href":"https:\/\/ayaneo.co\/de\/wp-json\/wp\/v2\/media\/7061"}],"wp:attachment":[{"href":"https:\/\/ayaneo.co\/de\/wp-json\/wp\/v2\/media?parent=6869"}],"wp:term":[{"taxonomy":"product_brand","embeddable":true,"href":"https:\/\/ayaneo.co\/de\/wp-json\/wp\/v2\/product_brand?post=6869"},{"taxonomy":"product_cat","embeddable":true,"href":"https:\/\/ayaneo.co\/de\/wp-json\/wp\/v2\/product_cat?post=6869"},{"taxonomy":"product_tag","embeddable":true,"href":"https:\/\/ayaneo.co\/de\/wp-json\/wp\/v2\/product_tag?post=6869"}],"curies":[{"name":"wp","href":"https:\/\/api.w.org\/{rel}","templated":true}]}}