{"id":7405,"date":"2025-01-20T12:04:53","date_gmt":"2025-01-20T12:04:53","guid":{"rendered":"https:\/\/ayaneo.co\/?post_type=product&#038;p=7405"},"modified":"2025-04-11T12:12:00","modified_gmt":"2025-04-11T12:12:00","slug":"aya-neo-slide-copy","status":"publish","type":"product","link":"https:\/\/ayaneo.co\/de\/product\/aya-neo-slide-copy\/","title":{"rendered":"AYANEO N\u00c4CHSTES"},"content":{"rendered":"\n<figure class=\"wp-block-image\"><img decoding=\"async\" src=\"https:\/\/droix.net\/wp-content\/uploads\/2022\/01\/product-overview-1024x584.png\" alt=\"\" title=\"AYA NEO NEXT 1\"\/><\/figure>\n\n<h2 class=\"wp-block-heading\">AMD Ryzen Zen 3 Konsole<\/h2>\n\n<p>Bis zu 4,5Ghz Rohleistung<\/p>\n\n<p>Wenn es um Rechenleistung geht, ist der AYANEO Next PC Gaming Handheld kein Spielverderber auf der Couch.<\/p>\n\n<p>Die &#8222;Pferdest\u00e4rken&#8220; werden von einem AMD Ryzen 7 5825U Prozessor bereitgestellt, der auf der neuesten ZEN 3 Architektur basiert. Dies sorgt f\u00fcr ein reibungsloses Spielerlebnis bei minimalem Akkuverbrauch. Die Ryzen 7 APU im AYANEO Next basiert auf der 7nm FinFET-Lithographie von TSMC  <\/p>\n\n<p>Der 5825U Ryzen 7 Prozessor ist ein Octa-Core-Prozessor mit 16 Threads in der Ausf\u00fchrung. Er kann im Leerlauf mit 2,0 GHz arbeiten und bei starker Belastung auf bis zu 4,5 GHz hochfahren. In Verbindung mit der AYA Space Software k\u00f6nnen Sie die TDP des AYANEO Next Handheld auf bis zu 32W konfigurieren, um noch mehr Leistung zu erhalten.  <\/p>\n\n<p>Ihre Spiele werden im Vergleich zu den PC-Spielkonsolen der neuesten Generation erheblich schneller sein.  <\/p>\n\n<p>Zur Unterst\u00fctzung der Rechenleistung sind 16 GB Dual-Channel LPDDR4x RAM an Bord, die mit den st\u00e4ndig wachsenden Systemanforderungen Schritt halten k\u00f6nnen. Apropos Systemanforderungen: Es gibt zwei Speicheroptionen: 1TB und 2TB - damit haben Sie genug Platz f\u00fcr die neuesten PC-Spiele. (Ich schaue Sie an, Call of Duty) j  <\/p>\n\n<figure class=\"wp-block-image\"><img decoding=\"async\" src=\"https:\/\/droix.net\/wp-content\/uploads\/elementor\/thumbs\/processor-q8z5das1ql6n9ve6zhwvyxoict8wyvevo2ttgvwkqo.png\" alt=\"Prozessor\" title=\"Prozessor\"\/><\/figure>\n\n<h2 class=\"wp-block-heading\">AYANEO N\u00e4chster AMD-GPU<\/h2>\n\n<p>Spielen Sie die neuesten AAA-Spiele<\/p>\n\n<p>Die AMD-Grafik des AYANEO Next ist perfekt f\u00fcr das Spielen unterwegs. In der Gaming-Community ist bekannt, dass AMD besondere Anstrengungen in die Integration und Kompatibilit\u00e4t mit den neuesten Spielen auf dem Markt steckt. <\/p>\n\n<p>Der Grafikchipsatz im AYANEO Next ist in Benchmarks 17% schneller als die AMD-Grafik der alten Generation. Gepaart mit der AYA Space Software, mit der Sie die TDP Ihrer Konsole steuern k\u00f6nnen, und der gro\u00dfartigen K\u00fchll\u00f6sung, ist die AYANEO Next ein Gaming-Biest. <\/p>\n\n<h2 class=\"wp-block-heading\">Mutig und hell<\/h2>\n\n<p>7\u2033 H-IPS Display<\/p>\n\n<p>Beim Spielen sind Geschwindigkeit und FPS nicht alles (ok, sie machen etwa 90% des Erlebnisses aus), aber das Medium, \u00fcber das Sie das Erlebnis aufnehmen, ist sehr wichtig.<\/p>\n\n<p>Aus diesem Grund ist das AYANEO Next mit einem wundersch\u00f6nen 1280*800 H-IPS Touchscreen-Display ausgestattet.<\/p>\n\n<figure class=\"wp-block-image\"><img decoding=\"async\" src=\"https:\/\/droix.net\/wp-content\/uploads\/2022\/01\/AYANEO-NEXT-BRIGHT-WHITE-MARKETING-PICTURE-2-scaled.jpg\" alt=\"AYANEO-NEUES-HELLES-WEISSES-MARKETING-BILD-2\" title=\"AYA NEO NEXT 2\"\/><\/figure>\n\n<figure class=\"wp-block-image\"><img decoding=\"async\" src=\"https:\/\/droix.net\/wp-content\/uploads\/2022\/01\/AYANEO-NEXT-JET-BLACK-MARKETING-PICTURE-2-scaled.jpg\" alt=\"AYANEO-NEXT-JET-SCHWARZ-MARKETING-BILD-2\" title=\"AYA NEO NEXT 3\"\/><\/figure>\n\n<figure class=\"wp-block-image\"><img decoding=\"async\" src=\"https:\/\/droix.net\/wp-content\/uploads\/2022\/01\/AYANEO-NEXT-MIDNIGHT-BLUE-MARKETING-PICTURE-4-scaled.jpg\" alt=\"AYANEO-NEXT-MIDNIGHT-BLUE-MARKETING-PICTURE-4\" title=\"AYA NEO NEXT 4\"\/><\/figure>\n\n<figure class=\"wp-block-image\"><img decoding=\"async\" src=\"https:\/\/droix.net\/wp-content\/uploads\/2022\/01\/AYANEO-NEXT-PASTEL-BLUE-MARKETING-PICTURE-7-scaled.jpg\" alt=\"AYANEO-NEUES-PASTELL-BLAUES-MARKETING-BILD-7\" title=\"AYA NEO NEXT 5\"\/><\/figure>\n\n<h2 class=\"wp-block-heading\">Spiele A-Z<\/h2>\n\n<p>Der AYANEO Next PC Gaming Handheld ist mit der besten Hardware ausgestattet, um Ihre Gaming-Sessions so komfortabel wie m\u00f6glich zu gestalten.<\/p>\n\n<figure class=\"wp-block-image\"><img decoding=\"async\" src=\"https:\/\/droix.net\/wp-content\/uploads\/2022\/01\/high-quality-build.png\" alt=\"\" title=\"AYA NEO NEXT 6\"\/><\/figure>\n\n<figure class=\"wp-block-image\"><img decoding=\"async\" src=\"https:\/\/droix.net\/wp-content\/uploads\/2022\/01\/shoulder-buttons.png\" alt=\"\" title=\"AYA NEO NEXT 7\"\/><\/figure>\n\n<figure class=\"wp-block-image\"><img decoding=\"async\" src=\"https:\/\/droix.net\/wp-content\/uploads\/2022\/01\/fingerprint.png\" alt=\"\" title=\"AYA NEO NEXT 8\"\/><\/figure>\n","protected":false},"excerpt":{"rendered":"<ul>\n<li>AMD\u00ae <strong>Ryzen\u2122 7 5825U<\/strong> mit AMD Radeon\u2122 Vega 8 Grafik<\/li>\n<li><strong>16GB<\/strong> Zweikanal-LPDDR4x @ 4266Mhz<\/li>\n<li><strong>2TB\/2TB<\/strong> Hochgeschwindigkeits-PCI-E NVMe SSD<\/li>\n<li><strong>7\u2033<\/strong> H-IPS Touchscreen Display<\/li>\n<li><strong>WiFi 6<\/strong> IEEE &amp; <strong>Bluetooth 5.2<\/strong> Unterst\u00fctzung<\/li>\n<\/ul>\n[cg_accordion title=\"INFO ZUR BEZAHLUNG\"]<\/p>\n<p>Wir verwenden die neueste Technologie in der Zahlungsabwicklung, die es Ihnen erm\u00f6glicht, \u00fcber Apple Pay, Google Pay, Ihre Debit-\/Kreditkarte, PayPal oder BNPL-Methoden wie Klarna, Affirm oder AfterPay schnell und sicher zu bezahlen.[\/cg_accordion]\n[cg_accordion title=\"GARANTIE\"]<\/p>\n<p>1 Jahr Garantie von <a href=\"https:\/\/droix.net\/\" target=\"_blank\" rel=\"nofollow noopener\">DROIX Global<\/a> f\u00fcr Ihren Seelenfrieden[\/cg_accordion]\n[cg_accordion title=\"PREISE, STEUERN UND VERSAND\"]<\/p>\n<p><strong><u>Anmerkung:<\/u><\/strong><\/p>\n<ul>\n<li>Kunden aus den Vereinigten Staaten: Der angezeigte Preis enth\u00e4lt KEINE STEUERN oder Z\u00f6lle. Die Verantwortung f\u00fcr die Zollabfertigung und die Zahlung aller damit verbundenen Steuern und Abgaben liegt beim Kunden. <\/li>\n<li>EU-Kunden: Der angezeigte Preis enth\u00e4lt die anwendbare STEUER, die je nach Land bis zu 25% betragen kann.<\/li>\n<li>Kunden aus Kanada: Der angezeigte Preis enth\u00e4lt die anfallenden Steuern, die je nach Provinz 5% GST und zus\u00e4tzliche Provincial Sales Taxes (PST), Harmonized Sales Tax (HST) oder Quebec Sales Tax (QST) umfassen k\u00f6nnen.<\/li>\n<\/ul>\n<p><strong>NUR f\u00fcr EU-Kunden:<\/strong> Express DDP (Delivered Duty Paid). Dies bedeutet: <\/p>\n<ul>\n<li>Alle Z\u00f6lle und Steuern sind in dem auf der Produktseite angegebenen Preis enthalten.<\/li>\n<li>Sie m\u00fcssen bei der Lieferung keine zus\u00e4tzlichen Geb\u00fchren zahlen.<\/li>\n<li>Im seltenen Fall von Zollproblemen \u00fcbernimmt unser Team die Zollabfertigung in Ihrem Namen, um eine reibungslose Lieferung zu gew\u00e4hrleisten.<\/li>\n<p>Wichtige Informationen \u00fcber R\u00fccksendungen:<\/p>\n<li>Wenn Sie sich entscheiden, Ihre Bestellung zur\u00fcckzusenden oder eine R\u00fcckerstattung zu beantragen, beachten Sie bitte, dass Steuern und Abgaben, die im Rahmen von DDP in Ihrem Namen gezahlt wurden, nicht erstattet werden k\u00f6nnen.<\/li>\n<p>Detaillierte Informationen finden Sie in unseren <a href=\"https:\/\/ayaneo.co\/terms-of-service-2\/\" target=\"_blank\" rel=\"nofollow noopener\">Allgemeinen Gesch\u00e4ftsbedingungen<\/a>.\n<\/ul>\n<p>[\/cg_accordion]\n[cg_accordion title=\"KUNDENBETREUUNG\"]<\/p>\n<p>Haben Sie eine Frage? Wir sind nur eine kurze SMS davon entfernt, Ihr Problem zu l\u00f6sen!<br \/>\n[\/cg_accordion]\n[cg_accordion title=\"Das Paket enth\u00e4lt\"]<\/p>\n<ul>\n<li>1x AYANEO NEXT<\/li>\n<li>1x USB Typ-C Kabel<\/li>\n<li>1x Benutzerhandbuch<\/li>\n<\/ul>\n<p>[\/cg_accordion]\n","protected":false},"featured_media":7496,"template":"","meta":{"_acf_changed":false},"product_brand":[],"product_cat":[368],"product_tag":[],"class_list":{"0":"post-7405","1":"product","2":"type-product","3":"status-publish","4":"has-post-thumbnail","6":"product_cat-handheld-gaming-pcs-de","7":"product_shipping_class-premium","8":"pa_brand-ayaneo","9":"pa_graphics-gpu-model-radeon-graphics","10":"pa_operating-system-windows-11-home","11":"pa_processor-cpu-brand-amd","13":"first","14":"outofstock","15":"sale","16":"taxable","17":"shipping-taxable","18":"purchasable","19":"product-type-variable","20":"has-default-attributes"},"acf":[],"_links":{"self":[{"href":"https:\/\/ayaneo.co\/de\/wp-json\/wp\/v2\/product\/7405","targetHints":{"allow":["GET"]}}],"collection":[{"href":"https:\/\/ayaneo.co\/de\/wp-json\/wp\/v2\/product"}],"about":[{"href":"https:\/\/ayaneo.co\/de\/wp-json\/wp\/v2\/types\/product"}],"wp:featuredmedia":[{"embeddable":true,"href":"https:\/\/ayaneo.co\/de\/wp-json\/wp\/v2\/media\/7496"}],"wp:attachment":[{"href":"https:\/\/ayaneo.co\/de\/wp-json\/wp\/v2\/media?parent=7405"}],"wp:term":[{"taxonomy":"product_brand","embeddable":true,"href":"https:\/\/ayaneo.co\/de\/wp-json\/wp\/v2\/product_brand?post=7405"},{"taxonomy":"product_cat","embeddable":true,"href":"https:\/\/ayaneo.co\/de\/wp-json\/wp\/v2\/product_cat?post=7405"},{"taxonomy":"product_tag","embeddable":true,"href":"https:\/\/ayaneo.co\/de\/wp-json\/wp\/v2\/product_tag?post=7405"}],"curies":[{"name":"wp","href":"https:\/\/api.w.org\/{rel}","templated":true}]}}