{"id":8886,"date":"2025-02-10T12:11:02","date_gmt":"2025-02-10T12:11:02","guid":{"rendered":"https:\/\/ayaneo.co\/?post_type=product&#038;p=8886"},"modified":"2025-12-02T18:22:19","modified_gmt":"2025-12-02T18:22:19","slug":"ayaneo-3","status":"publish","type":"product","link":"https:\/\/ayaneo.co\/de\/product\/ayaneo-3\/","title":{"rendered":"AYANEO 3"},"content":{"rendered":"\n<figure class=\"wp-block-video\"><video height=\"360\" style=\"aspect-ratio: 640 \/ 360;\" width=\"640\" controls=\"\" poster=\"https:\/\/ayaneo.co\/wp-content\/uploads\/2025\/02\/maxresdefault-1.jpg\" src=\"https:\/\/ayaneo.co\/wp-content\/uploads\/2025\/02\/videoplayback-1.mp4\"><\/video><\/figure>\n\n<div class=\"wp-block-columns is-layout-flex wp-container-core-columns-is-layout-28f84493 wp-block-columns-is-layout-flex\">\n<div class=\"wp-block-column is-layout-flow wp-block-column-is-layout-flow\">\n<p>Wir stellen die AYANEO 3 vor, die weltweit erste modulare Handheld-Gaming-Konsole, die tragbare Spiele mit unvergleichlicher Anpassungsf\u00e4higkeit und Leistung neu definiert. Die AYANEO 3 wurde f\u00fcr Gamer entwickelt, die ein individuelles Spielerlebnis suchen. Sie bietet innovative Funktionen und erstklassige Spezifikationen, um sowohl Gelegenheits- als auch Hardcore-Gaming-Enthusiasten anzusprechen. <\/p>\n\n\n\n<h2 class=\"wp-block-heading\"><strong>Innovatives modulares Design<\/strong><\/h2>\n\n\n\n<p>Der AYANEO 3 ist ein bahnbrechendes modulares Controllersystem, das es dem Benutzer erm\u00f6glicht, Controllermodule frei zu kombinieren und an seine Spielvorlieben anzupassen. Mit den abnehmbaren und austauschbaren ABXY-Tasten k\u00f6nnen Spieler bis zu 56 einzigartige Layout-Kombinationen konfigurieren, die optimalen Komfort und Kontrolle f\u00fcr jedes Spielgenre gew\u00e4hrleisten. Zu den Modulen geh\u00f6ren Standard-Joystick-Setups, Touchpad-Module f\u00fcr verbessertes FPS-Gameplay und Sechs-Tasten-Kampfmodule f\u00fcr pr\u00e4zise    <\/p>\n<\/div>\n<\/div>\n\n<div class=\"wp-block-columns is-layout-flex wp-container-core-columns-is-layout-28f84493 wp-block-columns-is-layout-flex\">\n<div class=\"wp-block-column is-layout-flow wp-block-column-is-layout-flow\" style=\"flex-basis:33.33%\">\n<figure class=\"wp-block-image size-full\"><a href=\"https:\/\/ayaneo.co\/wp-content\/uploads\/2025\/02\/4-1-1024x1024-1.jpg\"><img fetchpriority=\"high\" decoding=\"async\" width=\"1024\" height=\"1024\" src=\"https:\/\/ayaneo.co\/wp-content\/uploads\/2025\/02\/4-1-1024x1024-1.jpg\" alt=\"OLED-Display:&#10;Das OLED-Display verf&#xFC;gt &#xFC;ber eine schnelle Bildwiederholfrequenz von 144 Hz, die f&#xFC;r au&#xDF;ergew&#xF6;hnlich fl&#xFC;ssige und ruckelfreie Bewegungen in Spielen sorgt und Unsch&#xE4;rfen reduziert. Mit einer Helligkeit von 800 nits liefert es unglaublich lebendige und klare Bilder, selbst in hellen Umgebungen. Seine 110%ige DCI-P3-Farbraumabdeckung bietet ein breites Spektrum an satten, akkuraten Farben f&#xFC;r ein wirklich beeindruckendes Erlebnis. Dieses Premium-Panel ist ideal f&#xFC;r alle, die eine erstklassige visuelle Wiedergabetreue und Reaktionsf&#xE4;higkeit suchen.   &#10;&#10;LCD-Display:&#10;Das LCD-Display verf&#xFC;gt &#xFC;ber eine gleichm&#xE4;&#xDF;ige Bildwiederholfrequenz von 120 Hz f&#xFC;r ein fl&#xFC;ssiges Spielerlebnis und weniger Geisterbilder. Er bietet eine Helligkeit von 500 nits und eine 100%ige sRGB-Abdeckung, die klare und farbgetreue Bilder f&#xFC;r die meisten Inhalte gew&#xE4;hrleistet. Entscheidend ist, dass er &#xFC;ber VRR mit AMD FreeSync Premium verf&#xFC;gt, das den Bildschirm dynamisch mit der Bildwiederholfrequenz synchronisiert. Dadurch werden Bildschirmrisse und Ruckler vermieden und ein gleichbleibend fl&#xFC;ssiges und fesselndes Spielerlebnis geboten.   \" class=\"wp-image-37427\" srcset=\"https:\/\/ayaneo.co\/wp-content\/uploads\/2025\/02\/4-1-1024x1024-1.jpg 1024w, https:\/\/ayaneo.co\/wp-content\/uploads\/2025\/02\/4-1-1024x1024-1-300x300.jpg 300w, https:\/\/ayaneo.co\/wp-content\/uploads\/2025\/02\/4-1-1024x1024-1-150x150.jpg 150w, https:\/\/ayaneo.co\/wp-content\/uploads\/2025\/02\/4-1-1024x1024-1-768x768.jpg 768w, https:\/\/ayaneo.co\/wp-content\/uploads\/2025\/02\/4-1-1024x1024-1-65x65.jpg 65w, https:\/\/ayaneo.co\/wp-content\/uploads\/2025\/02\/4-1-1024x1024-1-990x990.jpg 990w, https:\/\/ayaneo.co\/wp-content\/uploads\/2025\/02\/4-1-1024x1024-1-441x441.jpg 441w, https:\/\/ayaneo.co\/wp-content\/uploads\/2025\/02\/4-1-1024x1024-1-100x100.jpg 100w, https:\/\/ayaneo.co\/wp-content\/uploads\/2025\/02\/4-1-1024x1024-1-600x600.jpg 600w\" sizes=\"(max-width: 1024px) 100vw, 1024px\" \/><\/a><\/figure>\n<\/div>\n\n\n\n<div class=\"wp-block-column is-layout-flow wp-block-column-is-layout-flow\" style=\"flex-basis:66.66%\">\n<h2 class=\"wp-block-heading\"><strong>Atemberaubende Visuals<\/strong><\/h2>\n\n\n\n<ul class=\"wp-block-list\">\n<li><strong>OLED-Display<\/strong><br\/><strong><br\/><\/strong>Das OLED-Display des AYANEO 3 ist ein 7-Zoll-Touchscreen mit einer Aufl\u00f6sung von 1080P und einem Seitenverh\u00e4ltnis von 16:9. Es verf\u00fcgt \u00fcber eine anpassbare Bildwiederholfrequenz, bei der Sie zwischen 144Hz, 120Hz, 90Hz und 60Hz w\u00e4hlen k\u00f6nnen. Dieser Bildschirm bietet eine maximale Gesamthelligkeit von 800 nits und unterst\u00fctzt HDR-Echtfarbenqualit\u00e4t f\u00fcr realistische Licht- und Schattenverh\u00e4ltnisse. Er deckt 110% der DCI-P3-Farbskala und 150% der sRGB-Farbskala ab und sorgt so f\u00fcr eine lebendige und scharfe Darstellung.   <\/li>\n\n\n\n<li><strong>LCD-Anzeige<\/strong><br\/><strong><br\/><\/strong>Bei der LCD-Display-Option handelt es sich ebenfalls um einen 7-Zoll-Touchscreen mit einer Aufl\u00f6sung von 1080P und einem Seitenverh\u00e4ltnis von 16:9. Er bietet Bildwiederholraten von 120 Hz und 60 Hz. Mit einer maximalen Gesamthelligkeit von 500 nits bietet er eine 100%ige sRGB-Abdeckung. Das LCD hat eine schnelle Reaktionszeit von 7 ms und unterst\u00fctzt VRR (Variable Refresh Rate) mit AMD FreeSync Premium, was ein klares, lebendiges und ruckelfreies Spielerlebnis garantiert. Au\u00dferdem ist es ein nativer Querformat-Bildschirm.    <\/li>\n<\/ul>\n\n\n\n<p><br\/>Die beiden Bildschirme LCD und OLED bieten ein beeindruckendes visuelles Erlebnis, bei dem die Spieler atemberaubende Grafiken in au\u00dfergew\u00f6hnlicher Klarheit genie\u00dfen k\u00f6nnen.<\/p>\n<\/div>\n<\/div>\n\n<h2 class=\"wp-block-heading has-text-align-center\"><strong>Leistungsstarke Performance<\/strong><\/h2>\n\n<p class=\"has-text-align-center\">Unter der Haube bietet das AYANEO 3 zwei leistungsstarke Prozessoroptionen:<\/p>\n\n<div class=\"wp-block-columns is-layout-flex wp-container-core-columns-is-layout-28f84493 wp-block-columns-is-layout-flex\">\n<div class=\"wp-block-column is-layout-flow wp-block-column-is-layout-flow\">\n<figure class=\"wp-block-image size-full\"><a href=\"https:\/\/ayaneo.co\/wp-content\/uploads\/2025\/02\/3-370-1-1024x1024-1.jpg\"><img decoding=\"async\" width=\"1024\" height=\"1024\" src=\"https:\/\/ayaneo.co\/wp-content\/uploads\/2025\/02\/3-370-1-1024x1024-1.jpg\" alt=\"Eine Grafik, die die &quot;Leistungsstarken Kerne, vielseitigen F&#xE4;higkeiten&quot; eines Ger&#xE4;ts mit dem Prozessor &quot;AMD Ryzen AI 9 HX 370&quot; zeigt. Auf dem Bild sind verschiedene Komponenten und Spezifikationen zu sehen: &quot;Zen5 New Zen 5 CPU&quot;, &quot;12 Kerne 24 Threads&quot;, &quot;5,1 GHz maximale Single-Core-Frequenz&quot;, &quot;AMD Radeon 890M&quot; (GPU mit &quot;RDNA 3.5 16CU 2.9GHz&quot;) und &quot;AMD XDNA 2 NPU 50TOPS.&quot; Es hebt &quot;12MB L2 + 24MB L3 High-Speed Cache&quot; hervor und weist darauf hin, dass die CPU-, GPU- und NPU-Architekturen f&#xFC;r mehr Leistung und Effizienz verbessert wurden, so dass es sich f&#xFC;r Spiele und KI-Aufgaben eignet. Ein kleiner Text am unteren Rand vergleicht ihn mit der vorherigen Generation der AMD KI-Prozessoren und erw&#xE4;hnt Verbesserungen bei der NPU-Rechenleistung, der CPU-Kernverarbeitung, der NPU-Energieeffizienz, der KI-Reaktionsgeschwindigkeit bei gro&#xDF;en Sprachmodellen und dem L3-Cache.   \" class=\"wp-image-37428\" srcset=\"https:\/\/ayaneo.co\/wp-content\/uploads\/2025\/02\/3-370-1-1024x1024-1.jpg 1024w, https:\/\/ayaneo.co\/wp-content\/uploads\/2025\/02\/3-370-1-1024x1024-1-300x300.jpg 300w, https:\/\/ayaneo.co\/wp-content\/uploads\/2025\/02\/3-370-1-1024x1024-1-150x150.jpg 150w, https:\/\/ayaneo.co\/wp-content\/uploads\/2025\/02\/3-370-1-1024x1024-1-768x768.jpg 768w, https:\/\/ayaneo.co\/wp-content\/uploads\/2025\/02\/3-370-1-1024x1024-1-65x65.jpg 65w, https:\/\/ayaneo.co\/wp-content\/uploads\/2025\/02\/3-370-1-1024x1024-1-990x990.jpg 990w, https:\/\/ayaneo.co\/wp-content\/uploads\/2025\/02\/3-370-1-1024x1024-1-441x441.jpg 441w, https:\/\/ayaneo.co\/wp-content\/uploads\/2025\/02\/3-370-1-1024x1024-1-100x100.jpg 100w, https:\/\/ayaneo.co\/wp-content\/uploads\/2025\/02\/3-370-1-1024x1024-1-600x600.jpg 600w\" sizes=\"(max-width: 1024px) 100vw, 1024px\" \/><\/a><\/figure>\n\n\n\n<p><strong>AMD Ryzen\u2122 AI 9 HX 370<\/strong>: Ausgestattet mit 12 Kernen und 24 Threads, liefert dieser Prozessor Spitzenleistung f\u00fcr anspruchsvolle AAA-Titel und Multitasking.<\/p>\n<\/div>\n\n\n\n<div class=\"wp-block-column is-layout-flow wp-block-column-is-layout-flow\">\n<figure class=\"wp-block-image size-full\"><a href=\"https:\/\/ayaneo.co\/wp-content\/uploads\/2025\/02\/3-8840u-1-1024x1024-1.jpg\"><img decoding=\"async\" width=\"1024\" height=\"1024\" src=\"https:\/\/ayaneo.co\/wp-content\/uploads\/2025\/02\/3-8840u-1-1024x1024-1.jpg\" alt=\"Eine Infografik mit dunklem Thema, die die Spezifikationen des &quot;AMD Ryzen&#x2122; 7 8840U&quot; Prozessors hervorhebt. Im oberen Bereich finden Sie Details zur CPU, GPU und NPU: &quot;Zen4 CPU&quot;, &quot;4nm&quot; Prozess, &quot;5.1GHz maximale Frequenz&quot;, &quot;AMD Radeon&#x2122; 780M&quot; Grafik mit &quot;RDNA 3 12CU 2.7GHz&quot; und &quot;AMD Ryzen&#x2122; AI NPU 16TOPS&quot;. Ein mittlerer Block zeigt den &quot;AMD Ryzen&#x2122; 7 8840U&quot; Chip und vermerkt &quot;38TOPS Gesamtleistung.&quot; Der untere Bereich enth&#xE4;lt Details zum Arbeitsspeicher und zum Speicher: &quot;LPDDR5X 7500MT\/s Arbeitsspeicher&quot; (bis zu 64 GB verf&#xFC;gbar f&#xFC;r schwere Aufgaben) und &quot;M.2 2280 PCIe 4.0 SSD&quot; (ultraschnell, Mainstream und erweiterbar).    \" class=\"wp-image-37429\" srcset=\"https:\/\/ayaneo.co\/wp-content\/uploads\/2025\/02\/3-8840u-1-1024x1024-1.jpg 1024w, https:\/\/ayaneo.co\/wp-content\/uploads\/2025\/02\/3-8840u-1-1024x1024-1-300x300.jpg 300w, https:\/\/ayaneo.co\/wp-content\/uploads\/2025\/02\/3-8840u-1-1024x1024-1-150x150.jpg 150w, https:\/\/ayaneo.co\/wp-content\/uploads\/2025\/02\/3-8840u-1-1024x1024-1-768x768.jpg 768w, https:\/\/ayaneo.co\/wp-content\/uploads\/2025\/02\/3-8840u-1-1024x1024-1-65x65.jpg 65w, https:\/\/ayaneo.co\/wp-content\/uploads\/2025\/02\/3-8840u-1-1024x1024-1-990x990.jpg 990w, https:\/\/ayaneo.co\/wp-content\/uploads\/2025\/02\/3-8840u-1-1024x1024-1-441x441.jpg 441w, https:\/\/ayaneo.co\/wp-content\/uploads\/2025\/02\/3-8840u-1-1024x1024-1-100x100.jpg 100w, https:\/\/ayaneo.co\/wp-content\/uploads\/2025\/02\/3-8840u-1-1024x1024-1-600x600.jpg 600w\" sizes=\"(max-width: 1024px) 100vw, 1024px\" \/><\/a><\/figure>\n\n\n\n<p><strong>AMD Ryzen\u2122 7 8840U<\/strong>: Ein ausgewogener Prozessor, der zuverl\u00e4ssige Leistung sowohl f\u00fcr anspruchsvolle als auch f\u00fcr gelegentliche Gaming-Sessions bietet.<\/p>\n<\/div>\n<\/div>\n\n<p>Gepaart mit bis zu 64GB LPDDR5X RAM und bis zu 4TB PCIe 4.0 SSD Speicher sorgt das AYANEO 3 f\u00fcr schnelle Ladezeiten und reichlich Platz f\u00fcr Ihre Spielebibliothek.<\/p>\n\n<h3 class=\"wp-block-heading\"><strong>Verbesserte Steuerelemente<\/strong><\/h3>\n\n<p>Erleben Sie \u00fcberlegene Kontrolle mit den fortschrittlichen Funktionen des AYANEO 3:<\/p>\n\n<div class=\"wp-block-columns is-layout-flex wp-container-core-columns-is-layout-28f84493 wp-block-columns-is-layout-flex\">\n<div class=\"wp-block-column is-layout-flow wp-block-column-is-layout-flow\">\n<figure class=\"wp-block-image size-full\"><a href=\"https:\/\/ayaneo.co\/wp-content\/uploads\/2025\/02\/Dual-Stage-Hall-Effect-Triggers-1024x1024-1.jpg\"><img loading=\"lazy\" decoding=\"async\" width=\"1024\" height=\"1024\" src=\"https:\/\/ayaneo.co\/wp-content\/uploads\/2025\/02\/Dual-Stage-Hall-Effect-Triggers-1024x1024-1.jpg\" alt=\"Eine Nahaufnahme einer Hand, die einen dunkel gef&#xE4;rbten Gaming-Controller oder ein Handheld-Ger&#xE4;t h&#xE4;lt, wobei die Taste des Schulterausl&#xF6;sers besonders hervorgehoben wird. Das Bild ist in ein blaues Licht getaucht und oben steht in wei&#xDF;er Schrift &quot;Agile Hall Triggers&quot;. \" class=\"wp-image-37430\" srcset=\"https:\/\/ayaneo.co\/wp-content\/uploads\/2025\/02\/Dual-Stage-Hall-Effect-Triggers-1024x1024-1.jpg 1024w, https:\/\/ayaneo.co\/wp-content\/uploads\/2025\/02\/Dual-Stage-Hall-Effect-Triggers-1024x1024-1-300x300.jpg 300w, https:\/\/ayaneo.co\/wp-content\/uploads\/2025\/02\/Dual-Stage-Hall-Effect-Triggers-1024x1024-1-150x150.jpg 150w, https:\/\/ayaneo.co\/wp-content\/uploads\/2025\/02\/Dual-Stage-Hall-Effect-Triggers-1024x1024-1-768x768.jpg 768w, https:\/\/ayaneo.co\/wp-content\/uploads\/2025\/02\/Dual-Stage-Hall-Effect-Triggers-1024x1024-1-65x65.jpg 65w, https:\/\/ayaneo.co\/wp-content\/uploads\/2025\/02\/Dual-Stage-Hall-Effect-Triggers-1024x1024-1-990x990.jpg 990w, https:\/\/ayaneo.co\/wp-content\/uploads\/2025\/02\/Dual-Stage-Hall-Effect-Triggers-1024x1024-1-441x441.jpg 441w, https:\/\/ayaneo.co\/wp-content\/uploads\/2025\/02\/Dual-Stage-Hall-Effect-Triggers-1024x1024-1-100x100.jpg 100w, https:\/\/ayaneo.co\/wp-content\/uploads\/2025\/02\/Dual-Stage-Hall-Effect-Triggers-1024x1024-1-600x600.jpg 600w\" sizes=\"(max-width: 1024px) 100vw, 1024px\" \/><\/a><\/figure>\n\n\n\n<h3 class=\"wp-block-heading\"><strong>Zweistufige Hall-Effekt-Trigger<\/strong> <\/h3>\n\n\n\n<p>Schalten Sie zwischen einem 7,5 mm langen Federweg f\u00fcr pr\u00e4zise Steuerung und einem 3 mm kurzen Federweg f\u00fcr schnelle Eingaben hin und her, um verschiedenen Spielszenarien gerecht zu werden.<\/p>\n<\/div>\n\n\n\n<div class=\"wp-block-column is-layout-flow wp-block-column-is-layout-flow\">\n<figure class=\"wp-block-image size-full\"><a href=\"https:\/\/ayaneo.co\/wp-content\/uploads\/2025\/02\/Magnetic-Suspension-Motor.jpg\"><img loading=\"lazy\" decoding=\"async\" width=\"1500\" height=\"1500\" src=\"https:\/\/ayaneo.co\/wp-content\/uploads\/2025\/02\/Magnetic-Suspension-Motor.jpg\" alt=\"Eine Innenansicht eines Ger&#xE4;ts, das einen &quot;Magnetic Suspension Motor&quot; zeigt. Der Motor ist ein zylindrisches Bauteil mit einem hellen blauen Leuchten in der Mitte, das sich in einer komplexen, in dunklen T&#xF6;nen gehaltenen Platine oder internen Struktur befindet. \" class=\"wp-image-37431\" srcset=\"https:\/\/ayaneo.co\/wp-content\/uploads\/2025\/02\/Magnetic-Suspension-Motor.jpg 1500w, https:\/\/ayaneo.co\/wp-content\/uploads\/2025\/02\/Magnetic-Suspension-Motor-300x300.jpg 300w, https:\/\/ayaneo.co\/wp-content\/uploads\/2025\/02\/Magnetic-Suspension-Motor-1024x1024.jpg 1024w, https:\/\/ayaneo.co\/wp-content\/uploads\/2025\/02\/Magnetic-Suspension-Motor-150x150.jpg 150w, https:\/\/ayaneo.co\/wp-content\/uploads\/2025\/02\/Magnetic-Suspension-Motor-768x768.jpg 768w, https:\/\/ayaneo.co\/wp-content\/uploads\/2025\/02\/Magnetic-Suspension-Motor-65x65.jpg 65w, https:\/\/ayaneo.co\/wp-content\/uploads\/2025\/02\/Magnetic-Suspension-Motor-990x990.jpg 990w, https:\/\/ayaneo.co\/wp-content\/uploads\/2025\/02\/Magnetic-Suspension-Motor-441x441.jpg 441w, https:\/\/ayaneo.co\/wp-content\/uploads\/2025\/02\/Magnetic-Suspension-Motor-100x100.jpg 100w, https:\/\/ayaneo.co\/wp-content\/uploads\/2025\/02\/Magnetic-Suspension-Motor-600x600.jpg 600w\" sizes=\"(max-width: 1500px) 100vw, 1500px\" \/><\/a><\/figure>\n\n\n\n<h3 class=\"wp-block-heading\"><strong>Magnetische Aufh\u00e4ngung Motor<\/strong> <\/h3>\n\n\n\n<p>Diese Funktion wurde in Zusammenarbeit mit GuliKit Technology entwickelt und unterst\u00fctzt sowohl lineare als auch Rotormotor-Vibrationsmodi, die ein realistisches und eindringliches haptisches Feedback liefern.<\/p>\n<\/div>\n\n\n\n<div class=\"wp-block-column is-layout-flow wp-block-column-is-layout-flow\">\n<figure class=\"wp-block-image size-full\"><a href=\"https:\/\/ayaneo.co\/wp-content\/uploads\/2025\/02\/Keyboard-and-Mouse-Mode-1024x1024-1.jpg\"><img loading=\"lazy\" decoding=\"async\" width=\"1024\" height=\"1024\" src=\"https:\/\/ayaneo.co\/wp-content\/uploads\/2025\/02\/Keyboard-and-Mouse-Mode-1024x1024-1.jpg\" alt=\"Die H&#xE4;nde halten ein schwarzes Handheld-Spielger&#xE4;t mit einem Bildschirm, der eine Benutzeroberfl&#xE4;che f&#xFC;r Einstellungen oder Konfiguration anzeigt. Der wei&#xDF;e Text am oberen Rand des Bildes lautet &quot;Hardware-Level Keyboard-Mouse Mode&quot; und weist auf eine Funktion des Ger&#xE4;ts hin. \" class=\"wp-image-37432\" srcset=\"https:\/\/ayaneo.co\/wp-content\/uploads\/2025\/02\/Keyboard-and-Mouse-Mode-1024x1024-1.jpg 1024w, https:\/\/ayaneo.co\/wp-content\/uploads\/2025\/02\/Keyboard-and-Mouse-Mode-1024x1024-1-300x300.jpg 300w, https:\/\/ayaneo.co\/wp-content\/uploads\/2025\/02\/Keyboard-and-Mouse-Mode-1024x1024-1-150x150.jpg 150w, https:\/\/ayaneo.co\/wp-content\/uploads\/2025\/02\/Keyboard-and-Mouse-Mode-1024x1024-1-768x768.jpg 768w, https:\/\/ayaneo.co\/wp-content\/uploads\/2025\/02\/Keyboard-and-Mouse-Mode-1024x1024-1-65x65.jpg 65w, https:\/\/ayaneo.co\/wp-content\/uploads\/2025\/02\/Keyboard-and-Mouse-Mode-1024x1024-1-990x990.jpg 990w, https:\/\/ayaneo.co\/wp-content\/uploads\/2025\/02\/Keyboard-and-Mouse-Mode-1024x1024-1-441x441.jpg 441w, https:\/\/ayaneo.co\/wp-content\/uploads\/2025\/02\/Keyboard-and-Mouse-Mode-1024x1024-1-100x100.jpg 100w, https:\/\/ayaneo.co\/wp-content\/uploads\/2025\/02\/Keyboard-and-Mouse-Mode-1024x1024-1-600x600.jpg 600w\" sizes=\"(max-width: 1024px) 100vw, 1024px\" \/><\/a><\/figure>\n\n\n\n<h3 class=\"wp-block-heading\"><strong>Tastatur- und Mausmodus<\/strong><\/h3>\n\n\n\n<p>Schalten Sie nahtlos zwischen Controller- und Tastatur-\/Mauseingaben um und erh\u00f6hen Sie so die Vielseitigkeit bei verschiedenen Spiel- und Produktivit\u00e4tsanwendungen.<\/p>\n<\/div>\n<\/div>\n\n<h3 class=\"wp-block-heading\"><strong>Immersives Audio<\/strong><\/h3>\n\n<p>Das AYANEO 3 bietet mit seinen symmetrischen HyperSound 2.0-Doppellautsprechern ein berauschendes Klangerlebnis und sorgt f\u00fcr einen klaren und kraftvollen Sound, der das Spielgeschehen noch intensiver macht.<\/p>\n\n<h3 class=\"wp-block-heading\"><strong>Benutzererfahrung<\/strong><\/h3>\n\n<p>Das AYANEO 3 l\u00e4uft auf Windows 11 und unterst\u00fctzt verschiedene Anwendungen, von anspruchsvollen AAA-Titeln bis hin zu unverzichtbaren Produktivit\u00e4ts-Tools, was es zu einem vielseitigen Begleiter f\u00fcr Arbeit und Spiel macht. Das Ger\u00e4t verf\u00fcgt \u00fcber ein ergonomisches Design mit anpassbaren Bedienelementen, die auch bei ausgedehnten Gaming-Sessions f\u00fcr Komfort sorgen. Robuste Konnektivit\u00e4tsoptionen, darunter zwei USB4-Anschl\u00fcsse und eine OCuLink-Schnittstelle f\u00fcr Hochgeschwindigkeitsverbindungen, erleichtern die nahtlose Integration in jede Umgebung.  <\/p>\n\n<h3 class=\"wp-block-heading\"><strong>Fazit<\/strong><\/h3>\n\n<p>Das AYANEO 3 setzt neue Ma\u00dfst\u00e4be im Bereich der Handheld-Spiele, indem es innovatives modulares Design mit leistungsstarker Hardware kombiniert. Die anpassbaren Bedienelemente, die atemberaubende Grafik und die leistungsstarken Verarbeitungsfunktionen machen ihn zur ultimativen Wahl f\u00fcr Spieler, die ein personalisiertes und fesselndes Spielerlebnis suchen. Machen Sie sich die Zukunft des Handheld-Gaming zu eigen mit dem AYANEO 3.  <\/p>\n","protected":false},"excerpt":{"rendered":"<ul>\n<li>AMD <strong>Ryzen\u2122 AI 9 HX 370<\/strong> \/ <strong>Ryzen\u2122 7 8840U<\/strong><\/li>\n<li>AMD Radeon <strong>890M<\/strong> \/ <strong>780M<\/strong> \/ 2900 \/ 2700 Mhz<\/li>\n<li>bis zu<strong> 64GB LPDDR5X @ 7500 MT\/s<\/strong><\/li>\n<li>bis zu<strong> 4TB<\/strong> <strong>Hochgeschwindigkeits-PCI-E<\/strong> 4.0 NVMe SSD<\/li>\n<li>WiFi <strong>6E<\/strong> &amp; Bluetooth <strong>5.3<\/strong> Unterst\u00fctzung<\/li>\n<\/ul>\n<p><img loading=\"lazy\" decoding=\"async\" class=\"alignnone size-full wp-image-12494\" src=\"https:\/\/ayaneo.co\/wp-content\/uploads\/2025\/02\/AYANEO-3-FREE-GIFTS.jpg\" alt=\"Werbebanner f\u00fcr AYANEO 3 Gratisgeschenke mit Abbildungen einer schwarzen und beigen Schutzh\u00fclle, eines Bildschirmschutzes und Daumenstiel-Griffkappen. Der Text hebt 'Gratisgeschenke' hervor, darunter eine Schutzh\u00fclle, ein Bildschirmschutz und Daumenstifte, die automatisch dem Warenkorb hinzugef\u00fcgt werden. Die Farbe der Tasche richtet sich nach dem ausgew\u00e4hlten Ger\u00e4t.\" width=\"550\" height=\"140\" srcset=\"https:\/\/ayaneo.co\/wp-content\/uploads\/2025\/02\/AYANEO-3-FREE-GIFTS.jpg 550w, https:\/\/ayaneo.co\/wp-content\/uploads\/2025\/02\/AYANEO-3-FREE-GIFTS-300x76.jpg 300w, https:\/\/ayaneo.co\/wp-content\/uploads\/2025\/02\/AYANEO-3-FREE-GIFTS-441x112.jpg 441w, https:\/\/ayaneo.co\/wp-content\/uploads\/2025\/02\/AYANEO-3-FREE-GIFTS-150x38.jpg 150w\" sizes=\"(max-width: 550px) 100vw, 550px\" \/>  [cg_accordion title=\"INFO ZUR BEZAHLUNG\"] Wir verwenden die neueste Technologie in der Zahlungsabwicklung, die es Ihnen erm\u00f6glicht, \u00fcber Apple Pay, Google Pay, Ihre Debit-\/Kreditkarte, PayPal oder BNPL-Methoden wie Klarna, Affirm oder AfterPay schnell und sicher zu bezahlen.[\/cg_accordion] [cg_accordion title=\"GARANTIE\"] 1 Jahr Garantie von <a href=\"https:\/\/droix.net\/\" target=\"_blank\" rel=\"nofollow noopener\">DROIX Global<\/a> f\u00fcr Ihren Seelenfrieden[\/cg_accordion] [cg_accordion title=\"QUALIT\u00c4TSSICHERUNG &amp; TESTS VOR DER AUSLIEFERUNG\"]  Sicherstellung der Kundenzufriedenheit auf h\u00f6chstem Niveau: Jedes Ger\u00e4t wird vor der Auslieferung strengen Tests und einer mehrstufigen Qualit\u00e4tskontrolle unterzogen. Unser engagiertes Team pr\u00fcft die Leistung, Funktionalit\u00e4t und Integrit\u00e4t der Komponenten, um zu gew\u00e4hrleisten, dass Ihr AYANEO Ger\u00e4t bei der Ankunft in einwandfreiem Zustand ist und Sie sich darauf verlassen k\u00f6nnen. [\/cg_accordion] [cg_accordion title=\"PRICING, TAXES AND SHIPPING\"] <strong><u>Anmerkung:<\/u><\/strong><\/p>\n<ul>\n<li>Kunden aus den Vereinigten Staaten: Der angezeigte Preis enth\u00e4lt KEINE STEUERN oder Z\u00f6lle. Die Verantwortung f\u00fcr die Zollabfertigung und die Zahlung aller damit verbundenen Steuern und Abgaben liegt beim Kunden. <\/li>\n<li>EU-Kunden: Der angezeigte Preis enth\u00e4lt die anwendbare STEUER, die je nach Land bis zu 25% betragen kann.<\/li>\n<li>Kunden aus Kanada: Der angezeigte Preis enth\u00e4lt die anfallenden Steuern, die je nach Provinz 5% GST und zus\u00e4tzliche Provincial Sales Taxes (PST), Harmonized Sales Tax (HST) oder Quebec Sales Tax (QST) umfassen k\u00f6nnen.<\/li>\n<\/ul>\n<p><strong>NUR f\u00fcr EU-Kunden:<\/strong> Express DDP (Delivered Duty Paid). Dies bedeutet: <\/p>\n<ul>\n<li style=\"list-style-type: none;\">\n<ul>\n<li>Alle Z\u00f6lle und Steuern sind in dem auf der Produktseite angegebenen Preis enthalten.<\/li>\n<li>Sie m\u00fcssen bei der Lieferung keine zus\u00e4tzlichen Geb\u00fchren zahlen.<\/li>\n<li>Im seltenen Fall von Zollproblemen \u00fcbernimmt unser Team die Zollabfertigung in Ihrem Namen, um eine reibungslose Lieferung zu gew\u00e4hrleisten.<\/li>\n<p>Wichtige Informationen \u00fcber R\u00fccksendungen:<\/p>\n<li>Wenn Sie sich entscheiden, Ihre Bestellung zur\u00fcckzusenden oder eine R\u00fcckerstattung zu beantragen, beachten Sie bitte, dass Steuern und Abgaben, die im Rahmen von DDP in Ihrem Namen gezahlt wurden, nicht erstattet werden k\u00f6nnen.<\/li>\n<p>Bitte beachten Sie unser<\/ul>\n<\/li>\n<\/ul>\n<p><a href=\"https:\/\/ayaneo.co\/terms-of-service-2\/\" target=\"_blank\" rel=\"nofollow noopener\">Bedingungen &amp; Konditionen<\/a><\/p>\n<ul>f\u00fcr detaillierte Informationen.<\/ul>\n<p>[\/cg_accordion] [cg_accordion title=\"KUNDENBETREUUNG\"]  Haben Sie eine Frage? Wir sind nur eine kurze SMS davon entfernt, Ihr Problem zu l\u00f6sen! [\/cg_accordion] [cg_accordion title=\"PACKAGE INCLUDES\"]<\/p>\n<ul>\n<li>1x AYANEO 3<\/li>\n<li>1x Netzstecker (EU\/US)<\/li>\n<li>1x USB Typ-C Kabel<\/li>\n<li>1x Benutzerhandbuch<\/li>\n<\/ul>\n<p>[\/cg_accordion]<\/p>\n","protected":false},"featured_media":37582,"template":"","meta":{"_acf_changed":false},"product_brand":[],"product_cat":[368],"product_tag":[399],"class_list":{"0":"post-8886","1":"product","2":"type-product","3":"status-publish","4":"has-post-thumbnail","6":"product_cat-handheld-gaming-pcs-de","7":"product_tag-pc-spiele-handheld","8":"product_shipping_class-premium","9":"pa_brand-ayaneo","10":"pa_graphics-gpu-model-ryzen-7-8840u-radeon-780m","11":"pa_graphics-gpu-model-ryzen-ai-9-hx-370-radeon-890m","12":"pa_operating-system-windows-11","13":"pa_processor-cpu-brand-amd","15":"first","16":"instock","17":"taxable","18":"shipping-taxable","19":"purchasable","20":"product-type-variable","21":"has-default-attributes"},"acf":[],"_links":{"self":[{"href":"https:\/\/ayaneo.co\/de\/wp-json\/wp\/v2\/product\/8886","targetHints":{"allow":["GET"]}}],"collection":[{"href":"https:\/\/ayaneo.co\/de\/wp-json\/wp\/v2\/product"}],"about":[{"href":"https:\/\/ayaneo.co\/de\/wp-json\/wp\/v2\/types\/product"}],"wp:featuredmedia":[{"embeddable":true,"href":"https:\/\/ayaneo.co\/de\/wp-json\/wp\/v2\/media\/37582"}],"wp:attachment":[{"href":"https:\/\/ayaneo.co\/de\/wp-json\/wp\/v2\/media?parent=8886"}],"wp:term":[{"taxonomy":"product_brand","embeddable":true,"href":"https:\/\/ayaneo.co\/de\/wp-json\/wp\/v2\/product_brand?post=8886"},{"taxonomy":"product_cat","embeddable":true,"href":"https:\/\/ayaneo.co\/de\/wp-json\/wp\/v2\/product_cat?post=8886"},{"taxonomy":"product_tag","embeddable":true,"href":"https:\/\/ayaneo.co\/de\/wp-json\/wp\/v2\/product_tag?post=8886"}],"curies":[{"name":"wp","href":"https:\/\/api.w.org\/{rel}","templated":true}]}}