{"id":2283,"date":"2023-03-11T09:26:01","date_gmt":"2023-03-11T09:26:01","guid":{"rendered":"https:\/\/ayaneo.co\/politica-de-privacidad\/"},"modified":"2024-11-07T15:58:57","modified_gmt":"2024-11-07T15:58:57","slug":"politica-de-privacidad","status":"publish","type":"page","link":"https:\/\/ayaneo.co\/es\/politica-de-privacidad\/","title":{"rendered":"Pol\u00edtica de privacidad"},"content":{"rendered":"\n<p>La siguiente Pol\u00edtica de Privacidad debe tomarse en concordancia con (Emparejada con), \u00abcomo una\u00bb con los <a href=\"https:\/\/ayaneo.co.uk\/terms-of-service\/\" target=\"_blank\" rel=\"noreferrer noopener\">T\u00e9rminos y Condiciones<\/a>, la <a href=\"https:\/\/ayaneo.co.uk\/refund_returns\/\" target=\"_blank\" rel=\"noreferrer noopener\">Pol\u00edtica de Devoluciones y Reembolsos<\/a> y la <a href=\"https:\/\/ayaneo.co.uk\/cookies-policy\/\" target=\"_blank\" rel=\"noreferrer noopener\">Pol\u00edtica de Cookies<\/a>.<\/p>\n\n<ol class=\"wp-block-list\">\n<li>Estas condiciones de venta se aplican a todos los productos suministrados por DroiX US Corp (el Proveedor).\n<ol class=\"wp-block-list\">\n<li>En el contrato establecido, las referencias son a: Nosotros (DroiX US Corp) somos el Proveedor, y t\u00fa (el Cliente)<\/li>\n<\/ol>\n<\/li>\n<\/ol>\n\n<h2 class=\"wp-block-heading\" id=\"h-navigation\">Navegaci\u00f3n<\/h2>\n\n<ul class=\"wp-block-list\">\n<li>RECOGIDA DE DATOS<\/li>\n\n\n\n<li>TRATAMIENTO DE DATOS<\/li>\n\n\n\n<li>PROTECCI\u00d3N DE DATOS<\/li>\n\n\n\n<li>POL\u00cdTICA DE PRIVACIDAD<\/li>\n<\/ul>\n\n<h2 class=\"wp-block-heading\" id=\"h-data-collection\">RECOGIDA DE DATOS<\/h2>\n\n<ol class=\"wp-block-list\">\n<li>El Proveedor recopila informaci\u00f3n personal sobre ti cuando compras los productos del Proveedor.<\/li>\n\n\n\n<li>El Proveedor recopila informaci\u00f3n personal de ti y de cualquier dispositivo (incluidos los dispositivos m\u00f3viles) que utilices cuando: te registres en una cuenta con nosotros, proporciones informaci\u00f3n al Proveedor en un formulario web, actualices o a\u00f1adas informaci\u00f3n a tu cuenta, participes en un foro de Soporte o cuando mantengas cualquier otro tipo de correspondencia con el Proveedor.\n<ol class=\"wp-block-list\">\n<li>Parte de esta informaci\u00f3n personal, como la forma de identificarte, es necesaria para aceptar los T\u00e9rminos y Condiciones del Servicio del Proveedor. El suministro del resto de informaci\u00f3n personal es voluntario, pero puede ser necesario para utilizar nuestros Servicios, como la participaci\u00f3n en sorteos o la informaci\u00f3n necesaria para concluir una transacci\u00f3n. <\/li>\n<\/ol>\n<\/li>\n\n\n\n<li>Informaci\u00f3n personal que proporcionas al Proveedor cuando realizas una compra o te registras en una cuenta con el Proveedor:\n<ol class=\"wp-block-list\">\n<li>Informaci\u00f3n identificativa como tu nombre, direcciones, n\u00fameros de tel\u00e9fono o direcciones de correo electr\u00f3nico cuando te registras para obtener una cuenta con nosotros.<\/li>\n\n\n\n<li>Informaci\u00f3n de pedidos que est\u00e1 conectada a tu cuenta como resultado de una transacci\u00f3n en la que participas.<\/li>\n\n\n\n<li>Otros contenidos que generes o que est\u00e9n relacionados con tu cuenta (como a\u00f1adir art\u00edculos a tu cesta).<\/li>\n\n\n\n<li>Informaci\u00f3n financiera (como n\u00fameros de tarjetas de cr\u00e9dito o cuentas bancarias) en relaci\u00f3n con una transacci\u00f3n.<\/li>\n\n\n\n<li>Informaci\u00f3n de env\u00edo, facturaci\u00f3n y otros datos utilizados para comprar o enviar un art\u00edculo, as\u00ed como la informaci\u00f3n de env\u00edo pertinente (como n\u00fameros de seguimiento y actualizaciones de seguimiento).<\/li>\n\n\n\n<li>Tambi\u00e9n puedes proporcionar al Proveedor otra informaci\u00f3n a trav\u00e9s de un formulario web, actualizando o a\u00f1adiendo informaci\u00f3n a tu cuenta, a trav\u00e9s de tu participaci\u00f3n en discusiones del foro, solicitudes de asistencia, o cuando te comuniques de cualquier otra forma con el Proveedor en relaci\u00f3n con los bienes y servicios del Proveedor.<\/li>\n\n\n\n<li>Informaci\u00f3n adicional que el Proveedor est\u00e1 obligado o autorizado por las leyes nacionales aplicables a recopilar y procesar para autenticarte o identificarte o para verificar la informaci\u00f3n que el Proveedor ha recopilado.<\/li>\n<\/ol>\n<\/li>\n\n\n\n<li>Informaci\u00f3n personal que el Proveedor recopila autom\u00e1ticamente cuando utilizas para realizar una compra o registrarte en una cuenta con el Proveedor:\n<ol class=\"wp-block-list\">\n<li>El Proveedor recopila informaci\u00f3n sobre tu interacci\u00f3n con el sitio web, tus preferencias publicitarias y tus comunicaciones con el Proveedor. Se trata de informaci\u00f3n que el Proveedor recibe de los dispositivos (incluidos los dispositivos m\u00f3viles) que utilizas cuando accedes a las partes del sitio web del Proveedor. Esta informaci\u00f3n puede incluir lo siguiente ID o identificador \u00fanico del dispositivo, tipo de dispositivo, ID para publicidad y token \u00fanico del dispositivo.  <\/li>\n\n\n\n<li>Informaci\u00f3n de localizaci\u00f3n, incluida la informaci\u00f3n de localizaci\u00f3n de tu dispositivo m\u00f3vil. Ten en cuenta que la mayor\u00eda de los dispositivos m\u00f3viles te permiten controlar o desactivar el uso de los servicios de localizaci\u00f3n por parte de cualquier aplicaci\u00f3n de tu dispositivo m\u00f3vil en el men\u00fa de configuraci\u00f3n del dispositivo. <\/li>\n\n\n\n<li>Informaci\u00f3n sobre el ordenador y la conexi\u00f3n, como estad\u00edsticas sobre tus p\u00e1ginas vistas, tr\u00e1fico hacia y desde los sitios, URL de referencia, datos de anuncios, tu direcci\u00f3n IP, tu historial de navegaci\u00f3n y tu informaci\u00f3n de registro web.<\/li>\n<\/ol>\n<\/li>\n\n\n\n<li>Informaci\u00f3n personal que el Proveedor recopila utilizando cookies y tecnolog\u00edas similares\n<ol class=\"wp-block-list\">\n<li>El Proveedor utiliza cookies, balizas web, identificadores \u00fanicos y tecnolog\u00edas similares para recopilar informaci\u00f3n sobre las p\u00e1ginas que ves, los enlaces en los que haces clic y otras acciones que realizas al navegar por el sitio web del Proveedor, dentro de la publicidad del Proveedor o del contenido del correo electr\u00f3nico. Para m\u00e1s informaci\u00f3n sobre el uso de estas tecnolog\u00edas, y c\u00f3mo controlarlas, consulta nuestra Pol\u00edtica de Cookies <\/li>\n<\/ol>\n<\/li>\n\n\n\n<li>Informaci\u00f3n personal recogida de otras fuentes\n<ol class=\"wp-block-list\">\n<li>El Proveedor complementa la informaci\u00f3n personal que recopila directamente con informaci\u00f3n recopilada de terceros y la a\u00f1ade a la informaci\u00f3n de tu cuenta. Por ejemplo, el Proveedor recopila y utiliza informaci\u00f3n demogr\u00e1fica y de otro tipo que est\u00e9 disponible p\u00fablicamente en una jurisdicci\u00f3n aplicable, informaci\u00f3n de contacto adicional, informaci\u00f3n de verificaci\u00f3n de cr\u00e9dito e informaci\u00f3n de agencias de cr\u00e9dito, seg\u00fan lo permita la legislaci\u00f3n nacional aplicable. <\/li>\n\n\n\n<li>Medios sociales - El Proveedor te permite compartir informaci\u00f3n con sitios de medios sociales, o utilizar sitios de medios sociales para crear tu cuenta o conectar tu cuenta con el sitio de medios sociales respectivo. Estos sitios de redes sociales pueden dar al Proveedor acceso autom\u00e1tico a cierta informaci\u00f3n personal que conservan sobre ti (por ejemplo, contenido que has visto, contenido que te ha gustado e informaci\u00f3n sobre los anuncios que te han mostrado o en los que has hecho clic, etc.). Si proporcionas al Proveedor el acceso a cualquier sitio con contenido de v\u00eddeo, entonces aceptas que el Proveedor pueda compartir tu visionado de v\u00eddeos con sitios de medios sociales de terceros, u obtener informaci\u00f3n sobre tu visionado de v\u00eddeos, durante al menos dos a\u00f1os o hasta que retires la autorizaci\u00f3n o la conexi\u00f3n al sitio de medios sociales. T\u00fa controlas la informaci\u00f3n personal a la que permites que el Proveedor tenga acceso a trav\u00e9s de la configuraci\u00f3n de privacidad del sitio de medios sociales aplicable y de los permisos que otorgas al Proveedor cuando le concedes acceso a la informaci\u00f3n personal que el respectivo sitio de medios sociales conserva sobre ti. Al asociar una cuenta gestionada por un sitio de medios sociales a tu cuenta y autorizar al Proveedor a tener acceso a esta informaci\u00f3n, aceptas que el Proveedor pueda recopilar, utilizar y conservar la informaci\u00f3n proporcionada por estos sitios de medios sociales de acuerdo con este aviso de privacidad. El Proveedor tambi\u00e9n puede utilizar plugins u otras tecnolog\u00edas de varios sitios de medios sociales. Si haces clic en un enlace proporcionado a trav\u00e9s de un plugin de medios sociales, est\u00e1s estableciendo voluntariamente una conexi\u00f3n con ese sitio de medios sociales respectivo.      <\/li>\n\n\n\n<li>Si proporcionas al Proveedor informaci\u00f3n personal sobre otra persona, s\u00f3lo debes hacerlo con la autorizaci\u00f3n de esa persona. Debes informarles de c\u00f3mo el Proveedor recopila, utiliza, divulga y conserva su informaci\u00f3n personal de acuerdo con los T\u00e9rminos y Condiciones del Proveedor. <\/li>\n<\/ol>\n<\/li>\n\n\n\n<li>Informaci\u00f3n para ayudar al Proveedor a prestarte el servicio del Proveedor.\n<ol class=\"wp-block-list\">\n<li>El Proveedor colabora estrechamente con terceros para ayudar al Proveedor a prestarte servicios. Estos terceros son socios comerciales en servicios t\u00e9cnicos, de pago y entrega, redes publicitarias, proveedores de an\u00e1lisis, proveedores de informaci\u00f3n de b\u00fasqueda, agencias de referencia de cr\u00e9dito, agencias de prevenci\u00f3n del fraude y desarrolladores. La informaci\u00f3n que el Proveedor puede recopilar sobre ti de dichas partes puede incluir informaci\u00f3n de b\u00fasqueda de cr\u00e9dito, informaci\u00f3n que ayude al Proveedor a verificar tu identidad o informaci\u00f3n relacionada con tus transacciones de pago.  <\/li>\n\n\n\n<li>Si lo permites, el Proveedor recopilar\u00e1 listas de amigos de Facebook e informaci\u00f3n similar de otros terceros, como Twitter y Google, y el Proveedor podr\u00e1 volver a recopilar peri\u00f3dicamente esta informaci\u00f3n para mantenerse actualizado.<\/li>\n<\/ol>\n<\/li>\n<\/ol>\n\n<h2 class=\"wp-block-heading\" id=\"h-data-processing\">TRATAMIENTO DE DATOS<\/h2>\n\n<ol class=\"wp-block-list\">\n<li>El Proveedor s\u00f3lo utilizar\u00e1 tus datos personales cuando la ley lo permita. Lo m\u00e1s habitual es que el Proveedor utilice tus datos personales (como tu Informaci\u00f3n enviada, Informaci\u00f3n de ubicaci\u00f3n o informaci\u00f3n sobre transacciones) para formarse una opini\u00f3n sobre lo que el Proveedor cree que puedes querer o necesitar, o sobre lo que puede interesarte. <\/li>\n\n\n\n<li>El Proveedor s\u00f3lo utilizar\u00e1 tus datos personales para los fines para los que el Proveedor los recopil\u00f3, a menos que el Proveedor considere razonablemente que necesita utilizarlos para otro motivo y ese motivo sea compatible con el prop\u00f3sito original.<\/li>\n\n\n\n<li>Si das tu consentimiento expreso, el Proveedor puede utilizar tus Datos de Identidad, Contacto, T\u00e9cnicos, de Uso y\/o de Perfil para formarse una opini\u00f3n sobre lo que el Proveedor cree que puedes querer o necesitar, o lo que puede ser de tu inter\u00e9s. Puedes retirar tu consentimiento en cualquier momento. En algunas circunstancias limitadas, el Proveedor puede ponerse en contacto contigo para informarte sobre productos similares cuando hayas comprado productos al Proveedor y no hayas optado por no recibir esta informaci\u00f3n.  <\/li>\n\n\n\n<li>Cancelaci\u00f3n de la suscripci\u00f3n - Puedes pedir al Proveedor que deje de enviarte mensajes de marketing en cualquier momento siguiendo los enlaces de cancelaci\u00f3n de la suscripci\u00f3n que aparecen en cualquier mensaje de marketing que se te env\u00ede o poni\u00e9ndote en contacto con el Proveedor en cualquier momento. Si optas por no recibir estos mensajes de marketing, es posible que sigas recibiendo mensajes para otros fines (como proporcionarte la informaci\u00f3n pertinente relacionada con el pedido o el producto). <\/li>\n\n\n\n<li>El Proveedor puede revelar los datos que recopila de ti a determinados terceros que utilizan datos personales en la prestaci\u00f3n de sus servicios al Proveedor, utilizan los datos de forma segura y confidencial y bajo estrictos controles contractuales de conformidad con las leyes de protecci\u00f3n de datos.<\/li>\n\n\n\n<li>Puedes retirar tu consentimiento en cualquier momento despu\u00e9s de dar tu consentimiento expl\u00edcito poni\u00e9ndote en contacto con el Proveedor<\/li>\n<\/ol>\n\n<h2 class=\"wp-block-heading\" id=\"h-data-protection\">PROTECCI\u00d3N DE DATOS<\/h2>\n\n<ol class=\"wp-block-list\">\n<li>El Proveedor tomar\u00e1 todas las precauciones razonables para mantener seguros los detalles de tu pedido y pago, pero a menos que el Proveedor act\u00fae con negligencia, no ser\u00e1 responsable del acceso no autorizado a la informaci\u00f3n facilitada por ti.<\/li>\n\n\n\n<li>El Proveedor limita el acceso a tus datos personales a aquellos empleados, agentes, contratistas y otros terceros que tengan una necesidad comercial de conocerlos. S\u00f3lo tratar\u00e1n tus datos personales siguiendo instrucciones del Proveedor y est\u00e1n sujetos a un deber de confidencialidad. <\/li>\n\n\n\n<li>El Proveedor ha establecido procedimientos para hacer frente a cualquier sospecha de violaci\u00f3n de datos personales y te notificar\u00e1 a ti y a cualquier regulador aplicable de una violaci\u00f3n cuando el Proveedor est\u00e9 legalmente obligado a hacerlo.<\/li>\n<\/ol>\n\n<h2 class=\"wp-block-heading\" id=\"h-privacy-policy\">POL\u00cdTICA DE PRIVACIDAD<\/h2>\n\n<ol class=\"wp-block-list\">\n<li>El Proveedor no almacena los datos de las tarjetas de cr\u00e9dito ni comparte los datos de los clientes con terceros ileg\u00edtimos.<\/li>\n\n\n\n<li>El Proveedor s\u00f3lo conservar\u00e1 tus datos personales durante el tiempo que sea necesario para cumplir los fines para los que el Proveedor los recopil\u00f3, incluidos los fines de satisfacer cualquier requisito legal, contable o de elaboraci\u00f3n de informes.<\/li>\n\n\n\n<li>Por lo general, el Proveedor conservar\u00e1 los datos de nuestros clientes durante un per\u00edodo de 6 (seis) a\u00f1os tras la finalizaci\u00f3n de un contrato, para garantizar que el Proveedor pueda ayudarte en caso de que tengas alguna pregunta o comentario en relaci\u00f3n con los productos del Proveedor o para proteger o defender nuestros derechos legales, o con fines fiscales.<\/li>\n\n\n\n<li>Cuando el Proveedor haya procesado tus datos personales para proporcionarte comunicaciones de marketing con consentimiento, el Proveedor podr\u00e1 ponerse en contacto contigo al menos cada doce (12) meses para asegurarse de que est\u00e1s de acuerdo en seguir recibiendo dichas comunicaciones. Si comunicas al Proveedor que ya no deseas recibir dichas comunicaciones, tus datos personales se eliminar\u00e1n de las listas de marketing del Proveedor (pero se a\u00f1adir\u00e1n a una lista de \u00abno contactar\u00bb). <\/li>\n\n\n\n<li>Cuando el Proveedor haya procesado tus datos por cualquier otro motivo (por ejemplo, cuando te hayas puesto en contacto con el Proveedor para hacerle una pregunta relacionada con productos o servicios), el Proveedor conservar\u00e1 tus datos durante doce (12) meses.<\/li>\n\n\n\n<li>En algunas circunstancias, el Proveedor podr\u00e1 anonimizar tus datos personales (de modo que ya no puedan asociarse contigo) con fines de investigaci\u00f3n o estad\u00edsticos, en cuyo caso el Proveedor podr\u00e1 utilizar esta informaci\u00f3n indefinidamente sin necesidad de notific\u00e1rtelo.<\/li>\n\n\n\n<li>En determinadas circunstancias, tienes derechos en virtud de las leyes de protecci\u00f3n de datos en relaci\u00f3n con tus datos personales. Estos derechos se detallan a continuaci\u00f3n: \n<ol class=\"wp-block-list\">\n<li>Solicitar acceso a tus datos personales (lo que com\u00fanmente se conoce como \u00absolicitud de acceso del interesado\u00bb). Esto te permite recibir una copia de los datos personales que el Proveedor tiene sobre ti y comprobar que el Proveedor los est\u00e1 procesando legalmente. <\/li>\n\n\n\n<li>Solicitar la correcci\u00f3n de los datos personales que el Proveedor tiene sobre ti. Esto te permite corregir cualquier dato incompleto o inexacto que el Proveedor tenga sobre ti, aunque es posible que el Proveedor tenga que verificar la exactitud de los nuevos datos que le facilites. <\/li>\n\n\n\n<li>Solicitar la supresi\u00f3n de tus datos personales. Esto te permite pedir al Proveedor que borre o elimine los datos personales cuando no haya una buena raz\u00f3n para que el Proveedor contin\u00fae proces\u00e1ndolos. Tambi\u00e9n tienes derecho a pedir al Proveedor que borre o elimine tus datos personales cuando hayas ejercido con \u00e9xito tu derecho a oponerte al procesamiento, cuando el Proveedor pueda haber procesado tu informaci\u00f3n ilegalmente o cuando el Proveedor est\u00e9 obligado a borrar tus datos personales para cumplir con la legislaci\u00f3n local. No obstante, ten en cuenta que el Proveedor no siempre podr\u00e1 atender tu solicitud de borrado por motivos legales espec\u00edficos que se te notificar\u00e1n, si procede, en el momento de tu solicitud.   <\/li>\n\n\n\n<li>Oponerte al tratamiento de tus datos personales cuando el Proveedor se base en un inter\u00e9s leg\u00edtimo (o en los de un tercero) y haya algo en tu situaci\u00f3n particular que te lleve a oponerte al tratamiento por este motivo, ya que consideras que afecta a tus derechos y libertades fundamentales. Tambi\u00e9n tienes derecho a oponerte cuando el Proveedor est\u00e9 tratando tus datos personales con fines de marketing directo. En algunos casos, el Proveedor puede demostrar que tiene motivos leg\u00edtimos imperiosos para procesar tu informaci\u00f3n que prevalecen sobre tus derechos y libertades.  <\/li>\n\n\n\n<li>Solicitar la restricci\u00f3n del tratamiento de tus datos personales. Esto te permite pedir al Proveedor que suspenda el procesamiento de tus datos personales en los siguientes casos: si quieres que el Proveedor determine la exactitud de los datos; si el uso de los datos por parte del Proveedor es ilegal, pero no quieres que los borre; si necesitas que el Proveedor conserve los datos aunque ya no los necesite, ya que los necesitas para establecer, ejercer o defender reclamaciones legales; o si te has opuesto a que el Proveedor utilice tus datos, pero el Proveedor necesita verificar si tiene motivos leg\u00edtimos imperiosos para utilizarlos. <\/li>\n\n\n\n<li>Solicitar la transferencia de tus datos personales (como interesado) a ti o a un tercero. Retirar el consentimiento en cualquier momento cuando el Proveedor se base en el consentimiento para procesar tus datos personales. Sin embargo, esto no afectar\u00e1 a la legalidad de cualquier tratamiento realizado antes de que retires tu consentimiento. Si retiras tu consentimiento, es posible que el Proveedor no pueda proporcionarte determinados productos o servicios. El Proveedor te informar\u00e1 de ello en el momento en que retires tu consentimiento. Si deseas ejercer alguno de los derechos expuestos anteriormente, ponte en contacto directamente con el Proveedor a trav\u00e9s de su Informaci\u00f3n de contacto.     <\/li>\n\n\n\n<li>Normalmente no se exige el pago de ninguna tasa y no tendr\u00e1s que pagar ninguna tasa para acceder a tus datos personales (o para ejercer cualquiera de los otros derechos). Sin embargo, el Proveedor puede cobrar una tarifa razonable si tu solicitud es claramente infundada, repetitiva o excesiva. Alternativamente, el Proveedor puede negarse a atender tu solicitud en estas circunstancias.  <\/li>\n<\/ol>\n<\/li>\n\n\n\n<li>El Proveedor puede necesitar solicitarte informaci\u00f3n espec\u00edfica para ayudarle a confirmar tu identidad y garantizar tu derecho a acceder a tus datos personales (o a ejercer cualquiera de tus otros derechos). Se trata de una medida de seguridad para garantizar que los datos personales no se revelen a ninguna persona que no tenga derecho a recibirlos. El Proveedor tambi\u00e9n puede ponerse en contacto contigo para pedirte m\u00e1s informaci\u00f3n en relaci\u00f3n con tu solicitud para acelerar la respuesta del Proveedor.  <\/li>\n\n\n\n<li>Tienes derecho a presentar una reclamaci\u00f3n en cualquier momento ante la ICO, la autoridad supervisora del Reino Unido en materia de protecci\u00f3n de datos (en www.ico.org.uk). Sin embargo, el Proveedor agradecer\u00eda tener la oportunidad de tratar tus preocupaciones antes de que te dirijas a la ICO, por lo que te rogamos que te pongas en contacto con nosotros en primera instancia. <\/li>\n<\/ol>\n\n<p>\u00daltima actualizaci\u00f3n de la Pol\u00edtica de privacidad: 11 marzo, 2023 - 9:25PM.<\/p>\n","protected":false},"excerpt":{"rendered":"<p>La siguiente Pol\u00edtica de Privacidad debe tomarse en concordancia con (Emparejada con), \u00abcomo una\u00bb con los T\u00e9rminos y Condiciones, la Pol\u00edtica de Devoluciones y Reembolsos y la Pol\u00edtica de Cookies. Navegaci\u00f3n RECOGIDA DE DATOS TRATAMIENTO DE DATOS PROTECCI\u00d3N DE DATOS POL\u00cdTICA DE PRIVACIDAD \u00daltima actualizaci\u00f3n de la Pol\u00edtica de privacidad: 11 marzo, 2023 - 9:25PM.<\/p>\n","protected":false},"author":1,"featured_media":0,"parent":0,"menu_order":0,"comment_status":"closed","ping_status":"closed","template":"","meta":{"_acf_changed":false,"footnotes":""},"class_list":["post-2283","page","type-page","status-publish","hentry"],"acf":[],"_links":{"self":[{"href":"https:\/\/ayaneo.co\/es\/wp-json\/wp\/v2\/pages\/2283","targetHints":{"allow":["GET"]}}],"collection":[{"href":"https:\/\/ayaneo.co\/es\/wp-json\/wp\/v2\/pages"}],"about":[{"href":"https:\/\/ayaneo.co\/es\/wp-json\/wp\/v2\/types\/page"}],"author":[{"embeddable":true,"href":"https:\/\/ayaneo.co\/es\/wp-json\/wp\/v2\/users\/1"}],"replies":[{"embeddable":true,"href":"https:\/\/ayaneo.co\/es\/wp-json\/wp\/v2\/comments?post=2283"}],"version-history":[{"count":0,"href":"https:\/\/ayaneo.co\/es\/wp-json\/wp\/v2\/pages\/2283\/revisions"}],"wp:attachment":[{"href":"https:\/\/ayaneo.co\/es\/wp-json\/wp\/v2\/media?parent=2283"}],"curies":[{"name":"wp","href":"https:\/\/api.w.org\/{rel}","templated":true}]}}