{"id":11436,"date":"2025-03-18T15:51:48","date_gmt":"2025-03-18T15:51:48","guid":{"rendered":"https:\/\/ayaneo.co\/product\/ayaneo-funda-de-piel-pocket-micro\/"},"modified":"2026-01-02T14:20:04","modified_gmt":"2026-01-02T14:20:04","slug":"ayaneo-funda-de-piel-pocket-micro","status":"publish","type":"product","link":"https:\/\/ayaneo.co\/es\/product\/ayaneo-funda-de-piel-pocket-micro\/","title":{"rendered":"Funda AYANEO Pocket Micro Piel"},"content":{"rendered":"\n<p>\u00a1Dale a tu <strong>AYANEO Pocket<\/strong> Micro la protecci\u00f3n que se merece con esta <strong>lujosa funda de piel<\/strong>! Dise\u00f1ada para un <strong>ajuste perfecto<\/strong>, esta funda combina <strong>elegancia, durabilidad y portabilidad<\/strong> para mantener tu dispositivo seguro a la vez que mantiene un aspecto elegante y profesional.<\/p>\n\n<h2 class=\"wp-block-heading\" id=\"h-key-features\"><strong>Caracter\u00edsticas principales:<\/strong><\/h2>\n\n<p><strong>Material de piel de primera calidad<\/strong>: fabricado con piel de alta calidad para un acabado sofisticado y duradero.<\/p>\n\n<p><strong>Ajuste perfecto y protecci\u00f3n segura<\/strong> - Fabricado a medida para el AYANEO Pocket Micro, garantiza un <strong>ajuste perfecto<\/strong> que mantiene tu dispositivo a salvo de ara\u00f1azos, polvo y peque\u00f1os impactos.<\/p>\n\n<p><strong>Forro interior suave<\/strong> - Suave con la pantalla y el cuerpo de tu dispositivo, evitando cualquier marca no deseada.<\/p>\n\n<p><strong>Ligero y port\u00e1til<\/strong>: su dise\u00f1o delgado facilita su transporte a la vez que ofrece la m\u00e1xima protecci\u00f3n.<\/p>\n\n<p><strong>Cierre magn\u00e9tico para mayor seguridad<\/strong>: garantiza que tu dispositivo permanezca seguro en su sitio a la vez que permite un acceso r\u00e1pido.<\/p>\n\n<p>Mejora tu <strong>AYANEO Pocket Micro<\/strong> con esta <strong>funda de piel elegante y funcional<\/strong>: <strong>\u00a1protecci\u00f3n con un toque de elegancia!<\/strong> <\/p>\n\n<p><\/p>\n","protected":false},"excerpt":{"rendered":"<ul>\n<li>Funda protectora <strong>oficial<\/strong> de piel AYANEO Pocket Micro<\/li>\n<li><strong>Piel de primera calidad<\/strong>: elegante, resistente y duradera.<\/li>\n<li><strong>Forro interior suave<\/strong> - Protege contra ara\u00f1azos y polvo.<\/li>\n<li><strong>Ligero y port\u00e1til<\/strong> - F\u00e1cil de transportar sin que abulte.<\/li>\n<li><strong>Cierre magn\u00e9tico<\/strong>: acceso seguro y c\u00f3modo.<\/li>\n<\/ul>\n[cg_accordion title=\"INFORMACI\u00d3N SOBRE EL PAGO\"]<\/p>\n<p>Utilizamos la \u00faltima tecnolog\u00eda en procesamiento de pagos, que te permite pagar mediante Apple Pay, Google Pay, tu tarjeta de d\u00e9bito\/cr\u00e9dito, PayPal o m\u00e9todos BNPL como Klarna, Affirm o AfterPay para una experiencia r\u00e1pida y segura.[\/cg_accordion]\n[cg_accordion title=\"GARANT\u00cdA\"]<\/p>\n<p>1 a\u00f1o de garant\u00eda de <a href=\"https:\/\/droix.net\/\" target=\"_blank\" rel=\"nofollow noopener\">DROIX Global<\/a> para tu tranquilidad[\/cg_accordion]\n[cg_accordion title=\"GARANT\u00cdA DE CALIDAD Y PRUEBAS PREVIAS A LA EXPEDICI\u00d3N\"]<\/p>\n<p>Garantizamos la satisfacci\u00f3n del cliente al m\u00e1s alto nivel: Cada dispositivo se somete a rigurosas pruebas y a una comprobaci\u00f3n de garant\u00eda de calidad en varios puntos antes de ser enviado. Nuestro equipo especializado verifica el rendimiento, la funcionalidad y la integridad de los componentes para garantizar que tu dispositivo AYANEO est\u00e9 en perfecto estado de funcionamiento a su llegada, proporcion\u00e1ndote confianza y tranquilidad. [\/cg_accordion]\n[cg_accordion title=\"PRECIOS, IMPUESTOS Y ENV\u00cdO\"]<\/p>\n<p><strong><u>Nota:<\/u><\/strong><\/p>\n<ul>\n<li>Clientes de Estados Unidos: El precio indicado NO incluye impuestos ni aranceles. La responsabilidad de despachar aduanas y pagar cualquier impuesto o arancel asociado recae en el cliente. <\/li>\n<li>Clientes de la UE: El precio indicado incluye el IMPUESTO aplicable, que puede ser de hasta el 25% dependiendo de tu pa\u00eds.<\/li>\n<li>Clientes de Canad\u00e1: El precio mostrado incluye los impuestos aplicables, que pueden incluir un 5% de GST e impuestos de venta provinciales (PST), impuestos de venta armonizados (HST) o impuestos de venta de Quebec (QST) adicionales, dependiendo de tu provincia.<\/li>\n<\/ul>\n<p><strong>S\u00d3LO para clientes de la UE:<\/strong> DDP expr\u00e9s (entrega con derechos pagados). Esto significa: <\/p>\n<ul>\n<li>Todos los derechos de aduana e impuestos est\u00e1n incluidos en el precio que aparece en la p\u00e1gina del producto.<\/li>\n<li>No tendr\u00e1s que pagar ning\u00fan gasto adicional en el momento de la entrega.<\/li>\n<li>En el raro caso de que surjan problemas relacionados con las aduanas, nuestro equipo se encargar\u00e1 del proceso de despacho de aduanas en tu nombre para garantizar una experiencia de entrega sin problemas.<\/li>\n<p>Informaci\u00f3n importante sobre devoluciones:<\/p>\n<li>Si decides devolver tu pedido o solicitar un reembolso, ten en cuenta que los impuestos y aranceles pagados en tu nombre seg\u00fan las condiciones del DDP no pueden reembolsarse.<\/li>\n<p>Consulta nuestras <a href=\"https:\/\/ayaneo.co\/es\/condiciones-del-servicio\/\" target=\"_blank\" rel=\"nofollow noopener\">Condiciones generales<\/a> para obtener informaci\u00f3n detallada.\n<\/ul>\n<p>[\/cg_accordion]\n[cg_accordion title=\"ATENCI\u00d3N AL CLIENTE\"]<\/p>\n<p>\u00bfTienes alguna pregunta? \u00a1Estamos a un SMS de solucionar tu problema! [\/cg_accordion]\n[cg_accordion title=\"EL PAQUETE INCLUYE\"]<\/p>\n<ul>\n<li>1x Funda de micro piel AYANEO Pocket<\/li>\n<\/ul>\n<p>[\/cg_accordion]\n","protected":false},"featured_media":11032,"template":"","meta":{"_acf_changed":false},"product_brand":[],"product_cat":[373],"product_tag":[],"class_list":{"0":"post-11436","1":"product","2":"type-product","3":"status-publish","4":"has-post-thumbnail","6":"product_cat-accesorios","7":"product_shipping_class-low-end","8":"pa_accessory-type-funda-protectora","9":"pa_brand-ayaneo","11":"first","12":"outofstock","13":"sale","14":"taxable","15":"shipping-taxable","16":"purchasable","17":"product-type-variable","18":"has-default-attributes"},"acf":[],"_links":{"self":[{"href":"https:\/\/ayaneo.co\/es\/wp-json\/wp\/v2\/product\/11436","targetHints":{"allow":["GET"]}}],"collection":[{"href":"https:\/\/ayaneo.co\/es\/wp-json\/wp\/v2\/product"}],"about":[{"href":"https:\/\/ayaneo.co\/es\/wp-json\/wp\/v2\/types\/product"}],"wp:featuredmedia":[{"embeddable":true,"href":"https:\/\/ayaneo.co\/es\/wp-json\/wp\/v2\/media\/11032"}],"wp:attachment":[{"href":"https:\/\/ayaneo.co\/es\/wp-json\/wp\/v2\/media?parent=11436"}],"wp:term":[{"taxonomy":"product_brand","embeddable":true,"href":"https:\/\/ayaneo.co\/es\/wp-json\/wp\/v2\/product_brand?post=11436"},{"taxonomy":"product_cat","embeddable":true,"href":"https:\/\/ayaneo.co\/es\/wp-json\/wp\/v2\/product_cat?post=11436"},{"taxonomy":"product_tag","embeddable":true,"href":"https:\/\/ayaneo.co\/es\/wp-json\/wp\/v2\/product_tag?post=11436"}],"curies":[{"name":"wp","href":"https:\/\/api.w.org\/{rel}","templated":true}]}}