{"id":11441,"date":"2025-03-20T10:53:25","date_gmt":"2025-03-20T10:53:25","guid":{"rendered":"https:\/\/ayaneo.co\/product\/ayaneo-tapas-de-empunadura-pocket-evo-thumb-stick-precision-y-comodidad-mejoradas\/"},"modified":"2025-12-09T00:32:22","modified_gmt":"2025-12-09T00:32:22","slug":"ayaneo-tapas-de-empunadura-pocket-evo-thumb-stick-precision-y-comodidad-mejoradas","status":"publish","type":"product","link":"https:\/\/ayaneo.co\/es\/product\/ayaneo-tapas-de-empunadura-pocket-evo-thumb-stick-precision-y-comodidad-mejoradas\/","title":{"rendered":"AYANEO 3 \/ Tapas de empu\u00f1adura EVO para el pulgar - \u00a1Precisi\u00f3n y comodidad en cada movimiento!"},"content":{"rendered":"\n<p>\u00a1Mejora tu experiencia de juego <strong>enAYANEO 3 y Pocket EVO<\/strong> con estas <strong>tapas de primera calidad para el agarre del stick del pulgar<\/strong>! Dise\u00f1adas para <strong>un mejor agarre, un mayor control y una mayor durabilidad<\/strong>, estas tapas garantizan movimientos m\u00e1s suaves y precisos para disfrutar al m\u00e1ximo del juego.<\/p>\n\n<h2 class=\"wp-block-heading\"><strong>Caracter\u00edsticas principales:<\/strong><\/h2>\n\n<p><strong>Agarre y control mejorados<\/strong> - Proporciona <strong>una mayor precisi\u00f3n<\/strong> y una superficie antideslizante para realizar movimientos precisos.<\/p>\n\n<p><strong>Dise\u00f1o ergon\u00f3mico y c\u00f3modo<\/strong>: reduce la fatiga del pulgar en sesiones de juego prolongadas.<\/p>\n\n<p><strong>Material de silicona de primera calidad<\/strong>: el material duradero y de alta calidad garantiza la longevidad y un tacto suave.<\/p>\n\n<p><strong>F\u00e1cil de instalar y ajuste seguro<\/strong> - Dise\u00f1ado a medida para <strong>AYANEO 3 y Pocket EVO<\/strong>, garantiza una fijaci\u00f3n firme y antideslizante.<\/p>\n\n<p><strong>Elegante y funcional<\/strong> - Viene en <strong>colores blanco y negro<\/strong> para que combine con tu configuraci\u00f3n de juego, a la vez que protege tu joystick del desgaste.<\/p>\n\n<p>\u00a1Mejora tu <strong>AYANEO 3 y Pocket EVO<\/strong> con estos <strong>tapones de alta calidad para el pulgar<\/strong> para un agarre, control y comodidad superiores!<\/p>\n","protected":false},"excerpt":{"rendered":"<ul>\n<li>Tapas de empu\u00f1adura <strong>oficiales de<\/strong> AYANEO 3 \/ Pocket EVO Thumb Stick<\/li>\n<li><strong>Agarre y precisi\u00f3n mejorados<\/strong> - Mejora la precisi\u00f3n y el control.<\/li>\n<li><strong>C\u00f3modo y ergon\u00f3mico<\/strong>: reduce la fatiga para sesiones de juego m\u00e1s largas.<\/li>\n<li><strong>Material de silicona duradero<\/strong>: duradero y resistente al desgaste.<\/li>\n<li><strong>Ajuste perfecto<\/strong> - Dise\u00f1ado exclusivamente para AYANEO 3 y Pocket EVO.<\/li>\n<\/ul>\n[cg_accordion title=\"INFORMACI\u00d3N SOBRE EL PAGO\"]<\/p>\n<p>Utilizamos la \u00faltima tecnolog\u00eda en procesamiento de pagos, que te permite pagar mediante Apple Pay, Google Pay, tu tarjeta de d\u00e9bito\/cr\u00e9dito, PayPal o m\u00e9todos BNPL como Klarna, Affirm o AfterPay para una experiencia r\u00e1pida y segura.[\/cg_accordion]\n[cg_accordion title=\"GARANT\u00cdA\"]<\/p>\n<p>1 a\u00f1o de garant\u00eda de <a href=\"https:\/\/droix.net\/\" target=\"_blank\" rel=\"nofollow noopener\">DROIX Global<\/a> para tu tranquilidad[\/cg_accordion]\n[cg_accordion title=\"GARANT\u00cdA DE CALIDAD Y PRUEBAS PREVIAS A LA EXPEDICI\u00d3N\"]<\/p>\n<p>Garantizamos la satisfacci\u00f3n del cliente al m\u00e1s alto nivel: Cada dispositivo se somete a rigurosas pruebas y a una comprobaci\u00f3n de garant\u00eda de calidad en varios puntos antes de ser enviado. Nuestro equipo especializado verifica el rendimiento, la funcionalidad y la integridad de los componentes para garantizar que tu dispositivo AYANEO est\u00e9 en perfecto estado de funcionamiento a su llegada, proporcion\u00e1ndote confianza y tranquilidad. [\/cg_accordion]\n[cg_accordion title=\"PRECIOS, IMPUESTOS Y ENV\u00cdO\"]<\/p>\n<p><strong><u>Nota:<\/u><\/strong><\/p>\n<ul>\n<li>Clientes de Estados Unidos: El precio indicado NO incluye impuestos ni aranceles. La responsabilidad de despachar aduanas y pagar cualquier impuesto o arancel asociado recae en el cliente. <\/li>\n<li>Clientes de la UE: El precio indicado incluye el IMPUESTO aplicable, que puede ser de hasta el 25% dependiendo de tu pa\u00eds.<\/li>\n<li>Clientes de Canad\u00e1: El precio mostrado incluye los impuestos aplicables, que pueden incluir un 5% de GST e impuestos de venta provinciales (PST), impuestos de venta armonizados (HST) o impuestos de venta de Quebec (QST) adicionales, dependiendo de tu provincia.<\/li>\n<\/ul>\n<p><strong>S\u00d3LO para clientes de la UE:<\/strong> DDP expr\u00e9s (entrega con derechos pagados). Esto significa: <\/p>\n<ul>\n<li>Todos los derechos de aduana e impuestos est\u00e1n incluidos en el precio que aparece en la p\u00e1gina del producto.<\/li>\n<li>No tendr\u00e1s que pagar ning\u00fan gasto adicional en el momento de la entrega.<\/li>\n<li>En el raro caso de que surjan problemas relacionados con las aduanas, nuestro equipo se encargar\u00e1 del proceso de despacho de aduanas en tu nombre para garantizar una experiencia de entrega sin problemas.<\/li>\n<p>Informaci\u00f3n importante sobre devoluciones:<\/p>\n<li>Si decides devolver tu pedido o solicitar un reembolso, ten en cuenta que los impuestos y aranceles pagados en tu nombre seg\u00fan las condiciones del DDP no pueden reembolsarse.<\/li>\n<p>Consulta nuestras <a href=\"https:\/\/ayaneo.co\/es\/condiciones-del-servicio\/\" target=\"_blank\" rel=\"nofollow noopener\">Condiciones generales<\/a> para obtener informaci\u00f3n detallada.\n<\/ul>\n<p>[\/cg_accordion]\n[cg_accordion title=\"ATENCI\u00d3N AL CLIENTE\"]<\/p>\n<p>\u00bfTienes alguna pregunta? \u00a1Estamos a un SMS de solucionar tu problema! [\/cg_accordion]\n[cg_accordion title=\"EL PAQUETE INCLUYE\"]<\/p>\n<ul>\n<li>1x AYANEO 3 &amp; Pocket EVO Tapas de empu\u00f1adura para el pulgar<\/li>\n<\/ul>\n<p>[\/cg_accordion]\n","protected":false},"featured_media":11047,"template":"","meta":{"_acf_changed":false},"product_brand":[],"product_cat":[373],"product_tag":[],"class_list":{"0":"post-11441","1":"product","2":"type-product","3":"status-publish","4":"has-post-thumbnail","6":"product_cat-accesorios","7":"product_shipping_class-low-end","9":"first","10":"instock","11":"sale","12":"taxable","13":"shipping-taxable","14":"purchasable","15":"product-type-simple"},"acf":[],"_links":{"self":[{"href":"https:\/\/ayaneo.co\/es\/wp-json\/wp\/v2\/product\/11441","targetHints":{"allow":["GET"]}}],"collection":[{"href":"https:\/\/ayaneo.co\/es\/wp-json\/wp\/v2\/product"}],"about":[{"href":"https:\/\/ayaneo.co\/es\/wp-json\/wp\/v2\/types\/product"}],"wp:featuredmedia":[{"embeddable":true,"href":"https:\/\/ayaneo.co\/es\/wp-json\/wp\/v2\/media\/11047"}],"wp:attachment":[{"href":"https:\/\/ayaneo.co\/es\/wp-json\/wp\/v2\/media?parent=11441"}],"wp:term":[{"taxonomy":"product_brand","embeddable":true,"href":"https:\/\/ayaneo.co\/es\/wp-json\/wp\/v2\/product_brand?post=11441"},{"taxonomy":"product_cat","embeddable":true,"href":"https:\/\/ayaneo.co\/es\/wp-json\/wp\/v2\/product_cat?post=11441"},{"taxonomy":"product_tag","embeddable":true,"href":"https:\/\/ayaneo.co\/es\/wp-json\/wp\/v2\/product_tag?post=11441"}],"curies":[{"name":"wp","href":"https:\/\/api.w.org\/{rel}","templated":true}]}}