{"id":11531,"date":"2025-01-29T11:23:32","date_gmt":"2025-01-29T11:23:32","guid":{"rendered":"https:\/\/ayaneo.co\/product\/estacion-de-acoplamiento-sd1\/"},"modified":"2025-04-11T12:03:18","modified_gmt":"2025-04-11T12:03:18","slug":"estacion-de-acoplamiento-sd1","status":"publish","type":"product","link":"https:\/\/ayaneo.co\/es\/product\/estacion-de-acoplamiento-sd1\/","title":{"rendered":"Estaci\u00f3n de acoplamiento SD1"},"content":{"rendered":"\n<h2 class=\"wp-block-heading\"><strong>Estaci\u00f3n de acoplamiento SD1: \u00a1Desbloquea el verdadero poder de los juegos de mano!<\/strong><\/h2>\n\n<h4 class=\"wp-block-heading\"><strong>Tu puerta al juego sin fisuras<\/strong><\/h4>\n\n<p>Transforma tu experiencia de juego port\u00e1til con la <strong>estaci\u00f3n de acoplamiento SD1,<\/strong>el compa\u00f1ero definitivo para los PC port\u00e1tiles de juego. Dise\u00f1ada pensando en los jugadores, la SD1 mejora el rendimiento, la conectividad y la comodidad, garantizando que cada sesi\u00f3n de juego sea perfecta. Desde el <strong>Steam Deck<\/strong> a la <strong>AYA NEO Geek 1S<\/strong>, esta estaci\u00f3n de acoplamiento ofrece una versatilidad inigualable. S\u00f3lo tienes que acoplarla, conectarla mediante USB Tipo-C y dejar que la SD1 eleve tus juegos a nuevas cotas.   <\/p>\n\n<h4 class=\"wp-block-heading\"><strong>Rendimiento ultrarr\u00e1pido de Internet<\/strong><\/h4>\n\n<p>Mantente en cabeza en cada batalla con el <strong>puerto Gigabit Ethernet RJ45<\/strong> del SD1, que proporciona velocidades de hasta <strong>1000M<\/strong>. Desp\u00eddete del retraso y da la bienvenida a un juego fluido y en tiempo real. Tanto si est\u00e1s explorando mundos amplios como compitiendo en partidas multijugador de alto nivel, la SD1 garantiza una <strong>conexi\u00f3n estable y sin interrupciones<\/strong> cuando m\u00e1s importa.  <\/p>\n\n<h4 class=\"wp-block-heading\"><strong>Im\u00e1genes 4K envolventes<\/strong><\/h4>\n\n<p>Sum\u00e9rgete en detalles asombrosos y colores vibrantes con la <strong>salida HDMI 2.0<\/strong> de la SD1. Compatible con una <strong>resoluci\u00f3n de hasta 4096&#215;2160 a 60 Hz<\/strong>, esta estaci\u00f3n de acoplamiento convierte tus juegos en experiencias visuales impresionantes. Cada fotograma es n\u00edtido, fluido y rebosa vida, haciendo que tus t\u00edtulos favoritos sean a\u00fan m\u00e1s cautivadores.  <\/p>\n\n<h4 class=\"wp-block-heading\"><strong>El poder que te mantiene jugando<\/strong><\/h4>\n\n<p>\u00a1Se acabaron las interrupciones en mitad del juego! Con su <strong>carga Power Delivery (PD) de 100 W<\/strong>, el SD1 garantiza que tu dispositivo permanezca encendido incluso durante sesiones de juego maratonianas. Juega con confianza, sabiendo que tu PC port\u00e1til para juegos est\u00e1 continuamente cargado y listo para rendir.  <\/p>\n\n<h4 class=\"wp-block-heading\"><strong>Ampl\u00eda tu configuraci\u00f3n con varios puertos<\/strong><\/h4>\n\n<p>\u00a1Con\u00e9ctate como un profesional! La SD1 viene equipada con <strong>tres puertos USB Tipo-A 3.0<\/strong>, que te permiten conectar perif\u00e9ricos como mandos, auriculares o almacenamiento externo. Disfruta de <strong>transferencias de datos a la velocidad del rayo<\/strong> y de una multitarea sin esfuerzo, sin el l\u00edo de los adaptadores adicionales.  <\/p>\n\n<h4 class=\"wp-block-heading\"><strong>Conectividad de siguiente nivel<\/strong><\/h4>\n\n<p>Experimenta conexiones estables y de alta velocidad con la <strong>interfaz USB Tipo-C<\/strong> de la SD1, dise\u00f1ada para una compatibilidad y eficiencia universales. Tanto si transfieres datos como si alimentas tu dispositivo, el SD1 ofrece una soluci\u00f3n todo en uno para los \u00faltimos dispositivos port\u00e1tiles de juego. <\/p>\n\n<h4 class=\"wp-block-heading\"><strong>Dise\u00f1o de primera fabricado para durar<\/strong><\/h4>\n\n<p>Fabricada <strong>en aluminio gris resistente<\/strong>, la Base SD1 es tan elegante como robusta. Su elegante dise\u00f1o combina a la perfecci\u00f3n con cualquier configuraci\u00f3n, mientras que las <strong>almohadillas de silicona<\/strong> negra proporcionan una protecci\u00f3n adicional, evitando ara\u00f1azos y garantizando que tu dispositivo permanezca firmemente en su sitio. <\/p>\n\n<h4 class=\"wp-block-heading\"><strong>Compatibilidad vers\u00e1til<\/strong><\/h4>\n\n<p>La base SD1 est\u00e1 dise\u00f1ada para ser compatible con una amplia gama de PC port\u00e1tiles para juegos, lo que la convierte en el accesorio definitivo para cualquier jugador. Tanto si juegas con el <strong>Steam Deck<\/strong><strong>GPD WIN 4 2023<\/strong> o <strong>ONEXPLAYER 2<\/strong>, la SD1 garantiza una integraci\u00f3n perfecta y un rendimiento mejorado. Se ha probado rigurosamente con los mejores dispositivos, como <strong>ROG Ally<\/strong><strong>AYA NEO 2S<\/strong>, y muchos m\u00e1s.  <\/p>\n\n<hr class=\"wp-block-separator has-alpha-channel-opacity\"\/>\n\n<h3 class=\"wp-block-heading\"><strong>\u00bfPor qu\u00e9 elegir la Estaci\u00f3n de acoplamiento SD1?<\/strong><\/h3>\n\n<ul class=\"wp-block-list\">\n<li><strong>Internet sin interrupciones<\/strong>: Disfruta de conexiones ultrarr\u00e1pidas y estables.<\/li>\n\n\n\n<li><strong>Impresionante salida 4K<\/strong>: Sum\u00e9rgete en im\u00e1genes vibrantes y fluidas.<\/li>\n\n\n\n<li><strong>Carga eficiente<\/strong>: Juega durante horas con un suministro de energ\u00eda fiable.<\/li>\n\n\n\n<li><strong>Opciones de puerto mejoradas<\/strong>: Conecta varios perif\u00e9ricos con facilidad.<\/li>\n\n\n\n<li><strong>Compatibilidad universal<\/strong>: Funciona con todos tus ordenadores port\u00e1tiles para juegos favoritos.<\/li>\n<\/ul>\n\n<hr class=\"wp-block-separator has-alpha-channel-opacity\"\/>\n\n<h3 class=\"wp-block-heading\"><strong>Lleva tu juego al siguiente nivel<\/strong><\/h3>\n\n<p>Con la <strong>Estaci\u00f3n de acoplamiento SD1<\/strong>, cada partido se convierte en una experiencia inolvidable. Tanto si est\u00e1s compitiendo, explorando o retransmitiendo, esta estaci\u00f3n de acoplamiento te proporciona las herramientas para rendir al m\u00e1ximo.   <strong>Actualiza tu configuraci\u00f3n hoy mismo y abraza una nueva era de juegos port\u00e1tiles.<\/strong><\/p>\n","protected":false},"excerpt":{"rendered":"<ul>\n<li>Estaci\u00f3n de acoplamiento <strong>SD1 <\/strong><\/li>\n<li>Gigabit Ethernet<\/li>\n<li>100 W PD USB-C<\/li>\n<li>Salida HDMI<\/li>\n<li><strong>Compatible con<\/strong> AYANEO Handhelds y muchos m\u00e1s<\/li>\n<\/ul>\n[cg_accordion title=\"INFORMACI\u00d3N SOBRE EL PAGO\"]<\/p>\n<p>Utilizamos la \u00faltima tecnolog\u00eda en procesamiento de pagos, que te permite pagar mediante Apple Pay, Google Pay, tu tarjeta de d\u00e9bito\/cr\u00e9dito, PayPal o m\u00e9todos BNPL como Klarna, Affirm o AfterPay para una experiencia r\u00e1pida y segura.[\/cg_accordion]\n[cg_accordion title=\"GARANT\u00cdA\"]<\/p>\n<p>1 a\u00f1o de garant\u00eda de <a href=\"https:\/\/droix.net\/\" target=\"_blank\" rel=\"nofollow noopener\">DROIX Global<\/a> para tu tranquilidad[\/cg_accordion]\n[cg_accordion title=\"PRECIOS, IMPUESTOS Y ENV\u00cdO\"]<\/p>\n<p><strong><u>Nota:<\/u><\/strong><\/p>\n<ul>\n<li>Clientes de Estados Unidos: El precio indicado NO incluye impuestos ni aranceles. La responsabilidad de despachar aduanas y pagar cualquier impuesto o arancel asociado recae en el cliente. <\/li>\n<li>Clientes de la UE: El precio indicado incluye el IMPUESTO aplicable, que puede ser de hasta el 25% dependiendo de tu pa\u00eds.<\/li>\n<li>Clientes de Canad\u00e1: El precio mostrado incluye los impuestos aplicables, que pueden incluir un 5% de GST e impuestos de venta provinciales (PST), impuestos de venta armonizados (HST) o impuestos de venta de Quebec (QST) adicionales, dependiendo de tu provincia.<\/li>\n<\/ul>\n<p><strong>S\u00d3LO para clientes de la UE:<\/strong> DDP expr\u00e9s (entrega con derechos pagados). Esto significa: <\/p>\n<ul>\n<li>Todos los derechos de aduana e impuestos est\u00e1n incluidos en el precio que aparece en la p\u00e1gina del producto.<\/li>\n<li>No tendr\u00e1s que pagar ning\u00fan gasto adicional en el momento de la entrega.<\/li>\n<li>En el raro caso de que surjan problemas relacionados con las aduanas, nuestro equipo se encargar\u00e1 del proceso de despacho de aduanas en tu nombre para garantizar una experiencia de entrega sin problemas.<\/li>\n<p>Informaci\u00f3n importante sobre devoluciones:<\/p>\n<li>Si decides devolver tu pedido o solicitar un reembolso, ten en cuenta que los impuestos y aranceles pagados en tu nombre seg\u00fan las condiciones del DDP no pueden reembolsarse.<\/li>\n<p>Consulta nuestras <a href=\"https:\/\/ayaneo.co\/terms-of-service-2\/\" target=\"_blank\" rel=\"nofollow noopener\">Condiciones generales<\/a> para obtener informaci\u00f3n detallada.\n<\/ul>\n<p>[\/cg_accordion]\n[cg_accordion title=\"ATENCI\u00d3N AL CLIENTE\"]<\/p>\n<p>\u00bfTienes alguna pregunta? \u00a1Estamos a un SMS de solucionar tu problema!<br \/>\n[\/cg_accordion]\n","protected":false},"featured_media":8329,"template":"","meta":{"_acf_changed":false},"product_brand":[],"product_cat":[373],"product_tag":[],"class_list":{"0":"post-11531","1":"product","2":"type-product","3":"status-publish","4":"has-post-thumbnail","6":"product_cat-accesorios","7":"product_shipping_class-low-end","8":"pa_accessory-type-estacion-de-acoplamiento","9":"pa_brand-droix","11":"first","12":"outofstock","13":"sale","14":"taxable","15":"shipping-taxable","16":"purchasable","17":"product-type-simple"},"acf":[],"_links":{"self":[{"href":"https:\/\/ayaneo.co\/es\/wp-json\/wp\/v2\/product\/11531","targetHints":{"allow":["GET"]}}],"collection":[{"href":"https:\/\/ayaneo.co\/es\/wp-json\/wp\/v2\/product"}],"about":[{"href":"https:\/\/ayaneo.co\/es\/wp-json\/wp\/v2\/types\/product"}],"wp:featuredmedia":[{"embeddable":true,"href":"https:\/\/ayaneo.co\/es\/wp-json\/wp\/v2\/media\/8329"}],"wp:attachment":[{"href":"https:\/\/ayaneo.co\/es\/wp-json\/wp\/v2\/media?parent=11531"}],"wp:term":[{"taxonomy":"product_brand","embeddable":true,"href":"https:\/\/ayaneo.co\/es\/wp-json\/wp\/v2\/product_brand?post=11531"},{"taxonomy":"product_cat","embeddable":true,"href":"https:\/\/ayaneo.co\/es\/wp-json\/wp\/v2\/product_cat?post=11531"},{"taxonomy":"product_tag","embeddable":true,"href":"https:\/\/ayaneo.co\/es\/wp-json\/wp\/v2\/product_tag?post=11531"}],"curies":[{"name":"wp","href":"https:\/\/api.w.org\/{rel}","templated":true}]}}