{"id":11547,"date":"2025-02-27T10:35:12","date_gmt":"2025-02-27T10:35:12","guid":{"rendered":"https:\/\/ayaneo.co\/product\/ayaneo-modulos-magicos\/"},"modified":"2025-12-11T00:10:37","modified_gmt":"2025-12-11T00:10:37","slug":"ayaneo-modulos-magicos","status":"publish","type":"product","link":"https:\/\/ayaneo.co\/es\/product\/ayaneo-modulos-magicos\/","title":{"rendered":"AYANEO M\u00f3dulos m\u00e1gicos"},"content":{"rendered":"\n<h2 class=\"wp-block-heading\">AYANEO M\u00f3dulos m\u00e1gicos - El futuro de los dispositivos port\u00e1tiles modulares<\/h2>\n\n<p><strong>Los M\u00f3dulos M\u00e1gicos deAYANEO <\/strong> redefinen el juego port\u00e1til al introducir <strong>un ecosistema verdaderamente modular<\/strong>, que permite a los usuarios <strong>mejorar y personalizar su experiencia en AYANEO 3<\/strong> con accesorios intercambiables que se fijan magn\u00e9ticamente. Dise\u00f1ados para ser flexibles, estos m\u00f3dulos <strong>ampl\u00edan la funcionalidad sin comprometer la portabilidad<\/strong>, lo que los convierte en un cambio de juego tanto para los entusiastas de la tecnolog\u00eda como para los jugadores. <\/p>\n\n<h2 class=\"wp-block-heading\"><strong>Modularidad magn\u00e9tica sin fisuras<\/strong><\/h2>\n\n<p>Con la <strong>innovadora interfaz magn\u00e9tica deAYANEO<\/strong>, intercambiar m\u00f3dulos no supone ning\u00fan esfuerzo, proporcionando una <strong>experiencia plug-and-play<\/strong> adaptada a tus necesidades. Los M\u00f3dulos M\u00e1gicos de primera generaci\u00f3n ofrecen una serie de funcionalidades, desde <strong>opciones de entrada mejoradas<\/strong> hasta <strong>conectividad ampliada<\/strong>. <\/p>\n\n<h2 class=\"wp-block-heading\"><strong>Construido para el futuro<\/strong><\/h2>\n\n<p>AYANEO es pionera en el <strong>primer dispositivo port\u00e1til para juegos verdaderamente modular<\/strong>, garantizando <strong>versatilidad a largo plazo<\/strong> con un ecosistema evolutivo de M\u00f3dulos M\u00e1gicos. Tanto si eres <strong>un jugador empedernido<\/strong>, un <strong>profesional creativo<\/strong> o <strong>un entusiasta de la tecnolog\u00eda<\/strong>, estos accesorios te permiten <strong>adaptar tu dispositivo a diferentes escenarios sin comprometer el rendimiento<\/strong>. <\/p>\n\n<h3 class=\"wp-block-heading\"><strong>\u00a1Toma el control de tu experiencia de juego port\u00e1til con los M\u00f3dulos M\u00e1gicos de AYANEO!<\/strong><\/h3>\n\n<p><\/p>\n","protected":false},"excerpt":{"rendered":"<ul>\n<li><strong>Dise\u00f1o modular<\/strong>: intercambia accesorios sin esfuerzo.<\/li>\n<li><strong>Fijaci\u00f3n magn\u00e9tica<\/strong> - F\u00e1cil intercambio plug-and-play.<\/li>\n<li><strong>Funciones mejoradas<\/strong> - Mejora las entradas y la conectividad.<\/li>\n<li><strong>A prueba de futuro<\/strong> - Ampliable con nuevos m\u00f3dulos.<\/li>\n<li><strong>Port\u00e1til y vers\u00e1til<\/strong>: personalizaci\u00f3n sin volumen.<\/li>\n<\/ul>\n[cg_accordion title=\"INFORMACI\u00d3N SOBRE EL PAGO\"]<\/p>\n<p>Utilizamos la \u00faltima tecnolog\u00eda en procesamiento de pagos, que te permite pagar mediante Apple Pay, Google Pay, tu tarjeta de d\u00e9bito\/cr\u00e9dito, PayPal o m\u00e9todos BNPL como Klarna, Affirm o AfterPay para una experiencia r\u00e1pida y segura.[\/cg_accordion]\n[cg_accordion title=\"GARANT\u00cdA\"]<\/p>\n<p>1 a\u00f1o de garant\u00eda de <a href=\"https:\/\/droix.net\/\" target=\"_blank\" rel=\"nofollow noopener\">DROIX Global<\/a> para tu tranquilidad[\/cg_accordion]\n[cg_accordion title=\"GARANT\u00cdA DE CALIDAD Y PRUEBAS PREVIAS A LA EXPEDICI\u00d3N\"]<\/p>\n<p>Garantizamos la satisfacci\u00f3n del cliente al m\u00e1s alto nivel: Cada dispositivo se somete a rigurosas pruebas y a una comprobaci\u00f3n de garant\u00eda de calidad en varios puntos antes de ser enviado. Nuestro equipo especializado verifica el rendimiento, la funcionalidad y la integridad de los componentes para garantizar que tu dispositivo AYANEO est\u00e9 en perfecto estado de funcionamiento a su llegada, proporcion\u00e1ndote confianza y tranquilidad. [\/cg_accordion]\n[cg_accordion title=\"PRECIOS, IMPUESTOS Y ENV\u00cdO\"]<\/p>\n<p><strong><u>Nota:<\/u><\/strong><\/p>\n<ul>\n<li>Clientes de Estados Unidos: El precio indicado NO incluye impuestos ni aranceles. La responsabilidad de despachar aduanas y pagar cualquier impuesto o arancel asociado recae en el cliente. <\/li>\n<li>Clientes de la UE: El precio indicado incluye el IMPUESTO aplicable, que puede ser de hasta el 25% dependiendo de tu pa\u00eds.<\/li>\n<li>Clientes de Canad\u00e1: El precio mostrado incluye los impuestos aplicables, que pueden incluir un 5% de GST e impuestos de venta provinciales (PST), impuestos de venta armonizados (HST) o impuestos de venta de Quebec (QST) adicionales, dependiendo de tu provincia.<\/li>\n<\/ul>\n<p><strong>S\u00d3LO para clientes de la UE:<\/strong> DDP expr\u00e9s (entrega con derechos pagados). Esto significa: <\/p>\n<ul>\n<li>Todos los derechos de aduana e impuestos est\u00e1n incluidos en el precio que aparece en la p\u00e1gina del producto.<\/li>\n<li>No tendr\u00e1s que pagar ning\u00fan gasto adicional en el momento de la entrega.<\/li>\n<li>En el raro caso de que surjan problemas relacionados con las aduanas, nuestro equipo se encargar\u00e1 del proceso de despacho de aduanas en tu nombre para garantizar una experiencia de entrega sin problemas.<\/li>\n<p>Informaci\u00f3n importante sobre devoluciones:<\/p>\n<li>Si decides devolver tu pedido o solicitar un reembolso, ten en cuenta que los impuestos y aranceles pagados en tu nombre seg\u00fan las condiciones del DDP no pueden reembolsarse.<\/li>\n<p>Consulta nuestras <a href=\"https:\/\/ayaneo.co\/es\/condiciones-del-servicio\/\" target=\"_blank\" rel=\"nofollow noopener\">Condiciones generales<\/a> para obtener informaci\u00f3n detallada.\n<\/ul>\n<p>[\/cg_accordion]\n[cg_accordion title=\"ATENCI\u00d3N AL CLIENTE\"]<\/p>\n<p>\u00bfTienes alguna pregunta? \u00a1Estamos a un SMS de solucionar tu problema! [\/cg_accordion]\n[cg_accordion title=\"EL PAQUETE INCLUYE\"]\n","protected":false},"featured_media":10201,"template":"","meta":{"_acf_changed":false},"product_brand":[],"product_cat":[373],"product_tag":[],"class_list":{"0":"post-11547","1":"product","2":"type-product","3":"status-publish","4":"has-post-thumbnail","6":"product_cat-accesorios","7":"product_shipping_class-low-end","8":"pa_brand-ayaneo","9":"pa_compatible-with-ayaneo-3-es","11":"first","12":"instock","13":"sale","14":"taxable","15":"shipping-taxable","16":"purchasable","17":"product-type-variable","18":"has-default-attributes"},"acf":[],"_links":{"self":[{"href":"https:\/\/ayaneo.co\/es\/wp-json\/wp\/v2\/product\/11547","targetHints":{"allow":["GET"]}}],"collection":[{"href":"https:\/\/ayaneo.co\/es\/wp-json\/wp\/v2\/product"}],"about":[{"href":"https:\/\/ayaneo.co\/es\/wp-json\/wp\/v2\/types\/product"}],"wp:featuredmedia":[{"embeddable":true,"href":"https:\/\/ayaneo.co\/es\/wp-json\/wp\/v2\/media\/10201"}],"wp:attachment":[{"href":"https:\/\/ayaneo.co\/es\/wp-json\/wp\/v2\/media?parent=11547"}],"wp:term":[{"taxonomy":"product_brand","embeddable":true,"href":"https:\/\/ayaneo.co\/es\/wp-json\/wp\/v2\/product_brand?post=11547"},{"taxonomy":"product_cat","embeddable":true,"href":"https:\/\/ayaneo.co\/es\/wp-json\/wp\/v2\/product_cat?post=11547"},{"taxonomy":"product_tag","embeddable":true,"href":"https:\/\/ayaneo.co\/es\/wp-json\/wp\/v2\/product_tag?post=11547"}],"curies":[{"name":"wp","href":"https:\/\/api.w.org\/{rel}","templated":true}]}}