{"id":11557,"date":"2025-03-17T09:44:54","date_gmt":"2025-03-17T09:44:54","guid":{"rendered":"https:\/\/ayaneo.co\/product\/ayaneo-multi-estacion-negro-grafito\/"},"modified":"2026-01-06T00:28:12","modified_gmt":"2026-01-06T00:28:12","slug":"ayaneo-multi-estacion-negro-grafito","status":"publish","type":"product","link":"https:\/\/ayaneo.co\/es\/product\/ayaneo-multi-estacion-negro-grafito\/","title":{"rendered":"AYANEO MULTI ESTACI\u00d3N - Negro grafito"},"content":{"rendered":"\n<p><span data-contrast=\"none\">La <strong>estaci\u00f3n de acoplamiento m\u00faltipleAYANEO <\/strong> libera todo el potencial de tu AYA NEO con un sistema de acoplamiento f\u00e1cil de usar con m\u00faltiples puertos de expansi\u00f3n.  <\/span><\/p>\n\n<p><span data-contrast=\"none\">La <strong>estaci\u00f3n de acoplamiento<\/strong> m\u00faltiple AYANEO <strong>est\u00e1 disponible en<\/strong> negro grafito. <strong>Es compatible con todos los modelos de AYANEO <\/strong> gracias a un enchufe base patentado que puede moverse para adaptarse a las ubicaciones ligeramente diferentes del puerto USB Tipo-C de cada modelo.   <\/span><\/p>\n\n<p><span data-contrast=\"none\">Con unas medidas aproximadas<strong> de 5,9 x 2,7 x 1,45 pulgadas (15,1 x 7,0 x 3,7 cm) y un peso de unos 200 g,<\/strong> la AYANEO Multi Docking Station ocupa un espacio m\u00ednimo en el escritorio y permanece segura en \u00e9l, al tiempo que admite ocho puertos de expansi\u00f3n.<\/span><span data-ccp-props=\"{\"> <\/span><\/p>\n\n<p><span data-contrast=\"none\">En la parte trasera de la AYANEO Multi Docking Station, de izquierda a derecha, hay un <\/span><a href=\"https:\/\/en.wikipedia.org\/wiki\/USB-C\" target=\"_blank\" rel=\"noopener\"><span data-contrast=\"none\">USB Tipo-C<\/span><\/a><span data-contrast=\"none\">  que puede utilizarse para perif\u00e9ricos como un disco duro externo. Hay dos   <\/span><a href=\"https:\/\/www.viewsonic.com\/library\/tech\/usb-c-usb-b-and-usb-a-whats-the-difference\/\" target=\"_blank\" rel=\"noopener\"><span data-contrast=\"none\">USB-A<\/span><\/a><span data-contrast=\"none\">  que pueden utilizarse, por ejemplo, para el rat\u00f3n y el teclado. El segundo puerto USB Tipo-C se utiliza para la alimentaci\u00f3n de la estaci\u00f3n de acoplamiento y tambi\u00e9n puede cargar los modelos AYANEO conectados. <\/span><span data-ccp-props=\"{\"> <\/span><\/p>\n\n<p><span data-contrast=\"none\">En <\/span><a href=\"https:\/\/en.wikipedia.org\/wiki\/HDMI\" target=\"_blank\" rel=\"noopener\"><span data-contrast=\"none\">HDMI<\/span><\/a><span data-contrast=\"none\">  El puerto 2.0b se puede utilizar para la salida de v\u00eddeo desde tu AYANEO a tu televisor o monitor. <strong>Admite hasta 4K a 60 Hz<\/strong>. El puerto Gigabit   <\/span><a href=\"https:\/\/en.wikipedia.org\/wiki\/Ethernet\" target=\"_blank\" rel=\"noopener\"><span data-contrast=\"none\">puerto ethernet<\/span><\/a><span data-contrast=\"none\"> te garantiza una transferencia de datos segura y de alta velocidad hacia y desde la estaci\u00f3n de acoplamiento m\u00faltiple AYANEO.<\/span><span data-ccp-props=\"{\"> <\/span><\/p>\n\n<p><span data-contrast=\"none\">En el lado derecho de la AYANEO Multi Docking Station hay una ranura para tarjetas Micro SD y otra para tarjetas SD.<\/span><span data-ccp-props=\"{\"> <\/span><\/p>\n\n<p><span data-contrast=\"none\">La Base de conexi\u00f3n m\u00faltiple AYANEO es compatible con <strong>todos los modelos AYANEO, incluidos <\/strong><\/span><strong><a href=\"https:\/\/droix.co.uk\/product\/ayaneo-2\/\" target=\"_blank\" rel=\"noopener\">AYANEO 2<\/a>, AYANEO Geek, <a href=\"https:\/\/droix.co.uk\/product\/ayaneo-air\/\" target=\"_blank\" rel=\"noopener\">AYANEO Air PRO<\/a>, <a href=\"https:\/\/droix.co.uk\/product\/ayaneo-next\/\" target=\"_blank\" rel=\"noopener\">AYANEO NEXT<\/a>, <a href=\"https:\/\/droix.co.uk\/product\/ayaneo-next-pro\/\" target=\"_blank\" rel=\"noopener\">AYANEO Next PRO<\/a>, <a href=\"https:\/\/droix.co.uk\/product\/ayaneo-next\/\" target=\"_blank\" rel=\"noopener\">AYANEO 2021<\/a> y <a href=\"https:\/\/droix.co.uk\/product\/ayaneo-next-pro\/\" target=\"_blank\" rel=\"noopener\">AYANEO 2021 Pro<\/a>. <\/strong> <\/p>\n\n<p><span data-contrast=\"none\">La <strong>AYANEO Multi Docking Station es el complemento perfecto para tu AYAYNEO<\/strong>, ya que lo transforma de un dispositivo port\u00e1til para juegos en una potente soluci\u00f3n similar a un PC de sobremesa, con toda la conectividad que necesitas.<\/span><span data-ccp-props=\"{\"> <\/span><\/p>\n\n<p>Puedes leer nuestro <a href=\"https:\/\/droix.co.uk\/blogs\/ayaneo-docking-station-review\/\" target=\"_blank\" rel=\"noopener\">an\u00e1lisis deAYANEO Multi Docking Station aqu\u00ed<\/a>.<\/p>\n\n<figure class=\"wp-block-image aligncenter\"><img decoding=\"async\" src=\"https:\/\/droix.net\/wp-content\/uploads\/2022\/12\/8fb77202211071909143194ready.jpg\" alt=\"\" class=\"wp-image-88164\"\/><\/figure>\n\n<figure class=\"wp-block-image aligncenter\"><img decoding=\"async\" src=\"https:\/\/droix.net\/wp-content\/uploads\/2022\/12\/ea565202211071908508498ready.jpg\" alt=\"\" class=\"wp-image-88174\"\/><\/figure>\n\n<p><\/p>\n","protected":false},"excerpt":{"rendered":"<ul>\n<li><b>Producto oficial AYANEO <\/b><\/li>\n<li><strong>Compatible<\/strong> con <strong>todos los dispositivos de mano AYANEO <\/strong><\/li>\n<li><b>Exclusivo tap\u00f3n base patentado<\/b><\/li>\n<li><strong>Hasta 8<\/strong> puertos de expansi\u00f3n<\/li>\n<li>Ranura para tarjeta MicroSD<\/li>\n<\/ul>\n[cg_accordion title=\"INFORMACI\u00d3N SOBRE EL PAGO\"]<\/p>\n<p>Utilizamos la \u00faltima tecnolog\u00eda en procesamiento de pagos, que te permite pagar mediante Apple Pay, Google Pay, tu tarjeta de d\u00e9bito\/cr\u00e9dito, PayPal o m\u00e9todos BNPL como Klarna, Affirm o AfterPay para una experiencia r\u00e1pida y segura.[\/cg_accordion]\n[cg_accordion title=\"GARANT\u00cdA\"]<\/p>\n<p>1 a\u00f1o de garant\u00eda de <a href=\"https:\/\/droix.net\/\" target=\"_blank\" rel=\"nofollow noopener\">DROIX Global<\/a> para tu tranquilidad[\/cg_accordion]\n[cg_accordion title=\"GARANT\u00cdA DE CALIDAD Y PRUEBAS PREVIAS A LA EXPEDICI\u00d3N\"]<\/p>\n<p>Garantizamos la satisfacci\u00f3n del cliente al m\u00e1s alto nivel: Cada dispositivo se somete a rigurosas pruebas y a una comprobaci\u00f3n de garant\u00eda de calidad en varios puntos antes de ser enviado. Nuestro equipo especializado verifica el rendimiento, la funcionalidad y la integridad de los componentes para garantizar que tu dispositivo AYANEO est\u00e9 en perfecto estado de funcionamiento a su llegada, proporcion\u00e1ndote confianza y tranquilidad. [\/cg_accordion]\n[cg_accordion title=\"PRECIOS, IMPUESTOS Y ENV\u00cdO\"]<\/p>\n<p><strong><u>Nota:<\/u><\/strong><\/p>\n<ul>\n<li>Clientes de Estados Unidos: El precio indicado NO incluye impuestos ni aranceles. La responsabilidad de despachar aduanas y pagar cualquier impuesto o arancel asociado recae en el cliente. <\/li>\n<li>Clientes de la UE: El precio indicado incluye el IMPUESTO aplicable, que puede ser de hasta el 25% dependiendo de tu pa\u00eds.<\/li>\n<li>Clientes de Canad\u00e1: El precio mostrado incluye los impuestos aplicables, que pueden incluir un 5% de GST e impuestos de venta provinciales (PST), impuestos de venta armonizados (HST) o impuestos de venta de Quebec (QST) adicionales, dependiendo de tu provincia.<\/li>\n<\/ul>\n<p><strong>S\u00d3LO para clientes de la UE:<\/strong> DDP expr\u00e9s (entrega con derechos pagados). Esto significa: <\/p>\n<ul>\n<li>Todos los derechos de aduana e impuestos est\u00e1n incluidos en el precio que aparece en la p\u00e1gina del producto.<\/li>\n<li>No tendr\u00e1s que pagar ning\u00fan gasto adicional en el momento de la entrega.<\/li>\n<li>En el raro caso de que surjan problemas relacionados con las aduanas, nuestro equipo se encargar\u00e1 del proceso de despacho de aduanas en tu nombre para garantizar una experiencia de entrega sin problemas.<\/li>\n<p>Informaci\u00f3n importante sobre devoluciones:<\/p>\n<li>Si decides devolver tu pedido o solicitar un reembolso, ten en cuenta que los impuestos y aranceles pagados en tu nombre seg\u00fan las condiciones del DDP no pueden reembolsarse.<\/li>\n<p>Consulta nuestras <a href=\"https:\/\/ayaneo.co\/es\/condiciones-del-servicio\/\" target=\"_blank\" rel=\"nofollow noopener\">Condiciones generales<\/a> para obtener informaci\u00f3n detallada.\n<\/ul>\n<p>[\/cg_accordion]\n[cg_accordion title=\"ATENCI\u00d3N AL CLIENTE\"]<\/p>\n<p>\u00bfTienes alguna pregunta? \u00a1Estamos a un SMS de solucionar tu problema! [\/cg_accordion]\n[cg_accordion title=\"EL PAQUETE INCLUYE\"]<\/p>\n<ul>\n<li>1x AYANEO Estaci\u00f3n de acoplamiento<\/li>\n<\/ul>\n<p>[\/cg_accordion]\n","protected":false},"featured_media":10691,"template":"","meta":{"_acf_changed":false},"product_brand":[],"product_cat":[373],"product_tag":[],"class_list":{"0":"post-11557","1":"product","2":"type-product","3":"status-publish","4":"has-post-thumbnail","6":"product_cat-accesorios","7":"product_shipping_class-low-end","8":"pa_accessory-type-estacion-de-acoplamiento","9":"pa_brand-ayaneo","10":"pa_compatible-with-ayaneo-2-es","11":"pa_compatible-with-ayaneo-2021-es","12":"pa_compatible-with-ayaneo-3-es","13":"pa_compatible-with-ayaneo-air-es","14":"pa_compatible-with-ayaneo-geek-es","16":"first","17":"instock","18":"taxable","19":"shipping-taxable","20":"purchasable","21":"product-type-simple"},"acf":[],"_links":{"self":[{"href":"https:\/\/ayaneo.co\/es\/wp-json\/wp\/v2\/product\/11557","targetHints":{"allow":["GET"]}}],"collection":[{"href":"https:\/\/ayaneo.co\/es\/wp-json\/wp\/v2\/product"}],"about":[{"href":"https:\/\/ayaneo.co\/es\/wp-json\/wp\/v2\/types\/product"}],"wp:featuredmedia":[{"embeddable":true,"href":"https:\/\/ayaneo.co\/es\/wp-json\/wp\/v2\/media\/10691"}],"wp:attachment":[{"href":"https:\/\/ayaneo.co\/es\/wp-json\/wp\/v2\/media?parent=11557"}],"wp:term":[{"taxonomy":"product_brand","embeddable":true,"href":"https:\/\/ayaneo.co\/es\/wp-json\/wp\/v2\/product_brand?post=11557"},{"taxonomy":"product_cat","embeddable":true,"href":"https:\/\/ayaneo.co\/es\/wp-json\/wp\/v2\/product_cat?post=11557"},{"taxonomy":"product_tag","embeddable":true,"href":"https:\/\/ayaneo.co\/es\/wp-json\/wp\/v2\/product_tag?post=11557"}],"curies":[{"name":"wp","href":"https:\/\/api.w.org\/{rel}","templated":true}]}}