{"id":11769,"date":"2025-01-23T13:59:52","date_gmt":"2025-01-23T13:59:52","guid":{"rendered":"https:\/\/ayaneo.co\/product\/ayaneo-protector-de-pantalla-pocket-evo\/"},"modified":"2025-12-09T00:38:30","modified_gmt":"2025-12-09T00:38:30","slug":"ayaneo-protector-de-pantalla-pocket-evo","status":"publish","type":"product","link":"https:\/\/ayaneo.co\/es\/product\/ayaneo-protector-de-pantalla-pocket-evo\/","title":{"rendered":"Protector de pantalla AYANEO Pocket EVO"},"content":{"rendered":"\n<h2 class=\"wp-block-heading\">Resumen del producto:<\/h2>\n\n<p>El <strong>protector de pantalla AYANEO Pocket EVO<\/strong> est\u00e1 dise\u00f1ado para salvaguardar la pantalla de tu consola al tiempo que garantiza una claridad superior. Fabricado con cristal templado de alta calidad, este protector de pantalla ofrece una excelente resistencia a ara\u00f1azos y manchas, manteniendo la pantalla de tu dispositivo impoluta y tus im\u00e1genes impecables. <\/p>\n\n<ol class=\"wp-block-list\">\n<li><strong>Ajuste a medida<\/strong> para AYANEO Pocket EVO.<\/li>\n\n\n\n<li><strong>Superficie<\/strong> duradera y <strong>resistente a los ara\u00f1azos<\/strong>.<\/li>\n\n\n\n<li>Material ultratransparente para <strong>unas im\u00e1genes de juego vivas<\/strong>.<\/li>\n\n\n\n<li>Revestimiento antimanchas para una <strong>visualizaci\u00f3n limpia y clara<\/strong>.<\/li>\n\n\n\n<li>Instalaci\u00f3n f\u00e1cil y sin burbujas para una <strong>aplicaci\u00f3n sin complicaciones<\/strong>.<\/li>\n<\/ol>\n\n<h2 class=\"wp-block-heading\">\u00bfPor qu\u00e9 elegir el protector de pantalla AYANEO Pocket EVO?<\/h2>\n\n<p>El protector de pantalla AYANEO Pocket EVO combina materiales de primera calidad y un dise\u00f1o preciso para ofrecer una protecci\u00f3n y claridad visual extraordinarias. Tanto si juegas en casa como si te desplazas, este protector de pantalla garantiza que tu dispositivo no sufra ara\u00f1azos y mantenga unas im\u00e1genes vivas y n\u00edtidas. <\/p>\n\n<hr class=\"wp-block-separator has-alpha-channel-opacity\"\/>\n\n<h4 class=\"wp-block-heading\">Especificaciones:<\/h4>\n\n<ul class=\"wp-block-list\">\n<li><strong>Material:<\/strong> Cristal templado<\/li>\n\n\n\n<li><strong>Compatibilidad:<\/strong> Consola AYANEO Pocket EVO<\/li>\n\n\n\n<li><strong>Caracter\u00edsticas:<\/strong> Aplicaci\u00f3n resistente a los ara\u00f1azos, a prueba de manchas, ultratransparente y sin burbujas<\/li>\n<\/ul>\n\n<p>Mejora tu experiencia de juego con el protector de pantalla AYANEO Pocket EVO: \u00a1el escudo definitivo para la pantalla de tu consola!  <\/p>\n","protected":false},"excerpt":{"rendered":"<ul>\n<li><strong>Ajuste a medida<\/strong> para AYANEO Pocket EVO.<\/li>\n<li><strong>Superficie<\/strong> duradera y <strong>resistente a los ara\u00f1azos<\/strong>.<\/li>\n<li>Material ultratransparente para <strong>unas im\u00e1genes de juego vivas<\/strong>.<\/li>\n<li>Revestimiento antimanchas para una <strong>visualizaci\u00f3n limpia y clara<\/strong>.<\/li>\n<li>Instalaci\u00f3n f\u00e1cil y sin burbujas para una <strong>aplicaci\u00f3n sin complicaciones<\/strong>.<\/li>\n<\/ul>\n[cg_accordion title=\"INFORMACI\u00d3N SOBRE EL PAGO\"]<\/p>\n<p>Utilizamos la \u00faltima tecnolog\u00eda en procesamiento de pagos, que te permite pagar mediante Apple Pay, Google Pay, tu tarjeta de d\u00e9bito\/cr\u00e9dito, PayPal o m\u00e9todos BNPL como Klarna, Affirm o AfterPay para una experiencia r\u00e1pida y segura.[\/cg_accordion]\n[cg_accordion title=\"GARANT\u00cdA\"]<\/p>\n<p>1 a\u00f1o de garant\u00eda de <a href=\"https:\/\/droix.net\/\" target=\"_blank\" rel=\"nofollow noopener\">DROIX Global<\/a> para tu tranquilidad[\/cg_accordion]\n[cg_accordion title=\"GARANT\u00cdA DE CALIDAD Y PRUEBAS PREVIAS A LA EXPEDICI\u00d3N\"]<\/p>\n<p>Garantizamos la satisfacci\u00f3n del cliente al m\u00e1s alto nivel: Cada dispositivo se somete a rigurosas pruebas y a una comprobaci\u00f3n de garant\u00eda de calidad en varios puntos antes de ser enviado. Nuestro equipo especializado verifica el rendimiento, la funcionalidad y la integridad de los componentes para garantizar que tu dispositivo AYANEO est\u00e9 en perfecto estado de funcionamiento a su llegada, proporcion\u00e1ndote confianza y tranquilidad. [\/cg_accordion]\n[cg_accordion title=\"PRECIOS, IMPUESTOS Y ENV\u00cdO\"]<\/p>\n<p><strong><u>Nota:<\/u><\/strong><\/p>\n<ul>\n<li>Clientes de Estados Unidos: El precio indicado NO incluye impuestos ni aranceles. La responsabilidad de despachar aduanas y pagar cualquier impuesto o arancel asociado recae en el cliente. <\/li>\n<li>Clientes de la UE: El precio indicado incluye el IMPUESTO aplicable, que puede ser de hasta el 25% dependiendo de tu pa\u00eds.<\/li>\n<li>Clientes de Canad\u00e1: El precio mostrado incluye los impuestos aplicables, que pueden incluir un 5% de GST e impuestos de venta provinciales (PST), impuestos de venta armonizados (HST) o impuestos de venta de Quebec (QST) adicionales, dependiendo de tu provincia.<\/li>\n<\/ul>\n<p><strong>S\u00d3LO para clientes de la UE:<\/strong> DDP expr\u00e9s (entrega con derechos pagados). Esto significa: <\/p>\n<ul>\n<li>Todos los derechos de aduana e impuestos est\u00e1n incluidos en el precio que aparece en la p\u00e1gina del producto.<\/li>\n<li>No tendr\u00e1s que pagar ning\u00fan gasto adicional en el momento de la entrega.<\/li>\n<li>En el raro caso de que surjan problemas relacionados con las aduanas, nuestro equipo se encargar\u00e1 del proceso de despacho de aduanas en tu nombre para garantizar una experiencia de entrega sin problemas.<\/li>\n<p>Informaci\u00f3n importante sobre devoluciones:<\/p>\n<li>Si decides devolver tu pedido o solicitar un reembolso, ten en cuenta que los impuestos y aranceles pagados en tu nombre seg\u00fan las condiciones del DDP no pueden reembolsarse.<\/li>\n<p>Consulta nuestras <a href=\"https:\/\/ayaneo.co\/es\/condiciones-del-servicio\/\" target=\"_blank\" rel=\"nofollow noopener\">Condiciones generales<\/a> para obtener informaci\u00f3n detallada.\n<\/ul>\n<p>[\/cg_accordion]\n[cg_accordion title=\"ATENCI\u00d3N AL CLIENTE\"]<\/p>\n<p>\u00bfTienes alguna pregunta? \u00a1Estamos a un SMS de solucionar tu problema! [\/cg_accordion]\n[cg_accordion title=\"EL PAQUETE INCLUYE\"]<\/p>\n<ul>\n<li>1x Protector de pantalla AYANEO Pocket EVO<\/li>\n<\/ul>\n<p>[\/cg_accordion]\n","protected":false},"featured_media":7911,"template":"","meta":{"_acf_changed":false},"product_brand":[],"product_cat":[373],"product_tag":[],"class_list":{"0":"post-11769","1":"product","2":"type-product","3":"status-publish","4":"has-post-thumbnail","6":"product_cat-accesorios","7":"product_shipping_class-low-end","8":"pa_accessory-type-protector-de-pantalla","9":"pa_brand-ayaneo","11":"first","12":"instock","13":"sale","14":"taxable","15":"shipping-taxable","16":"purchasable","17":"product-type-simple"},"acf":[],"_links":{"self":[{"href":"https:\/\/ayaneo.co\/es\/wp-json\/wp\/v2\/product\/11769","targetHints":{"allow":["GET"]}}],"collection":[{"href":"https:\/\/ayaneo.co\/es\/wp-json\/wp\/v2\/product"}],"about":[{"href":"https:\/\/ayaneo.co\/es\/wp-json\/wp\/v2\/types\/product"}],"wp:featuredmedia":[{"embeddable":true,"href":"https:\/\/ayaneo.co\/es\/wp-json\/wp\/v2\/media\/7911"}],"wp:attachment":[{"href":"https:\/\/ayaneo.co\/es\/wp-json\/wp\/v2\/media?parent=11769"}],"wp:term":[{"taxonomy":"product_brand","embeddable":true,"href":"https:\/\/ayaneo.co\/es\/wp-json\/wp\/v2\/product_brand?post=11769"},{"taxonomy":"product_cat","embeddable":true,"href":"https:\/\/ayaneo.co\/es\/wp-json\/wp\/v2\/product_cat?post=11769"},{"taxonomy":"product_tag","embeddable":true,"href":"https:\/\/ayaneo.co\/es\/wp-json\/wp\/v2\/product_tag?post=11769"}],"curies":[{"name":"wp","href":"https:\/\/api.w.org\/{rel}","templated":true}]}}