{"id":12399,"date":"2025-03-24T16:59:03","date_gmt":"2025-03-24T16:59:03","guid":{"rendered":"https:\/\/ayaneo.co\/?post_type=product&#038;p=12399"},"modified":"2025-12-09T00:33:56","modified_gmt":"2025-12-09T00:33:56","slug":"ayaneo-protector-de-pantalla-pocket-evo-copy","status":"publish","type":"product","link":"https:\/\/ayaneo.co\/es\/product\/ayaneo-protector-de-pantalla-pocket-evo-copy\/","title":{"rendered":"AYANEO 3 Protector de pantalla - \u00a1Protecci\u00f3n cristalina para tu pantalla!"},"content":{"rendered":"\n<p>\u00a1Mant\u00e9n impecable la pantalla de tu <strong>AYANEO 3<\/strong> con este <strong>protector de pantalla de alta calidad<\/strong>! Dise\u00f1ado para ofrecer <strong>la m\u00e1xima claridad, resistencia a los ara\u00f1azos y f\u00e1cil aplicaci\u00f3n<\/strong>, este protector garantiza que tu experiencia de juego se mantenga fluida e ininterrumpida.<\/p>\n\n<h2 class=\"wp-block-heading\"><strong>Caracter\u00edsticas principales:<\/strong><\/h2>\n\n<p><strong>Pantalla HD ultran\u00edtida<\/strong>: mantiene <strong>la precisi\u00f3n del color real<\/strong> y la nitidez visual para una experiencia envolvente.<\/p>\n\n<p><strong>Resistente a ara\u00f1azos e impactos<\/strong> - Protege tu pantalla de ara\u00f1azos, ca\u00eddas y el desgaste diario.  <\/p>\n\n<p><strong>Ajuste preciso e instalaci\u00f3n sencilla<\/strong> - Dise\u00f1ado espec\u00edficamente para <strong>AYANEO 3<\/strong>, lo que garantiza una aplicaci\u00f3n sin juntas ni burbujas.<\/p>\n\n<p><strong>Resistente a huellas dactilares y<\/strong> manchas - El revestimiento oleof\u00f3bico repele las huellas dactilares y las manchas para un aspecto limpio.<\/p>\n\n<p><strong>Adhesi\u00f3n sin burbujas<\/strong> - F\u00e1cil de aplicar sin burbujas de aire, lo que garantiza un <strong>acabado liso<\/strong> en todo momento.<\/p>\n\n<p>Protege tu <strong>AYANEO 3<\/strong> con este <strong>protector de pantalla premium<\/strong> y <strong>\u00a1juega con confianza!<\/strong><\/p>\n\n<p><\/p>\n","protected":false},"excerpt":{"rendered":"<ul>\n<li>Protector de pantalla <strong>oficial de<\/strong> AYANEO 3<\/li>\n<li><strong>Ultraclara HD<\/strong> - Conserva la calidad de la pantalla y la precisi\u00f3n del color.<\/li>\n<li><strong>Resistente a ara\u00f1azos e impactos<\/strong> - Protege contra da\u00f1os.<\/li>\n<li><strong>Resistente a manchas y huellas<\/strong>: mantiene limpia la pantalla.<\/li>\n<li><strong>Ajuste perfecto<\/strong> - Dise\u00f1ado exclusivamente para AYANEO 3.<\/li>\n<\/ul>\n[cg_accordion title=\"INFORMACI\u00d3N SOBRE EL PAGO\"]<\/p>\n<p>Utilizamos la \u00faltima tecnolog\u00eda en procesamiento de pagos, que te permite pagar mediante Apple Pay, Google Pay, tu tarjeta de d\u00e9bito\/cr\u00e9dito, PayPal o m\u00e9todos BNPL como Klarna, Affirm o AfterPay para una experiencia r\u00e1pida y segura.[\/cg_accordion]\n[cg_accordion title=\"GARANT\u00cdA\"]<\/p>\n<p>1 a\u00f1o de garant\u00eda de <a href=\"https:\/\/droix.net\/\" target=\"_blank\" rel=\"nofollow noopener\">DROIX Global<\/a> para tu tranquilidad[\/cg_accordion]\n[cg_accordion title=\"GARANT\u00cdA DE CALIDAD Y PRUEBAS PREVIAS A LA EXPEDICI\u00d3N\"]<\/p>\n<p>Garantizamos la satisfacci\u00f3n del cliente al m\u00e1s alto nivel: Cada dispositivo se somete a rigurosas pruebas y a una comprobaci\u00f3n de garant\u00eda de calidad en varios puntos antes de ser enviado. Nuestro equipo especializado verifica el rendimiento, la funcionalidad y la integridad de los componentes para garantizar que tu dispositivo AYANEO est\u00e9 en perfecto estado de funcionamiento a su llegada, proporcion\u00e1ndote confianza y tranquilidad. [\/cg_accordion]\n[cg_accordion title=\"PRECIOS, IMPUESTOS Y ENV\u00cdO\"]<\/p>\n<p><strong><u>Nota:<\/u><\/strong><\/p>\n<ul>\n<li>Clientes de Estados Unidos: El precio indicado NO incluye impuestos ni aranceles. La responsabilidad de despachar aduanas y pagar cualquier impuesto o arancel asociado recae en el cliente. <\/li>\n<li>Clientes de la UE: El precio indicado incluye el IMPUESTO aplicable, que puede ser de hasta el 25% dependiendo de tu pa\u00eds.<\/li>\n<li>Clientes de Canad\u00e1: El precio mostrado incluye los impuestos aplicables, que pueden incluir un 5% de GST e impuestos de venta provinciales (PST), impuestos de venta armonizados (HST) o impuestos de venta de Quebec (QST) adicionales, dependiendo de tu provincia.<\/li>\n<\/ul>\n<p><strong>S\u00d3LO para clientes de la UE:<\/strong> DDP expr\u00e9s (entrega con derechos pagados). Esto significa: <\/p>\n<ul>\n<li>Todos los derechos de aduana e impuestos est\u00e1n incluidos en el precio que aparece en la p\u00e1gina del producto.<\/li>\n<li>No tendr\u00e1s que pagar ning\u00fan gasto adicional en el momento de la entrega.<\/li>\n<li>En el raro caso de que surjan problemas relacionados con las aduanas, nuestro equipo se encargar\u00e1 del proceso de despacho de aduanas en tu nombre para garantizar una experiencia de entrega sin problemas.<\/li>\n<p>Informaci\u00f3n importante sobre devoluciones:<\/p>\n<li>Si decides devolver tu pedido o solicitar un reembolso, ten en cuenta que los impuestos y aranceles pagados en tu nombre seg\u00fan las condiciones del DDP no pueden reembolsarse.<\/li>\n<p>Consulta nuestras <a href=\"https:\/\/ayaneo.co\/es\/condiciones-del-servicio\/\" target=\"_blank\" rel=\"nofollow noopener\">Condiciones generales<\/a> para obtener informaci\u00f3n detallada.\n<\/ul>\n<p>[\/cg_accordion]\n[cg_accordion title=\"ATENCI\u00d3N AL CLIENTE\"]<\/p>\n<p>\u00bfTienes alguna pregunta? \u00a1Estamos a un SMS de solucionar tu problema! [\/cg_accordion]\n[cg_accordion title=\"EL PAQUETE INCLUYE\"]<\/p>\n<ul>\n<li>1x AYANEO 3 Protector de pantalla<\/li>\n<\/ul>\n<p>[\/cg_accordion]\n","protected":false},"featured_media":45875,"template":"","meta":{"_acf_changed":false},"product_brand":[],"product_cat":[373],"product_tag":[],"class_list":{"0":"post-12399","1":"product","2":"type-product","3":"status-publish","4":"has-post-thumbnail","6":"product_cat-accesorios","7":"product_shipping_class-low-end","8":"pa_accessory-type-protector-de-pantalla","9":"pa_brand-ayaneo","11":"first","12":"instock","13":"sale","14":"taxable","15":"shipping-taxable","16":"purchasable","17":"product-type-simple"},"acf":[],"_links":{"self":[{"href":"https:\/\/ayaneo.co\/es\/wp-json\/wp\/v2\/product\/12399","targetHints":{"allow":["GET"]}}],"collection":[{"href":"https:\/\/ayaneo.co\/es\/wp-json\/wp\/v2\/product"}],"about":[{"href":"https:\/\/ayaneo.co\/es\/wp-json\/wp\/v2\/types\/product"}],"wp:featuredmedia":[{"embeddable":true,"href":"https:\/\/ayaneo.co\/es\/wp-json\/wp\/v2\/media\/45875"}],"wp:attachment":[{"href":"https:\/\/ayaneo.co\/es\/wp-json\/wp\/v2\/media?parent=12399"}],"wp:term":[{"taxonomy":"product_brand","embeddable":true,"href":"https:\/\/ayaneo.co\/es\/wp-json\/wp\/v2\/product_brand?post=12399"},{"taxonomy":"product_cat","embeddable":true,"href":"https:\/\/ayaneo.co\/es\/wp-json\/wp\/v2\/product_cat?post=12399"},{"taxonomy":"product_tag","embeddable":true,"href":"https:\/\/ayaneo.co\/es\/wp-json\/wp\/v2\/product_tag?post=12399"}],"curies":[{"name":"wp","href":"https:\/\/api.w.org\/{rel}","templated":true}]}}