{"id":12411,"date":"2025-03-24T16:59:01","date_gmt":"2025-03-24T16:59:01","guid":{"rendered":"https:\/\/ayaneo.co\/?post_type=product&#038;p=12411"},"modified":"2025-12-02T18:15:36","modified_gmt":"2025-12-02T18:15:36","slug":"ayaneo-maletin-pocket-evo-copy","status":"publish","type":"product","link":"https:\/\/ayaneo.co\/es\/product\/ayaneo-maletin-pocket-evo-copy\/","title":{"rendered":"AYANEO 3 Funda de transporte - \u00a1Protecci\u00f3n de primera para tu ordenador de mano!"},"content":{"rendered":"\n<p>Mant\u00e9n tu <strong>AYANEO 3<\/strong> a salvo y seguro con esta <strong>funda de transporte duradera y elegante<\/strong>. Dise\u00f1ada para <strong>ofrecer la m\u00e1xima protecci\u00f3n y portabilidad<\/strong>, esta funda garantiza que tu dispositivo est\u00e9 <strong>siempre listo para la acci\u00f3n<\/strong> dondequiera que vayas. <\/p>\n\n<h3 class=\"wp-block-heading\"><strong>Caracter\u00edsticas principales:<\/strong><\/h3>\n\n<p><strong>Carcasa resistente y protectora<\/strong>: protege tu dispositivo de ca\u00eddas, golpes y ara\u00f1azos.<\/p>\n\n<p><strong>Ajuste perfecto y dise\u00f1o ergon\u00f3mico<\/strong> - Espec\u00edficamente moldeado para la <strong>AYANEO 3<\/strong>, garantizando un <strong>ajuste ce\u00f1ido y seguro<\/strong>.<\/p>\n\n<p><strong>Forro interior suave<\/strong>: evita ara\u00f1azos y mantiene tu dispositivo en perfectas condiciones.  <\/p>\n\n<p><strong>Cierre de cremallera seguro<\/strong> - Proporciona <strong>una protecci\u00f3n total<\/strong> a la vez que permite un f\u00e1cil acceso.<\/p>\n\n<p><strong>Port\u00e1til y ligero<\/strong> - Lleva tu AYANEO 3 sin esfuerzo con la <strong>correa de mu\u00f1eca extra\u00edble<\/strong> para mayor comodidad.<\/p>\n\n<p>Mejora tu sistema de juego <strong>AYANEO 3<\/strong> con esta <strong>funda de transporte esencial<\/strong>: \u00a1el <strong>equilibrio perfecto entre estilo y protecci\u00f3n<\/strong>!<\/p>\n\n<p><\/p>\n","protected":false},"excerpt":{"rendered":"<ul>\n<li>Funda de transporte <strong>oficial de<\/strong> AYANEO 3<\/li>\n<li><strong>Duradero y a prueba de golpes<\/strong> - Protege contra ca\u00eddas y ara\u00f1azos.<\/li>\n<li><strong>Forro interior suave<\/strong> - Mantiene tu dispositivo en perfectas condiciones.<\/li>\n<li><strong>Cremallera y correa seguras<\/strong> - Garantizan un transporte f\u00e1cil y un almacenamiento seguro.<\/li>\n<li><strong>Ajuste perfecto<\/strong>: moldeado a medida para AYANEO 3.<\/li>\n<\/ul>\n[cg_accordion title=\"INFORMACI\u00d3N SOBRE EL PAGO\"]<\/p>\n<p>Utilizamos la \u00faltima tecnolog\u00eda en procesamiento de pagos, que te permite pagar mediante Apple Pay, Google Pay, tu tarjeta de d\u00e9bito\/cr\u00e9dito, PayPal o m\u00e9todos BNPL como Klarna, Affirm o AfterPay para una experiencia r\u00e1pida y segura.[\/cg_accordion]\n[cg_accordion title=\"GARANT\u00cdA\"]<\/p>\n<p>1 a\u00f1o de garant\u00eda de <a href=\"https:\/\/droix.net\/\" target=\"_blank\" rel=\"nofollow noopener\">DROIX Global<\/a> para tu tranquilidad[\/cg_accordion]\n[cg_accordion title=\"GARANT\u00cdA DE CALIDAD Y PRUEBAS PREVIAS A LA EXPEDICI\u00d3N\"]<\/p>\n<p>Garantizamos la satisfacci\u00f3n del cliente al m\u00e1s alto nivel: Cada dispositivo se somete a rigurosas pruebas y a una comprobaci\u00f3n de garant\u00eda de calidad en varios puntos antes de ser enviado. Nuestro equipo especializado verifica el rendimiento, la funcionalidad y la integridad de los componentes para garantizar que tu dispositivo AYANEO est\u00e9 en perfecto estado de funcionamiento a su llegada, proporcion\u00e1ndote confianza y tranquilidad. [\/cg_accordion]\n[cg_accordion title=\"PRECIOS, IMPUESTOS Y ENV\u00cdO\"]<\/p>\n<p><strong><u>Nota:<\/u><\/strong><\/p>\n<ul>\n<li>Clientes de Estados Unidos: El precio indicado NO incluye impuestos ni aranceles. La responsabilidad de despachar aduanas y pagar cualquier impuesto o arancel asociado recae en el cliente. <\/li>\n<li>Clientes de la UE: El precio indicado incluye el IMPUESTO aplicable, que puede ser de hasta el 25% dependiendo de tu pa\u00eds.<\/li>\n<li>Clientes de Canad\u00e1: El precio mostrado incluye los impuestos aplicables, que pueden incluir un 5% de GST e impuestos de venta provinciales (PST), impuestos de venta armonizados (HST) o impuestos de venta de Quebec (QST) adicionales, dependiendo de tu provincia.<\/li>\n<\/ul>\n<p><strong>S\u00d3LO para clientes de la UE:<\/strong> DDP expr\u00e9s (entrega con derechos pagados). Esto significa: <\/p>\n<ul>\n<li>Todos los derechos de aduana e impuestos est\u00e1n incluidos en el precio que aparece en la p\u00e1gina del producto.<\/li>\n<li>No tendr\u00e1s que pagar ning\u00fan gasto adicional en el momento de la entrega.<\/li>\n<li>En el raro caso de que surjan problemas relacionados con las aduanas, nuestro equipo se encargar\u00e1 del proceso de despacho de aduanas en tu nombre para garantizar una experiencia de entrega sin problemas.<\/li>\n<p>Informaci\u00f3n importante sobre devoluciones:<\/p>\n<li>Si decides devolver tu pedido o solicitar un reembolso, ten en cuenta que los impuestos y aranceles pagados en tu nombre seg\u00fan las condiciones del DDP no pueden reembolsarse.<\/li>\n<p>Consulta nuestras <a href=\"https:\/\/ayaneo.co\/es\/condiciones-del-servicio\/\" target=\"_blank\" rel=\"nofollow noopener\">Condiciones generales<\/a> para obtener informaci\u00f3n detallada.\n<\/ul>\n<p>[\/cg_accordion]\n[cg_accordion title=\"ATENCI\u00d3N AL CLIENTE\"]<\/p>\n<p>\u00bfTienes alguna pregunta? \u00a1Estamos a un SMS de solucionar tu problema! [\/cg_accordion]\n[cg_accordion title=\"EL PAQUETE INCLUYE\"]<\/p>\n<ul>\n<li>1x AYANEO 3 Funda<\/li>\n<\/ul>\n<p>[\/cg_accordion]\n","protected":false},"featured_media":12447,"template":"","meta":{"_acf_changed":false},"product_brand":[],"product_cat":[373],"product_tag":[],"class_list":{"0":"post-12411","1":"product","2":"type-product","3":"status-publish","4":"has-post-thumbnail","6":"product_cat-accesorios","7":"product_shipping_class-low-end","8":"pa_accessory-type-funda-protectora","9":"pa_brand-ayaneo","11":"first","12":"instock","13":"sale","14":"taxable","15":"shipping-taxable","16":"purchasable","17":"product-type-variable","18":"has-default-attributes"},"acf":[],"_links":{"self":[{"href":"https:\/\/ayaneo.co\/es\/wp-json\/wp\/v2\/product\/12411","targetHints":{"allow":["GET"]}}],"collection":[{"href":"https:\/\/ayaneo.co\/es\/wp-json\/wp\/v2\/product"}],"about":[{"href":"https:\/\/ayaneo.co\/es\/wp-json\/wp\/v2\/types\/product"}],"wp:featuredmedia":[{"embeddable":true,"href":"https:\/\/ayaneo.co\/es\/wp-json\/wp\/v2\/media\/12447"}],"wp:attachment":[{"href":"https:\/\/ayaneo.co\/es\/wp-json\/wp\/v2\/media?parent=12411"}],"wp:term":[{"taxonomy":"product_brand","embeddable":true,"href":"https:\/\/ayaneo.co\/es\/wp-json\/wp\/v2\/product_brand?post=12411"},{"taxonomy":"product_cat","embeddable":true,"href":"https:\/\/ayaneo.co\/es\/wp-json\/wp\/v2\/product_cat?post=12411"},{"taxonomy":"product_tag","embeddable":true,"href":"https:\/\/ayaneo.co\/es\/wp-json\/wp\/v2\/product_tag?post=12411"}],"curies":[{"name":"wp","href":"https:\/\/api.w.org\/{rel}","templated":true}]}}