{"id":12953,"date":"2025-03-27T09:55:33","date_gmt":"2025-03-27T09:55:33","guid":{"rendered":"https:\/\/ayaneo.co\/product\/ayaneo-aire-pro\/"},"modified":"2025-04-11T12:01:18","modified_gmt":"2025-04-11T12:01:18","slug":"ayaneo-aire-pro","status":"publish","type":"product","link":"https:\/\/ayaneo.co\/es\/product\/ayaneo-aire-pro\/","title":{"rendered":"AYANEO AIRE PRO"},"content":{"rendered":"\n<h2 class=\"wp-block-heading\">AYANEO Aire<\/h2>\n\n<figure class=\"wp-block-image\"><img decoding=\"async\" src=\"https:\/\/droix.net\/wp-content\/uploads\/2022\/10\/TEXT.png\" alt=\"\" title=\"AYA NEO AIR PRO 1\"\/><\/figure>\n\n<figure class=\"wp-block-image\"><img decoding=\"async\" src=\"https:\/\/droix.net\/wp-content\/uploads\/2022\/10\/cpu-perf.png\" alt=\"\" title=\"AYA NEO AIR PRO 2\"\/><\/figure>\n\n<h2 class=\"wp-block-heading\">Potente CPU<\/h2>\n\n<figure class=\"wp-block-image\"><img decoding=\"async\" src=\"https:\/\/droix.net\/wp-content\/uploads\/2022\/10\/oled.png\" alt=\"\" title=\"AYA NEO AIR PRO 3\"\/><\/figure>\n\n<h2 class=\"wp-block-heading\">Pantalla n\u00edtida OLED <\/h2>\n\n<figure class=\"wp-block-image\"><img decoding=\"async\" src=\"https:\/\/droix.net\/wp-content\/uploads\/2022\/10\/controller.png\" alt=\"\" title=\"AYA NEO AIR PRO 4\"\/><\/figure>\n\n<h2 class=\"wp-block-heading\">Mandos de juego<\/h2>\n\n<figure class=\"wp-block-image\"><img decoding=\"async\" src=\"https:\/\/droix.net\/wp-content\/uploads\/2022\/10\/hall-joystick.png\" alt=\"\" title=\"AYA NEO AIR PRO 5\"\/><\/figure>\n\n<h2 class=\"wp-block-heading\">Joysticks HALL<\/h2>\n\n<figure class=\"wp-block-image\"><img decoding=\"async\" src=\"https:\/\/droix.net\/wp-content\/uploads\/2022\/10\/light.png\" alt=\"\" title=\"AYA NEO AIR PRO 6\"\/><\/figure>\n\n<h2 class=\"wp-block-heading\">Ligero<\/h2>\n\n<figure class=\"wp-block-image\"><img decoding=\"async\" src=\"https:\/\/droix.net\/wp-content\/uploads\/2022\/10\/lightweight.png\" alt=\"\" title=\"AYA NEO AIR PRO 7\"\/><\/figure>\n\n<h2 class=\"wp-block-heading\">Port\u00e1til<\/h2>\n\n<figure class=\"wp-block-image\"><img decoding=\"async\" src=\"https:\/\/droix.net\/wp-content\/uploads\/2022\/10\/ayaspace.png\" alt=\"\" title=\"AYA NEO AIR PRO 8\"\/><\/figure>\n\n<h2 class=\"wp-block-heading\">AYASpace<\/h2>\n\n<figure class=\"wp-block-image\"><img decoding=\"async\" src=\"https:\/\/droix.net\/wp-content\/uploads\/2022\/10\/storage-expansion.png\" alt=\"\" title=\"AYA NEO AIR PRO 9\"\/><\/figure>\n\n<h2 class=\"wp-block-heading\">Almacenamiento ampliable<\/h2>\n\n<h2 class=\"wp-block-heading\">AYANEO Aire<\/h2>\n\n<h2 class=\"wp-block-heading\">18mm<\/h2>\n\n<h2 class=\"wp-block-heading\">AYANEO Aire Pro<\/h2>\n\n<h2 class=\"wp-block-heading\">21,6 mm<\/h2>\n\n<figure class=\"wp-block-image\"><img decoding=\"async\" src=\"https:\/\/droix.net\/wp-content\/uploads\/2022\/10\/1.png\" alt=\"\" title=\"AYA NEO AIR PRO 10\"\/><\/figure>\n\n<figure class=\"wp-block-image\"><img decoding=\"async\" src=\"https:\/\/droix.net\/wp-content\/uploads\/2022\/10\/2.png\" alt=\"\" title=\"AYA NEO AIR PRO 11\"\/><\/figure>\n\n<figure class=\"wp-block-image\"><img decoding=\"async\" src=\"https:\/\/droix.net\/wp-content\/uploads\/2022\/10\/6.png\" alt=\"\" title=\"AYA NEO AIR PRO 12\"\/><\/figure>\n\n<figure class=\"wp-block-image\"><img decoding=\"async\" src=\"https:\/\/droix.net\/wp-content\/uploads\/2022\/10\/3.png\" alt=\"\" title=\"AYA NEO AIR PRO 13\"\/><\/figure>\n\n<figure class=\"wp-block-image\"><img decoding=\"async\" src=\"https:\/\/droix.net\/wp-content\/uploads\/2022\/10\/8.png\" alt=\"\" title=\"AYA NEO AIR PRO 14\"\/><\/figure>\n\n<figure class=\"wp-block-image\"><img decoding=\"async\" src=\"https:\/\/droix.net\/wp-content\/uploads\/2022\/10\/4.png\" alt=\"\" title=\"AYA NEO AIR PRO 15\"\/><\/figure>\n\n<figure class=\"wp-block-image\"><img decoding=\"async\" src=\"https:\/\/droix.net\/wp-content\/uploads\/2022\/10\/5.png\" alt=\"\" title=\"AYA NEO AIR PRO 16\"\/><\/figure>\n\n<figure class=\"wp-block-image\"><img decoding=\"async\" src=\"https:\/\/droix.net\/wp-content\/uploads\/elementor\/thumbs\/7-q8z5dcnq498hbirw1mfy0omf1l06qm1syszlslccn4.png\" alt=\"7.png\" title=\"7.png\"\/><\/figure>\n\n<figure class=\"wp-block-image\"><img decoding=\"async\" src=\"https:\/\/droix.net\/wp-content\/uploads\/elementor\/thumbs\/9-q8z5dcnq498hbirw1mfy0omf1l06qm1syszlslccn4.png\" alt=\"9.png\" title=\"9.png\"\/><\/figure>\n\n<h2 class=\"wp-block-heading\">Experimenta los juegos a trav\u00e9s de la n\u00edtida pantalla OLED <\/h2>\n\n<h2 class=\"wp-block-heading\">Con una pantalla de 5,5\u2033 AMOLED de alta gama crom\u00e1tica.<\/h2>\n\n<h2 class=\"wp-block-heading\">El efecto de amplia gama de colores, NTSC 109%, hace que la pantalla sea m\u00e1s realista.<br\/>Con una relaci\u00f3n de contraste de hasta 100000:1, los colores son m\u00e1s ricos y vivos.<br\/>Experimenta negros puros e im\u00e1genes de alto contraste de tus t\u00edtulos favoritos. El AYANEO Air tiene los PPI m\u00e1s altos que se pueden encontrar en un dispositivo port\u00e1til para juegos de Windows, con 404 p\u00edxeles por pulgada. <\/h2>\n\n<figure class=\"wp-block-image\"><img decoding=\"async\" src=\"https:\/\/droix.net\/wp-content\/uploads\/2022\/10\/oled-info-1024x309.png\" alt=\"\" title=\"AYA NEO AIR PRO 17\"\/><\/figure>\n\n<h2 class=\"wp-block-heading\">Ultrafino y ligero<\/h2>\n\n<h2 class=\"wp-block-heading\">El AYANEO Air se desarroll\u00f3 pensando en la portabilidad, y para lograrlo tuvimos que combinar y comprimir aproximadamente 3500 componentes en este dispositivo port\u00e1til para juegos con Windows.<br\/>Dentro de este dispositivo port\u00e1til para juegos ultraport\u00e1til tienes hardware considerado digno de un ordenador port\u00e1til.<br\/>Y para envolver este hermoso paquete, s\u00f3lo 2 tornillos son visibles para el usuario final.<\/h2>\n\n<h2 class=\"wp-block-heading\">Una nueva visi\u00f3n de los dispositivos port\u00e1tiles<\/h2>\n\n<h2 class=\"wp-block-heading\">S\u00f3lo pesa 398 g*.<\/h2>\n\n<figure class=\"wp-block-image\"><img decoding=\"async\" src=\"https:\/\/droix.net\/wp-content\/uploads\/2022\/10\/ayaneo_air-vs-switch.png\" alt=\"\" title=\"AYA NEO AIR PRO 18\"\/><\/figure>\n\n<h2 class=\"wp-block-heading\">AYANEO Air Lite* - 398g<br\/>AYANEO Air Standard - 398g<br\/>AYANEO Air Pro - 440g<\/h2>\n\n<h2 class=\"wp-block-heading\">Considerablemente m\u00e1s peque\u00f1a que la Steam Deck<br\/> Y a\u00fan m\u00e1s peque\u00f1a que la Switch<\/h2>\n\n<figure class=\"wp-block-image\"><img decoding=\"async\" src=\"https:\/\/droix.net\/wp-content\/uploads\/2022\/10\/ayaneo-sd-switch.png\" alt=\"\" title=\"AYA NEO AIR PRO 19\"\/><\/figure>\n\n<h2 class=\"wp-block-heading\">398 g AYANEO Aire<\/h2>\n\n<h2 class=\"wp-block-heading\">223,9\u00d789,4x18mm<\/h2>\n\n<h2 class=\"wp-block-heading\">420 g Nintendo Switch<\/h2>\n\n<h2 class=\"wp-block-heading\">242x102x13,9 mm<\/h2>\n\n<h2 class=\"wp-block-heading\">669g Steam Deck<\/h2>\n\n<h2 class=\"wp-block-heading\">298x117x20mm<\/h2>\n\n<h2 class=\"wp-block-heading\">\u00bfJuegos AAA para llevar?<\/h2>\n\n<h2 class=\"wp-block-heading\">AYANEO Air viene con la potencia de RED, con el AMD Ryzen 5 5560U o el 5825U (s\u00f3lo disponible en AYANEO Air Pro).<br\/>Estas APU no s\u00f3lo son fant\u00e1sticas para jugar, sino que adem\u00e1s consumen menos energ\u00eda, lo que te permite jugar a tus juegos favoritos durante m\u00e1s tiempo.<\/h2>\n\n<figure class=\"wp-block-image\"><img decoding=\"async\" src=\"https:\/\/droix.net\/wp-content\/uploads\/2022\/10\/cpu-1-1-300x300.png\" alt=\"\" title=\"AYA NEO AIR PRO 20\"\/><\/figure>\n\n<h2 class=\"wp-block-heading\">Gracias al proceso 7nn de TSMC, el AYANEO Air consume poca energ\u00eda manteniendo un alto rendimiento en tus t\u00edtulos favoritos.<\/h2>\n\n<figure class=\"wp-block-image\"><img decoding=\"async\" src=\"https:\/\/droix.net\/wp-content\/uploads\/2022\/10\/cpu-2-1-300x300.png\" alt=\"\" title=\"AYA NEO AIR PRO 21\"\/><\/figure>\n\n<h2 class=\"wp-block-heading\">Disponible s\u00f3lo en el AYANEO Air Pro, la APU AMD Ryzen 7 5825U funciona a 100Mhz m\u00e1s que la 5800U, y es perfecta para jugar sobre la marcha.<\/h2>\n\n<h2 class=\"wp-block-heading\">M\u00e1s informaci\u00f3n sobre tus Juegos favoritos<\/h2>\n\n<figure class=\"wp-block-image\"><img decoding=\"async\" src=\"https:\/\/droix.net\/wp-content\/uploads\/2022\/08\/games-1.png\" alt=\"juegos-1\" title=\"AYA NEO AIR PRO 22\"\/><\/figure>\n\n<figure class=\"wp-block-image\"><img decoding=\"async\" src=\"https:\/\/droix.net\/wp-content\/uploads\/2022\/08\/games-2.png\" alt=\"juegos-2\" title=\"AYA NEO AIR PRO 23\"\/><\/figure>\n\n<figure class=\"wp-block-image\"><img decoding=\"async\" src=\"https:\/\/droix.net\/wp-content\/uploads\/elementor\/thumbs\/ayaneo-master-q8z5dcnq497mmmrgjif980vegtbvts312kqur5jx8g.png\" alt=\"ayaneo-master.png\" title=\"ayaneo-master.png\"\/><\/figure>\n\n<h2 class=\"wp-block-heading\">S\u00e9 un Maestro en el campo de batalla, con GuliKit.<\/h2>\n\n<h2 class=\"wp-block-heading\">AYANEO, en colaboraci\u00f3n con GuliKit se han dedicado a proporcionarte la mejor experiencia en Juegos. Este mando para juegos de PC es el primer modelo que viene equipado con los joysticks GuliKit de alta calidad. <\/h2>\n\n<figure class=\"wp-block-image\"><img decoding=\"async\" src=\"https:\/\/droix.net\/wp-content\/uploads\/elementor\/thumbs\/gulikit-logo-q8z5dcnq497ijbaloaorilpee1n1klosjvnack8xkw.png\" alt=\"gulikit-logo.png\" title=\"gulikit-logo.png\"\/><\/figure>\n\n<figure class=\"wp-block-image\"><img decoding=\"async\" src=\"https:\/\/droix.net\/wp-content\/uploads\/2022\/10\/ayaneo-joystick-device.png\" alt=\"\" title=\"AYA NEO AIR PRO 24\"\/><\/figure>\n\n<h2 class=\"wp-block-heading\">Joysticks sin zona muerta<\/h2>\n\n<h2 class=\"wp-block-heading\">Los c\u00edrculos interiores y exteriores est\u00e1n 100% libres de \u00abzonas muertas\u00bb<br\/>Esto es perfecto para los juegos FPS.<\/h2>\n\n<h2 class=\"wp-block-heading\">Ajuste de la sensibilidad del gatillo<\/h2>\n\n<h2 class=\"wp-block-heading\">Utilizando el Espacio AYA, puedes controlar f\u00e1cilmente el recorrido de presi\u00f3n del gatillo. Esto te permitir\u00e1 presionar los gatillos al 50%, para conseguir un efecto completo. <\/h2>\n\n<h2 class=\"wp-block-heading\">Espera de consumo cero<\/h2>\n\n<h2 class=\"wp-block-heading\">Puedes apagar los controladores dentro del Espacio AYA, lo que ahorrar\u00e1 energ\u00eda.<\/h2>\n\n<h2 class=\"wp-block-heading\">Intercambio de teclas A-B X-Y<\/h2>\n\n<h2 class=\"wp-block-heading\">\u00bfAcostumbrado al dise\u00f1o japon\u00e9s? \u00a1No hay problema! Con el Espacio AYA puedes cambiar el dise\u00f1o.  <\/h2>\n\n<figure class=\"wp-block-image\"><img decoding=\"async\" src=\"https:\/\/droix.net\/wp-content\/uploads\/2022\/10\/11.png\" alt=\"\" title=\"AYA NEO AIR PRO 25\"\/><\/figure>\n\n<h2 class=\"wp-block-heading\">Sin deriva<\/h2>\n\n<h2 class=\"wp-block-heading\">AYANEO Los joysticks de Air utilizan balancines electromagn\u00e9ticos para garantizar que no haya deriva del joystick.<\/h2>\n\n<figure class=\"wp-block-image\"><img decoding=\"async\" src=\"https:\/\/droix.net\/wp-content\/uploads\/2022\/10\/22.png\" alt=\"\" title=\"AYA NEO AIR PRO 26\"\/><\/figure>\n\n<h2 class=\"wp-block-heading\">Sin zona muerta<\/h2>\n\n<h2 class=\"wp-block-heading\">Los joysticks del AYANEO Air no tienen zona muerta en los anillos central y exterior de los joysticks.<\/h2>\n\n<figure class=\"wp-block-image\"><img decoding=\"async\" src=\"https:\/\/droix.net\/wp-content\/uploads\/2022\/10\/33.png\" alt=\"\" title=\"AYA NEO AIR PRO 27\"\/><\/figure>\n\n<h2 class=\"wp-block-heading\">Alta precisi\u00f3n<\/h2>\n\n<h2 class=\"wp-block-heading\">Te permite conseguir esos disparos dif\u00edciles de conseguir en los FPS, y controlar suavemente tu veh\u00edculo en los juegos de conducci\u00f3n<\/h2>\n\n<figure class=\"wp-block-image\"><img decoding=\"async\" src=\"https:\/\/droix.net\/wp-content\/uploads\/2022\/10\/44.png\" alt=\"\" title=\"AYA NEO AIR PRO 28\"\/><\/figure>\n\n<h2 class=\"wp-block-heading\">Larga vida \u00fatil<\/h2>\n\n<h2 class=\"wp-block-heading\">Los joysticks Hall tienen una vida \u00fatil de 5 millones de usos. Esto garantizar\u00e1 que tu AYANEO Air se comporte <\/h2>\n\n<h2 class=\"wp-block-heading\">EXCLUSIVO de los dispositivos AYANEO <\/h2>\n\n<h2 class=\"wp-block-heading\">Espacio AYA<\/h2>\n\n<h2 class=\"wp-block-heading\">AYA Space te permite gestionar y lanzar tus juegos favoritos en cuesti\u00f3n de segundos.<br\/>Con AYA Space puedes establecer perfiles de Rendimiento por juego, y controlar las principales funciones de tu dispositivo.<br\/>El AYANEO Air viene con un bot\u00f3n dedicado AYA Space, que puede hacer aparecer f\u00e1cilmente la superposici\u00f3n, permiti\u00e9ndote ajustar el Brillo, el Volumen y TDP, todo con s\u00f3lo pulsar un bot\u00f3n.<\/h2>\n\n<figure class=\"wp-block-image\"><img decoding=\"async\" src=\"https:\/\/droix.net\/wp-content\/uploads\/2022\/10\/ayaspace-ui-768x625.png\" alt=\"\" title=\"AYA NEO AIR PRO 29\"\/><\/figure>\n\n<h2 class=\"wp-block-heading\">Almacenamiento de alta velocidad, ya sea interno o externo<\/h2>\n\n<h2 class=\"wp-block-heading\">Interno SSD<\/h2>\n\n<h2 class=\"wp-block-heading\">NVMe de alta velocidad integrado SSD con hasta 2 TB de capacidad<\/h2>\n\n<figure class=\"wp-block-image\"><img decoding=\"async\" src=\"https:\/\/droix.net\/wp-content\/uploads\/2022\/10\/storage-1.png\" alt=\"\" title=\"AYA NEO AIR PRO 30\"\/><\/figure>\n\n<h2 class=\"wp-block-heading\">Ranura para tarjetas TF\/Micro SD<\/h2>\n\n<h2 class=\"wp-block-heading\">Te permite ampliar f\u00e1cilmente la memoria interna.<\/h2>\n\n<figure class=\"wp-block-image\"><img decoding=\"async\" src=\"https:\/\/droix.net\/wp-content\/uploads\/2022\/10\/storage-2.png\" alt=\"\" title=\"AYA NEO AIR PRO 31\"\/><\/figure>\n\n<figure class=\"wp-block-image\"><img decoding=\"async\" src=\"https:\/\/droix.net\/wp-content\/uploads\/2022\/10\/multi-use.jpg\" alt=\"\" title=\"AYA NEO AIR PRO 32\"\/><\/figure>\n","protected":false},"excerpt":{"rendered":"<ul>\n<li>AMD <strong>Ryzen<\/strong> <strong>5 5560U<\/strong> \/ AMD <strong>Ryzen 7 5825U<\/strong><\/li>\n<li><strong>16 GB<\/strong> LPDDR4x a 4266Mhz<\/li>\n<li><strong>hasta 1 TB<\/strong> PCI-E <strong>M.2<\/strong> 2280 de alta velocidad SSD<\/li>\n<li>Pantalla t\u00e1ctil de <strong>5,5<\/strong> \u00bb <strong> OLED<\/strong> <\/li>\n<li>Compatible con <strong>WiFi 6<\/strong> y <strong>Bluetooth 5.2<\/strong> <\/li>\n<\/ul>\n[cg_accordion title=\"Garant\u00eda\"]<\/p>\n<p>El AYANEO AIR PRO est\u00e1 respaldado por una garant\u00eda de 1 a\u00f1o de <a href=\"https:\/\/droix.net\/\">DROIX Global<\/a> [\/cg_accordion]\n[cg_accordion title=\"Precios, impuestos y env\u00edo\"]<\/p>\n<p><strong><u>Nota:<\/u><\/strong><\/p>\n<ul>\n<li>Clientes de Estados Unidos: El precio mostrado incluye el IMPUESTO aplicable seg\u00fan tu estado.<\/li>\n<li>Clientes de la UE: El precio indicado incluye el IMPUESTO aplicable, que puede ser de hasta el 25% dependiendo de tu pa\u00eds.<\/li>\n<li>Clientes de Canad\u00e1: El precio mostrado incluye los impuestos aplicables, que pueden incluir un 5% de GST e impuestos de venta provinciales (PST), impuestos de venta armonizados (HST) o impuestos de venta de Quebec (QST) adicionales, dependiendo de tu provincia.<\/li>\n<\/ul>\n<p>[\/cg_accordion]\n[cg_accordion title=\"Env\u00edos y devoluciones\"]<\/p>\n<p>Organizado por <a href=\"https:\/\/droix.net\/\" target=\"_blank\" rel=\"nofollow noopener\">DROIX<\/a>, distribuidor oficial de AYANEO, realizamos los env\u00edos mediante DHL Express DDP (Delivered Duty Paid). Esto significa que <\/p>\n<p>DDP expr\u00e9s (entrega con derechos pagados). Esto significa: <\/p>\n<ul>\n<li>Todos los derechos de aduana e impuestos est\u00e1n incluidos en el precio que aparece en la p\u00e1gina del producto.<\/li>\n<li>No tendr\u00e1s que pagar ning\u00fan gasto adicional en el momento de la entrega.<\/li>\n<li>En el raro caso de que surjan problemas relacionados con las aduanas, nuestro equipo se encargar\u00e1 del proceso de despacho de aduanas en tu nombre para garantizar una experiencia de entrega sin problemas.<\/li>\n<p>Informaci\u00f3n importante sobre devoluciones:<\/p>\n<li>Si decides devolver tu pedido o solicitar un reembolso, ten en cuenta que los impuestos y aranceles pagados en tu nombre seg\u00fan las condiciones del DDP no pueden reembolsarse.<\/li>\n<p>Consulta nuestras <a href=\"https:\/\/ayaneo.co\/terms-of-service-2\/\" target=\"_blank\" rel=\"nofollow noopener\">Condiciones generales<\/a> para obtener informaci\u00f3n detallada.\n<\/ul>\n<p>[\/cg_accordion]\n[cg_accordion title=\"Atenci\u00f3n al cliente\"]<\/p>\n<p>\u00bfTienes alguna pregunta? \u00a1Estamos a un SMS de solucionar tu problema! [\/cg_accordion]\n[cg_accordion title=\"El paquete incluye\"]<\/p>\n<ul>\n<li>1x AYANEO AIR PRO Dispositivo port\u00e1til para juegos<\/li>\n<li>1x Cable USB Tipo-C<\/li>\n<li>1x Adaptador de corriente<\/li>\n<li>1x Manual del usuario<\/li>\n<\/ul>\n<p>[\/cg_accordion]\n","protected":false},"featured_media":12523,"template":"","meta":{"_acf_changed":false},"product_brand":[],"product_cat":[361],"product_tag":[],"class_list":{"0":"post-12953","1":"product","2":"type-product","3":"status-publish","4":"has-post-thumbnail","6":"product_cat-ordenadores-portatiles-para-juegos","7":"product_shipping_class-premium","8":"pa_brand-ayaneo","9":"pa_graphics-gpu-model-radeon-graphics","10":"pa_operating-system-windows-11-home","11":"pa_processor-cpu-brand-amd","13":"first","14":"outofstock","15":"taxable","16":"shipping-taxable","17":"purchasable","18":"product-type-variable","19":"has-default-attributes"},"acf":[],"_links":{"self":[{"href":"https:\/\/ayaneo.co\/es\/wp-json\/wp\/v2\/product\/12953","targetHints":{"allow":["GET"]}}],"collection":[{"href":"https:\/\/ayaneo.co\/es\/wp-json\/wp\/v2\/product"}],"about":[{"href":"https:\/\/ayaneo.co\/es\/wp-json\/wp\/v2\/types\/product"}],"wp:featuredmedia":[{"embeddable":true,"href":"https:\/\/ayaneo.co\/es\/wp-json\/wp\/v2\/media\/12523"}],"wp:attachment":[{"href":"https:\/\/ayaneo.co\/es\/wp-json\/wp\/v2\/media?parent=12953"}],"wp:term":[{"taxonomy":"product_brand","embeddable":true,"href":"https:\/\/ayaneo.co\/es\/wp-json\/wp\/v2\/product_brand?post=12953"},{"taxonomy":"product_cat","embeddable":true,"href":"https:\/\/ayaneo.co\/es\/wp-json\/wp\/v2\/product_cat?post=12953"},{"taxonomy":"product_tag","embeddable":true,"href":"https:\/\/ayaneo.co\/es\/wp-json\/wp\/v2\/product_tag?post=12953"}],"curies":[{"name":"wp","href":"https:\/\/api.w.org\/{rel}","templated":true}]}}