{"id":13008,"date":"2025-01-28T11:05:14","date_gmt":"2025-01-28T11:05:14","guid":{"rendered":"https:\/\/ayaneo.co\/product\/monitor-portatil-droix-pm14-4k\/"},"modified":"2025-06-06T10:40:43","modified_gmt":"2025-06-06T10:40:43","slug":"monitor-portatil-droix-pm14-4k","status":"publish","type":"product","link":"https:\/\/ayaneo.co\/es\/product\/monitor-portatil-droix-pm14-4k\/","title":{"rendered":"Monitor port\u00e1til DroiX PM14 4K"},"content":{"rendered":"\n<div class=\"wp-block-columns is-layout-flex wp-container-core-columns-is-layout-28f84493 wp-block-columns-is-layout-flex\">\n<div class=\"wp-block-column is-layout-flow wp-block-column-is-layout-flow\" style=\"flex-basis:33.33%\">\n<figure class=\"wp-block-image size-large\"><a href=\"https:\/\/droix.net\/wp-content\/uploads\/2024\/05\/DROIX-PM14-LISTING-V2-DONE-01-NON-TOUCH.png\" target=\"_blank\" rel=\"noopener\"><img decoding=\"async\" src=\"https:\/\/droix.net\/wp-content\/uploads\/2024\/05\/DROIX-PM14-LISTING-V2-DONE-01-NON-TOUCH-1024x1024.png\" alt=\"Imagen de DroiX Monitor port&#xE1;til, 14 pulgadas, 4K, ultrafino&quot;.\" class=\"wp-image-179745\"\/><\/a><\/figure>\n<\/div>\n\n\n\n<div class=\"wp-block-column is-layout-flow wp-block-column-is-layout-flow\" style=\"flex-basis:66.66%\">\n<h3 class=\"wp-block-heading\"><strong>DroiX PM14 - Monitor port\u00e1til ultrafino 4K de 14,0 pulgadas<\/strong><\/h3>\n\n\n\n<p>Descubre los \u00faltimos avances en tecnolog\u00eda de visualizaci\u00f3n con el DroiX PM14, un monitor port\u00e1til ultrafino de 14,0 pulgadas disponible en variantes con y sin pantalla t\u00e1ctil. Este innovador dispositivo marca un nuevo hito en la inform\u00e1tica m\u00f3vil al combinar un s\u00f3lido rendimiento con una portabilidad excepcional y un dise\u00f1o moderno. Tanto si eres un profesional como un entusiasta del entretenimiento, el monitor port\u00e1til DroiX PM14 4K est\u00e1 dise\u00f1ado para integrarse a la perfecci\u00f3n en tu din\u00e1mico estilo de vida, proporcionando una versatilidad esencial tanto si est\u00e1s en casa, en la oficina o en movimiento.  <\/p>\n<\/div>\n<\/div>\n\n<h3 class=\"wp-block-heading\"><strong>Resumen del producto<\/strong><\/h3>\n\n<figure class=\"wp-block-image aligncenter size-large\"><a href=\"https:\/\/droix.net\/wp-content\/uploads\/2024\/04\/1080P-FHD.jpg\" target=\"_blank\" rel=\"noopener\"><img decoding=\"async\" src=\"https:\/\/droix.net\/wp-content\/uploads\/2024\/04\/1080P-FHD-1024x420.jpg\" alt=\"Imagen de DroiX Monitor port&#xE1;til, 14 pulgadas, 4K, ultrafino, con una n&#xED;tida resoluci&#xF3;n UHD de 3840x2160 con colores vibrantes y detalles incre&#xED;bles, gama de colores DCI-P3 100% y compatibilidad con HDR400\" class=\"wp-image-178360\"\/><\/a><\/figure>\n\n<p>El monitor port\u00e1til DroiX PM14 muestra la ingenier\u00eda moderna en su m\u00e1xima expresi\u00f3n, con una v\u00edvida resoluci\u00f3n UHD de 3840&#215;2160 que da vida al contenido con colores vibrantes y detalles excepcionales. Con una gama de colores DCI-P3 del 100% y compatibilidad con HDR400, ofrece im\u00e1genes asombrosas caracterizadas por negros profundos y blancos brillantes. Su perfil delgado y dise\u00f1o ligero garantizan la m\u00e1xima portabilidad sin comprometer la calidad ni el rendimiento.  <\/p>\n\n<figure class=\"wp-block-image aligncenter size-large\"><a href=\"https:\/\/droix.net\/wp-content\/uploads\/2024\/04\/Color.jpg\" target=\"_blank\" rel=\"noopener\"><img decoding=\"async\" src=\"https:\/\/droix.net\/wp-content\/uploads\/2024\/04\/Color-1024x406.jpg\" alt=\"Imagen del monitor port&#xE1;til DroiX, 14 pulgadas, 4K, ultrafino, con una gama de colores DCI-P3 del 100% y compatibilidad con HDR400 para disfrutar de unas im&#xE1;genes asombrosas con negros profundos y blancos brillantes. Perfil delgado y dise&#xF1;o ligero para una portabilidad definitiva sin sacrificar la calidad ni el rendimiento. \" class=\"wp-image-178361\"\/><\/a><\/figure>\n\n<p>Dise\u00f1ado con excelencia ergon\u00f3mica, el DroiX PM14 cuenta con una rueda de control f\u00e1cil de usar y opciones de conectividad vers\u00e1tiles como Mini HDMI y varios puertos USB-C. Esto lo hace adaptable a todos tus dispositivos, tanto si juegas con PlayStation como si editas v\u00eddeos en Mac o haces presentaciones desde tu port\u00e1til. El PM14 se integra perfectamente en cualquier configuraci\u00f3n, ofreciendo un bajo consumo de energ\u00eda y un rendimiento de alta eficiencia para que puedas trabajar m\u00e1s tiempo sin preocuparte de agotar la bater\u00eda de tus dispositivos.  <\/p>\n\n<figure class=\"wp-block-image aligncenter size-large\"><a href=\"https:\/\/droix.net\/wp-content\/uploads\/2024\/04\/Modes.jpg\" target=\"_blank\" rel=\"noopener\"><img decoding=\"async\" src=\"https:\/\/droix.net\/wp-content\/uploads\/2024\/04\/Modes-1024x419.jpg\" alt=\"Imagen de DroiX Monitor port&#xE1;til, 14 pulgadas, 4K, ultrafino, compatible con port&#xE1;tiles, Mac, smartphones, tablets, PC, PS3\/4\/5, Xbox y Switc\" class=\"wp-image-178357\"\/><\/a><\/figure>\n\n<h3 class=\"wp-block-heading\"><strong>Caracter\u00edsticas detalladas<\/strong><\/h3>\n\n<ul class=\"wp-block-list\">\n<li>Rendimiento: El monitor port\u00e1til DroiX PM14 4K destaca por ofrecer una experiencia de visualizaci\u00f3n envolvente y con gran capacidad de respuesta gracias a una frecuencia de actualizaci\u00f3n de 60 Hz y una velocidad de respuesta de 2,5 ms, lo que garantiza un movimiento fluido e im\u00e1genes n\u00edtidas incluso durante escenas a alta velocidad. Ofrece una luminancia de 500 cd\/m\u00b2 y una relaci\u00f3n de contraste de 1500:1, garantizando una excelente visibilidad en diversas condiciones de iluminaci\u00f3n. <\/li>\n\n\n\n<li>Conectividad: El DroiX PM14 ofrece opciones de conectividad vers\u00e1tiles, con dos puertos USB-C para alimentaci\u00f3n y transferencia de datos de v\u00eddeo, un puerto USB-C adicional para perif\u00e9ricos como teclados y ratones, un puerto Mini HDMI para conexiones de v\u00eddeo convencionales y una toma de audio para escuchar en privado.<\/li>\n<\/ul>\n\n<figure class=\"wp-block-image aligncenter size-large\"><a href=\"https:\/\/droix.net\/wp-content\/uploads\/2024\/04\/interface.jpg\" target=\"_blank\" rel=\"noopener\"><img decoding=\"async\" src=\"https:\/\/droix.net\/wp-content\/uploads\/2024\/04\/interface-1024x1024.jpg\" alt=\"Imagen del Monitor Port&#xE1;til DroiX PM14, compatible con una amplia gama de dispositivos HDMI y Tipo-C, mejorando la compatibilidad en todos los ecosistemas digitales. Ideal para jugadores, profesionales creativos en Mac y profesionales de empresa que necesiten una pantalla adicional. F&#xE1;cil de usar para Windows con configuraci&#xF3;n plug-and-play para un uso sin complicaciones  \" class=\"wp-image-178362\"\/><\/a><\/figure>\n\n<h3 class=\"wp-block-heading\"><strong>Experiencia del usuario<\/strong><\/h3>\n\n<p>El DroiX PM14 es compatible con una amplia gama de dispositivos HDMI y Tipo-C, lo que garantiza la compatibilidad en diversos ecosistemas digitales. Tanto si eres un jugador que busca un monitor port\u00e1til, un profesional creativo que utiliza un Mac o un ejecutivo que necesita una pantalla adicional para sus presentaciones, el PM14 se adapta sin esfuerzo a tus necesidades. Destaca en entornos Windows gracias a su sencilla configuraci\u00f3n plug-and-play, que te permite una transici\u00f3n fluida al trabajo o al juego sin complicaciones.  <\/p>\n\n<figure class=\"wp-block-image aligncenter size-large\"><a href=\"https:\/\/droix.net\/wp-content\/uploads\/2024\/04\/portable1.jpg\" target=\"_blank\" rel=\"noopener\"><img decoding=\"async\" src=\"https:\/\/droix.net\/wp-content\/uploads\/2024\/04\/portable1-1024x483.jpg\" alt=\"Imagen de DroiX Monitor port&#xE1;til, 14 pulgadas, 4K, ultrafino, ligero y port&#xE1;til\" class=\"wp-image-178358\"\/><\/a><\/figure>\n\n<h3 class=\"wp-block-heading\"><strong>Conclusi\u00f3n<\/strong><\/h3>\n\n<p>El monitor port\u00e1til DroiX PM14 representa una soluci\u00f3n de vanguardia que combina una magn\u00edfica funcionalidad, un dise\u00f1o excepcional y la libertad de la portabilidad. Va m\u00e1s all\u00e1 de ser s\u00f3lo un monitor; es una puerta para mejorar tus experiencias de productividad y entretenimiento est\u00e9s donde est\u00e9s. <\/p>\n\n<p>Descubre el futuro de los monitores port\u00e1tiles para port\u00e1tiles con el DroiX PM14. No te lo pierdas: \u00a1reserva el tuyo ahora para asegurarte tu unidad y ser de los primeros en elevar tu experiencia visual sobre la marcha! <\/p>\n","protected":false},"excerpt":{"rendered":"<ul>\n<li>Pantalla 4K 14&#8243;<strong> HDR400<\/strong> <\/li>\n<li>Cobertura 100%<strong> DCI-P3<\/strong> <\/li>\n<li>500 <strong>Nits<\/strong> de brillo<\/li>\n<li>Soporte <strong> incorporado<\/strong><\/li>\n<li>  Altavoces <strong> integrados<\/strong> <\/li>\n<\/ul>\n[cg_accordion title=\"INFORMACI\u00d3N SOBRE EL PAGO\"]<\/p>\n<p>Utilizamos la \u00faltima tecnolog\u00eda en procesamiento de pagos, que te permite pagar mediante Apple Pay, Google Pay, tu tarjeta de d\u00e9bito\/cr\u00e9dito, PayPal o m\u00e9todos BNPL como Klarna, Affirm o AfterPay para una experiencia r\u00e1pida y segura.[\/cg_accordion]\n[cg_accordion title=\"GARANT\u00cdA\"]<\/p>\n<p>1 a\u00f1o de garant\u00eda de <a href=\"https:\/\/droix.net\/\" target=\"_blank\" rel=\"nofollow noopener\">DROIX Global<\/a> para tu tranquilidad[\/cg_accordion]\n[cg_accordion title=\"PRECIOS, IMPUESTOS Y ENV\u00cdO\"]<\/p>\n<p><strong><u>Nota:<\/u><\/strong><\/p>\n<ul>\n<li>Clientes de Estados Unidos: El precio indicado NO incluye impuestos ni aranceles. La responsabilidad de despachar aduanas y pagar cualquier impuesto o arancel asociado recae en el cliente. <\/li>\n<li>Clientes de la UE: El precio indicado incluye el IMPUESTO aplicable, que puede ser de hasta el 25% dependiendo de tu pa\u00eds.<\/li>\n<li>Clientes de Canad\u00e1: El precio mostrado incluye los impuestos aplicables, que pueden incluir un 5% de GST e impuestos de venta provinciales (PST), impuestos de venta armonizados (HST) o impuestos de venta de Quebec (QST) adicionales, dependiendo de tu provincia.<\/li>\n<\/ul>\n<p><strong>S\u00d3LO para clientes de la UE:<\/strong> DDP expr\u00e9s (entrega con derechos pagados). Esto significa: <\/p>\n<ul>\n<li>Todos los derechos de aduana e impuestos est\u00e1n incluidos en el precio que aparece en la p\u00e1gina del producto.<\/li>\n<li>No tendr\u00e1s que pagar ning\u00fan gasto adicional en el momento de la entrega.<\/li>\n<li>En el raro caso de que surjan problemas relacionados con las aduanas, nuestro equipo se encargar\u00e1 del proceso de despacho de aduanas en tu nombre para garantizar una experiencia de entrega sin problemas.<\/li>\n<p>Informaci\u00f3n importante sobre devoluciones:<\/p>\n<li>Si decides devolver tu pedido o solicitar un reembolso, ten en cuenta que los impuestos y aranceles pagados en tu nombre seg\u00fan las condiciones del DDP no pueden reembolsarse.<\/li>\n<p>Consulta nuestras <a href=\"https:\/\/ayaneo.co\/es\/condiciones-del-servicio\/\" target=\"_blank\" rel=\"nofollow noopener\">Condiciones generales<\/a> para obtener informaci\u00f3n detallada.\n<\/ul>\n<p>[\/cg_accordion]\n[cg_accordion title=\"ATENCI\u00d3N AL CLIENTE\"]<\/p>\n<p>\u00bfTienes alguna pregunta? \u00a1Estamos a un SMS de solucionar tu problema!<br \/>\n[\/cg_accordion]\n","protected":false},"featured_media":8063,"template":"","meta":{"_acf_changed":false},"product_brand":[],"product_cat":[1017],"product_tag":[],"class_list":{"0":"post-13008","1":"product","2":"type-product","3":"status-publish","4":"has-post-thumbnail","6":"product_cat-monitores-portatiles","7":"product_shipping_class-standard","8":"pa_brand-droix","10":"first","11":"outofstock","12":"sale","13":"taxable","14":"shipping-taxable","15":"purchasable","16":"product-type-variable","17":"has-default-attributes"},"acf":[],"_links":{"self":[{"href":"https:\/\/ayaneo.co\/es\/wp-json\/wp\/v2\/product\/13008","targetHints":{"allow":["GET"]}}],"collection":[{"href":"https:\/\/ayaneo.co\/es\/wp-json\/wp\/v2\/product"}],"about":[{"href":"https:\/\/ayaneo.co\/es\/wp-json\/wp\/v2\/types\/product"}],"wp:featuredmedia":[{"embeddable":true,"href":"https:\/\/ayaneo.co\/es\/wp-json\/wp\/v2\/media\/8063"}],"wp:attachment":[{"href":"https:\/\/ayaneo.co\/es\/wp-json\/wp\/v2\/media?parent=13008"}],"wp:term":[{"taxonomy":"product_brand","embeddable":true,"href":"https:\/\/ayaneo.co\/es\/wp-json\/wp\/v2\/product_brand?post=13008"},{"taxonomy":"product_cat","embeddable":true,"href":"https:\/\/ayaneo.co\/es\/wp-json\/wp\/v2\/product_cat?post=13008"},{"taxonomy":"product_tag","embeddable":true,"href":"https:\/\/ayaneo.co\/es\/wp-json\/wp\/v2\/product_tag?post=13008"}],"curies":[{"name":"wp","href":"https:\/\/api.w.org\/{rel}","templated":true}]}}