{"id":14689,"date":"2025-05-08T13:01:34","date_gmt":"2025-05-08T13:01:34","guid":{"rendered":"https:\/\/ayaneo.co\/product\/ayaneo-ag01-base-grafica-para-naves-estelares\/"},"modified":"2026-01-06T00:31:18","modified_gmt":"2026-01-06T00:31:18","slug":"ayaneo-ag01","status":"publish","type":"product","link":"https:\/\/ayaneo.co\/es\/product\/ayaneo-ag01\/","title":{"rendered":"AYANEO AG01 Base gr\u00e1fica para naves estelares"},"content":{"rendered":"\n<figure class=\"wp-block-video\"><video height=\"1080\" style=\"aspect-ratio: 1920 \/ 1080;\" width=\"1920\" controls=\"\" poster=\"https:\/\/ayaneo.co\/wp-content\/uploads\/2025\/05\/maxresdefault-4.jpg\" src=\"https:\/\/ayaneo.co\/wp-content\/uploads\/2025\/05\/AYANEO-AG01-Starship-Graphic-Dock_-Salute-to-The-Era-of-Space-Science-Explore-The-Gaming-World.mp4\"><\/video><\/figure>\n\n<h2 class=\"wp-block-heading\" id=\"h-introducing-the-ayaneo-ag01-starship-graphics-dock-power-precision-and-portability-redefined\">Presentamos la base gr\u00e1fica Starship AG01 de AYANEO: Potencia, precisi\u00f3n y portabilidad redefinidas<\/h2>\n\n<p>La <strong>base gr\u00e1fica Starship AG01 deAYANEO <\/strong> marca el comienzo de una nueva era para las soluciones de GPU externas, hecha a medida para jugadores, creadores y profesionales que exigen nada menos que un rendimiento estelar. Con un dise\u00f1o industrial futurista, una GPU AMD Radeon RX 7600M XT de gama alta y una s\u00f3lida compatibilidad con los sistemas Windows y Linux, la AG01 no es s\u00f3lo un accesorio: es una plataforma de lanzamiento para una potencia de sobremesa sin concesiones en cualquier lugar.   <\/p>\n\n<figure class=\"wp-block-image size-full\"><a href=\"https:\/\/ayaneo.co\/wp-content\/uploads\/2025\/05\/AYANEO-AG01-GRAPHICS_DOCK-MARKETING-IMAGE-DONE-1-1024x576-1.jpg\"><img fetchpriority=\"high\" decoding=\"async\" width=\"1024\" height=\"576\" src=\"https:\/\/ayaneo.co\/wp-content\/uploads\/2025\/05\/AYANEO-AG01-GRAPHICS_DOCK-MARKETING-IMAGE-DONE-1-1024x576-1.jpg\" alt=\"Oscura imagen promocional de tem&#xE1;tica de ciencia ficci&#xF3;n del AYANEO AG01, que muestra el anillo superior del ventilador brillando en naranja y la silueta del aparato parcialmente iluminada, sugiriendo una imagen espacial.\" class=\"wp-image-37414\" srcset=\"https:\/\/ayaneo.co\/wp-content\/uploads\/2025\/05\/AYANEO-AG01-GRAPHICS_DOCK-MARKETING-IMAGE-DONE-1-1024x576-1.jpg 1024w, https:\/\/ayaneo.co\/wp-content\/uploads\/2025\/05\/AYANEO-AG01-GRAPHICS_DOCK-MARKETING-IMAGE-DONE-1-1024x576-1-300x169.jpg 300w, https:\/\/ayaneo.co\/wp-content\/uploads\/2025\/05\/AYANEO-AG01-GRAPHICS_DOCK-MARKETING-IMAGE-DONE-1-1024x576-1-768x432.jpg 768w, https:\/\/ayaneo.co\/wp-content\/uploads\/2025\/05\/AYANEO-AG01-GRAPHICS_DOCK-MARKETING-IMAGE-DONE-1-1024x576-1-990x557.jpg 990w, https:\/\/ayaneo.co\/wp-content\/uploads\/2025\/05\/AYANEO-AG01-GRAPHICS_DOCK-MARKETING-IMAGE-DONE-1-1024x576-1-441x248.jpg 441w, https:\/\/ayaneo.co\/wp-content\/uploads\/2025\/05\/AYANEO-AG01-GRAPHICS_DOCK-MARKETING-IMAGE-DONE-1-1024x576-1-600x338.jpg 600w, https:\/\/ayaneo.co\/wp-content\/uploads\/2025\/05\/AYANEO-AG01-GRAPHICS_DOCK-MARKETING-IMAGE-DONE-1-1024x576-1-150x84.jpg 150w\" sizes=\"(max-width: 1024px) 100vw, 1024px\" \/><\/a><\/figure>\n\n<p>Su vanguardista integraci\u00f3n de interfaces OCuLink y USB4 la convierte en una de las bases para eGPU m\u00e1s vers\u00e1tiles que existen hoy en d\u00eda. Tanto si quieres aumentar la velocidad de fotogramas de tu consola port\u00e1til como si quieres aumentar la productividad de un port\u00e1til compacto, el tama\u00f1o compacto de la AG01 garantiza una potencia gr\u00e1fica de primera sin sacrificar la movilidad. Bienvenido a la nueva generaci\u00f3n de GPU externas: audaces, hermosas y listas para la batalla.  <\/p>\n\n<hr class=\"wp-block-separator has-alpha-channel-opacity\"\/>\n\n<h2 class=\"wp-block-heading\" id=\"h-ayaneo-ag01-starship-grade-external-gpu-dock\">AYANEO AG01 - Base externa para GPU de grado nave espacial<\/h2>\n\n<p>La <strong>base gr\u00e1fica Starship AG01<\/strong> es una obra maestra de la ingenier\u00eda moderna y el dise\u00f1o art\u00edstico. Inspirado en la est\u00e9tica futurista de las naves espaciales, combina portabilidad y rendimiento en un chasis de s\u00f3lo 18 cm de ancho y menos de 900 g de peso. Su dise\u00f1o t\u00e9rmico altamente eficiente, reforzado con un sistema de refrigeraci\u00f3n tipo turbina y conductos de aire, garantiza un rendimiento duradero sin ralentizaciones, incluso durante intensas sesiones de juego o renderizado.  <\/p>\n\n<figure class=\"wp-block-image size-full\"><a href=\"https:\/\/ayaneo.co\/wp-content\/uploads\/2025\/05\/AYANEO-AG01-GRAPHICS_DOCK-MARKETING-IMAGE-DONE-2-1024x855-1.jpg\"><img decoding=\"async\" width=\"1024\" height=\"855\" src=\"https:\/\/ayaneo.co\/wp-content\/uploads\/2025\/05\/AYANEO-AG01-GRAPHICS_DOCK-MARKETING-IMAGE-DONE-2-1024x855-1.jpg\" alt=\"Caracter&#xED;sticas destacadas de la AYANEO AG01 mostradas en un dise&#xF1;o futurista de cuadr&#xED;cula, incluido el chip RX 7600M XT, la iluminaci&#xF3;n RGB, la placa de caracter&#xED;sticas personalizable, el sistema de refrigeraci&#xF3;n y las capacidades de expansi&#xF3;n de E\/S.\" class=\"wp-image-37415\" srcset=\"https:\/\/ayaneo.co\/wp-content\/uploads\/2025\/05\/AYANEO-AG01-GRAPHICS_DOCK-MARKETING-IMAGE-DONE-2-1024x855-1.jpg 1024w, https:\/\/ayaneo.co\/wp-content\/uploads\/2025\/05\/AYANEO-AG01-GRAPHICS_DOCK-MARKETING-IMAGE-DONE-2-1024x855-1-300x250.jpg 300w, https:\/\/ayaneo.co\/wp-content\/uploads\/2025\/05\/AYANEO-AG01-GRAPHICS_DOCK-MARKETING-IMAGE-DONE-2-1024x855-1-768x641.jpg 768w, https:\/\/ayaneo.co\/wp-content\/uploads\/2025\/05\/AYANEO-AG01-GRAPHICS_DOCK-MARKETING-IMAGE-DONE-2-1024x855-1-990x827.jpg 990w, https:\/\/ayaneo.co\/wp-content\/uploads\/2025\/05\/AYANEO-AG01-GRAPHICS_DOCK-MARKETING-IMAGE-DONE-2-1024x855-1-441x368.jpg 441w, https:\/\/ayaneo.co\/wp-content\/uploads\/2025\/05\/AYANEO-AG01-GRAPHICS_DOCK-MARKETING-IMAGE-DONE-2-1024x855-1-600x501.jpg 600w, https:\/\/ayaneo.co\/wp-content\/uploads\/2025\/05\/AYANEO-AG01-GRAPHICS_DOCK-MARKETING-IMAGE-DONE-2-1024x855-1-150x125.jpg 150w\" sizes=\"(max-width: 1024px) 100vw, 1024px\" \/><\/a><\/figure>\n\n<p>Equipada con la GPU <strong>AMD Radeon RX 7600M XT<\/strong> basada en la arquitectura RDNA3, la AG01 soporta juegos AAA de gama alta, edici\u00f3n de v\u00eddeo y renderizado 3D con una eficiencia excepcional. Es el compa\u00f1ero ideal para dispositivos de juego port\u00e1tiles como el AYANEO 2S, el KUN, e incluso para dispositivos que no seanAYANEO a trav\u00e9s de OCuLink y USB4, como Steam Deck, ROG Ally, y otros. <\/p>\n\n<hr class=\"wp-block-separator has-alpha-channel-opacity\"\/>\n\n<h2 class=\"wp-block-heading\" id=\"h-performance-that-launches-beyond-limits\">Rendimiento que se lanza m\u00e1s all\u00e1 de los l\u00edmites<\/h2>\n\n<p><strong>Potencia gr\u00e1fica:<\/strong> En el coraz\u00f3n de la AG01 se encuentra la GPU <strong>AMD Radeon RX 7600M XT<\/strong>, con 32 unidades de c\u00e1lculo, 8 GB de memoria GDDR6 y un boost clock m\u00e1ximo de 2300 MHz. Esta potencia proporciona juegos fluidos a 1080p e incluso a 1440p, destacando en aplicaciones de alto rendimiento que van desde t\u00edtulos AAA a flujos de trabajo creativos acelerados por GPU. <\/p>\n\n<p><strong>Sistema de refrigeraci\u00f3n avanzado:<\/strong> A diferencia de las eGPU convencionales, la AG01 incorpora un sistema de refrigeraci\u00f3n de dise\u00f1o exclusivo con entradas de aire dobles y un ventilador de alta eficiencia. Este dise\u00f1o maximiza el flujo de aire manteniendo un bajo nivel de ruido, lo que permite un rendimiento sostenido incluso durante sesiones prolongadas. <\/p>\n\n<hr class=\"wp-block-separator has-alpha-channel-opacity\"\/>\n\n<h2 class=\"wp-block-heading\" id=\"h-seamless-connectivity\">Conectividad sin fisuras<\/h2>\n\n<figure class=\"wp-block-image size-full\"><a href=\"https:\/\/ayaneo.co\/wp-content\/uploads\/2025\/05\/AYANEO-AG01-GRAPHICS_DOCK-MARKETING-IMAGE-DONE-3-1024x576-1.jpg\"><img decoding=\"async\" width=\"1024\" height=\"576\" src=\"https:\/\/ayaneo.co\/wp-content\/uploads\/2025\/05\/AYANEO-AG01-GRAPHICS_DOCK-MARKETING-IMAGE-DONE-3-1024x576-1.jpg\" alt=\"Diagrama que muestra la disposici&#xF3;n de E\/S trasera de la base gr&#xE1;fica AYANEO AG01, etiquetando puertos como DP 2.0, HDMI 2.1, OCuLink, USB4, DC, RJ45 y USB 3.2 Gen 2.\" class=\"wp-image-37416\" srcset=\"https:\/\/ayaneo.co\/wp-content\/uploads\/2025\/05\/AYANEO-AG01-GRAPHICS_DOCK-MARKETING-IMAGE-DONE-3-1024x576-1.jpg 1024w, https:\/\/ayaneo.co\/wp-content\/uploads\/2025\/05\/AYANEO-AG01-GRAPHICS_DOCK-MARKETING-IMAGE-DONE-3-1024x576-1-300x169.jpg 300w, https:\/\/ayaneo.co\/wp-content\/uploads\/2025\/05\/AYANEO-AG01-GRAPHICS_DOCK-MARKETING-IMAGE-DONE-3-1024x576-1-768x432.jpg 768w, https:\/\/ayaneo.co\/wp-content\/uploads\/2025\/05\/AYANEO-AG01-GRAPHICS_DOCK-MARKETING-IMAGE-DONE-3-1024x576-1-990x557.jpg 990w, https:\/\/ayaneo.co\/wp-content\/uploads\/2025\/05\/AYANEO-AG01-GRAPHICS_DOCK-MARKETING-IMAGE-DONE-3-1024x576-1-441x248.jpg 441w, https:\/\/ayaneo.co\/wp-content\/uploads\/2025\/05\/AYANEO-AG01-GRAPHICS_DOCK-MARKETING-IMAGE-DONE-3-1024x576-1-600x338.jpg 600w, https:\/\/ayaneo.co\/wp-content\/uploads\/2025\/05\/AYANEO-AG01-GRAPHICS_DOCK-MARKETING-IMAGE-DONE-3-1024x576-1-150x84.jpg 150w\" sizes=\"(max-width: 1024px) 100vw, 1024px\" \/><\/a><\/figure>\n\n<p><strong>Preparada para OCuLink y USB4:<\/strong> Para conexiones de baja latencia y gran ancho de banda, la AG01 es compatible con <strong>OCuLink SFF-8612<\/strong> y <strong>USB4<\/strong>, lo que ofrece una amplia compatibilidad con ordenadores de bolsillo y port\u00e1tiles. OCuLink proporciona un rendimiento superior de la GPU al evitar los cuellos de botella de las conexiones Thunderbolt tradicionales, lo que la convierte en la mejor opci\u00f3n para jugadores y creadores serios. <\/p>\n\n<p><strong>Soporte vers\u00e1til de dispositivos:<\/strong> Tanto si te conectas a un ordenador de mano AYANEO, Steam Deck, como a una m\u00e1quina compacta Windows\/Linux, la AG01 se adapta f\u00e1cilmente. Admite la funcionalidad plug-and-play sin necesidad de retoques en la BIOS para la mayor\u00eda de los sistemas. <\/p>\n\n<hr class=\"wp-block-separator has-alpha-channel-opacity\"\/>\n\n<h2 class=\"wp-block-heading\" id=\"h-built-to-travel-designed-to-impress\">Construido para viajar, dise\u00f1ado para impresionar<\/h2>\n\n<p><strong>Compacta y ligera:<\/strong> Con unas dimensiones de s\u00f3lo 18 cm x 6,3 cm x 3 cm y un peso de 869 g, la AG01 es una de las bases para eGPU de alto rendimiento m\u00e1s peque\u00f1as del mundo. Su dise\u00f1o de la era espacial se convierte en una pieza llamativa en tu escritorio o en tu bolsa tecnol\u00f3gica. <\/p>\n\n<p><strong>Materiales de primera calidad:<\/strong> El chasis est\u00e1 fabricado con una aleaci\u00f3n de aluminio de calidad aeroespacial, que combina durabilidad con eficiencia t\u00e9rmica y est\u00e9tica elegante.<\/p>\n\n<figure class=\"wp-block-image size-full\"><a href=\"https:\/\/ayaneo.co\/wp-content\/uploads\/2025\/05\/AYANEO-AG01-GRAPHICS_DOCK-MARKETING-IMAGE-DONE-8-1024x576-1.jpg\"><img loading=\"lazy\" decoding=\"async\" width=\"1024\" height=\"576\" src=\"https:\/\/ayaneo.co\/wp-content\/uploads\/2025\/05\/AYANEO-AG01-GRAPHICS_DOCK-MARKETING-IMAGE-DONE-8-1024x576-1.jpg\" alt=\"Dram&#xE1;tica imagen de las dos piezas met&#xE1;licas del chasis del AYANEO AG01 a medio separar, destacando su cuerpo met&#xE1;lico finamente elaborado sobre un fondo espacial estrellado.\" class=\"wp-image-37417\" srcset=\"https:\/\/ayaneo.co\/wp-content\/uploads\/2025\/05\/AYANEO-AG01-GRAPHICS_DOCK-MARKETING-IMAGE-DONE-8-1024x576-1.jpg 1024w, https:\/\/ayaneo.co\/wp-content\/uploads\/2025\/05\/AYANEO-AG01-GRAPHICS_DOCK-MARKETING-IMAGE-DONE-8-1024x576-1-300x169.jpg 300w, https:\/\/ayaneo.co\/wp-content\/uploads\/2025\/05\/AYANEO-AG01-GRAPHICS_DOCK-MARKETING-IMAGE-DONE-8-1024x576-1-768x432.jpg 768w, https:\/\/ayaneo.co\/wp-content\/uploads\/2025\/05\/AYANEO-AG01-GRAPHICS_DOCK-MARKETING-IMAGE-DONE-8-1024x576-1-990x557.jpg 990w, https:\/\/ayaneo.co\/wp-content\/uploads\/2025\/05\/AYANEO-AG01-GRAPHICS_DOCK-MARKETING-IMAGE-DONE-8-1024x576-1-441x248.jpg 441w, https:\/\/ayaneo.co\/wp-content\/uploads\/2025\/05\/AYANEO-AG01-GRAPHICS_DOCK-MARKETING-IMAGE-DONE-8-1024x576-1-600x338.jpg 600w, https:\/\/ayaneo.co\/wp-content\/uploads\/2025\/05\/AYANEO-AG01-GRAPHICS_DOCK-MARKETING-IMAGE-DONE-8-1024x576-1-150x84.jpg 150w\" sizes=\"(max-width: 1024px) 100vw, 1024px\" \/><\/a><\/figure>\n\n<hr class=\"wp-block-separator has-alpha-channel-opacity\"\/>\n\n<h2 class=\"wp-block-heading\" id=\"h-user-experience\">Experiencia del usuario<\/h2>\n\n<p>La AG01 establece un nuevo list\u00f3n en rendimiento f\u00e1cil de usar. Su compatibilidad sin controladores con Windows y Linux, la perfecta compatibilidad de dispositivos y la configuraci\u00f3n plug-and-play la hacen ideal tanto para los reci\u00e9n llegados como para los entusiastas de la tecnolog\u00eda. Tanto si transmites como si dise\u00f1as, juegas o realizas varias tareas a la vez en varias pantallas, la AG01 te ofrece una experiencia fluida y envolvente.  <\/p>\n\n<hr class=\"wp-block-separator has-alpha-channel-opacity\"\/>\n\n<h2 class=\"wp-block-heading\" id=\"h-conclusion\">Conclusi\u00f3n<\/h2>\n\n<p>La <strong>base gr\u00e1fica Starship AG01 deAYANEO <\/strong> es algo m\u00e1s que una GPU externa: es un salto hacia un futuro en el que la portabilidad se une al aut\u00e9ntico rendimiento de sobremesa. Con su motor Radeon RX 7600M XT, su conectividad de doble interfaz y su ingenioso dise\u00f1o, la AG01 redefine lo que es posible en inform\u00e1tica port\u00e1til. <\/p>\n\n<p>Reserva ahora tu AG01 y forma parte de una nueva generaci\u00f3n de jugadores y creadores que disfrutan de una potencia sin concesiones all\u00e1 donde van.  <strong>Con AYANEO, las estrellas son s\u00f3lo el principio.<\/strong><\/p>\n","protected":false},"excerpt":{"rendered":"<ul>\n<li>GPU <strong>Radeon\u2122 RX 7600M XT<\/strong> con arquitectura RDNA 3<\/li>\n<li><strong>Interfaz dual:<\/strong> OCuLink y USB 4.0 (Tipo-C, 65 W PD)<\/li>\n<li><strong>Compacto y ligero:<\/strong> Dise\u00f1o port\u00e1til inspirado en una nave estelar<\/li>\n<li><strong>Refrigeraci\u00f3n optimizada:<\/strong> Sistema de ventilador de turbina de alta eficiencia<\/li>\n<li><strong>Compatible con:<\/strong> AYANEO 2S, KUN, FLIP DS, ROG Ally, Steam Deck<\/li>\n<\/ul>\n[cg_accordion title=\"INFORMACI\u00d3N SOBRE EL PAGO\"]<\/p>\n<p>Utilizamos la \u00faltima tecnolog\u00eda en procesamiento de pagos, que te permite pagar mediante Apple Pay, Google Pay, tu tarjeta de d\u00e9bito\/cr\u00e9dito, PayPal o m\u00e9todos BNPL como Klarna, Affirm o AfterPay para una experiencia r\u00e1pida y segura.[\/cg_accordion]\n[cg_accordion title=\"GARANT\u00cdA\"]<\/p>\n<p>1 a\u00f1o de garant\u00eda de <a href=\"https:\/\/droix.net\/\" target=\"_blank\" rel=\"nofollow noopener\">DROIX Global<\/a> para tu tranquilidad[\/cg_accordion]\n[cg_accordion title=\"GARANT\u00cdA DE CALIDAD Y PRUEBAS PREVIAS A LA EXPEDICI\u00d3N\"]<\/p>\n<p>Garantizamos la satisfacci\u00f3n del cliente al m\u00e1s alto nivel: Cada dispositivo se somete a rigurosas pruebas y a una comprobaci\u00f3n de garant\u00eda de calidad en varios puntos antes de ser enviado. Nuestro equipo especializado verifica el rendimiento, la funcionalidad y la integridad de los componentes para garantizar que tu dispositivo AYANEO est\u00e9 en perfecto estado de funcionamiento a su llegada, proporcion\u00e1ndote confianza y tranquilidad. [\/cg_accordion]\n[cg_accordion title=\"PRECIOS, IMPUESTOS Y ENV\u00cdO\"]<\/p>\n<p><strong><u>Nota:<\/u><\/strong><\/p>\n<ul>\n<li>Clientes de Estados Unidos: El precio indicado NO incluye impuestos ni aranceles. La responsabilidad de despachar aduanas y pagar cualquier impuesto o arancel asociado recae en el cliente. <\/li>\n<li>Clientes de la UE: El precio indicado incluye el IMPUESTO aplicable, que puede ser de hasta el 25% dependiendo de tu pa\u00eds.<\/li>\n<li>Clientes de Canad\u00e1: El precio mostrado incluye los impuestos aplicables, que pueden incluir un 5% de GST e impuestos de venta provinciales (PST), impuestos de venta armonizados (HST) o impuestos de venta de Quebec (QST) adicionales, dependiendo de tu provincia.<\/li>\n<\/ul>\n<p><strong>S\u00d3LO para clientes de la UE:<\/strong> DDP expr\u00e9s (entrega con derechos pagados). Esto significa: <\/p>\n<ul>\n<li>Todos los derechos de aduana e impuestos est\u00e1n incluidos en el precio que aparece en la p\u00e1gina del producto.<\/li>\n<li>No tendr\u00e1s que pagar ning\u00fan gasto adicional en el momento de la entrega.<\/li>\n<li>En el raro caso de que surjan problemas relacionados con las aduanas, nuestro equipo se encargar\u00e1 del proceso de despacho de aduanas en tu nombre para garantizar una experiencia de entrega sin problemas.<\/li>\n<p>Informaci\u00f3n importante sobre devoluciones:<\/p>\n<li>Si decides devolver tu pedido o solicitar un reembolso, ten en cuenta que los impuestos y aranceles pagados en tu nombre seg\u00fan las condiciones del DDP no pueden reembolsarse.<\/li>\n<p>Consulta nuestras <a href=\"https:\/\/ayaneo.co\/es\/condiciones-del-servicio\/\" target=\"_blank\" rel=\"nofollow noopener\">Condiciones generales<\/a> para obtener informaci\u00f3n detallada.\n<\/ul>\n<p>[\/cg_accordion]\n[cg_accordion title=\"ATENCI\u00d3N AL CLIENTE\"]<\/p>\n<p>\u00bfTienes alguna pregunta? \u00a1Estamos a un SMS de solucionar tu problema! [\/cg_accordion]\n[cg_accordion title=\"EL PAQUETE INCLUYE\"]<\/p>\n<ul>\n<li>1x AYANEO Base gr\u00e1fica para naves estelares AG01<\/li>\n<li>1x Cable USB Tipo-C<\/li>\n<li>1x Manual del usuario<\/li>\n<\/ul>\n<p>[\/cg_accordion]\n","protected":false},"featured_media":14453,"template":"","meta":{"_acf_changed":false},"product_brand":[],"product_cat":[373],"product_tag":[],"class_list":{"0":"post-14689","1":"product","2":"type-product","3":"status-publish","4":"has-post-thumbnail","6":"product_cat-accesorios","7":"product_shipping_class-premium","8":"pa_brand-ayaneo","9":"pa_graphics-gpu-model-radeon-rx-7600m-xt","11":"first","12":"outofstock","13":"sale","14":"taxable","15":"shipping-taxable","16":"purchasable","17":"product-type-variable","18":"has-default-attributes"},"acf":[],"_links":{"self":[{"href":"https:\/\/ayaneo.co\/es\/wp-json\/wp\/v2\/product\/14689","targetHints":{"allow":["GET"]}}],"collection":[{"href":"https:\/\/ayaneo.co\/es\/wp-json\/wp\/v2\/product"}],"about":[{"href":"https:\/\/ayaneo.co\/es\/wp-json\/wp\/v2\/types\/product"}],"wp:featuredmedia":[{"embeddable":true,"href":"https:\/\/ayaneo.co\/es\/wp-json\/wp\/v2\/media\/14453"}],"wp:attachment":[{"href":"https:\/\/ayaneo.co\/es\/wp-json\/wp\/v2\/media?parent=14689"}],"wp:term":[{"taxonomy":"product_brand","embeddable":true,"href":"https:\/\/ayaneo.co\/es\/wp-json\/wp\/v2\/product_brand?post=14689"},{"taxonomy":"product_cat","embeddable":true,"href":"https:\/\/ayaneo.co\/es\/wp-json\/wp\/v2\/product_cat?post=14689"},{"taxonomy":"product_tag","embeddable":true,"href":"https:\/\/ayaneo.co\/es\/wp-json\/wp\/v2\/product_tag?post=14689"}],"curies":[{"name":"wp","href":"https:\/\/api.w.org\/{rel}","templated":true}]}}