{"id":2445,"date":"2024-03-21T15:52:03","date_gmt":"2024-03-21T15:52:03","guid":{"rendered":"https:\/\/ayaneo.co\/product\/ayaneo-am02\/"},"modified":"2025-04-11T12:14:59","modified_gmt":"2025-04-11T12:14:59","slug":"ayaneo-am02","status":"publish","type":"product","link":"https:\/\/ayaneo.co\/es\/product\/ayaneo-am02\/","title":{"rendered":"AYANEO AM02"},"content":{"rendered":"\n<figure class=\"wp-block-image size-full\"><img fetchpriority=\"high\" decoding=\"async\" width=\"1500\" height=\"844\" src=\"https:\/\/ayaneo.co\/wp-content\/uploads\/2024\/03\/AYANEO-AM02-MARKETING-DONE-01.jpg\" alt=\"AYANEO AM02 Marketing\" class=\"wp-image-600\" srcset=\"https:\/\/ayaneo.co\/wp-content\/uploads\/2024\/03\/AYANEO-AM02-MARKETING-DONE-01.jpg 1500w, https:\/\/ayaneo.co\/wp-content\/uploads\/2024\/03\/AYANEO-AM02-MARKETING-DONE-01-150x84.jpg 150w, https:\/\/ayaneo.co\/wp-content\/uploads\/2024\/03\/AYANEO-AM02-MARKETING-DONE-01-600x338.jpg 600w, https:\/\/ayaneo.co\/wp-content\/uploads\/2024\/03\/AYANEO-AM02-MARKETING-DONE-01-300x169.jpg 300w, https:\/\/ayaneo.co\/wp-content\/uploads\/2024\/03\/AYANEO-AM02-MARKETING-DONE-01-1024x576.jpg 1024w, https:\/\/ayaneo.co\/wp-content\/uploads\/2024\/03\/AYANEO-AM02-MARKETING-DONE-01-768x432.jpg 768w, https:\/\/ayaneo.co\/wp-content\/uploads\/2024\/03\/AYANEO-AM02-MARKETING-DONE-01-990x557.jpg 990w, https:\/\/ayaneo.co\/wp-content\/uploads\/2024\/03\/AYANEO-AM02-MARKETING-DONE-01-441x248.jpg 441w\" sizes=\"(max-width: 1500px) 100vw, 1500px\" \/><\/figure>\n\n<figure class=\"wp-block-image size-full\"><img decoding=\"async\" width=\"1500\" height=\"752\" src=\"https:\/\/ayaneo.co\/wp-content\/uploads\/2024\/03\/AYANEO-AM02-MARKETING-DONE-02.jpg\" alt=\"AYANEO AM02 Marketing\" class=\"wp-image-601\" srcset=\"https:\/\/ayaneo.co\/wp-content\/uploads\/2024\/03\/AYANEO-AM02-MARKETING-DONE-02.jpg 1500w, https:\/\/ayaneo.co\/wp-content\/uploads\/2024\/03\/AYANEO-AM02-MARKETING-DONE-02-150x75.jpg 150w, https:\/\/ayaneo.co\/wp-content\/uploads\/2024\/03\/AYANEO-AM02-MARKETING-DONE-02-600x301.jpg 600w, https:\/\/ayaneo.co\/wp-content\/uploads\/2024\/03\/AYANEO-AM02-MARKETING-DONE-02-300x150.jpg 300w, https:\/\/ayaneo.co\/wp-content\/uploads\/2024\/03\/AYANEO-AM02-MARKETING-DONE-02-1024x513.jpg 1024w, https:\/\/ayaneo.co\/wp-content\/uploads\/2024\/03\/AYANEO-AM02-MARKETING-DONE-02-768x385.jpg 768w, https:\/\/ayaneo.co\/wp-content\/uploads\/2024\/03\/AYANEO-AM02-MARKETING-DONE-02-990x496.jpg 990w, https:\/\/ayaneo.co\/wp-content\/uploads\/2024\/03\/AYANEO-AM02-MARKETING-DONE-02-441x221.jpg 441w\" sizes=\"(max-width: 1500px) 100vw, 1500px\" \/><\/figure>\n\n<figure class=\"wp-block-image size-full\"><img decoding=\"async\" width=\"1500\" height=\"1794\" src=\"https:\/\/ayaneo.co\/wp-content\/uploads\/2024\/03\/AYANEO-AM02-MARKETING-DONE-03.jpg\" alt=\"AYANEO AM02 Marketing\" class=\"wp-image-602\" srcset=\"https:\/\/ayaneo.co\/wp-content\/uploads\/2024\/03\/AYANEO-AM02-MARKETING-DONE-03.jpg 1500w, https:\/\/ayaneo.co\/wp-content\/uploads\/2024\/03\/AYANEO-AM02-MARKETING-DONE-03-150x179.jpg 150w, https:\/\/ayaneo.co\/wp-content\/uploads\/2024\/03\/AYANEO-AM02-MARKETING-DONE-03-600x718.jpg 600w, https:\/\/ayaneo.co\/wp-content\/uploads\/2024\/03\/AYANEO-AM02-MARKETING-DONE-03-251x300.jpg 251w, https:\/\/ayaneo.co\/wp-content\/uploads\/2024\/03\/AYANEO-AM02-MARKETING-DONE-03-856x1024.jpg 856w, https:\/\/ayaneo.co\/wp-content\/uploads\/2024\/03\/AYANEO-AM02-MARKETING-DONE-03-768x919.jpg 768w, https:\/\/ayaneo.co\/wp-content\/uploads\/2024\/03\/AYANEO-AM02-MARKETING-DONE-03-1284x1536.jpg 1284w, https:\/\/ayaneo.co\/wp-content\/uploads\/2024\/03\/AYANEO-AM02-MARKETING-DONE-03-990x1184.jpg 990w, https:\/\/ayaneo.co\/wp-content\/uploads\/2024\/03\/AYANEO-AM02-MARKETING-DONE-03-441x527.jpg 441w\" sizes=\"(max-width: 1500px) 100vw, 1500px\" \/><\/figure>\n\n<figure class=\"wp-block-image size-full\"><img loading=\"lazy\" decoding=\"async\" width=\"1500\" height=\"842\" src=\"https:\/\/ayaneo.co\/wp-content\/uploads\/2024\/03\/AYANEO-AM02-MARKETING-DONE-04.jpg\" alt=\"AYANEO AM02 Marketing\" class=\"wp-image-603\" srcset=\"https:\/\/ayaneo.co\/wp-content\/uploads\/2024\/03\/AYANEO-AM02-MARKETING-DONE-04.jpg 1500w, https:\/\/ayaneo.co\/wp-content\/uploads\/2024\/03\/AYANEO-AM02-MARKETING-DONE-04-150x84.jpg 150w, https:\/\/ayaneo.co\/wp-content\/uploads\/2024\/03\/AYANEO-AM02-MARKETING-DONE-04-600x337.jpg 600w, https:\/\/ayaneo.co\/wp-content\/uploads\/2024\/03\/AYANEO-AM02-MARKETING-DONE-04-300x168.jpg 300w, https:\/\/ayaneo.co\/wp-content\/uploads\/2024\/03\/AYANEO-AM02-MARKETING-DONE-04-1024x575.jpg 1024w, https:\/\/ayaneo.co\/wp-content\/uploads\/2024\/03\/AYANEO-AM02-MARKETING-DONE-04-768x431.jpg 768w, https:\/\/ayaneo.co\/wp-content\/uploads\/2024\/03\/AYANEO-AM02-MARKETING-DONE-04-990x556.jpg 990w, https:\/\/ayaneo.co\/wp-content\/uploads\/2024\/03\/AYANEO-AM02-MARKETING-DONE-04-441x248.jpg 441w\" sizes=\"(max-width: 1500px) 100vw, 1500px\" \/><\/figure>\n\n<figure class=\"wp-block-image size-full\"><img loading=\"lazy\" decoding=\"async\" width=\"1500\" height=\"1640\" src=\"https:\/\/ayaneo.co\/wp-content\/uploads\/2024\/03\/AYANEO-AM02-MARKETING-DONE-05.jpg\" alt=\"AYANEO AM02 Marketing\" class=\"wp-image-604\" srcset=\"https:\/\/ayaneo.co\/wp-content\/uploads\/2024\/03\/AYANEO-AM02-MARKETING-DONE-05.jpg 1500w, https:\/\/ayaneo.co\/wp-content\/uploads\/2024\/03\/AYANEO-AM02-MARKETING-DONE-05-150x164.jpg 150w, https:\/\/ayaneo.co\/wp-content\/uploads\/2024\/03\/AYANEO-AM02-MARKETING-DONE-05-600x656.jpg 600w, https:\/\/ayaneo.co\/wp-content\/uploads\/2024\/03\/AYANEO-AM02-MARKETING-DONE-05-274x300.jpg 274w, https:\/\/ayaneo.co\/wp-content\/uploads\/2024\/03\/AYANEO-AM02-MARKETING-DONE-05-937x1024.jpg 937w, https:\/\/ayaneo.co\/wp-content\/uploads\/2024\/03\/AYANEO-AM02-MARKETING-DONE-05-768x840.jpg 768w, https:\/\/ayaneo.co\/wp-content\/uploads\/2024\/03\/AYANEO-AM02-MARKETING-DONE-05-1405x1536.jpg 1405w, https:\/\/ayaneo.co\/wp-content\/uploads\/2024\/03\/AYANEO-AM02-MARKETING-DONE-05-990x1082.jpg 990w, https:\/\/ayaneo.co\/wp-content\/uploads\/2024\/03\/AYANEO-AM02-MARKETING-DONE-05-441x482.jpg 441w\" sizes=\"(max-width: 1500px) 100vw, 1500px\" \/><\/figure>\n\n<figure class=\"wp-block-image size-full\"><img loading=\"lazy\" decoding=\"async\" width=\"1500\" height=\"894\" src=\"https:\/\/ayaneo.co\/wp-content\/uploads\/2024\/03\/AYANEO-AM02-MARKETING-DONE-06.jpg\" alt=\"AYANEO AM02 Marketing\" class=\"wp-image-605\" srcset=\"https:\/\/ayaneo.co\/wp-content\/uploads\/2024\/03\/AYANEO-AM02-MARKETING-DONE-06.jpg 1500w, https:\/\/ayaneo.co\/wp-content\/uploads\/2024\/03\/AYANEO-AM02-MARKETING-DONE-06-150x89.jpg 150w, https:\/\/ayaneo.co\/wp-content\/uploads\/2024\/03\/AYANEO-AM02-MARKETING-DONE-06-600x358.jpg 600w, https:\/\/ayaneo.co\/wp-content\/uploads\/2024\/03\/AYANEO-AM02-MARKETING-DONE-06-300x179.jpg 300w, https:\/\/ayaneo.co\/wp-content\/uploads\/2024\/03\/AYANEO-AM02-MARKETING-DONE-06-1024x610.jpg 1024w, https:\/\/ayaneo.co\/wp-content\/uploads\/2024\/03\/AYANEO-AM02-MARKETING-DONE-06-768x458.jpg 768w, https:\/\/ayaneo.co\/wp-content\/uploads\/2024\/03\/AYANEO-AM02-MARKETING-DONE-06-990x590.jpg 990w, https:\/\/ayaneo.co\/wp-content\/uploads\/2024\/03\/AYANEO-AM02-MARKETING-DONE-06-441x263.jpg 441w\" sizes=\"(max-width: 1500px) 100vw, 1500px\" \/><\/figure>\n\n<figure class=\"wp-block-image size-full\"><img loading=\"lazy\" decoding=\"async\" width=\"1500\" height=\"1761\" src=\"https:\/\/ayaneo.co\/wp-content\/uploads\/2024\/03\/AYANEO-AM02-MARKETING-DONE-07.jpg\" alt=\"AYANEO AM02 Marketing\" class=\"wp-image-606\" srcset=\"https:\/\/ayaneo.co\/wp-content\/uploads\/2024\/03\/AYANEO-AM02-MARKETING-DONE-07.jpg 1500w, https:\/\/ayaneo.co\/wp-content\/uploads\/2024\/03\/AYANEO-AM02-MARKETING-DONE-07-150x176.jpg 150w, https:\/\/ayaneo.co\/wp-content\/uploads\/2024\/03\/AYANEO-AM02-MARKETING-DONE-07-600x704.jpg 600w, https:\/\/ayaneo.co\/wp-content\/uploads\/2024\/03\/AYANEO-AM02-MARKETING-DONE-07-256x300.jpg 256w, https:\/\/ayaneo.co\/wp-content\/uploads\/2024\/03\/AYANEO-AM02-MARKETING-DONE-07-872x1024.jpg 872w, https:\/\/ayaneo.co\/wp-content\/uploads\/2024\/03\/AYANEO-AM02-MARKETING-DONE-07-768x902.jpg 768w, https:\/\/ayaneo.co\/wp-content\/uploads\/2024\/03\/AYANEO-AM02-MARKETING-DONE-07-1308x1536.jpg 1308w, https:\/\/ayaneo.co\/wp-content\/uploads\/2024\/03\/AYANEO-AM02-MARKETING-DONE-07-990x1162.jpg 990w, https:\/\/ayaneo.co\/wp-content\/uploads\/2024\/03\/AYANEO-AM02-MARKETING-DONE-07-441x518.jpg 441w\" sizes=\"(max-width: 1500px) 100vw, 1500px\" \/><\/figure>\n\n<figure class=\"wp-block-image size-full\"><img loading=\"lazy\" decoding=\"async\" width=\"1500\" height=\"750\" src=\"https:\/\/ayaneo.co\/wp-content\/uploads\/2024\/03\/AYANEO-AM02-MARKETING-DONE-08.jpg\" alt=\"AYANEO AM02 Marketing\" class=\"wp-image-607\" srcset=\"https:\/\/ayaneo.co\/wp-content\/uploads\/2024\/03\/AYANEO-AM02-MARKETING-DONE-08.jpg 1500w, https:\/\/ayaneo.co\/wp-content\/uploads\/2024\/03\/AYANEO-AM02-MARKETING-DONE-08-150x75.jpg 150w, https:\/\/ayaneo.co\/wp-content\/uploads\/2024\/03\/AYANEO-AM02-MARKETING-DONE-08-600x300.jpg 600w, https:\/\/ayaneo.co\/wp-content\/uploads\/2024\/03\/AYANEO-AM02-MARKETING-DONE-08-300x150.jpg 300w, https:\/\/ayaneo.co\/wp-content\/uploads\/2024\/03\/AYANEO-AM02-MARKETING-DONE-08-1024x512.jpg 1024w, https:\/\/ayaneo.co\/wp-content\/uploads\/2024\/03\/AYANEO-AM02-MARKETING-DONE-08-768x384.jpg 768w, https:\/\/ayaneo.co\/wp-content\/uploads\/2024\/03\/AYANEO-AM02-MARKETING-DONE-08-990x495.jpg 990w, https:\/\/ayaneo.co\/wp-content\/uploads\/2024\/03\/AYANEO-AM02-MARKETING-DONE-08-441x221.jpg 441w\" sizes=\"(max-width: 1500px) 100vw, 1500px\" \/><\/figure>\n\n<figure class=\"wp-block-image size-full\"><img loading=\"lazy\" decoding=\"async\" width=\"1500\" height=\"2189\" src=\"https:\/\/ayaneo.co\/wp-content\/uploads\/2024\/03\/AYANEO-AM02-MARKETING-DONE-09.jpg\" alt=\"AYANEO AM02 Marketing\" class=\"wp-image-608\" srcset=\"https:\/\/ayaneo.co\/wp-content\/uploads\/2024\/03\/AYANEO-AM02-MARKETING-DONE-09.jpg 1500w, https:\/\/ayaneo.co\/wp-content\/uploads\/2024\/03\/AYANEO-AM02-MARKETING-DONE-09-150x219.jpg 150w, https:\/\/ayaneo.co\/wp-content\/uploads\/2024\/03\/AYANEO-AM02-MARKETING-DONE-09-600x876.jpg 600w, https:\/\/ayaneo.co\/wp-content\/uploads\/2024\/03\/AYANEO-AM02-MARKETING-DONE-09-206x300.jpg 206w, https:\/\/ayaneo.co\/wp-content\/uploads\/2024\/03\/AYANEO-AM02-MARKETING-DONE-09-702x1024.jpg 702w, https:\/\/ayaneo.co\/wp-content\/uploads\/2024\/03\/AYANEO-AM02-MARKETING-DONE-09-768x1121.jpg 768w, https:\/\/ayaneo.co\/wp-content\/uploads\/2024\/03\/AYANEO-AM02-MARKETING-DONE-09-1053x1536.jpg 1053w, https:\/\/ayaneo.co\/wp-content\/uploads\/2024\/03\/AYANEO-AM02-MARKETING-DONE-09-1403x2048.jpg 1403w, https:\/\/ayaneo.co\/wp-content\/uploads\/2024\/03\/AYANEO-AM02-MARKETING-DONE-09-990x1445.jpg 990w, https:\/\/ayaneo.co\/wp-content\/uploads\/2024\/03\/AYANEO-AM02-MARKETING-DONE-09-441x644.jpg 441w\" sizes=\"(max-width: 1500px) 100vw, 1500px\" \/><\/figure>\n\n<figure class=\"wp-block-image size-full\"><img loading=\"lazy\" decoding=\"async\" width=\"1500\" height=\"1684\" src=\"https:\/\/ayaneo.co\/wp-content\/uploads\/2024\/03\/AYANEO-AM02-MARKETING-DONE-10.jpg\" alt=\"AYANEO AM02 Marketing\" class=\"wp-image-609\" srcset=\"https:\/\/ayaneo.co\/wp-content\/uploads\/2024\/03\/AYANEO-AM02-MARKETING-DONE-10.jpg 1500w, https:\/\/ayaneo.co\/wp-content\/uploads\/2024\/03\/AYANEO-AM02-MARKETING-DONE-10-150x168.jpg 150w, https:\/\/ayaneo.co\/wp-content\/uploads\/2024\/03\/AYANEO-AM02-MARKETING-DONE-10-600x674.jpg 600w, https:\/\/ayaneo.co\/wp-content\/uploads\/2024\/03\/AYANEO-AM02-MARKETING-DONE-10-267x300.jpg 267w, https:\/\/ayaneo.co\/wp-content\/uploads\/2024\/03\/AYANEO-AM02-MARKETING-DONE-10-912x1024.jpg 912w, https:\/\/ayaneo.co\/wp-content\/uploads\/2024\/03\/AYANEO-AM02-MARKETING-DONE-10-768x862.jpg 768w, https:\/\/ayaneo.co\/wp-content\/uploads\/2024\/03\/AYANEO-AM02-MARKETING-DONE-10-1368x1536.jpg 1368w, https:\/\/ayaneo.co\/wp-content\/uploads\/2024\/03\/AYANEO-AM02-MARKETING-DONE-10-990x1111.jpg 990w, https:\/\/ayaneo.co\/wp-content\/uploads\/2024\/03\/AYANEO-AM02-MARKETING-DONE-10-441x495.jpg 441w\" sizes=\"(max-width: 1500px) 100vw, 1500px\" \/><\/figure>\n\n<figure class=\"wp-block-image size-full\"><img loading=\"lazy\" decoding=\"async\" width=\"1500\" height=\"2210\" src=\"https:\/\/ayaneo.co\/wp-content\/uploads\/2024\/03\/AYANEO-AM02-MARKETING-DONE-11.jpg\" alt=\"AYANEO AM02 Marketing\" class=\"wp-image-610\" srcset=\"https:\/\/ayaneo.co\/wp-content\/uploads\/2024\/03\/AYANEO-AM02-MARKETING-DONE-11.jpg 1500w, https:\/\/ayaneo.co\/wp-content\/uploads\/2024\/03\/AYANEO-AM02-MARKETING-DONE-11-150x221.jpg 150w, https:\/\/ayaneo.co\/wp-content\/uploads\/2024\/03\/AYANEO-AM02-MARKETING-DONE-11-600x884.jpg 600w, https:\/\/ayaneo.co\/wp-content\/uploads\/2024\/03\/AYANEO-AM02-MARKETING-DONE-11-204x300.jpg 204w, https:\/\/ayaneo.co\/wp-content\/uploads\/2024\/03\/AYANEO-AM02-MARKETING-DONE-11-695x1024.jpg 695w, https:\/\/ayaneo.co\/wp-content\/uploads\/2024\/03\/AYANEO-AM02-MARKETING-DONE-11-768x1132.jpg 768w, https:\/\/ayaneo.co\/wp-content\/uploads\/2024\/03\/AYANEO-AM02-MARKETING-DONE-11-1043x1536.jpg 1043w, https:\/\/ayaneo.co\/wp-content\/uploads\/2024\/03\/AYANEO-AM02-MARKETING-DONE-11-1390x2048.jpg 1390w, https:\/\/ayaneo.co\/wp-content\/uploads\/2024\/03\/AYANEO-AM02-MARKETING-DONE-11-990x1459.jpg 990w, https:\/\/ayaneo.co\/wp-content\/uploads\/2024\/03\/AYANEO-AM02-MARKETING-DONE-11-441x650.jpg 441w\" sizes=\"(max-width: 1500px) 100vw, 1500px\" \/><\/figure>\n\n<figure class=\"wp-block-image size-full\"><img loading=\"lazy\" decoding=\"async\" width=\"1500\" height=\"2202\" src=\"https:\/\/ayaneo.co\/wp-content\/uploads\/2024\/03\/AYANEO-AM02-MARKETING-DONE-12.jpg\" alt=\"AYANEO AM02 Marketing\" class=\"wp-image-611\" srcset=\"https:\/\/ayaneo.co\/wp-content\/uploads\/2024\/03\/AYANEO-AM02-MARKETING-DONE-12.jpg 1500w, https:\/\/ayaneo.co\/wp-content\/uploads\/2024\/03\/AYANEO-AM02-MARKETING-DONE-12-150x220.jpg 150w, https:\/\/ayaneo.co\/wp-content\/uploads\/2024\/03\/AYANEO-AM02-MARKETING-DONE-12-600x881.jpg 600w, https:\/\/ayaneo.co\/wp-content\/uploads\/2024\/03\/AYANEO-AM02-MARKETING-DONE-12-204x300.jpg 204w, https:\/\/ayaneo.co\/wp-content\/uploads\/2024\/03\/AYANEO-AM02-MARKETING-DONE-12-698x1024.jpg 698w, https:\/\/ayaneo.co\/wp-content\/uploads\/2024\/03\/AYANEO-AM02-MARKETING-DONE-12-768x1127.jpg 768w, https:\/\/ayaneo.co\/wp-content\/uploads\/2024\/03\/AYANEO-AM02-MARKETING-DONE-12-1046x1536.jpg 1046w, https:\/\/ayaneo.co\/wp-content\/uploads\/2024\/03\/AYANEO-AM02-MARKETING-DONE-12-1395x2048.jpg 1395w, https:\/\/ayaneo.co\/wp-content\/uploads\/2024\/03\/AYANEO-AM02-MARKETING-DONE-12-990x1453.jpg 990w, https:\/\/ayaneo.co\/wp-content\/uploads\/2024\/03\/AYANEO-AM02-MARKETING-DONE-12-441x647.jpg 441w\" sizes=\"(max-width: 1500px) 100vw, 1500px\" \/><\/figure>\n\n<h3 class=\"wp-block-heading\"><br\/>Presentamos el AYANEO AM02 Gaming Mini PC: Un salto revolucionario en las potencias de juego port\u00e1tiles<\/h3>\n\n<p>Entra en la pr\u00f3xima era de la tecnolog\u00eda de juegos con el mini PC para juegos AYANEO AM02, un dispositivo innovador que redefine las expectativas de los sistemas de juegos compactos y port\u00e1tiles. M\u00e1s que un simple accesorio para juegos, este mini PC ampl\u00eda los l\u00edmites de los juegos en formato peque\u00f1o, integrando a la perfecci\u00f3n componentes de alto rendimiento con un dise\u00f1o innovador que cabe perfectamente en tus manos. <\/p>\n\n<p>Con una pantalla multifunci\u00f3n integrada de 4&#8243; controlada por el software AYA Space, componentes de primer nivel y un elegante dise\u00f1o ergon\u00f3mico, el AYANEO AM02 se erige como la elecci\u00f3n definitiva tanto para los entusiastas de los juegos como para los profesionales. Tanto si est\u00e1s fijo en casa como en movimiento, este mini PC garantiza una experiencia de juego sin igual, marcando un hito importante en la evoluci\u00f3n de los mini PC para juegos. <\/p>\n\n<h3 class=\"wp-block-heading\">Resumen del producto: Redefiniendo la portabilidad y el rendimiento<\/h3>\n\n<p>El mini PC para juegos AYANEO AM02 no es s\u00f3lo una adici\u00f3n m\u00e1s al mercado de hardware para juegos; es un cambio en la forma en que los jugadores perciben el equilibrio entre portabilidad y rendimiento. Impulsado por una combinaci\u00f3n de bajo consumo y alto rendimiento, este dispositivo garantiza sesiones de juego prolongadas sin concesiones. Su pantalla multifunci\u00f3n integrada de 4&#8243;, mejorada con datos en tiempo real del software AYA Space, enriquece la experiencia de juego con estad\u00edsticas vitales del sistema y actualizaciones meteorol\u00f3gicas locales.  <\/p>\n\n<p>Dise\u00f1ado ergon\u00f3micamente para adaptarse sin problemas a cualquier entorno, el tama\u00f1o compacto del AYANEO AM02 oculta sus formidables capacidades. Ya sea en una serena oficina dom\u00e9stica o en medio del ajetreo de un sal\u00f3n, este mini PC para juegos sobresale, prometiendo el m\u00e1ximo rendimiento sin sacrificar la comodidad. <\/p>\n\n<h3 class=\"wp-block-heading\">Caracter\u00edsticas detalladas: Rendimiento y m\u00e1s<\/h3>\n\n<p>Rendimiento: En el coraz\u00f3n del AYANEO AM02 se encuentra el procesador AMD Ryzen 7 7840HS, emparejado con la GPU AMD Radeon 780M, que garantiza experiencias de juego fluidas y sin lag en una amplia gama de t\u00edtulos y aplicaciones. Tanto si te enfrentas a los \u00faltimos lanzamientos AAA como a la multitarea con software exigente, este mini PC para juegos ofrece un rendimiento sin concesiones. Memoria y almacenamiento: Con hasta 64 GB de memoria RAM DDR5 5600 MHz SO-DIMM de doble canal y almacenamiento ampliable hasta 8 TB a trav\u00e9s de un M.2 2280 PCIe 4.0 de 1 TB SSD, el AYANEO AM02 garantiza cargas de juegos a la velocidad del rayo y almacenamiento expansivo para una amplia biblioteca de juegos, asegurando juegos y productividad sin interrupciones. Experiencia de usuario: Elevando el juego y m\u00e1s all\u00e1    <\/p>\n\n<p>El mini PC para juegos AYANEO AM02 mejora la experiencia del usuario con una plataforma vers\u00e1til compatible con una amplia gama de juegos AAA para Windows, aplicaciones y emuladores. Ejecutado en Windows 11 Home, ofrece una interfaz intuitiva familiar para jugadores y profesionales por igual. Las funciones de conectividad como Wi-Fi 6E, Ethernet 2,5G y Bluetooth 5.2 garantizan una conectividad perfecta a Internet, perif\u00e9ricos y otros dispositivos, haciendo que la experiencia de juego sea m\u00e1s envolvente y accesible.  <\/p>\n\n<h3 class=\"wp-block-heading\">Conclusi\u00f3n: La puerta a nuevos horizontes de juego<\/h3>\n\n<p>El mini PC para juegos AYANEO AM02 anuncia el futuro de los juegos, combinando un rendimiento, dise\u00f1o y funcionalidad sin igual en un dispositivo compacto y port\u00e1til. Con su innovadora pantalla multifunci\u00f3n integrada y sus robustas especificaciones t\u00e9cnicas, este mini PC para juegos est\u00e1 preparado para revolucionar el juego en movimiento. No es simplemente un dispositivo, es una puerta a nuevos horizontes de juego, que invita a los usuarios a abrazar tanto el futuro de los juegos como la nostalgia de los juegos cl\u00e1sicos.  <\/p>\n\n<p>No pierdas la oportunidad de estar a la vanguardia de la innovaci\u00f3n en juegos. Haz hoy mismo el pedido anticipado de tu mini PC para juegos AYANEO AM02 y aseg\u00farate un lugar entre los primeros en experimentar lo \u00faltimo en potentes port\u00e1tiles para juegos. Con disponibilidad limitada, esta es tu oportunidad de adentrarte en el futuro de los juegos con un dispositivo tan \u00fanico como potente.  <\/p>\n","protected":false},"excerpt":{"rendered":"<ul>\n<li> <strong> Ryzen\u2122 7 7840HS<\/strong> \/ Radeon 780M<\/li>\n<li><strong>hasta 64 GB<\/strong> DDR5 a <strong>5600 MT\/s<\/strong><\/li>\n<li><strong>hasta 4 TB<\/strong> PCIe <strong>4.0<\/strong> M.2 2280 de alta velocidad SSD <\/li>\n<li><strong>Pantalla t\u00e1ctil<\/strong> de 4&#8243; con multifunci\u00f3n<\/li>\n<li>Compatible con WiFi <strong>6E<\/strong> y Bluetooth <strong>5.2<\/strong> <\/li>\n<\/ul>\n[cg_accordion title=\"INFORMACI\u00d3N SOBRE EL PAGO\"]<\/p>\n<p>Utilizamos la \u00faltima tecnolog\u00eda en procesamiento de pagos, que te permite pagar mediante Apple Pay, Google Pay, tu tarjeta de d\u00e9bito\/cr\u00e9dito, PayPal o m\u00e9todos BNPL como Klarna, Affirm o AfterPay para una experiencia r\u00e1pida y segura.[\/cg_accordion]\n[cg_accordion title=\"GARANT\u00cdA\"]<\/p>\n<p>1 a\u00f1o de garant\u00eda de <a href=\"https:\/\/droix.net\/\" target=\"_blank\" rel=\"nofollow noopener\">DROIX Global<\/a> para tu tranquilidad[\/cg_accordion]\n[cg_accordion title=\"PRECIOS, IMPUESTOS Y ENV\u00cdO\"]<\/p>\n<p><strong><u>Nota:<\/u><\/strong><\/p>\n<ul>\n<li>Clientes de Estados Unidos: El precio indicado NO incluye impuestos ni aranceles. La responsabilidad de despachar aduanas y pagar cualquier impuesto o arancel asociado recae en el cliente. <\/li>\n<li>Clientes de la UE: El precio indicado incluye el IMPUESTO aplicable, que puede ser de hasta el 25% dependiendo de tu pa\u00eds.<\/li>\n<li>Clientes de Canad\u00e1: El precio mostrado incluye los impuestos aplicables, que pueden incluir un 5% de GST e impuestos de venta provinciales (PST), impuestos de venta armonizados (HST) o impuestos de venta de Quebec (QST) adicionales, dependiendo de tu provincia.<\/li>\n<\/ul>\n<p><strong>S\u00d3LO para clientes de la UE:<\/strong> DDP expr\u00e9s (entrega con derechos pagados). Esto significa: <\/p>\n<ul>\n<li>Todos los derechos de aduana e impuestos est\u00e1n incluidos en el precio que aparece en la p\u00e1gina del producto.<\/li>\n<li>No tendr\u00e1s que pagar ning\u00fan gasto adicional en el momento de la entrega.<\/li>\n<li>En el raro caso de que surjan problemas relacionados con las aduanas, nuestro equipo se encargar\u00e1 del proceso de despacho de aduanas en tu nombre para garantizar una experiencia de entrega sin problemas.<\/li>\n<p>Informaci\u00f3n importante sobre devoluciones:<\/p>\n<li>Si decides devolver tu pedido o solicitar un reembolso, ten en cuenta que los impuestos y aranceles pagados en tu nombre seg\u00fan las condiciones del DDP no pueden reembolsarse.<\/li>\n<p>Consulta nuestras <a href=\"https:\/\/ayaneo.co\/terms-of-service-2\/\" target=\"_blank\" rel=\"nofollow noopener\">Condiciones generales<\/a> para obtener informaci\u00f3n detallada.\n<\/ul>\n<p>[\/cg_accordion]\n[cg_accordion title=\"ATENCI\u00d3N AL CLIENTE\"]<\/p>\n<p>\u00bfTienes alguna pregunta? \u00a1Estamos a un SMS de solucionar tu problema!<br \/>\n[\/cg_accordion]\n[cg_accordion title=\"El paquete incluye\"]<\/p>\n<ul>\n<li>1x AYANEO AM02<\/li>\n<li>1x enchufe (UE\/EE.UU.)<\/li>\n<li>1x Cable USB Tipo-C<\/li>\n<li>1x Cable HDMI<\/li>\n<li>2x Destornilladores<\/li>\n<li>5x Tornillos (M2*3)<\/li>\n<li>1x Manual del usuario<\/li>\n<\/ul>\n<p>[\/cg_accordion]\n","protected":false},"featured_media":1558,"template":"","meta":{"_acf_changed":false},"product_brand":[],"product_cat":[360],"product_tag":[],"class_list":{"0":"post-2445","1":"product","2":"type-product","3":"status-publish","4":"has-post-thumbnail","6":"product_cat-mini-pcs-es","7":"product_shipping_class-premium","8":"pa_brand-ayaneo","9":"pa_graphics-gpu-model-radeon-780m","10":"pa_processor-cpu-brand-amd","12":"first","13":"outofstock","14":"taxable","15":"shipping-taxable","16":"purchasable","17":"product-type-variable"},"acf":[],"_links":{"self":[{"href":"https:\/\/ayaneo.co\/es\/wp-json\/wp\/v2\/product\/2445","targetHints":{"allow":["GET"]}}],"collection":[{"href":"https:\/\/ayaneo.co\/es\/wp-json\/wp\/v2\/product"}],"about":[{"href":"https:\/\/ayaneo.co\/es\/wp-json\/wp\/v2\/types\/product"}],"wp:featuredmedia":[{"embeddable":true,"href":"https:\/\/ayaneo.co\/es\/wp-json\/wp\/v2\/media\/1558"}],"wp:attachment":[{"href":"https:\/\/ayaneo.co\/es\/wp-json\/wp\/v2\/media?parent=2445"}],"wp:term":[{"taxonomy":"product_brand","embeddable":true,"href":"https:\/\/ayaneo.co\/es\/wp-json\/wp\/v2\/product_brand?post=2445"},{"taxonomy":"product_cat","embeddable":true,"href":"https:\/\/ayaneo.co\/es\/wp-json\/wp\/v2\/product_cat?post=2445"},{"taxonomy":"product_tag","embeddable":true,"href":"https:\/\/ayaneo.co\/es\/wp-json\/wp\/v2\/product_tag?post=2445"}],"curies":[{"name":"wp","href":"https:\/\/api.w.org\/{rel}","templated":true}]}}