{"id":2446,"date":"2024-03-20T16:50:22","date_gmt":"2024-03-20T16:50:22","guid":{"rendered":"https:\/\/ayaneo.co\/product\/ayaneo-flip-kb-ds\/"},"modified":"2025-04-11T12:14:51","modified_gmt":"2025-04-11T12:14:51","slug":"ayaneo-flip-kb-ds","status":"publish","type":"product","link":"https:\/\/ayaneo.co\/es\/product\/ayaneo-flip-kb-ds\/","title":{"rendered":"AYANEO FLIP KB \/ DS"},"content":{"rendered":"\n<figure class=\"wp-block-image size-full\"><img fetchpriority=\"high\" decoding=\"async\" width=\"1500\" height=\"846\" src=\"https:\/\/ayaneo.co\/wp-content\/uploads\/2024\/03\/AYANEO-FLIP-KB-MARKETING-DONE-02.jpg\" alt=\"AYANEO Marketing FLIP\" class=\"wp-image-557\" srcset=\"https:\/\/ayaneo.co\/wp-content\/uploads\/2024\/03\/AYANEO-FLIP-KB-MARKETING-DONE-02.jpg 1500w, https:\/\/ayaneo.co\/wp-content\/uploads\/2024\/03\/AYANEO-FLIP-KB-MARKETING-DONE-02-150x85.jpg 150w, https:\/\/ayaneo.co\/wp-content\/uploads\/2024\/03\/AYANEO-FLIP-KB-MARKETING-DONE-02-600x338.jpg 600w, https:\/\/ayaneo.co\/wp-content\/uploads\/2024\/03\/AYANEO-FLIP-KB-MARKETING-DONE-02-300x169.jpg 300w, https:\/\/ayaneo.co\/wp-content\/uploads\/2024\/03\/AYANEO-FLIP-KB-MARKETING-DONE-02-1024x578.jpg 1024w, https:\/\/ayaneo.co\/wp-content\/uploads\/2024\/03\/AYANEO-FLIP-KB-MARKETING-DONE-02-768x433.jpg 768w, https:\/\/ayaneo.co\/wp-content\/uploads\/2024\/03\/AYANEO-FLIP-KB-MARKETING-DONE-02-990x558.jpg 990w, https:\/\/ayaneo.co\/wp-content\/uploads\/2024\/03\/AYANEO-FLIP-KB-MARKETING-DONE-02-441x249.jpg 441w\" sizes=\"(max-width: 1500px) 100vw, 1500px\" \/><\/figure>\n\n<figure class=\"wp-block-image size-full\"><img decoding=\"async\" width=\"1500\" height=\"1346\" src=\"https:\/\/ayaneo.co\/wp-content\/uploads\/2024\/03\/AYANEO-FLIP-DS-MARKETING-DONE-03.png\" alt=\"AYANEO Marketing FLIP\" class=\"wp-image-558\" srcset=\"https:\/\/ayaneo.co\/wp-content\/uploads\/2024\/03\/AYANEO-FLIP-DS-MARKETING-DONE-03.png 1500w, https:\/\/ayaneo.co\/wp-content\/uploads\/2024\/03\/AYANEO-FLIP-DS-MARKETING-DONE-03-150x135.png 150w, https:\/\/ayaneo.co\/wp-content\/uploads\/2024\/03\/AYANEO-FLIP-DS-MARKETING-DONE-03-600x538.png 600w, https:\/\/ayaneo.co\/wp-content\/uploads\/2024\/03\/AYANEO-FLIP-DS-MARKETING-DONE-03-300x269.png 300w, https:\/\/ayaneo.co\/wp-content\/uploads\/2024\/03\/AYANEO-FLIP-DS-MARKETING-DONE-03-1024x919.png 1024w, https:\/\/ayaneo.co\/wp-content\/uploads\/2024\/03\/AYANEO-FLIP-DS-MARKETING-DONE-03-768x689.png 768w, https:\/\/ayaneo.co\/wp-content\/uploads\/2024\/03\/AYANEO-FLIP-DS-MARKETING-DONE-03-990x888.png 990w, https:\/\/ayaneo.co\/wp-content\/uploads\/2024\/03\/AYANEO-FLIP-DS-MARKETING-DONE-03-441x396.png 441w\" sizes=\"(max-width: 1500px) 100vw, 1500px\" \/><\/figure>\n\n<figure class=\"wp-block-image size-full\"><img decoding=\"async\" width=\"1500\" height=\"1004\" src=\"https:\/\/ayaneo.co\/wp-content\/uploads\/2024\/03\/AYANEO-FLIP-DS-MARKETING-DONE-02.png\" alt=\"AYANEO Marketing FLIP\" class=\"wp-image-559\" srcset=\"https:\/\/ayaneo.co\/wp-content\/uploads\/2024\/03\/AYANEO-FLIP-DS-MARKETING-DONE-02.png 1500w, https:\/\/ayaneo.co\/wp-content\/uploads\/2024\/03\/AYANEO-FLIP-DS-MARKETING-DONE-02-150x100.png 150w, https:\/\/ayaneo.co\/wp-content\/uploads\/2024\/03\/AYANEO-FLIP-DS-MARKETING-DONE-02-600x402.png 600w, https:\/\/ayaneo.co\/wp-content\/uploads\/2024\/03\/AYANEO-FLIP-DS-MARKETING-DONE-02-300x201.png 300w, https:\/\/ayaneo.co\/wp-content\/uploads\/2024\/03\/AYANEO-FLIP-DS-MARKETING-DONE-02-1024x685.png 1024w, https:\/\/ayaneo.co\/wp-content\/uploads\/2024\/03\/AYANEO-FLIP-DS-MARKETING-DONE-02-768x514.png 768w, https:\/\/ayaneo.co\/wp-content\/uploads\/2024\/03\/AYANEO-FLIP-DS-MARKETING-DONE-02-990x663.png 990w, https:\/\/ayaneo.co\/wp-content\/uploads\/2024\/03\/AYANEO-FLIP-DS-MARKETING-DONE-02-441x295.png 441w\" sizes=\"(max-width: 1500px) 100vw, 1500px\" \/><\/figure>\n\n<figure class=\"wp-block-image size-full\"><img loading=\"lazy\" decoding=\"async\" width=\"1500\" height=\"992\" src=\"https:\/\/ayaneo.co\/wp-content\/uploads\/2024\/03\/AYANEO-FLIP-KB-MARKETING-DONE-05.jpg\" alt=\"AYANEO Marketing FLIP\" class=\"wp-image-560\" srcset=\"https:\/\/ayaneo.co\/wp-content\/uploads\/2024\/03\/AYANEO-FLIP-KB-MARKETING-DONE-05.jpg 1500w, https:\/\/ayaneo.co\/wp-content\/uploads\/2024\/03\/AYANEO-FLIP-KB-MARKETING-DONE-05-150x99.jpg 150w, https:\/\/ayaneo.co\/wp-content\/uploads\/2024\/03\/AYANEO-FLIP-KB-MARKETING-DONE-05-600x397.jpg 600w, https:\/\/ayaneo.co\/wp-content\/uploads\/2024\/03\/AYANEO-FLIP-KB-MARKETING-DONE-05-300x198.jpg 300w, https:\/\/ayaneo.co\/wp-content\/uploads\/2024\/03\/AYANEO-FLIP-KB-MARKETING-DONE-05-1024x677.jpg 1024w, https:\/\/ayaneo.co\/wp-content\/uploads\/2024\/03\/AYANEO-FLIP-KB-MARKETING-DONE-05-768x508.jpg 768w, https:\/\/ayaneo.co\/wp-content\/uploads\/2024\/03\/AYANEO-FLIP-KB-MARKETING-DONE-05-990x655.jpg 990w, https:\/\/ayaneo.co\/wp-content\/uploads\/2024\/03\/AYANEO-FLIP-KB-MARKETING-DONE-05-441x292.jpg 441w\" sizes=\"(max-width: 1500px) 100vw, 1500px\" \/><\/figure>\n\n<figure class=\"wp-block-image size-full\"><img loading=\"lazy\" decoding=\"async\" width=\"1500\" height=\"1587\" src=\"https:\/\/ayaneo.co\/wp-content\/uploads\/2024\/03\/AYANEO-FLIP-KB-MARKETING-DONE-06.jpg\" alt=\"AYANEO Marketing FLIP\" class=\"wp-image-561\" srcset=\"https:\/\/ayaneo.co\/wp-content\/uploads\/2024\/03\/AYANEO-FLIP-KB-MARKETING-DONE-06.jpg 1500w, https:\/\/ayaneo.co\/wp-content\/uploads\/2024\/03\/AYANEO-FLIP-KB-MARKETING-DONE-06-150x159.jpg 150w, https:\/\/ayaneo.co\/wp-content\/uploads\/2024\/03\/AYANEO-FLIP-KB-MARKETING-DONE-06-600x635.jpg 600w, https:\/\/ayaneo.co\/wp-content\/uploads\/2024\/03\/AYANEO-FLIP-KB-MARKETING-DONE-06-284x300.jpg 284w, https:\/\/ayaneo.co\/wp-content\/uploads\/2024\/03\/AYANEO-FLIP-KB-MARKETING-DONE-06-968x1024.jpg 968w, https:\/\/ayaneo.co\/wp-content\/uploads\/2024\/03\/AYANEO-FLIP-KB-MARKETING-DONE-06-768x813.jpg 768w, https:\/\/ayaneo.co\/wp-content\/uploads\/2024\/03\/AYANEO-FLIP-KB-MARKETING-DONE-06-1452x1536.jpg 1452w, https:\/\/ayaneo.co\/wp-content\/uploads\/2024\/03\/AYANEO-FLIP-KB-MARKETING-DONE-06-990x1047.jpg 990w, https:\/\/ayaneo.co\/wp-content\/uploads\/2024\/03\/AYANEO-FLIP-KB-MARKETING-DONE-06-441x467.jpg 441w\" sizes=\"(max-width: 1500px) 100vw, 1500px\" \/><\/figure>\n\n<figure class=\"wp-block-image size-large\"><img loading=\"lazy\" decoding=\"async\" width=\"1024\" height=\"591\" src=\"https:\/\/ayaneo.co\/wp-content\/uploads\/2024\/03\/AYANEO-FLIP-DS-MARKETING-DONE-06-1024x591.png\" alt=\"AYANEO Marketing FLIP\" class=\"wp-image-562\" srcset=\"https:\/\/ayaneo.co\/wp-content\/uploads\/2024\/03\/AYANEO-FLIP-DS-MARKETING-DONE-06-1024x591.png 1024w, https:\/\/ayaneo.co\/wp-content\/uploads\/2024\/03\/AYANEO-FLIP-DS-MARKETING-DONE-06-150x87.png 150w, https:\/\/ayaneo.co\/wp-content\/uploads\/2024\/03\/AYANEO-FLIP-DS-MARKETING-DONE-06-600x346.png 600w, https:\/\/ayaneo.co\/wp-content\/uploads\/2024\/03\/AYANEO-FLIP-DS-MARKETING-DONE-06-300x173.png 300w, https:\/\/ayaneo.co\/wp-content\/uploads\/2024\/03\/AYANEO-FLIP-DS-MARKETING-DONE-06-768x443.png 768w, https:\/\/ayaneo.co\/wp-content\/uploads\/2024\/03\/AYANEO-FLIP-DS-MARKETING-DONE-06-990x572.png 990w, https:\/\/ayaneo.co\/wp-content\/uploads\/2024\/03\/AYANEO-FLIP-DS-MARKETING-DONE-06-441x255.png 441w, https:\/\/ayaneo.co\/wp-content\/uploads\/2024\/03\/AYANEO-FLIP-DS-MARKETING-DONE-06.png 1500w\" sizes=\"(max-width: 1024px) 100vw, 1024px\" \/><\/figure>\n\n<figure class=\"wp-block-image size-large\"><img loading=\"lazy\" decoding=\"async\" width=\"855\" height=\"1024\" src=\"https:\/\/ayaneo.co\/wp-content\/uploads\/2024\/03\/AYANEO-FLIP-KB-MARKETING-DONE-09-855x1024.jpg\" alt=\"AYANEO Marketing FLIP\" class=\"wp-image-563\" srcset=\"https:\/\/ayaneo.co\/wp-content\/uploads\/2024\/03\/AYANEO-FLIP-KB-MARKETING-DONE-09-855x1024.jpg 855w, https:\/\/ayaneo.co\/wp-content\/uploads\/2024\/03\/AYANEO-FLIP-KB-MARKETING-DONE-09-150x180.jpg 150w, https:\/\/ayaneo.co\/wp-content\/uploads\/2024\/03\/AYANEO-FLIP-KB-MARKETING-DONE-09-600x719.jpg 600w, https:\/\/ayaneo.co\/wp-content\/uploads\/2024\/03\/AYANEO-FLIP-KB-MARKETING-DONE-09-250x300.jpg 250w, https:\/\/ayaneo.co\/wp-content\/uploads\/2024\/03\/AYANEO-FLIP-KB-MARKETING-DONE-09-768x920.jpg 768w, https:\/\/ayaneo.co\/wp-content\/uploads\/2024\/03\/AYANEO-FLIP-KB-MARKETING-DONE-09-1282x1536.jpg 1282w, https:\/\/ayaneo.co\/wp-content\/uploads\/2024\/03\/AYANEO-FLIP-KB-MARKETING-DONE-09-990x1186.jpg 990w, https:\/\/ayaneo.co\/wp-content\/uploads\/2024\/03\/AYANEO-FLIP-KB-MARKETING-DONE-09-441x528.jpg 441w, https:\/\/ayaneo.co\/wp-content\/uploads\/2024\/03\/AYANEO-FLIP-KB-MARKETING-DONE-09.jpg 1500w\" sizes=\"(max-width: 855px) 100vw, 855px\" \/><\/figure>\n\n<figure class=\"wp-block-image size-full\"><img loading=\"lazy\" decoding=\"async\" width=\"1500\" height=\"2091\" src=\"https:\/\/ayaneo.co\/wp-content\/uploads\/2024\/03\/AYANEO-FLIP-KB-MARKETING-DONE-11.jpg\" alt=\"AYANEO Marketing FLIP\" class=\"wp-image-564\" srcset=\"https:\/\/ayaneo.co\/wp-content\/uploads\/2024\/03\/AYANEO-FLIP-KB-MARKETING-DONE-11.jpg 1500w, https:\/\/ayaneo.co\/wp-content\/uploads\/2024\/03\/AYANEO-FLIP-KB-MARKETING-DONE-11-150x209.jpg 150w, https:\/\/ayaneo.co\/wp-content\/uploads\/2024\/03\/AYANEO-FLIP-KB-MARKETING-DONE-11-600x836.jpg 600w, https:\/\/ayaneo.co\/wp-content\/uploads\/2024\/03\/AYANEO-FLIP-KB-MARKETING-DONE-11-215x300.jpg 215w, https:\/\/ayaneo.co\/wp-content\/uploads\/2024\/03\/AYANEO-FLIP-KB-MARKETING-DONE-11-735x1024.jpg 735w, https:\/\/ayaneo.co\/wp-content\/uploads\/2024\/03\/AYANEO-FLIP-KB-MARKETING-DONE-11-768x1071.jpg 768w, https:\/\/ayaneo.co\/wp-content\/uploads\/2024\/03\/AYANEO-FLIP-KB-MARKETING-DONE-11-1102x1536.jpg 1102w, https:\/\/ayaneo.co\/wp-content\/uploads\/2024\/03\/AYANEO-FLIP-KB-MARKETING-DONE-11-1469x2048.jpg 1469w, https:\/\/ayaneo.co\/wp-content\/uploads\/2024\/03\/AYANEO-FLIP-KB-MARKETING-DONE-11-990x1380.jpg 990w, https:\/\/ayaneo.co\/wp-content\/uploads\/2024\/03\/AYANEO-FLIP-KB-MARKETING-DONE-11-441x615.jpg 441w\" sizes=\"(max-width: 1500px) 100vw, 1500px\" \/><\/figure>\n\n<figure class=\"wp-block-image size-full\"><img loading=\"lazy\" decoding=\"async\" width=\"1500\" height=\"2353\" src=\"https:\/\/ayaneo.co\/wp-content\/uploads\/2024\/03\/AYANEO-FLIP-KB-MARKETING-DONE-12.jpg\" alt=\"AYANEO Marketing FLIP\" class=\"wp-image-565\" srcset=\"https:\/\/ayaneo.co\/wp-content\/uploads\/2024\/03\/AYANEO-FLIP-KB-MARKETING-DONE-12.jpg 1500w, https:\/\/ayaneo.co\/wp-content\/uploads\/2024\/03\/AYANEO-FLIP-KB-MARKETING-DONE-12-150x235.jpg 150w, https:\/\/ayaneo.co\/wp-content\/uploads\/2024\/03\/AYANEO-FLIP-KB-MARKETING-DONE-12-600x941.jpg 600w, https:\/\/ayaneo.co\/wp-content\/uploads\/2024\/03\/AYANEO-FLIP-KB-MARKETING-DONE-12-191x300.jpg 191w, https:\/\/ayaneo.co\/wp-content\/uploads\/2024\/03\/AYANEO-FLIP-KB-MARKETING-DONE-12-653x1024.jpg 653w, https:\/\/ayaneo.co\/wp-content\/uploads\/2024\/03\/AYANEO-FLIP-KB-MARKETING-DONE-12-768x1205.jpg 768w, https:\/\/ayaneo.co\/wp-content\/uploads\/2024\/03\/AYANEO-FLIP-KB-MARKETING-DONE-12-979x1536.jpg 979w, https:\/\/ayaneo.co\/wp-content\/uploads\/2024\/03\/AYANEO-FLIP-KB-MARKETING-DONE-12-1306x2048.jpg 1306w, https:\/\/ayaneo.co\/wp-content\/uploads\/2024\/03\/AYANEO-FLIP-KB-MARKETING-DONE-12-990x1553.jpg 990w, https:\/\/ayaneo.co\/wp-content\/uploads\/2024\/03\/AYANEO-FLIP-KB-MARKETING-DONE-12-441x692.jpg 441w\" sizes=\"(max-width: 1500px) 100vw, 1500px\" \/><\/figure>\n\n<figure class=\"wp-block-image size-full\"><img loading=\"lazy\" decoding=\"async\" width=\"1500\" height=\"830\" src=\"https:\/\/ayaneo.co\/wp-content\/uploads\/2024\/03\/AYANEO-FLIP-KB-MARKETING-DONE-15.jpg\" alt=\"AYANEO Marketing FLIP\" class=\"wp-image-566\" srcset=\"https:\/\/ayaneo.co\/wp-content\/uploads\/2024\/03\/AYANEO-FLIP-KB-MARKETING-DONE-15.jpg 1500w, https:\/\/ayaneo.co\/wp-content\/uploads\/2024\/03\/AYANEO-FLIP-KB-MARKETING-DONE-15-150x83.jpg 150w, https:\/\/ayaneo.co\/wp-content\/uploads\/2024\/03\/AYANEO-FLIP-KB-MARKETING-DONE-15-600x332.jpg 600w, https:\/\/ayaneo.co\/wp-content\/uploads\/2024\/03\/AYANEO-FLIP-KB-MARKETING-DONE-15-300x166.jpg 300w, https:\/\/ayaneo.co\/wp-content\/uploads\/2024\/03\/AYANEO-FLIP-KB-MARKETING-DONE-15-1024x567.jpg 1024w, https:\/\/ayaneo.co\/wp-content\/uploads\/2024\/03\/AYANEO-FLIP-KB-MARKETING-DONE-15-768x425.jpg 768w, https:\/\/ayaneo.co\/wp-content\/uploads\/2024\/03\/AYANEO-FLIP-KB-MARKETING-DONE-15-990x548.jpg 990w, https:\/\/ayaneo.co\/wp-content\/uploads\/2024\/03\/AYANEO-FLIP-KB-MARKETING-DONE-15-441x244.jpg 441w\" sizes=\"(max-width: 1500px) 100vw, 1500px\" \/><\/figure>\n\n<figure class=\"wp-block-image size-full\"><img loading=\"lazy\" decoding=\"async\" width=\"1500\" height=\"1364\" src=\"https:\/\/ayaneo.co\/wp-content\/uploads\/2024\/03\/AYANEO-FLIP-KB-MARKETING-DONE-19.jpg\" alt=\"AYANEO Marketing FLIP\" class=\"wp-image-567\" srcset=\"https:\/\/ayaneo.co\/wp-content\/uploads\/2024\/03\/AYANEO-FLIP-KB-MARKETING-DONE-19.jpg 1500w, https:\/\/ayaneo.co\/wp-content\/uploads\/2024\/03\/AYANEO-FLIP-KB-MARKETING-DONE-19-150x136.jpg 150w, https:\/\/ayaneo.co\/wp-content\/uploads\/2024\/03\/AYANEO-FLIP-KB-MARKETING-DONE-19-600x546.jpg 600w, https:\/\/ayaneo.co\/wp-content\/uploads\/2024\/03\/AYANEO-FLIP-KB-MARKETING-DONE-19-300x273.jpg 300w, https:\/\/ayaneo.co\/wp-content\/uploads\/2024\/03\/AYANEO-FLIP-KB-MARKETING-DONE-19-1024x931.jpg 1024w, https:\/\/ayaneo.co\/wp-content\/uploads\/2024\/03\/AYANEO-FLIP-KB-MARKETING-DONE-19-768x698.jpg 768w, https:\/\/ayaneo.co\/wp-content\/uploads\/2024\/03\/AYANEO-FLIP-KB-MARKETING-DONE-19-990x900.jpg 990w, https:\/\/ayaneo.co\/wp-content\/uploads\/2024\/03\/AYANEO-FLIP-KB-MARKETING-DONE-19-441x401.jpg 441w\" sizes=\"(max-width: 1500px) 100vw, 1500px\" \/><\/figure>\n\n<figure class=\"wp-block-image size-full\"><img loading=\"lazy\" decoding=\"async\" width=\"1500\" height=\"1080\" src=\"https:\/\/ayaneo.co\/wp-content\/uploads\/2024\/03\/AYANEO-FLIP-DS-MARKETING-DONE-09.png\" alt=\"AYANEO Marketing FLIP\" class=\"wp-image-568\" srcset=\"https:\/\/ayaneo.co\/wp-content\/uploads\/2024\/03\/AYANEO-FLIP-DS-MARKETING-DONE-09.png 1500w, https:\/\/ayaneo.co\/wp-content\/uploads\/2024\/03\/AYANEO-FLIP-DS-MARKETING-DONE-09-150x108.png 150w, https:\/\/ayaneo.co\/wp-content\/uploads\/2024\/03\/AYANEO-FLIP-DS-MARKETING-DONE-09-600x432.png 600w, https:\/\/ayaneo.co\/wp-content\/uploads\/2024\/03\/AYANEO-FLIP-DS-MARKETING-DONE-09-300x216.png 300w, https:\/\/ayaneo.co\/wp-content\/uploads\/2024\/03\/AYANEO-FLIP-DS-MARKETING-DONE-09-1024x737.png 1024w, https:\/\/ayaneo.co\/wp-content\/uploads\/2024\/03\/AYANEO-FLIP-DS-MARKETING-DONE-09-768x553.png 768w, https:\/\/ayaneo.co\/wp-content\/uploads\/2024\/03\/AYANEO-FLIP-DS-MARKETING-DONE-09-990x713.png 990w, https:\/\/ayaneo.co\/wp-content\/uploads\/2024\/03\/AYANEO-FLIP-DS-MARKETING-DONE-09-441x318.png 441w\" sizes=\"(max-width: 1500px) 100vw, 1500px\" \/><\/figure>\n\n<figure class=\"wp-block-image size-full\"><img loading=\"lazy\" decoding=\"async\" width=\"1500\" height=\"898\" src=\"https:\/\/ayaneo.co\/wp-content\/uploads\/2024\/03\/AYANEO-FLIP-DS-MARKETING-DONE-10.png\" alt=\"AYANEO Marketing FLIP\" class=\"wp-image-569\" srcset=\"https:\/\/ayaneo.co\/wp-content\/uploads\/2024\/03\/AYANEO-FLIP-DS-MARKETING-DONE-10.png 1500w, https:\/\/ayaneo.co\/wp-content\/uploads\/2024\/03\/AYANEO-FLIP-DS-MARKETING-DONE-10-150x90.png 150w, https:\/\/ayaneo.co\/wp-content\/uploads\/2024\/03\/AYANEO-FLIP-DS-MARKETING-DONE-10-600x359.png 600w, https:\/\/ayaneo.co\/wp-content\/uploads\/2024\/03\/AYANEO-FLIP-DS-MARKETING-DONE-10-300x180.png 300w, https:\/\/ayaneo.co\/wp-content\/uploads\/2024\/03\/AYANEO-FLIP-DS-MARKETING-DONE-10-1024x613.png 1024w, https:\/\/ayaneo.co\/wp-content\/uploads\/2024\/03\/AYANEO-FLIP-DS-MARKETING-DONE-10-768x460.png 768w, https:\/\/ayaneo.co\/wp-content\/uploads\/2024\/03\/AYANEO-FLIP-DS-MARKETING-DONE-10-990x593.png 990w, https:\/\/ayaneo.co\/wp-content\/uploads\/2024\/03\/AYANEO-FLIP-DS-MARKETING-DONE-10-441x264.png 441w\" sizes=\"(max-width: 1500px) 100vw, 1500px\" \/><\/figure>\n\n<h3 class=\"wp-block-heading\" id=\"h-introducing-the-ayaneo-flip-revolutionizing-handheld-gaming-pcs\">Presentamos el AYANEO Flip: Revolucionando los ordenadores port\u00e1tiles para juegos<\/h3>\n\n<p>En el din\u00e1mico \u00e1mbito de los juegos, el AYANEO Flip surge como un innovador salto adelante, que ofrece a los jugadores una fusi\u00f3n de movilidad y juego de alto rendimiento como nunca antes. Este innovador PC port\u00e1til para juegos destaca por su modelo DS de doble pantalla y su modelo KB equipado con teclado, que satisface a los jugadores que dan prioridad tanto a la portabilidad como a la potencia. Redefiniendo los est\u00e1ndares de los juegos port\u00e1tiles, el AYANEO Flip ofrece funciones de vanguardia que satisfacen tanto a los entusiastas de los juegos cl\u00e1sicos como a los jugadores modernos que buscan experiencias de juego inigualables sobre la marcha.  <\/p>\n\n<h3 class=\"wp-block-heading\">Resumen del producto: Lo \u00faltimo en juegos de mano<\/h3>\n\n<p>El AYANEO Flip reconfigura el panorama de los PC port\u00e1tiles para juegos combinando a la perfecci\u00f3n un rendimiento s\u00f3lido con un consumo de energ\u00eda m\u00ednimo. Equipado con un procesador AMD Ryzen 7 7840U, este dispositivo ofrece experiencias de juego de sobremesa en un tama\u00f1o compacto. Elige entre el modelo DS, con una configuraci\u00f3n de doble pantalla de 3,5&#8243; IPS para mejorar el juego y la productividad, o el modelo KB, que integra un teclado para una navegaci\u00f3n y comunicaci\u00f3n fluidas.  <\/p>\n\n<p>Este PC port\u00e1til para juegos no s\u00f3lo destaca por su rendimiento, sino tambi\u00e9n por su ergonom\u00eda y portabilidad, lo que lo hace perfecto para jugar en cualquier entorno. Con una pantalla principal din\u00e1mica de 7&#8243; 1080P IPS, hasta 64 GB de RAM LPDDR5X y hasta 2 TB de almacenamiento PCIe 4.0 SSD, el AYANEO Flip garantiza un juego fluido y versatilidad, manteniendo un dise\u00f1o elegante y ligero. <\/p>\n\n<h3 class=\"wp-block-heading\">Caracter\u00edsticas detalladas: Dise\u00f1ado para la excelencia<\/h3>\n\n<p>Rendimiento: El AYANEO Flip ofrece un rendimiento excepcional con su CPU AMD Ryzen 7 7840U o AMD Ryzen 7 8840U y GPU 780M, con una potencia de 28 W TDP para disfrutar de experiencias de juego envolventes en varios t\u00edtulos. Con una frecuencia de actualizaci\u00f3n de la pantalla principal de 120 Hz y una gama de colores sRGB del 100%, los efectos visuales son vibrantes y fluidos, mientras que la segunda pantalla opcional del modelo DS mejora la multitarea y los controles del juego. <\/p>\n\n<p>Memoria y almacenamiento: Superando los l\u00edmites del juego port\u00e1til, la AYANEO Flip ofrece configuraciones con hasta 64 GB de RAM para tiempos de carga rapid\u00edsimos y un juego sin interrupciones. El generoso disco duro de 2 TB SSD ofrece espacio de sobra para almacenar una extensa biblioteca de juegos. <\/p>\n\n<h3 class=\"wp-block-heading\">Experiencia de usuario: Adaptada a las necesidades de los jugadores<\/h3>\n\n<p>Usar el AYANEO Flip es como empu\u00f1ar el futuro de los juegos. Con sistema operativo Windows, es compatible con una amplia gama de juegos, aplicaciones y emuladores, lo que lo convierte en una herramienta vers\u00e1til para el entretenimiento y la productividad. Con puertos USB 4 Tipo-C, un lector de tarjetas MicroSD UHS-II, Wi-Fi 6E, Bluetooth 5.2 y compatibilidad con OcuLink, la conectividad es fluida y robusta, lo que permite un rendimiento de juego similar al de un ordenador de sobremesa con la estaci\u00f3n de acoplamiento GPD G1 2024 eGPU.  <\/p>\n\n<p>Para los usuarios del modelo DS, la configuraci\u00f3n de doble pantalla mejora tanto los juegos como la productividad, mientras que el modelo KB ofrece eficiencia con su teclado integrado.<\/p>\n\n<h3 class=\"wp-block-heading\">Conclusi\u00f3n: Una nueva era de juegos port\u00e1tiles<\/h3>\n\n<p>El AYANEO Flip supone un avance significativo en los PC compactos para juegos, ya que combina un rendimiento inigualable, un dise\u00f1o innovador y funcionalidad. Establece un nuevo est\u00e1ndar para los juegos port\u00e1tiles, donde la movilidad, el rendimiento y el dise\u00f1o convergen para ofrecer una experiencia de juego sin igual. <\/p>\n\n<p>No pierdas la oportunidad de estar a la vanguardia de la innovaci\u00f3n en juegos port\u00e1tiles. Tanto si eres un entusiasta de los juegos cl\u00e1sicos como un jugador moderno que busca la consola de juegos port\u00e1til definitiva, la AYANEO Flip ofrece algo extraordinario para todos. Haz tu pedido anticipado ahora y aseg\u00farate un lugar en la revoluci\u00f3n de los juegos con AYANEO Flip. La disponibilidad es limitada, as\u00ed que act\u00faa con rapidez para abrazar el futuro de los juegos.   <\/p>\n","protected":false},"excerpt":{"rendered":"<ul>\n<li>AMD Ryzen\u2122 7<strong> 8840U<\/strong> y Radeon 780M<\/li>\n<li><strong>hasta 64 GB<\/strong> LPDDR5X a <strong>6400 MT\/s<\/strong><\/li>\n<li><strong>hasta 2 TB<\/strong> PCIe <strong>4.0<\/strong> M.2 2230 de alta velocidad SSD <\/li>\n<li>Pantalla t\u00e1ctil de 7&#8243;<strong> 120Hz<\/strong> IPS 1080P<strong> 400 nits<\/strong> <\/li>\n<li>Compatible con WiFi <strong>6E<\/strong> y Bluetooth <strong>5.2<\/strong> <\/li>\n<\/ul>\n[cg_accordion title=\"INFORMACI\u00d3N SOBRE EL PAGO\"]<\/p>\n<p>Utilizamos la \u00faltima tecnolog\u00eda en procesamiento de pagos, que te permite pagar mediante Apple Pay, Google Pay, tu tarjeta de d\u00e9bito\/cr\u00e9dito, PayPal o m\u00e9todos BNPL como Klarna, Affirm o AfterPay para una experiencia r\u00e1pida y segura.[\/cg_accordion]\n[cg_accordion title=\"GARANT\u00cdA\"]<\/p>\n<p>1 a\u00f1o de garant\u00eda de <a href=\"https:\/\/droix.net\/\" target=\"_blank\" rel=\"nofollow noopener\">DROIX Global<\/a> para tu tranquilidad[\/cg_accordion]\n[cg_accordion title=\"PRECIOS, IMPUESTOS Y ENV\u00cdO\"]<\/p>\n<p><strong><u>Nota:<\/u><\/strong><\/p>\n<ul>\n<li>Clientes de Estados Unidos: El precio indicado NO incluye impuestos ni aranceles. La responsabilidad de despachar aduanas y pagar cualquier impuesto o arancel asociado recae en el cliente. <\/li>\n<li>Clientes de la UE: El precio indicado incluye el IMPUESTO aplicable, que puede ser de hasta el 25% dependiendo de tu pa\u00eds.<\/li>\n<li>Clientes de Canad\u00e1: El precio mostrado incluye los impuestos aplicables, que pueden incluir un 5% de GST e impuestos de venta provinciales (PST), impuestos de venta armonizados (HST) o impuestos de venta de Quebec (QST) adicionales, dependiendo de tu provincia.<\/li>\n<\/ul>\n<p><strong>S\u00d3LO para clientes de la UE:<\/strong> DDP expr\u00e9s (entrega con derechos pagados). Esto significa: <\/p>\n<ul>\n<li>Todos los derechos de aduana e impuestos est\u00e1n incluidos en el precio que aparece en la p\u00e1gina del producto.<\/li>\n<li>No tendr\u00e1s que pagar ning\u00fan gasto adicional en el momento de la entrega.<\/li>\n<li>En el raro caso de que surjan problemas relacionados con las aduanas, nuestro equipo se encargar\u00e1 del proceso de despacho de aduanas en tu nombre para garantizar una experiencia de entrega sin problemas.<\/li>\n<p>Informaci\u00f3n importante sobre devoluciones:<\/p>\n<li>Si decides devolver tu pedido o solicitar un reembolso, ten en cuenta que los impuestos y aranceles pagados en tu nombre seg\u00fan las condiciones del DDP no pueden reembolsarse.<\/li>\n<p>Consulta nuestras <a href=\"https:\/\/ayaneo.co\/terms-of-service-2\/\" target=\"_blank\" rel=\"nofollow noopener\">Condiciones generales<\/a> para obtener informaci\u00f3n detallada.\n<\/ul>\n<p>[\/cg_accordion]\n[cg_accordion title=\"ATENCI\u00d3N AL CLIENTE\"]<\/p>\n<p>\u00bfTienes alguna pregunta? \u00a1Estamos a un SMS de solucionar tu problema!<br \/>\n[\/cg_accordion]\n[cg_accordion title=\"El paquete incluye\"]<\/p>\n<ul>\n<li>1x AYANEO FLIP KB \/ DS<\/li>\n<li>1x enchufe (UE\/EE.UU.)<\/li>\n<li>1x Cable USB Tipo-C<\/li>\n<li>1x Manual del usuario<\/li>\n<\/ul>\n<p>[\/cg_accordion]\n","protected":false},"featured_media":1468,"template":"","meta":{"_acf_changed":false},"product_brand":[],"product_cat":[361],"product_tag":[],"class_list":{"0":"post-2446","1":"product","2":"type-product","3":"status-publish","4":"has-post-thumbnail","6":"product_cat-ordenadores-portatiles-para-juegos","7":"product_shipping_class-premium","8":"pa_brand-ayaneo","9":"pa_graphics-gpu-model-radeon-780m","10":"pa_operating-system-windows-11-home","11":"pa_processor-cpu-brand-amd","13":"first","14":"outofstock","15":"sale","16":"taxable","17":"shipping-taxable","18":"purchasable","19":"product-type-variable","20":"has-default-attributes"},"acf":[],"_links":{"self":[{"href":"https:\/\/ayaneo.co\/es\/wp-json\/wp\/v2\/product\/2446","targetHints":{"allow":["GET"]}}],"collection":[{"href":"https:\/\/ayaneo.co\/es\/wp-json\/wp\/v2\/product"}],"about":[{"href":"https:\/\/ayaneo.co\/es\/wp-json\/wp\/v2\/types\/product"}],"wp:featuredmedia":[{"embeddable":true,"href":"https:\/\/ayaneo.co\/es\/wp-json\/wp\/v2\/media\/1468"}],"wp:attachment":[{"href":"https:\/\/ayaneo.co\/es\/wp-json\/wp\/v2\/media?parent=2446"}],"wp:term":[{"taxonomy":"product_brand","embeddable":true,"href":"https:\/\/ayaneo.co\/es\/wp-json\/wp\/v2\/product_brand?post=2446"},{"taxonomy":"product_cat","embeddable":true,"href":"https:\/\/ayaneo.co\/es\/wp-json\/wp\/v2\/product_cat?post=2446"},{"taxonomy":"product_tag","embeddable":true,"href":"https:\/\/ayaneo.co\/es\/wp-json\/wp\/v2\/product_tag?post=2446"}],"curies":[{"name":"wp","href":"https:\/\/api.w.org\/{rel}","templated":true}]}}