{"id":25130,"date":"2025-06-27T08:57:04","date_gmt":"2025-06-27T08:57:04","guid":{"rendered":"https:\/\/ayaneo.co\/?post_type=product&#038;p=25130"},"modified":"2025-12-09T00:29:38","modified_gmt":"2025-12-09T00:29:38","slug":"ayaneo-maletin-micro-de-bolsillo-copy","status":"publish","type":"product","link":"https:\/\/ayaneo.co\/es\/product\/ayaneo-maletin-micro-de-bolsillo-copy\/","title":{"rendered":"Funda DMG AYANEO Pocket"},"content":{"rendered":"\n<h2 class=\"wp-block-heading\" id=\"h-product-overview\">Resumen del producto:<\/h2>\n\n<p>La <strong>funda AYANEO Pocket DMG<\/strong> es el accesorio perfecto para los jugadores que valoran el estilo y la protecci\u00f3n. Dise\u00f1ada para ajustarse perfectamente a la consola AYANEO Pocket DMG, esta funda combina materiales de primera calidad con un formato compacto, garantizando que tu dispositivo de juego permanezca seguro all\u00e1 donde vayas. <\/p>\n\n<hr class=\"wp-block-separator has-alpha-channel-opacity\"\/>\n\n<h2 class=\"wp-block-heading\" id=\"h-key-features\">Caracter\u00edsticas principales:<\/h2>\n\n<p><strong>Dise\u00f1o compacto<\/strong> adaptado al AYANEO Pocket DMG.<\/p>\n\n<p>Materiales duraderos para <strong>una mayor protecci\u00f3n<\/strong>.<\/p>\n\n<p>Ligero y port\u00e1til para <strong>llevarlo siempre encima<\/strong>.<\/p>\n\n<p>Forro interior suave para <strong>evitar ara\u00f1azos<\/strong>.<\/p>\n\n<p>Exterior elegante y estilizado para <strong>una est\u00e9tica moderna<\/strong>.<\/p>\n\n<hr class=\"wp-block-separator has-alpha-channel-opacity\"\/>\n\n<h2 class=\"wp-block-heading\" id=\"h-why-choose-the-ayaneo-pocket-micro-case\">\u00bfPor qu\u00e9 elegir la funda DMG de bolsillo AYANEO?<\/h2>\n\n<p>Protege tu inversi\u00f3n con la funda AYANEO Pocket DMG, dise\u00f1ada para mantener tu consola a salvo de ara\u00f1azos, polvo y peque\u00f1os impactos. Su dise\u00f1o ligero y compacto la convierte en la compa\u00f1era de viaje ideal, tanto si te diriges a una sesi\u00f3n de juego con amigos como si te llevas la consola de viaje. <\/p>\n\n<hr class=\"wp-block-separator has-alpha-channel-opacity\"\/>\n\n<h3 class=\"wp-block-heading\" id=\"h-specifications\">Especificaciones:<\/h3>\n\n<ul class=\"wp-block-list\">\n<li><strong>Material:<\/strong> Tejido resistente o piel sint\u00e9tica<\/li>\n\n\n\n<li><strong>Compatibilidad:<\/strong> Consola AYANEO Pocket DMG<\/li>\n\n\n\n<li><strong>Caracter\u00edsticas:<\/strong> Resistente a los ara\u00f1azos, ligero y port\u00e1til<\/li>\n<\/ul>\n\n<p>Eleva tu experiencia de juego con la funda AYANEO Pocket DMG: \u00a1la combinaci\u00f3n perfecta de protecci\u00f3n y portabilidad!<\/p>\n\n<p><\/p>\n","protected":false},"excerpt":{"rendered":"<ul>\n<li><strong>Dise\u00f1o compacto<\/strong> adaptado al AYANEO Pocket DMG.<\/li>\n<li>Materiales duraderos para <strong>una mayor protecci\u00f3n<\/strong>.<\/li>\n<li>Ligero y port\u00e1til para <strong>llevarlo siempre encima<\/strong>.<\/li>\n<li>Forro interior suave para <strong>evitar ara\u00f1azos<\/strong>.<\/li>\n<li>Exterior elegante y estilizado para <strong>una est\u00e9tica moderna<\/strong>.<\/li>\n<\/ul>\n[cg_accordion title=\"INFORMACI\u00d3N SOBRE EL PAGO\"]<\/p>\n<p>Utilizamos la \u00faltima tecnolog\u00eda en procesamiento de pagos, que te permite pagar mediante Apple Pay, Google Pay, tu tarjeta de d\u00e9bito\/cr\u00e9dito, PayPal o m\u00e9todos BNPL como Klarna, Affirm o AfterPay para una experiencia r\u00e1pida y segura.[\/cg_accordion]\n[cg_accordion title=\"GARANT\u00cdA\"]<\/p>\n<p>1 a\u00f1o de garant\u00eda de <a href=\"https:\/\/droix.net\/\" target=\"_blank\" rel=\"nofollow noopener\">DROIX Global<\/a> para tu tranquilidad[\/cg_accordion]\n[cg_accordion title=\"PRECIOS, IMPUESTOS Y ENV\u00cdO\"]<\/p>\n<p><strong><u>Nota:<\/u><\/strong><\/p>\n<ul>\n<li>Clientes de Estados Unidos: El precio indicado NO incluye impuestos ni aranceles. La responsabilidad de despachar aduanas y pagar cualquier impuesto o arancel asociado recae en el cliente. <\/li>\n<li>Clientes de la UE: El precio indicado incluye el IMPUESTO aplicable, que puede ser de hasta el 25% dependiendo de tu pa\u00eds.<\/li>\n<li>Clientes de Canad\u00e1: El precio mostrado incluye los impuestos aplicables, que pueden incluir un 5% de GST e impuestos de venta provinciales (PST), impuestos de venta armonizados (HST) o impuestos de venta de Quebec (QST) adicionales, dependiendo de tu provincia.<\/li>\n<\/ul>\n<p><strong>S\u00d3LO para clientes de la UE:<\/strong> DDP expr\u00e9s (entrega con derechos pagados). Esto significa: <\/p>\n<ul>\n<li>Todos los derechos de aduana e impuestos est\u00e1n incluidos en el precio que aparece en la p\u00e1gina del producto.<\/li>\n<li>No tendr\u00e1s que pagar ning\u00fan gasto adicional en el momento de la entrega.<\/li>\n<li>En el raro caso de que surjan problemas relacionados con las aduanas, nuestro equipo se encargar\u00e1 del proceso de despacho de aduanas en tu nombre para garantizar una experiencia de entrega sin problemas.<\/li>\n<p>Informaci\u00f3n importante sobre devoluciones:<\/p>\n<li>Si decides devolver tu pedido o solicitar un reembolso, ten en cuenta que los impuestos y aranceles pagados en tu nombre seg\u00fan las condiciones del DDP no pueden reembolsarse.<\/li>\n<p>Consulta nuestras <a href=\"https:\/\/ayaneo.co\/es\/condiciones-del-servicio\/\" target=\"_blank\" rel=\"nofollow noopener\">Condiciones generales<\/a> para obtener informaci\u00f3n detallada.\n<\/ul>\n<p>[\/cg_accordion]\n[cg_accordion title=\"ATENCI\u00d3N AL CLIENTE\"]<\/p>\n<p>\u00bfTienes alguna pregunta? \u00a1Estamos a un SMS de solucionar tu problema!<br \/>\n[\/cg_accordion]\n[cg_accordion title=\"El paquete incluye\"]<\/p>\n<ul>\n<li>1x Estuche DMG AYANEO Pocket<\/li>\n<\/ul>\n<p>[\/cg_accordion]\n","protected":false},"featured_media":25168,"template":"","meta":{"_acf_changed":false},"product_brand":[],"product_cat":[373],"product_tag":[],"class_list":{"0":"post-25130","1":"product","2":"type-product","3":"status-publish","4":"has-post-thumbnail","6":"product_cat-accesorios","7":"product_shipping_class-low-end","8":"pa_accessory-type-funda-protectora","9":"pa_brand-ayaneo","11":"first","12":"instock","13":"sale","14":"taxable","15":"shipping-taxable","16":"purchasable","17":"product-type-simple"},"acf":[],"_links":{"self":[{"href":"https:\/\/ayaneo.co\/es\/wp-json\/wp\/v2\/product\/25130","targetHints":{"allow":["GET"]}}],"collection":[{"href":"https:\/\/ayaneo.co\/es\/wp-json\/wp\/v2\/product"}],"about":[{"href":"https:\/\/ayaneo.co\/es\/wp-json\/wp\/v2\/types\/product"}],"wp:featuredmedia":[{"embeddable":true,"href":"https:\/\/ayaneo.co\/es\/wp-json\/wp\/v2\/media\/25168"}],"wp:attachment":[{"href":"https:\/\/ayaneo.co\/es\/wp-json\/wp\/v2\/media?parent=25130"}],"wp:term":[{"taxonomy":"product_brand","embeddable":true,"href":"https:\/\/ayaneo.co\/es\/wp-json\/wp\/v2\/product_brand?post=25130"},{"taxonomy":"product_cat","embeddable":true,"href":"https:\/\/ayaneo.co\/es\/wp-json\/wp\/v2\/product_cat?post=25130"},{"taxonomy":"product_tag","embeddable":true,"href":"https:\/\/ayaneo.co\/es\/wp-json\/wp\/v2\/product_tag?post=25130"}],"curies":[{"name":"wp","href":"https:\/\/api.w.org\/{rel}","templated":true}]}}