{"id":2565,"date":"2024-08-15T15:04:41","date_gmt":"2024-08-15T15:04:41","guid":{"rendered":"https:\/\/ayaneo.co\/product\/ayaneo-dmg-de-bolsillo\/"},"modified":"2025-12-11T00:11:02","modified_gmt":"2025-12-11T00:11:02","slug":"ayaneo-pocket-dmg","status":"publish","type":"product","link":"https:\/\/ayaneo.co\/es\/product\/ayaneo-pocket-dmg\/","title":{"rendered":"AYANEO Pocket DMG"},"content":{"rendered":"\n<figure class=\"wp-block-video\"><video controls=\"\" src=\"https:\/\/droix.net\/wp-content\/uploads\/2024\/08\/AYANEO-Pocket-DMG&#xFF1A;The-Pinnacle-of-Retro-Vertical-Handhelds.mp4\"><\/video><\/figure>\n\n<div class=\"wp-block-columns is-layout-flex wp-container-core-columns-is-layout-28f84493 wp-block-columns-is-layout-flex\">\n<div class=\"wp-block-column is-layout-flow wp-block-column-is-layout-flow\" style=\"flex-basis:33.33%\">\n<figure class=\"wp-block-image size-large\"><a href=\"https:\/\/droix.net\/wp-content\/uploads\/2024\/08\/AYANEO-POCKET-DMG-ARTIC-BLACK-DONE-01.png\" target=\"_blank\" rel=\"noopener\"><img decoding=\"async\" src=\"https:\/\/droix.net\/wp-content\/uploads\/2024\/08\/AYANEO-POCKET-DMG-ARTIC-BLACK-DONE-01-1024x1024.png\" alt=\"Vista frontal del AYANEO Pocket DMG en Negro &#xC1;rtico, mostrando su dise&#xF1;o de inspiraci&#xF3;n retro con una pantalla OLED de 3,92 pulgadas, D-pad, joystick anal&#xF3;gico y botones.\" class=\"wp-image-184226\"\/><\/a><\/figure>\n<\/div>\n\n\n\n<div class=\"wp-block-column is-layout-flow wp-block-column-is-layout-flow\" style=\"flex-basis:66.66%\">\n<h3 class=\"wp-block-heading\" id=\"h-experience-retro-gaming-like-never-before-with-the-ayaneo-pocket-dmg\">Experimenta los juegos retro como nunca antes con AYANEO Pocket DMG<\/h3>\n\n\n\n<p><strong>La AYANEO Pocket DMG<\/strong> es una innovadora <strong>consola<\/strong> <strong>port\u00e1til<\/strong> que combina magistralmente la nostalgia de los juegos <strong>retro<\/strong> con la avanzada tecnolog\u00eda moderna. Rindiendo homenaje a la emblem\u00e1tica Game Boy, esta <strong>consola port\u00e1til vertical<\/strong> ofrece tanto una est\u00e9tica familiar como un potente rendimiento, lo que la convierte en la opci\u00f3n ideal para los aficionados a los juegos <strong>retro<\/strong> y modernos por igual. <\/p>\n<\/div>\n<\/div>\n\n<p><strong>La AYANEO Pocket DMG<\/strong> es una innovadora <strong>consola<\/strong> <strong>port\u00e1til<\/strong> que combina magistralmente la nostalgia de los juegos <strong>retro<\/strong> con la avanzada tecnolog\u00eda moderna. Rindiendo homenaje a la emblem\u00e1tica Game Boy, esta <strong>consola port\u00e1til vertical<\/strong> ofrece tanto una est\u00e9tica familiar como un potente rendimiento, lo que la convierte en la opci\u00f3n ideal para los aficionados a los juegos <strong>retro<\/strong> y modernos por igual. <\/p>\n\n<h3 class=\"wp-block-heading\" id=\"h-design-and-display\">Dise\u00f1o y presentaci\u00f3n<\/h3>\n\n<p>La <strong>AYANEO Pocket DMG<\/strong> destaca por su dise\u00f1o compacto y nost\u00e1lgico, que recuerda a las cl\u00e1sicas consolas <strong>port\u00e1tiles retro<\/strong>. Un elemento central de su atractivo es la <strong>pantallaOLED <\/strong> de 3,92 pulgadas, que ofrece una n\u00edtida resoluci\u00f3n de 1240 x 1080 p\u00edxeles y una densidad de p\u00edxeles de 419 PPI. Esta <strong>pantallaOLED <\/strong> garantiza colores vibrantes y visuales n\u00edtidos, dando vida a juegos tanto retro como modernos con una claridad asombrosa. El dispositivo est\u00e1 disponible en dos colores distintos:   <\/p>\n\n<ul class=\"wp-block-list\">\n<li>Negro \u00c1rtico<\/li>\n\n\n\n<li>Blanco lunar<\/li>\n<\/ul>\n\n<div class=\"wp-block-columns is-layout-flex wp-container-core-columns-is-layout-28f84493 wp-block-columns-is-layout-flex\">\n<div class=\"wp-block-column is-layout-flow wp-block-column-is-layout-flow\">\n<figure class=\"wp-block-image size-large\"><a href=\"https:\/\/droix.net\/wp-content\/uploads\/2024\/08\/AYANEO-POCKET-DMG-MARKETING-DONE-14.jpg\" target=\"_blank\" rel=\"noopener\"><img decoding=\"async\" src=\"https:\/\/droix.net\/wp-content\/uploads\/2024\/08\/AYANEO-POCKET-DMG-MARKETING-DONE-14-1024x1024.jpg\" alt=\"Imagen promocional de AYANEO Pocket DMG con la plataforma de juegos Snapdragon G3x Gen 2. Destaca ser el primer dispositivo port&#xE1;til vertical con este procesador, mostrando su arquitectura de 1+4+3 Octa-Core con n&#xFA;cleos Kryo Prime Ultra a 3,36GHz, GPU Adreno A32 a 816Hz y liberaci&#xF3;n de rendimiento de 15W. \" class=\"wp-image-184229\"\/><\/a><\/figure>\n\n\n\n<h3 class=\"wp-block-heading\" id=\"h-performance\">Rendimiento<\/h3>\n\n\n\n<p>En el coraz\u00f3n del <strong>Pocket DMG<\/strong> se encuentra el procesador <strong>Snapdragon G3x Gen 2<\/strong>, un potente chip dise\u00f1ado espec\u00edficamente para <strong>juegos de<\/strong> <strong>mano<\/strong>. Este <strong>procesador<\/strong> garantiza una emulaci\u00f3n perfecta de los t\u00edtulos retro y un rendimiento fluido en los juegos m\u00f3viles modernos. Al ejecutarse en Android 13, el dispositivo proporciona acceso a un amplio ecosistema de aplicaciones y emuladores, lo que lo convierte en una plataforma vers\u00e1til para todas tus necesidades de <strong>juego<\/strong>.  <\/p>\n<\/div>\n\n\n\n<div class=\"wp-block-column is-layout-flow wp-block-column-is-layout-flow\">\n<figure class=\"wp-block-image size-large\"><a href=\"https:\/\/droix.net\/wp-content\/uploads\/2024\/08\/AYANEO-POCKET-DMG-MARKETING-DONE-19.jpg\" target=\"_blank\" rel=\"noopener\"><img decoding=\"async\" src=\"https:\/\/droix.net\/wp-content\/uploads\/2024\/08\/AYANEO-POCKET-DMG-MARKETING-DONE-19-1024x1024.jpg\" alt=\"Infograf&#xED;a que muestra m&#xFA;ltiples funciones del AYANEO Pocket DMG comparables a las de los mandos profesionales. Entre sus caracter&#xED;sticas se incluyen joystick de alta precisi&#xF3;n, sensibilidad ajustable, modo de espera sin consumo, punter&#xED;a asistida por giroscopio, funci&#xF3;n de r&#xE1;faga de botones, intercambio de valores clave A-B-X-Y e intensidad de vibraci&#xF3;n del motor ajustable. Abajo, una mano sostiene el dispositivo blanco, mostrando una colorida pantalla de juego.  \" class=\"wp-image-184232\"\/><\/a><\/figure>\n\n\n\n<h3 class=\"wp-block-heading\" id=\"h-controls-and-inputs\">Controles y entradas<\/h3>\n\n\n\n<p>El <strong>Pocket DMG<\/strong> ofrece una disposici\u00f3n de controles vers\u00e1til e innovadora que se adapta a una amplia gama de g\u00e9neros de <strong>juego<\/strong>. Sus principales caracter\u00edsticas son: <\/p>\n\n\n\n<ul class=\"wp-block-list\">\n<li>Un D-pad tradicional para una entrada direccional precisa<\/li>\n\n\n\n<li>Botones faciales ABXY para <strong>juegos<\/strong> cl\u00e1sicos<\/li>\n\n\n\n<li>Un \u00fanico <strong>joystick<\/strong> anal\u00f3gico mejorado con tecnolog\u00eda de Efecto Hall para mayor precisi\u00f3n y durabilidad<\/li>\n\n\n\n<li>Un innovador <strong>panel t\u00e1ctil<\/strong> que funciona como una segunda entrada anal\u00f3gica<\/li>\n\n\n\n<li>Botones en el hombro para opciones de control adicionales<\/li>\n<\/ul>\n\n\n\n<p>Esta combinaci\u00f3n de controles garantiza que <strong>Pocket DMG<\/strong> pueda manejar con facilidad desde juegos de plataformas retro hasta juegos de acci\u00f3n modernos.<\/p>\n<\/div>\n\n\n\n<div class=\"wp-block-column is-layout-flow wp-block-column-is-layout-flow\">\n<figure class=\"wp-block-image size-large\"><a href=\"https:\/\/droix.net\/wp-content\/uploads\/2024\/08\/AYANEO-POCKET-DMG-MARKETING-DONE-16.jpg\" target=\"_blank\" rel=\"noopener\"><img decoding=\"async\" src=\"https:\/\/droix.net\/wp-content\/uploads\/2024\/08\/AYANEO-POCKET-DMG-MARKETING-DONE-16-1024x1024.jpg\" alt=\"Infograf&#xED;a que detalla la &quot;Combinaci&#xF3;n de potencia sin fisuras&quot; del AYANEO Pocket DMG, destacando su memoria de alta velocidad (LPDDR5X a 8533Mbps), almacenamiento r&#xE1;pido (UFS 4.0 con velocidad de lectura de m&#xE1;s de 4000 MB\/s) y gran capacidad para almacenar juegos y aplicaciones. Menciona opciones de hasta 16 GB de RAM y 1 TB de almacenamiento. \" class=\"wp-image-184230\"\/><\/a><\/figure>\n\n\n\n<h3 class=\"wp-block-heading\" id=\"h-storage-and-connectivity\">Almacenamiento y conectividad<\/h3>\n\n\n\n<p>El <strong>AYANEO Pocket DMG<\/strong> proporciona soluciones de almacenamiento flexibles para satisfacer las necesidades de los distintos entusiastas de <strong>los juegos<\/strong> <strong>port\u00e1tiles<\/strong>:<\/p>\n\n\n\n<ul class=\"wp-block-list\">\n<li>8 GB de RAM + 128 GB de almacenamiento<\/li>\n<\/ul>\n\n\n\n<p>Adem\u00e1s, una ranura para tarjetas microSD permite ampliar f\u00e1cilmente la capacidad de almacenamiento. En cuanto a conectividad, el dispositivo incluye: <\/p>\n\n\n\n<ul class=\"wp-block-list\">\n<li>Wi-Fi y Bluetooth 5.3 para comunicaci\u00f3n inal\u00e1mbrica<\/li>\n\n\n\n<li>Un puerto USB-C para cargar y conectar accesorios<\/li>\n<\/ul>\n<\/div>\n<\/div>\n\n<h3 class=\"wp-block-heading\" id=\"h-battery-and-additional-features\">Bater\u00eda y funciones adicionales<\/h3>\n\n<p>El <strong>Pocket DMG<\/strong> est\u00e1 alimentado por una bater\u00eda de 6.000 mAh, que admite carga r\u00e1pida PD de 25 W para que sigas jugando m\u00e1s tiempo. Otras caracter\u00edsticas destacables son: <\/p>\n\n<figure class=\"wp-block-image size-large\"><a href=\"https:\/\/droix.net\/wp-content\/uploads\/2024\/08\/AYANEO-POCKET-DMG-MARKETING-DONE-18.jpg\" target=\"_blank\" rel=\"noopener\"><img decoding=\"async\" src=\"https:\/\/droix.net\/wp-content\/uploads\/2024\/08\/AYANEO-POCKET-DMG-MARKETING-DONE-18-1024x1024.jpg\" alt=\"Imagen de marketing que muestra la bater&#xED;a de 6000 mAh de la AYANEO Pocket DMG, destacando la larga duraci&#xF3;n de la bater&#xED;a y el soporte de carga r&#xE1;pida PD. La parte inferior presenta el joystick Hall Medium, destacando su precisi&#xF3;n, durabilidad (5 millones de usos) y funciones de control mejoradas. \" class=\"wp-image-184231\"\/><\/a><\/figure>\n\n<ul class=\"wp-block-list\">\n<li>Un giroscopio de seis ejes para controles de movimiento<\/li>\n\n\n\n<li>Un sistema de refrigeraci\u00f3n activo con ventilador incorporado para mantener un rendimiento \u00f3ptimo<\/li>\n\n\n\n<li>Un malet\u00edn compacto para transportarlo f\u00e1cilmente<\/li>\n<\/ul>\n\n<h3 class=\"wp-block-heading\" id=\"h-user-experience-and-conclusion\">Experiencia de usuario y conclusi\u00f3n<\/h3>\n\n<p>La <strong>AYANEO Pocket DMG<\/strong> es una elecci\u00f3n excepcional para los entusiastas de <strong>los juegos retro<\/strong> y los coleccionistas que desean un dispositivo que capture la esencia de los juegos cl\u00e1sicos <strong>retro<\/strong> de mano y, al mismo tiempo, ofrezca la potencia y versatilidad de la tecnolog\u00eda moderna. Tanto si est\u00e1s reviviendo juegos cl\u00e1sicos como explorando otros nuevos, esta <strong>consola<\/strong> port\u00e1til proporciona una experiencia de <strong>juego<\/strong> envolvente y agradable. <\/p>\n","protected":false},"excerpt":{"rendered":"<ul>\n<li>Procesador: Qualcomm <strong>Snapdragon G3x Gen 2<\/strong><\/li>\n<li>Pantalla: <strong>3,92 pulgadas OLED<\/strong>, resoluci\u00f3n 1240&#215;1080<\/li>\n<li>RAM: <strong>8 GB<\/strong> LPDDR5X a <strong>8533 MT\/s<\/strong><\/li>\n<li>Almacenamiento: <strong>128 GB<\/strong> UFS 3.1<\/li>\n<li>Conectividad: Wi-Fi <strong>6<\/strong> y Bluetooth <strong>5.3<\/strong><\/li>\n<\/ul>\n<p><img fetchpriority=\"high\" decoding=\"async\" src=\"https:\/\/ayaneo.co\/wp-content\/uploads\/2024\/08\/DMG-FREEBIES1.jpg\" alt=\"Una imagen promocional con fondo gris claro afirma  \" free=\"\" gifts=\"\" in=\"\" large=\"\" dark=\"\" gray=\"\" letters=\"\" at=\"\" the=\"\" top.=\"\" below=\"\" this=\"\" smaller=\"\" text=\"\" it=\"\" lists=\"\" case=\"\" and=\"\" caps=\"\" followed=\"\" by=\"\" added=\"\" to=\"\" cart=\"\" a=\"\" slightly=\"\" larger=\"\" font.=\"\" right=\"\" there=\"\" are=\"\" two=\"\" product=\"\" square=\"\" white=\"\" rainbow-colored=\"\" package=\"\" containing=\"\" four=\"\" black=\"\" thumbstick=\"\" mesh=\"\" protective=\"\" identical=\"\" one=\"\" previous=\"\" image=\"\" with=\"\" logo=\"\" bottom.=\"\" width=\"550\" height=\"140\" class=\"alignnone size-full wp-image-25170\" images:=\"\" srcset=\"https:\/\/ayaneo.co\/wp-content\/uploads\/2024\/08\/DMG-FREEBIES1.jpg 550w, https:\/\/ayaneo.co\/wp-content\/uploads\/2024\/08\/DMG-FREEBIES1-300x76.jpg 300w, https:\/\/ayaneo.co\/wp-content\/uploads\/2024\/08\/DMG-FREEBIES1-441x112.jpg 441w, https:\/\/ayaneo.co\/wp-content\/uploads\/2024\/08\/DMG-FREEBIES1-150x38.jpg 150w\" sizes=\"(max-width: 550px) 100vw, 550px\" \/><\/p>\n[cg_accordion title=\"INFORMACI\u00d3N SOBRE EL PAGO\"] <\/p>\n<p>Utilizamos la \u00faltima tecnolog\u00eda en procesamiento de pagos, que te permite pagar mediante Apple Pay, Google Pay, tu tarjeta de d\u00e9bito\/cr\u00e9dito, PayPal o m\u00e9todos BNPL como Klarna, Affirm o AfterPay para una experiencia r\u00e1pida y segura.[\/cg_accordion]\n[cg_accordion title=\"GARANT\u00cdA\"] <\/p>\n<p>1 a\u00f1o de garant\u00eda de <a href=\"https:\/\/droix.net\/\" target=\"_blank\" rel=\"nofollow noopener\">DROIX<\/a> Global para tu tranquilidad[\/cg_accordion]\n[cg_accordion title=\"PRECIOS, IMPUESTOS Y ENV\u00cdO\"] <\/p>\n<p><strong><u>Nota:<\/u><\/strong><\/p>\n<ul>\n<li>Clientes de Estados Unidos: El precio indicado NO incluye impuestos ni aranceles. La responsabilidad de despachar aduanas y pagar cualquier impuesto o arancel asociado recae en el cliente. <\/li>\n<li>Clientes de la UE: El precio indicado incluye el IMPUESTO aplicable, que puede ser de hasta el 25% dependiendo de tu pa\u00eds.<\/li>\n<li>Clientes de Canad\u00e1: El precio mostrado incluye los impuestos aplicables, que pueden incluir un 5% de GST e impuestos de venta provinciales (PST), impuestos de venta armonizados (HST) o impuestos de venta de Quebec (QST) adicionales, dependiendo de tu provincia.<\/li>\n<\/ul>\n<p><strong>S\u00d3LO para clientes de la UE:<\/strong> DDP expr\u00e9s (entrega con derechos pagados). Esto significa: <\/p>\n<ul>\n<li>Todos los derechos de aduana e impuestos est\u00e1n incluidos en el precio que aparece en la p\u00e1gina del producto.<\/li>\n<li>No tendr\u00e1s que pagar ning\u00fan gasto adicional en el momento de la entrega.<\/li>\n<li>En el raro caso de que surjan problemas relacionados con las aduanas, nuestro equipo se encargar\u00e1 del proceso de despacho de aduanas en tu nombre para garantizar una experiencia de entrega sin problemas.<\/li>\n<p>Informaci\u00f3n importante sobre devoluciones:<\/p>\n<li>Si decides devolver tu pedido o solicitar un reembolso, ten en cuenta que los impuestos y aranceles pagados en tu nombre seg\u00fan las condiciones del DDP no pueden reembolsarse.<\/li>\n<p>Consulta nuestra<\/ul>\n<\/li>\n<\/ul>\n<p><a href=\"https:\/\/ayaneo.co\/es\/condiciones-del-servicio\/\" target=\"_blank\" rel=\"nofollow noopener\">Condiciones generales<\/a><\/p>\n<ul>para obtener informaci\u00f3n detallada.<\/ul>\n<p>[\/cg_accordion]\n[cg_accordion title=\"ATENCI\u00d3N AL CLIENTE\"] <\/p>\n<p>\u00bfTienes alguna pregunta? \u00a1Estamos a un SMS de solucionar tu problema!   [\/cg_accordion]\n[cg_accordion title=\"El paquete incluye\"]<\/p>\n<ul>\n<li>1x AYANEO DMG de Bolsillo<\/li>\n<li>1x Cable USB Tipo-C<\/li>\n<li>1x Manual del usuario<\/li>\n<\/ul>\n<p>[\/cg_accordion]\n","protected":false},"featured_media":1713,"template":"","meta":{"_acf_changed":false},"product_brand":[],"product_cat":[352],"product_tag":[],"class_list":{"0":"post-2565","1":"product","2":"type-product","3":"status-publish","4":"has-post-thumbnail","6":"product_cat-dispositivo-portatil-android-para-juegos","7":"product_shipping_class-premium","8":"pa_brand-ayaneo","10":"first","11":"instock","12":"taxable","13":"shipping-taxable","14":"purchasable","15":"product-type-variable","16":"has-default-attributes"},"acf":[],"_links":{"self":[{"href":"https:\/\/ayaneo.co\/es\/wp-json\/wp\/v2\/product\/2565","targetHints":{"allow":["GET"]}}],"collection":[{"href":"https:\/\/ayaneo.co\/es\/wp-json\/wp\/v2\/product"}],"about":[{"href":"https:\/\/ayaneo.co\/es\/wp-json\/wp\/v2\/types\/product"}],"wp:featuredmedia":[{"embeddable":true,"href":"https:\/\/ayaneo.co\/es\/wp-json\/wp\/v2\/media\/1713"}],"wp:attachment":[{"href":"https:\/\/ayaneo.co\/es\/wp-json\/wp\/v2\/media?parent=2565"}],"wp:term":[{"taxonomy":"product_brand","embeddable":true,"href":"https:\/\/ayaneo.co\/es\/wp-json\/wp\/v2\/product_brand?post=2565"},{"taxonomy":"product_cat","embeddable":true,"href":"https:\/\/ayaneo.co\/es\/wp-json\/wp\/v2\/product_cat?post=2565"},{"taxonomy":"product_tag","embeddable":true,"href":"https:\/\/ayaneo.co\/es\/wp-json\/wp\/v2\/product_tag?post=2565"}],"curies":[{"name":"wp","href":"https:\/\/api.w.org\/{rel}","templated":true}]}}