{"id":2595,"date":"2024-09-20T09:49:52","date_gmt":"2024-09-20T09:49:52","guid":{"rendered":"https:\/\/ayaneo.co\/product\/accesorios-ayaneo-pocket-s\/"},"modified":"2025-12-09T00:25:52","modified_gmt":"2025-12-09T00:25:52","slug":"accesorios-ayaneo-pocket-s","status":"publish","type":"product","link":"https:\/\/ayaneo.co\/es\/product\/accesorios-ayaneo-pocket-s\/","title":{"rendered":"AYANEO Pocket S Accesorios"},"content":{"rendered":"\n<p>Eleva tu experiencia de juego en AYANEO Pocket S con este paquete de accesorios imprescindible, dise\u00f1ado para ofrecer protecci\u00f3n, comodidad y un juego mejorado.<\/p>\n\n<ul class=\"wp-block-list\">\n<li><strong>Funda protectora Flip magn\u00e9tica 2 en 1<\/strong>: Fabricada con un innovador dise\u00f1o ergon\u00f3mico, esta funda combina estilo y funcionalidad. La funda protectora cuenta con una tapa abatible magn\u00e9tica que asegura tu dispositivo a la vez que facilita el acceso. La textura antideslizante garantiza un agarre firme, y el asa de gran tama\u00f1o ofrece una sujeci\u00f3n c\u00f3moda para largas sesiones de juego. Tanto si est\u00e1s en casa como fuera, esta funda protectora es la compa\u00f1era perfecta para proteger tu AYANEO Pocket S del desgaste diario.   <\/li>\n\n\n\n<li><strong>Protector de pantalla<\/strong>: Protege tu pantalla con un protector de pantalla ultratransparente de alta calidad. Dise\u00f1ado para resistir ara\u00f1azos, manchas y huellas dactilares, garantiza que tu pantalla siga siendo tan vibrante y sensible como siempre. Su dise\u00f1o f\u00e1cil de aplicar garantiza una instalaci\u00f3n sin burbujas, manteniendo tu pantalla impecable a la vez que conserva la sensibilidad t\u00e1ctil para un juego fluido y sin interrupciones.  <\/li>\n\n\n\n<li><strong>Empu\u00f1aduras de pulgar<\/strong>: Mejora tu control con los agarres de pulgar de primera calidad. Estas fundas de silicona para los sticks anal\u00f3gicos ofrecen un agarre y una precisi\u00f3n superiores, ayud\u00e1ndote a mantener el control incluso en los momentos de juego m\u00e1s intensos. Dise\u00f1ados para reducir la fatiga y mejorar la comodidad, estos agarres para el pulgar permiten movimientos m\u00e1s precisos, d\u00e1ndote la ventaja competitiva que necesitas.  <\/li>\n<\/ul>\n\n<p>Este kit de accesorios garantiza que tu AYANEO Pocket S permanezca protegido y listo para la acci\u00f3n, al tiempo que mejora la experiencia de juego con mejoras ergon\u00f3micas.<\/p>\n","protected":false},"excerpt":{"rendered":"[cg_accordion title=\"INFORMACI\u00d3N SOBRE EL PAGO\"]<\/p>\n<p>Utilizamos la \u00faltima tecnolog\u00eda en procesamiento de pagos, que te permite pagar mediante Apple Pay, Google Pay, tu tarjeta de d\u00e9bito\/cr\u00e9dito, PayPal o m\u00e9todos BNPL como Klarna, Affirm o AfterPay para una experiencia r\u00e1pida y segura.[\/cg_accordion]\n[cg_accordion title=\"GARANT\u00cdA\"]<\/p>\n<p>1 a\u00f1o de garant\u00eda de <a href=\"https:\/\/droix.net\/\" target=\"_blank\" rel=\"nofollow noopener\">DROIX Global<\/a> para tu tranquilidad[\/cg_accordion]\n[cg_accordion title=\"PRECIOS, IMPUESTOS Y ENV\u00cdO\"]<\/p>\n<p><strong><u>Nota:<\/u><\/strong><\/p>\n<ul>\n<li>Clientes de Estados Unidos: El precio indicado NO incluye impuestos ni aranceles. La responsabilidad de despachar aduanas y pagar cualquier impuesto o arancel asociado recae en el cliente. <\/li>\n<li>Clientes de la UE: El precio indicado incluye el IMPUESTO aplicable, que puede ser de hasta el 25% dependiendo de tu pa\u00eds.<\/li>\n<li>Clientes de Canad\u00e1: El precio mostrado incluye los impuestos aplicables, que pueden incluir un 5% de GST e impuestos de venta provinciales (PST), impuestos de venta armonizados (HST) o impuestos de venta de Quebec (QST) adicionales, dependiendo de tu provincia.<\/li>\n<\/ul>\n<p><strong>S\u00d3LO para clientes de la UE:<\/strong> DDP expr\u00e9s (entrega con derechos pagados). Esto significa: <\/p>\n<ul>\n<li>Todos los derechos de aduana e impuestos est\u00e1n incluidos en el precio que aparece en la p\u00e1gina del producto.<\/li>\n<li>No tendr\u00e1s que pagar ning\u00fan gasto adicional en el momento de la entrega.<\/li>\n<li>En el raro caso de que surjan problemas relacionados con las aduanas, nuestro equipo se encargar\u00e1 del proceso de despacho de aduanas en tu nombre para garantizar una experiencia de entrega sin problemas.<\/li>\n<p>Informaci\u00f3n importante sobre devoluciones:<\/p>\n<li>Si decides devolver tu pedido o solicitar un reembolso, ten en cuenta que los impuestos y aranceles pagados en tu nombre seg\u00fan las condiciones del DDP no pueden reembolsarse.<\/li>\n<p>Consulta nuestras <a href=\"https:\/\/ayaneo.co\/terms-of-service-2\/\" target=\"_blank\" rel=\"nofollow noopener\">Condiciones generales<\/a> para obtener informaci\u00f3n detallada.\n<\/ul>\n<p>[\/cg_accordion]\n[cg_accordion title=\"ATENCI\u00d3N AL CLIENTE\"]<\/p>\n<p>\u00bfTienes alguna pregunta? \u00a1Estamos a un SMS de solucionar tu problema!<br \/>\n[\/cg_accordion]\n","protected":false},"featured_media":2093,"template":"","meta":{"_acf_changed":false},"product_brand":[],"product_cat":[373],"product_tag":[],"class_list":{"0":"post-2595","1":"product","2":"type-product","3":"status-publish","4":"has-post-thumbnail","6":"product_cat-accesorios","7":"product_shipping_class-low-end","8":"pa_accessory-type-agarra","9":"pa_accessory-type-funda-protectora","10":"pa_accessory-type-protector-de-pantalla","11":"pa_brand-ayaneo","13":"first","14":"instock","15":"sale","16":"taxable","17":"shipping-taxable","18":"purchasable","19":"product-type-simple"},"acf":[],"_links":{"self":[{"href":"https:\/\/ayaneo.co\/es\/wp-json\/wp\/v2\/product\/2595","targetHints":{"allow":["GET"]}}],"collection":[{"href":"https:\/\/ayaneo.co\/es\/wp-json\/wp\/v2\/product"}],"about":[{"href":"https:\/\/ayaneo.co\/es\/wp-json\/wp\/v2\/types\/product"}],"wp:featuredmedia":[{"embeddable":true,"href":"https:\/\/ayaneo.co\/es\/wp-json\/wp\/v2\/media\/2093"}],"wp:attachment":[{"href":"https:\/\/ayaneo.co\/es\/wp-json\/wp\/v2\/media?parent=2595"}],"wp:term":[{"taxonomy":"product_brand","embeddable":true,"href":"https:\/\/ayaneo.co\/es\/wp-json\/wp\/v2\/product_brand?post=2595"},{"taxonomy":"product_cat","embeddable":true,"href":"https:\/\/ayaneo.co\/es\/wp-json\/wp\/v2\/product_cat?post=2595"},{"taxonomy":"product_tag","embeddable":true,"href":"https:\/\/ayaneo.co\/es\/wp-json\/wp\/v2\/product_tag?post=2595"}],"curies":[{"name":"wp","href":"https:\/\/api.w.org\/{rel}","templated":true}]}}