{"id":2627,"date":"2023-03-12T08:23:24","date_gmt":"2023-03-12T08:23:24","guid":{"rendered":"https:\/\/ayaneo.co\/product\/ayaneo-2-funda-rigida-geek\/"},"modified":"2025-04-11T12:19:10","modified_gmt":"2025-04-11T12:19:10","slug":"ayaneo-2-funda-rigida-geek","status":"publish","type":"product","link":"https:\/\/ayaneo.co\/es\/product\/ayaneo-2-funda-rigida-geek\/","title":{"rendered":"AYANEO Estuche r\u00edgido 2 &amp; Geek"},"content":{"rendered":"","protected":false},"excerpt":{"rendered":"<ul>\n<li><strong>Dise\u00f1ado por AYANEO<\/strong><\/li>\n<li>Compatible con <strong>AYANEO 2<\/strong> y <strong>AYANEO GEEK<\/strong><\/li>\n<li>Exterior r\u00edgido<\/li>\n<\/ul>\n[cg_accordion title=\"INFORMACI\u00d3N SOBRE EL PAGO\"]<\/p>\n<p>Utilizamos la \u00faltima tecnolog\u00eda en procesamiento de pagos, que te permite pagar mediante Apple Pay, Google Pay, tu tarjeta de d\u00e9bito\/cr\u00e9dito, PayPal o m\u00e9todos BNPL como Klarna, Affirm o AfterPay para una experiencia r\u00e1pida y segura.[\/cg_accordion]\n[cg_accordion title=\"GARANT\u00cdA\"]<\/p>\n<p>1 a\u00f1o de garant\u00eda de <a href=\"https:\/\/droix.net\/\" target=\"_blank\" rel=\"nofollow noopener\">DROIX Global<\/a> para tu tranquilidad[\/cg_accordion]\n[cg_accordion title=\"PRECIOS, IMPUESTOS Y ENV\u00cdO\"]<\/p>\n<p><strong><u>Nota:<\/u><\/strong><\/p>\n<ul>\n<li>Clientes de Estados Unidos: El precio indicado NO incluye impuestos ni aranceles. La responsabilidad de despachar aduanas y pagar cualquier impuesto o arancel asociado recae en el cliente. <\/li>\n<li>Clientes de la UE: El precio indicado incluye el IMPUESTO aplicable, que puede ser de hasta el 25% dependiendo de tu pa\u00eds.<\/li>\n<li>Clientes de Canad\u00e1: El precio mostrado incluye los impuestos aplicables, que pueden incluir un 5% de GST e impuestos de venta provinciales (PST), impuestos de venta armonizados (HST) o impuestos de venta de Quebec (QST) adicionales, dependiendo de tu provincia.<\/li>\n<\/ul>\n<p><strong>S\u00d3LO para clientes de la UE:<\/strong> DDP expr\u00e9s (entrega con derechos pagados). Esto significa: <\/p>\n<ul>\n<li>Todos los derechos de aduana e impuestos est\u00e1n incluidos en el precio que aparece en la p\u00e1gina del producto.<\/li>\n<li>No tendr\u00e1s que pagar ning\u00fan gasto adicional en el momento de la entrega.<\/li>\n<li>En el raro caso de que surjan problemas relacionados con las aduanas, nuestro equipo se encargar\u00e1 del proceso de despacho de aduanas en tu nombre para garantizar una experiencia de entrega sin problemas.<\/li>\n<p>Informaci\u00f3n importante sobre devoluciones:<\/p>\n<li>Si decides devolver tu pedido o solicitar un reembolso, ten en cuenta que los impuestos y aranceles pagados en tu nombre seg\u00fan las condiciones del DDP no pueden reembolsarse.<\/li>\n<p>Consulta nuestras <a href=\"https:\/\/ayaneo.co\/terms-of-service-2\/\" target=\"_blank\" rel=\"nofollow noopener\">Condiciones generales<\/a> para obtener informaci\u00f3n detallada.\n<\/ul>\n<p>[\/cg_accordion]\n[cg_accordion title=\"ATENCI\u00d3N AL CLIENTE\"]<\/p>\n<p>\u00bfTienes alguna pregunta? \u00a1Estamos a un SMS de solucionar tu problema!<br \/>\n[\/cg_accordion]\n","protected":false},"featured_media":1273,"template":"","meta":{"_acf_changed":false},"product_brand":[],"product_cat":[373],"product_tag":[],"class_list":{"0":"post-2627","1":"product","2":"type-product","3":"status-publish","4":"has-post-thumbnail","6":"product_cat-accesorios","7":"pa_accessory-type-funda-protectora","8":"pa_brand-ayaneo","9":"pa_compatible-with-ayaneo-2-es","10":"pa_compatible-with-ayaneo-geek-es","12":"first","13":"outofstock","14":"taxable","15":"shipping-taxable","16":"purchasable","17":"product-type-variable"},"acf":[],"_links":{"self":[{"href":"https:\/\/ayaneo.co\/es\/wp-json\/wp\/v2\/product\/2627","targetHints":{"allow":["GET"]}}],"collection":[{"href":"https:\/\/ayaneo.co\/es\/wp-json\/wp\/v2\/product"}],"about":[{"href":"https:\/\/ayaneo.co\/es\/wp-json\/wp\/v2\/types\/product"}],"wp:featuredmedia":[{"embeddable":true,"href":"https:\/\/ayaneo.co\/es\/wp-json\/wp\/v2\/media\/1273"}],"wp:attachment":[{"href":"https:\/\/ayaneo.co\/es\/wp-json\/wp\/v2\/media?parent=2627"}],"wp:term":[{"taxonomy":"product_brand","embeddable":true,"href":"https:\/\/ayaneo.co\/es\/wp-json\/wp\/v2\/product_brand?post=2627"},{"taxonomy":"product_cat","embeddable":true,"href":"https:\/\/ayaneo.co\/es\/wp-json\/wp\/v2\/product_cat?post=2627"},{"taxonomy":"product_tag","embeddable":true,"href":"https:\/\/ayaneo.co\/es\/wp-json\/wp\/v2\/product_tag?post=2627"}],"curies":[{"name":"wp","href":"https:\/\/api.w.org\/{rel}","templated":true}]}}