{"id":2648,"date":"2024-02-02T13:09:17","date_gmt":"2024-02-02T13:09:17","guid":{"rendered":"https:\/\/ayaneo.co\/product\/aya-neo-deslizante\/"},"modified":"2025-04-11T12:19:18","modified_gmt":"2025-04-11T12:19:18","slug":"aya-neo-deslizante","status":"publish","type":"product","link":"https:\/\/ayaneo.co\/es\/product\/aya-neo-deslizante\/","title":{"rendered":"AYA NEO DESLIZANTE"},"content":{"rendered":"\n<h3 class=\"wp-block-heading\" id=\"h-introducing-the-aya-neo-slide-revolutionizing-handheld-gaming\"><strong>Presentamos el AYA NEO Slide: Revolucionando el juego port\u00e1til<\/strong><\/h3>\n\n<p>Descubre el AYA NEO Slide, un PC port\u00e1til para juegos que cambia el panorama de los juegos port\u00e1tiles. Fusionando la destreza de un PC Windows completo con la comodidad de un dispositivo port\u00e1til, el AYA NEO Slide destaca por su caracter\u00edstica pantalla deslizante, que revela un teclado QWERTY RGB con todas las funciones. Este dise\u00f1o innovador, combinado con unas prestaciones de primer nivel, lo convierten en un dispositivo imprescindible tanto para los entusiastas de los juegos como para los usuarios expertos en tecnolog\u00eda. M\u00e1s all\u00e1 de los juegos, el AYA NEO Slide demuestra ser una herramienta vers\u00e1til para el entretenimiento y la productividad.   <\/p>\n\n<h3 class=\"wp-block-heading\"><strong>Visi\u00f3n general del producto<\/strong><\/h3>\n\n<p>El AYA NEO Slide emerge como una fuerza pionera en los juegos port\u00e1tiles, combinando h\u00e1bilmente tecnolog\u00eda de vanguardia con un dise\u00f1o centrado en el usuario para redefinir las experiencias de juego m\u00f3viles. Este innovador PC port\u00e1til para juegos encierra versatilidad, potencia y portabilidad en un paquete elegante. <\/p>\n\n<p>En el centro de su dise\u00f1o se encuentra el innovador mecanismo de pantalla deslizante, que hace una transici\u00f3n perfecta para revelar un teclado QWERTY RGB v\u00edvido y con todas las funciones. Esta integraci\u00f3n no s\u00f3lo rinde homenaje a los dispositivos de juego cl\u00e1sicos, sino que tambi\u00e9n introduce un nivel de funcionalidad sin precedentes en los juegos de mano. <\/p>\n\n<p>Dise\u00f1ado para ofrecer atractivo visual y comodidad ergon\u00f3mica, el AYA NEO Slide est\u00e1 disponible en los elegantes colores \u00abBlanco Amanecer\u00bb y \u00abNegro Brillante\u00bb. Los contornos ergon\u00f3micos del dispositivo y el dise\u00f1o de pantalla \u00abflotante\u00bb mejoran la interacci\u00f3n con el usuario, ofreciendo \u00e1ngulos de visi\u00f3n c\u00f3modos para diversas actividades, desde juegos intensos a tareas laborales productivas. <\/p>\n\n<p>La pantalla IPS 1080P de 6 pulgadas del AYA NEO Slide es un fest\u00edn visual, que ofrece im\u00e1genes n\u00edtidas, vibrantes y envolventes. Tanto para jugar como para disfrutar de contenidos multimedia, la excepcional fidelidad de color y claridad de la pantalla establecen un nuevo est\u00e1ndar en los juegos de mano. <\/p>\n\n<p>Bajo su elegante exterior se esconde una formidable potencia de c\u00e1lculo, proporcionada por el robusto procesador AMD Ryzen\u2122 7 7840U. Junto con la memoria de alta velocidad LPDDR5X y las amplias opciones de almacenamiento, ofrece una experiencia de juego estimulante que rivaliza con las configuraciones de sobremesa, todo ello dentro de un dise\u00f1o port\u00e1til. <\/p>\n\n<p>El avanzado sistema de refrigeraci\u00f3n del dispositivo garantiza el m\u00e1ximo rendimiento sin comprometer su dise\u00f1o compacto y f\u00e1cil de usar.<\/p>\n\n<p>En t\u00e9rminos de conectividad, el AYA NEO Slide destaca con las \u00faltimas tecnolog\u00edas Wi-Fi 6E y Bluetooth 5.2, junto con m\u00faltiples puertos USB4 Tipo-C. Este s\u00f3lido conjunto de conectividad convierte al dispositivo en un centro vers\u00e1til para una gran variedad de necesidades de juego, profesionales y de entretenimiento. <\/p>\n\n<p>El AYA NEO Slide no es s\u00f3lo un dispositivo de juego; es una herramienta vers\u00e1til que se adapta a diversos escenarios. Ya sea para jugar, para la productividad o para el consumo multimedia, este PC port\u00e1til est\u00e1 preparado para cumplir y superar las expectativas. <\/p>\n\n<h3 class=\"wp-block-heading\"><strong>Caracter\u00edsticas detalladas del tobog\u00e1n AYA NEO<\/strong><\/h3>\n\n<p>El AYA NEO Slide no s\u00f3lo destaca por su rendimiento, sino tambi\u00e9n por sus excepcionales caracter\u00edsticas de dise\u00f1o. Aqu\u00ed tienes un resumen integrado de sus elementos t\u00e9cnicos y de dise\u00f1o: <\/p>\n\n<p><strong>Fusi\u00f3n de pantalla y dise\u00f1o:<\/strong> En el coraz\u00f3n del dise\u00f1o del AYA NEO Slide est\u00e1 su pantalla flotante de 6 pulgadas 1080P IPS, una mezcla perfecta de tecnolog\u00eda avanzada y dise\u00f1o est\u00e9tico. Esta pantalla cuenta con una resoluci\u00f3n de 1920&#215;1080, una densidad de p\u00edxeles de 368PPI y un brillo de 400nits, encapsulados en un cuerpo elegante y minimalista disponible en \u00abBlanco Amanecer\u00bb y \u00abNegro Brillante\u00bb. El dise\u00f1o ergon\u00f3mico de la pantalla permite una visi\u00f3n multi\u00e1ngulo, mejorando la comodidad y adaptabilidad del usuario.  <\/p>\n\n<p><strong>Integraci\u00f3n ergon\u00f3mica del teclado:<\/strong> La joya oculta del AYA NEO Slide es su teclado QWERTY RGB con todas las funciones, perfectamente integrado en el dise\u00f1o de la pantalla deslizante. Este teclado ergon\u00f3mico ofrece una escritura c\u00f3moda y precisa, con un mayor espaciado entre teclas y vibrantes efectos de iluminaci\u00f3n RGB que contribuyen tanto a la funcionalidad como al estilo. <\/p>\n\n<p><strong>Rendimiento en un paquete elegante:<\/strong> El robusto procesador AMD Ryzen\u2122 7 7840U impulsa el AYA NEO Slide, encerrado en un cuerpo que pone de relieve el compromiso de AYA NEO con un dise\u00f1o innovador y duradero. El dispositivo admite hasta 64 GB de RAM y 4 TB de almacenamiento SSD, lo que lo convierte en una potencia para juegos y multitarea, todo ello con un dise\u00f1o tan atractivo visualmente como funcional. <\/p>\n\n<p><strong>Sistema de refrigeraci\u00f3n y sinergia de dise\u00f1o:<\/strong> El sistema de refrigeraci\u00f3n de triple tubo de cobre \u00ab3+2\u00bb del AYA NEO Slide es una proeza de ingenier\u00eda que combina con el elegante dise\u00f1o del dispositivo. Este sistema disipa eficazmente el calor, garantizando que el dispositivo se mantenga fr\u00edo y funcione de forma \u00f3ptima, sin comprometer su elegante factor de forma. <\/p>\n\n<p><strong>Conectividad y dise\u00f1o sofisticado:<\/strong> El dise\u00f1o del dispositivo acomoda cuidadosamente varias opciones de conectividad, como WiFi 6E, Bluetooth 5.2 y puertos USB4 Tipo-C. La inclusi\u00f3n de una ranura para tarjetas TF de alta velocidad mejora a\u00fan m\u00e1s su utilidad, todo ello en un dise\u00f1o refinado y f\u00e1cil de usar. <\/p>\n\n<p><strong>Software e interfaz de usuario:<\/strong> Ejecutado en Windows 11 64-bit Home Edition y mejorado por el software AYASpace 2 patentado por AYA NEO, el AYA NEO Slide ofrece una experiencia rica y f\u00e1cil de usar. Esta integraci\u00f3n de software complementa el sofisticado dise\u00f1o del dispositivo, proporcionando una interfaz perfecta que se alinea con la elegante est\u00e9tica y la alta funcionalidad del dispositivo. <\/p>\n\n<p>Su pantalla de 6 pulgadas es una delicia visual, ya que cuenta con una pantalla de alto brillo 1080P con una amplia gama de colores. Esta pantalla flotante de IPS se puede ajustar de 0\u00b0 a 30\u00b0, lo que garantiza una visi\u00f3n \u00f3ptima en cualquier entorno. <\/p>\n\n<h3 class=\"wp-block-heading\"><strong>Experiencia de usuario con AYANEO Slide<\/strong><\/h3>\n\n<p>El AYA NEO Slide ofrece una experiencia de usuario tan envolvente como vers\u00e1til, que satisface una amplia gama de necesidades, desde los juegos a la productividad. Aqu\u00ed tienes una visi\u00f3n del uso pr\u00e1ctico de este innovador PC port\u00e1til para juegos: <\/p>\n\n<p><strong>Experiencia de juego:<\/strong> Para los jugadores, el AYA NEO Slide es un sue\u00f1o hecho realidad. La precisi\u00f3n de los joysticks con sensor Hall y la respuesta t\u00e1ctil de los botones de disparo sumergen a los jugadores en sus juegos como nunca antes. La vibrante pantalla con su amplia gama de colores garantiza que cada juego sea visualmente impresionante, haciendo que las sesiones de juego sean incre\u00edblemente atractivas. El dise\u00f1o ergon\u00f3mico del dispositivo garantiza la comodidad durante largas maratones de juego, lo que lo convierte en un compa\u00f1ero ideal tanto para los jugadores ocasionales como para los empedernidos.   <\/p>\n\n<p><strong>Entretenimiento audiovisual:<\/strong> El AYA NEO Slide no es s\u00f3lo para jugar; es un completo dispositivo multimedia. Sus altavoces duales est\u00e9reo HyperSound AYANEO ofrecen una experiencia de audio envolvente, tanto si est\u00e1s viendo pel\u00edculas, transmitiendo v\u00eddeos o simplemente escuchando m\u00fasica. La pantalla de alta calidad garantiza que el contenido visual sea siempre n\u00edtido y vibrante, lo que lo convierte en un gran dispositivo para el entretenimiento en movimiento.  <\/p>\n\n<p><strong>Duraci\u00f3n de la bater\u00eda:<\/strong> La bater\u00eda de alta capacidad de 46,2 Wh del AYA NEO Slide garantiza que los usuarios puedan disfrutar de prolongadas sesiones de juego y productividad sin preocuparse constantemente de recargarla. Esta larga duraci\u00f3n de la bater\u00eda es crucial para un dispositivo dise\u00f1ado para la movilidad y la versatilidad. <\/p>\n\n<p><strong>Dise\u00f1o Port\u00e1til:<\/strong> A pesar de su gama de funciones, el AYA NEO Slide mantiene un dise\u00f1o compacto y port\u00e1til. Con un peso de unos 650 g y unas dimensiones de 226x98x25 mm, est\u00e1 dise\u00f1ado para su uso sobre la marcha, permitiendo a los usuarios disfrutar de juegos de alta calidad y productividad en cualquier lugar. <\/p>\n\n<h3 class=\"wp-block-heading\"><strong>Caracter\u00edsticas adicionales<\/strong><\/h3>\n\n<p>El AYA NEO Slide no s\u00f3lo destaca por sus funcionalidades b\u00e1sicas, sino que tambi\u00e9n viene repleto de funciones adicionales que mejoran su utilidad y atractivo generales:<\/p>\n\n<p><strong>Seguridad biom\u00e9trica:<\/strong> La seguridad es una caracter\u00edstica primordial en los dispositivos modernos, y el AYA NEO Slide la aborda con su reconocimiento de huella dactilar integrado en el bot\u00f3n de encendido. Esta funci\u00f3n no s\u00f3lo proporciona un acceso r\u00e1pido, sino que tambi\u00e9n a\u00f1ade una capa de seguridad, garantizando que tu dispositivo y tus datos est\u00e9n protegidos. <\/p>\n\n<p><strong>Amplios Ajustes de Mano y Rendimiento:<\/strong> El software AYASpace 2 del dispositivo proporciona un completo conjunto de herramientas para jugadores. Funciones como los modos de escenario de rendimiento, el cambio con un solo clic a diferentes niveles de rendimiento y una herramienta de superposici\u00f3n de juegos como FPS Thunder, ofrecen a los usuarios un amplio control sobre su entorno de juego. Estas herramientas son cruciales para optimizar el rendimiento y mejorar la experiencia de juego.  <\/p>\n\n<p><strong>Transferencia de datos y almacenamiento de alta velocidad:<\/strong> La interfaz M.2 2280 PCIe 4.0 para SSD del AYA NEO Slide garantiza que la transferencia de datos sea rapid\u00edsima, algo imprescindible para las tareas modernas de juegos y productividad. La compatibilidad con hasta 4 TB de una sola cara SSD proporciona un amplio espacio de almacenamiento, lo que permite a los usuarios guardar una vasta biblioteca de juegos y archivos multimedia.  <\/p>\n\n<h3 class=\"wp-block-heading\"><strong>Conclusi\u00f3n<\/strong><\/h3>\n\n<p>En resumen, el AYA NEO Slide representa un importante salto adelante en la tecnolog\u00eda de los juegos port\u00e1tiles. Este dispositivo no es s\u00f3lo una consola de juegos; es un completo PC port\u00e1til que satisface una amplia gama de necesidades. Su innovador dise\u00f1o de pantalla deslizante, que revela un teclado QWERTY RGB con todas las funciones, establece un nuevo est\u00e1ndar en el mundo de los dispositivos port\u00e1tiles. Junto con el vanguardista procesador AMD Ryzen\u2122 7 7840U, amplias opciones de almacenamiento y un avanzado sistema de refrigeraci\u00f3n, el AYA NEO Slide ofrece un rendimiento excepcional que rivaliza con los PC de sobremesa.   <\/p>\n\n<p>La meticulosa atenci\u00f3n a la ergonom\u00eda y el dise\u00f1o, junto con su pantalla flotante de alta resoluci\u00f3n, garantizan que tanto si est\u00e1s jugando, trabajando o disfrutando de los medios, la experiencia sea siempre c\u00f3moda y visualmente impresionante.<\/p>\n\n<p>Adem\u00e1s, las funciones adicionales como la seguridad biom\u00e9trica, la capacidad de transferencia de datos a alta velocidad y la configuraci\u00f3n para juegos profesionales consolidan la posici\u00f3n del AYA NEO Slide como dispositivo de primer nivel en su categor\u00eda. Su combinaci\u00f3n de potencia, versatilidad y portabilidad lo convierte en la opci\u00f3n ideal para jugadores, profesionales y entusiastas de la tecnolog\u00eda que exigen lo mejor de ambos mundos: rendimiento y movilidad. <\/p>\n\n<p>El AYA NEO Slide es algo m\u00e1s que un PC port\u00e1til para juegos; es un testimonio de lo que la tecnolog\u00eda moderna puede lograr, ofreciendo una experiencia envolvente y sin fisuras que va m\u00e1s all\u00e1 de los juegos.<\/p>\n\n<h3 class=\"wp-block-heading\"><strong>Revisi\u00f3n de las diapositivas de AYA NEO: Explora en profundidad<\/strong><\/h3>\n\n<p>Para un an\u00e1lisis en profundidad del AYA NEO Slide, consulta la rese\u00f1a detallada en <a href=\"https:\/\/droix.net\/blogs\/aya-neo-slide-review\/\" target=\"_blank\" rel=\"noreferrer noopener\">el blog de DroiX<\/a>. Este an\u00e1lisis ofrece informaci\u00f3n valiosa sobre su rendimiento, dise\u00f1o y experiencia de usuario, ayud\u00e1ndote a comprender todas las capacidades de este innovador PC port\u00e1til para juegos. <\/p>\n","protected":false},"excerpt":{"rendered":"<ul>\n<li>AMD<strong> Ryzen\u2122 7 7840U<\/strong> y Radeon 780M<\/li>\n<li><strong>hasta 64 GB de<\/strong> RAM LPDDR5X a <strong>7500 MT\/s<\/strong><\/li>\n<li><strong>hasta 4 TB<\/strong> PCIe 4.0 M.2 2280 NVMe ultrarr\u00e1pido SSD <\/li>\n<li>Pantalla t\u00e1ctil de <strong>6&#8243; IPS 1080P<\/strong><strong> 400nits<\/strong> y <strong>120% SRGB<\/strong> <\/li>\n<li>Compatible con <strong>WiFi 6E<\/strong> y <strong>Bluetooth 5.2<\/strong> <\/li>\n<\/ul>\n[cg_accordion title=\"INFORMACI\u00d3N SOBRE EL PAGO\"]<\/p>\n<p>Utilizamos la \u00faltima tecnolog\u00eda en procesamiento de pagos, que te permite pagar mediante Apple Pay, Google Pay, tu tarjeta de d\u00e9bito\/cr\u00e9dito, PayPal o m\u00e9todos BNPL como Klarna, Affirm o AfterPay para una experiencia r\u00e1pida y segura.[\/cg_accordion]\n[cg_accordion title=\"GARANT\u00cdA\"]<\/p>\n<p>1 a\u00f1o de garant\u00eda de <a href=\"https:\/\/droix.net\/\" target=\"_blank\" rel=\"nofollow noopener\">DROIX Global<\/a> para tu tranquilidad[\/cg_accordion]\n[cg_accordion title=\"PRECIOS, IMPUESTOS Y ENV\u00cdO\"]<\/p>\n<p><strong><u>Nota:<\/u><\/strong><\/p>\n<ul>\n<li>Clientes de Estados Unidos: El precio indicado NO incluye impuestos ni aranceles. La responsabilidad de despachar aduanas y pagar cualquier impuesto o arancel asociado recae en el cliente. <\/li>\n<li>Clientes de la UE: El precio indicado incluye el IMPUESTO aplicable, que puede ser de hasta el 25% dependiendo de tu pa\u00eds.<\/li>\n<li>Clientes de Canad\u00e1: El precio mostrado incluye los impuestos aplicables, que pueden incluir un 5% de GST e impuestos de venta provinciales (PST), impuestos de venta armonizados (HST) o impuestos de venta de Quebec (QST) adicionales, dependiendo de tu provincia.<\/li>\n<\/ul>\n<p><strong>S\u00d3LO para clientes de la UE:<\/strong> DDP expr\u00e9s (entrega con derechos pagados). Esto significa: <\/p>\n<ul>\n<li>Todos los derechos de aduana e impuestos est\u00e1n incluidos en el precio que aparece en la p\u00e1gina del producto.<\/li>\n<li>No tendr\u00e1s que pagar ning\u00fan gasto adicional en el momento de la entrega.<\/li>\n<li>En el raro caso de que surjan problemas relacionados con las aduanas, nuestro equipo se encargar\u00e1 del proceso de despacho de aduanas en tu nombre para garantizar una experiencia de entrega sin problemas.<\/li>\n<p>Informaci\u00f3n importante sobre devoluciones:<\/p>\n<li>Si decides devolver tu pedido o solicitar un reembolso, ten en cuenta que los impuestos y aranceles pagados en tu nombre seg\u00fan las condiciones del DDP no pueden reembolsarse.<\/li>\n<p>Consulta nuestras <a href=\"https:\/\/ayaneo.co\/terms-of-service-2\/\" target=\"_blank\" rel=\"nofollow noopener\">Condiciones generales<\/a> para obtener informaci\u00f3n detallada.\n<\/ul>\n<p>[\/cg_accordion]\n[cg_accordion title=\"ATENCI\u00d3N AL CLIENTE\"]<\/p>\n<p>\u00bfTienes alguna pregunta? \u00a1Estamos a un SMS de solucionar tu problema!<br \/>\n[\/cg_accordion]\n[cg_accordion title=\"El paquete incluye\"]<\/p>\n<ul>\n<li>1x AYA NEO DESLIZANTE<\/li>\n<li>1x Cable USB Tipo-C<\/li>\n<li>1x enchufe (UE\/EE.UU.)<\/li>\n<li>2x Adaptador USB Tipo-C a Tipo-A<\/li>\n<li>1x Manual del usuario<\/li>\n<\/ul>\n<p>[\/cg_accordion]\n","protected":false},"featured_media":1388,"template":"","meta":{"_acf_changed":false},"product_brand":[],"product_cat":[361],"product_tag":[],"class_list":{"0":"post-2648","1":"product","2":"type-product","3":"status-publish","4":"has-post-thumbnail","6":"product_cat-ordenadores-portatiles-para-juegos","7":"product_shipping_class-premium","8":"pa_brand-ayaneo","9":"pa_graphics-gpu-model-radeon-780m","10":"pa_operating-system-windows-11-home","11":"pa_processor-cpu-brand-amd","13":"first","14":"outofstock","15":"taxable","16":"shipping-taxable","17":"purchasable","18":"product-type-variable","19":"has-default-attributes"},"acf":[],"_links":{"self":[{"href":"https:\/\/ayaneo.co\/es\/wp-json\/wp\/v2\/product\/2648","targetHints":{"allow":["GET"]}}],"collection":[{"href":"https:\/\/ayaneo.co\/es\/wp-json\/wp\/v2\/product"}],"about":[{"href":"https:\/\/ayaneo.co\/es\/wp-json\/wp\/v2\/types\/product"}],"wp:featuredmedia":[{"embeddable":true,"href":"https:\/\/ayaneo.co\/es\/wp-json\/wp\/v2\/media\/1388"}],"wp:attachment":[{"href":"https:\/\/ayaneo.co\/es\/wp-json\/wp\/v2\/media?parent=2648"}],"wp:term":[{"taxonomy":"product_brand","embeddable":true,"href":"https:\/\/ayaneo.co\/es\/wp-json\/wp\/v2\/product_brand?post=2648"},{"taxonomy":"product_cat","embeddable":true,"href":"https:\/\/ayaneo.co\/es\/wp-json\/wp\/v2\/product_cat?post=2648"},{"taxonomy":"product_tag","embeddable":true,"href":"https:\/\/ayaneo.co\/es\/wp-json\/wp\/v2\/product_tag?post=2648"}],"curies":[{"name":"wp","href":"https:\/\/api.w.org\/{rel}","templated":true}]}}