{"id":2711,"date":"2023-03-11T10:02:36","date_gmt":"2023-03-11T10:02:36","guid":{"rendered":"https:\/\/ayaneo.co\/product\/ayaneo-2-pc-gaming-handheld\/"},"modified":"2025-04-11T12:25:14","modified_gmt":"2025-04-11T12:25:14","slug":"ayaneo-2-pc-gaming-handheld","status":"publish","type":"product","link":"https:\/\/ayaneo.co\/es\/product\/ayaneo-2-pc-gaming-handheld\/","title":{"rendered":"AYANEO 2 PC Gaming Handheld"},"content":{"rendered":"\n<p>\u00bfBuscas un dispositivo port\u00e1til y potente para juegos de PC? No busques m\u00e1s: \u00a1la AYANEO 2! Con su rapid\u00edsima tecnolog\u00eda AMD Ryzen 7, este port\u00e1til lleva los juegos de sobremesa a un nivel completamente nuevo.  <\/p>\n\n<p>El AYANEO 2 cuenta con el \u00faltimo AMD Ryzen 7 6800U con 8 n\u00facleos y 16 hilos que funcionan hasta a 4,7GHz y un m\u00e1ximo recomendado de 28W TDP. Tambi\u00e9n incorpora la GPU AMD Radeon 680M de alto rendimiento con 12 n\u00facleos funcionando a 2200Mhz. Con hasta 32 GB de RAM LPDDR5-6400 MT\/S y hasta 2 TB PCIe 4.0 m.2 2280 SSD, el AYANEO 2 proporciona un rendimiento excelente en juegos, \u00a1incluso con los juegos m\u00e1s recientes!   <\/p>\n\n<p>La pantalla t\u00e1ctil de 7&#8243; del AYANEO 2 es sencillamente impresionante, con colores claros y vibrantes que te meten de lleno en el juego. Y con su elegante dise\u00f1o, que incluye una \u00fanica l\u00e1mina de cristal que cubre la parte frontal, este dispositivo port\u00e1til para juegos de PC tiene un aspecto y un tacto de gama alta y de primera calidad. <\/p>\n\n<p>Pero no se trata s\u00f3lo del aspecto: el AYANEO 2 tambi\u00e9n incorpora modernos controles con sensores de efecto Hall en los sticks anal\u00f3gicos duales y los botones de disparo. Los sticks anal\u00f3gicos duales vienen incluso con una discreta iluminaci\u00f3n RGB que se puede personalizar en el software AYA SPACE incluido. <\/p>\n\n<p>La conectividad tambi\u00e9n es de primera en el AYANEO 2, con WiFi 6 para una transferencia de datos inal\u00e1mbrica r\u00e1pida y fiable y Bluetooth 5.2 para conectarte a los perif\u00e9ricos inal\u00e1mbricos m\u00e1s recientes, como auriculares. Y con una bater\u00eda de 50,25 Wh, podr\u00e1s disfrutar de horas de juego en este PC port\u00e1til. <\/p>\n\n<p>Pero lo que realmente diferencia al AYANEO 2 es su rendimiento en juegos. Puede ejecutar los \u00faltimos juegos AAA de Windows a resoluciones c\u00f3modas de hasta 1200P, y dependiendo del juego, incluso hasta los ajustes gr\u00e1ficos m\u00e1s altos. Y no s\u00f3lo para los juegos modernos: el AYANEO 2 tambi\u00e9n es excelente para los juegos retro, ya que es capaz de reproducir hasta consolas de sexta generaci\u00f3n a una resoluci\u00f3n m\u00e1s baja TDP para ahorrar bater\u00eda. Adem\u00e1s, \u00a1puede ejecutar sistemas y juegos compatibles de s\u00e9ptima y octava generaci\u00f3n a toda velocidad!   <\/p>\n\n<p>Si buscas un dispositivo port\u00e1til para juegos de PC con potencia y estilo, sin duda merece la pena considerar el AYANEO 2.<\/p>\n","protected":false},"excerpt":{"rendered":"<ul>\n<li>AMD<strong> Ryzen 7 6800U<\/strong> \/ Radeon 680M<\/li>\n<li><strong>hasta 32 GB<\/strong> LPDDR5 a <strong>6400 MT\/s<\/strong><\/li>\n<li><strong>hasta 2 TB<\/strong> PCIe 4.0 m.2 2280 de alta velocidad SSD <\/li>\n<li>Pantalla t\u00e1ctil de <strong>7<\/strong> \u00bb <strong> LCD<\/strong> <\/li>\n<li>Compatible con <strong>WiFi 6<\/strong> y <strong>Bluetooth 5.2<\/strong> <\/li>\n<\/ul>\n[cg_accordion title=\"INFORMACI\u00d3N SOBRE EL PAGO\"]<\/p>\n<p>Utilizamos la \u00faltima tecnolog\u00eda en procesamiento de pagos, que te permite pagar mediante Apple Pay, Google Pay, tu tarjeta de d\u00e9bito\/cr\u00e9dito, PayPal o m\u00e9todos BNPL como Klarna, Affirm o AfterPay para una experiencia r\u00e1pida y segura.[\/cg_accordion]\n[cg_accordion title=\"GARANT\u00cdA\"]<\/p>\n<p>1 a\u00f1o de garant\u00eda de <a href=\"https:\/\/droix.net\/\" target=\"_blank\" rel=\"nofollow noopener\">DROIX Global<\/a> para tu tranquilidad[\/cg_accordion]\n[cg_accordion title=\"PRECIOS, IMPUESTOS Y ENV\u00cdO\"]<\/p>\n<p><strong><u>Nota:<\/u><\/strong><\/p>\n<ul>\n<li>Clientes de Estados Unidos: El precio indicado NO incluye impuestos ni aranceles. La responsabilidad de despachar aduanas y pagar cualquier impuesto o arancel asociado recae en el cliente. <\/li>\n<li>Clientes de la UE: El precio indicado incluye el IMPUESTO aplicable, que puede ser de hasta el 25% dependiendo de tu pa\u00eds.<\/li>\n<li>Clientes de Canad\u00e1: El precio mostrado incluye los impuestos aplicables, que pueden incluir un 5% de GST e impuestos de venta provinciales (PST), impuestos de venta armonizados (HST) o impuestos de venta de Quebec (QST) adicionales, dependiendo de tu provincia.<\/li>\n<\/ul>\n<p><strong>S\u00d3LO para clientes de la UE:<\/strong> DDP expr\u00e9s (entrega con derechos pagados). Esto significa: <\/p>\n<ul>\n<li>Todos los derechos de aduana e impuestos est\u00e1n incluidos en el precio que aparece en la p\u00e1gina del producto.<\/li>\n<li>No tendr\u00e1s que pagar ning\u00fan gasto adicional en el momento de la entrega.<\/li>\n<li>En el raro caso de que surjan problemas relacionados con las aduanas, nuestro equipo se encargar\u00e1 del proceso de despacho de aduanas en tu nombre para garantizar una experiencia de entrega sin problemas.<\/li>\n<p>Informaci\u00f3n importante sobre devoluciones:<\/p>\n<li>Si decides devolver tu pedido o solicitar un reembolso, ten en cuenta que los impuestos y aranceles pagados en tu nombre seg\u00fan las condiciones del DDP no pueden reembolsarse.<\/li>\n<p>Consulta nuestras <a href=\"https:\/\/ayaneo.co\/terms-of-service-2\/\" target=\"_blank\" rel=\"nofollow noopener\">Condiciones generales<\/a> para obtener informaci\u00f3n detallada.\n<\/ul>\n<p>[\/cg_accordion]\n[cg_accordion title=\"ATENCI\u00d3N AL CLIENTE\"]<\/p>\n<p>\u00bfTienes alguna pregunta? \u00a1Estamos a un SMS de solucionar tu problema!<br \/>\n[\/cg_accordion]\n","protected":false},"featured_media":943,"template":"","meta":{"_acf_changed":false},"product_brand":[],"product_cat":[361],"product_tag":[396],"class_list":{"0":"post-2711","1":"product","2":"type-product","3":"status-publish","4":"has-post-thumbnail","6":"product_cat-ordenadores-portatiles-para-juegos","7":"product_tag-pc-gaming-portatil","8":"product_shipping_class-premium","9":"pa_brand-ayaneo","10":"pa_graphics-gpu-model-radeon-680m","11":"pa_operating-system-windows-11","12":"pa_processor-cpu-brand-amd","14":"first","15":"outofstock","16":"taxable","17":"shipping-taxable","18":"purchasable","19":"product-type-variable"},"acf":[],"_links":{"self":[{"href":"https:\/\/ayaneo.co\/es\/wp-json\/wp\/v2\/product\/2711","targetHints":{"allow":["GET"]}}],"collection":[{"href":"https:\/\/ayaneo.co\/es\/wp-json\/wp\/v2\/product"}],"about":[{"href":"https:\/\/ayaneo.co\/es\/wp-json\/wp\/v2\/types\/product"}],"wp:featuredmedia":[{"embeddable":true,"href":"https:\/\/ayaneo.co\/es\/wp-json\/wp\/v2\/media\/943"}],"wp:attachment":[{"href":"https:\/\/ayaneo.co\/es\/wp-json\/wp\/v2\/media?parent=2711"}],"wp:term":[{"taxonomy":"product_brand","embeddable":true,"href":"https:\/\/ayaneo.co\/es\/wp-json\/wp\/v2\/product_brand?post=2711"},{"taxonomy":"product_cat","embeddable":true,"href":"https:\/\/ayaneo.co\/es\/wp-json\/wp\/v2\/product_cat?post=2711"},{"taxonomy":"product_tag","embeddable":true,"href":"https:\/\/ayaneo.co\/es\/wp-json\/wp\/v2\/product_tag?post=2711"}],"curies":[{"name":"wp","href":"https:\/\/api.w.org\/{rel}","templated":true}]}}