{"id":2745,"date":"2023-03-11T15:05:16","date_gmt":"2023-03-11T15:05:16","guid":{"rendered":"https:\/\/ayaneo.co\/product\/dispositivo-portatil-para-juegos-de-pc-ayaneo-pro\/"},"modified":"2025-04-11T12:25:26","modified_gmt":"2025-04-11T12:25:26","slug":"dispositivo-portatil-para-juegos-de-pc-ayaneo-pro","status":"publish","type":"product","link":"https:\/\/ayaneo.co\/es\/product\/dispositivo-portatil-para-juegos-de-pc-ayaneo-pro\/","title":{"rendered":"AYANEO Dispositivo port\u00e1til profesional para juegos de PC"},"content":{"rendered":"\n<figure class=\"wp-block-image\"><img decoding=\"async\" src=\"https:\/\/droix.net\/wp-content\/uploads\/elementor\/thumbs\/aya-neo-features-pk9lkumxlstccbb5vzfe137167irzcikhw6vrsl4l4.jpg\" alt=\"aya-neo-caracteristicas.jpg\" title=\"aya-neo-caracteristicas.jpg\"\/><\/figure>\n\n<p>Si te apetece a\u00fan m\u00e1s potencia, el AYA NEO PRO te la ofrece. Ampliando el AYA NEO de 2021 e incorporando un procesador AMD Ryzen 7, el AYA NEO PRO es un dispositivo port\u00e1til para juegos con Windows. <\/p>\n\n<figure class=\"wp-block-image\"><img decoding=\"async\" src=\"https:\/\/droix.net\/wp-content\/uploads\/elementor\/thumbs\/hero-pk9lkwint94k0m61dmx072ej9g5nuzgr31m11t2idk.jpg\" alt=\"h&#xE9;roe.jpg\" title=\"h&#xE9;roe.jpg\"\/><\/figure>\n\n<p>Con la gama PRO, ahora hay disponible un impresionante modelo \u00abRetro Power\u00bb para todos los amantes de los juegos retro.<\/p>\n\n<figure class=\"wp-block-image\"><img decoding=\"async\" src=\"https:\/\/droix.net\/wp-content\/uploads\/2022\/02\/story-1-1024x710.png\" alt=\"\" title=\"AYA NEO 2021 PRO 1\"\/><\/figure>\n\n<p>Puede que la tecnolog\u00eda haya evolucionado, pero cuando coges el AYA NEO PRO te das cuenta realmente de lo mucho que lo ha hecho. Y para mejor. <\/p>\n\n<p>Se ha prestado especial atenci\u00f3n al dise\u00f1o del modelo \u00abRetro Power\u00bb para que se parezca a las consolas anteriores y ofrezca una aut\u00e9ntica sensaci\u00f3n retro. Pero ah\u00ed se acaba todo, cuando la coges y juegas con ella, te das cuenta de que no es una consola antigua. <\/p>\n\n<figure class=\"wp-block-image\"><img decoding=\"async\" src=\"https:\/\/droix.net\/wp-content\/uploads\/2022\/02\/story-2-1024x710.png\" alt=\"\" title=\"AYA NEO 2021 PRO 2\"\/><\/figure>\n\n<p>El dise\u00f1o no es la \u00fanica mejora del AYA NEO PRO: el procesador es ahora un AMD Ryzen 7 - 4800U. Esto garantizar\u00e1 que tus juegos se ejecuten con fluidez a la vez que se ahorra energ\u00eda. <\/p>\n\n<figure class=\"wp-block-image\"><img decoding=\"async\" src=\"https:\/\/droix.net\/wp-content\/uploads\/elementor\/thumbs\/aya-neo-2021-processor-pk9lvtf44d1wn4k9rvvzjcka0jpiectapv3h7kdiv8.png\" alt=\"aya-neo-2021-procesador.png\" title=\"aya-neo-2021-procesador.png\"\/><\/figure>\n\n<h2 class=\"wp-block-heading\">AMD, \u00a1s\u00ed!<\/h2>\n\n<p>El AMD Ryzen 7 se basa en la arquitectura FinFET de 7 nm de TSMC para ofrecer un gran rendimiento con una gran eficiencia energ\u00e9tica. El Ryzen 7 4800U viene con 8 n\u00facleos, que pueden aumentar hasta 4,2Ghz bajo carga pesada. <\/p>\n\n<figure class=\"wp-block-image\"><img decoding=\"async\" src=\"https:\/\/droix.net\/wp-content\/uploads\/2022\/02\/aya-neo-pro-processor-image.jpg\" alt=\"aya-neo-procesador-imagen.jpg\"\/><\/figure>\n\n<h2 class=\"wp-block-heading\">Ah, \u00a1qu\u00e9 guay!<\/h2>\n\n<p>El AYA NEO Pro viene con un ventilador que se asegura de que tu potente procesador AMD Ryzen 7 no se caliente demasiado.<\/p>\n\n<figure class=\"wp-block-image\"><img decoding=\"async\" src=\"https:\/\/droix.net\/wp-content\/uploads\/elementor\/thumbs\/aya-neo-pro-heat-pk9lxuqk5am4y4f7ylrlit2l03fkgm4wa92orlb32g.png\" alt=\"aya-neo-pro-calor.png\" title=\"aya-neo-pro-calor.png\"\/><\/figure>\n\n<h2 class=\"wp-block-heading\">RAM r\u00e1pida y mucho almacenamiento<\/h2>\n\n<p>Con 16 GB de memoria r\u00e1pida LPDDR4x y hasta 2 TB*2 de almacenamiento de estado s\u00f3lido NVMe. As\u00ed tendr\u00e1s espacio de sobra para todos tus juegos favoritos y retro, y podr\u00e1s abrir m\u00e1s de 1 pesta\u00f1a de Chrome a la vez. <\/p>\n\n<figure class=\"wp-block-image\"><img decoding=\"async\" src=\"https:\/\/droix.net\/wp-content\/uploads\/elementor\/thumbs\/aya-neo-pro-ram-ssd-pk9llfbds5lnfqh4j8d6jxz68oouoosnwqjkbvqg9m.jpg\" alt=\"aya-neo-pro-ram-ssd.jpg\" title=\"aya-neo-pro-ram-ssd.jpg\"\/><\/figure>\n\n<h2 class=\"wp-block-heading\">Juego<\/h2>\n\n<p>Juega a tus juegos favoritos sobre la marcha con el AYA NEO PRO *1<\/p>\n\n<figure class=\"wp-block-image\"><img decoding=\"async\" src=\"https:\/\/droix.net\/wp-content\/uploads\/2022\/02\/aya-neo-pro-games.jpg\" alt=\"aya-neo-pro-juegos.jpg\"\/><\/figure>\n\n<p>1* - Los juegos mostrados funcionar\u00e1n, sin embargo - El usuario debe realizar ajustes en la configuraci\u00f3n para conseguir el rendimiento deseado.<\/p>\n\n<p>2* - La versi\u00f3n de 2 TB de AYA NEO PRO no est\u00e1 disponible actualmente.<\/p>\n","protected":false},"excerpt":{"rendered":"<ul>\n<li>AMD\u00ae<b> Ryzen\u2122 7 4800U<\/b> con <b>gr\u00e1ficos AMD Radeon\u2122<\/b>.<\/li>\n<li><strong>16 GB<\/strong> LPDDR4x <strong>de doble canal<\/strong> a 4266Mhz<\/li>\n<li><strong>1 TB<\/strong> PCI-E <strong>NVMe<\/strong> de alta velocidad <strong> SSD<\/strong><\/li>\n<li>Pantalla t\u00e1ctil de <strong>7&#8243; H-IPS<\/strong> <\/li>\n<li>Compatible con <strong>WiFi 6E<\/strong> y <strong>Bluetooth 5.1<\/strong> <\/li>\n<\/ul>\n[cg_accordion title=\"INFORMACI\u00d3N SOBRE EL PAGO\"]<\/p>\n<p>Utilizamos la \u00faltima tecnolog\u00eda en procesamiento de pagos, que te permite pagar mediante Apple Pay, Google Pay, tu tarjeta de d\u00e9bito\/cr\u00e9dito, PayPal o m\u00e9todos BNPL como Klarna, Affirm o AfterPay para una experiencia r\u00e1pida y segura.[\/cg_accordion]\n[cg_accordion title=\"GARANT\u00cdA\"]<\/p>\n<p>1 a\u00f1o de garant\u00eda de <a href=\"https:\/\/droix.net\/\" target=\"_blank\" rel=\"nofollow noopener\">DROIX Global<\/a> para tu tranquilidad[\/cg_accordion]\n[cg_accordion title=\"PRECIOS, IMPUESTOS Y ENV\u00cdO\"]<\/p>\n<p><strong><u>Nota:<\/u><\/strong><\/p>\n<ul>\n<li>Clientes de Estados Unidos: El precio indicado NO incluye impuestos ni aranceles. La responsabilidad de despachar aduanas y pagar cualquier impuesto o arancel asociado recae en el cliente. <\/li>\n<li>Clientes de la UE: El precio indicado incluye el IMPUESTO aplicable, que puede ser de hasta el 25% dependiendo de tu pa\u00eds.<\/li>\n<li>Clientes de Canad\u00e1: El precio mostrado incluye los impuestos aplicables, que pueden incluir un 5% de GST e impuestos de venta provinciales (PST), impuestos de venta armonizados (HST) o impuestos de venta de Quebec (QST) adicionales, dependiendo de tu provincia.<\/li>\n<\/ul>\n<p><strong>S\u00d3LO para clientes de la UE:<\/strong> DDP expr\u00e9s (entrega con derechos pagados). Esto significa: <\/p>\n<ul>\n<li>Todos los derechos de aduana e impuestos est\u00e1n incluidos en el precio que aparece en la p\u00e1gina del producto.<\/li>\n<li>No tendr\u00e1s que pagar ning\u00fan gasto adicional en el momento de la entrega.<\/li>\n<li>En el raro caso de que surjan problemas relacionados con las aduanas, nuestro equipo se encargar\u00e1 del proceso de despacho de aduanas en tu nombre para garantizar una experiencia de entrega sin problemas.<\/li>\n<p>Informaci\u00f3n importante sobre devoluciones:<\/p>\n<li>Si decides devolver tu pedido o solicitar un reembolso, ten en cuenta que los impuestos y aranceles pagados en tu nombre seg\u00fan las condiciones del DDP no pueden reembolsarse.<\/li>\n<p>Consulta nuestras <a href=\"https:\/\/ayaneo.co\/terms-of-service-2\/\" target=\"_blank\" rel=\"nofollow noopener\">Condiciones generales<\/a> para obtener informaci\u00f3n detallada.\n<\/ul>\n<p>[\/cg_accordion]\n[cg_accordion title=\"ATENCI\u00d3N AL CLIENTE\"]<\/p>\n<p>\u00bfTienes alguna pregunta? \u00a1Estamos a un SMS de solucionar tu problema!<br \/>\n[\/cg_accordion]\n","protected":false},"featured_media":1018,"template":"","meta":{"_acf_changed":false},"product_brand":[],"product_cat":[361],"product_tag":[],"class_list":{"0":"post-2745","1":"product","2":"type-product","3":"status-publish","4":"has-post-thumbnail","6":"product_cat-ordenadores-portatiles-para-juegos","7":"product_shipping_class-premium","8":"pa_brand-ayaneo","9":"pa_graphics-gpu-model-radeon-graphics","10":"pa_operating-system-windows-10","11":"pa_processor-cpu-brand-amd","13":"first","14":"outofstock","15":"taxable","16":"shipping-taxable","17":"purchasable","18":"product-type-variable","19":"has-default-attributes"},"acf":[],"_links":{"self":[{"href":"https:\/\/ayaneo.co\/es\/wp-json\/wp\/v2\/product\/2745","targetHints":{"allow":["GET"]}}],"collection":[{"href":"https:\/\/ayaneo.co\/es\/wp-json\/wp\/v2\/product"}],"about":[{"href":"https:\/\/ayaneo.co\/es\/wp-json\/wp\/v2\/types\/product"}],"wp:featuredmedia":[{"embeddable":true,"href":"https:\/\/ayaneo.co\/es\/wp-json\/wp\/v2\/media\/1018"}],"wp:attachment":[{"href":"https:\/\/ayaneo.co\/es\/wp-json\/wp\/v2\/media?parent=2745"}],"wp:term":[{"taxonomy":"product_brand","embeddable":true,"href":"https:\/\/ayaneo.co\/es\/wp-json\/wp\/v2\/product_brand?post=2745"},{"taxonomy":"product_cat","embeddable":true,"href":"https:\/\/ayaneo.co\/es\/wp-json\/wp\/v2\/product_cat?post=2745"},{"taxonomy":"product_tag","embeddable":true,"href":"https:\/\/ayaneo.co\/es\/wp-json\/wp\/v2\/product_tag?post=2745"}],"curies":[{"name":"wp","href":"https:\/\/api.w.org\/{rel}","templated":true}]}}