{"id":2746,"date":"2023-03-11T15:19:07","date_gmt":"2023-03-11T15:19:07","guid":{"rendered":"https:\/\/ayaneo.co\/product\/pc-portatil-para-juegos-ayaneo\/"},"modified":"2025-04-11T12:25:33","modified_gmt":"2025-04-11T12:25:33","slug":"pc-portatil-para-juegos-ayaneo","status":"publish","type":"product","link":"https:\/\/ayaneo.co\/es\/product\/pc-portatil-para-juegos-ayaneo\/","title":{"rendered":"AYANEO PC port\u00e1til para juegos"},"content":{"rendered":"\n<div style=\"background-color: black; color: white;\"><p style=\"text-align: center;\"><img decoding=\"async\" class=\"\" style=\"margin-left: 3%;\" src=\"https:\/\/static.wixstatic.com\/media\/aac863_6656635baa574ee3bb8d41cedbc857a8~mv2.gif\" data-src=\"https:\/\/static.wixstatic.com\/media\/aac863_6656635baa574ee3bb8d41cedbc857a8~mv2.gif\"\/> <img decoding=\"async\" class=\"\" src=\"https:\/\/c1.iggcdn.com\/indiegogo-media-prod-cld\/image\/upload\/c_limit,w_695\/v1615019935\/njqfwmc4qkhhqzgiq1ni.png\" data-src=\"https:\/\/c1.iggcdn.com\/indiegogo-media-prod-cld\/image\/upload\/c_limit,w_695\/v1615019935\/njqfwmc4qkhhqzgiq1ni.png\"\/><\/p><div style=\"text-align: center;\"><\/div><p style=\"text-align: center;\">El AYANEO es un revolucionario PC port\u00e1til para juegos que incorpora la APU AMD Ryzen de 7 nm, ofreciendo un rendimiento sin precedentes en juegos en un formato compacto. No s\u00f3lo ofrece capacidades de juego de nivel AAA, sino que tambi\u00e9n funciona como un PC Windows altamente adaptable y flexible, gracias a sus impresionantes caracter\u00edsticas que se describen a continuaci\u00f3n. <\/p><p style=\"text-align: center;\"><img decoding=\"async\" class=\"\" src=\"https:\/\/c1.iggcdn.com\/indiegogo-media-prod-cld\/image\/upload\/c_limit,w_695\/v1615019962\/rn6jcqjs1po8f5gmtyqf.png\" data-src=\"https:\/\/c1.iggcdn.com\/indiegogo-media-prod-cld\/image\/upload\/c_limit,w_695\/v1615019962\/rn6jcqjs1po8f5gmtyqf.png\"\/>  Impulsado por el avanzado procesador Ryzen 5 4500U, con un dise\u00f1o de seis n\u00facleos y una frecuencia turbo m\u00e1xima de 4,0Ghz, el AYANEO es una aut\u00e9ntica potencia que maneja sin esfuerzo los juegos m\u00e1s exigentes. Con un 50% m\u00e1s de n\u00facleos que las generaciones anteriores y que su competencia, el dise\u00f1o hexa-core ofrece un rendimiento multitarea excepcional. <\/p><p style=\"text-align: center;\"><img decoding=\"async\" class=\"\" src=\"https:\/\/c1.iggcdn.com\/indiegogo-media-prod-cld\/image\/upload\/c_limit,w_695\/v1615019979\/r9mmjkop1uvc6rhi6e0s.png\" data-src=\"https:\/\/c1.iggcdn.com\/indiegogo-media-prod-cld\/image\/upload\/c_limit,w_695\/v1615019979\/r9mmjkop1uvc6rhi6e0s.png\"\/><\/p><p style=\"text-align: center;\">El port\u00e1til Ryzen est\u00e1 equipado con potentes gr\u00e1ficos AMD Radeon que hacen que jugar a t\u00edtulos AAA sea pan comido. Los detalles de imagen mejorados y una jugabilidad m\u00e1s fluida proporcionan una experiencia de juego envolvente y superior. Adem\u00e1s, los controladores de los gr\u00e1ficos Radeon presumen de una excelente compatibilidad con los juegos m\u00e1s recientes, lo que permite ejecutar t\u00edtulos exigentes como Cyberpunk 2077 a m\u00e1s de 30 FPS con los ajustes m\u00e1s bajos. Adem\u00e1s, los controladores Radeon Graphics ofrecen fant\u00e1sticas funciones como Radeon Boost, Radeon Image Sharpening y Radeon Anti-Lag. En particular, Radeon Image Sharpening por s\u00ed solo puede aumentar los FPS entre 5 y 10 en t\u00edtulos AAA con un sacrificio m\u00ednimo de la calidad de imagen.    <img decoding=\"async\" class=\"\" src=\"https:\/\/c1.iggcdn.com\/indiegogo-media-prod-cld\/image\/upload\/c_limit,w_695\/v1614936310\/sx0rqht7zj0sxihvxhub.png\" data-src=\"https:\/\/c1.iggcdn.com\/indiegogo-media-prod-cld\/image\/upload\/c_limit,w_695\/v1614936310\/sx0rqht7zj0sxihvxhub.png\"\/>  El AYANEO viene equipado con 16 GB de RAM LPDDR4x 4266 y admite hasta 1 TB de NVME SSD. Esto no s\u00f3lo garantiza una experiencia de juego fluida y sin interrupciones, sino que tambi\u00e9n reduce significativamente los tiempos de carga. Mientras otros se quedan esperando a que se carguen los juegos, t\u00fa puedes sumergirte directamente en la acci\u00f3n.  <\/p><p style=\"text-align: center;\"><img decoding=\"async\" class=\"\" src=\"https:\/\/c1.iggcdn.com\/indiegogo-media-prod-cld\/image\/upload\/c_limit,w_695\/v1614936351\/fiymw14evbgdyzf9sqgs.png\" data-src=\"https:\/\/c1.iggcdn.com\/indiegogo-media-prod-cld\/image\/upload\/c_limit,w_695\/v1614936351\/fiymw14evbgdyzf9sqgs.png\"\/><\/p><p style=\"text-align: center;\">El mando de juego del AYANEO cuenta con m\u00faltiples caracter\u00edsticas ergon\u00f3micas que mejoran la jugabilidad, incluidos joysticks clicables con zonas muertas optimizadas para un funcionamiento m\u00e1s suave. La posici\u00f3n de los joysticks y el D-pad se ha optimizado para minimizar la curva de aprendizaje de los usuarios. Adem\u00e1s, el chasis del dispositivo se ha dise\u00f1ado con laterales m\u00e1s anchos, lo que garantiza un agarre m\u00e1s firme y un mejor rendimiento en los juegos.  <\/p><p style=\"text-align: center;\"><img decoding=\"async\" class=\"\" src=\"https:\/\/static.wixstatic.com\/media\/aac863_43ed0b20a12b4752aef923e0e2adfe9e~mv2.gif\" data-src=\"https:\/\/static.wixstatic.com\/media\/aac863_43ed0b20a12b4752aef923e0e2adfe9e~mv2.gif\"\/><\/p><p style=\"text-align: center;\">Los botones de los hombros del AYANEO est\u00e1n equipados con microinterruptores APLPS, que ofrecen un recorrido m\u00e1s corto y una respuesta m\u00e1s clara. Adem\u00e1s, los joysticks del AYA NEO vienen con botones dedicados del Administrador de Tareas de Windows y del teclado en pantalla, que proporcionan una experiencia Windows sin interrupciones. Estos botones se han dise\u00f1ado para que queden a ras de la superficie del joystick, reduciendo las activaciones involuntarias.  <\/p><p style=\"text-align: center;\"><img decoding=\"async\" class=\"\" src=\"https:\/\/c1.iggcdn.com\/indiegogo-media-prod-cld\/image\/upload\/c_limit,w_695\/v1615001195\/nzloks9padhf7p2zhwav.png\" data-src=\"https:\/\/c1.iggcdn.com\/indiegogo-media-prod-cld\/image\/upload\/c_limit,w_695\/v1615001195\/nzloks9padhf7p2zhwav.png\"\/><\/p><p style=\"text-align: center;\">La bater\u00eda de litio incorporada en el AYANEO consta de 3 celdas, cada una con una capacidad de 4100 mAh, suministradas por BYD Auto y que cumplen todas las normas internacionales del sector. Con su bater\u00eda de 47 vatios-hora de capacidad y su bajo consumo, el AYANEO presume de una excelente duraci\u00f3n de la bater\u00eda, que dura hasta 5-6 horas con los ajustes m\u00e1s bajos de TDP y hasta 140 minutos durante juegos AAA exigentes. Adem\u00e1s, el AYANEO admite carga r\u00e1pida, con una carga completa en tan s\u00f3lo 90 minutos.  <\/p><p style=\"text-align: center;\"><img decoding=\"async\" class=\"\" src=\"https:\/\/c1.iggcdn.com\/indiegogo-media-prod-cld\/image\/upload\/c_limit,w_695\/v1615020381\/lhrkmd6a0fwvkzcqdrhr.png\" data-src=\"https:\/\/c1.iggcdn.com\/indiegogo-media-prod-cld\/image\/upload\/c_limit,w_695\/v1615020381\/lhrkmd6a0fwvkzcqdrhr.png\"\/>  El AYANEO incorpora una pantalla multit\u00e1ctil de 7 pulgadas con un panel H-IPS de 800p y 215 PPI, que cubre el 76% del espacio de color NTSC y ofrece un brillo m\u00e1ximo de 500 nit. Adem\u00e1s, la pantalla no parpadea, lo que garantiza unas im\u00e1genes de juego excelentes en cada fotograma. <\/p><p style=\"text-align: center;\"><img decoding=\"async\" class=\"\" src=\"https:\/\/c1.iggcdn.com\/indiegogo-media-prod-cld\/image\/upload\/c_limit,w_695\/v1615020027\/knbtdy0fr89jdpecpbfa.png\" data-src=\"https:\/\/c1.iggcdn.com\/indiegogo-media-prod-cld\/image\/upload\/c_limit,w_695\/v1615020027\/knbtdy0fr89jdpecpbfa.png\"\/><\/p><p style=\"text-align: center;\">El AYANEO est\u00e1 equipado con un giroscopio\/aceler\u00f3metro de 6 ejes integrado que proporciona asistencia de punter\u00eda de alta precisi\u00f3n y otras magn\u00edficas funciones. Adem\u00e1s, el dispositivo viene con motores de vibraci\u00f3n integrados que proporcionan informaci\u00f3n sobre colisiones, vibraciones, combates y otras escenas, lo que resulta en una experiencia de juego m\u00e1s envolvente. <\/p><p style=\"text-align: center;\"><img decoding=\"async\" class=\"\" src=\"https:\/\/c1.iggcdn.com\/indiegogo-media-prod-cld\/image\/upload\/c_limit,w_695\/v1615020046\/ghondj0xjfgyldiartzt.png\" data-src=\"https:\/\/c1.iggcdn.com\/indiegogo-media-prod-cld\/image\/upload\/c_limit,w_695\/v1615020046\/ghondj0xjfgyldiartzt.png\"\/><\/p><p style=\"text-align: center;\">La potencia bruta de la AYANEOle permite ejecutar t\u00edtulos AAA como Cyberpunk 2077, Watch Dogs: Legion, Death Stranding, Assassin&#8217;s Creed Valhalla, Destiny 2, Horizon Zero Dawn, y muchos m\u00e1s con buenas frecuencias de cuadro. Adem\u00e1s, el dispositivo te permite ejecutar la versi\u00f3n para PC de los juegos, que puede ser mucho m\u00e1s barata que la versi\u00f3n para consola. <\/p><p style=\"text-align: center;\"><img decoding=\"async\" class=\"\" src=\"https:\/\/c1.iggcdn.com\/indiegogo-media-prod-cld\/image\/upload\/c_limit,w_695\/v1614936733\/obwoov4gy7o7n23zq8wl.png\" data-src=\"https:\/\/c1.iggcdn.com\/indiegogo-media-prod-cld\/image\/upload\/c_limit,w_695\/v1614936733\/obwoov4gy7o7n23zq8wl.png\"\/><\/p><p style=\"text-align: center;\"><img decoding=\"async\" class=\"\" src=\"https:\/\/c1.iggcdn.com\/indiegogo-media-prod-cld\/image\/upload\/c_limit,w_695\/v1615020358\/d8cym34zq3rhnbia3b9i.png\" data-src=\"https:\/\/c1.iggcdn.com\/indiegogo-media-prod-cld\/image\/upload\/c_limit,w_695\/v1615020358\/d8cym34zq3rhnbia3b9i.png\"\/><\/p><p style=\"text-align: center;\">Gracias a su potencia bruta y a su gran conectividad, la AYANEO es capaz de ejecutar sin problemas tanto t\u00edtulos AAA para un jugador como juegos multijugador en l\u00ednea.<\/p><p style=\"text-align: center;\"><img decoding=\"async\" class=\"\" src=\"https:\/\/c1.iggcdn.com\/indiegogo-media-prod-cld\/image\/upload\/c_limit,w_695\/v1614936771\/nz1hzj2hgoyghq1adk1h.png\" data-src=\"https:\/\/c1.iggcdn.com\/indiegogo-media-prod-cld\/image\/upload\/c_limit,w_695\/v1614936771\/nz1hzj2hgoyghq1adk1h.png\"\/>  El AYANEO est\u00e1 equipado con el m\u00f3dulo inal\u00e1mbrico Intel AX200, compatible con Wi-Fi 6 y Bluetooth 5.0. El Wi-Fi 6 ofrece velocidades hasta 2,7 veces m\u00e1s r\u00e1pidas y una latencia un 25% menor que la generaci\u00f3n anterior. Tanto si se trata de jugar, transmitir v\u00eddeos en l\u00ednea, retransmitir en directo o acceder a distancia, el Wi-Fi 6 de AYANEOlo gestiona todo a la perfecci\u00f3n.  <\/p><p style=\"text-align: center;\"><img decoding=\"async\" class=\"\" src=\"https:\/\/c1.iggcdn.com\/indiegogo-media-prod-cld\/image\/upload\/c_limit,w_695\/v1614936793\/znofdbppssvahjptax4d.png\" data-src=\"https:\/\/c1.iggcdn.com\/indiegogo-media-prod-cld\/image\/upload\/c_limit,w_695\/v1614936793\/znofdbppssvahjptax4d.png\"\/>  AYANEO cuenta con 3 puertos USB 3.2 Gen 2 Tipo-C a 10 Gbps, 2 de ellos con salida de v\u00eddeo y capacidad de carga, as\u00ed como una toma de auriculares de 3,5 mm. Adem\u00e1s, la base de conexi\u00f3n port\u00e1til ofrece m\u00e1s opciones de conectividad, como 2 puertos USB 3.2 Gen 1 tipo-A, 1 puerto HDMI, 1 ranura para tarjetas SD, 1 ranura para tarjetas TF y 1 puerto RJ45. Esta estaci\u00f3n de acoplamiento ultraport\u00e1til puede caber dentro de la funda de transporte junto con el dispositivo y tambi\u00e9n sirve como estaci\u00f3n de carga. Con capacidad para conectar hasta 2 monitores externos y un teclado\/rat\u00f3n externos, AYANEO proporciona una experiencia similar a la de un ordenador de sobremesa, tanto para el entretenimiento como para la productividad.   <\/p><p style=\"text-align: center;\"><img decoding=\"async\" class=\"\" src=\"https:\/\/c1.iggcdn.com\/indiegogo-media-prod-cld\/image\/upload\/c_limit,w_695\/v1614936808\/rfczhcxftjpotxtukccj.png\" data-src=\"https:\/\/c1.iggcdn.com\/indiegogo-media-prod-cld\/image\/upload\/c_limit,w_695\/v1614936808\/rfczhcxftjpotxtukccj.png\"\/><\/p><\/div>\n","protected":false},"excerpt":{"rendered":"[cg_accordion title=\"At a Glance\" open=\"open\"]<\/p>\n<ul>\n<li>AMD\u00ae<b> Ryzen\u2122 5 4500U<\/b> con <b>gr\u00e1ficos AMD Radeon\u2122<\/b>.<\/li>\n<li><strong>16 GB<\/strong> LPDDR4x <strong>de doble canal<\/strong> a 4266Mhz<\/li>\n<li><strong>1 TB<\/strong> PCI-E <strong>NVMe<\/strong> de alta velocidad <strong> SSD<\/strong><\/li>\n<li>Pantalla t\u00e1ctil de <strong>7&#8243; H-IPS<\/strong> <\/li>\n<li>Compatible con <strong>WiFi 6E<\/strong> y <strong>Bluetooth 5.1<\/strong> <\/li>\n<\/ul>\n<p>[\/cg_accordion]\n[cg_accordion title=\"INFORMACI\u00d3N SOBRE EL PAGO\"]<\/p>\n<p>Utilizamos la \u00faltima tecnolog\u00eda en procesamiento de pagos, que te permite pagar mediante Apple Pay, Google Pay, tu tarjeta de d\u00e9bito\/cr\u00e9dito, PayPal o m\u00e9todos BNPL como Klarna, Affirm o AfterPay para una experiencia r\u00e1pida y segura.[\/cg_accordion]\n[cg_accordion title=\"GARANT\u00cdA\"]<\/p>\n<p>1 a\u00f1o de garant\u00eda de <a href=\"https:\/\/droix.net\/\" target=\"_blank\" rel=\"nofollow noopener\">DROIX Global<\/a> para tu tranquilidad[\/cg_accordion]\n[cg_accordion title=\"PRECIOS, IMPUESTOS Y ENV\u00cdO\"]<\/p>\n<p><strong><u>Nota:<\/u><\/strong><\/p>\n<ul>\n<li>Clientes de Estados Unidos: El precio indicado NO incluye impuestos ni aranceles. La responsabilidad de despachar aduanas y pagar cualquier impuesto o arancel asociado recae en el cliente. <\/li>\n<li>Clientes de la UE: El precio indicado incluye el IMPUESTO aplicable, que puede ser de hasta el 25% dependiendo de tu pa\u00eds.<\/li>\n<li>Clientes de Canad\u00e1: El precio mostrado incluye los impuestos aplicables, que pueden incluir un 5% de GST e impuestos de venta provinciales (PST), impuestos de venta armonizados (HST) o impuestos de venta de Quebec (QST) adicionales, dependiendo de tu provincia.<\/li>\n<\/ul>\n<p><strong>S\u00d3LO para clientes de la UE:<\/strong> DDP expr\u00e9s (entrega con derechos pagados). Esto significa: <\/p>\n<ul>\n<li>Todos los derechos de aduana e impuestos est\u00e1n incluidos en el precio que aparece en la p\u00e1gina del producto.<\/li>\n<li>No tendr\u00e1s que pagar ning\u00fan gasto adicional en el momento de la entrega.<\/li>\n<li>En el raro caso de que surjan problemas relacionados con las aduanas, nuestro equipo se encargar\u00e1 del proceso de despacho de aduanas en tu nombre para garantizar una experiencia de entrega sin problemas.<\/li>\n<p>Informaci\u00f3n importante sobre devoluciones:<\/p>\n<li>Si decides devolver tu pedido o solicitar un reembolso, ten en cuenta que los impuestos y aranceles pagados en tu nombre seg\u00fan las condiciones del DDP no pueden reembolsarse.<\/li>\n<p>Consulta nuestras <a href=\"https:\/\/ayaneo.co\/terms-of-service-2\/\" target=\"_blank\" rel=\"nofollow noopener\">Condiciones generales<\/a> para obtener informaci\u00f3n detallada.\n<\/ul>\n<p>[\/cg_accordion]\n[cg_accordion title=\"ATENCI\u00d3N AL CLIENTE\"]<\/p>\n<p>\u00bfTienes alguna pregunta? \u00a1Estamos a un SMS de solucionar tu problema!<br \/>\n[\/cg_accordion]\n","protected":false},"featured_media":1028,"template":"","meta":{"_acf_changed":false},"product_brand":[],"product_cat":[361],"product_tag":[396],"class_list":{"0":"post-2746","1":"product","2":"type-product","3":"status-publish","4":"has-post-thumbnail","6":"product_cat-ordenadores-portatiles-para-juegos","7":"product_tag-pc-gaming-portatil","8":"product_shipping_class-premium","9":"pa_brand-ayaneo","10":"pa_graphics-gpu-model-radeon-graphics","11":"pa_operating-system-windows-10","12":"pa_processor-cpu-brand-amd","14":"first","15":"outofstock","16":"taxable","17":"shipping-taxable","18":"purchasable","19":"product-type-simple"},"acf":[],"_links":{"self":[{"href":"https:\/\/ayaneo.co\/es\/wp-json\/wp\/v2\/product\/2746","targetHints":{"allow":["GET"]}}],"collection":[{"href":"https:\/\/ayaneo.co\/es\/wp-json\/wp\/v2\/product"}],"about":[{"href":"https:\/\/ayaneo.co\/es\/wp-json\/wp\/v2\/types\/product"}],"wp:featuredmedia":[{"embeddable":true,"href":"https:\/\/ayaneo.co\/es\/wp-json\/wp\/v2\/media\/1028"}],"wp:attachment":[{"href":"https:\/\/ayaneo.co\/es\/wp-json\/wp\/v2\/media?parent=2746"}],"wp:term":[{"taxonomy":"product_brand","embeddable":true,"href":"https:\/\/ayaneo.co\/es\/wp-json\/wp\/v2\/product_brand?post=2746"},{"taxonomy":"product_cat","embeddable":true,"href":"https:\/\/ayaneo.co\/es\/wp-json\/wp\/v2\/product_cat?post=2746"},{"taxonomy":"product_tag","embeddable":true,"href":"https:\/\/ayaneo.co\/es\/wp-json\/wp\/v2\/product_tag?post=2746"}],"curies":[{"name":"wp","href":"https:\/\/api.w.org\/{rel}","templated":true}]}}