{"id":2755,"date":"2023-03-11T17:22:19","date_gmt":"2023-03-11T17:22:19","guid":{"rendered":"https:\/\/ayaneo.co\/product\/ayaneo-geek-pc-gaming-portatil\/"},"modified":"2025-04-11T12:25:40","modified_gmt":"2025-04-11T12:25:40","slug":"ayaneo-geek-pc-gaming-portatil","status":"publish","type":"product","link":"https:\/\/ayaneo.co\/es\/product\/ayaneo-geek-pc-gaming-portatil\/","title":{"rendered":"AYANEO Geek PC Gaming Handheld"},"content":{"rendered":"\n<p>Presentamos el PC port\u00e1til para juegos AYANEO Geek, un dispositivo potente y econ\u00f3mico que ofrece un rendimiento excepcional. Equipado con el procesador AMD Ryzen 7 6800U, con ocho n\u00facleos y diecis\u00e9is hilos, el AYANEO Geek funciona hasta a 4,7GHz para ofrecer un funcionamiento r\u00e1pido y eficiente. La GPU es la AMD Radeon 680M, que funciona hasta a 2,2Ghz y ofrece un incre\u00edble rendimiento en juegos AAA, como demuestra la consola port\u00e1til AYANEO 2.  <\/p>\n\n<p>El AYANEO Geek ofrece varias opciones de personalizaci\u00f3n, incluyendo hasta 32 GB de RAM LPDDR5 a 6400 MT\/s y hasta 2 TB de r\u00e1pido PCIE 3.0 m.2 2280 de doble cara SSD. Tambi\u00e9n hay una ranura para tarjetas micro SD para ampliar el almacenamiento. <\/p>\n\n<p>Disfruta de im\u00e1genes asombrosas en la pantalla t\u00e1ctil de 7 pulgadas del AYANEO Geek, con una resoluci\u00f3n de 1920\u00d71200, rodeada de un fino bisel. La pantalla presenta colores brillantes y vibrantes que realmente resaltan. Los controles de juego est\u00e1n equipados con sensores Hall, que proporcionan una entrada precisa y fiable. Estos sensores utilizan imanes en lugar de las tradicionales piezas m\u00f3viles, que tienden a desgastarse m\u00e1s r\u00e1pidamente.   <\/p>\n\n<p>Con\u00e9ctate a perif\u00e9ricos de forma inal\u00e1mbrica con las r\u00e1pidas funciones WiFi 6 y Bluetooth 5.2 del AYANEO Geek. Tambi\u00e9n hay tres puertos USB Tipo-C en el dispositivo, dos de los cuales son USB 4 y compatibles con Thunderbolt, lo que te permite conectarte a perif\u00e9ricos de alta velocidad, incluida la eGPU para un rendimiento a\u00fan m\u00e1s r\u00e1pido. <\/p>\n\n<p>Experimenta los \u00faltimos juegos AAA de Windows con velocidades de fotogramas jugables y gr\u00e1ficos de calidad, o ejecuta emuladores de consolas de s\u00e9ptima generaci\u00f3n, como la PlayStation 3, con velocidades de fotogramas asombrosas. El AYANEO Geek es port\u00e1til y ligero, mide 26,5 x 10,5 x 3,7 cm (10,5 x 4,13 x 1,4 pulgadas) y pesa s\u00f3lo 680 g. Es perfecto para utilizarlo en tus desplazamientos diarios, mientras viajas o en casa, donde puedes conectarlo a una base y utilizarlo como PC de sobremesa en un televisor o monitor.  <\/p>\n","protected":false},"excerpt":{"rendered":"<ul>\n<li>AMD<strong> Ryzen 7 6800U<\/strong> \/ Radeon 680M<\/li>\n<li><strong>hasta 32 GB<\/strong> LPDDR5 a <strong>6400 MT\/s<\/strong><\/li>\n<li><strong>hasta 2 TB<\/strong> PCIe 4.0 m.2 2280 de alta velocidad SSD <\/li>\n<li>Pantalla t\u00e1ctil de <strong>7<\/strong> \u00bb <strong> LCD<\/strong> <\/li>\n<li>Compatible con <strong>WiFi 6<\/strong> y <strong>Bluetooth 5.2<\/strong> <\/li>\n<\/ul>\n[cg_accordion title=\"INFORMACI\u00d3N SOBRE EL PAGO\"]<\/p>\n<p>Utilizamos la \u00faltima tecnolog\u00eda en procesamiento de pagos, que te permite pagar mediante Apple Pay, Google Pay, tu tarjeta de d\u00e9bito\/cr\u00e9dito, PayPal o m\u00e9todos BNPL como Klarna, Affirm o AfterPay para una experiencia r\u00e1pida y segura.[\/cg_accordion]\n[cg_accordion title=\"GARANT\u00cdA\"]<\/p>\n<p>1 a\u00f1o de garant\u00eda de <a href=\"https:\/\/droix.net\/\" target=\"_blank\" rel=\"nofollow noopener\">DROIX Global<\/a> para tu tranquilidad[\/cg_accordion]\n[cg_accordion title=\"PRECIOS, IMPUESTOS Y ENV\u00cdO\"]<\/p>\n<p><strong><u>Nota:<\/u><\/strong><\/p>\n<ul>\n<li>Clientes de Estados Unidos: El precio indicado NO incluye impuestos ni aranceles. La responsabilidad de despachar aduanas y pagar cualquier impuesto o arancel asociado recae en el cliente. <\/li>\n<li>Clientes de la UE: El precio indicado incluye el IMPUESTO aplicable, que puede ser de hasta el 25% dependiendo de tu pa\u00eds.<\/li>\n<li>Clientes de Canad\u00e1: El precio mostrado incluye los impuestos aplicables, que pueden incluir un 5% de GST e impuestos de venta provinciales (PST), impuestos de venta armonizados (HST) o impuestos de venta de Quebec (QST) adicionales, dependiendo de tu provincia.<\/li>\n<\/ul>\n<p><strong>S\u00d3LO para clientes de la UE:<\/strong> DDP expr\u00e9s (entrega con derechos pagados). Esto significa: <\/p>\n<ul>\n<li>Todos los derechos de aduana e impuestos est\u00e1n incluidos en el precio que aparece en la p\u00e1gina del producto.<\/li>\n<li>No tendr\u00e1s que pagar ning\u00fan gasto adicional en el momento de la entrega.<\/li>\n<li>En el raro caso de que surjan problemas relacionados con las aduanas, nuestro equipo se encargar\u00e1 del proceso de despacho de aduanas en tu nombre para garantizar una experiencia de entrega sin problemas.<\/li>\n<p>Informaci\u00f3n importante sobre devoluciones:<\/p>\n<li>Si decides devolver tu pedido o solicitar un reembolso, ten en cuenta que los impuestos y aranceles pagados en tu nombre seg\u00fan las condiciones del DDP no pueden reembolsarse.<\/li>\n<p>Consulta nuestras <a href=\"https:\/\/ayaneo.co\/terms-of-service-2\/\" target=\"_blank\" rel=\"nofollow noopener\">Condiciones generales<\/a> para obtener informaci\u00f3n detallada.\n<\/ul>\n<p>[\/cg_accordion]\n[cg_accordion title=\"ATENCI\u00d3N AL CLIENTE\"]<\/p>\n<p>\u00bfTienes alguna pregunta? \u00a1Estamos a un SMS de solucionar tu problema!<br \/>\n[\/cg_accordion]\n","protected":false},"featured_media":1058,"template":"","meta":{"_acf_changed":false},"product_brand":[],"product_cat":[361],"product_tag":[],"class_list":{"0":"post-2755","1":"product","2":"type-product","3":"status-publish","4":"has-post-thumbnail","6":"product_cat-ordenadores-portatiles-para-juegos","7":"pa_brand-ayaneo","8":"pa_graphics-gpu-model-radeon-680m","9":"pa_operating-system-windows-11","10":"pa_processor-cpu-brand-amd","12":"first","13":"outofstock","14":"taxable","15":"shipping-taxable","16":"purchasable","17":"product-type-variable","18":"has-default-attributes"},"acf":[],"_links":{"self":[{"href":"https:\/\/ayaneo.co\/es\/wp-json\/wp\/v2\/product\/2755","targetHints":{"allow":["GET"]}}],"collection":[{"href":"https:\/\/ayaneo.co\/es\/wp-json\/wp\/v2\/product"}],"about":[{"href":"https:\/\/ayaneo.co\/es\/wp-json\/wp\/v2\/types\/product"}],"wp:featuredmedia":[{"embeddable":true,"href":"https:\/\/ayaneo.co\/es\/wp-json\/wp\/v2\/media\/1058"}],"wp:attachment":[{"href":"https:\/\/ayaneo.co\/es\/wp-json\/wp\/v2\/media?parent=2755"}],"wp:term":[{"taxonomy":"product_brand","embeddable":true,"href":"https:\/\/ayaneo.co\/es\/wp-json\/wp\/v2\/product_brand?post=2755"},{"taxonomy":"product_cat","embeddable":true,"href":"https:\/\/ayaneo.co\/es\/wp-json\/wp\/v2\/product_cat?post=2755"},{"taxonomy":"product_tag","embeddable":true,"href":"https:\/\/ayaneo.co\/es\/wp-json\/wp\/v2\/product_tag?post=2755"}],"curies":[{"name":"wp","href":"https:\/\/api.w.org\/{rel}","templated":true}]}}