{"id":28472,"date":"2025-07-15T11:52:07","date_gmt":"2025-07-15T11:52:07","guid":{"rendered":"https:\/\/ayaneo.co\/?post_type=product&#038;p=28472"},"modified":"2025-12-09T00:24:13","modified_gmt":"2025-12-09T00:24:13","slug":"ayaneo-tapas-de-empunadura-para-el-pulgar-pocket-micro-y-dmg-mayor-comodidad-y-control-copy","status":"publish","type":"product","link":"https:\/\/ayaneo.co\/es\/product\/ayaneo-tapas-de-empunadura-para-el-pulgar-pocket-micro-y-dmg-mayor-comodidad-y-control-copy\/","title":{"rendered":"AYANEO Pocket S, AIR &amp; SLIDE Tapas de agarre para el pulgar - \u00a1Mayor comodidad y control!"},"content":{"rendered":"\n<p><strong>\u00a1Mejora tu experiencia de juego con las tapas de agarre para el pulgar AYANEO Pocket S, AIR &amp; SLIDE!<\/strong>  Dise\u00f1adas para ofrecer precisi\u00f3n, comodidad y durabilidad, estas tapas de agarre proporcionan un mayor control y un mejor agarre, garantizando un juego m\u00e1s fluido para tus dispositivos AYANEO Pocket S, AIR y SLIDE<\/p>\n\n<h2 class=\"wp-block-heading\"><strong>Caracter\u00edsticas principales:<\/strong><\/h2>\n\n<p><strong>Agarre y control mejorados<\/strong> - \u00a1Di adi\u00f3s a los resbaladizos pulgares! Disfruta de una mayor precisi\u00f3n en cada movimiento de tu AYANEO Pocket S, AIR o SLIDE. <\/p>\n\n<p><strong>Dise\u00f1o c\u00f3modo y ergon\u00f3mico<\/strong>: el material suave al tacto reduce la tensi\u00f3n durante las largas sesiones de juego.  <\/p>\n\n<p><strong>Material de primera calidad<\/strong>: la silicona duradera y de alta calidad garantiza un rendimiento duradero.  <\/p>\n\n<p><strong>F\u00e1cil de instalar y ajuste seguro<\/strong> - Dise\u00f1ado espec\u00edficamente para AYANEO Pocket S, AIR &amp; SLIDE, garantiza un ajuste ce\u00f1ido y antideslizante.  <\/p>\n\n<p><strong>Elegante y funcional<\/strong> - A\u00f1ade una est\u00e9tica elegante a la vez que protege tus pulgares del desgaste.  <\/p>\n\n<p>\u00a1Lleva tu experiencia de juego AYANEO al siguiente nivel con estas tapas de agarre imprescindibles!  <\/p>\n\n<p><\/p>\n","protected":false},"excerpt":{"rendered":"<ul>\n<li>Tapas de empu\u00f1adura <strong>oficiales<\/strong> AYANEO Pocket S, AIR &amp; SLIDE Thumb Stick<\/li>\n<li><strong>Agarre y control mejorados<\/strong> - Mejora la precisi\u00f3n y el manejo.<\/li>\n<li><strong>Suave y c\u00f3modo<\/strong>: reduce la fatiga en los juegos prolongados.<\/li>\n<li><strong>Material de silicona duradero<\/strong>: duradero y resistente al desgaste.<\/li>\n<li><strong>Ajuste perfecto<\/strong> - Dise\u00f1ado exclusivamente para AYANEO Pocket S, AIR &amp; SLIDE.<\/li>\n<\/ul>\n[cg_accordion title=\"INFORMACI\u00d3N SOBRE EL PAGO\"]<\/p>\n<p>Utilizamos la \u00faltima tecnolog\u00eda en procesamiento de pagos, que te permite pagar mediante Apple Pay, Google Pay, tu tarjeta de d\u00e9bito\/cr\u00e9dito, PayPal o m\u00e9todos BNPL como Klarna, Affirm o AfterPay para una experiencia r\u00e1pida y segura.[\/cg_accordion]\n[cg_accordion title=\"GARANT\u00cdA\"]<\/p>\n<p>1 a\u00f1o de garant\u00eda de <a href=\"https:\/\/droix.net\/\" target=\"_blank\" rel=\"nofollow noopener\">DROIX Global<\/a> para tu tranquilidad[\/cg_accordion]\n[cg_accordion title=\"GARANT\u00cdA DE CALIDAD Y PRUEBAS PREVIAS A LA EXPEDICI\u00d3N\"]<\/p>\n<p>Garantizamos la satisfacci\u00f3n del cliente al m\u00e1s alto nivel: Cada dispositivo se somete a rigurosas pruebas y a una comprobaci\u00f3n de garant\u00eda de calidad en varios puntos antes de ser enviado. Nuestro equipo especializado verifica el rendimiento, la funcionalidad y la integridad de los componentes para garantizar que tu dispositivo AYANEO est\u00e9 en perfecto estado de funcionamiento a su llegada, proporcion\u00e1ndote confianza y tranquilidad. [\/cg_accordion]\n[cg_accordion title=\"PRECIOS, IMPUESTOS Y ENV\u00cdO\"]<\/p>\n<p><strong><u>Nota:<\/u><\/strong><\/p>\n<ul>\n<li>Clientes de Estados Unidos: El precio indicado NO incluye impuestos ni aranceles. La responsabilidad de despachar aduanas y pagar cualquier impuesto o arancel asociado recae en el cliente. <\/li>\n<li>Clientes de la UE: El precio indicado incluye el IMPUESTO aplicable, que puede ser de hasta el 25% dependiendo de tu pa\u00eds.<\/li>\n<li>Clientes de Canad\u00e1: El precio mostrado incluye los impuestos aplicables, que pueden incluir un 5% de GST e impuestos de venta provinciales (PST), impuestos de venta armonizados (HST) o impuestos de venta de Quebec (QST) adicionales, dependiendo de tu provincia.<\/li>\n<\/ul>\n<p><strong>S\u00d3LO para clientes de la UE:<\/strong> DDP expr\u00e9s (entrega con derechos pagados). Esto significa: <\/p>\n<ul>\n<li>Todos los derechos de aduana e impuestos est\u00e1n incluidos en el precio que aparece en la p\u00e1gina del producto.<\/li>\n<li>No tendr\u00e1s que pagar ning\u00fan gasto adicional en el momento de la entrega.<\/li>\n<li>En el raro caso de que surjan problemas relacionados con las aduanas, nuestro equipo se encargar\u00e1 del proceso de despacho de aduanas en tu nombre para garantizar una experiencia de entrega sin problemas.<\/li>\n<p>Informaci\u00f3n importante sobre devoluciones:<\/p>\n<li>Si decides devolver tu pedido o solicitar un reembolso, ten en cuenta que los impuestos y aranceles pagados en tu nombre seg\u00fan las condiciones del DDP no pueden reembolsarse.<\/li>\n<p>Consulta nuestras <a href=\"https:\/\/ayaneo.co\/es\/condiciones-del-servicio\/\" target=\"_blank\" rel=\"nofollow noopener\">Condiciones generales<\/a> para obtener informaci\u00f3n detallada.\n<\/ul>\n<p>[\/cg_accordion]\n[cg_accordion title=\"ATENCI\u00d3N AL CLIENTE\"]<\/p>\n<p>\u00bfTienes alguna pregunta? \u00a1Estamos a un SMS de solucionar tu problema! [\/cg_accordion]\n[cg_accordion title=\"EL PAQUETE INCLUYE\"]<\/p>\n<ul>\n<li>1x AYANEO Pocket S, AIR &amp; SLIDE Tapas de agarre para el pulgar<\/li>\n<\/ul>\n<p>[\/cg_accordion]\n","protected":false},"featured_media":28510,"template":"","meta":{"_acf_changed":false},"product_brand":[],"product_cat":[373],"product_tag":[],"class_list":{"0":"post-28472","1":"product","2":"type-product","3":"status-publish","4":"has-post-thumbnail","6":"product_cat-accesorios","7":"product_shipping_class-low-end","9":"first","10":"instock","11":"sale","12":"taxable","13":"shipping-taxable","14":"purchasable","15":"product-type-simple"},"acf":[],"_links":{"self":[{"href":"https:\/\/ayaneo.co\/es\/wp-json\/wp\/v2\/product\/28472","targetHints":{"allow":["GET"]}}],"collection":[{"href":"https:\/\/ayaneo.co\/es\/wp-json\/wp\/v2\/product"}],"about":[{"href":"https:\/\/ayaneo.co\/es\/wp-json\/wp\/v2\/types\/product"}],"wp:featuredmedia":[{"embeddable":true,"href":"https:\/\/ayaneo.co\/es\/wp-json\/wp\/v2\/media\/28510"}],"wp:attachment":[{"href":"https:\/\/ayaneo.co\/es\/wp-json\/wp\/v2\/media?parent=28472"}],"wp:term":[{"taxonomy":"product_brand","embeddable":true,"href":"https:\/\/ayaneo.co\/es\/wp-json\/wp\/v2\/product_brand?post=28472"},{"taxonomy":"product_cat","embeddable":true,"href":"https:\/\/ayaneo.co\/es\/wp-json\/wp\/v2\/product_cat?post=28472"},{"taxonomy":"product_tag","embeddable":true,"href":"https:\/\/ayaneo.co\/es\/wp-json\/wp\/v2\/product_tag?post=28472"}],"curies":[{"name":"wp","href":"https:\/\/api.w.org\/{rel}","templated":true}]}}