{"id":29951,"date":"2025-08-06T09:22:02","date_gmt":"2025-08-06T09:22:02","guid":{"rendered":"https:\/\/ayaneo.co\/?post_type=product&#038;p=29951"},"modified":"2026-01-06T00:27:04","modified_gmt":"2026-01-06T00:27:04","slug":"ayaneo-protector-de-pantalla-pocket-dmg-copy","status":"publish","type":"product","link":"https:\/\/ayaneo.co\/es\/product\/ayaneo-protector-de-pantalla-pocket-dmg-copy\/","title":{"rendered":"Protector de pantalla AYANEO Pocket ACE"},"content":{"rendered":"\n<h2 class=\"wp-block-heading\">Resumen del producto:<\/h2>\n\n<p>El <strong>protector de pantalla AYANEO Pocket ACE<\/strong> es un accesorio imprescindible para mantener la pantalla de tu consola Pocket ACE en perfectas condiciones. Dise\u00f1ado para una claridad y precisi\u00f3n perfectas, este protector de pantalla garantiza una experiencia de juego ininterrumpida a la vez que protege tu dispositivo del desgaste diario. <\/p>\n\n<h2 class=\"wp-block-heading\">\u00bfPor qu\u00e9 elegir el protector de pantalla AYANEO Pocket ACE?<\/h2>\n\n<p>Tanto si eres un jugador ocasional como un entusiasta empedernido, el protector de pantalla AYANEO ACE proporciona una claridad y protecci\u00f3n inigualables para la pantalla de tu consola. Gracias a su ajuste preciso, su superficie resistente a los ara\u00f1azos y su revestimiento antimanchas, la imagen de tus juegos permanecer\u00e1 n\u00edtida y tu dispositivo protegido. <\/p>\n\n<hr class=\"wp-block-separator has-alpha-channel-opacity\"\/>\n\n<h2 class=\"wp-block-heading\">Especificaciones:<\/h2>\n\n<ul class=\"wp-block-list\">\n<li><strong>Material:<\/strong> Cristal templado o pel\u00edcula premium<\/li>\n\n\n\n<li><strong>Compatibilidad:<\/strong> Consola AYANEO Pocket ACE<\/li>\n\n\n\n<li><strong>Caracter\u00edsticas:<\/strong> Instalaci\u00f3n antiara\u00f1azos, a prueba de manchas y sin burbujas<\/li>\n<\/ul>\n\n<p>Mejora tu AYANEO Pocket ACE con un protector de pantalla dise\u00f1ado para que tu consola mantenga su mejor aspecto y rendimiento.<\/p>\n\n<p><\/p>\n","protected":false},"excerpt":{"rendered":"<ul>\n<li><strong>Ajuste perfecto<\/strong> para las dimensiones de la pantalla de AYANEO Pocket ACE.<\/li>\n<li>Superficie <strong>resistente a los ara\u00f1azos<\/strong> para una protecci\u00f3n duradera.<\/li>\n<li>Material ultratransparente para <strong>unas im\u00e1genes de juego impecables<\/strong>.<\/li>\n<li>F\u00e1cil instalaci\u00f3n con una <strong>aplicaci\u00f3n sin burbujas<\/strong>.<\/li>\n<li><strong>Revestimiento antimanchas<\/strong> para mantener tu pantalla limpia y n\u00edtida.<\/li>\n<\/ul>\n[cg_accordion title=\"INFORMACI\u00d3N SOBRE EL PAGO\"]<\/p>\n<p>Utilizamos la \u00faltima tecnolog\u00eda en procesamiento de pagos, que te permite pagar mediante Apple Pay, Google Pay, tu tarjeta de d\u00e9bito\/cr\u00e9dito, PayPal o m\u00e9todos BNPL como Klarna, Affirm o AfterPay para una experiencia r\u00e1pida y segura.[\/cg_accordion]\n[cg_accordion title=\"GARANT\u00cdA\"]<\/p>\n<p>1 a\u00f1o de garant\u00eda de <a href=\"https:\/\/droix.net\/\" target=\"_blank\" rel=\"nofollow noopener\">DROIX Global<\/a> para tu tranquilidad[\/cg_accordion]\n[cg_accordion title=\"GARANT\u00cdA DE CALIDAD Y PRUEBAS PREVIAS A LA EXPEDICI\u00d3N\"]<\/p>\n<p>Garantizamos la satisfacci\u00f3n del cliente al m\u00e1s alto nivel: Cada dispositivo se somete a rigurosas pruebas y a una comprobaci\u00f3n de garant\u00eda de calidad en varios puntos antes de ser enviado. Nuestro equipo especializado verifica el rendimiento, la funcionalidad y la integridad de los componentes para garantizar que tu dispositivo AYANEO est\u00e9 en perfecto estado de funcionamiento a su llegada, proporcion\u00e1ndote confianza y tranquilidad. [\/cg_accordion]\n[cg_accordion title=\"PRECIOS, IMPUESTOS Y ENV\u00cdO\"]<\/p>\n<p><strong><u>Nota:<\/u><\/strong><\/p>\n<ul>\n<li>Clientes de Estados Unidos: El precio indicado NO incluye impuestos ni aranceles. La responsabilidad de despachar aduanas y pagar cualquier impuesto o arancel asociado recae en el cliente. <\/li>\n<li>Clientes de la UE: El precio indicado incluye el IMPUESTO aplicable, que puede ser de hasta el 25% dependiendo de tu pa\u00eds.<\/li>\n<li>Clientes de Canad\u00e1: El precio mostrado incluye los impuestos aplicables, que pueden incluir un 5% de GST e impuestos de venta provinciales (PST), impuestos de venta armonizados (HST) o impuestos de venta de Quebec (QST) adicionales, dependiendo de tu provincia.<\/li>\n<\/ul>\n<p><strong>S\u00d3LO para clientes de la UE:<\/strong> DDP expr\u00e9s (entrega con derechos pagados). Esto significa: <\/p>\n<ul>\n<li>Todos los derechos de aduana e impuestos est\u00e1n incluidos en el precio que aparece en la p\u00e1gina del producto.<\/li>\n<li>No tendr\u00e1s que pagar ning\u00fan gasto adicional en el momento de la entrega.<\/li>\n<li>En el raro caso de que surjan problemas relacionados con las aduanas, nuestro equipo se encargar\u00e1 del proceso de despacho de aduanas en tu nombre para garantizar una experiencia de entrega sin problemas.<\/li>\n<p>Informaci\u00f3n importante sobre devoluciones:<\/p>\n<li>Si decides devolver tu pedido o solicitar un reembolso, ten en cuenta que los impuestos y aranceles pagados en tu nombre seg\u00fan las condiciones del DDP no pueden reembolsarse.<\/li>\n<p>Consulta nuestras <a href=\"https:\/\/ayaneo.co\/es\/condiciones-del-servicio\/\" target=\"_blank\" rel=\"nofollow noopener\">Condiciones generales<\/a> para obtener informaci\u00f3n detallada.\n<\/ul>\n<p>[\/cg_accordion]\n[cg_accordion title=\"ATENCI\u00d3N AL CLIENTE\"]<\/p>\n<p>\u00bfTienes alguna pregunta? \u00a1Estamos a un SMS de solucionar tu problema! [\/cg_accordion]\n[cg_accordion title=\"EL PAQUETE INCLUYE\"]<\/p>\n<ul>\n<li>1x Protector de pantalla AYANEO Pocket ACE<\/li>\n<\/ul>\n<p>[\/cg_accordion]\n","protected":false},"featured_media":29989,"template":"","meta":{"_acf_changed":false},"product_brand":[],"product_cat":[373],"product_tag":[],"class_list":{"0":"post-29951","1":"product","2":"type-product","3":"status-publish","4":"has-post-thumbnail","6":"product_cat-accesorios","7":"product_shipping_class-low-end","8":"pa_accessory-type-protector-de-pantalla","9":"pa_brand-ayaneo","11":"first","12":"outofstock","13":"sale","14":"taxable","15":"shipping-taxable","16":"purchasable","17":"product-type-simple"},"acf":[],"_links":{"self":[{"href":"https:\/\/ayaneo.co\/es\/wp-json\/wp\/v2\/product\/29951","targetHints":{"allow":["GET"]}}],"collection":[{"href":"https:\/\/ayaneo.co\/es\/wp-json\/wp\/v2\/product"}],"about":[{"href":"https:\/\/ayaneo.co\/es\/wp-json\/wp\/v2\/types\/product"}],"wp:featuredmedia":[{"embeddable":true,"href":"https:\/\/ayaneo.co\/es\/wp-json\/wp\/v2\/media\/29989"}],"wp:attachment":[{"href":"https:\/\/ayaneo.co\/es\/wp-json\/wp\/v2\/media?parent=29951"}],"wp:term":[{"taxonomy":"product_brand","embeddable":true,"href":"https:\/\/ayaneo.co\/es\/wp-json\/wp\/v2\/product_brand?post=29951"},{"taxonomy":"product_cat","embeddable":true,"href":"https:\/\/ayaneo.co\/es\/wp-json\/wp\/v2\/product_cat?post=29951"},{"taxonomy":"product_tag","embeddable":true,"href":"https:\/\/ayaneo.co\/es\/wp-json\/wp\/v2\/product_tag?post=29951"}],"curies":[{"name":"wp","href":"https:\/\/api.w.org\/{rel}","templated":true}]}}